{"id":5310,"date":"2022-02-21T18:38:01","date_gmt":"2022-02-21T18:38:01","guid":{"rendered":"https:\/\/medicinasinc.com\/lt\/?post_type=product&#038;p=5310"},"modified":"2022-03-20T12:20:23","modified_gmt":"2022-03-20T12:20:23","slug":"pirkti-roksikodonas-30-mg","status":"publish","type":"product","link":"https:\/\/medicinasinc.com\/lt\/product\/pirkti-roksikodonas-30-mg\/","title":{"rendered":"Pirkite Roxicodone 30 mg"},"content":{"rendered":"<p>Roxicodone 30mg table\u010di\u0173 pirkimas internetu<\/p>\n<p>ROXICODONE (oksikodono HCl) tablet\u0117s yra skirtos vidutinio sunkumo ar stipriam skausmui, kuriam reikia opioidinio analgetiko, gydyti, kuriam gydyti neopioidin\u0117s alternatyvos yra neveiksmingos.<\/p>\n<p> &gt; <\/p>\n<p>Naudojimo apribojimai<\/p>\n<p>D\u0117l priklausomyb\u0117s nuo opioid\u0173, piktnaud\u017eiavimo ir netinkamo vartojimo pavojaus, net ir leistinomis doz\u0117mis, ROXICODONE rezervuokite pacientams, kurie nereaguoja \u012f alternatyvius gydymo b\u016bdus (pvz., neopioidinius analgetikus arba opioid\u0173 deriniai):<\/p>\n<p>Netoleruoti ir ma\u017eai tik\u0117tina, kad bus leista<br \/> Nepavyko skirti tinkamo nuskausminimo arba grei\u010diausiai nesuteiks tinkamo nuskausminimo<\/p>\n<p>\u0160i med\u017eiaga skirtas tik Jungtini\u0173 Amerikos Valstij\u0173 sveikatos prie\u017ei\u016bros specialistams.<br \/> Visa informacija apie recept\u0105 JAV, \u012fskaitant \u012fsp\u0117jim\u0105 d\u0117\u017eut\u0117je.<\/p>\n<p>Vaist\u0173 vadovas<\/p>\n<div class=\"product -next-previous\">\n<div class=\"product-prev\">\n<div class=\"contraindication\">\n<div class=\"contraindica\">\n<div class=\"contraindication\">\n<div class=\"contraindication\">\n<div class=\"contraindication\">\n<div class=\"contraindication\">\n<div class=\"contraindication\">\n<h2><b>SVARBU SAUGOS INFORMACIJA<\/b><\/h2>\n<div class=\"scroll-wrapper scrolling-table scrollbar-chrome\">\n<div class=\"scrolling-table scrollbar-chrome scroll-content\">\n<table border=\"1\">\n<tbody>\n<tr>\n<td valign=\"top\" width=\"623\">\n<ul>\n<li>\u012eSP\u0116JIMAS: PRIKLAUSOMYB\u0116, PRIE\u017dI\u016aD\u017dI\u016aRA IR NETINKAMAS NAUDOJIMAS; RIZIKOS VERTINIMO IR MA\u017dINIMO STRATEGIJA (REMS); PAVOJUS GYVYBEI KV\u0116PAVIMO DERESIJA; ATSITIKTAS NURIJIMAS; NONATALI\u0172 OPIOID\u0172 A\u0160TRAUKIMO SINDROMAS; S\u0104VEIKA SU CYTOCHROME P450 3A4; IR RIZIKA, D\u0116L VARTOJANT KARTU SU BENS Piktnaud\u017eiavimu, piktnaud\u017eiavimu ir piktnaud\u017eiavimu\n<p>ROXICODONE kelia pacientams ir kitiems vartotojams priklausomyb\u0117s nuo opioid\u0173, piktnaud\u017eiavimo ir netinkamo vartojimo pavojaus, o visa tai gali baigtis mirtimi d\u0117l perdozavimo. Prie\u0161 skirdami ROXICODONE, \u012fvertinkite kiekvieno paciento rizik\u0105 ir periodi\u0161kai steb\u0117kite, ar visi pacientai nesikei\u010dia tam tikro elgesio ir b\u016bkl\u0117s.<\/p>\n<p>Opioidini\u0173 analgetik\u0173 (REMS) rizikos vertinimo ir ma\u017einimo strategija<\/p>\n<p>Maistas ir Vaist\u0173 administracija (FDA) reikalauja, kad opioidini\u0173 analgetik\u0173 REMS b\u016bt\u0173 patikrinta, ar nauda yra didesn\u0117 u\u017e priklausomyb\u0117s, piktnaud\u017eiavimo ir netinkamo naudojimo pavoj\u0173. Farmacijos \u012fmon\u0117s, patvirtinusios opioidinius analgetikus, privalo teikti REMS reikalavimus atitinkan\u010dias mokymo programas sveikatos prie\u017ei\u016bros paslaug\u0173 teik\u0117jams. Sveikatos prie\u017ei\u016bros paslaug\u0173 teik\u0117jai primygtinai raginami: \u2022 baigti REMS atitinkan\u010di\u0105 \u0161vietimo program\u0105; \u2022 konsultuoti pacientus ir (arba) slaugytojus d\u0117l saugaus \u0161i\u0173 produkt\u0173 naudojimo, rimt\u0173 pavoj\u0173, laikymo ir i\u0161metimo su kiekvienu receptu; \u2022 pabr\u0117\u017eti pacientams ir slaugytojams, kaip svarbu perskaityti Vaist\u0173 vadov\u0105 kiekvien\u0105 kart\u0105, kai j\u012f pateikia vaistininkas; ir \u2022 apsvarstyti papildomas priemones, skirtas pagerinti pacient\u0173, nam\u0173 \u016bkio ir bendruomen\u0117s saugum\u0105.<\/p>\n<p>Gyvybei pavojinga kv\u0117pavimo tak\u0173 depresija<\/p>\n<p>ROXICODONE gali sukelti sunk\u0173, gyvybei pavojing\u0105 ar mirtin\u0105 kv\u0117pavimo slopinim\u0105. Steb\u0117kite kv\u0117pavimo slopinim\u0105, ypa\u010d pradedant ROXICODONE arba didinant doz\u0119.<\/p>\n<p>Atsitiktinis ROXICODONE suvartojimas<\/p>\n<p>Atsitiktinis ROXICODONE nurijus, ypa\u010d jaun\u0173 \u017emoni\u0173, gali sukelti mirtin\u0105 ROXICODONE perdozavim\u0105. <\/p>\n<p>Naujagimi\u0173 opioid\u0173 abstinencijos sindromas<\/p>\n<p>Ilgai vartojant ROXICODONE n\u0117\u0161tumo metu, naujagimiui gali i\u0161sivystyti opioid\u0173 abstinencijos sindromas, kuris gali b\u016bti mirtinas, jei nediagnozuojamas ir laiku negydomas, tod\u0117l reikalingas gydymas pagal neonatologij\u0105 &#8211; specialios proced\u016bros. Jei n\u0117\u0161\u010diai moteriai b\u016btinas ilgalaikis opioid\u0173 vartojimas, informuokite j\u0105 apie naujagimi\u0173 opioid\u0173 nutraukimo sindromo pavoj\u0173 ir u\u017etikrinkite tinkam\u0105 gydym\u0105.<\/p>\n<p>S\u0105veika su citochromu P450 3A4<\/p>\n<p>Vartojimas kartu ROXICODONE ir vis\u0173 citochromo P450 3A4 inhibitori\u0173 vartojimas gali padidinti oksikodono koncentracij\u0105 plazmoje, o tai gali sustiprinti arba pailginti nemalonius atsakus ir sukelti potencialiai mirtin\u0105 kv\u0117pavimo slopinim\u0105. Be to, nustojus vartoti kartu vartojam\u0105 citochromo P450 3A4 induktori\u0173, gali padid\u0117ti oksikodono koncentracija plazmoje. Pacientus, vartojan\u010dius ROXICODONE ir bet kur\u012f CYP3A4 inhibitori\u0173 ar induktori\u0173, reikia atid\u017eiai steb\u0117ti.<\/p>\n<p>Benzodiazepin\u0173 ar kit\u0173 centrin\u0119 nerv\u0173 sistem\u0105 slopinan\u010di\u0173 preparat\u0173 vartojimo kartu pasekm\u0117s<\/p>\n<p>Opioid\u0173 vartojimas kartu su benzodiazepinais ar kitais CNS slopinan\u010diais vaistais , pvz., alkoholis, gali sukelti stipr\u0173 mieguistum\u0105, kv\u0117pavimo slopinim\u0105, kom\u0105 arba mirt\u012f.<\/p>\n<p>ROXICODONE kartu su benzodiazepinais ar kitais CNS slopinan\u010diais preparatais tur\u0117t\u0173 b\u016bti skiriama tik asmenims, kurie nereaguoja \u012f alternatyvius gydymo b\u016bdus. <br \/> Suma\u017einkite dozes ir trukm\u0119.<br \/> Steb\u0117kite pacient\u0173 kv\u0117pavimo slopinimo ir sedacijos po\u017eymius ir simptomus.<\/li>\n<\/ul>\n<\/td>\n<\/tr>\n<\/tbody>\n<\/table><\/div><\/div>\n<p>&nbsp;<\/p>\n<h2>KONTRAINDIKACIJOS<\/h2>\n<p>ROXICODONE draud\u017eiama vartoti pacientams, kuriems yra:<\/p>\n<ul>\n<li> Reik\u0161mingas kv\u0117pavimo slopinimas<\/li>\n<li>\u016amin\u0117 arba sunki bronchin\u0117 astma, kai n\u0117ra steb\u0117jimo arba kai n\u0117ra gaivinimo \u012franga<\/li>\n<li>\u017dinomas arba \u012ftariamas vir\u0161kinimo trakto nepraeinamumas, \u012fskaitant paraly\u017ein\u012f \u017earn\u0173 nepraeinamum\u0105<\/li>\n<li>\u017dinomas padid\u0117j\u0119s jautrumas oksikodonui<\/li>\n<\/ul>\n<h2>\u00a0\u012eSP\u0116JIMAI IR ATSARGUMO PRIEMON\u0116S<\/h2>\n<ul>\n<li>ROXICODONE sud\u0117tyje yra oksikodono, II s\u0105ra\u0161o kontroliuojamos med\u017eiagos. Kaip opioidas, ROXICODONE kelia naudotojams priklausomyb\u0117s, piktnaud\u017eiavimo ir piktnaud\u017eiavimo rizik\u0105.<\/li>\n<li>Prie\u0161 skirdamas ROXICODONE, \u012fvertinkite kiekvieno paciento priklausomyb\u0117s nuo opioid\u0173, piktnaud\u017eiavimo ar piktnaud\u017eiavimo rizik\u0105 ir steb\u0117kite visus ROXICODONE vartojan\u010dius pacientus, kad jie nepasireik\u0161t\u0173. \u0161io elgesio ir s\u0105lyg\u0173 vystymasis.<\/li>\n<li>Siekdama u\u017etikrinti, kad opioidini\u0173 analgetik\u0173 nauda b\u016bt\u0173 didesn\u0117 u\u017e priklausomyb\u0117s, piktnaud\u017eiavimo ir piktnaud\u017eiavimo rizik\u0105, Maisto ir vaist\u0173 administracija (FDA) pareikalavo rizikos \u012fvertinimo ir ma\u017einimo strategijos ( REMS) \u0161iems produktams. Pagal REMS reikalavimus, vaist\u0173 \u012fmon\u0117s, turin\u010dios patvirtintus opioidinius analgetikus, sveikatos prie\u017ei\u016bros paslaug\u0173 teik\u0117jams turi teikti REMS reikalavimus atitinkan\u010dias \u0161vietimo programas.<\/li>\n<li>Prane\u0161ta apie sunk\u0173, gyvybei pavojing\u0105 ar mirtin\u0105 kv\u0117pavimo slopinim\u0105 vartojant opioid\u0173, net jei jie vartojami taip, kaip rekomenduojama. Pacientams, sergantiems l\u0117tine plau\u010di\u0173 liga, senyviems, kachekiniams ar nusilpusiems pacientams, gali b\u016bti didesn\u0117 rizika. Atid\u017eiai steb\u0117kite, ypa\u010d pradedant ir titruojant.<\/li>\n<li>Opioidai gali sukelti su miegu susijusi\u0173 kv\u0117pavimo sutrikim\u0173, \u012fskaitant centrin\u0119 miego apn\u0117j\u0105 (CSA) ir su miegu susijusi\u0105 hipoksemij\u0105. Opioid\u0173 vartojimas padidina CSA rizik\u0105, priklausomai nuo doz\u0117s.<\/li>\n<li>Atsitiktinis net vienos ROXICODONE doz\u0117s nurijimas, ypa\u010d vaikams, gali sukelti kv\u0117pavimo slopinim\u0105 ir mirt\u012f d\u0117l ROXICODONE perdozavimo. Nurodykite pacientus imtis veiksm\u0173, kad ROXICODONE b\u016bt\u0173 saugiai laikomas. Pasibaigus\u012f galiojimo laik\u0105, nepageidaujam\u0105 arba nepanaudot\u0105 ROXICODONE reikia i\u0161mesti, nuleid\u017eiant nepanaudotus vaistus \u012f tualet\u0105, jei n\u0117ra galimyb\u0117s greitai susigr\u0105\u017einti vaisto.<\/li>\n<li>Neonatalinis opioid\u0173 abstinencijos sindromas (NOWS) gali pasireik\u0161ti po ilgo vartojimo. opioid\u0173 vartojimas n\u0117\u0161tumo metu. Steb\u0117kite naujagimius, ar n\u0117ra DABAR po\u017eymi\u0173, ir atitinkamai valdykite; NOWS gali b\u016bti pavojingas gyvybei, jei naujagimiams neatpa\u017e\u012fstamas ir gydomas.<\/li>\n<li>Kai ROXICODONE gydytiems pacientams vartojate CYP3A4 inhibitorius arba nutraukite CYP3A4 induktori\u0173 vartojim\u0105, da\u017enai atid\u017eiai steb\u0117kite pacientus ir apsvarstykite galimyb\u0119 suma\u017einti ROXICODONE doz\u0119, kol vaistas taps stabilus. pasiekiami efektai. Vartodami ROXICODONE su CYP3A4 induktoriais arba nutraukdami CYP3A4 inhibitori\u0173 vartojim\u0105, da\u017enai atid\u017eiai steb\u0117kite pacientus ir apsvarstykite galimyb\u0119 padidinti opioid\u0173 doz\u0119, jei reikia, kad b\u016bt\u0173 palaikoma tinkama analgezija arba atsiranda opioid\u0173 nutraukimo simptom\u0173.<\/li>\n<li>Gilus sedacija, kv\u0117pavimo slopinimas, koma, o mirtis gali atsirasti d\u0117l ROXICODONE vartojimo kartu su benzodiazepinais ar kitais CNS slopinan\u010diais preparatais (\u012fskaitant alkohol\u012f ir\u00a0nelegalius narkotikus).<\/li>\n<li>Prane\u0161ta apie antinks\u010di\u0173 nepakankamumo atvejus vartojant opioidus, da\u017eniau po daugiau nei vieno naudojimo m\u0117nes\u012f. Jei diagnozuojamas antinks\u010di\u0173 nepakankamumas, gydykite fiziologiniu kortikosteroid\u0173 pakeitimu ir atpratinkite pacient\u0105. opioido, kol atsigaus antinks\u010di\u0173 funkcija.<\/li>\n<li><strong>ROXICODONE<\/strong>\u00a0gali sukelti sunki\u0105 hipotenzij\u0105, \u012fskaitant ortostatin\u0119 hipotenzij\u0105 ir sinkop\u0119 ambulatori\u0161kai gydomiems pacientams. Steb\u0117kite pradedant ir (arba) titruojant ROXICODONE. Venkite vartoti pacientams, kuriems yra kraujotakos \u0161okas.<\/li>\n<li>Naudojimas pacientams, kuriems yra padid\u0117j\u0119s intrakranijinis spaudimas, smegen\u0173 augliai, galvos trauma arba sutrikusi s\u0105mon\u0117, gali suma\u017einti kv\u0117pavimo potrauk\u012f ir d\u0117l to susilaikyti CO<sub>2<\/sub>. gali dar labiau padidinti intrakranijin\u012f spaudim\u0105. <strong>ROXICODONE<\/strong>\u00a0tur\u0117t\u0173 vengti vartoti pacientai, kuri\u0173 s\u0105mon\u0117 sutrikusi arba kuri\u0173 koma.<\/li>\n<li>ROXICODONE draud\u017eiama vartoti pacientams, kuriems yra \u017einoma arba \u012ftariama vir\u0161kinimo trakto obstrukcija, \u012fskaitant paraly\u017ein\u012f \u017earn\u0173 nepraeinamum\u0105. ROXICODONE sud\u0117tyje esantis oksikodonas gali sukelti Oddi sfinkterio spazmus.<\/li>\n<li>ROXICODONE esantis oksikodonas gali padidinti priepuoli\u0173 da\u017en\u012f pacientams, kuriems yra traukuli\u0173 sutrikim\u0173, ir gali padid\u0117ti priepuoli\u0173 rizika kitose klinikin\u0117se situacijose, susijusiose su traukuliais. . Steb\u0117kite pacientus, kuriems anks\u010diau buvo traukuli\u0173 sutrikim\u0173, ar nepablog\u0117jo priepuoli\u0173 kontrol\u0117.<\/li>\n<li>Nenutraukite staigiai\u00a0<strong>ROXICODONE<\/strong>\u00a0vartojimo pacientams, fizi\u0161kai priklausomiems nuo opioid\u0173. Nutraukus ROXICODONE vartojim\u0105 fizi\u0161kai priklausomam pacientui, palaipsniui ma\u017einkite doz\u0119. Greitas oksikodono kiekio ma\u017einimas pacientams, fizi\u0161kai priklausomiems nuo opioid\u0173, gali sukelti abstinencijos sindrom\u0105 ir atsinaujinti skausm\u0105.<\/li>\n<li>Venkite ROXICODONE vartoti kartu su mi\u0161riais agonistais\/antagonistais arba daliniais agonistais analgetikais, nes gali atsirasti abstinencijos simptomai.<\/li>\n<li>\u012esp\u0117kite pacientus nevairuoti ir nevaldyti pavojing\u0173 mechanizm\u0173, nebent jie toleruoja ROXICODONE poveik\u012f ir \u017eino, kaip jie reaguos \u012f vaist\u0105.<\/li>\n<li>Opioidai gali sukelti ret\u0105 ta\u010diau galimai gyvybei pavojinga b\u016bkl\u0117, atsirandanti d\u0117l kartu vartojam\u0173 serotoninergini\u0173 vaist\u0173. \u012esp\u0117kite pacientus apie serotonino sindromo simptomus ir, atsiradus simptomams, nedelsdami kreipkit\u0117s \u012f gydytoj\u0105.<\/li>\n<li>ROXICODONE nerekomenduojama vartoti pacientams, vartojantiems MAOI, arba per 14 dien\u0173 nuo tokio gydymo nutraukimo.<\/li>\n<\/ul>\n<h2>Roksikodono poveikis<\/h2>\n<p>Su ROXICODONE vartojimu susijusios rimtos nepageidaujamos reakcijos yra kv\u0117pavimo slopinimas, kv\u0117pavimo sustojimas, kraujotakos slopinimas, \u0161irdies sustojimas, hipotenzija ir (arba) \u0161okas. Da\u017eniausios nepageidaujamos reakcijos yra pykinimas, viduri\u0173 u\u017ekiet\u0117jimas, v\u0117mimas, galvos skausmas, nie\u017eulys, nemiga, galvos svaigimas, astenija ir mieguistumas.<\/p>\n<p>Tai n\u0117ra visas galim\u0173 nepageidaujam\u0173 rei\u0161kini\u0173, susijusi\u0173 su ROXICODONE, s\u0105ra\u0161as. I\u0161sam\u0173 s\u0105ra\u0161\u0105 rasite skiltyje \u201eVisa informacija apie recept\u0105\u201c.<\/p>\n<p>&nbsp;<\/p>\n<p>&nbsp;<\/p>\n<\/p><\/div><\/div><\/div><\/div><\/div><\/div><\/div>\n<div class=\"scroll-wrapper scrolling-table scrollbar-chrome\">\n<div class=\"scrolling-table scrollbar-chrome scroll-content\">\n<tbody>\n<tr>\n<td><strong>Apra\u0161ymas<\/strong><\/td>\n<td>M\u0117lynos tablet\u0117s su vagele<\/td>\n<\/tr>\n<tr>\n<td><strong>Bendras pavadinimas<\/strong><\/td>\n<td>Oksikodono hidrochlorido tablet\u0117s USP<\/td>\n<\/tr>\n<tr>\n<td><strong>Dozavimo stiprumas<\/strong><\/td>\n<td>30 mg<\/td>\n<\/tr>\n<tr>\n<td><strong>Identifikavimo kodas<\/strong><\/td>\n<td>M\u0117lyna tablet\u0117 su vagele (identifikuota 54 199) [vienoje pus\u0117je \u012fspausta 54 199]<\/td>\n<\/tr>\n<\/tbody>\n<\/table>\n<p><strong>roksikodono tablet\u0117s, pirkite rokikodono tabletes, apvali\u0173 m\u0117lyn\u0173 roksikodono table\u010di\u0173 s\u0105ra\u0161as, tablet\u0117s, kurios atrodo kaip rokikodonas, rokikodono tablet\u0117s, pakei\u010diamos rokikodono tablet\u0117s, 30 rokikodono tablet\u0117s, pertraukos i\u0161leidimo tablet\u0117s roksikodonas, kaip b\u016bti narkotik\u0173 prekeiviu, parduodan\u010diu roksikodono tabletes, tablet\u0117s, kuri\u0173 sud\u0117tyje yra roksikodono, kodeinas sirupas tablet\u0117s roksikodonas, kaip Meksikoje yra daug rokikodono 30 mg table\u010di\u0173, kas yra padirbtose k 9 roksikodono tablet\u0117se?, 30 mg roksikodono m\u0117lynosiose tablet\u0117se, roksikodone, 5 mg oksikodono, ro\u017ein\u0117s spalvos tablet\u0117se, m 30 tablet\u0117se, m 30 m\u0117lynose tablet\u0117se, k 56 tablet\u0117se, roksikodono tablet\u0117se, roksikodono tablet\u0117se tablet\u0117, percocet 30 mg, molly kainos, ar galite vartoti, roxy 30, oxicodona, u17 tablet\u0117s, oksikodono doz\u0117s<\/strong><\/p>\n<\/p><\/div><\/div><\/div><\/div>\n<div class=\"product-next-previous\">\n<div class=\"product-prev\"><\/div><\/div>\n","protected":false},"excerpt":{"rendered":"<p>Pirkite Roxicodone 30 mg tabletes Jungtin\u0117je Karalyst\u0117je ir Europoje i\u0161 m\u016bs\u0173 bestglobalmeds.com internetin\u0117s vaistin\u0117s su greitu pristatymu visame pasaulyje! Geriausia vieta gauti OxyContin yra \u010dia!<\/p>\n","protected":false},"featured_media":5321,"comment_status":"open","ping_status":"closed","template":"","meta":[],"product_brand":[],"product_cat":[1117],"product_tag":[1879,1887,1882,1880,1881,1886,1885,1903,1884,1883,1888,1889,1890,1648,1670,1891,1750,1892,1894,1895,1896,1897,1898,1899,1900,1901,1893,1902],"class_list":{"0":"post-5310","1":"product","2":"type-product","3":"status-publish","4":"has-post-thumbnail","6":"product_cat-pirkite-skausmo-miego-ir-sekso-tabletes","7":"product_tag-30-mg-roksikodono-mlynosios-tablets","8":"product_tag-apvali-mlyn-roksikodono-tablei-sraas","9":"product_tag-ar-galite-paimti","10":"product_tag-breaking-time-release-pills-roxicodone","11":"product_tag-buy-roxicodone-pills","12":"product_tag-k-56-tablets","13":"product_tag-kaip-bti-vaist-prekiautoju-parduodaniu-roksikodono-tabletes","14":"product_tag-kas-yra-netikrose-k-9-roksikodono-tabletse","15":"product_tag-kiek-roksikodono-30mg-tablei-meksike","16":"product_tag-kodeinas-sirupas-tabletes-roksikodonas","17":"product_tag-m-30-mlyna-piliul","18":"product_tag-m-30-pill","19":"product_tag-molly-kainos","20":"product_tag-oksikodona","21":"product_tag-oksikodonas-5-mg","22":"product_tag-oksikodono-dozavimas","23":"product_tag-perkocetas-30-mg","24":"product_tag-pills-that-contain-roxicodone","25":"product_tag-pink-pill","26":"product_tag-roksikodonas","27":"product_tag-roksikodono-tablets","28":"product_tag-roksikodono-tablets-30","29":"product_tag-roksikodonas-tablets-pakeitimas","30":"product_tag-roxy-30","31":"product_tag-roxycodone","32":"product_tag-t-194-tablet","33":"product_tag-tablets-kurios-atrodo-kaip-roksikodonas","34":"product_tag-u17-tablets","36":"first","37":"instock","38":"shipping-taxable","39":"purchasable","40":"product-type-variable","41":"has-default-attributes"},"yoast_head":"<!-- This site is optimized with the Yoast SEO plugin v27.3 - https:\/\/yoast.com\/product\/yoast-seo-wordpress\/ -->\n<title>Pirkite Roxicodone 30 mg \u2013 geriausius pasaulinius vaistus<\/title>\n<meta name=\"description\" content=\"Pirkite Roxicodone 30 mg tabletes JK, Europoje m\u016bs\u0173 bestglobalmeds.com internetin\u0117je parduotuv\u0117je su greitu pristatymu visame pasaulyje! Geriausi\u0105 OxyContin u\u017esakymui rasite \u010dia!\" \/>\n<meta name=\"robots\" content=\"index, follow, max-snippet:-1, max-image-preview:large, max-video-preview:-1\" \/>\n<link rel=\"canonical\" href=\"https:\/\/medicinasinc.com\/lt\/product\/pirkti-roksikodonas-30-mg\/\" \/>\n<meta property=\"og:locale\" content=\"en_US\" \/>\n<meta property=\"og:type\" content=\"article\" \/>\n<meta property=\"og:title\" content=\"Pirkite Roxicodone 30 mg \u2013 geriausius pasaulinius vaistus\" \/>\n<meta property=\"og:description\" content=\"Pirkite Roxicodone 30 mg tabletes JK, Europoje m\u016bs\u0173 bestglobalmeds.com internetin\u0117je parduotuv\u0117je su greitu pristatymu visame pasaulyje! Geriausi\u0105 OxyContin u\u017esakymui rasite \u010dia!\" \/>\n<meta property=\"og:url\" content=\"https:\/\/medicinasinc.com\/lt\/product\/pirkti-roksikodonas-30-mg\/\" \/>\n<meta property=\"og:site_name\" content=\"Medicinas Inc\" \/>\n<meta property=\"article:modified_time\" content=\"2022-03-20T12:20:23+00:00\" \/>\n<meta property=\"og:image\" content=\"https:\/\/medicinasinc.com\/lt\/wp-content\/uploads\/sites\/9\/2022\/02\/Roxicodone-30-mg.png\" \/>\n\t<meta property=\"og:image:width\" content=\"400\" \/>\n\t<meta property=\"og:image:height\" content=\"300\" \/>\n\t<meta property=\"og:image:type\" content=\"image\/png\" \/>\n<meta name=\"twitter:card\" content=\"summary_large_image\" \/>\n<meta name=\"twitter:label1\" content=\"Est. reading time\" \/>\n\t<meta name=\"twitter:data1\" content=\"7 minutes\" \/>\n<script type=\"application\/ld+json\" class=\"yoast-schema-graph\">{\"@context\":\"https:\\\/\\\/schema.org\",\"@graph\":[{\"@type\":\"WebPage\",\"@id\":\"https:\\\/\\\/medicinasinc.com\\\/lt\\\/product\\\/pirkti-roksikodonas-30-mg\\\/\",\"url\":\"https:\\\/\\\/medicinasinc.com\\\/lt\\\/product\\\/pirkti-roksikodonas-30-mg\\\/\",\"name\":\"Pirkite Roxicodone 30 mg \u2013 geriausius pasaulinius vaistus\",\"isPartOf\":{\"@id\":\"https:\\\/\\\/medicinasinc.com\\\/lt\\\/#website\"},\"primaryImageOfPage\":{\"@id\":\"https:\\\/\\\/medicinasinc.com\\\/lt\\\/product\\\/pirkti-roksikodonas-30-mg\\\/#primaryimage\"},\"image\":{\"@id\":\"https:\\\/\\\/medicinasinc.com\\\/lt\\\/product\\\/pirkti-roksikodonas-30-mg\\\/#primaryimage\"},\"thumbnailUrl\":\"https:\\\/\\\/medicinasinc.com\\\/lt\\\/wp-content\\\/uploads\\\/sites\\\/9\\\/2022\\\/02\\\/Roxicodone-30-mg.png\",\"datePublished\":\"2022-02-21T18:38:01+00:00\",\"dateModified\":\"2022-03-20T12:20:23+00:00\",\"description\":\"Pirkite Roxicodone 30 mg tabletes JK, Europoje m\u016bs\u0173 bestglobalmeds.com internetin\u0117je parduotuv\u0117je su greitu pristatymu visame pasaulyje! Geriausi\u0105 OxyContin u\u017esakymui rasite \u010dia!\",\"breadcrumb\":{\"@id\":\"https:\\\/\\\/medicinasinc.com\\\/lt\\\/product\\\/pirkti-roksikodonas-30-mg\\\/#breadcrumb\"},\"inLanguage\":\"en-US\",\"potentialAction\":[{\"@type\":\"ReadAction\",\"target\":[\"https:\\\/\\\/medicinasinc.com\\\/lt\\\/product\\\/pirkti-roksikodonas-30-mg\\\/\"]}]},{\"@type\":\"ImageObject\",\"inLanguage\":\"en-US\",\"@id\":\"https:\\\/\\\/medicinasinc.com\\\/lt\\\/product\\\/pirkti-roksikodonas-30-mg\\\/#primaryimage\",\"url\":\"https:\\\/\\\/medicinasinc.com\\\/lt\\\/wp-content\\\/uploads\\\/sites\\\/9\\\/2022\\\/02\\\/Roxicodone-30-mg.png\",\"contentUrl\":\"https:\\\/\\\/medicinasinc.com\\\/lt\\\/wp-content\\\/uploads\\\/sites\\\/9\\\/2022\\\/02\\\/Roxicodone-30-mg.png\",\"width\":400,\"height\":300},{\"@type\":\"BreadcrumbList\",\"@id\":\"https:\\\/\\\/medicinasinc.com\\\/lt\\\/product\\\/pirkti-roksikodonas-30-mg\\\/#breadcrumb\",\"itemListElement\":[{\"@type\":\"ListItem\",\"position\":1,\"name\":\"Parduotuv\u0117\",\"item\":\"https:\\\/\\\/medicinasinc.com\\\/lt\\\/parduotuve\\\/\"},{\"@type\":\"ListItem\",\"position\":2,\"name\":\"Pirkite Roxicodone 30 mg\"}]},{\"@type\":\"WebSite\",\"@id\":\"https:\\\/\\\/medicinasinc.com\\\/lt\\\/#website\",\"url\":\"https:\\\/\\\/medicinasinc.com\\\/lt\\\/\",\"name\":\"Medicinas Inc\",\"description\":\"Sveikatos medicinos klinika\",\"potentialAction\":[{\"@type\":\"SearchAction\",\"target\":{\"@type\":\"EntryPoint\",\"urlTemplate\":\"https:\\\/\\\/medicinasinc.com\\\/lt\\\/?s={search_term_string}\"},\"query-input\":{\"@type\":\"PropertyValueSpecification\",\"valueRequired\":true,\"valueName\":\"search_term_string\"}}],\"inLanguage\":\"en-US\"}]}<\/script>\n<!-- \/ Yoast SEO plugin. -->","yoast_head_json":{"title":"Pirkite Roxicodone 30 mg \u2013 geriausius pasaulinius vaistus","description":"Pirkite Roxicodone 30 mg tabletes JK, Europoje m\u016bs\u0173 bestglobalmeds.com internetin\u0117je parduotuv\u0117je su greitu pristatymu visame pasaulyje! Geriausi\u0105 OxyContin u\u017esakymui rasite \u010dia!","robots":{"index":"index","follow":"follow","max-snippet":"max-snippet:-1","max-image-preview":"max-image-preview:large","max-video-preview":"max-video-preview:-1"},"canonical":"https:\/\/medicinasinc.com\/lt\/product\/pirkti-roksikodonas-30-mg\/","og_locale":"en_US","og_type":"article","og_title":"Pirkite Roxicodone 30 mg \u2013 geriausius pasaulinius vaistus","og_description":"Pirkite Roxicodone 30 mg tabletes JK, Europoje m\u016bs\u0173 bestglobalmeds.com internetin\u0117je parduotuv\u0117je su greitu pristatymu visame pasaulyje! Geriausi\u0105 OxyContin u\u017esakymui rasite \u010dia!","og_url":"https:\/\/medicinasinc.com\/lt\/product\/pirkti-roksikodonas-30-mg\/","og_site_name":"Medicinas Inc","article_modified_time":"2022-03-20T12:20:23+00:00","og_image":[{"width":400,"height":300,"url":"https:\/\/medicinasinc.com\/lt\/wp-content\/uploads\/sites\/9\/2022\/02\/Roxicodone-30-mg.png","type":"image\/png"}],"twitter_card":"summary_large_image","twitter_misc":{"Est. reading time":"7 minutes"},"schema":{"@context":"https:\/\/schema.org","@graph":[{"@type":"WebPage","@id":"https:\/\/medicinasinc.com\/lt\/product\/pirkti-roksikodonas-30-mg\/","url":"https:\/\/medicinasinc.com\/lt\/product\/pirkti-roksikodonas-30-mg\/","name":"Pirkite Roxicodone 30 mg \u2013 geriausius pasaulinius vaistus","isPartOf":{"@id":"https:\/\/medicinasinc.com\/lt\/#website"},"primaryImageOfPage":{"@id":"https:\/\/medicinasinc.com\/lt\/product\/pirkti-roksikodonas-30-mg\/#primaryimage"},"image":{"@id":"https:\/\/medicinasinc.com\/lt\/product\/pirkti-roksikodonas-30-mg\/#primaryimage"},"thumbnailUrl":"https:\/\/medicinasinc.com\/lt\/wp-content\/uploads\/sites\/9\/2022\/02\/Roxicodone-30-mg.png","datePublished":"2022-02-21T18:38:01+00:00","dateModified":"2022-03-20T12:20:23+00:00","description":"Pirkite Roxicodone 30 mg tabletes JK, Europoje m\u016bs\u0173 bestglobalmeds.com internetin\u0117je parduotuv\u0117je su greitu pristatymu visame pasaulyje! Geriausi\u0105 OxyContin u\u017esakymui rasite \u010dia!","breadcrumb":{"@id":"https:\/\/medicinasinc.com\/lt\/product\/pirkti-roksikodonas-30-mg\/#breadcrumb"},"inLanguage":"en-US","potentialAction":[{"@type":"ReadAction","target":["https:\/\/medicinasinc.com\/lt\/product\/pirkti-roksikodonas-30-mg\/"]}]},{"@type":"ImageObject","inLanguage":"en-US","@id":"https:\/\/medicinasinc.com\/lt\/product\/pirkti-roksikodonas-30-mg\/#primaryimage","url":"https:\/\/medicinasinc.com\/lt\/wp-content\/uploads\/sites\/9\/2022\/02\/Roxicodone-30-mg.png","contentUrl":"https:\/\/medicinasinc.com\/lt\/wp-content\/uploads\/sites\/9\/2022\/02\/Roxicodone-30-mg.png","width":400,"height":300},{"@type":"BreadcrumbList","@id":"https:\/\/medicinasinc.com\/lt\/product\/pirkti-roksikodonas-30-mg\/#breadcrumb","itemListElement":[{"@type":"ListItem","position":1,"name":"Parduotuv\u0117","item":"https:\/\/medicinasinc.com\/lt\/parduotuve\/"},{"@type":"ListItem","position":2,"name":"Pirkite Roxicodone 30 mg"}]},{"@type":"WebSite","@id":"https:\/\/medicinasinc.com\/lt\/#website","url":"https:\/\/medicinasinc.com\/lt\/","name":"Medicinas Inc","description":"Sveikatos medicinos klinika","potentialAction":[{"@type":"SearchAction","target":{"@type":"EntryPoint","urlTemplate":"https:\/\/medicinasinc.com\/lt\/?s={search_term_string}"},"query-input":{"@type":"PropertyValueSpecification","valueRequired":true,"valueName":"search_term_string"}}],"inLanguage":"en-US"}]}},"_links":{"self":[{"href":"https:\/\/medicinasinc.com\/lt\/wp-json\/wp\/v2\/product\/5310","targetHints":{"allow":["GET"]}}],"collection":[{"href":"https:\/\/medicinasinc.com\/lt\/wp-json\/wp\/v2\/product"}],"about":[{"href":"https:\/\/medicinasinc.com\/lt\/wp-json\/wp\/v2\/types\/product"}],"replies":[{"embeddable":true,"href":"https:\/\/medicinasinc.com\/lt\/wp-json\/wp\/v2\/comments?post=5310"}],"wp:featuredmedia":[{"embeddable":true,"href":"https:\/\/medicinasinc.com\/lt\/wp-json\/wp\/v2\/media\/5321"}],"wp:attachment":[{"href":"https:\/\/medicinasinc.com\/lt\/wp-json\/wp\/v2\/media?parent=5310"}],"wp:term":[{"taxonomy":"product_brand","embeddable":true,"href":"https:\/\/medicinasinc.com\/lt\/wp-json\/wp\/v2\/product_brand?post=5310"},{"taxonomy":"product_cat","embeddable":true,"href":"https:\/\/medicinasinc.com\/lt\/wp-json\/wp\/v2\/product_cat?post=5310"},{"taxonomy":"product_tag","embeddable":true,"href":"https:\/\/medicinasinc.com\/lt\/wp-json\/wp\/v2\/product_tag?post=5310"}],"curies":[{"name":"wp","href":"https:\/\/api.w.org\/{rel}","templated":true}]}}