{"id":5309,"date":"2022-02-21T18:36:34","date_gmt":"2022-02-21T18:36:34","guid":{"rendered":"https:\/\/medicinasinc.com\/lt\/?post_type=product&#038;p=5309"},"modified":"2022-03-20T12:20:32","modified_gmt":"2022-03-20T12:20:32","slug":"pirkti-restoril-30-mg-temazepam-tabletes","status":"publish","type":"product","link":"https:\/\/medicinasinc.com\/lt\/product\/pirkti-restoril-30-mg-temazepam-tabletes\/","title":{"rendered":"Pirkite Restoril 30 mg Temazepam tabletes"},"content":{"rendered":"<div class=\"product-next-previous\">\n<div>\n<p>Internetin\u0117 vaistin\u0117, kurioje galima \u012fsigyti Restoril Temezepam table\u010di\u0173 (30 mg)<br \/> Restoril: kas tai yra ir kaip jis vartojamas?<\/p>\n<p> Restoril yra receptinis vaistas, naudojamas nemigos problemoms gydyti. Restoril galima vartoti vien\u0105 arba kartu su kitais vaistais.<\/p>\n<p>Restoril yra raminamasis \/ migdomasis vaistas.<\/p>\n<p>Ne\u017einoma, ar Restoril yra saugus ar veiksmingas vaikams.<\/p>\n<p>Kokia galima rizika, susijusi su Restoril?<\/p>\n<p>Restoril gali tur\u0117ti didel\u012f neigiam\u0105 poveik\u012f, \u012fskaitant:<\/p>\n<p>Sumi\u0161imas, susijaudinimas, agresyvumas, haliucinacijos, nerimas, atminties sutrikimai, ir li\u016bdna nuotaika yra visi \u0161izofrenijos simptomai.<\/p>\n<p>&nbsp;<\/p>\n<p>Temazepamas, kaip ir daugelis kit\u0173 pana\u0161i\u0173 ir gimining\u0173 benzodiazepin\u0173, veikia kaip GABA moduliatorius ir gali sukelti daugyb\u0119 poveiki\u0173, \u012fskaitant mieguistum\u0105, hipnoz\u0119, skeleto raumen\u0173 atsipalaidavim\u0105, prie\u0161traukulin\u012f aktyvum\u0105 ir anksiolitin\u012f poveik\u012f 6, 7, 13, 14.<\/p>\n<p>Nors chemin\u0117 temazepamo sintez\u0117 buvo atrasta 1965 m. 9, pla\u010diai paplit\u0119s \u0161iuolaikinis jo naudojimas prasid\u0117jo tik tada, kai tikrasis vaisto vartojimas kaip nemigos gydymas buvo pripa\u017eintas ir v\u0117liau buvo licencijuotas. Prie\u0161 tai, kai temazepamas tapo civiliams da\u017eniausiai i\u0161ra\u0161omu vaistu, JAV kariuomen\u0117 j\u012f naudojo ir tebevartoja kaip raminam\u0105j\u012f-migdom\u0105j\u012f vaist\u0105, kur\u012f tur\u0117jo vartoti kariai, lak\u016bnai ir kiti, kad gal\u0117t\u0173 pails\u0117ti, kad pasveikt\u0173 arba atsigaut\u0173. planiniai manevrai ir operacijos 10. Nepaisant to, temazepamas tapo vienu i\u0161 da\u017eniausiai i\u0161ra\u0161om\u0173 vaist\u0173 visame pasaulyje \u2013 kiekvienais metais i\u0161ra\u0161oma milijonai recept\u0173. Deja, kadangi temazepamas, kaip ir daugelis kit\u0173 benzodiazepin\u0173, yra pla\u010diai naudojamas ir jam b\u016bdingas farmakologinis poveikis, turi didel\u012f piktnaud\u017eiavimo potencial\u0105 ir gali sukelti vartotoj\u0173 tolerancij\u0105 vaistams, fizin\u0119 priklausomyb\u0119 ir priklausomyb\u0119.<\/p>\n<p>Patvirtintos grup\u0117s, tyrimo strukt\u016bra ma\u017eos molekul\u0117s<\/p>\n<div class=\"structure\"><a class=\"moldbi-vector-thumbnail\" href=\"https:\/\/go.drugbank.com\/structures\/DB00231\/image.svg\"><img decoding=\"async\" src=\"https:\/\/go.drugbank.com\/structures\/DB00231\/thumb.svg\" alt=\"Nyk\u0161tys\" \/><\/a><\/div>\n<dl class=\"right-dl col- xl-6 col-lg-12\"><\/dl>\n<\/p><\/div>\n<div class=\"product-prev\"><strong>temazepamas (restorilis), temazepamo restorilis, restoril temazepamas, temazepamo (restoril) \u0161alutinis poveikis, temazepamas (restoril, pirkite restoril temazepam\u0105 internetu, pirkite temazepam\u0105 (restoril), generic restoril temazepam, temazepam restoril buy, restoril (temazepam) 30mg pardavimui, yra temazepamas toks pat kaip restoril, temazepam (restoril) davis, temazepam bott (restoril) e, kur galima nusipirkti temazepamo (restoril), temazepamo (restoril) cv, temazepam (restoril) pirkti, temazepam tas pats kaip restoril, temazepam (restoril)\u00a0<img decoding=\"async\" class=\"emoji\" role=\"img\" src=\"https:\/ \/sworg\/images\/core\/emoji\/13.1.0\/svg\/2714.svg\" alt=\"\u2714\" \/>\u00a0<img decoding=\"async\" class=\"emoji\" role=\"img\" src=\"https:\/\/sworg\/images \/core\/emoji\/13.1.0\/svg\/2714.svg\" alt=\"\u2714\" \/>\u00a0&lt;img class=&quot;emoji&quot; role=&quot;img&quot; src=&quot;https:\/\/sworg\/images\/core\/emoji\/ 13,1 pavadinimas restoril), restoril (temazepam)<\/strong><\/div><\/div>\n<div class=\"product-next-previous\">\n<div class=\"product-prev\"><\/div><\/div>\n","protected":false},"excerpt":{"rendered":"<p>Pirkite Restoril 30mg Temezepam tabletes galite \u012fsigyti internetu.<\/p>\n<p>Prek\u0117s \u017eenklo pavadinimas:\u00a0<strong>Restoril<\/strong><br \/> Bendras:\u00a0<strong>Temazepam<\/strong><br \/> Stiprumas Galima \u012fsigyti: 30 mg<br \/> Pakuot\u0117: lizdin\u0117 plok\u0161tel\u0117<br \/> Pagaminta: Novartis<\/p>\n<p>&nbsp;<\/p>\n","protected":false},"featured_media":5319,"comment_status":"open","ping_status":"closed","template":"","meta":[],"product_brand":[],"product_cat":[1117],"product_tag":[1860,1851,1853,1878,1855,1856,1852,1875,1857,1858,1859,1861,1862,1863,1865,1870,1871,1872,1873,1864,1866,1867,1868,1869,1877,1876,1854,1874],"class_list":{"0":"post-5309","1":"product","2":"type-product","3":"status-publish","4":"has-post-thumbnail","6":"product_cat-pirkite-skausmo-miego-ir-sekso-tabletes","7":"product_tag-restoril-tablet-online","8":"product_tag-buy-restoril-temazepam-online","9":"product_tag-generic-restoril-temazepam","10":"product_tag-kur-gali-pirkti-temazepam-restoril","11":"product_tag-over-the-counter-substitute-for-temazepam","12":"product_tag-restoril-temazepam-30mg-parduodamas","13":"product_tag-pirkti-temazepam-restoril","14":"product_tag-temazepamas-restoril-pirkti","15":"product_tag-restoril-15-mg","16":"product_tag-restoril-15-mg-online","17":"product_tag-restoril-30-mg-kaina","18":"product_tag-restoril-temazepam","19":"product_tag-restoril-temazepamas-30-mg","20":"product_tag-saugi-alternatyva-restoril-temazepam","21":"product_tag-temazepam-restoril","22":"product_tag-temazepam-restoril-pill-bottle","23":"product_tag-temazepam-restoril-price","24":"product_tag-temazepam-restoril-side-effects","25":"product_tag-temazepam-30-mg","26":"product_tag-temazepam-brand-name-restoril","27":"product_tag-temazepamas-restorilis---","28":"product_tag-temazepam-restoril-cvs","29":"product_tag-temazepam-restoril-davis","30":"product_tag-temazepam-restoril-otc","31":"product_tag-temazepamas-svorio-metimas","32":"product_tag-temazepam-same-as-restoril","33":"product_tag-is-temazepam-the-same-as-restoril","34":"product_tag-temazepamo-30-mg-alutinis-poveikis","36":"first","37":"instock","38":"shipping-taxable","39":"purchasable","40":"product-type-variable","41":"has-default-attributes"},"yoast_head":"<!-- This site is optimized with the Yoast SEO plugin v27.3 - https:\/\/yoast.com\/product\/yoast-seo-wordpress\/ -->\n<title>Pirkite Restoril 30 mg temazepamo tabletes \u2013 geriausius pasaulinius vaistus<\/title>\n<meta name=\"description\" content=\"Tablet\u0117 su \u012fspaudu RESTORIL 30 mg M FOR SLEEP yra m\u0117lynos \/ ka\u0161tonin\u0117s spalvos, kapsul\u0117s formos ir nustatyta kaip Restoril 30 mg. Pirkite RESTORIL 30 mg M MIEGOMS.\" \/>\n<meta name=\"robots\" content=\"index, follow, max-snippet:-1, max-image-preview:large, max-video-preview:-1\" \/>\n<link rel=\"canonical\" href=\"https:\/\/medicinasinc.com\/lt\/product\/pirkti-restoril-30-mg-temazepam-tabletes\/\" \/>\n<meta property=\"og:locale\" content=\"en_US\" \/>\n<meta property=\"og:type\" content=\"article\" \/>\n<meta property=\"og:title\" content=\"Pirkite Restoril 30 mg temazepamo tabletes \u2013 geriausius pasaulinius vaistus\" \/>\n<meta property=\"og:description\" content=\"Tablet\u0117 su \u012fspaudu RESTORIL 30 mg M FOR SLEEP yra m\u0117lynos \/ ka\u0161tonin\u0117s spalvos, kapsul\u0117s formos ir nustatyta kaip Restoril 30 mg. Pirkite RESTORIL 30 mg M MIEGOMS.\" \/>\n<meta property=\"og:url\" content=\"https:\/\/medicinasinc.com\/lt\/product\/pirkti-restoril-30-mg-temazepam-tabletes\/\" \/>\n<meta property=\"og:site_name\" content=\"Medicinas Inc\" \/>\n<meta property=\"article:modified_time\" content=\"2022-03-20T12:20:32+00:00\" \/>\n<meta property=\"og:image\" content=\"https:\/\/medicinasinc.com\/lt\/wp-content\/uploads\/sites\/9\/2022\/02\/Buy-Restoril-30-mg-Temazepam-pills.jpg\" \/>\n\t<meta property=\"og:image:width\" content=\"2064\" \/>\n\t<meta property=\"og:image:height\" content=\"1073\" \/>\n\t<meta property=\"og:image:type\" content=\"image\/jpeg\" \/>\n<meta name=\"twitter:card\" content=\"summary_large_image\" \/>\n<meta name=\"twitter:label1\" content=\"Est. reading time\" \/>\n\t<meta name=\"twitter:data1\" content=\"3 minutes\" \/>\n<script type=\"application\/ld+json\" class=\"yoast-schema-graph\">{\"@context\":\"https:\\\/\\\/schema.org\",\"@graph\":[{\"@type\":\"WebPage\",\"@id\":\"https:\\\/\\\/medicinasinc.com\\\/lt\\\/product\\\/pirkti-restoril-30-mg-temazepam-tabletes\\\/\",\"url\":\"https:\\\/\\\/medicinasinc.com\\\/lt\\\/product\\\/pirkti-restoril-30-mg-temazepam-tabletes\\\/\",\"name\":\"Pirkite Restoril 30 mg temazepamo tabletes \u2013 geriausius pasaulinius vaistus\",\"isPartOf\":{\"@id\":\"https:\\\/\\\/medicinasinc.com\\\/lt\\\/#website\"},\"primaryImageOfPage\":{\"@id\":\"https:\\\/\\\/medicinasinc.com\\\/lt\\\/product\\\/pirkti-restoril-30-mg-temazepam-tabletes\\\/#primaryimage\"},\"image\":{\"@id\":\"https:\\\/\\\/medicinasinc.com\\\/lt\\\/product\\\/pirkti-restoril-30-mg-temazepam-tabletes\\\/#primaryimage\"},\"thumbnailUrl\":\"https:\\\/\\\/medicinasinc.com\\\/lt\\\/wp-content\\\/uploads\\\/sites\\\/9\\\/2022\\\/02\\\/Buy-Restoril-30-mg-Temazepam-pills.jpg\",\"datePublished\":\"2022-02-21T18:36:34+00:00\",\"dateModified\":\"2022-03-20T12:20:32+00:00\",\"description\":\"Tablet\u0117 su \u012fspaudu RESTORIL 30 mg M FOR SLEEP yra m\u0117lynos \\\/ ka\u0161tonin\u0117s spalvos, kapsul\u0117s formos ir nustatyta kaip Restoril 30 mg. Pirkite RESTORIL 30 mg M MIEGOMS.\",\"breadcrumb\":{\"@id\":\"https:\\\/\\\/medicinasinc.com\\\/lt\\\/product\\\/pirkti-restoril-30-mg-temazepam-tabletes\\\/#breadcrumb\"},\"inLanguage\":\"en-US\",\"potentialAction\":[{\"@type\":\"ReadAction\",\"target\":[\"https:\\\/\\\/medicinasinc.com\\\/lt\\\/product\\\/pirkti-restoril-30-mg-temazepam-tabletes\\\/\"]}]},{\"@type\":\"ImageObject\",\"inLanguage\":\"en-US\",\"@id\":\"https:\\\/\\\/medicinasinc.com\\\/lt\\\/product\\\/pirkti-restoril-30-mg-temazepam-tabletes\\\/#primaryimage\",\"url\":\"https:\\\/\\\/medicinasinc.com\\\/lt\\\/wp-content\\\/uploads\\\/sites\\\/9\\\/2022\\\/02\\\/Buy-Restoril-30-mg-Temazepam-pills.jpg\",\"contentUrl\":\"https:\\\/\\\/medicinasinc.com\\\/lt\\\/wp-content\\\/uploads\\\/sites\\\/9\\\/2022\\\/02\\\/Buy-Restoril-30-mg-Temazepam-pills.jpg\",\"width\":2064,\"height\":1073},{\"@type\":\"BreadcrumbList\",\"@id\":\"https:\\\/\\\/medicinasinc.com\\\/lt\\\/product\\\/pirkti-restoril-30-mg-temazepam-tabletes\\\/#breadcrumb\",\"itemListElement\":[{\"@type\":\"ListItem\",\"position\":1,\"name\":\"Parduotuv\u0117\",\"item\":\"https:\\\/\\\/medicinasinc.com\\\/lt\\\/parduotuve\\\/\"},{\"@type\":\"ListItem\",\"position\":2,\"name\":\"Pirkite Restoril 30 mg Temazepam tabletes\"}]},{\"@type\":\"WebSite\",\"@id\":\"https:\\\/\\\/medicinasinc.com\\\/lt\\\/#website\",\"url\":\"https:\\\/\\\/medicinasinc.com\\\/lt\\\/\",\"name\":\"Medicinas Inc\",\"description\":\"Sveikatos medicinos klinika\",\"potentialAction\":[{\"@type\":\"SearchAction\",\"target\":{\"@type\":\"EntryPoint\",\"urlTemplate\":\"https:\\\/\\\/medicinasinc.com\\\/lt\\\/?s={search_term_string}\"},\"query-input\":{\"@type\":\"PropertyValueSpecification\",\"valueRequired\":true,\"valueName\":\"search_term_string\"}}],\"inLanguage\":\"en-US\"}]}<\/script>\n<!-- \/ Yoast SEO plugin. -->","yoast_head_json":{"title":"Pirkite Restoril 30 mg temazepamo tabletes \u2013 geriausius pasaulinius vaistus","description":"Tablet\u0117 su \u012fspaudu RESTORIL 30 mg M FOR SLEEP yra m\u0117lynos \/ ka\u0161tonin\u0117s spalvos, kapsul\u0117s formos ir nustatyta kaip Restoril 30 mg. Pirkite RESTORIL 30 mg M MIEGOMS.","robots":{"index":"index","follow":"follow","max-snippet":"max-snippet:-1","max-image-preview":"max-image-preview:large","max-video-preview":"max-video-preview:-1"},"canonical":"https:\/\/medicinasinc.com\/lt\/product\/pirkti-restoril-30-mg-temazepam-tabletes\/","og_locale":"en_US","og_type":"article","og_title":"Pirkite Restoril 30 mg temazepamo tabletes \u2013 geriausius pasaulinius vaistus","og_description":"Tablet\u0117 su \u012fspaudu RESTORIL 30 mg M FOR SLEEP yra m\u0117lynos \/ ka\u0161tonin\u0117s spalvos, kapsul\u0117s formos ir nustatyta kaip Restoril 30 mg. Pirkite RESTORIL 30 mg M MIEGOMS.","og_url":"https:\/\/medicinasinc.com\/lt\/product\/pirkti-restoril-30-mg-temazepam-tabletes\/","og_site_name":"Medicinas Inc","article_modified_time":"2022-03-20T12:20:32+00:00","og_image":[{"width":2064,"height":1073,"url":"https:\/\/medicinasinc.com\/lt\/wp-content\/uploads\/sites\/9\/2022\/02\/Buy-Restoril-30-mg-Temazepam-pills.jpg","type":"image\/jpeg"}],"twitter_card":"summary_large_image","twitter_misc":{"Est. reading time":"3 minutes"},"schema":{"@context":"https:\/\/schema.org","@graph":[{"@type":"WebPage","@id":"https:\/\/medicinasinc.com\/lt\/product\/pirkti-restoril-30-mg-temazepam-tabletes\/","url":"https:\/\/medicinasinc.com\/lt\/product\/pirkti-restoril-30-mg-temazepam-tabletes\/","name":"Pirkite Restoril 30 mg temazepamo tabletes \u2013 geriausius pasaulinius vaistus","isPartOf":{"@id":"https:\/\/medicinasinc.com\/lt\/#website"},"primaryImageOfPage":{"@id":"https:\/\/medicinasinc.com\/lt\/product\/pirkti-restoril-30-mg-temazepam-tabletes\/#primaryimage"},"image":{"@id":"https:\/\/medicinasinc.com\/lt\/product\/pirkti-restoril-30-mg-temazepam-tabletes\/#primaryimage"},"thumbnailUrl":"https:\/\/medicinasinc.com\/lt\/wp-content\/uploads\/sites\/9\/2022\/02\/Buy-Restoril-30-mg-Temazepam-pills.jpg","datePublished":"2022-02-21T18:36:34+00:00","dateModified":"2022-03-20T12:20:32+00:00","description":"Tablet\u0117 su \u012fspaudu RESTORIL 30 mg M FOR SLEEP yra m\u0117lynos \/ ka\u0161tonin\u0117s spalvos, kapsul\u0117s formos ir nustatyta kaip Restoril 30 mg. Pirkite RESTORIL 30 mg M MIEGOMS.","breadcrumb":{"@id":"https:\/\/medicinasinc.com\/lt\/product\/pirkti-restoril-30-mg-temazepam-tabletes\/#breadcrumb"},"inLanguage":"en-US","potentialAction":[{"@type":"ReadAction","target":["https:\/\/medicinasinc.com\/lt\/product\/pirkti-restoril-30-mg-temazepam-tabletes\/"]}]},{"@type":"ImageObject","inLanguage":"en-US","@id":"https:\/\/medicinasinc.com\/lt\/product\/pirkti-restoril-30-mg-temazepam-tabletes\/#primaryimage","url":"https:\/\/medicinasinc.com\/lt\/wp-content\/uploads\/sites\/9\/2022\/02\/Buy-Restoril-30-mg-Temazepam-pills.jpg","contentUrl":"https:\/\/medicinasinc.com\/lt\/wp-content\/uploads\/sites\/9\/2022\/02\/Buy-Restoril-30-mg-Temazepam-pills.jpg","width":2064,"height":1073},{"@type":"BreadcrumbList","@id":"https:\/\/medicinasinc.com\/lt\/product\/pirkti-restoril-30-mg-temazepam-tabletes\/#breadcrumb","itemListElement":[{"@type":"ListItem","position":1,"name":"Parduotuv\u0117","item":"https:\/\/medicinasinc.com\/lt\/parduotuve\/"},{"@type":"ListItem","position":2,"name":"Pirkite Restoril 30 mg Temazepam tabletes"}]},{"@type":"WebSite","@id":"https:\/\/medicinasinc.com\/lt\/#website","url":"https:\/\/medicinasinc.com\/lt\/","name":"Medicinas Inc","description":"Sveikatos medicinos klinika","potentialAction":[{"@type":"SearchAction","target":{"@type":"EntryPoint","urlTemplate":"https:\/\/medicinasinc.com\/lt\/?s={search_term_string}"},"query-input":{"@type":"PropertyValueSpecification","valueRequired":true,"valueName":"search_term_string"}}],"inLanguage":"en-US"}]}},"_links":{"self":[{"href":"https:\/\/medicinasinc.com\/lt\/wp-json\/wp\/v2\/product\/5309","targetHints":{"allow":["GET"]}}],"collection":[{"href":"https:\/\/medicinasinc.com\/lt\/wp-json\/wp\/v2\/product"}],"about":[{"href":"https:\/\/medicinasinc.com\/lt\/wp-json\/wp\/v2\/types\/product"}],"replies":[{"embeddable":true,"href":"https:\/\/medicinasinc.com\/lt\/wp-json\/wp\/v2\/comments?post=5309"}],"wp:featuredmedia":[{"embeddable":true,"href":"https:\/\/medicinasinc.com\/lt\/wp-json\/wp\/v2\/media\/5319"}],"wp:attachment":[{"href":"https:\/\/medicinasinc.com\/lt\/wp-json\/wp\/v2\/media?parent=5309"}],"wp:term":[{"taxonomy":"product_brand","embeddable":true,"href":"https:\/\/medicinasinc.com\/lt\/wp-json\/wp\/v2\/product_brand?post=5309"},{"taxonomy":"product_cat","embeddable":true,"href":"https:\/\/medicinasinc.com\/lt\/wp-json\/wp\/v2\/product_cat?post=5309"},{"taxonomy":"product_tag","embeddable":true,"href":"https:\/\/medicinasinc.com\/lt\/wp-json\/wp\/v2\/product_tag?post=5309"}],"curies":[{"name":"wp","href":"https:\/\/api.w.org\/{rel}","templated":true}]}}