{"id":5296,"date":"2022-02-21T18:20:49","date_gmt":"2022-02-21T18:20:49","guid":{"rendered":"https:\/\/medicinasinc.com\/lt\/?post_type=product&#038;p=5296"},"modified":"2022-03-20T12:20:41","modified_gmt":"2022-03-20T12:20:41","slug":"pirkti-phenida-10mg-tabletes","status":"publish","type":"product","link":"https:\/\/medicinasinc.com\/lt\/product\/pirkti-phenida-10mg-tabletes\/","title":{"rendered":"Pirkite Phenida 10 mg tabletes"},"content":{"rendered":"<p>Phenida (metilfenidato hcl) 10 mg tabletes galima nusipirkti internete.<\/p>\n<p>Turime geriausi\u0105 internetin\u0119 vaistin\u0119, kurioje galite nusipirkti Phenida, tod\u0117l pirkite j\u0105 dabar.<\/p>\n<p>PHENIDA yra vaistas, padedantis \u017emon\u0117ms, sergantiems ADD \/ ADHD. \u010cia galite rasti daugiau informacijos apie ADHD \/ ADHD ir kitas fenidas.<\/p>\n<p>ADD \/ ADHD:<\/p>\n<p>Jei turite ADHD, galb\u016bt negal\u0117site i\u0161laikyti d\u0117mesio. pernelyg aktyvus arba negali kontroliuoti savo elgesio. \u017dmogaus am\u017eius ir i\u0161sivystymas negali sukelti \u0161i\u0173 problem\u0173 ADHD, jei jos neatitinka to asmens am\u017eiaus ar vystymosi normali\u0173 rib\u0173.<\/p>\n<p>Vaistai nuo ADHD ir ADHD? \u0160ioje svetain\u0117je parduodama fenida (metilfenidato hcl) 10 mg.<\/p>\n<p>D\u0117mesio stokos hiperaktyvumo sutrikimas (ADHD) yra vienas i\u0161 labiausiai paplitusi\u0173 vaikyst\u0117s sutrikim\u0173, kuris gali t\u0119stis ir paauglyst\u0117je, ir suaugusiems. Tarp simptom\u0173 yra sunku susikaupti ir atkreipti d\u0117mes\u012f, sunku kontroliuoti elges\u012f ir hiperaktyvumas (per didelis aktyvumas).<\/p>\n<p>Nor\u0117dami nusipirkti ADD (d\u0117mesio tr\u016bkumo sutrikimo) table\u010di\u0173 internetu be recepto, galite apsilankyti svetain\u0117je. .<\/p>\n<p>Toliau pateikiami skirtingi metilfenidato tipai: metilfenidato HCL, metilfenidato HCL, metilfenidato HCL ER, metilfenidato HCL, metilfenidato HCL, metilfenidato HCL, metilfenidato HCL 20 mg, metilfenidato HCL 20 mg, metilfenidato HCL ir metilfenidato g. Kai perkate metilfenidato hcl tabletes, kas tai yra? 20 mg metilfenidato hcl er, metilfenidato hcl 18 mg, metilfenidato hcl er cd, metilfenidato hcl er 10 mg, metilfenidato hcl dozavimo formos ir metilfenidato hcl vs metilfenidato hcl yra keletas klausim\u0173, kuriuos u\u017eduoda \u017emon\u0117s.<\/p>\n","protected":false},"excerpt":{"rendered":"<div class=\"woocommerce-product-details__short-description\">\n<p>Phenida 10mg tabletes galima \u012fsigyti internetu. Nereceptiniai migdomieji vaistai, internetin\u0117 vaistin\u0117 JK, parduodamos steroidin\u0117s tablet\u0117s, stiprios migdomosios tablet\u0117s, skausm\u0105 mal\u0161inantys vaistai.<\/p>\n<\/p><\/div>\n","protected":false},"featured_media":5307,"comment_status":"open","ping_status":"closed","template":"","meta":[],"product_brand":[],"product_cat":[1117],"product_tag":[1795,1796,1797,1798,1799,1800,1801,1837,1843,1845,1804,1805,1806,1808,1809,1829,1846,1848,1847,1849,1814,1815,1816,1817,1822,1823,1824,1825,1828,1810,1811,1812,1813,1819,1826,1827,1818,1820,1821,1830,1831,1835,1834,1833,1832,1842,1838,1836,1839,1841,1840,1844,1802,1803,1794,1807,1850],"class_list":{"0":"post-5296","1":"product","2":"type-product","3":"status-publish","4":"has-post-thumbnail","6":"product_cat-pirkite-skausmo-miego-ir-sekso-tabletes","7":"product_tag-adhd","8":"product_tag-best-phenida-methylphenidate-hcl-10mg-online","9":"product_tag-bulgaria-phenida","10":"product_tag-buy-phenida","11":"product_tag-buy-phenida-methylphenidate-hcl-10mg-online","12":"product_tag-buy-phenida-online","13":"product_tag-buy-phenidano-prescription","14":"product_tag-fenida-bulgerija","15":"product_tag-fenida-ritalinas","16":"product_tag-fenida-zafa","17":"product_tag-generic-ritalin-phenida","18":"product_tag-generic-phenida","19":"product_tag-is-focalin-also-called-phenida","20":"product_tag-is-phenida-same-as-ritalin","21":"product_tag-is-phenida-same-asadder","22":"product_tag-be-recept","23":"product_tag-k-reikia-fenida","24":"product_tag-kas-yra-fenida","25":"product_tag-kas-yra-metilfenidatas-hcl","26":"product_tag-kur-pirkti-phenida","27":"product_tag-methylphenidate-hcl-20mg","28":"product_tag-methylphenidate-hcl-5mg","29":"product_tag-methylphenidate-hcl-cd","30":"product_tag-methylphenidate-hcl-dosage-forms","31":"product_tag-methylphenidate-hcl-er-27-mg","32":"product_tag-methylphenidate-hcl-er-36-mg","33":"product_tag-methylphenidate-hcl-er-54-mg","34":"product_tag-methylphenidate-hcl-er-cd","35":"product_tag-metilfenidatas-vs-metilfenidatas-hcl","36":"product_tag-metilfenidatas-hcl","37":"product_tag-metilfenidatas-hcl-10-mg","38":"product_tag-metilfenidatas-hcl-18-mg","39":"product_tag-metilfenidato-hcl-20-mg","40":"product_tag-metilfenidato-hcl-er-10-mg","41":"product_tag-metilfenidato-hcl-er-tablet-c4-97s","42":"product_tag-metilfenidato-hcl-alutinis-poveikis","43":"product_tag-metilfenidatas-hcl-er","44":"product_tag-metilfenidato-hcl-er-18-mg","45":"product_tag-metilfenidato-hcl-er-20-mg","46":"product_tag-orderphenida","47":"product_tag-phenida","48":"product_tag-fenida-metilfenidato-hcl-10mg-apvalga","49":"product_tag-fenida-metilfenidatas-hcl-10mg-kaina","50":"product_tag-phenida-methylphenidate-hcl-10mg-parduodamas-internetu","51":"product_tag-fenida-metilfenidatas-hcl-10-mg","52":"product_tag-phenida-apvalgos","53":"product_tag-phenida-be-recepto","54":"product_tag-fenida-butelis","55":"product_tag-phenida-online","56":"product_tag-phenida-online-trusted-pharmacy-bitcoin","57":"product_tag-phenida-internetin-trusted-pharmacy","58":"product_tag-phenida-ritalin-zafa","59":"product_tag-pirkti-phenida-10mg","60":"product_tag-nusipirkti-kreditin-kortel","61":"product_tag-priima-paypal","62":"product_tag-is-phenida-same-adderal","63":"product_tag-zafa-fenida","65":"first","66":"instock","67":"shipping-taxable","68":"purchasable","69":"product-type-variable","70":"has-default-attributes"},"yoast_head":"<!-- This site is optimized with the Yoast SEO plugin v27.3 - https:\/\/yoast.com\/product\/yoast-seo-wordpress\/ -->\n<title>Pirkite Phenida 10 mg tabletes \u2013 geriausius pasaulinius vaistus<\/title>\n<meta name=\"description\" content=\"Pirkite Phenida 10 mg tabletes internetu. be recepto migdomieji vaistai, table\u010di\u0173 u\u017esakymas internetu, parduodamos steroid\u0173 tablet\u0117s, stipr\u016bs migdomieji vaistai, skausm\u0105 mal\u0161inantys vaistai, internetin\u0117 vaistin\u0117 JK.\" \/>\n<meta name=\"robots\" content=\"index, follow, max-snippet:-1, max-image-preview:large, max-video-preview:-1\" \/>\n<link rel=\"canonical\" href=\"https:\/\/medicinasinc.com\/lt\/product\/pirkti-phenida-10mg-tabletes\/\" \/>\n<meta property=\"og:locale\" content=\"en_US\" \/>\n<meta property=\"og:type\" content=\"article\" \/>\n<meta property=\"og:title\" content=\"Pirkite Phenida 10 mg tabletes \u2013 geriausius pasaulinius vaistus\" \/>\n<meta property=\"og:description\" content=\"Pirkite Phenida 10 mg tabletes internetu. be recepto migdomieji vaistai, table\u010di\u0173 u\u017esakymas internetu, parduodamos steroid\u0173 tablet\u0117s, stipr\u016bs migdomieji vaistai, skausm\u0105 mal\u0161inantys vaistai, internetin\u0117 vaistin\u0117 JK.\" \/>\n<meta property=\"og:url\" content=\"https:\/\/medicinasinc.com\/lt\/product\/pirkti-phenida-10mg-tabletes\/\" \/>\n<meta property=\"og:site_name\" content=\"Medicinas Inc\" \/>\n<meta property=\"article:modified_time\" content=\"2022-03-20T12:20:41+00:00\" \/>\n<meta property=\"og:image\" content=\"https:\/\/medicinasinc.com\/lt\/wp-content\/uploads\/sites\/9\/2022\/02\/buy-phenida-10mg-pills-online.jpg\" \/>\n\t<meta property=\"og:image:width\" content=\"600\" \/>\n\t<meta property=\"og:image:height\" content=\"600\" \/>\n\t<meta property=\"og:image:type\" content=\"image\/jpeg\" \/>\n<meta name=\"twitter:card\" content=\"summary_large_image\" \/>\n<meta name=\"twitter:label1\" content=\"Est. reading time\" \/>\n\t<meta name=\"twitter:data1\" content=\"2 minutes\" \/>\n<script type=\"application\/ld+json\" class=\"yoast-schema-graph\">{\"@context\":\"https:\\\/\\\/schema.org\",\"@graph\":[{\"@type\":\"WebPage\",\"@id\":\"https:\\\/\\\/medicinasinc.com\\\/lt\\\/product\\\/pirkti-phenida-10mg-tabletes\\\/\",\"url\":\"https:\\\/\\\/medicinasinc.com\\\/lt\\\/product\\\/pirkti-phenida-10mg-tabletes\\\/\",\"name\":\"Pirkite Phenida 10 mg tabletes \u2013 geriausius pasaulinius vaistus\",\"isPartOf\":{\"@id\":\"https:\\\/\\\/medicinasinc.com\\\/lt\\\/#website\"},\"primaryImageOfPage\":{\"@id\":\"https:\\\/\\\/medicinasinc.com\\\/lt\\\/product\\\/pirkti-phenida-10mg-tabletes\\\/#primaryimage\"},\"image\":{\"@id\":\"https:\\\/\\\/medicinasinc.com\\\/lt\\\/product\\\/pirkti-phenida-10mg-tabletes\\\/#primaryimage\"},\"thumbnailUrl\":\"https:\\\/\\\/medicinasinc.com\\\/lt\\\/wp-content\\\/uploads\\\/sites\\\/9\\\/2022\\\/02\\\/buy-phenida-10mg-pills-online.jpg\",\"datePublished\":\"2022-02-21T18:20:49+00:00\",\"dateModified\":\"2022-03-20T12:20:41+00:00\",\"description\":\"Pirkite Phenida 10 mg tabletes internetu. be recepto migdomieji vaistai, table\u010di\u0173 u\u017esakymas internetu, parduodamos steroid\u0173 tablet\u0117s, stipr\u016bs migdomieji vaistai, skausm\u0105 mal\u0161inantys vaistai, internetin\u0117 vaistin\u0117 JK.\",\"breadcrumb\":{\"@id\":\"https:\\\/\\\/medicinasinc.com\\\/lt\\\/product\\\/pirkti-phenida-10mg-tabletes\\\/#breadcrumb\"},\"inLanguage\":\"en-US\",\"potentialAction\":[{\"@type\":\"ReadAction\",\"target\":[\"https:\\\/\\\/medicinasinc.com\\\/lt\\\/product\\\/pirkti-phenida-10mg-tabletes\\\/\"]}]},{\"@type\":\"ImageObject\",\"inLanguage\":\"en-US\",\"@id\":\"https:\\\/\\\/medicinasinc.com\\\/lt\\\/product\\\/pirkti-phenida-10mg-tabletes\\\/#primaryimage\",\"url\":\"https:\\\/\\\/medicinasinc.com\\\/lt\\\/wp-content\\\/uploads\\\/sites\\\/9\\\/2022\\\/02\\\/buy-phenida-10mg-pills-online.jpg\",\"contentUrl\":\"https:\\\/\\\/medicinasinc.com\\\/lt\\\/wp-content\\\/uploads\\\/sites\\\/9\\\/2022\\\/02\\\/buy-phenida-10mg-pills-online.jpg\",\"width\":600,\"height\":600},{\"@type\":\"BreadcrumbList\",\"@id\":\"https:\\\/\\\/medicinasinc.com\\\/lt\\\/product\\\/pirkti-phenida-10mg-tabletes\\\/#breadcrumb\",\"itemListElement\":[{\"@type\":\"ListItem\",\"position\":1,\"name\":\"Parduotuv\u0117\",\"item\":\"https:\\\/\\\/medicinasinc.com\\\/lt\\\/parduotuve\\\/\"},{\"@type\":\"ListItem\",\"position\":2,\"name\":\"Pirkite Phenida 10 mg tabletes\"}]},{\"@type\":\"WebSite\",\"@id\":\"https:\\\/\\\/medicinasinc.com\\\/lt\\\/#website\",\"url\":\"https:\\\/\\\/medicinasinc.com\\\/lt\\\/\",\"name\":\"Medicinas Inc\",\"description\":\"Sveikatos medicinos klinika\",\"potentialAction\":[{\"@type\":\"SearchAction\",\"target\":{\"@type\":\"EntryPoint\",\"urlTemplate\":\"https:\\\/\\\/medicinasinc.com\\\/lt\\\/?s={search_term_string}\"},\"query-input\":{\"@type\":\"PropertyValueSpecification\",\"valueRequired\":true,\"valueName\":\"search_term_string\"}}],\"inLanguage\":\"en-US\"}]}<\/script>\n<!-- \/ Yoast SEO plugin. -->","yoast_head_json":{"title":"Pirkite Phenida 10 mg tabletes \u2013 geriausius pasaulinius vaistus","description":"Pirkite Phenida 10 mg tabletes internetu. be recepto migdomieji vaistai, table\u010di\u0173 u\u017esakymas internetu, parduodamos steroid\u0173 tablet\u0117s, stipr\u016bs migdomieji vaistai, skausm\u0105 mal\u0161inantys vaistai, internetin\u0117 vaistin\u0117 JK.","robots":{"index":"index","follow":"follow","max-snippet":"max-snippet:-1","max-image-preview":"max-image-preview:large","max-video-preview":"max-video-preview:-1"},"canonical":"https:\/\/medicinasinc.com\/lt\/product\/pirkti-phenida-10mg-tabletes\/","og_locale":"en_US","og_type":"article","og_title":"Pirkite Phenida 10 mg tabletes \u2013 geriausius pasaulinius vaistus","og_description":"Pirkite Phenida 10 mg tabletes internetu. be recepto migdomieji vaistai, table\u010di\u0173 u\u017esakymas internetu, parduodamos steroid\u0173 tablet\u0117s, stipr\u016bs migdomieji vaistai, skausm\u0105 mal\u0161inantys vaistai, internetin\u0117 vaistin\u0117 JK.","og_url":"https:\/\/medicinasinc.com\/lt\/product\/pirkti-phenida-10mg-tabletes\/","og_site_name":"Medicinas Inc","article_modified_time":"2022-03-20T12:20:41+00:00","og_image":[{"width":600,"height":600,"url":"https:\/\/medicinasinc.com\/lt\/wp-content\/uploads\/sites\/9\/2022\/02\/buy-phenida-10mg-pills-online.jpg","type":"image\/jpeg"}],"twitter_card":"summary_large_image","twitter_misc":{"Est. reading time":"2 minutes"},"schema":{"@context":"https:\/\/schema.org","@graph":[{"@type":"WebPage","@id":"https:\/\/medicinasinc.com\/lt\/product\/pirkti-phenida-10mg-tabletes\/","url":"https:\/\/medicinasinc.com\/lt\/product\/pirkti-phenida-10mg-tabletes\/","name":"Pirkite Phenida 10 mg tabletes \u2013 geriausius pasaulinius vaistus","isPartOf":{"@id":"https:\/\/medicinasinc.com\/lt\/#website"},"primaryImageOfPage":{"@id":"https:\/\/medicinasinc.com\/lt\/product\/pirkti-phenida-10mg-tabletes\/#primaryimage"},"image":{"@id":"https:\/\/medicinasinc.com\/lt\/product\/pirkti-phenida-10mg-tabletes\/#primaryimage"},"thumbnailUrl":"https:\/\/medicinasinc.com\/lt\/wp-content\/uploads\/sites\/9\/2022\/02\/buy-phenida-10mg-pills-online.jpg","datePublished":"2022-02-21T18:20:49+00:00","dateModified":"2022-03-20T12:20:41+00:00","description":"Pirkite Phenida 10 mg tabletes internetu. be recepto migdomieji vaistai, table\u010di\u0173 u\u017esakymas internetu, parduodamos steroid\u0173 tablet\u0117s, stipr\u016bs migdomieji vaistai, skausm\u0105 mal\u0161inantys vaistai, internetin\u0117 vaistin\u0117 JK.","breadcrumb":{"@id":"https:\/\/medicinasinc.com\/lt\/product\/pirkti-phenida-10mg-tabletes\/#breadcrumb"},"inLanguage":"en-US","potentialAction":[{"@type":"ReadAction","target":["https:\/\/medicinasinc.com\/lt\/product\/pirkti-phenida-10mg-tabletes\/"]}]},{"@type":"ImageObject","inLanguage":"en-US","@id":"https:\/\/medicinasinc.com\/lt\/product\/pirkti-phenida-10mg-tabletes\/#primaryimage","url":"https:\/\/medicinasinc.com\/lt\/wp-content\/uploads\/sites\/9\/2022\/02\/buy-phenida-10mg-pills-online.jpg","contentUrl":"https:\/\/medicinasinc.com\/lt\/wp-content\/uploads\/sites\/9\/2022\/02\/buy-phenida-10mg-pills-online.jpg","width":600,"height":600},{"@type":"BreadcrumbList","@id":"https:\/\/medicinasinc.com\/lt\/product\/pirkti-phenida-10mg-tabletes\/#breadcrumb","itemListElement":[{"@type":"ListItem","position":1,"name":"Parduotuv\u0117","item":"https:\/\/medicinasinc.com\/lt\/parduotuve\/"},{"@type":"ListItem","position":2,"name":"Pirkite Phenida 10 mg tabletes"}]},{"@type":"WebSite","@id":"https:\/\/medicinasinc.com\/lt\/#website","url":"https:\/\/medicinasinc.com\/lt\/","name":"Medicinas Inc","description":"Sveikatos medicinos klinika","potentialAction":[{"@type":"SearchAction","target":{"@type":"EntryPoint","urlTemplate":"https:\/\/medicinasinc.com\/lt\/?s={search_term_string}"},"query-input":{"@type":"PropertyValueSpecification","valueRequired":true,"valueName":"search_term_string"}}],"inLanguage":"en-US"}]}},"_links":{"self":[{"href":"https:\/\/medicinasinc.com\/lt\/wp-json\/wp\/v2\/product\/5296","targetHints":{"allow":["GET"]}}],"collection":[{"href":"https:\/\/medicinasinc.com\/lt\/wp-json\/wp\/v2\/product"}],"about":[{"href":"https:\/\/medicinasinc.com\/lt\/wp-json\/wp\/v2\/types\/product"}],"replies":[{"embeddable":true,"href":"https:\/\/medicinasinc.com\/lt\/wp-json\/wp\/v2\/comments?post=5296"}],"wp:featuredmedia":[{"embeddable":true,"href":"https:\/\/medicinasinc.com\/lt\/wp-json\/wp\/v2\/media\/5307"}],"wp:attachment":[{"href":"https:\/\/medicinasinc.com\/lt\/wp-json\/wp\/v2\/media?parent=5296"}],"wp:term":[{"taxonomy":"product_brand","embeddable":true,"href":"https:\/\/medicinasinc.com\/lt\/wp-json\/wp\/v2\/product_brand?post=5296"},{"taxonomy":"product_cat","embeddable":true,"href":"https:\/\/medicinasinc.com\/lt\/wp-json\/wp\/v2\/product_cat?post=5296"},{"taxonomy":"product_tag","embeddable":true,"href":"https:\/\/medicinasinc.com\/lt\/wp-json\/wp\/v2\/product_tag?post=5296"}],"curies":[{"name":"wp","href":"https:\/\/api.w.org\/{rel}","templated":true}]}}