{"id":5295,"date":"2022-02-21T18:18:17","date_gmt":"2022-02-21T18:18:17","guid":{"rendered":"https:\/\/medicinasinc.com\/lt\/?post_type=product&#038;p=5295"},"modified":"2022-03-20T12:20:53","modified_gmt":"2022-03-20T12:20:53","slug":"pirkti-percocet-10mg-tabletes","status":"publish","type":"product","link":"https:\/\/medicinasinc.com\/lt\/product\/pirkti-percocet-10mg-tabletes\/","title":{"rendered":"Pirkite Percocet 10 mg tabletes"},"content":{"rendered":"<h1 style=\"text-align: center\">Pirkite Percocet 10mg tabletes internetu.<\/h1>\n<div class=\"Section\" style=\"text-align: centre\">\n<h1>APRA\u0160YMAS<\/h1>\n<p class=\"First\"><span class=\"Bold\">Oksikodono hidrochloridas ir acetaminofenas tiekiami tablet\u0117mis, skirtomis vartoti per burn\u0105.<\/span><\/p>\n<p>Kiekvienoje geriamoje tablet\u0117je yra toliau nurodyt\u0173 stiprum\u0173 oksikodono hidrochlorido ir acetaminofeno. :<\/p>\n<p>Oksikodono hidrochloridas, USP\u00a0\u00a0\u00a0\u00a0\u00a0\u00a0\u00a0\u00a0\u00a0\u00a0\u00a0\u00a0 2,5 mg*<br \/> (*2,5 mg oksikodono\u00a0hidrochlorido atitinka 2,2409 mg oksikodono.)<br \/> Acetaminofenas, USP\u00a0\u00a0\u00a0\u00a0\u00a0\u00a0\u00a0\u00a0\u00a0\u00a0\u00a0\u00a0 \u00a0\u00a0\u00a0\u00a0\u00a0\u00a0\u00a0\u00a0\u00a0\u00a0\u00a0\u00a0\u00a0\u00a0\u00a0<\/p>\n<p>32p&gt; Oksikodono hidrochloridas, USP\u00a0\u00a0\u00a0\u00a0\u00a0\u00a0\u00a0\u00a0\u00a0\u00a0\u00a0\u00a0 5 mg*<br \/> (*5 mg oksikodono\u00a0hidrochlorido atitinka 4,4815 mg oksikodono.)<br \/> Acetaminofenas, USP\u00a0\u00a0\u00a0\u00a0\u00a0\u00a0\u00a0\u00a0\u00a0\u00a0\u00a0\u00a0\u00a0 \u00a0\u00a0\u00a0\u00a0\u00a0\u00a0\u00a0\u00a0\u00a0\u00a0\u00a0\u00a0\u00a0 325 mg<\/p>\n<p>Oksikodono\u00a0hidrochloridas*5 mg hidroksidono. br \/&gt; (*7,5 mg oksikodono\u00a0hidrochlorido atitinka 6,7228 mg oksikodono.)<br \/> Acetaminofenas, USP\u00a0\u00a0\u00a0\u00a0\u00a0\u00a0\u00a0\u00a0\u00a0\u00a0\u00a0\u00a0\u00a0\u00a0\u00a0\u00a0\u00a0 \u00a0\u00a0\u00a0\u00a0\u00a0\u00a0\u00a0\u00a0\u00a0\u00a0\u00a0\u00a0 325 mg<\/p>\n<p>Oksikodonas H ydrochloridas, USP\u00a0\u00a0\u00a0\u00a0\u00a0\u00a0\u00a0\u00a0\u00a0\u00a0\u00a0\u00a0 10 mg*<br \/> (*10 mg oksikodono\u00a0hidrochlorido atitinka 8,9637 mg oksikodono.)<br \/> Acetaminofenas, USP\u00a0\u00a0\u00a0\u00a0\u00a0\u00a0\u00a0\u00a0\u00a0\u00a0\u00a0\u00a0\u00a0 \u00a0\u00a0\u00a0\u00a0\u00a0\u00a0\u00a0\u00a0\u00a0\u00a0\u00a0\u00a0 325 mg<\/p>\n<p>Visi stiprumai PERCOC\u00a0<\/strong> strong&gt; taip pat yra \u0161i\u0173 neaktyvi\u0173 ingredient\u0173: koloidinio silicio dioksido, natrio kroskarmelioz\u0117s, mikrokristalin\u0117s celiulioz\u0117s, povidono, pregelifikuoto kukur\u016bz\u0173 krakmolo ir stearino r\u016bg\u0161ties. Taip pat gali b\u016bti krospovidono. Be to, 2,5 mg\/325 mg stiprumo sud\u0117tyje yra FD&amp;C Red Nr. 40 aliuminio e\u017eero, o 5 mg\/325 mg stiprumo sud\u0117tyje yra FD&amp;C Blue Nr. 1 aliuminio e\u017eero. 7,5 mg\/325 mg\u00a0stiprumo sud\u0117tyje yra FD&amp;C geltonojo Nr. 6 aliuminio e\u017eero. 10 mg\/325 mg stiprumo sud\u0117tyje yra D&amp;C geltonojo Nr. 10 aliuminio e\u017eero. 7,5 mg\/325 mg stiprumo ir 10 mg\/325 mg stiprumo tablet\u0117se taip pat gali b\u016bti kukur\u016bz\u0173 krakmolo.<\/p>\n<p>Oksikodono hidrochlorido ir acetaminofeno tablet\u0117se yra oksikodono, 14-hidroksidihidrokodeinono, pusiau sintetinio opioidinio analgetiko, kuris yra baltos spalvos. beveik balti smulk\u016bs kristaliniai milteliai. Oksikodono hidrochlorido molekulin\u0117 formul\u0117 yra C<span class=\"Sub\">18<\/span>H<span class=\"Sub\">21<\/span>NO<span class=\"Sub\">4<\/span>\u00a0\u2219 HCl, o molekulin\u0117 mas\u0117 yra 351,82. Jis gaunamas i\u0161 opijaus alkaloido tebaino ir gali b\u016bti pavaizduotas tokia strukt\u016brine formule:<\/p>\n<div class=\"Figure\"><img decoding=\"async\" src=\"https:\/\/www.endo.com\/Image%20Library \/Endo\/EndoPharma\/Products\/Prescribing_Information\/pert-oxy-and-apap-tab-usp-1.jpg\" alt=\"oksikodono hidrochlorido chemin\u0117 strukt\u016bra\" \/><\/div>\n<p>Oksikodono hidrochlorido ir acetaminofeno tablet\u0117se yra acetaminofeno, 4\u2032-hidroksiacetanilidas yra neopiatinis, nesalicilatinis analgetikas ir kar\u0161\u010diavim\u0105 ma\u017einantis vaistas, kuris yra balt\u0173, bekvapi\u0173 kristalini\u0173 milteli\u0173 pavidalu. Acetaminofeno molekulin\u0117 formul\u0117 yra C<span class=\"Sub\">8<\/span>H<span class=\"Sub\">9<\/span>NO<span class=\"Sub\">2<\/span>\u00a0ir molekulin\u0117 mas\u0117 yra 151,16. Jis gali b\u016bti pavaizduotas tokia strukt\u016brine formule:<\/p>\n<div class=\"Figure\"><img decoding=\"async\" src=\"https:\/\/www.endo.com\/Image%20Library\/Endo\/EndoPharma\/Products\/Prescribing_Information\/pert -oxy-and-apap-tab-usp-2.jpg\" alt=\"Acetaminofeno strukt\u016brin\u0117 formul\u0117\" \/>&nbsp;<\/p>\n<p class=\"MultiMediaCaption\">Acetaminofeno strukt\u016brin\u0117 formul\u0117<\/p>\n<\/p><\/div><\/div>\n<div class=\"Section\" style=\"text-align: centre\">\n<p>Kiekvienoje tablet\u0117je, skirtoje vartoti per burn\u0105, yra \u0161i\u0173 stiprum\u0173 oksikodono hidrochlorido ir acetaminofeno:<\/p>\n<p>Oksikodono hidrochlorido, USP\u00a02,5 mg*<br \/> Acetaminofenas, USP 325 mg<br \/> *2,5 mg oksikodono HCl atitinka 2,2409 mg oksikodono.<\/p>\n<p>Oksikodono hidrochloridas, USP\u00a05 mg*<br \/> Acetaminofenas, USP 325 mg<br \/> *5 mg oksikodono HCl atitinka 4,4815 mg oksikodono.<\/p>\n<p>Oksikodono hidrochloridas, USP\u00a07,5 mg*<br \/> Acetaminofenas, USP 325 mg<br \/> *7,5 mg oksikodono HCl atitinka 6,7228 mg oksikodono.<\/p>\n<p>Oksikodono hidrochloridas, USP\u00a010 mg*<br \/> Acetamis nophen, USP 325 mg<br \/> *10 mg oksikodono HCl atitinka 8,9637 mg oksikodono.<\/p>\n<p>Vis\u0173 stiprum\u0173 PERCOCET sud\u0117tyje taip pat yra \u0161i\u0173 neaktyvi\u0173 ingredient\u0173: Koloidinis silicio dioksidas, kroskarmelioz\u0117s natrio druska, krospovidonas, mikrokristalin\u0117 celiulioz\u0117, povidonas, pregelifikuotas kukur\u016bz\u0173 krakmolas ir stearino r\u016bg\u0161tis. Be to, 2,5 mg\/325 mg stiprumo sud\u0117tyje yra FD&amp;C Red Nr. 40 aliuminio e\u017eero, o 5 mg\/325 mg stiprumo sud\u0117tyje yra FD&amp;C Blue Nr. 1 aliuminio e\u017eero. 7,5 mg\/325 mg stiprumo sud\u0117tyje yra FD&amp;C geltonojo Nr. 6 aliuminio e\u017eero. 10 mg\/325 mg stiprumo sud\u0117tyje yra D&amp;C geltonojo Nr. 10 aliuminio e\u017eero. 7,5 mg\/325 mg ir 10 mg\/325 mg stiprumuose taip pat gali b\u016bti kukur\u016bz\u0173 krakmolo.<\/p>\n<p>Oksikodonas, 14-hidroksidihidrokodeinonas, yra pusiau sintetinis opioidinis analgetikas, atsirandantis kaip balti bekvapiai kristaliniai milteliai su fiziologiniu tirpalu. , kartus skonis. Oksikodono hidrochlorido molekulin\u0117 formul\u0117 yra C<sub>18<\/sub>H<sub>21<\/sub>NO<sub>4<\/sub>\u2022HCl, o molekulin\u0117 mas\u0117 yra 351,82. Jis gaunamas i\u0161 opijaus alkaloido tebaino ir gali b\u016bti pavaizduotas tokia strukt\u016brine formule:<\/p>\n<p>&nbsp;<\/p>\n<table class=\"blackpic\" width=\"256\">\n<tbody>\n<tr>\n<td><img loading=\"lazy\" decoding=\"async\" title=\"Oksikodonas \u2013 strukt\u016brin\u0117s formul\u0117s iliustracija\" src=\"https:\/\/images.rxlist.com\/images\/rxlist\/oxyapap1.gif\" alt=\"Oksikodonas \u2013 strukt\u016brin\u0117s formul\u0117s iliustracija\" width=\"256\" height=\"154\" \/><\/td>\n<\/tr>\n<\/tbody>\n<\/table>\n<p>&nbsp;<\/p>\n<p>Acetaminofenas, 4\u2032-hidroksiacetanilidas, yra\u00a0ne &#8211; opiatinis,\u00a0nesalicilatinis analgetikas ir\u00a0kar\u0161\u010diavim\u0105 ma\u017einantis vaistas,\u00a0kuris yra balti, bekvapiai, kristaliniai milteliai, turintys \u0161iek tiek kartaus skonio. Acetaminofeno molekulin\u0117 formul\u0117 yra C<sub>8<\/sub>H<sub>9<\/sub>NO<sub>2<\/sub>, o molekulin\u0117 mas\u0117 yra 151,17. Jis gali b\u016bti pavaizduotas tokia strukt\u016brine formule:<\/p>\n<p>&nbsp;<\/p>\n<table class=\"blackpic\" width=\"232\">\n<tbody>\n<tr>\n<td> <img loading=\"lazy\" decoding=\"async\" title=\"Acetaminofenas \u2013 strukt\u016brin\u0117s formul\u0117s iliustracija\" src=\"https:\/\/images.rxlist.com\/images\/rxlist\/oxyapap2.gif\" alt=\"Acetaminofenas \u2013 strukt\u016brin\u0117s formul\u0117s iliustracija\" width=\"232\" height=\"106\" \/><\/td>\n<\/tr>\n<\/tbody>\n<\/table><\/div>\n<p style=\"text-align: center\">Pirkite Percocet 10mg tabletes internetu. Taip pat yra kit\u0173 table\u010di\u0173, pvz., oksikodono. Parduodamos nereceptin\u0117s migdomosios tablet\u0117s labai pigiomis kainomis.<\/p>\n<p style=\"text-align: center\"><strong>kiek laiko percocet i\u0161lieka j\u016bs\u0173 sistemoje, kiek laiko perkocetas i\u0161lieka j\u016bs\u0173 sistemoje , kaip atrodo perkocetas, kaip jau\u010diasi perkocetas, kiek laiko perkocetas i\u0161lieka \u0161lapime, kas yra perkocetas, kaip atrodo perkocetas, kam naudojamas perkocetas, kaip gauti paskirt\u0105 perkocet\u0105, kiek laiko perkocetas buvimas \u0161lapime, kas yra perkocete, kiek laiko trunka percocet, kaip atrodo perkocetas 10, kiek laiko trunka perkocetas, kokia spalva yra perkocetas, kod\u0117l perkocetas nie\u017eti, k\u0105 perkocetas tau daro, k\u0105 ar jau\u010diasi perkocetas, kaip atrodo perkocetas, kiek kainuoja perkocetas, kaip atrodo perkocetas 30, u\u017e kiek galiu parduoti percocet 5 325, kiek perdozuoti, kas stipresnis norco ar percocet, perkocetas nie\u017eti kaip sustoti, kiek kainuoja percocet be draudimo, kiek laiko galioja percocet high, kiek laiko perkocetas i\u0161lieka j\u016bs\u0173 sistemoje, kuris yra stipresnis oksikodonas ar perkocetas, kas yra stipresnis vikodinas ar perkocetas, kur gauti perkocet\u0105, kaip jau\u010diat\u0117s perkocetas<\/strong><\/p>\n","protected":false},"excerpt":{"rendered":"<div class=\"woocommerce-product-details__short-description\">\n<p>Pirkite Percocet 10mg tabletes internetu. Stiprios migdomosios tablet\u0117s, skausm\u0105 mal\u0161inantys vaistai, internetin\u0117 vaistin\u0117 JK, , parduodamos skausm\u0105 mal\u0161inan\u010dios tablet\u0117s, vaistai nuo skausmo, vaist\u0173 pirkimas internetu, pirkite vaistus nuo skausmo internetu, pirkite vaistus nuo skausmo internetu.<\/p>\n<\/p><\/div>\n","protected":false},"featured_media":5305,"comment_status":"open","ping_status":"closed","template":"","meta":[],"product_brand":[],"product_cat":[1117],"product_tag":[1721,1722,1729,1725,1728,1793,1733,1789,1788,1790,1792,1791,1730,1731,1723,1749,1734,1735,1727,1691,1736,1772,1737,1740,1739,1741,1743,1742,1744,1746,1752,1753,1754,1755,1756,1757,1758,1762,1763,1764,1765,1768,1760,1767,1769,1774,1775,1776,1773,1777,1778,1771,1738,1745,1747,1748,1750,1751,1779,1759,1766,1761,1785,1726,1780,1770,1781,1724,1783,1784,1782,1786,1787,1732],"class_list":{"0":"post-5295","1":"product","2":"type-product","3":"status-publish","4":"has-post-thumbnail","6":"product_cat-pirkite-skausmo-miego-ir-sekso-tabletes","7":"product_tag-30-mg-perkoceto","8":"product_tag-5-mg-perkocetas","9":"product_tag-generic-percocet","10":"product_tag-cheap-percocet-pills","11":"product_tag-fake-percocet-pills","12":"product_tag-geltonas-percoce","13":"product_tag-itching-percocet","14":"product_tag-kaip-atrodo-perkocetas","15":"product_tag-k-daro-percocet-tables-atrodo-kaip","16":"product_tag-k-perkocetas-jauia","17":"product_tag-kam-perkocetas-naudojamas","18":"product_tag-kas-yra-percocet","19":"product_tag-kiek-ilgai-percocet-pasilieka-js-sistemoje","20":"product_tag-kiek-ilgai-perkocetas-ilieka-lapime","21":"product_tag-mlynas-percocetas","22":"product_tag-percocet-30","23":"product_tag-molly-percocet","24":"product_tag-molly-percocet-daina","25":"product_tag-netikras-perkocetas","26":"product_tag-oksikodonas-prie-perkocet","27":"product_tag-oksikontinas-prie-perkocet","28":"product_tag-perkoceto-tablets-pardavimas","29":"product_tag-skausmo-tabletes-parduodu-percocet","30":"product_tag-percocet-10-geltonas","31":"product_tag-percocet-10-vaizdai","32":"product_tag-percocet-10-325","33":"product_tag-percocet-10-325-efectos-white","34":"product_tag-percocet-10-325-efektai","35":"product_tag-percocet-10-325-espanol","36":"product_tag-percocet-15","37":"product_tag-percocet-5","38":"product_tag-percocet-5-mg","39":"product_tag-percocet-5-325","40":"product_tag-percocet-5-325-kaina","41":"product_tag-percocet-512","42":"product_tag-percocet-7-5","43":"product_tag-percocet-7-5-325-efektai","44":"product_tag-percocet-drug","45":"product_tag-percocet-effects","46":"product_tag-percocet-feeling","47":"product_tag-percocet-high","48":"product_tag-percocet-online","49":"product_tag-percocet-and-xanax","50":"product_tag-percocet-molly","51":"product_tag-percocet-pain-pills","52":"product_tag-percocet-side-effects","53":"product_tag-percocet-song","54":"product_tag-percocet-street-value","55":"product_tag-percocet-pills-images","56":"product_tag-percocet-vs-tramadol","57":"product_tag-percocet-vs-vicodin","58":"product_tag-perkoceto-tablets","59":"product_tag-percocet-10","60":"product_tag-perkocetas-10-mg","61":"product_tag-perkocetas-15-mg","62":"product_tag-perkocetas-20-mg","63":"product_tag-perkocetas-30-mg","64":"product_tag-percocet-325","65":"product_tag-perkocetas-atsitraukimas","66":"product_tag-perkocetas-ir-alkoholis","67":"product_tag-perkocetas-ispan-kalba","68":"product_tag-percocet-dozavimas","69":"product_tag-gatvs-vert-perkocetas","70":"product_tag-perkoceto-efektai","71":"product_tag-percocet-pills-nuotraukos","72":"product_tag-percocet-pill","73":"product_tag-pills-that-look-like-percocet","74":"product_tag-pirk-percocet-internetu","75":"product_tag-roinis-percocetas","76":"product_tag-alutinis-perkoceto-poveikis","77":"product_tag-tablets-kurios-atrodo-kaip-perkocetas-5-mg","78":"product_tag-tramadol-vs-percocet","79":"product_tag-vicodin-vs-percocet","80":"product_tag-yra-oksikodonas-tas-pats-kaip-perkocetas","82":"first","83":"instock","84":"shipping-taxable","85":"purchasable","86":"product-type-variable","87":"has-default-attributes"},"yoast_head":"<!-- This site is optimized with the Yoast SEO plugin v27.3 - https:\/\/yoast.com\/product\/yoast-seo-wordpress\/ -->\n<title>Pirkite Percocet 10 mg tabletes \u2013 geriausius pasaulinius vaistus<\/title>\n<meta name=\"description\" content=\"Pirkite Percocet 10 mg tabletes internetu. Stipr\u016bs migdomieji vaistai, skausm\u0105 mal\u0161inantys vaistai, internetin\u0117 vaistin\u0117 uk, , parduodamos skausmo tablet\u0117s, vaistai nuo skausmo, vaist\u0173 pirkimas internetu, nuskausminam\u0173j\u0173 vaist\u0173 pirkimas internetu, vaist\u0173 nuo skausmo internetu pirkimas.\" \/>\n<meta name=\"robots\" content=\"index, follow, max-snippet:-1, max-image-preview:large, max-video-preview:-1\" \/>\n<link rel=\"canonical\" href=\"https:\/\/medicinasinc.com\/lt\/product\/pirkti-percocet-10mg-tabletes\/\" \/>\n<meta property=\"og:locale\" content=\"en_US\" \/>\n<meta property=\"og:type\" content=\"article\" \/>\n<meta property=\"og:title\" content=\"Pirkite Percocet 10 mg tabletes \u2013 geriausius pasaulinius vaistus\" \/>\n<meta property=\"og:description\" content=\"Pirkite Percocet 10 mg tabletes internetu. Stipr\u016bs migdomieji vaistai, skausm\u0105 mal\u0161inantys vaistai, internetin\u0117 vaistin\u0117 uk, , parduodamos skausmo tablet\u0117s, vaistai nuo skausmo, vaist\u0173 pirkimas internetu, nuskausminam\u0173j\u0173 vaist\u0173 pirkimas internetu, vaist\u0173 nuo skausmo internetu pirkimas.\" \/>\n<meta property=\"og:url\" content=\"https:\/\/medicinasinc.com\/lt\/product\/pirkti-percocet-10mg-tabletes\/\" \/>\n<meta property=\"og:site_name\" content=\"Medicinas Inc\" \/>\n<meta property=\"article:modified_time\" content=\"2022-03-20T12:20:53+00:00\" \/>\n<meta property=\"og:image\" content=\"https:\/\/medicinasinc.com\/lt\/wp-content\/uploads\/sites\/9\/2022\/02\/Buy-Percocet-10mg-pills.jpg\" \/>\n\t<meta property=\"og:image:width\" content=\"600\" \/>\n\t<meta property=\"og:image:height\" content=\"400\" \/>\n\t<meta property=\"og:image:type\" content=\"image\/jpeg\" \/>\n<meta name=\"twitter:card\" content=\"summary_large_image\" \/>\n<meta name=\"twitter:label1\" content=\"Est. reading time\" \/>\n\t<meta name=\"twitter:data1\" content=\"5 minutes\" \/>\n<script type=\"application\/ld+json\" class=\"yoast-schema-graph\">{\"@context\":\"https:\\\/\\\/schema.org\",\"@graph\":[{\"@type\":\"WebPage\",\"@id\":\"https:\\\/\\\/medicinasinc.com\\\/lt\\\/product\\\/pirkti-percocet-10mg-tabletes\\\/\",\"url\":\"https:\\\/\\\/medicinasinc.com\\\/lt\\\/product\\\/pirkti-percocet-10mg-tabletes\\\/\",\"name\":\"Pirkite Percocet 10 mg tabletes \u2013 geriausius pasaulinius vaistus\",\"isPartOf\":{\"@id\":\"https:\\\/\\\/medicinasinc.com\\\/lt\\\/#website\"},\"primaryImageOfPage\":{\"@id\":\"https:\\\/\\\/medicinasinc.com\\\/lt\\\/product\\\/pirkti-percocet-10mg-tabletes\\\/#primaryimage\"},\"image\":{\"@id\":\"https:\\\/\\\/medicinasinc.com\\\/lt\\\/product\\\/pirkti-percocet-10mg-tabletes\\\/#primaryimage\"},\"thumbnailUrl\":\"https:\\\/\\\/medicinasinc.com\\\/lt\\\/wp-content\\\/uploads\\\/sites\\\/9\\\/2022\\\/02\\\/Buy-Percocet-10mg-pills.jpg\",\"datePublished\":\"2022-02-21T18:18:17+00:00\",\"dateModified\":\"2022-03-20T12:20:53+00:00\",\"description\":\"Pirkite Percocet 10 mg tabletes internetu. Stipr\u016bs migdomieji vaistai, skausm\u0105 mal\u0161inantys vaistai, internetin\u0117 vaistin\u0117 uk, , parduodamos skausmo tablet\u0117s, vaistai nuo skausmo, vaist\u0173 pirkimas internetu, nuskausminam\u0173j\u0173 vaist\u0173 pirkimas internetu, vaist\u0173 nuo skausmo internetu pirkimas.\",\"breadcrumb\":{\"@id\":\"https:\\\/\\\/medicinasinc.com\\\/lt\\\/product\\\/pirkti-percocet-10mg-tabletes\\\/#breadcrumb\"},\"inLanguage\":\"en-US\",\"potentialAction\":[{\"@type\":\"ReadAction\",\"target\":[\"https:\\\/\\\/medicinasinc.com\\\/lt\\\/product\\\/pirkti-percocet-10mg-tabletes\\\/\"]}]},{\"@type\":\"ImageObject\",\"inLanguage\":\"en-US\",\"@id\":\"https:\\\/\\\/medicinasinc.com\\\/lt\\\/product\\\/pirkti-percocet-10mg-tabletes\\\/#primaryimage\",\"url\":\"https:\\\/\\\/medicinasinc.com\\\/lt\\\/wp-content\\\/uploads\\\/sites\\\/9\\\/2022\\\/02\\\/Buy-Percocet-10mg-pills.jpg\",\"contentUrl\":\"https:\\\/\\\/medicinasinc.com\\\/lt\\\/wp-content\\\/uploads\\\/sites\\\/9\\\/2022\\\/02\\\/Buy-Percocet-10mg-pills.jpg\",\"width\":600,\"height\":400},{\"@type\":\"BreadcrumbList\",\"@id\":\"https:\\\/\\\/medicinasinc.com\\\/lt\\\/product\\\/pirkti-percocet-10mg-tabletes\\\/#breadcrumb\",\"itemListElement\":[{\"@type\":\"ListItem\",\"position\":1,\"name\":\"Parduotuv\u0117\",\"item\":\"https:\\\/\\\/medicinasinc.com\\\/lt\\\/parduotuve\\\/\"},{\"@type\":\"ListItem\",\"position\":2,\"name\":\"Pirkite Percocet 10 mg tabletes\"}]},{\"@type\":\"WebSite\",\"@id\":\"https:\\\/\\\/medicinasinc.com\\\/lt\\\/#website\",\"url\":\"https:\\\/\\\/medicinasinc.com\\\/lt\\\/\",\"name\":\"Medicinas Inc\",\"description\":\"Sveikatos medicinos klinika\",\"potentialAction\":[{\"@type\":\"SearchAction\",\"target\":{\"@type\":\"EntryPoint\",\"urlTemplate\":\"https:\\\/\\\/medicinasinc.com\\\/lt\\\/?s={search_term_string}\"},\"query-input\":{\"@type\":\"PropertyValueSpecification\",\"valueRequired\":true,\"valueName\":\"search_term_string\"}}],\"inLanguage\":\"en-US\"}]}<\/script>\n<!-- \/ Yoast SEO plugin. -->","yoast_head_json":{"title":"Pirkite Percocet 10 mg tabletes \u2013 geriausius pasaulinius vaistus","description":"Pirkite Percocet 10 mg tabletes internetu. Stipr\u016bs migdomieji vaistai, skausm\u0105 mal\u0161inantys vaistai, internetin\u0117 vaistin\u0117 uk, , parduodamos skausmo tablet\u0117s, vaistai nuo skausmo, vaist\u0173 pirkimas internetu, nuskausminam\u0173j\u0173 vaist\u0173 pirkimas internetu, vaist\u0173 nuo skausmo internetu pirkimas.","robots":{"index":"index","follow":"follow","max-snippet":"max-snippet:-1","max-image-preview":"max-image-preview:large","max-video-preview":"max-video-preview:-1"},"canonical":"https:\/\/medicinasinc.com\/lt\/product\/pirkti-percocet-10mg-tabletes\/","og_locale":"en_US","og_type":"article","og_title":"Pirkite Percocet 10 mg tabletes \u2013 geriausius pasaulinius vaistus","og_description":"Pirkite Percocet 10 mg tabletes internetu. Stipr\u016bs migdomieji vaistai, skausm\u0105 mal\u0161inantys vaistai, internetin\u0117 vaistin\u0117 uk, , parduodamos skausmo tablet\u0117s, vaistai nuo skausmo, vaist\u0173 pirkimas internetu, nuskausminam\u0173j\u0173 vaist\u0173 pirkimas internetu, vaist\u0173 nuo skausmo internetu pirkimas.","og_url":"https:\/\/medicinasinc.com\/lt\/product\/pirkti-percocet-10mg-tabletes\/","og_site_name":"Medicinas Inc","article_modified_time":"2022-03-20T12:20:53+00:00","og_image":[{"width":600,"height":400,"url":"https:\/\/medicinasinc.com\/lt\/wp-content\/uploads\/sites\/9\/2022\/02\/Buy-Percocet-10mg-pills.jpg","type":"image\/jpeg"}],"twitter_card":"summary_large_image","twitter_misc":{"Est. reading time":"5 minutes"},"schema":{"@context":"https:\/\/schema.org","@graph":[{"@type":"WebPage","@id":"https:\/\/medicinasinc.com\/lt\/product\/pirkti-percocet-10mg-tabletes\/","url":"https:\/\/medicinasinc.com\/lt\/product\/pirkti-percocet-10mg-tabletes\/","name":"Pirkite Percocet 10 mg tabletes \u2013 geriausius pasaulinius vaistus","isPartOf":{"@id":"https:\/\/medicinasinc.com\/lt\/#website"},"primaryImageOfPage":{"@id":"https:\/\/medicinasinc.com\/lt\/product\/pirkti-percocet-10mg-tabletes\/#primaryimage"},"image":{"@id":"https:\/\/medicinasinc.com\/lt\/product\/pirkti-percocet-10mg-tabletes\/#primaryimage"},"thumbnailUrl":"https:\/\/medicinasinc.com\/lt\/wp-content\/uploads\/sites\/9\/2022\/02\/Buy-Percocet-10mg-pills.jpg","datePublished":"2022-02-21T18:18:17+00:00","dateModified":"2022-03-20T12:20:53+00:00","description":"Pirkite Percocet 10 mg tabletes internetu. Stipr\u016bs migdomieji vaistai, skausm\u0105 mal\u0161inantys vaistai, internetin\u0117 vaistin\u0117 uk, , parduodamos skausmo tablet\u0117s, vaistai nuo skausmo, vaist\u0173 pirkimas internetu, nuskausminam\u0173j\u0173 vaist\u0173 pirkimas internetu, vaist\u0173 nuo skausmo internetu pirkimas.","breadcrumb":{"@id":"https:\/\/medicinasinc.com\/lt\/product\/pirkti-percocet-10mg-tabletes\/#breadcrumb"},"inLanguage":"en-US","potentialAction":[{"@type":"ReadAction","target":["https:\/\/medicinasinc.com\/lt\/product\/pirkti-percocet-10mg-tabletes\/"]}]},{"@type":"ImageObject","inLanguage":"en-US","@id":"https:\/\/medicinasinc.com\/lt\/product\/pirkti-percocet-10mg-tabletes\/#primaryimage","url":"https:\/\/medicinasinc.com\/lt\/wp-content\/uploads\/sites\/9\/2022\/02\/Buy-Percocet-10mg-pills.jpg","contentUrl":"https:\/\/medicinasinc.com\/lt\/wp-content\/uploads\/sites\/9\/2022\/02\/Buy-Percocet-10mg-pills.jpg","width":600,"height":400},{"@type":"BreadcrumbList","@id":"https:\/\/medicinasinc.com\/lt\/product\/pirkti-percocet-10mg-tabletes\/#breadcrumb","itemListElement":[{"@type":"ListItem","position":1,"name":"Parduotuv\u0117","item":"https:\/\/medicinasinc.com\/lt\/parduotuve\/"},{"@type":"ListItem","position":2,"name":"Pirkite Percocet 10 mg tabletes"}]},{"@type":"WebSite","@id":"https:\/\/medicinasinc.com\/lt\/#website","url":"https:\/\/medicinasinc.com\/lt\/","name":"Medicinas Inc","description":"Sveikatos medicinos klinika","potentialAction":[{"@type":"SearchAction","target":{"@type":"EntryPoint","urlTemplate":"https:\/\/medicinasinc.com\/lt\/?s={search_term_string}"},"query-input":{"@type":"PropertyValueSpecification","valueRequired":true,"valueName":"search_term_string"}}],"inLanguage":"en-US"}]}},"_links":{"self":[{"href":"https:\/\/medicinasinc.com\/lt\/wp-json\/wp\/v2\/product\/5295","targetHints":{"allow":["GET"]}}],"collection":[{"href":"https:\/\/medicinasinc.com\/lt\/wp-json\/wp\/v2\/product"}],"about":[{"href":"https:\/\/medicinasinc.com\/lt\/wp-json\/wp\/v2\/types\/product"}],"replies":[{"embeddable":true,"href":"https:\/\/medicinasinc.com\/lt\/wp-json\/wp\/v2\/comments?post=5295"}],"wp:featuredmedia":[{"embeddable":true,"href":"https:\/\/medicinasinc.com\/lt\/wp-json\/wp\/v2\/media\/5305"}],"wp:attachment":[{"href":"https:\/\/medicinasinc.com\/lt\/wp-json\/wp\/v2\/media?parent=5295"}],"wp:term":[{"taxonomy":"product_brand","embeddable":true,"href":"https:\/\/medicinasinc.com\/lt\/wp-json\/wp\/v2\/product_brand?post=5295"},{"taxonomy":"product_cat","embeddable":true,"href":"https:\/\/medicinasinc.com\/lt\/wp-json\/wp\/v2\/product_cat?post=5295"},{"taxonomy":"product_tag","embeddable":true,"href":"https:\/\/medicinasinc.com\/lt\/wp-json\/wp\/v2\/product_tag?post=5295"}],"curies":[{"name":"wp","href":"https:\/\/api.w.org\/{rel}","templated":true}]}}