{"id":5294,"date":"2022-02-21T18:18:05","date_gmt":"2022-02-21T18:18:05","guid":{"rendered":"https:\/\/medicinasinc.com\/lt\/?post_type=product&#038;p=5294"},"modified":"2022-03-20T12:21:02","modified_gmt":"2022-03-20T12:21:02","slug":"pirkti-oksikodonas-80-mg","status":"publish","type":"product","link":"https:\/\/medicinasinc.com\/lt\/product\/pirkti-oksikodonas-80-mg\/","title":{"rendered":"Pirkite oksikodono 80 mg"},"content":{"rendered":"<div class=\"woocommerce-tabs wc-tabs-wrapper\">\n<div id=\"tab-description\" class=\"woocommerce-Tabs-panel woocommerce-Tabs-panel--description panel entry-content wc-tab\" style=\"text-align: center\" role=\"tabpanel\" aria-labelledby=\"tab-title-description\">\n<p>Internetin\u0117 vaistin\u0117, kurioje galima \u012fsigyti oksikontino 80 mg table\u010di\u0173.<\/p>\n<p>Oksikodono 80 mg table\u010di\u0173 pirkimas internetu. Be to, yra 40 mg oksikodono table\u010di\u0173. Pirkite tik auk\u0161\u010diausios kokyb\u0117s vaistus i\u0161 m\u016bs\u0173.<\/p>\n<p>SANTRAUKA Oksikodonas yra opioidinis vaistas nuo skausmo, vartojamas vidutinio sunkumo ir stipriam skausmui mal\u0161inti.<br \/> PREK\u0116S \u017dENKLO PAVADINIMAS<br \/> Endocet ir Endodan yra anti- vaistai nuo viduriavimo. 2009 m. gegu\u017e\u0117s m\u0117n., nauja formul\u0117 Xolox, Xtampza, Nalocet, Oxaydo, Oxy.IR, Oxycontin, Oxyneo, Percocet, Prolate, Rivacocet, Roxicet, Roxicodone, Targin, Targiniq<br \/> BENDRASIS PAVADINIMAS<br \/> DRUUDON\u0116S NUMERIS DB0x0097 <br \/> PAGRINDIN\u0116 INFORMACIJA<br \/> Oksikodonas yra pusiau sintetinis opioidinis analgetikas, sukurtas 1917 m. Vokietijoje i\u0161 tebaino.<br \/> 3<br \/> Dabar jis patvirtintas kaip greito atpalaidavimo produktas nuo vidutinio ir stipraus skausmo bei skausmo. kaip pailginto atpalaidavimo produktas nuo l\u0117tinio vidutinio sunkumo ar stipraus skausmo, kuriam ilg\u0105 laik\u0105 reikia nuolat vartoti opioidinius analgetikus.<br \/> 1950 m. baland\u017eio 12 d. FDA patvirtino pirm\u0105j\u012f oksikodono turint\u012f vaist\u0105 Percodan.<br \/> MA\u017d\u0172J\u0172 MOLEKULI\u0172 TIPAI<br \/> GRUP\u0116S<br \/> Patvirtintos, nelegalios ir tiriamosios<\/p>\n<\/p><\/div><\/div>\n","protected":false},"excerpt":{"rendered":"<p>Oxycodone 80mg table\u010di\u0173 pirkimas internetu.<\/p>\n<p>Oxycodone 80mg table\u010di\u0173 pirkimas internetu. Oksikodonas 80mg parduodamas Jungtin\u0117je Karalyst\u0117je ir Europoje. Be to, yra 80 mg oksikodono table\u010di\u0173. Pirkite i\u0161 m\u016bs\u0173 tik auk\u0161\u010diausios kokyb\u0117s vaistus.<\/p>\n<p>Oxycodone 80mg table\u010di\u0173 pirkimas internetu. Be to, yra 80 mg oksikodono table\u010di\u0173. Pirkite tik auk\u0161\u010diausios kokyb\u0117s vaistus i\u0161 m\u016bs\u0173.<\/p>\n","protected":false},"featured_media":5303,"comment_status":"open","ping_status":"closed","template":"","meta":[],"product_brand":[],"product_cat":[1117],"product_tag":[1638,1640,1639,1644,1652,1655,1656,1654,1653,1681,1717,1718,1719,1720,1643,1645,1650,1705,1700,1657,1649,1660,1661,1662,1663,1665,1667,1668,1669,1670,1672,1673,1674,1684,1690,1691,1692,1693,1694,1675,1678,1680,1679,1682,1683,1689,1676,1677,1688,1685,1686,1687,1701,1696,1697,1056,1703,1698,1702,1699,1704,1707,1647,1715,1651,1658,1659,1664,1666,1706,1671,1709,1710,1711,1712,1713,1714,1716,1646,1708],"class_list":{"0":"post-5294","1":"product","2":"type-product","3":"status-publish","4":"has-post-thumbnail","6":"product_cat-pirkite-skausmo-miego-ir-sekso-tabletes","7":"product_tag-15-mg-oksikodonas","8":"product_tag-20-mg-oksikodono","9":"product_tag-20-mg-oksikodonas","10":"product_tag-yra-oksikodonas-opioidas","11":"product_tag-deguonies-5-mg","12":"product_tag-deguonies-piliul","13":"product_tag-deguonies-tablets","14":"product_tag-deguonies-vaistai","15":"product_tag-deguonies-narkotikas","16":"product_tag-didelis-oksikodono-kiekis","17":"product_tag-k-veikia-oksikodonas","18":"product_tag-kas-yra-oksi","19":"product_tag-kas-yra-oksimorfonas","20":"product_tag-kas-yra-roksikodonas","21":"product_tag-kiek-laiko-trunka-oksikodonas","22":"product_tag-liquid-oxycodone","23":"product_tag-oksi","24":"product_tag-oksi-medviln","25":"product_tag-oksikontin-generinis","26":"product_tag-oksikodinas","27":"product_tag-oksikodonas","28":"product_tag-oksikodonas-10","29":"product_tag-oksikodonas-10-mg","30":"product_tag-oksikodonas-10-mg-roinis","31":"product_tag-oksikodonas-15-mg","32":"product_tag-oksikodonas-20-mg","33":"product_tag-oksikodonas-30-mg","34":"product_tag-oksikodonas-5","35":"product_tag-oksikodonas-5-325","36":"product_tag-oksikodonas-5-mg","37":"product_tag-oksikodonas-ir-alkoholis","38":"product_tag-oksikodonas-ir-ibuprofenas","39":"product_tag-oksikodonas-ir-tylenolis","40":"product_tag-oksikodonas-greito-atpalaidavimo","41":"product_tag-oksikodonas-prie-oksikontin","42":"product_tag-oksikodonas-prie-perkocet","43":"product_tag-oksikodonas-acetaminofenas","44":"product_tag-oksikodonas-acetaminofenas-5-325","45":"product_tag-oksikodonas-apap","46":"product_tag-oksikodono-dozs","47":"product_tag-oksikodonas-hcl","48":"product_tag-oksikodonas-hcl-5-mg","49":"product_tag-oksikodono-hcl-5-mg-tablet","50":"product_tag-oksikodono-hidrochloridas","51":"product_tag-oksikodonas-hidrochloridas-5-mg","52":"product_tag-oksikodono-naudojimas","53":"product_tag-oksikodono-poveikis","54":"product_tag-oksikodono-pusins-eliminacijos-laikas","55":"product_tag-oksikodono-alutinis-poveikis","56":"product_tag-oksikodono-sudedamosios-dalys","57":"product_tag-oksikodono-tablet","58":"product_tag-oksikodono-tablets","59":"product_tag-oksikontin-ir","60":"product_tag-oksikontinas","61":"product_tag-oksikontinas-30-mg","62":"product_tag-oksikontinas-80-mg","63":"product_tag-oksikontinas-prie-oksikodon","64":"product_tag-oksikontino-dozavimas","65":"product_tag-oksikontino-perdozavimas","66":"product_tag-oksikontino-poveikis","67":"product_tag-oksikotonas","68":"product_tag-oksitocino-tablets","69":"product_tag-opioid-painkillers","70":"product_tag-opioid-tipai","71":"product_tag-oxy-10","72":"product_tag-oxycodon","73":"product_tag-oxycodone","74":"product_tag-oxycodone-15mg","75":"product_tag-oxycodone-20mg","76":"product_tag-oxys","77":"product_tag-priklausomyb-nuo-oksikodono","78":"product_tag-receptiniai-vaistai-nuo-skausmo","79":"product_tag-roksikodonas-prie-oksikodon","80":"product_tag-roxy-10","81":"product_tag-roxy-30s","82":"product_tag-roxy-narkotikas","83":"product_tag-side-effects-of-oxycodone","84":"product_tag-skausm-malinani-vaist-rys","85":"product_tag-skystis-oksikontinas","86":"product_tag-tablets-20","88":"first","89":"instock","90":"shipping-taxable","91":"purchasable","92":"product-type-variable","93":"has-default-attributes"},"yoast_head":"<!-- This site is optimized with the Yoast SEO plugin v27.3 - https:\/\/yoast.com\/product\/yoast-seo-wordpress\/ -->\n<title>Pirkite oksikodon\u0105 80 mg \u2013 geriausius pasaulinius vaistus<\/title>\n<meta name=\"description\" content=\"Pirkite Oxycodone 80mg tabletes internetu. Pirkite oksikodono 80 mg pardavimui JK, Europoje. Taip pat galima \u012fsigyti 80 mg oksikodono table\u010di\u0173. Pirkite geriausios kokyb\u0117s tabletes i\u0161 m\u016bs\u0173.\" \/>\n<meta name=\"robots\" content=\"index, follow, max-snippet:-1, max-image-preview:large, max-video-preview:-1\" \/>\n<link rel=\"canonical\" href=\"https:\/\/medicinasinc.com\/lt\/product\/pirkti-oksikodonas-80-mg\/\" \/>\n<meta property=\"og:locale\" content=\"en_US\" \/>\n<meta property=\"og:type\" content=\"article\" \/>\n<meta property=\"og:title\" content=\"Pirkite oksikodon\u0105 80 mg \u2013 geriausius pasaulinius vaistus\" \/>\n<meta property=\"og:description\" content=\"Pirkite Oxycodone 80mg tabletes internetu. Pirkite oksikodono 80 mg pardavimui JK, Europoje. Taip pat galima \u012fsigyti 80 mg oksikodono table\u010di\u0173. Pirkite geriausios kokyb\u0117s tabletes i\u0161 m\u016bs\u0173.\" \/>\n<meta property=\"og:url\" content=\"https:\/\/medicinasinc.com\/lt\/product\/pirkti-oksikodonas-80-mg\/\" \/>\n<meta property=\"og:site_name\" content=\"Medicinas Inc\" \/>\n<meta property=\"article:modified_time\" content=\"2022-03-20T12:21:02+00:00\" \/>\n<meta property=\"og:image\" content=\"https:\/\/medicinasinc.com\/lt\/wp-content\/uploads\/sites\/9\/2022\/02\/Buy-Oxycodone-80mg.jpg\" \/>\n\t<meta property=\"og:image:width\" content=\"600\" \/>\n\t<meta property=\"og:image:height\" content=\"514\" \/>\n\t<meta property=\"og:image:type\" content=\"image\/jpeg\" \/>\n<meta name=\"twitter:card\" content=\"summary_large_image\" \/>\n<meta name=\"twitter:label1\" content=\"Est. reading time\" \/>\n\t<meta name=\"twitter:data1\" content=\"1 minute\" \/>\n<script type=\"application\/ld+json\" class=\"yoast-schema-graph\">{\"@context\":\"https:\\\/\\\/schema.org\",\"@graph\":[{\"@type\":\"WebPage\",\"@id\":\"https:\\\/\\\/medicinasinc.com\\\/lt\\\/product\\\/pirkti-oksikodonas-80-mg\\\/\",\"url\":\"https:\\\/\\\/medicinasinc.com\\\/lt\\\/product\\\/pirkti-oksikodonas-80-mg\\\/\",\"name\":\"Pirkite oksikodon\u0105 80 mg \u2013 geriausius pasaulinius vaistus\",\"isPartOf\":{\"@id\":\"https:\\\/\\\/medicinasinc.com\\\/lt\\\/#website\"},\"primaryImageOfPage\":{\"@id\":\"https:\\\/\\\/medicinasinc.com\\\/lt\\\/product\\\/pirkti-oksikodonas-80-mg\\\/#primaryimage\"},\"image\":{\"@id\":\"https:\\\/\\\/medicinasinc.com\\\/lt\\\/product\\\/pirkti-oksikodonas-80-mg\\\/#primaryimage\"},\"thumbnailUrl\":\"https:\\\/\\\/medicinasinc.com\\\/lt\\\/wp-content\\\/uploads\\\/sites\\\/9\\\/2022\\\/02\\\/Buy-Oxycodone-80mg.jpg\",\"datePublished\":\"2022-02-21T18:18:05+00:00\",\"dateModified\":\"2022-03-20T12:21:02+00:00\",\"description\":\"Pirkite Oxycodone 80mg tabletes internetu. Pirkite oksikodono 80 mg pardavimui JK, Europoje. Taip pat galima \u012fsigyti 80 mg oksikodono table\u010di\u0173. Pirkite geriausios kokyb\u0117s tabletes i\u0161 m\u016bs\u0173.\",\"breadcrumb\":{\"@id\":\"https:\\\/\\\/medicinasinc.com\\\/lt\\\/product\\\/pirkti-oksikodonas-80-mg\\\/#breadcrumb\"},\"inLanguage\":\"en-US\",\"potentialAction\":[{\"@type\":\"ReadAction\",\"target\":[\"https:\\\/\\\/medicinasinc.com\\\/lt\\\/product\\\/pirkti-oksikodonas-80-mg\\\/\"]}]},{\"@type\":\"ImageObject\",\"inLanguage\":\"en-US\",\"@id\":\"https:\\\/\\\/medicinasinc.com\\\/lt\\\/product\\\/pirkti-oksikodonas-80-mg\\\/#primaryimage\",\"url\":\"https:\\\/\\\/medicinasinc.com\\\/lt\\\/wp-content\\\/uploads\\\/sites\\\/9\\\/2022\\\/02\\\/Buy-Oxycodone-80mg.jpg\",\"contentUrl\":\"https:\\\/\\\/medicinasinc.com\\\/lt\\\/wp-content\\\/uploads\\\/sites\\\/9\\\/2022\\\/02\\\/Buy-Oxycodone-80mg.jpg\",\"width\":600,\"height\":514},{\"@type\":\"BreadcrumbList\",\"@id\":\"https:\\\/\\\/medicinasinc.com\\\/lt\\\/product\\\/pirkti-oksikodonas-80-mg\\\/#breadcrumb\",\"itemListElement\":[{\"@type\":\"ListItem\",\"position\":1,\"name\":\"Parduotuv\u0117\",\"item\":\"https:\\\/\\\/medicinasinc.com\\\/lt\\\/parduotuve\\\/\"},{\"@type\":\"ListItem\",\"position\":2,\"name\":\"Pirkite oksikodono 80 mg\"}]},{\"@type\":\"WebSite\",\"@id\":\"https:\\\/\\\/medicinasinc.com\\\/lt\\\/#website\",\"url\":\"https:\\\/\\\/medicinasinc.com\\\/lt\\\/\",\"name\":\"Medicinas Inc\",\"description\":\"Sveikatos medicinos klinika\",\"potentialAction\":[{\"@type\":\"SearchAction\",\"target\":{\"@type\":\"EntryPoint\",\"urlTemplate\":\"https:\\\/\\\/medicinasinc.com\\\/lt\\\/?s={search_term_string}\"},\"query-input\":{\"@type\":\"PropertyValueSpecification\",\"valueRequired\":true,\"valueName\":\"search_term_string\"}}],\"inLanguage\":\"en-US\"}]}<\/script>\n<!-- \/ Yoast SEO plugin. -->","yoast_head_json":{"title":"Pirkite oksikodon\u0105 80 mg \u2013 geriausius pasaulinius vaistus","description":"Pirkite Oxycodone 80mg tabletes internetu. Pirkite oksikodono 80 mg pardavimui JK, Europoje. Taip pat galima \u012fsigyti 80 mg oksikodono table\u010di\u0173. Pirkite geriausios kokyb\u0117s tabletes i\u0161 m\u016bs\u0173.","robots":{"index":"index","follow":"follow","max-snippet":"max-snippet:-1","max-image-preview":"max-image-preview:large","max-video-preview":"max-video-preview:-1"},"canonical":"https:\/\/medicinasinc.com\/lt\/product\/pirkti-oksikodonas-80-mg\/","og_locale":"en_US","og_type":"article","og_title":"Pirkite oksikodon\u0105 80 mg \u2013 geriausius pasaulinius vaistus","og_description":"Pirkite Oxycodone 80mg tabletes internetu. Pirkite oksikodono 80 mg pardavimui JK, Europoje. Taip pat galima \u012fsigyti 80 mg oksikodono table\u010di\u0173. Pirkite geriausios kokyb\u0117s tabletes i\u0161 m\u016bs\u0173.","og_url":"https:\/\/medicinasinc.com\/lt\/product\/pirkti-oksikodonas-80-mg\/","og_site_name":"Medicinas Inc","article_modified_time":"2022-03-20T12:21:02+00:00","og_image":[{"width":600,"height":514,"url":"https:\/\/medicinasinc.com\/lt\/wp-content\/uploads\/sites\/9\/2022\/02\/Buy-Oxycodone-80mg.jpg","type":"image\/jpeg"}],"twitter_card":"summary_large_image","twitter_misc":{"Est. reading time":"1 minute"},"schema":{"@context":"https:\/\/schema.org","@graph":[{"@type":"WebPage","@id":"https:\/\/medicinasinc.com\/lt\/product\/pirkti-oksikodonas-80-mg\/","url":"https:\/\/medicinasinc.com\/lt\/product\/pirkti-oksikodonas-80-mg\/","name":"Pirkite oksikodon\u0105 80 mg \u2013 geriausius pasaulinius vaistus","isPartOf":{"@id":"https:\/\/medicinasinc.com\/lt\/#website"},"primaryImageOfPage":{"@id":"https:\/\/medicinasinc.com\/lt\/product\/pirkti-oksikodonas-80-mg\/#primaryimage"},"image":{"@id":"https:\/\/medicinasinc.com\/lt\/product\/pirkti-oksikodonas-80-mg\/#primaryimage"},"thumbnailUrl":"https:\/\/medicinasinc.com\/lt\/wp-content\/uploads\/sites\/9\/2022\/02\/Buy-Oxycodone-80mg.jpg","datePublished":"2022-02-21T18:18:05+00:00","dateModified":"2022-03-20T12:21:02+00:00","description":"Pirkite Oxycodone 80mg tabletes internetu. Pirkite oksikodono 80 mg pardavimui JK, Europoje. Taip pat galima \u012fsigyti 80 mg oksikodono table\u010di\u0173. Pirkite geriausios kokyb\u0117s tabletes i\u0161 m\u016bs\u0173.","breadcrumb":{"@id":"https:\/\/medicinasinc.com\/lt\/product\/pirkti-oksikodonas-80-mg\/#breadcrumb"},"inLanguage":"en-US","potentialAction":[{"@type":"ReadAction","target":["https:\/\/medicinasinc.com\/lt\/product\/pirkti-oksikodonas-80-mg\/"]}]},{"@type":"ImageObject","inLanguage":"en-US","@id":"https:\/\/medicinasinc.com\/lt\/product\/pirkti-oksikodonas-80-mg\/#primaryimage","url":"https:\/\/medicinasinc.com\/lt\/wp-content\/uploads\/sites\/9\/2022\/02\/Buy-Oxycodone-80mg.jpg","contentUrl":"https:\/\/medicinasinc.com\/lt\/wp-content\/uploads\/sites\/9\/2022\/02\/Buy-Oxycodone-80mg.jpg","width":600,"height":514},{"@type":"BreadcrumbList","@id":"https:\/\/medicinasinc.com\/lt\/product\/pirkti-oksikodonas-80-mg\/#breadcrumb","itemListElement":[{"@type":"ListItem","position":1,"name":"Parduotuv\u0117","item":"https:\/\/medicinasinc.com\/lt\/parduotuve\/"},{"@type":"ListItem","position":2,"name":"Pirkite oksikodono 80 mg"}]},{"@type":"WebSite","@id":"https:\/\/medicinasinc.com\/lt\/#website","url":"https:\/\/medicinasinc.com\/lt\/","name":"Medicinas Inc","description":"Sveikatos medicinos klinika","potentialAction":[{"@type":"SearchAction","target":{"@type":"EntryPoint","urlTemplate":"https:\/\/medicinasinc.com\/lt\/?s={search_term_string}"},"query-input":{"@type":"PropertyValueSpecification","valueRequired":true,"valueName":"search_term_string"}}],"inLanguage":"en-US"}]}},"_links":{"self":[{"href":"https:\/\/medicinasinc.com\/lt\/wp-json\/wp\/v2\/product\/5294","targetHints":{"allow":["GET"]}}],"collection":[{"href":"https:\/\/medicinasinc.com\/lt\/wp-json\/wp\/v2\/product"}],"about":[{"href":"https:\/\/medicinasinc.com\/lt\/wp-json\/wp\/v2\/types\/product"}],"replies":[{"embeddable":true,"href":"https:\/\/medicinasinc.com\/lt\/wp-json\/wp\/v2\/comments?post=5294"}],"wp:featuredmedia":[{"embeddable":true,"href":"https:\/\/medicinasinc.com\/lt\/wp-json\/wp\/v2\/media\/5303"}],"wp:attachment":[{"href":"https:\/\/medicinasinc.com\/lt\/wp-json\/wp\/v2\/media?parent=5294"}],"wp:term":[{"taxonomy":"product_brand","embeddable":true,"href":"https:\/\/medicinasinc.com\/lt\/wp-json\/wp\/v2\/product_brand?post=5294"},{"taxonomy":"product_cat","embeddable":true,"href":"https:\/\/medicinasinc.com\/lt\/wp-json\/wp\/v2\/product_cat?post=5294"},{"taxonomy":"product_tag","embeddable":true,"href":"https:\/\/medicinasinc.com\/lt\/wp-json\/wp\/v2\/product_tag?post=5294"}],"curies":[{"name":"wp","href":"https:\/\/api.w.org\/{rel}","templated":true}]}}