{"id":5293,"date":"2022-02-21T18:15:16","date_gmt":"2022-02-21T18:15:16","guid":{"rendered":"https:\/\/medicinasinc.com\/lt\/?post_type=product&#038;p=5293"},"modified":"2022-03-20T12:21:11","modified_gmt":"2022-03-20T12:21:11","slug":"pirkti-oksikodonas-40mg-tabletes","status":"publish","type":"product","link":"https:\/\/medicinasinc.com\/lt\/product\/pirkti-oksikodonas-40mg-tabletes\/","title":{"rendered":"Pirkite OxyCodone 40 mg tabletes"},"content":{"rendered":"<p>Oxycodone 40mg table\u010di\u0173 pirkimas internetu.<\/p>\n<p>Oxycodone 40mg table\u010di\u0173 pirkimas internetu. Be to, parduodame kodein\u0105. Visame pasaulyje naudojami skausm\u0105 mal\u0161inantys ir kiti vaistai.<\/p>\n<p>Internetin\u0117 vaistin\u0117 gali \u012fsigyti OxyCodone 40 mg table\u010di\u0173.<\/p>\n<p>Pirkite Oxycodone internetu | \u012esigykite Oxycodone 40mg be recepto<\/p>\n<p>Galite gauti skub\u0173 pristatym\u0105 naudodami kredito kortel\u0119.<\/p>\n<p>\u0160is vaistas vartojamas stipriems, nuolatiniams skausmams (pvz., d\u0117l v\u0117\u017eys).<\/p>\n<p>Oksikodonas yra opioidinis analgetikas. Jis veikia pakeisdamas tai, kaip j\u016bs\u0173 k\u016bnas suvokia ir reaguoja \u012f skausm\u0105 smegenyse.<\/p>\n<p>Didesnes \u0161io vaisto dozes (daugiau nei 40 mg vienoje tablet\u0117je) reikia vartoti tik tuo atveju, jei vartojote vidutines ar dideles dozes. reguliariai vartoti opioidinius vaistus nuo skausmo. \u0160ios stipryb\u0117s gali sukelti perdozavim\u0105 (o gal ir mirt\u012f), jei j\u012f vartoja asmuo, kuris nuolat nevartojo opioid\u0173.<\/p>\n<p>Stenkit\u0117s nenaudoti pailginto atpalaidavimo oksikodono skausmui, kuris yra minimalus arba praeis per vien\u0105 kart\u0105, gydyti. kelios dienos. \u0160is vaistas n\u0117ra skirtas vartoti pagal poreik\u012f.<\/p>\n","protected":false},"excerpt":{"rendered":"<div class=\"woocommerce-product-details__short-description\">\n<p>Internetin\u0117 vaistin\u0117 gali \u012fsigyti OxyCodone 40 mg table\u010di\u0173. \u012esigykite oksikodono internetu | \u012esigykite Oxycodone 40mg be recepto Galite gauti skub\u0173 pristatym\u0105 banko pavedimu.<\/p>\n<p>Pirkite Oxycodone 40mg Pills Online Jungtin\u0117je Karalyst\u0117je ir Europoje, u\u017esisakykite pigi\u0173 Oxycodone Pills Online su&#8230; Oksikodono table\u010di\u0173 galite \u012fsigyti internetu be recepto (be RX).<\/p>\n<\/p><\/div>\n","protected":false},"featured_media":5301,"comment_status":"open","ping_status":"closed","template":"","meta":[],"product_brand":[],"product_cat":[1117],"product_tag":[1638,1640,1639,1644,1652,1655,1656,1654,1653,1681,1641,1642,1717,1718,1719,1720,1643,1645,1650,1705,1700,1657,1648,1649,1660,1661,1662,1663,1665,1667,1668,1669,1670,1672,1673,1674,1684,1690,1691,1692,1693,1694,1675,1678,1680,1679,1682,1683,1689,1676,1677,1688,1685,1686,1687,1701,1696,1697,1056,1703,1698,1702,1699,1704,1707,1647,1715,1651,1658,1659,1664,1666,1695,1706,1671,1709,1710,1711,1712,1713,1714,1716,1646,1708],"class_list":{"0":"post-5293","1":"product","2":"type-product","3":"status-publish","4":"has-post-thumbnail","6":"product_cat-pirkite-skausmo-miego-ir-sekso-tabletes","7":"product_tag-15-mg-oksikodonas","8":"product_tag-20-mg-oksikodono","9":"product_tag-20-mg-oksikodonas","10":"product_tag-yra-oksikodonas-opioidas","11":"product_tag-deguonies-5-mg","12":"product_tag-deguonies-piliul","13":"product_tag-deguonies-tablets","14":"product_tag-deguonies-vaistai","15":"product_tag-deguonies-narkotikas","16":"product_tag-didelis-oksikodono-kiekis","17":"product_tag-dihidrohidroksikodeinonas","18":"product_tag-dihydroxycodeinone","19":"product_tag-k-veikia-oksikodonas","20":"product_tag-kas-yra-oksi","21":"product_tag-kas-yra-oksimorfonas","22":"product_tag-kas-yra-roksikodonas","23":"product_tag-kiek-laiko-trunka-oksikodonas","24":"product_tag-liquid-oxycodone","25":"product_tag-oksi","26":"product_tag-oksi-medviln","27":"product_tag-oksikontin-generinis","28":"product_tag-oksikodinas","29":"product_tag-oksikodona","30":"product_tag-oksikodonas","31":"product_tag-oksikodonas-10","32":"product_tag-oksikodonas-10-mg","33":"product_tag-oksikodonas-10-mg-roinis","34":"product_tag-oksikodonas-15-mg","35":"product_tag-oksikodonas-20-mg","36":"product_tag-oksikodonas-30-mg","37":"product_tag-oksikodonas-5","38":"product_tag-oksikodonas-5-325","39":"product_tag-oksikodonas-5-mg","40":"product_tag-oksikodonas-ir-alkoholis","41":"product_tag-oksikodonas-ir-ibuprofenas","42":"product_tag-oksikodonas-ir-tylenolis","43":"product_tag-oksikodonas-greito-atpalaidavimo","44":"product_tag-oksikodonas-prie-oksikontin","45":"product_tag-oksikodonas-prie-perkocet","46":"product_tag-oksikodonas-acetaminofenas","47":"product_tag-oksikodonas-acetaminofenas-5-325","48":"product_tag-oksikodonas-apap","49":"product_tag-oksikodono-dozs","50":"product_tag-oksikodonas-hcl","51":"product_tag-oksikodonas-hcl-5-mg","52":"product_tag-oksikodono-hcl-5-mg-tablet","53":"product_tag-oksikodono-hidrochloridas","54":"product_tag-oksikodonas-hidrochloridas-5-mg","55":"product_tag-oksikodono-naudojimas","56":"product_tag-oksikodono-poveikis","57":"product_tag-oksikodono-pusins-eliminacijos-laikas","58":"product_tag-oksikodono-alutinis-poveikis","59":"product_tag-oksikodono-sudedamosios-dalys","60":"product_tag-oksikodono-tablet","61":"product_tag-oksikodono-tablets","62":"product_tag-oksikontin-ir","63":"product_tag-oksikontinas","64":"product_tag-oksikontinas-30-mg","65":"product_tag-oksikontinas-80-mg","66":"product_tag-oksikontinas-prie-oksikodon","67":"product_tag-oksikontino-dozavimas","68":"product_tag-oksikontino-perdozavimas","69":"product_tag-oksikontino-poveikis","70":"product_tag-oksikotonas","71":"product_tag-oksitocino-tablets","72":"product_tag-opioid-painkillers","73":"product_tag-opioid-tipai","74":"product_tag-oxy-10","75":"product_tag-oxycodon","76":"product_tag-oxycodone","77":"product_tag-oxycodone-15mg","78":"product_tag-oxycodone-20mg","79":"product_tag-oxycodonum","80":"product_tag-oxys","81":"product_tag-priklausomyb-nuo-oksikodono","82":"product_tag-receptiniai-vaistai-nuo-skausmo","83":"product_tag-roksikodonas-prie-oksikodon","84":"product_tag-roxy-10","85":"product_tag-roxy-30s","86":"product_tag-roxy-narkotikas","87":"product_tag-side-effects-of-oxycodone","88":"product_tag-skausm-malinani-vaist-rys","89":"product_tag-skystis-oksikontinas","90":"product_tag-tablets-20","92":"first","93":"instock","94":"shipping-taxable","95":"purchasable","96":"product-type-variable","97":"has-default-attributes"},"yoast_head":"<!-- This site is optimized with the Yoast SEO plugin v27.3 - https:\/\/yoast.com\/product\/yoast-seo-wordpress\/ -->\n<title>Pirkite OxyCodone 40 mg tabletes \u2013 geriausius pasaulinius vaistus<\/title>\n<meta name=\"description\" content=\"Pirkti Oxycodone\u00a040mg Pills for sale JK, Europa internetu,\u00a0u\u017esisakykite\u00a0pigias\u00a0Oxycodone\u00a040 mg tabletes internetu\u00a0su... Galite\u00a0pirkti oksikodono tabletes internetu\u00a0be recepto (be RX).\" \/>\n<meta name=\"robots\" content=\"index, follow, max-snippet:-1, max-image-preview:large, max-video-preview:-1\" \/>\n<link rel=\"canonical\" href=\"https:\/\/medicinasinc.com\/lt\/product\/pirkti-oksikodonas-40mg-tabletes\/\" \/>\n<meta property=\"og:locale\" content=\"en_US\" \/>\n<meta property=\"og:type\" content=\"article\" \/>\n<meta property=\"og:title\" content=\"Pirkite OxyCodone 40 mg tabletes \u2013 geriausius pasaulinius vaistus\" \/>\n<meta property=\"og:description\" content=\"Pirkti Oxycodone\u00a040mg Pills for sale JK, Europa internetu,\u00a0u\u017esisakykite\u00a0pigias\u00a0Oxycodone\u00a040 mg tabletes internetu\u00a0su... Galite\u00a0pirkti oksikodono tabletes internetu\u00a0be recepto (be RX).\" \/>\n<meta property=\"og:url\" content=\"https:\/\/medicinasinc.com\/lt\/product\/pirkti-oksikodonas-40mg-tabletes\/\" \/>\n<meta property=\"og:site_name\" content=\"Medicinas Inc\" \/>\n<meta property=\"article:modified_time\" content=\"2022-03-20T12:21:11+00:00\" \/>\n<meta property=\"og:image\" content=\"https:\/\/medicinasinc.com\/lt\/wp-content\/uploads\/sites\/9\/2022\/02\/Buy-OxyCodone-40mg.jpg\" \/>\n\t<meta property=\"og:image:width\" content=\"600\" \/>\n\t<meta property=\"og:image:height\" content=\"400\" \/>\n\t<meta property=\"og:image:type\" content=\"image\/jpeg\" \/>\n<meta name=\"twitter:card\" content=\"summary_large_image\" \/>\n<meta name=\"twitter:label1\" content=\"Est. reading time\" \/>\n\t<meta name=\"twitter:data1\" content=\"1 minute\" \/>\n<script type=\"application\/ld+json\" class=\"yoast-schema-graph\">{\"@context\":\"https:\\\/\\\/schema.org\",\"@graph\":[{\"@type\":\"WebPage\",\"@id\":\"https:\\\/\\\/medicinasinc.com\\\/lt\\\/product\\\/pirkti-oksikodonas-40mg-tabletes\\\/\",\"url\":\"https:\\\/\\\/medicinasinc.com\\\/lt\\\/product\\\/pirkti-oksikodonas-40mg-tabletes\\\/\",\"name\":\"Pirkite OxyCodone 40 mg tabletes \u2013 geriausius pasaulinius vaistus\",\"isPartOf\":{\"@id\":\"https:\\\/\\\/medicinasinc.com\\\/lt\\\/#website\"},\"primaryImageOfPage\":{\"@id\":\"https:\\\/\\\/medicinasinc.com\\\/lt\\\/product\\\/pirkti-oksikodonas-40mg-tabletes\\\/#primaryimage\"},\"image\":{\"@id\":\"https:\\\/\\\/medicinasinc.com\\\/lt\\\/product\\\/pirkti-oksikodonas-40mg-tabletes\\\/#primaryimage\"},\"thumbnailUrl\":\"https:\\\/\\\/medicinasinc.com\\\/lt\\\/wp-content\\\/uploads\\\/sites\\\/9\\\/2022\\\/02\\\/Buy-OxyCodone-40mg.jpg\",\"datePublished\":\"2022-02-21T18:15:16+00:00\",\"dateModified\":\"2022-03-20T12:21:11+00:00\",\"description\":\"Pirkti Oxycodone\u00a040mg Pills for sale JK, Europa internetu,\u00a0u\u017esisakykite\u00a0pigias\u00a0Oxycodone\u00a040 mg tabletes internetu\u00a0su... Galite\u00a0pirkti oksikodono tabletes internetu\u00a0be recepto (be RX).\",\"breadcrumb\":{\"@id\":\"https:\\\/\\\/medicinasinc.com\\\/lt\\\/product\\\/pirkti-oksikodonas-40mg-tabletes\\\/#breadcrumb\"},\"inLanguage\":\"en-US\",\"potentialAction\":[{\"@type\":\"ReadAction\",\"target\":[\"https:\\\/\\\/medicinasinc.com\\\/lt\\\/product\\\/pirkti-oksikodonas-40mg-tabletes\\\/\"]}]},{\"@type\":\"ImageObject\",\"inLanguage\":\"en-US\",\"@id\":\"https:\\\/\\\/medicinasinc.com\\\/lt\\\/product\\\/pirkti-oksikodonas-40mg-tabletes\\\/#primaryimage\",\"url\":\"https:\\\/\\\/medicinasinc.com\\\/lt\\\/wp-content\\\/uploads\\\/sites\\\/9\\\/2022\\\/02\\\/Buy-OxyCodone-40mg.jpg\",\"contentUrl\":\"https:\\\/\\\/medicinasinc.com\\\/lt\\\/wp-content\\\/uploads\\\/sites\\\/9\\\/2022\\\/02\\\/Buy-OxyCodone-40mg.jpg\",\"width\":600,\"height\":400},{\"@type\":\"BreadcrumbList\",\"@id\":\"https:\\\/\\\/medicinasinc.com\\\/lt\\\/product\\\/pirkti-oksikodonas-40mg-tabletes\\\/#breadcrumb\",\"itemListElement\":[{\"@type\":\"ListItem\",\"position\":1,\"name\":\"Parduotuv\u0117\",\"item\":\"https:\\\/\\\/medicinasinc.com\\\/lt\\\/parduotuve\\\/\"},{\"@type\":\"ListItem\",\"position\":2,\"name\":\"Pirkite OxyCodone 40 mg tabletes\"}]},{\"@type\":\"WebSite\",\"@id\":\"https:\\\/\\\/medicinasinc.com\\\/lt\\\/#website\",\"url\":\"https:\\\/\\\/medicinasinc.com\\\/lt\\\/\",\"name\":\"Medicinas Inc\",\"description\":\"Sveikatos medicinos klinika\",\"potentialAction\":[{\"@type\":\"SearchAction\",\"target\":{\"@type\":\"EntryPoint\",\"urlTemplate\":\"https:\\\/\\\/medicinasinc.com\\\/lt\\\/?s={search_term_string}\"},\"query-input\":{\"@type\":\"PropertyValueSpecification\",\"valueRequired\":true,\"valueName\":\"search_term_string\"}}],\"inLanguage\":\"en-US\"}]}<\/script>\n<!-- \/ Yoast SEO plugin. -->","yoast_head_json":{"title":"Pirkite OxyCodone 40 mg tabletes \u2013 geriausius pasaulinius vaistus","description":"Pirkti Oxycodone\u00a040mg Pills for sale JK, Europa internetu,\u00a0u\u017esisakykite\u00a0pigias\u00a0Oxycodone\u00a040 mg tabletes internetu\u00a0su... Galite\u00a0pirkti oksikodono tabletes internetu\u00a0be recepto (be RX).","robots":{"index":"index","follow":"follow","max-snippet":"max-snippet:-1","max-image-preview":"max-image-preview:large","max-video-preview":"max-video-preview:-1"},"canonical":"https:\/\/medicinasinc.com\/lt\/product\/pirkti-oksikodonas-40mg-tabletes\/","og_locale":"en_US","og_type":"article","og_title":"Pirkite OxyCodone 40 mg tabletes \u2013 geriausius pasaulinius vaistus","og_description":"Pirkti Oxycodone\u00a040mg Pills for sale JK, Europa internetu,\u00a0u\u017esisakykite\u00a0pigias\u00a0Oxycodone\u00a040 mg tabletes internetu\u00a0su... Galite\u00a0pirkti oksikodono tabletes internetu\u00a0be recepto (be RX).","og_url":"https:\/\/medicinasinc.com\/lt\/product\/pirkti-oksikodonas-40mg-tabletes\/","og_site_name":"Medicinas Inc","article_modified_time":"2022-03-20T12:21:11+00:00","og_image":[{"width":600,"height":400,"url":"https:\/\/medicinasinc.com\/lt\/wp-content\/uploads\/sites\/9\/2022\/02\/Buy-OxyCodone-40mg.jpg","type":"image\/jpeg"}],"twitter_card":"summary_large_image","twitter_misc":{"Est. reading time":"1 minute"},"schema":{"@context":"https:\/\/schema.org","@graph":[{"@type":"WebPage","@id":"https:\/\/medicinasinc.com\/lt\/product\/pirkti-oksikodonas-40mg-tabletes\/","url":"https:\/\/medicinasinc.com\/lt\/product\/pirkti-oksikodonas-40mg-tabletes\/","name":"Pirkite OxyCodone 40 mg tabletes \u2013 geriausius pasaulinius vaistus","isPartOf":{"@id":"https:\/\/medicinasinc.com\/lt\/#website"},"primaryImageOfPage":{"@id":"https:\/\/medicinasinc.com\/lt\/product\/pirkti-oksikodonas-40mg-tabletes\/#primaryimage"},"image":{"@id":"https:\/\/medicinasinc.com\/lt\/product\/pirkti-oksikodonas-40mg-tabletes\/#primaryimage"},"thumbnailUrl":"https:\/\/medicinasinc.com\/lt\/wp-content\/uploads\/sites\/9\/2022\/02\/Buy-OxyCodone-40mg.jpg","datePublished":"2022-02-21T18:15:16+00:00","dateModified":"2022-03-20T12:21:11+00:00","description":"Pirkti Oxycodone\u00a040mg Pills for sale JK, Europa internetu,\u00a0u\u017esisakykite\u00a0pigias\u00a0Oxycodone\u00a040 mg tabletes internetu\u00a0su... Galite\u00a0pirkti oksikodono tabletes internetu\u00a0be recepto (be RX).","breadcrumb":{"@id":"https:\/\/medicinasinc.com\/lt\/product\/pirkti-oksikodonas-40mg-tabletes\/#breadcrumb"},"inLanguage":"en-US","potentialAction":[{"@type":"ReadAction","target":["https:\/\/medicinasinc.com\/lt\/product\/pirkti-oksikodonas-40mg-tabletes\/"]}]},{"@type":"ImageObject","inLanguage":"en-US","@id":"https:\/\/medicinasinc.com\/lt\/product\/pirkti-oksikodonas-40mg-tabletes\/#primaryimage","url":"https:\/\/medicinasinc.com\/lt\/wp-content\/uploads\/sites\/9\/2022\/02\/Buy-OxyCodone-40mg.jpg","contentUrl":"https:\/\/medicinasinc.com\/lt\/wp-content\/uploads\/sites\/9\/2022\/02\/Buy-OxyCodone-40mg.jpg","width":600,"height":400},{"@type":"BreadcrumbList","@id":"https:\/\/medicinasinc.com\/lt\/product\/pirkti-oksikodonas-40mg-tabletes\/#breadcrumb","itemListElement":[{"@type":"ListItem","position":1,"name":"Parduotuv\u0117","item":"https:\/\/medicinasinc.com\/lt\/parduotuve\/"},{"@type":"ListItem","position":2,"name":"Pirkite OxyCodone 40 mg tabletes"}]},{"@type":"WebSite","@id":"https:\/\/medicinasinc.com\/lt\/#website","url":"https:\/\/medicinasinc.com\/lt\/","name":"Medicinas Inc","description":"Sveikatos medicinos klinika","potentialAction":[{"@type":"SearchAction","target":{"@type":"EntryPoint","urlTemplate":"https:\/\/medicinasinc.com\/lt\/?s={search_term_string}"},"query-input":{"@type":"PropertyValueSpecification","valueRequired":true,"valueName":"search_term_string"}}],"inLanguage":"en-US"}]}},"_links":{"self":[{"href":"https:\/\/medicinasinc.com\/lt\/wp-json\/wp\/v2\/product\/5293","targetHints":{"allow":["GET"]}}],"collection":[{"href":"https:\/\/medicinasinc.com\/lt\/wp-json\/wp\/v2\/product"}],"about":[{"href":"https:\/\/medicinasinc.com\/lt\/wp-json\/wp\/v2\/types\/product"}],"replies":[{"embeddable":true,"href":"https:\/\/medicinasinc.com\/lt\/wp-json\/wp\/v2\/comments?post=5293"}],"wp:featuredmedia":[{"embeddable":true,"href":"https:\/\/medicinasinc.com\/lt\/wp-json\/wp\/v2\/media\/5301"}],"wp:attachment":[{"href":"https:\/\/medicinasinc.com\/lt\/wp-json\/wp\/v2\/media?parent=5293"}],"wp:term":[{"taxonomy":"product_brand","embeddable":true,"href":"https:\/\/medicinasinc.com\/lt\/wp-json\/wp\/v2\/product_brand?post=5293"},{"taxonomy":"product_cat","embeddable":true,"href":"https:\/\/medicinasinc.com\/lt\/wp-json\/wp\/v2\/product_cat?post=5293"},{"taxonomy":"product_tag","embeddable":true,"href":"https:\/\/medicinasinc.com\/lt\/wp-json\/wp\/v2\/product_tag?post=5293"}],"curies":[{"name":"wp","href":"https:\/\/api.w.org\/{rel}","templated":true}]}}