{"id":5265,"date":"2022-02-20T22:55:20","date_gmt":"2022-02-20T22:55:20","guid":{"rendered":"https:\/\/medicinasinc.com\/lt\/?post_type=product&#038;p=5265"},"modified":"2022-03-20T12:21:19","modified_gmt":"2022-03-20T12:21:19","slug":"pirkti-mogadon-nitrazepam-5mg-tabletes","status":"publish","type":"product","link":"https:\/\/medicinasinc.com\/lt\/product\/pirkti-mogadon-nitrazepam-5mg-tabletes\/","title":{"rendered":"Pirkite Mogadon Nitrazepam 5 mg tabletes"},"content":{"rendered":"<p>Mogadon Nitrazepam 5 mg table\u010di\u0173 pirkimas internetu<br \/> Mogadon kainuoja 0,31 USD u\u017e tablet\u0119 \u201ePocketPills\u201c. Mogadonas gali b\u016bti pigesnis, jei j\u012f padengia j\u016bs\u0173 draudimas. Nor\u0117dami gauti visas Mogadon i\u0161laidas, turite papildomai \u012ftraukti \u012f i\u0161davimo ir pristatymo i\u0161laidas.<\/p>\n<p>Kiek kainuoja Mogadon i\u0161davimo mokestis?<\/p>\n<p>Mogadon i\u0161davimas pas mus kainuoja tik 7 USD . \u201ePocketpills\u201c siekia pasi\u016blyti jums ma\u017eiausias Mogadon kainas Kanadoje.<br \/> Atminkite, kad mes teikiame NEMOKAMAS vis\u0173 u\u017esakym\u0173 pristatymas visame pasaulyje.<\/p>\n<div>\n<div>\n<div>\n<div class=\"margin- tl\">\n<div class=\"drugcontent-wrapper\">\n<div class=\"h4\">\n<ul>\n<li>Atminkite, kad Kanadoje si\u016blome NEMOKAMAS pristatymas.<\/li>\n<\/ul><\/div><\/div><\/div><\/div><\/div><\/div>\n<div class=\"product-next-previous\">\n<div class=\"product-prev\"><\/div><\/div>\n","protected":false},"excerpt":{"rendered":"<p>Mogadon Nitrazepam 5 mg tablet\u0117s parduodamos Jungtin\u0117je Karalyst\u0117je ir Europoje. sunku u\u017emigti, pasikartojantys susijaudinimai nakt\u012f ir pabudimas anksti ryte. Be to, jis naudojamas miokloniniams priepuoliams steb\u0117ti.<\/p>\n<p>Mogadon Pirkti internetu &#8211; Auk\u0161\u010diausios kokyb\u0117s piliul\u0117s Pirkite nitrazepam\u0105 internetu be recepto, u\u017esisakykite ir greitai pristatykite Mogadon tarptautiniu mastu.<\/p>\n<p>Nitrazepamo xr 30 mg pirkimas<\/p>\n<p>Pirkite nitrazepam\u0105 per nakt\u012f. Pirkite nitrazepam\u0105 be recepto internetu. Pirkite nitrazepam\u0105 Kosta Rikoje, Europoje, Dubajuje, Kinijoje, Europos S\u0105jungoje ir visame pasaulyje. Generinio nitrazepamo tablet\u0117s<\/p>\n","protected":false},"featured_media":5995,"comment_status":"open","ping_status":"closed","template":"","meta":[],"product_brand":[],"product_cat":[1117],"product_tag":[1631,1632,1633,1634,1629,1630,1635,1636,1637],"class_list":{"0":"post-5265","1":"product","2":"type-product","3":"status-publish","4":"has-post-thumbnail","6":"product_cat-pirkite-skausmo-miego-ir-sekso-tabletes","7":"product_tag-mogadon-nitrazepam","8":"product_tag-mogadon-nitrazepam-how-to-quit","9":"product_tag-mogadonas-nitrazepamas-nutraukimas","10":"product_tag-nitrazepamas-mogadonas","11":"product_tag-pirkite-nitrazepam-10mg-pirkti-mogadon-online-nitrazepam-5mg-pardavimui-pirkti-mogadon-10mg","12":"product_tag-pirkti-pigiai-mogadon-nitrazepam","13":"product_tag-reddit-mogadon-nitrazepam","14":"product_tag-reddit-mogadon-nitrazepam-atsitraukimas","15":"product_tag-reddit-nitrazepam-mogadon-atsitraukimas","17":"first","18":"instock","19":"shipping-taxable","20":"purchasable","21":"product-type-variable","22":"has-default-attributes"},"yoast_head":"<!-- This site is optimized with the Yoast SEO plugin v27.3 - https:\/\/yoast.com\/product\/yoast-seo-wordpress\/ -->\n<title>Pirkite Mogadon Nitrazepam 5 mg tabletes \u2013 geriausius pasaulinius vaistus<\/title>\n<meta name=\"description\" content=\"Pirkite Mogadon Nitrazepam 5 mg tabletes pardavimui JK, Europoje internetu. b\u0117d\u0173 linktel\u0117jimas, vienas po kito einantys susijaudinimai vis\u0105 nakt\u012f ir ankstyvas rytinis susijaudinimas. Jis papildomai naudojamas miokloniniams priepuoliams steb\u0117ti.\" \/>\n<meta name=\"robots\" content=\"index, follow, max-snippet:-1, max-image-preview:large, max-video-preview:-1\" \/>\n<link rel=\"canonical\" href=\"https:\/\/medicinasinc.com\/lt\/product\/pirkti-mogadon-nitrazepam-5mg-tabletes\/\" \/>\n<meta property=\"og:locale\" content=\"en_US\" \/>\n<meta property=\"og:type\" content=\"article\" \/>\n<meta property=\"og:title\" content=\"Pirkite Mogadon Nitrazepam 5 mg tabletes \u2013 geriausius pasaulinius vaistus\" \/>\n<meta property=\"og:description\" content=\"Pirkite Mogadon Nitrazepam 5 mg tabletes pardavimui JK, Europoje internetu. b\u0117d\u0173 linktel\u0117jimas, vienas po kito einantys susijaudinimai vis\u0105 nakt\u012f ir ankstyvas rytinis susijaudinimas. Jis papildomai naudojamas miokloniniams priepuoliams steb\u0117ti.\" \/>\n<meta property=\"og:url\" content=\"https:\/\/medicinasinc.com\/lt\/product\/pirkti-mogadon-nitrazepam-5mg-tabletes\/\" \/>\n<meta property=\"og:site_name\" content=\"Medicinas Inc\" \/>\n<meta property=\"article:modified_time\" content=\"2022-03-20T12:21:19+00:00\" \/>\n<meta property=\"og:image\" content=\"https:\/\/medicinasinc.com\/lt\/wp-content\/uploads\/sites\/9\/2022\/02\/Buy-Mogadon-Nitrazepam-5mg-pills.jpg\" \/>\n\t<meta property=\"og:image:width\" content=\"640\" \/>\n\t<meta property=\"og:image:height\" content=\"480\" \/>\n\t<meta property=\"og:image:type\" content=\"image\/jpeg\" \/>\n<meta name=\"twitter:card\" content=\"summary_large_image\" \/>\n<meta name=\"twitter:label1\" content=\"Est. reading time\" \/>\n\t<meta name=\"twitter:data1\" content=\"1 minute\" \/>\n<script type=\"application\/ld+json\" class=\"yoast-schema-graph\">{\"@context\":\"https:\\\/\\\/schema.org\",\"@graph\":[{\"@type\":\"WebPage\",\"@id\":\"https:\\\/\\\/medicinasinc.com\\\/lt\\\/product\\\/pirkti-mogadon-nitrazepam-5mg-tabletes\\\/\",\"url\":\"https:\\\/\\\/medicinasinc.com\\\/lt\\\/product\\\/pirkti-mogadon-nitrazepam-5mg-tabletes\\\/\",\"name\":\"Pirkite Mogadon Nitrazepam 5 mg tabletes \u2013 geriausius pasaulinius vaistus\",\"isPartOf\":{\"@id\":\"https:\\\/\\\/medicinasinc.com\\\/lt\\\/#website\"},\"primaryImageOfPage\":{\"@id\":\"https:\\\/\\\/medicinasinc.com\\\/lt\\\/product\\\/pirkti-mogadon-nitrazepam-5mg-tabletes\\\/#primaryimage\"},\"image\":{\"@id\":\"https:\\\/\\\/medicinasinc.com\\\/lt\\\/product\\\/pirkti-mogadon-nitrazepam-5mg-tabletes\\\/#primaryimage\"},\"thumbnailUrl\":\"https:\\\/\\\/medicinasinc.com\\\/lt\\\/wp-content\\\/uploads\\\/sites\\\/9\\\/2022\\\/02\\\/Buy-Mogadon-Nitrazepam-5mg-pills.jpg\",\"datePublished\":\"2022-02-20T22:55:20+00:00\",\"dateModified\":\"2022-03-20T12:21:19+00:00\",\"description\":\"Pirkite Mogadon Nitrazepam 5 mg tabletes pardavimui JK, Europoje internetu. b\u0117d\u0173 linktel\u0117jimas, vienas po kito einantys susijaudinimai vis\u0105 nakt\u012f ir ankstyvas rytinis susijaudinimas. Jis papildomai naudojamas miokloniniams priepuoliams steb\u0117ti.\",\"breadcrumb\":{\"@id\":\"https:\\\/\\\/medicinasinc.com\\\/lt\\\/product\\\/pirkti-mogadon-nitrazepam-5mg-tabletes\\\/#breadcrumb\"},\"inLanguage\":\"en-US\",\"potentialAction\":[{\"@type\":\"ReadAction\",\"target\":[\"https:\\\/\\\/medicinasinc.com\\\/lt\\\/product\\\/pirkti-mogadon-nitrazepam-5mg-tabletes\\\/\"]}]},{\"@type\":\"ImageObject\",\"inLanguage\":\"en-US\",\"@id\":\"https:\\\/\\\/medicinasinc.com\\\/lt\\\/product\\\/pirkti-mogadon-nitrazepam-5mg-tabletes\\\/#primaryimage\",\"url\":\"https:\\\/\\\/medicinasinc.com\\\/lt\\\/wp-content\\\/uploads\\\/sites\\\/9\\\/2022\\\/02\\\/Buy-Mogadon-Nitrazepam-5mg-pills.jpg\",\"contentUrl\":\"https:\\\/\\\/medicinasinc.com\\\/lt\\\/wp-content\\\/uploads\\\/sites\\\/9\\\/2022\\\/02\\\/Buy-Mogadon-Nitrazepam-5mg-pills.jpg\",\"width\":640,\"height\":480,\"caption\":\"Buy Mogadon Nitrazepam 5mg pills\"},{\"@type\":\"BreadcrumbList\",\"@id\":\"https:\\\/\\\/medicinasinc.com\\\/lt\\\/product\\\/pirkti-mogadon-nitrazepam-5mg-tabletes\\\/#breadcrumb\",\"itemListElement\":[{\"@type\":\"ListItem\",\"position\":1,\"name\":\"Parduotuv\u0117\",\"item\":\"https:\\\/\\\/medicinasinc.com\\\/lt\\\/parduotuve\\\/\"},{\"@type\":\"ListItem\",\"position\":2,\"name\":\"Pirkite Mogadon Nitrazepam 5 mg tabletes\"}]},{\"@type\":\"WebSite\",\"@id\":\"https:\\\/\\\/medicinasinc.com\\\/lt\\\/#website\",\"url\":\"https:\\\/\\\/medicinasinc.com\\\/lt\\\/\",\"name\":\"Medicinas Inc\",\"description\":\"Sveikatos medicinos klinika\",\"potentialAction\":[{\"@type\":\"SearchAction\",\"target\":{\"@type\":\"EntryPoint\",\"urlTemplate\":\"https:\\\/\\\/medicinasinc.com\\\/lt\\\/?s={search_term_string}\"},\"query-input\":{\"@type\":\"PropertyValueSpecification\",\"valueRequired\":true,\"valueName\":\"search_term_string\"}}],\"inLanguage\":\"en-US\"}]}<\/script>\n<!-- \/ Yoast SEO plugin. -->","yoast_head_json":{"title":"Pirkite Mogadon Nitrazepam 5 mg tabletes \u2013 geriausius pasaulinius vaistus","description":"Pirkite Mogadon Nitrazepam 5 mg tabletes pardavimui JK, Europoje internetu. b\u0117d\u0173 linktel\u0117jimas, vienas po kito einantys susijaudinimai vis\u0105 nakt\u012f ir ankstyvas rytinis susijaudinimas. Jis papildomai naudojamas miokloniniams priepuoliams steb\u0117ti.","robots":{"index":"index","follow":"follow","max-snippet":"max-snippet:-1","max-image-preview":"max-image-preview:large","max-video-preview":"max-video-preview:-1"},"canonical":"https:\/\/medicinasinc.com\/lt\/product\/pirkti-mogadon-nitrazepam-5mg-tabletes\/","og_locale":"en_US","og_type":"article","og_title":"Pirkite Mogadon Nitrazepam 5 mg tabletes \u2013 geriausius pasaulinius vaistus","og_description":"Pirkite Mogadon Nitrazepam 5 mg tabletes pardavimui JK, Europoje internetu. b\u0117d\u0173 linktel\u0117jimas, vienas po kito einantys susijaudinimai vis\u0105 nakt\u012f ir ankstyvas rytinis susijaudinimas. Jis papildomai naudojamas miokloniniams priepuoliams steb\u0117ti.","og_url":"https:\/\/medicinasinc.com\/lt\/product\/pirkti-mogadon-nitrazepam-5mg-tabletes\/","og_site_name":"Medicinas Inc","article_modified_time":"2022-03-20T12:21:19+00:00","og_image":[{"width":640,"height":480,"url":"https:\/\/medicinasinc.com\/lt\/wp-content\/uploads\/sites\/9\/2022\/02\/Buy-Mogadon-Nitrazepam-5mg-pills.jpg","type":"image\/jpeg"}],"twitter_card":"summary_large_image","twitter_misc":{"Est. reading time":"1 minute"},"schema":{"@context":"https:\/\/schema.org","@graph":[{"@type":"WebPage","@id":"https:\/\/medicinasinc.com\/lt\/product\/pirkti-mogadon-nitrazepam-5mg-tabletes\/","url":"https:\/\/medicinasinc.com\/lt\/product\/pirkti-mogadon-nitrazepam-5mg-tabletes\/","name":"Pirkite Mogadon Nitrazepam 5 mg tabletes \u2013 geriausius pasaulinius vaistus","isPartOf":{"@id":"https:\/\/medicinasinc.com\/lt\/#website"},"primaryImageOfPage":{"@id":"https:\/\/medicinasinc.com\/lt\/product\/pirkti-mogadon-nitrazepam-5mg-tabletes\/#primaryimage"},"image":{"@id":"https:\/\/medicinasinc.com\/lt\/product\/pirkti-mogadon-nitrazepam-5mg-tabletes\/#primaryimage"},"thumbnailUrl":"https:\/\/medicinasinc.com\/lt\/wp-content\/uploads\/sites\/9\/2022\/02\/Buy-Mogadon-Nitrazepam-5mg-pills.jpg","datePublished":"2022-02-20T22:55:20+00:00","dateModified":"2022-03-20T12:21:19+00:00","description":"Pirkite Mogadon Nitrazepam 5 mg tabletes pardavimui JK, Europoje internetu. b\u0117d\u0173 linktel\u0117jimas, vienas po kito einantys susijaudinimai vis\u0105 nakt\u012f ir ankstyvas rytinis susijaudinimas. Jis papildomai naudojamas miokloniniams priepuoliams steb\u0117ti.","breadcrumb":{"@id":"https:\/\/medicinasinc.com\/lt\/product\/pirkti-mogadon-nitrazepam-5mg-tabletes\/#breadcrumb"},"inLanguage":"en-US","potentialAction":[{"@type":"ReadAction","target":["https:\/\/medicinasinc.com\/lt\/product\/pirkti-mogadon-nitrazepam-5mg-tabletes\/"]}]},{"@type":"ImageObject","inLanguage":"en-US","@id":"https:\/\/medicinasinc.com\/lt\/product\/pirkti-mogadon-nitrazepam-5mg-tabletes\/#primaryimage","url":"https:\/\/medicinasinc.com\/lt\/wp-content\/uploads\/sites\/9\/2022\/02\/Buy-Mogadon-Nitrazepam-5mg-pills.jpg","contentUrl":"https:\/\/medicinasinc.com\/lt\/wp-content\/uploads\/sites\/9\/2022\/02\/Buy-Mogadon-Nitrazepam-5mg-pills.jpg","width":640,"height":480,"caption":"Buy Mogadon Nitrazepam 5mg pills"},{"@type":"BreadcrumbList","@id":"https:\/\/medicinasinc.com\/lt\/product\/pirkti-mogadon-nitrazepam-5mg-tabletes\/#breadcrumb","itemListElement":[{"@type":"ListItem","position":1,"name":"Parduotuv\u0117","item":"https:\/\/medicinasinc.com\/lt\/parduotuve\/"},{"@type":"ListItem","position":2,"name":"Pirkite Mogadon Nitrazepam 5 mg tabletes"}]},{"@type":"WebSite","@id":"https:\/\/medicinasinc.com\/lt\/#website","url":"https:\/\/medicinasinc.com\/lt\/","name":"Medicinas Inc","description":"Sveikatos medicinos klinika","potentialAction":[{"@type":"SearchAction","target":{"@type":"EntryPoint","urlTemplate":"https:\/\/medicinasinc.com\/lt\/?s={search_term_string}"},"query-input":{"@type":"PropertyValueSpecification","valueRequired":true,"valueName":"search_term_string"}}],"inLanguage":"en-US"}]}},"_links":{"self":[{"href":"https:\/\/medicinasinc.com\/lt\/wp-json\/wp\/v2\/product\/5265","targetHints":{"allow":["GET"]}}],"collection":[{"href":"https:\/\/medicinasinc.com\/lt\/wp-json\/wp\/v2\/product"}],"about":[{"href":"https:\/\/medicinasinc.com\/lt\/wp-json\/wp\/v2\/types\/product"}],"replies":[{"embeddable":true,"href":"https:\/\/medicinasinc.com\/lt\/wp-json\/wp\/v2\/comments?post=5265"}],"wp:featuredmedia":[{"embeddable":true,"href":"https:\/\/medicinasinc.com\/lt\/wp-json\/wp\/v2\/media\/5995"}],"wp:attachment":[{"href":"https:\/\/medicinasinc.com\/lt\/wp-json\/wp\/v2\/media?parent=5265"}],"wp:term":[{"taxonomy":"product_brand","embeddable":true,"href":"https:\/\/medicinasinc.com\/lt\/wp-json\/wp\/v2\/product_brand?post=5265"},{"taxonomy":"product_cat","embeddable":true,"href":"https:\/\/medicinasinc.com\/lt\/wp-json\/wp\/v2\/product_cat?post=5265"},{"taxonomy":"product_tag","embeddable":true,"href":"https:\/\/medicinasinc.com\/lt\/wp-json\/wp\/v2\/product_tag?post=5265"}],"curies":[{"name":"wp","href":"https:\/\/api.w.org\/{rel}","templated":true}]}}