{"id":5264,"date":"2022-02-20T22:53:05","date_gmt":"2022-02-20T22:53:05","guid":{"rendered":"https:\/\/medicinasinc.com\/lt\/?post_type=product&#038;p=5264"},"modified":"2022-03-20T12:21:29","modified_gmt":"2022-03-20T12:21:29","slug":"pirkti-motrin-ibuprofenas-600mg-tabletes","status":"publish","type":"product","link":"https:\/\/medicinasinc.com\/lt\/product\/pirkti-motrin-ibuprofenas-600mg-tabletes\/","title":{"rendered":"Pirkite Motrin Ibuprofen 600mg tabletes"},"content":{"rendered":"<p>Motrin \u2013 Ibuprofen 600mg tabletes galima \u012fsigyti internetu.<br \/> Motrin Ibuprofen 600mg tabletes galima nusipirkti internetu.<\/p>\n<p>Ibuprofenas 600mg yra tablet\u0117s. Tai yra vaist\u0173, \u017einom\u0173 kaip NVNU \u2013 nesteroidiniai vaistai nuo u\u017edegimo, klas\u0117s narys. Vartojamas osteoartritui, reumatoidiniam artritui, stuburo artritui, patinusiems s\u0105nariams, nu\u0161alusiems pe\u010diams, bursitui, sausgysli\u0173 u\u017edegimui, tenosinovitui, apatin\u0117s nugaros dalies diskomfortui, patempimams ir patempimams gydyti.<\/p>\n<p>Ibuprofeno 600 mg tabletes reikia saugoti nuo vaik\u0173. \u017evilgsnis ir pasiekiamumas. Jis turi b\u016bti laikomas originalioje pakuot\u0117je ir ne auk\u0161tesn\u0117je kaip 25 laipsni\u0173 Celsijaus temperat\u016broje.<\/p>\n","protected":false},"excerpt":{"rendered":"<div class=\"woocommerce-product-details__short-description\">\n<p>Motrin \u2013 Ibuprofen 600mg tabletes galima \u012fsigyti internetu. Pirkite Ibuprofen\u0105 internetu u\u017e itin ma\u017e\u0105 kain\u0105. Didmeniniams u\u017esakymams taikomas nemokamas pristatymas. Jei ie\u0161kojote nusipirkti receptini\u0173 vaist\u0173 internetu be recepto, paie\u0161ka atlikta.<\/p>\n<p>Ibuprofenas 600 mg yra table\u010di\u0173 pavidalu. Tai yra vaist\u0173, \u017einom\u0173 kaip NVNU, klas\u0117s narys &#8211; Nesteroidiniai vaistai nuo u\u017edegimo.<\/p>\n<p>Ibuprofenas 600 mg tablet\u0117s, ibuprofenas 600 mg recepto stiprumo, ibuprofenas 600 mg be recepto, ibuprofenas 600 mg doz\u0117 suaugusiems, ibuprofenas 600 mg tablet\u0117s kaina, 60 mg ibuprofeno batai, motrin 600 mg, 600 mg ibuprofenas be recepto uk<\/p>\n<\/p><\/div>\n","protected":false},"featured_media":5282,"comment_status":"open","ping_status":"closed","template":"","meta":[],"product_brand":[],"product_cat":[1117],"product_tag":[1571,1572,1599,1580,1581,1573,1574,1579,1583,1588,1589,1590,1591,1596,1597,1598,1586,1592,1584,1585,1587,1593,1594,1595,1600,1602,1603,1604,1608,1609,1610,1582,1627,1628,1611,1612,1613,1617,1618,1619,1620,1621,1616,1576,1615,1575,1624,1625,1626,1622,1614,1623,1577,1578,1601,1605,1606,1607],"class_list":{"0":"post-5264","1":"product","2":"type-product","3":"status-publish","4":"has-post-thumbnail","6":"product_cat-pirkite-skausmo-miego-ir-sekso-tabletes","7":"product_tag-600-mg-ibuprofenas-be-recepto-uk","8":"product_tag-advil-motrin-ibuprofenas","9":"product_tag-yra-ibuprofenas-ir-motrin-tas-pats","10":"product_tag-ar-motrin-turi-ibuprofen","11":"product_tag-ar-motrinas-turi-ibuprofeno","12":"product_tag-are-ibuprofen-and-motrin-the-same","13":"product_tag-are-ibuprofen-and-motrin-the-same-thing","14":"product_tag-does-motrin-contain-ibuprofen","15":"product_tag-ibuprofen-200mg-tablets","16":"product_tag-ibuprofen-600-mg-price-per-pill","17":"product_tag-ibuprofen-600mg-tablets","18":"product_tag-ibuprofen-advil-motrin","19":"product_tag-ibuprofen-and-motrin","20":"product_tag-ibuprofen-motrin-800mg","21":"product_tag-ibuprofen-same-as-motrin","22":"product_tag-ibuprofen-vs-motrin","23":"product_tag-ibuprofenas-600-mg-nereceptinis","24":"product_tag-ibuprofenas-is-motrinas","25":"product_tag-ibuprofenas-600-mg-batai","26":"product_tag-ibuprofeno-600-mg-doz-suaugusiesiems","27":"product_tag-ibuprofenas-600-mg-receptinis-stiprumas","28":"product_tag-ibuprofenas-motrinas","29":"product_tag-ibuprofenas-motrinas-600-mg","30":"product_tag-ibuprofenas-motrinas-800-mg","31":"product_tag-is-ibuprofen-and-motrin-the-same-thing","32":"product_tag-is-ibuprofen-the-same-as-motrin","33":"product_tag-is-motrin-and-ibuprofen-the-same","34":"product_tag-is-motrin-and-ibuprofen-the-same-thing","35":"product_tag-is-motrin-same-as-ibuprofen","36":"product_tag-is-motrin-the-same-as-ibuprofen","37":"product_tag-is-motrin-the-same-thing-as-ibuprofen","38":"product_tag-kiek-ibuprofeno-motrin","39":"product_tag-koks-skirtumas-tarp-ibuprofeno-ir-motrino","40":"product_tag-koks-skirtumas-tarp-motrin-ir-ibuprofeno","41":"product_tag-motrin-600-mg","42":"product_tag-motrin-600-mg-vs-ibuprofenas","43":"product_tag-motrin-800-vs-ibuprofenas","44":"product_tag-motrin-and-ibuprofen-together","45":"product_tag-motrin-ib","46":"product_tag-motrin-ibuprofen","47":"product_tag-motrin-ibuprofenas-200-mg","48":"product_tag-motrin-ibuprofeno-dozavimas","49":"product_tag-motrin-ir-ibuprofenas-tas-pats","50":"product_tag-yra-motrin-ir-ibuprofenas-tas-pats-dalykas","51":"product_tag-motrinas-ir-ibuprofenas-tas-pats","52":"product_tag-yra-motrin-ir-ibuprofenas-tas-pats","53":"product_tag-motrin-versus-ibuprofen","54":"product_tag-motrin-vs-advil-vs-ibuprofen","55":"product_tag-motrin-vs-ibuprofenas","56":"product_tag-motrin-is-ibuprofenas","57":"product_tag-motrinas-ir-ibuprofenas","58":"product_tag-motrin-tas-pats-kaip-ibuprofenas","59":"product_tag-skirtumas-tarp-ibuprofeno-ir-motrino","60":"product_tag-skirtumas-tarp-motrin-ir-ibuprofeno","61":"product_tag-is-ibuprofenas-motrinas","62":"product_tag-is-motrin-ibuprofenas","63":"product_tag-yra-motrin-ibuprofenas-arba-acetaminofenas","64":"product_tag-yra--motrin-panaus-ibuprofenas","66":"first","67":"instock","68":"shipping-taxable","69":"purchasable","70":"product-type-variable","71":"has-default-attributes"},"yoast_head":"<!-- This site is optimized with the Yoast SEO plugin v27.3 - https:\/\/yoast.com\/product\/yoast-seo-wordpress\/ -->\n<title>Pirkite Motrin Ibuprofen 600 mg tabletes \u2013 geriausius pasaulinius vaistus<\/title>\n<meta name=\"description\" content=\"Pirkite Motrin Ibuprofen 600 mg tabletes internetu. Pirkite Ibuprofen 600mg internetu labai pigiomis kainomis. Nemokamas pristatymas didmeniniams u\u017esakymams. Jei ie\u0161kojote nusipirkti vaist\u0173 internetu be recepto, j\u016bs\u0173 paie\u0161ka baig\u0117si.\" \/>\n<meta name=\"robots\" content=\"index, follow, max-snippet:-1, max-image-preview:large, max-video-preview:-1\" \/>\n<link rel=\"canonical\" href=\"https:\/\/medicinasinc.com\/lt\/product\/pirkti-motrin-ibuprofenas-600mg-tabletes\/\" \/>\n<meta property=\"og:locale\" content=\"en_US\" \/>\n<meta property=\"og:type\" content=\"article\" \/>\n<meta property=\"og:title\" content=\"Pirkite Motrin Ibuprofen 600 mg tabletes \u2013 geriausius pasaulinius vaistus\" \/>\n<meta property=\"og:description\" content=\"Pirkite Motrin Ibuprofen 600 mg tabletes internetu. Pirkite Ibuprofen 600mg internetu labai pigiomis kainomis. Nemokamas pristatymas didmeniniams u\u017esakymams. Jei ie\u0161kojote nusipirkti vaist\u0173 internetu be recepto, j\u016bs\u0173 paie\u0161ka baig\u0117si.\" \/>\n<meta property=\"og:url\" content=\"https:\/\/medicinasinc.com\/lt\/product\/pirkti-motrin-ibuprofenas-600mg-tabletes\/\" \/>\n<meta property=\"og:site_name\" content=\"Medicinas Inc\" \/>\n<meta property=\"article:modified_time\" content=\"2022-03-20T12:21:29+00:00\" \/>\n<meta property=\"og:image\" content=\"https:\/\/medicinasinc.com\/lt\/wp-content\/uploads\/sites\/9\/2022\/02\/Buy-Motrin-Ibuprofen-600mg.jpg\" \/>\n\t<meta property=\"og:image:width\" content=\"1200\" \/>\n\t<meta property=\"og:image:height\" content=\"1200\" \/>\n\t<meta property=\"og:image:type\" content=\"image\/jpeg\" \/>\n<meta name=\"twitter:card\" content=\"summary_large_image\" \/>\n<meta name=\"twitter:label1\" content=\"Est. reading time\" \/>\n\t<meta name=\"twitter:data1\" content=\"1 minute\" \/>\n<script type=\"application\/ld+json\" class=\"yoast-schema-graph\">{\"@context\":\"https:\\\/\\\/schema.org\",\"@graph\":[{\"@type\":\"WebPage\",\"@id\":\"https:\\\/\\\/medicinasinc.com\\\/lt\\\/product\\\/pirkti-motrin-ibuprofenas-600mg-tabletes\\\/\",\"url\":\"https:\\\/\\\/medicinasinc.com\\\/lt\\\/product\\\/pirkti-motrin-ibuprofenas-600mg-tabletes\\\/\",\"name\":\"Pirkite Motrin Ibuprofen 600 mg tabletes \u2013 geriausius pasaulinius vaistus\",\"isPartOf\":{\"@id\":\"https:\\\/\\\/medicinasinc.com\\\/lt\\\/#website\"},\"primaryImageOfPage\":{\"@id\":\"https:\\\/\\\/medicinasinc.com\\\/lt\\\/product\\\/pirkti-motrin-ibuprofenas-600mg-tabletes\\\/#primaryimage\"},\"image\":{\"@id\":\"https:\\\/\\\/medicinasinc.com\\\/lt\\\/product\\\/pirkti-motrin-ibuprofenas-600mg-tabletes\\\/#primaryimage\"},\"thumbnailUrl\":\"https:\\\/\\\/medicinasinc.com\\\/lt\\\/wp-content\\\/uploads\\\/sites\\\/9\\\/2022\\\/02\\\/Buy-Motrin-Ibuprofen-600mg.jpg\",\"datePublished\":\"2022-02-20T22:53:05+00:00\",\"dateModified\":\"2022-03-20T12:21:29+00:00\",\"description\":\"Pirkite Motrin Ibuprofen 600 mg tabletes internetu. Pirkite Ibuprofen 600mg internetu labai pigiomis kainomis. Nemokamas pristatymas didmeniniams u\u017esakymams. Jei ie\u0161kojote nusipirkti vaist\u0173 internetu be recepto, j\u016bs\u0173 paie\u0161ka baig\u0117si.\",\"breadcrumb\":{\"@id\":\"https:\\\/\\\/medicinasinc.com\\\/lt\\\/product\\\/pirkti-motrin-ibuprofenas-600mg-tabletes\\\/#breadcrumb\"},\"inLanguage\":\"en-US\",\"potentialAction\":[{\"@type\":\"ReadAction\",\"target\":[\"https:\\\/\\\/medicinasinc.com\\\/lt\\\/product\\\/pirkti-motrin-ibuprofenas-600mg-tabletes\\\/\"]}]},{\"@type\":\"ImageObject\",\"inLanguage\":\"en-US\",\"@id\":\"https:\\\/\\\/medicinasinc.com\\\/lt\\\/product\\\/pirkti-motrin-ibuprofenas-600mg-tabletes\\\/#primaryimage\",\"url\":\"https:\\\/\\\/medicinasinc.com\\\/lt\\\/wp-content\\\/uploads\\\/sites\\\/9\\\/2022\\\/02\\\/Buy-Motrin-Ibuprofen-600mg.jpg\",\"contentUrl\":\"https:\\\/\\\/medicinasinc.com\\\/lt\\\/wp-content\\\/uploads\\\/sites\\\/9\\\/2022\\\/02\\\/Buy-Motrin-Ibuprofen-600mg.jpg\",\"width\":1200,\"height\":1200},{\"@type\":\"BreadcrumbList\",\"@id\":\"https:\\\/\\\/medicinasinc.com\\\/lt\\\/product\\\/pirkti-motrin-ibuprofenas-600mg-tabletes\\\/#breadcrumb\",\"itemListElement\":[{\"@type\":\"ListItem\",\"position\":1,\"name\":\"Parduotuv\u0117\",\"item\":\"https:\\\/\\\/medicinasinc.com\\\/lt\\\/parduotuve\\\/\"},{\"@type\":\"ListItem\",\"position\":2,\"name\":\"Pirkite Motrin Ibuprofen 600mg tabletes\"}]},{\"@type\":\"WebSite\",\"@id\":\"https:\\\/\\\/medicinasinc.com\\\/lt\\\/#website\",\"url\":\"https:\\\/\\\/medicinasinc.com\\\/lt\\\/\",\"name\":\"Medicinas Inc\",\"description\":\"Sveikatos medicinos klinika\",\"potentialAction\":[{\"@type\":\"SearchAction\",\"target\":{\"@type\":\"EntryPoint\",\"urlTemplate\":\"https:\\\/\\\/medicinasinc.com\\\/lt\\\/?s={search_term_string}\"},\"query-input\":{\"@type\":\"PropertyValueSpecification\",\"valueRequired\":true,\"valueName\":\"search_term_string\"}}],\"inLanguage\":\"en-US\"}]}<\/script>\n<!-- \/ Yoast SEO plugin. -->","yoast_head_json":{"title":"Pirkite Motrin Ibuprofen 600 mg tabletes \u2013 geriausius pasaulinius vaistus","description":"Pirkite Motrin Ibuprofen 600 mg tabletes internetu. Pirkite Ibuprofen 600mg internetu labai pigiomis kainomis. Nemokamas pristatymas didmeniniams u\u017esakymams. Jei ie\u0161kojote nusipirkti vaist\u0173 internetu be recepto, j\u016bs\u0173 paie\u0161ka baig\u0117si.","robots":{"index":"index","follow":"follow","max-snippet":"max-snippet:-1","max-image-preview":"max-image-preview:large","max-video-preview":"max-video-preview:-1"},"canonical":"https:\/\/medicinasinc.com\/lt\/product\/pirkti-motrin-ibuprofenas-600mg-tabletes\/","og_locale":"en_US","og_type":"article","og_title":"Pirkite Motrin Ibuprofen 600 mg tabletes \u2013 geriausius pasaulinius vaistus","og_description":"Pirkite Motrin Ibuprofen 600 mg tabletes internetu. Pirkite Ibuprofen 600mg internetu labai pigiomis kainomis. Nemokamas pristatymas didmeniniams u\u017esakymams. Jei ie\u0161kojote nusipirkti vaist\u0173 internetu be recepto, j\u016bs\u0173 paie\u0161ka baig\u0117si.","og_url":"https:\/\/medicinasinc.com\/lt\/product\/pirkti-motrin-ibuprofenas-600mg-tabletes\/","og_site_name":"Medicinas Inc","article_modified_time":"2022-03-20T12:21:29+00:00","og_image":[{"width":1200,"height":1200,"url":"https:\/\/medicinasinc.com\/lt\/wp-content\/uploads\/sites\/9\/2022\/02\/Buy-Motrin-Ibuprofen-600mg.jpg","type":"image\/jpeg"}],"twitter_card":"summary_large_image","twitter_misc":{"Est. reading time":"1 minute"},"schema":{"@context":"https:\/\/schema.org","@graph":[{"@type":"WebPage","@id":"https:\/\/medicinasinc.com\/lt\/product\/pirkti-motrin-ibuprofenas-600mg-tabletes\/","url":"https:\/\/medicinasinc.com\/lt\/product\/pirkti-motrin-ibuprofenas-600mg-tabletes\/","name":"Pirkite Motrin Ibuprofen 600 mg tabletes \u2013 geriausius pasaulinius vaistus","isPartOf":{"@id":"https:\/\/medicinasinc.com\/lt\/#website"},"primaryImageOfPage":{"@id":"https:\/\/medicinasinc.com\/lt\/product\/pirkti-motrin-ibuprofenas-600mg-tabletes\/#primaryimage"},"image":{"@id":"https:\/\/medicinasinc.com\/lt\/product\/pirkti-motrin-ibuprofenas-600mg-tabletes\/#primaryimage"},"thumbnailUrl":"https:\/\/medicinasinc.com\/lt\/wp-content\/uploads\/sites\/9\/2022\/02\/Buy-Motrin-Ibuprofen-600mg.jpg","datePublished":"2022-02-20T22:53:05+00:00","dateModified":"2022-03-20T12:21:29+00:00","description":"Pirkite Motrin Ibuprofen 600 mg tabletes internetu. Pirkite Ibuprofen 600mg internetu labai pigiomis kainomis. Nemokamas pristatymas didmeniniams u\u017esakymams. Jei ie\u0161kojote nusipirkti vaist\u0173 internetu be recepto, j\u016bs\u0173 paie\u0161ka baig\u0117si.","breadcrumb":{"@id":"https:\/\/medicinasinc.com\/lt\/product\/pirkti-motrin-ibuprofenas-600mg-tabletes\/#breadcrumb"},"inLanguage":"en-US","potentialAction":[{"@type":"ReadAction","target":["https:\/\/medicinasinc.com\/lt\/product\/pirkti-motrin-ibuprofenas-600mg-tabletes\/"]}]},{"@type":"ImageObject","inLanguage":"en-US","@id":"https:\/\/medicinasinc.com\/lt\/product\/pirkti-motrin-ibuprofenas-600mg-tabletes\/#primaryimage","url":"https:\/\/medicinasinc.com\/lt\/wp-content\/uploads\/sites\/9\/2022\/02\/Buy-Motrin-Ibuprofen-600mg.jpg","contentUrl":"https:\/\/medicinasinc.com\/lt\/wp-content\/uploads\/sites\/9\/2022\/02\/Buy-Motrin-Ibuprofen-600mg.jpg","width":1200,"height":1200},{"@type":"BreadcrumbList","@id":"https:\/\/medicinasinc.com\/lt\/product\/pirkti-motrin-ibuprofenas-600mg-tabletes\/#breadcrumb","itemListElement":[{"@type":"ListItem","position":1,"name":"Parduotuv\u0117","item":"https:\/\/medicinasinc.com\/lt\/parduotuve\/"},{"@type":"ListItem","position":2,"name":"Pirkite Motrin Ibuprofen 600mg tabletes"}]},{"@type":"WebSite","@id":"https:\/\/medicinasinc.com\/lt\/#website","url":"https:\/\/medicinasinc.com\/lt\/","name":"Medicinas Inc","description":"Sveikatos medicinos klinika","potentialAction":[{"@type":"SearchAction","target":{"@type":"EntryPoint","urlTemplate":"https:\/\/medicinasinc.com\/lt\/?s={search_term_string}"},"query-input":{"@type":"PropertyValueSpecification","valueRequired":true,"valueName":"search_term_string"}}],"inLanguage":"en-US"}]}},"_links":{"self":[{"href":"https:\/\/medicinasinc.com\/lt\/wp-json\/wp\/v2\/product\/5264","targetHints":{"allow":["GET"]}}],"collection":[{"href":"https:\/\/medicinasinc.com\/lt\/wp-json\/wp\/v2\/product"}],"about":[{"href":"https:\/\/medicinasinc.com\/lt\/wp-json\/wp\/v2\/types\/product"}],"replies":[{"embeddable":true,"href":"https:\/\/medicinasinc.com\/lt\/wp-json\/wp\/v2\/comments?post=5264"}],"wp:featuredmedia":[{"embeddable":true,"href":"https:\/\/medicinasinc.com\/lt\/wp-json\/wp\/v2\/media\/5282"}],"wp:attachment":[{"href":"https:\/\/medicinasinc.com\/lt\/wp-json\/wp\/v2\/media?parent=5264"}],"wp:term":[{"taxonomy":"product_brand","embeddable":true,"href":"https:\/\/medicinasinc.com\/lt\/wp-json\/wp\/v2\/product_brand?post=5264"},{"taxonomy":"product_cat","embeddable":true,"href":"https:\/\/medicinasinc.com\/lt\/wp-json\/wp\/v2\/product_cat?post=5264"},{"taxonomy":"product_tag","embeddable":true,"href":"https:\/\/medicinasinc.com\/lt\/wp-json\/wp\/v2\/product_tag?post=5264"}],"curies":[{"name":"wp","href":"https:\/\/api.w.org\/{rel}","templated":true}]}}