{"id":5263,"date":"2022-02-20T22:51:56","date_gmt":"2022-02-20T22:51:56","guid":{"rendered":"https:\/\/medicinasinc.com\/lt\/?post_type=product&#038;p=5263"},"modified":"2022-03-20T12:21:37","modified_gmt":"2022-03-20T12:21:37","slug":"pirkti-naze-2mg-klonazepamas","status":"publish","type":"product","link":"https:\/\/medicinasinc.com\/lt\/product\/pirkti-naze-2mg-klonazepamas\/","title":{"rendered":"Pirkite Naze 2mg Clonazepam"},"content":{"rendered":"<p>Naze 2mg Clonazepam table\u010di\u0173 pirkimas internetu<\/p>\n<p>Klonazepamas vartojamas priepuoliams (epilepsijai ar traukuliams) ir netik\u0117tiems didel\u0117s baim\u0117s atvejams, taip pat nerimui d\u0117l \u0161i\u0173 priepuoli\u0173 (panikos sutrikimo) gydyti, su ar be jo. vie\u0161\u0173j\u0173 viet\u0173 baim\u0117 (agorafobija).<br \/> Klonazepamas yra vaist\u0173, \u017einom\u0173 kaip benzodiazepinai, klas\u0117s narys. Tikslus klonazepamo veikimo b\u016bdas ne\u017einomas; ta\u010diau manoma, kad jis pagerina signalizacijos chemin\u0117s med\u017eiagos, vadinamos gama-aminosviesto r\u016bg\u0161timi (GABA), funkcij\u0105 smegenyse, kuri padeda nuraminti pernelyg didel\u012f elektrini\u0173 nerv\u0173 aktyvum\u0105, sukeliant\u012f traukulius (traukulius) ir panikos sutrikimus.<\/p>\n<p>Pirkite Naze (Clonazepam) 2mg internetu be recepto i\u0161 m\u016bs\u0173 parduotuv\u0117s banko pavedimu. I\u0161 Europos, Jungtin\u0117s Karalyst\u0117s ir JAV teikiamas diskreti\u0161kas pristatymas per nakt\u012f.<\/p>\n<p>Naze 2mg Clonazepam tabletes galima \u012fsigyti internetu.<\/p>\n<p>Klonazepam vartokite tiksliai taip, kaip nurod\u0117 gydytojas.<\/p>\n<p>Naze\u00a0(klonazepamas)\u00a02mg. Naze (Clonazepam) 2 mg table\u010di\u0173 be recepto galite \u012fsigyti internetu (be RX). Produkto kaina yra tokia: u\u017e tablet\u0119.<\/p>\n","protected":false},"excerpt":{"rendered":"<p>Pirkite Naze (Clonazepam) 2mg internetu be recepto i\u0161 m\u016bs\u0173 parduotuv\u0117s banko pavedimu. I\u0161 Europos, Jungtin\u0117s Karalyst\u0117s ir JAV teikiamas diskreti\u0161kas pristatymas per nakt\u012f.<\/p>\n<p>Naze 2mg Clonazepam tabletes galima \u012fsigyti internetu.<\/p>\n<p>Klonazepam vartokite tiksliai taip, kaip nurod\u0117 gydytojas.<\/p>\n<p>Naze\u00a0(klonazepamas)\u00a02mg. Naze (Clonazepam) 2 mg table\u010di\u0173 be recepto galite \u012fsigyti internetu (be RX)<\/p>\n<div class=\"ULSxyf\">\n<div class=\"EyBRub\">\n<div>\n<div id=\"_QM5vYYzICdD2gQa--6GgAw40\" class=\"yp\" data-jiis=\"up\" data-async-type=\"kp_feedback\" data-ved=\"2ahUKEwiM6ImnxNjzAhVQe8AKHb59CDQQ68cEegQIKhAA\"><\/div>\n<\/p><\/div>\n<div class=\"LnbJhc\" data-count=\"11 \" data-iu=\"1\" data-hveid=\"CCoQAQ\" data-ved=\"2ahUKEwiM6ImnxNjzAhVQe8AKHb59CDQQyA0oAHoECCoQAQ\"><\/div>\n<\/p><\/div>\n<\/p><\/div>\n<p>&nbsp;<\/p>\n","protected":false},"featured_media":5280,"comment_status":"open","ping_status":"closed","template":"","meta":[],"product_brand":[],"product_cat":[1117],"product_tag":[1564,1566,1565,1568,1567,1570,1569,1563],"class_list":{"0":"post-5263","1":"product","2":"type-product","3":"status-publish","4":"has-post-thumbnail","6":"product_cat-pirkite-skausmo-miego-ir-sekso-tabletes","7":"product_tag-naze-2mg-alternatyva","8":"product_tag-naze-2mg-kaina-pakistane","9":"product_tag-naze-2mg-online","10":"product_tag-naze-2mg-tablei-vartojimas","11":"product_tag-naze-2mg-tablet-pakistanas","12":"product_tag-naze-tablet-2mg-side-effects","13":"product_tag-naze-table-c4-8di-c5-b3-vartojimas","14":"product_tag-vartojant-klonazepam","16":"first","17":"instock","18":"shipping-taxable","19":"purchasable","20":"product-type-variable","21":"has-default-attributes"},"yoast_head":"<!-- This site is optimized with the Yoast SEO plugin v27.3 - https:\/\/yoast.com\/product\/yoast-seo-wordpress\/ -->\n<title>Pirkite Naze 2mg Clonazepam tabletes \u2013 geriausius pasaulinius vaistus<\/title>\n<meta name=\"description\" content=\"Pirkite Naze\u00a0(Clonazepam)\u00a02mg internetu su banko pavedimu be recepto i\u0161 m\u016bs\u0173 parduotuv\u0117s. Galimas diskreti\u0161kas pristatymas per nakt\u012f i\u0161 Europos, JK ir JAV.\" \/>\n<meta name=\"robots\" content=\"index, follow, max-snippet:-1, max-image-preview:large, max-video-preview:-1\" \/>\n<link rel=\"canonical\" href=\"https:\/\/medicinasinc.com\/lt\/product\/pirkti-naze-2mg-klonazepamas\/\" \/>\n<meta property=\"og:locale\" content=\"en_US\" \/>\n<meta property=\"og:type\" content=\"article\" \/>\n<meta property=\"og:title\" content=\"Pirkite Naze 2mg Clonazepam tabletes \u2013 geriausius pasaulinius vaistus\" \/>\n<meta property=\"og:description\" content=\"Pirkite Naze\u00a0(Clonazepam)\u00a02mg internetu su banko pavedimu be recepto i\u0161 m\u016bs\u0173 parduotuv\u0117s. Galimas diskreti\u0161kas pristatymas per nakt\u012f i\u0161 Europos, JK ir JAV.\" \/>\n<meta property=\"og:url\" content=\"https:\/\/medicinasinc.com\/lt\/product\/pirkti-naze-2mg-klonazepamas\/\" \/>\n<meta property=\"og:site_name\" content=\"Medicinas Inc\" \/>\n<meta property=\"article:modified_time\" content=\"2022-03-20T12:21:37+00:00\" \/>\n<meta property=\"og:image\" content=\"https:\/\/medicinasinc.com\/lt\/wp-content\/uploads\/sites\/9\/2022\/02\/buy-naze-2mg-clonazepam-pills-online.jpg\" \/>\n\t<meta property=\"og:image:width\" content=\"600\" \/>\n\t<meta property=\"og:image:height\" content=\"600\" \/>\n\t<meta property=\"og:image:type\" content=\"image\/jpeg\" \/>\n<meta name=\"twitter:card\" content=\"summary_large_image\" \/>\n<meta name=\"twitter:label1\" content=\"Est. reading time\" \/>\n\t<meta name=\"twitter:data1\" content=\"1 minute\" \/>\n<script type=\"application\/ld+json\" class=\"yoast-schema-graph\">{\"@context\":\"https:\\\/\\\/schema.org\",\"@graph\":[{\"@type\":\"WebPage\",\"@id\":\"https:\\\/\\\/medicinasinc.com\\\/lt\\\/product\\\/pirkti-naze-2mg-klonazepamas\\\/\",\"url\":\"https:\\\/\\\/medicinasinc.com\\\/lt\\\/product\\\/pirkti-naze-2mg-klonazepamas\\\/\",\"name\":\"Pirkite Naze 2mg Clonazepam tabletes \u2013 geriausius pasaulinius vaistus\",\"isPartOf\":{\"@id\":\"https:\\\/\\\/medicinasinc.com\\\/lt\\\/#website\"},\"primaryImageOfPage\":{\"@id\":\"https:\\\/\\\/medicinasinc.com\\\/lt\\\/product\\\/pirkti-naze-2mg-klonazepamas\\\/#primaryimage\"},\"image\":{\"@id\":\"https:\\\/\\\/medicinasinc.com\\\/lt\\\/product\\\/pirkti-naze-2mg-klonazepamas\\\/#primaryimage\"},\"thumbnailUrl\":\"https:\\\/\\\/medicinasinc.com\\\/lt\\\/wp-content\\\/uploads\\\/sites\\\/9\\\/2022\\\/02\\\/buy-naze-2mg-clonazepam-pills-online.jpg\",\"datePublished\":\"2022-02-20T22:51:56+00:00\",\"dateModified\":\"2022-03-20T12:21:37+00:00\",\"description\":\"Pirkite Naze\u00a0(Clonazepam)\u00a02mg internetu su banko pavedimu be recepto i\u0161 m\u016bs\u0173 parduotuv\u0117s. Galimas diskreti\u0161kas pristatymas per nakt\u012f i\u0161 Europos, JK ir JAV.\",\"breadcrumb\":{\"@id\":\"https:\\\/\\\/medicinasinc.com\\\/lt\\\/product\\\/pirkti-naze-2mg-klonazepamas\\\/#breadcrumb\"},\"inLanguage\":\"en-US\",\"potentialAction\":[{\"@type\":\"ReadAction\",\"target\":[\"https:\\\/\\\/medicinasinc.com\\\/lt\\\/product\\\/pirkti-naze-2mg-klonazepamas\\\/\"]}]},{\"@type\":\"ImageObject\",\"inLanguage\":\"en-US\",\"@id\":\"https:\\\/\\\/medicinasinc.com\\\/lt\\\/product\\\/pirkti-naze-2mg-klonazepamas\\\/#primaryimage\",\"url\":\"https:\\\/\\\/medicinasinc.com\\\/lt\\\/wp-content\\\/uploads\\\/sites\\\/9\\\/2022\\\/02\\\/buy-naze-2mg-clonazepam-pills-online.jpg\",\"contentUrl\":\"https:\\\/\\\/medicinasinc.com\\\/lt\\\/wp-content\\\/uploads\\\/sites\\\/9\\\/2022\\\/02\\\/buy-naze-2mg-clonazepam-pills-online.jpg\",\"width\":600,\"height\":600},{\"@type\":\"BreadcrumbList\",\"@id\":\"https:\\\/\\\/medicinasinc.com\\\/lt\\\/product\\\/pirkti-naze-2mg-klonazepamas\\\/#breadcrumb\",\"itemListElement\":[{\"@type\":\"ListItem\",\"position\":1,\"name\":\"Parduotuv\u0117\",\"item\":\"https:\\\/\\\/medicinasinc.com\\\/lt\\\/parduotuve\\\/\"},{\"@type\":\"ListItem\",\"position\":2,\"name\":\"Pirkite Naze 2mg Clonazepam\"}]},{\"@type\":\"WebSite\",\"@id\":\"https:\\\/\\\/medicinasinc.com\\\/lt\\\/#website\",\"url\":\"https:\\\/\\\/medicinasinc.com\\\/lt\\\/\",\"name\":\"Medicinas Inc\",\"description\":\"Sveikatos medicinos klinika\",\"potentialAction\":[{\"@type\":\"SearchAction\",\"target\":{\"@type\":\"EntryPoint\",\"urlTemplate\":\"https:\\\/\\\/medicinasinc.com\\\/lt\\\/?s={search_term_string}\"},\"query-input\":{\"@type\":\"PropertyValueSpecification\",\"valueRequired\":true,\"valueName\":\"search_term_string\"}}],\"inLanguage\":\"en-US\"}]}<\/script>\n<!-- \/ Yoast SEO plugin. -->","yoast_head_json":{"title":"Pirkite Naze 2mg Clonazepam tabletes \u2013 geriausius pasaulinius vaistus","description":"Pirkite Naze\u00a0(Clonazepam)\u00a02mg internetu su banko pavedimu be recepto i\u0161 m\u016bs\u0173 parduotuv\u0117s. Galimas diskreti\u0161kas pristatymas per nakt\u012f i\u0161 Europos, JK ir JAV.","robots":{"index":"index","follow":"follow","max-snippet":"max-snippet:-1","max-image-preview":"max-image-preview:large","max-video-preview":"max-video-preview:-1"},"canonical":"https:\/\/medicinasinc.com\/lt\/product\/pirkti-naze-2mg-klonazepamas\/","og_locale":"en_US","og_type":"article","og_title":"Pirkite Naze 2mg Clonazepam tabletes \u2013 geriausius pasaulinius vaistus","og_description":"Pirkite Naze\u00a0(Clonazepam)\u00a02mg internetu su banko pavedimu be recepto i\u0161 m\u016bs\u0173 parduotuv\u0117s. Galimas diskreti\u0161kas pristatymas per nakt\u012f i\u0161 Europos, JK ir JAV.","og_url":"https:\/\/medicinasinc.com\/lt\/product\/pirkti-naze-2mg-klonazepamas\/","og_site_name":"Medicinas Inc","article_modified_time":"2022-03-20T12:21:37+00:00","og_image":[{"width":600,"height":600,"url":"https:\/\/medicinasinc.com\/lt\/wp-content\/uploads\/sites\/9\/2022\/02\/buy-naze-2mg-clonazepam-pills-online.jpg","type":"image\/jpeg"}],"twitter_card":"summary_large_image","twitter_misc":{"Est. reading time":"1 minute"},"schema":{"@context":"https:\/\/schema.org","@graph":[{"@type":"WebPage","@id":"https:\/\/medicinasinc.com\/lt\/product\/pirkti-naze-2mg-klonazepamas\/","url":"https:\/\/medicinasinc.com\/lt\/product\/pirkti-naze-2mg-klonazepamas\/","name":"Pirkite Naze 2mg Clonazepam tabletes \u2013 geriausius pasaulinius vaistus","isPartOf":{"@id":"https:\/\/medicinasinc.com\/lt\/#website"},"primaryImageOfPage":{"@id":"https:\/\/medicinasinc.com\/lt\/product\/pirkti-naze-2mg-klonazepamas\/#primaryimage"},"image":{"@id":"https:\/\/medicinasinc.com\/lt\/product\/pirkti-naze-2mg-klonazepamas\/#primaryimage"},"thumbnailUrl":"https:\/\/medicinasinc.com\/lt\/wp-content\/uploads\/sites\/9\/2022\/02\/buy-naze-2mg-clonazepam-pills-online.jpg","datePublished":"2022-02-20T22:51:56+00:00","dateModified":"2022-03-20T12:21:37+00:00","description":"Pirkite Naze\u00a0(Clonazepam)\u00a02mg internetu su banko pavedimu be recepto i\u0161 m\u016bs\u0173 parduotuv\u0117s. Galimas diskreti\u0161kas pristatymas per nakt\u012f i\u0161 Europos, JK ir JAV.","breadcrumb":{"@id":"https:\/\/medicinasinc.com\/lt\/product\/pirkti-naze-2mg-klonazepamas\/#breadcrumb"},"inLanguage":"en-US","potentialAction":[{"@type":"ReadAction","target":["https:\/\/medicinasinc.com\/lt\/product\/pirkti-naze-2mg-klonazepamas\/"]}]},{"@type":"ImageObject","inLanguage":"en-US","@id":"https:\/\/medicinasinc.com\/lt\/product\/pirkti-naze-2mg-klonazepamas\/#primaryimage","url":"https:\/\/medicinasinc.com\/lt\/wp-content\/uploads\/sites\/9\/2022\/02\/buy-naze-2mg-clonazepam-pills-online.jpg","contentUrl":"https:\/\/medicinasinc.com\/lt\/wp-content\/uploads\/sites\/9\/2022\/02\/buy-naze-2mg-clonazepam-pills-online.jpg","width":600,"height":600},{"@type":"BreadcrumbList","@id":"https:\/\/medicinasinc.com\/lt\/product\/pirkti-naze-2mg-klonazepamas\/#breadcrumb","itemListElement":[{"@type":"ListItem","position":1,"name":"Parduotuv\u0117","item":"https:\/\/medicinasinc.com\/lt\/parduotuve\/"},{"@type":"ListItem","position":2,"name":"Pirkite Naze 2mg Clonazepam"}]},{"@type":"WebSite","@id":"https:\/\/medicinasinc.com\/lt\/#website","url":"https:\/\/medicinasinc.com\/lt\/","name":"Medicinas Inc","description":"Sveikatos medicinos klinika","potentialAction":[{"@type":"SearchAction","target":{"@type":"EntryPoint","urlTemplate":"https:\/\/medicinasinc.com\/lt\/?s={search_term_string}"},"query-input":{"@type":"PropertyValueSpecification","valueRequired":true,"valueName":"search_term_string"}}],"inLanguage":"en-US"}]}},"_links":{"self":[{"href":"https:\/\/medicinasinc.com\/lt\/wp-json\/wp\/v2\/product\/5263","targetHints":{"allow":["GET"]}}],"collection":[{"href":"https:\/\/medicinasinc.com\/lt\/wp-json\/wp\/v2\/product"}],"about":[{"href":"https:\/\/medicinasinc.com\/lt\/wp-json\/wp\/v2\/types\/product"}],"replies":[{"embeddable":true,"href":"https:\/\/medicinasinc.com\/lt\/wp-json\/wp\/v2\/comments?post=5263"}],"wp:featuredmedia":[{"embeddable":true,"href":"https:\/\/medicinasinc.com\/lt\/wp-json\/wp\/v2\/media\/5280"}],"wp:attachment":[{"href":"https:\/\/medicinasinc.com\/lt\/wp-json\/wp\/v2\/media?parent=5263"}],"wp:term":[{"taxonomy":"product_brand","embeddable":true,"href":"https:\/\/medicinasinc.com\/lt\/wp-json\/wp\/v2\/product_brand?post=5263"},{"taxonomy":"product_cat","embeddable":true,"href":"https:\/\/medicinasinc.com\/lt\/wp-json\/wp\/v2\/product_cat?post=5263"},{"taxonomy":"product_tag","embeddable":true,"href":"https:\/\/medicinasinc.com\/lt\/wp-json\/wp\/v2\/product_tag?post=5263"}],"curies":[{"name":"wp","href":"https:\/\/api.w.org\/{rel}","templated":true}]}}