{"id":5262,"date":"2022-02-20T22:49:49","date_gmt":"2022-02-20T22:49:49","guid":{"rendered":"https:\/\/medicinasinc.com\/lt\/?post_type=product&#038;p=5262"},"modified":"2022-03-20T12:21:45","modified_gmt":"2022-03-20T12:21:45","slug":"pirkti-onax-2mg-alprazolamas","status":"publish","type":"product","link":"https:\/\/medicinasinc.com\/lt\/product\/pirkti-onax-2mg-alprazolamas\/","title":{"rendered":"Pirkite Onax 2mg Alprazolam"},"content":{"rendered":"<p>Pirkite Onax 2mg Alprazolam tabletes internetu | Pirkite Onax internetu | \u012esigykite Onax juosteles<\/p>\n<p>Kas yra Onax? Onax pirkimas internetu<\/p>\n<p>Onax 2 mg baton\u0117liai (alprazolamas) yra gerai \u017einomi d\u0117l raminamojo poveikio. Jis naudojamas miego tr\u016bkumui gydyti bet kuriuo dienos ar nakties metu. Xanax XR yra benzodiazepinas, vartojamas nerimui, panikos sutrikimui ir depresijai gydyti. Jei perkate Onax 2mg baton\u0117lius i\u0161 m\u016bs\u0173, \u012fsitikinkite, kad jums j\u0173 tikrai reikia ir kad Onax rekomenduos gydytojas. PandaPharmacy.com n\u0117ra atsakinga u\u017e joki\u0105 \u017eal\u0105 ar neigiam\u0105 poveik\u012f, kur\u012f sukelia Xanax 3mg.<\/p>\n<p>Piktnaud\u017eiavimas vaistu gali sukelti ribot\u0105 fizin\u0119 ar psichologin\u0119 priklausomyb\u0119, palyginti su 3 s\u0105ra\u0161e esan\u010diais vaistais. Onax 2mg baton\u0117lius galite \u012fsigyti internetu pas mus, nepriklausomai nuo mok\u0117jimo b\u016bdo. Mes taip pat priimame PayPal. Be PayPal, pinig\u0173 pavedimais galima \u012fsigyti Onax 2mg baton\u0117li\u0173. Atminkite, kad \u0161is vaistas yra labai kenksmingas ir gali sukelti priklausomyb\u0119. M\u016bs\u0173 Onax b\u016bt\u0173 auk\u0161\u010diausios klas\u0117s. Perskaitykite m\u016bs\u0173 &#8220;&#8221;, kad gautum\u0117te daugum\u0105 j\u016bs\u0173 galvoje i\u0161kilusi\u0173 klausim\u0173 sprendim\u0173.<\/p>\n<p>Kas yra Onax? Onax pirkimas internetu<\/p>\n<p>Onax 2 mg baton\u0117liai (alprazolamas) yra gerai \u017einomi d\u0117l raminam\u0173j\u0173 savybi\u0173. Jis naudojamas miego tr\u016bkumui gydyti bet kuriuo dienos ar nakties metu. Xanax XR yra benzodiazepinas, vartojamas nerimui, panikos sutrikimui ir depresijai gydyti. Jei perkate Onax 2mg baton\u0117lius i\u0161 m\u016bs\u0173, \u012fsitikinkite, kad jums j\u0173 tikrai reikia ir kad Onax yra patvirtintas j\u016bs\u0173 gydytojo. PandaPharmacy.com n\u0117ra atsakinga u\u017e joki\u0105 \u017eal\u0105 ar neigiam\u0105 poveik\u012f, kur\u012f sukelia Xanax 3mg.<\/p>\n<p>Piktnaud\u017eiavimas vaistu gali sukelti ribot\u0105 fizin\u0119 ar psichologin\u0119 priklausomyb\u0119, palyginti su 3 s\u0105ra\u0161e esan\u010diais vaistais.<\/p>\n<p>Nepriklausomai nuo mok\u0117jimo b\u016bdo, Onax 2mg baton\u0117lius galite \u012fsigyti internetu. Mes taip pat priimame PayPal. Be PayPal, pinig\u0173 pavedimais galima \u012fsigyti Onax 2mg baton\u0117li\u0173. Atminkite, kad \u0161is vaistas yra labai kenksmingas ir gali sukelti priklausomyb\u0119. M\u016bs\u0173 Onax b\u016bt\u0173 auk\u0161\u010diausios klas\u0117s. Perskaitykite m\u016bs\u0173 &#8220;, kad gautum\u0117te atsakymus \u012f daugum\u0105 j\u016bs\u0173 mintyse i\u0161kilusi\u0173 klausim\u0173. U\u017esisakykite<\/p>\n","protected":false},"excerpt":{"rendered":"<p>Onax 2mg alprazolamo table\u010di\u0173 pirkimas internetu. Alprazolamas vartojamas nerimui, siautuliui ir nerimui, susijusiam su nelaimingumu, gydyti. Onax 2mg Alprazolam table\u010di\u0173 pirkimas internetu&#8221;. Alprazolamas 2mg Onax<\/p>\n<p>Onax 2mg baton\u0117liai\/tablet\u0117s pirkti<\/p>\n<p>Onax (Alprazolamas) vartojamas nerimui, panikos priepuoliams, nemigai (sunku u\u017emigti) ir nerimui, susijusiam su depresija, gydyti.<\/p>\n<p>Onax 2mg galite \u012fsigyti internetu i\u0161 m\u016bs\u0173; m\u016bs\u0173 Onax 2mg tablet\u0117s yra auk\u0161\u010diausios kokyb\u0117s. Onax 2mg yra oficialus vaisto pavadinimas. \u0160ios tablet\u0117s bus siun\u010diamos atskirai.<\/p>\n<p>Pirkite Onax 2 mg baton\u0117lius (Alprazolam\u0105), kuris gerai \u017einomas d\u0117l raminamojo poveikio. Jis naudojamas kovojant su miego tr\u016bkumu bet kuriuo dienos ar nakties metu.<\/p>\n","protected":false},"featured_media":5278,"comment_status":"open","ping_status":"closed","template":"","meta":[],"product_brand":[],"product_cat":[1117],"product_tag":[1520,1558,1559,1560,1557,1524,1525,1521,1526,1527,1528,1533,1532,1529,1535,1530,1531,1534,1536,1551,1537,1539,1538,1540,1541,1542,1543,1544,1545,1547,1548,1546,1554,1549,1550,1552,1553,1522,1523,1555,1556,1561,1562],"class_list":{"0":"post-5262","1":"product","2":"type-product","3":"status-publish","4":"has-post-thumbnail","6":"product_cat-pirkite-skausmo-miego-ir-sekso-tabletes","7":"product_tag-are-onax-bars-geras","8":"product_tag-balta-piliul-onax","9":"product_tag-balta-piliul-onax-2","10":"product_tag-baltas-staiakampis-pill-onax-2","11":"product_tag-white-bar-pill-onax","12":"product_tag-dj-onax","13":"product_tag-ilga-balta-pill-onax","14":"product_tag-pirkti-onax","15":"product_tag-vandenynas-farmacija-onaksas","16":"product_tag-onaksas","17":"product_tag-onaksas-2","18":"product_tag-onaksas-2-mg","19":"product_tag-onax-2-white-pill","20":"product_tag-onaks-2-barai","21":"product_tag-onaksas-2mg-batonliai","22":"product_tag-onax-2-pill-id","23":"product_tag-onax-2-tablets-identifikatorius","24":"product_tag-onaksas-2mg-baras","25":"product_tag-onax-ag-it-sprendimai","26":"product_tag-onax-white-pill","27":"product_tag-onax-barai","28":"product_tag-onax-bars-for-sale","29":"product_tag-onakso-batonliai-3-mg","30":"product_tag-onax-dr-germantown","31":"product_tag-onax-galvos-skausmas","32":"product_tag-onax-llc","33":"product_tag-onax-orv-park-mojave-ca-pictures","34":"product_tag-onax-pc-ames","35":"product_tag-onax-pex","36":"product_tag-onax-punta-cana","37":"product_tag-onakso-statulos","38":"product_tag-onax-pill","39":"product_tag-pill-onax-2","40":"product_tag-onax-vlack-kitchenaid-mixer","41":"product_tag-onax-vs-xanax","42":"product_tag-onax-xanax","43":"product_tag-onax-xanax-bars","44":"product_tag-pirkti-onax-2mg","45":"product_tag-pirkti-onax-internetu","46":"product_tag-reddit-onax","47":"product_tag-reddit-onax-for-your-nose","48":"product_tag-xanax-2mg-onax","49":"product_tag-xanax-bars-onax","51":"first","52":"instock","53":"shipping-taxable","54":"purchasable","55":"product-type-variable","56":"has-default-attributes"},"yoast_head":"<!-- This site is optimized with the Yoast SEO plugin v27.3 - https:\/\/yoast.com\/product\/yoast-seo-wordpress\/ -->\n<title>Pirkite Onax 2mg Alprazolam tabletes \u2013 geriausius pasaulinius vaistus<\/title>\n<meta name=\"description\" content=\"Pirkite onax 2mg baton\u0117lius\/tabletes:\u00a0Onax\u00a0(Alprazolamas) gydo nerim\u0105, panikos sutrikim\u0105, nemig\u0105 (miego sutrikimus) ir depresijos sukelt\u0105 nerim\u0105.\" \/>\n<meta name=\"robots\" content=\"index, follow, max-snippet:-1, max-image-preview:large, max-video-preview:-1\" \/>\n<link rel=\"canonical\" href=\"https:\/\/medicinasinc.com\/lt\/product\/pirkti-onax-2mg-alprazolamas\/\" \/>\n<meta property=\"og:locale\" content=\"en_US\" \/>\n<meta property=\"og:type\" content=\"article\" \/>\n<meta property=\"og:title\" content=\"Pirkite Onax 2mg Alprazolam tabletes \u2013 geriausius pasaulinius vaistus\" \/>\n<meta property=\"og:description\" content=\"Pirkite onax 2mg baton\u0117lius\/tabletes:\u00a0Onax\u00a0(Alprazolamas) gydo nerim\u0105, panikos sutrikim\u0105, nemig\u0105 (miego sutrikimus) ir depresijos sukelt\u0105 nerim\u0105.\" \/>\n<meta property=\"og:url\" content=\"https:\/\/medicinasinc.com\/lt\/product\/pirkti-onax-2mg-alprazolamas\/\" \/>\n<meta property=\"og:site_name\" content=\"Medicinas Inc\" \/>\n<meta property=\"article:modified_time\" content=\"2022-03-20T12:21:45+00:00\" \/>\n<meta property=\"og:image\" content=\"https:\/\/medicinasinc.com\/lt\/wp-content\/uploads\/sites\/9\/2022\/02\/Buy-Onax-2mg.jpg\" \/>\n\t<meta property=\"og:image:width\" content=\"400\" \/>\n\t<meta property=\"og:image:height\" content=\"300\" \/>\n\t<meta property=\"og:image:type\" content=\"image\/jpeg\" \/>\n<meta name=\"twitter:card\" content=\"summary_large_image\" \/>\n<meta name=\"twitter:label1\" content=\"Est. reading time\" \/>\n\t<meta name=\"twitter:data1\" content=\"2 minutes\" \/>\n<script type=\"application\/ld+json\" class=\"yoast-schema-graph\">{\"@context\":\"https:\\\/\\\/schema.org\",\"@graph\":[{\"@type\":\"WebPage\",\"@id\":\"https:\\\/\\\/medicinasinc.com\\\/lt\\\/product\\\/pirkti-onax-2mg-alprazolamas\\\/\",\"url\":\"https:\\\/\\\/medicinasinc.com\\\/lt\\\/product\\\/pirkti-onax-2mg-alprazolamas\\\/\",\"name\":\"Pirkite Onax 2mg Alprazolam tabletes \u2013 geriausius pasaulinius vaistus\",\"isPartOf\":{\"@id\":\"https:\\\/\\\/medicinasinc.com\\\/lt\\\/#website\"},\"primaryImageOfPage\":{\"@id\":\"https:\\\/\\\/medicinasinc.com\\\/lt\\\/product\\\/pirkti-onax-2mg-alprazolamas\\\/#primaryimage\"},\"image\":{\"@id\":\"https:\\\/\\\/medicinasinc.com\\\/lt\\\/product\\\/pirkti-onax-2mg-alprazolamas\\\/#primaryimage\"},\"thumbnailUrl\":\"https:\\\/\\\/medicinasinc.com\\\/lt\\\/wp-content\\\/uploads\\\/sites\\\/9\\\/2022\\\/02\\\/Buy-Onax-2mg.jpg\",\"datePublished\":\"2022-02-20T22:49:49+00:00\",\"dateModified\":\"2022-03-20T12:21:45+00:00\",\"description\":\"Pirkite onax 2mg baton\u0117lius\\\/tabletes:\u00a0Onax\u00a0(Alprazolamas) gydo nerim\u0105, panikos sutrikim\u0105, nemig\u0105 (miego sutrikimus) ir depresijos sukelt\u0105 nerim\u0105.\",\"breadcrumb\":{\"@id\":\"https:\\\/\\\/medicinasinc.com\\\/lt\\\/product\\\/pirkti-onax-2mg-alprazolamas\\\/#breadcrumb\"},\"inLanguage\":\"en-US\",\"potentialAction\":[{\"@type\":\"ReadAction\",\"target\":[\"https:\\\/\\\/medicinasinc.com\\\/lt\\\/product\\\/pirkti-onax-2mg-alprazolamas\\\/\"]}]},{\"@type\":\"ImageObject\",\"inLanguage\":\"en-US\",\"@id\":\"https:\\\/\\\/medicinasinc.com\\\/lt\\\/product\\\/pirkti-onax-2mg-alprazolamas\\\/#primaryimage\",\"url\":\"https:\\\/\\\/medicinasinc.com\\\/lt\\\/wp-content\\\/uploads\\\/sites\\\/9\\\/2022\\\/02\\\/Buy-Onax-2mg.jpg\",\"contentUrl\":\"https:\\\/\\\/medicinasinc.com\\\/lt\\\/wp-content\\\/uploads\\\/sites\\\/9\\\/2022\\\/02\\\/Buy-Onax-2mg.jpg\",\"width\":400,\"height\":300},{\"@type\":\"BreadcrumbList\",\"@id\":\"https:\\\/\\\/medicinasinc.com\\\/lt\\\/product\\\/pirkti-onax-2mg-alprazolamas\\\/#breadcrumb\",\"itemListElement\":[{\"@type\":\"ListItem\",\"position\":1,\"name\":\"Parduotuv\u0117\",\"item\":\"https:\\\/\\\/medicinasinc.com\\\/lt\\\/parduotuve\\\/\"},{\"@type\":\"ListItem\",\"position\":2,\"name\":\"Pirkite Onax 2mg Alprazolam\"}]},{\"@type\":\"WebSite\",\"@id\":\"https:\\\/\\\/medicinasinc.com\\\/lt\\\/#website\",\"url\":\"https:\\\/\\\/medicinasinc.com\\\/lt\\\/\",\"name\":\"Medicinas Inc\",\"description\":\"Sveikatos medicinos klinika\",\"potentialAction\":[{\"@type\":\"SearchAction\",\"target\":{\"@type\":\"EntryPoint\",\"urlTemplate\":\"https:\\\/\\\/medicinasinc.com\\\/lt\\\/?s={search_term_string}\"},\"query-input\":{\"@type\":\"PropertyValueSpecification\",\"valueRequired\":true,\"valueName\":\"search_term_string\"}}],\"inLanguage\":\"en-US\"}]}<\/script>\n<!-- \/ Yoast SEO plugin. -->","yoast_head_json":{"title":"Pirkite Onax 2mg Alprazolam tabletes \u2013 geriausius pasaulinius vaistus","description":"Pirkite onax 2mg baton\u0117lius\/tabletes:\u00a0Onax\u00a0(Alprazolamas) gydo nerim\u0105, panikos sutrikim\u0105, nemig\u0105 (miego sutrikimus) ir depresijos sukelt\u0105 nerim\u0105.","robots":{"index":"index","follow":"follow","max-snippet":"max-snippet:-1","max-image-preview":"max-image-preview:large","max-video-preview":"max-video-preview:-1"},"canonical":"https:\/\/medicinasinc.com\/lt\/product\/pirkti-onax-2mg-alprazolamas\/","og_locale":"en_US","og_type":"article","og_title":"Pirkite Onax 2mg Alprazolam tabletes \u2013 geriausius pasaulinius vaistus","og_description":"Pirkite onax 2mg baton\u0117lius\/tabletes:\u00a0Onax\u00a0(Alprazolamas) gydo nerim\u0105, panikos sutrikim\u0105, nemig\u0105 (miego sutrikimus) ir depresijos sukelt\u0105 nerim\u0105.","og_url":"https:\/\/medicinasinc.com\/lt\/product\/pirkti-onax-2mg-alprazolamas\/","og_site_name":"Medicinas Inc","article_modified_time":"2022-03-20T12:21:45+00:00","og_image":[{"width":400,"height":300,"url":"https:\/\/medicinasinc.com\/lt\/wp-content\/uploads\/sites\/9\/2022\/02\/Buy-Onax-2mg.jpg","type":"image\/jpeg"}],"twitter_card":"summary_large_image","twitter_misc":{"Est. reading time":"2 minutes"},"schema":{"@context":"https:\/\/schema.org","@graph":[{"@type":"WebPage","@id":"https:\/\/medicinasinc.com\/lt\/product\/pirkti-onax-2mg-alprazolamas\/","url":"https:\/\/medicinasinc.com\/lt\/product\/pirkti-onax-2mg-alprazolamas\/","name":"Pirkite Onax 2mg Alprazolam tabletes \u2013 geriausius pasaulinius vaistus","isPartOf":{"@id":"https:\/\/medicinasinc.com\/lt\/#website"},"primaryImageOfPage":{"@id":"https:\/\/medicinasinc.com\/lt\/product\/pirkti-onax-2mg-alprazolamas\/#primaryimage"},"image":{"@id":"https:\/\/medicinasinc.com\/lt\/product\/pirkti-onax-2mg-alprazolamas\/#primaryimage"},"thumbnailUrl":"https:\/\/medicinasinc.com\/lt\/wp-content\/uploads\/sites\/9\/2022\/02\/Buy-Onax-2mg.jpg","datePublished":"2022-02-20T22:49:49+00:00","dateModified":"2022-03-20T12:21:45+00:00","description":"Pirkite onax 2mg baton\u0117lius\/tabletes:\u00a0Onax\u00a0(Alprazolamas) gydo nerim\u0105, panikos sutrikim\u0105, nemig\u0105 (miego sutrikimus) ir depresijos sukelt\u0105 nerim\u0105.","breadcrumb":{"@id":"https:\/\/medicinasinc.com\/lt\/product\/pirkti-onax-2mg-alprazolamas\/#breadcrumb"},"inLanguage":"en-US","potentialAction":[{"@type":"ReadAction","target":["https:\/\/medicinasinc.com\/lt\/product\/pirkti-onax-2mg-alprazolamas\/"]}]},{"@type":"ImageObject","inLanguage":"en-US","@id":"https:\/\/medicinasinc.com\/lt\/product\/pirkti-onax-2mg-alprazolamas\/#primaryimage","url":"https:\/\/medicinasinc.com\/lt\/wp-content\/uploads\/sites\/9\/2022\/02\/Buy-Onax-2mg.jpg","contentUrl":"https:\/\/medicinasinc.com\/lt\/wp-content\/uploads\/sites\/9\/2022\/02\/Buy-Onax-2mg.jpg","width":400,"height":300},{"@type":"BreadcrumbList","@id":"https:\/\/medicinasinc.com\/lt\/product\/pirkti-onax-2mg-alprazolamas\/#breadcrumb","itemListElement":[{"@type":"ListItem","position":1,"name":"Parduotuv\u0117","item":"https:\/\/medicinasinc.com\/lt\/parduotuve\/"},{"@type":"ListItem","position":2,"name":"Pirkite Onax 2mg Alprazolam"}]},{"@type":"WebSite","@id":"https:\/\/medicinasinc.com\/lt\/#website","url":"https:\/\/medicinasinc.com\/lt\/","name":"Medicinas Inc","description":"Sveikatos medicinos klinika","potentialAction":[{"@type":"SearchAction","target":{"@type":"EntryPoint","urlTemplate":"https:\/\/medicinasinc.com\/lt\/?s={search_term_string}"},"query-input":{"@type":"PropertyValueSpecification","valueRequired":true,"valueName":"search_term_string"}}],"inLanguage":"en-US"}]}},"_links":{"self":[{"href":"https:\/\/medicinasinc.com\/lt\/wp-json\/wp\/v2\/product\/5262","targetHints":{"allow":["GET"]}}],"collection":[{"href":"https:\/\/medicinasinc.com\/lt\/wp-json\/wp\/v2\/product"}],"about":[{"href":"https:\/\/medicinasinc.com\/lt\/wp-json\/wp\/v2\/types\/product"}],"replies":[{"embeddable":true,"href":"https:\/\/medicinasinc.com\/lt\/wp-json\/wp\/v2\/comments?post=5262"}],"wp:featuredmedia":[{"embeddable":true,"href":"https:\/\/medicinasinc.com\/lt\/wp-json\/wp\/v2\/media\/5278"}],"wp:attachment":[{"href":"https:\/\/medicinasinc.com\/lt\/wp-json\/wp\/v2\/media?parent=5262"}],"wp:term":[{"taxonomy":"product_brand","embeddable":true,"href":"https:\/\/medicinasinc.com\/lt\/wp-json\/wp\/v2\/product_brand?post=5262"},{"taxonomy":"product_cat","embeddable":true,"href":"https:\/\/medicinasinc.com\/lt\/wp-json\/wp\/v2\/product_cat?post=5262"},{"taxonomy":"product_tag","embeddable":true,"href":"https:\/\/medicinasinc.com\/lt\/wp-json\/wp\/v2\/product_tag?post=5262"}],"curies":[{"name":"wp","href":"https:\/\/api.w.org\/{rel}","templated":true}]}}