{"id":5239,"date":"2022-02-20T22:28:45","date_gmt":"2022-02-20T22:28:45","guid":{"rendered":"https:\/\/medicinasinc.com\/lt\/?post_type=product&#038;p=5239"},"modified":"2022-03-20T12:21:55","modified_gmt":"2022-03-20T12:21:55","slug":"pirkite-magnus-mr-morphine-30mg-internete","status":"publish","type":"product","link":"https:\/\/medicinasinc.com\/lt\/product\/pirkite-magnus-mr-morphine-30mg-internete\/","title":{"rendered":"Pirkite Magnus MR Morphine 30mg internetu"},"content":{"rendered":"<div id=\"productDescription\" class=\"productGeneral biggerText\">\n<p>Magnus MR Morphine 30mg pirkite internetu<br \/> Magnus MR (morfino sulfatas) 30 mg kapsul\u0117 Pirkite Magnus MR (morfino sulfatas) 30 mg kapsul\u0119 saugiai internetu<\/p>\n<p>Magnus MR (morfino sulfatas) 30 mg kapsul\u0117 \u2013 u\u017esisakykite be recepto \u2013 pristatymas per nakt\u012f<\/p>\n<p>Magnus MR (morfino sulfatas) 30 mg, parduodamas Jungtin\u0117se Amerikos Valstijose \u2013 patikima skausmo vaistin\u0117<\/p>\n<p>Parduodamas Magnus MR (morfino sulfatas) 30mg internetu \u017eemiausiomis kainomis EUROPOJE &amp; AMERIKA<\/p>\n<p>Kur ir kaip \u0161iandien saugiai \u012fsigyti Magnus MR (Morphine Sulphate) 30mg internetu<\/p>\n<p>1. Parduodamos Rhotard Morphine SR 30mg tablet\u0117s Morphgesic SR 30mg tablet\u0117s<\/p>\n<p>2. Kokybin\u0117 ir kiekybin\u0117 sud\u0117tis<br \/> Morphgesic SR 30mg tablet\u0117s\/Rhotard Morphine SR 30mg tablet\u0117s<br \/> Kiekvienoje tablet\u0117je yra 30 mg morfino sulfato.<br \/> Pagalbin\u0117s med\u017eiagos, kuri\u0173 poveikis ai\u0161kiai apibr\u0117\u017etas:<br \/> Gliukoz\u0117 (63 000 mg tablet\u0117je).<\/p>\n<p>3. Farmakologin\u0117 formul\u0117<br \/> Kontroliuojamo atpalaidavimo tablet\u0117s<br \/> Kiekviena 30 mg tablet\u0117 yra abipus i\u0161gaubta, apvali, violetin\u0117s spalvos pl\u0117vele dengta tablet\u0117.<\/p>\n<p>4. Klinikin\u0117 specifika<br \/> 4.1 Naudojimo indikacijos<br \/> Rhotard Morphine SR \/ Morphgesic SR tablet\u0117s skirtos suaugusiems \u017emon\u0117ms ilg\u0105 laik\u0105 esant stipriam skausmui mal\u0161inti.<\/p>\n<p>4.2 Dozavimas ir vartojimo technika <br \/> Dozavimas Vaik\u0173 populiacija<br \/> Vaikams Rhotard Morphine SR \/ Morphgesic SR table\u010di\u0173 vartoti nerekomenduojama.<\/p>\n<p>Suaugusiesiems: Dozavimas nustatomas atsi\u017evelgiant \u012f skausmo intensyvum\u0105 ir paciento istorij\u0105. analgetik\u0173 vartojimas. Paprastai tabletes reikia gerti du kartus per dien\u0105 12 valand\u0173 intervalu. Pacientams, kuriems yra stiprus skausmas, pradin\u0117 doz\u0117 yra viena arba dvi 10 mg tablet\u0117s (10 mg) du kartus per par\u0105. Skausmui stipr\u0117jant, rekomenduojama padidinti morfino doz\u0119, kad b\u016bt\u0173 pasiektas norimas palengv\u0117jimas. Doz\u0119 galima koreguoti derinant skirtingo stiprumo (10, 30, 60 ir 100 mg) tabletes arba vartojant vien didesnio stiprumo tabletes.<br \/> Pacientams, kurie buvo pakeisti nuo kito geriamojo morfijaus preparato, rekomenduojama. kuri\u0173 biologinis prieinamumas yra pana\u0161us \u012f geriamojo morfijaus skys\u010dio, gaukite t\u0105 pa\u010di\u0105 bendr\u0105 morfino doz\u0119 per 24 valandas. Vis\u0105 \u0161i\u0105 doz\u0119 reikia padalyti per pus\u0119 ir vartoti ryte ir vakare. Gali prireikti titruoti doz\u0119 ir atlikti klinikin\u012f tyrim\u0105.<br \/> Jei pacientas parenteriniu b\u016bdu vartojo morfino prie\u0161 pradedant vartoti Rhotard Morphine SR\/Morphgesic SR tabletes, gali prireikti didesn\u0117s morfino doz\u0117s. Doz\u0119 reik\u0117s koreguoti individualiai, kad b\u016bt\u0173 kompensuojamas nuskausminamojo veiksmingumo suma\u017e\u0117jimas d\u0117l vaisto vartojimo per burn\u0105.<br \/> Nerekomenduojama Rhotard Morphine SR\/Morphgesic SR table\u010di\u0173 vartoti per pirm\u0105sias 24 valandas po operacijos, siekiant suma\u017einti pooperacin\u012f skausm\u0105. Po \u0161io pradinio laikotarpio doz\u0119 turi nustatyti gydytojas.<br \/> Kai kuriems pacientams gali prireikti papildomo parenterinio morfijaus, o tai visi\u0161kai tinkama. Ta\u010diau reikia b\u016bti atsargiems d\u0117l bendros morfino doz\u0117s, taip pat d\u0117l \u200b\u200bu\u017edelsto morfino poveikio Rhotard Morphine SR\/ Morphgesic SR formoje.<br \/> Rhotard Morphine SR\/Morphgesic SR tabletes po operacijos reikia vartoti atsargiai (kaip ir visas morfino preparatai), bet ypa\u010d po pilvo operacijos.<br \/> Skrand\u017eio motorika turi b\u016bti atnaujinta ir tur\u0117t\u0173 b\u016bti palaikoma.<\/p>\n<p>Vartojimo technika<br \/> Rhotard Morphine SR \/ Morphgesic SR geriam\u0173j\u0173 table\u010di\u0173 negalima vartoti kramtyti.<\/p>\n<p>5.1 Farmakodinamikos savyb\u0117s<br \/> Farmakoterapini\u0173 med\u017eiag\u0173 grup\u0117: opioidai.<br \/> N02A yra ATC kodas.<\/p>\n<p>Veiksmingumo mechanizmas<br \/> MAGNUS MR SULFATE ER 30 MG veikia kaip centrin\u0117s nerv\u0173 sistemos opiat\u0173 receptori\u0173 agonistas, pirmiausia Mu ir, kiek ma\u017eesniu mastu, Kapa receptori\u0173. Manoma, kad supraspinalin\u012f nuskausminim\u0105, kv\u0117pavimo slopinim\u0105 ir euforij\u0105 sukelia Mu receptoriai, o stuburo nuskausminim\u0105, mioz\u0119 ir sedacij\u0105 \u2013 Kapa receptoriai.<\/p>\n<p>Centrin\u0117 nerv\u0173 sistema: pagrindinis morfino gydomasis poveikis yra analgezija ir mieguistumas (t. y. mieguistumas ir anksioliz\u0117). MAGNUS MR SULFATE ER 30 MG daro raminam\u0105j\u012f poveik\u012f smegen\u0173 kamieno kv\u0117pavimo centrams. Morfinas veikia tiesiai \u012f kosulio centr\u0105 smegenyse, slopindamas kosulio refleks\u0105. Kosul\u012f slopinantis poveikis galimas vartojant ma\u017eesnes dozes, nei reikia nuskausminimui. Morfinas sukelia mioz\u0119 visi\u0161koje tamsoje. Nors tiksl\u016bs vyzd\u017eiai rodo opioid\u0173 perdozavim\u0105, jie n\u0117ra diagnostiniai (pvz., hemoragin\u0117s ar i\u0161emin\u0117s kilm\u0117s pontino pa\u017eeidimai gali sukelti pana\u0161i\u0173 rezultat\u0173). Perdozavus morfino, hipoksija gali pasireik\u0161ti ry\u0161kia midriaz\u0117, o ne mioze.<\/p>\n<p>MAGNUS MR SULFATE ER 30 MG ir pana\u0161\u016bs analgetikai gali sukelti fizin\u0119 ir psichologin\u0119 priklausomyb\u0119, tod\u0117l juos reikia vartoti atsargiai. Be to, gali i\u0161sivystyti tolerancija.<\/p>\n<p>Lygieji vir\u0161kinamojo trakto raumenys ir kiti glotnieji raumenys<br \/> MAGNUS MR SULFATE ER 30 MG slopina judrum\u0105, padidindamas skrand\u017eio ir dvylikapir\u0161t\u0117s \u017earnos antrumo lygi\u0173j\u0173 raumen\u0173 tonus\u0105. Plonojoje \u017earnoje sul\u0117t\u0117ja maisto vir\u0161kinimas, suma\u017e\u0117ja varomieji susitraukimai. Viduri\u0173 u\u017ekiet\u0117jim\u0105 sukelia suma\u017e\u0117jusios varymo peristaltin\u0117s bangos storojoje \u017earnoje ir tonuso padid\u0117jimas iki spazmo. Morfinas apskritai padidina lygi\u0173j\u0173 raumen\u0173 tonus\u0105, ypa\u010d vir\u0161kinimo trakto ir tul\u017eies sistemos sfinkteriuose. Morfinas gali sukelti spazmus Oddi sfinkteryje, tod\u0117l padid\u0117ja tul\u017eies p\u016bsl\u0117s sl\u0117gis.<\/p>\n<p>MAGNUS MR SULFATE ER 30 MG gali sukelti histamino i\u0161siskyrim\u0105 kartu su periferini\u0173 kraujagysli\u0173 i\u0161sipl\u0117timu arba be jo. Nie\u017eulys, paraudimas, aki\u0173 paraudimas, prakaitavimas ir (arba) ortostatin\u0117 hipotenzija yra histamino i\u0161siskyrimo ir (arba) periferini\u0173 kraujagysli\u0173 i\u0161sipl\u0117timo po\u017eymiai.<\/p>\n<p>Endokrinologija<br \/> Nustatyta, kad opioidai turi \u012ftakos pagumburio hipofiz\u0117s-antinks\u010di\u0173 arba lytini\u0173 liauk\u0173 a\u0161ys. Galima pasteb\u0117ti kelet\u0105 pakitim\u0173, \u012fskaitant prolaktino padid\u0117jim\u0105 serume ir kortizolio bei testosterono koncentracijos plazmoje suma\u017e\u0117jim\u0105, kai AKTH, LH arba FSH lygis yra ne\u012fprastai ma\u017eas arba normalus. Kai kurioms moterims iki menopauz\u0117s gali tr\u016bkti estrogen\u0173. D\u0117l \u0161i\u0173 hormonini\u0173 poky\u010di\u0173 gali atsirasti klinikini\u0173 po\u017eymi\u0173.<\/p>\n<p>Papildomos farmakologin\u0117s pasekm\u0117s<br \/> Tyrimai in vitro ir su gyv\u016bnais rodo, kad nat\u016bral\u016bs opioidai, tokie kaip morfinas, turi \u012fvair\u0173 poveik\u012f imunin\u0117s sistemos komponentams; ta\u010diau \u0161i\u0173 radini\u0173 klinikin\u0117 svarba neai\u0161ki.<\/p>\n<p>Yra per burn\u0105, po oda, \u012f raumenis, \u012f ven\u0105, \u012f stuburo ir tiesi\u0105j\u0105 \u017earn\u0105. Parenterin\u0117s doz\u0117s gali b\u016bti skiriamos kaip su pertraukomis injekcijos arba kaip nuolatin\u0117s ar su pertraukomis infuzijos, atsi\u017evelgiant \u012f paciento poreik\u012f nuskausminamiesiems.<\/p>\n<p>NAUDOJIMO SRITIS<br \/> \u0160is vaistas vartojamas stipriems, nuolatiniams skausmams (pvz. kaip d\u0117l v\u0117\u017eio). Morfinas priskiriamas opioidiniams (narkotiniams) analgetikams. Jis veikia pakeisdamas tai, kaip j\u016bs\u0173 k\u016bnas suvokia ir reaguoja \u012f skausm\u0105 smegenyse.<\/p>\n<p>Didesnes \u0161io vaisto dozes (100 mg ar daugiau vienoje tablet\u0117je) reikia vartoti tik tuo atveju, jei vartojote vidutines ar dideles dozes. reguliariai vartoti opioidinius vaistus nuo skausmo. \u0160ios stipryb\u0117s gali sukelti perdozavim\u0105 (o gal ir mirt\u012f), jei vartoja asmuo, kuris nuolat nevartojo opioid\u0173.<\/p>\n<p>Stenkit\u0117s nenaudoti pailginto atpalaidavimo morfijaus skausmui mal\u0161inti, kuris yra vidutinio sunkumo arba praeis per vien\u0105 dien\u0105. kelios dienos. \u0160is vaistas n\u0117ra skirtas vartoti pagal poreik\u012f.<\/p>\n<p>MAGNUS MR SULFATE ER 30 MG TABLET\u0116S VARTOJIMO NURODYMAI<\/p>\n<p>Prie\u0161 pradedant vartoti morfij\u0173 ir kiekvien\u0105 kart\u0105, kai gaunate papildym\u0105, perskaitykite vaistininko i\u0161leist\u0105 vaist\u0173 vadov\u0105. Jei turite klausim\u0173, pasitarkite su gydytoju arba vaistininku.<\/p>\n<p>Vartokite \u0161\u012f vaist\u0105 reguliariai, o ne tiek, kiek reikia esant stipriam (pramu\u0161imui) skausmui, kaip nurod\u0117 gydytojas. Vartokite \u0161\u012f vaist\u0105 valgio metu arba nevalgius, paprastai kas 8\u201312 valand\u0173, kaip nurod\u0117 gydytojas. Tam tikrus prek\u0117s \u017eenklus reik\u0117t\u0173 vartoti tik kart\u0105 per 12 valand\u0173. Jei jau\u010diate pykinim\u0105, gali b\u016bti naudinga j\u012f vartoti \u0161\u012f vaist\u0105 valgio metu. Pasitarkite su gydytoju arba vaistininku d\u0117l kit\u0173 pykinimo mal\u0161inimo strategij\u0173 (pvz., gul\u0117kite 1\u20132 valandas kuo ma\u017eiau judindami galv\u0105). Jei pykinimas nepraeina, kreipkit\u0117s \u012f gydytoj\u0105.<\/p>\n<p>Tabletes vartokite visas. Tablet\u0117s negalima lau\u017eyti, trai\u0161kyti, kramtyti ar i\u0161tirpinti. D\u0117l to vaistas gali visi\u0161kai i\u0161siskirti, o tai padidina morfino perdozavimo pavoj\u0173.<\/p>\n<p>Doz\u0117 nustatoma pagal j\u016bs\u0173 ligos istorij\u0105 ir reakcij\u0105 \u012f gydym\u0105. Nedidinkite doz\u0117s ir nevartokite \u0161io vaisto da\u017eniau ar ilgesn\u012f laik\u0105, nei rekomenduojama, nes gali padid\u0117ti \u0161alutinio poveikio rizika. Gav\u0119 nurodymus, tinkamai nutraukite vaisto vartojim\u0105.<\/p>\n<p>Jei staigiai nutrauksite \u0161io vaisto vartojim\u0105, gali pasireik\u0161ti abstinencijos simptomai (pvz., neramumas, a\u0161arojan\u010dios akys, sloga, pykinimas, prakaitavimas, raumen\u0173 skausmai). Kad b\u016bt\u0173 i\u0161vengta nutraukimo, gydytojas gali palaipsniui ma\u017einti doz\u0119. Nutraukimo simptom\u0173 tikimyb\u0117 yra didesn\u0117, jei morfin\u0105 vartojote ilg\u0105 laik\u0105 arba didel\u0117mis doz\u0117mis. Nedelsdami pasakykite gydytojui arba vaistininkui, jei turite abstinencijos simptom\u0173.<\/p>\n<p>Kai \u0161is vaistas vartojamas ilg\u0105 laik\u0105, jis gali prarasti savo veiksmingum\u0105. Pasitarkite su gydytoju, jei \u0161is vaistas nustoja tinkamai veikti.<\/p>\n<p>Nors \u0161is vaistas yra naudingas daugeliui \u017emoni\u0173, kartais jis gali sukelti priklausomyb\u0119. \u0160i rizika gali padid\u0117ti, jei turite med\u017eiag\u0173 vartojimo sutrikim\u0105 (pvz., nesaiking\u0105 narkotik\u0173 \/ alkoholio vartojim\u0105 arba priklausomyb\u0119). Nor\u0117dami suma\u017einti priklausomyb\u0117s pavoj\u0173, naudokite \u0161\u012f vaist\u0105 tiksliai taip, kaip nurodyta. D\u0117l papildomos informacijos kreipkit\u0117s \u012f gydytoj\u0105 arba vaistinink\u0105.<\/p>\n<\/p><\/div>\n<div class=\"product-next-previous\">\n<div class=\"product-prev\"><\/div><\/div>\n","protected":false},"excerpt":{"rendered":"<div class=\"woocommerce-product-details__short-description\">\n<p>Magnus MR Morphine 30mg galima \u012fsigyti internetu. Morfinas veikia kaip opioidinis skausm\u0105 mal\u0161inantis vaistas, veikdamas kaip CNS ir kit\u0173 organ\u0173 so\u010di\u0173j\u0173 opioid\u0173 receptori\u0173 agonistas.<\/p>\n<p>Magnus MR (Morphine Sulfate) 30 mg tabletes galima \u012fsigyti be recepto internete (be RX). Morfinas 30 mg parduodamas Jungtin\u0117je Karalyst\u0117je ir Europoje<\/p>\n<\/p><\/div>\n","protected":false},"featured_media":5258,"comment_status":"closed","ping_status":"closed","template":"","meta":[],"product_brand":[],"product_cat":[1117],"product_tag":[1515,1517,1516,1518,1519,1514],"class_list":{"0":"post-5239","1":"product","2":"type-product","3":"status-publish","4":"has-post-thumbnail","6":"product_cat-pirkite-skausmo-miego-ir-sekso-tabletes","7":"product_tag-magnus-mr-morfino-sulfatas-30-mg","8":"product_tag-magnus-mr-morfino-sulfato-gatvs-kaina-u-butel","9":"product_tag-magnus-mr-morphine-sulphate-street-price","10":"product_tag-magnus-mr-30-mg-morfino-sulfatas","11":"product_tag-magnus-mr-morfinas-30-mg","12":"product_tag-pirk-magnus-mr-30mg-morfino-sulfatas","14":"first","15":"instock","16":"shipping-taxable","17":"purchasable","18":"product-type-variable"},"yoast_head":"<!-- This site is optimized with the Yoast SEO plugin v27.3 - https:\/\/yoast.com\/product\/yoast-seo-wordpress\/ -->\n<title>Pirkite Magnus MR Morphine 30mg \u2013 geriausius pasaulinius vaistus<\/title>\n<meta name=\"description\" content=\"Magnus MR\u00a0(Morphine\u00a0Sulfate)\u00a030 mg\u00a0kapsules\u00a0galite nusipirkti internetu\u00a0be recepto (be RX). Morfinas 30 mg parduodamas JK, Europoje\" \/>\n<meta name=\"robots\" content=\"index, follow, max-snippet:-1, max-image-preview:large, max-video-preview:-1\" \/>\n<link rel=\"canonical\" href=\"https:\/\/medicinasinc.com\/lt\/product\/pirkite-magnus-mr-morphine-30mg-internete\/\" \/>\n<meta property=\"og:locale\" content=\"en_US\" \/>\n<meta property=\"og:type\" content=\"article\" \/>\n<meta property=\"og:title\" content=\"Pirkite Magnus MR Morphine 30mg \u2013 geriausius pasaulinius vaistus\" \/>\n<meta property=\"og:description\" content=\"Magnus MR\u00a0(Morphine\u00a0Sulfate)\u00a030 mg\u00a0kapsules\u00a0galite nusipirkti internetu\u00a0be recepto (be RX). Morfinas 30 mg parduodamas JK, Europoje\" \/>\n<meta property=\"og:url\" content=\"https:\/\/medicinasinc.com\/lt\/product\/pirkite-magnus-mr-morphine-30mg-internete\/\" \/>\n<meta property=\"og:site_name\" content=\"Medicinas Inc\" \/>\n<meta property=\"article:modified_time\" content=\"2022-03-20T12:21:55+00:00\" \/>\n<meta property=\"og:image\" content=\"https:\/\/medicinasinc.com\/lt\/wp-content\/uploads\/sites\/9\/2022\/02\/Buy-Magnus-MR-Morphine-30mg.jpg\" \/>\n\t<meta property=\"og:image:width\" content=\"600\" \/>\n\t<meta property=\"og:image:height\" content=\"600\" \/>\n\t<meta property=\"og:image:type\" content=\"image\/jpeg\" \/>\n<meta name=\"twitter:card\" content=\"summary_large_image\" \/>\n<meta name=\"twitter:label1\" content=\"Est. reading time\" \/>\n\t<meta name=\"twitter:data1\" content=\"7 minutes\" \/>\n<script type=\"application\/ld+json\" class=\"yoast-schema-graph\">{\"@context\":\"https:\\\/\\\/schema.org\",\"@graph\":[{\"@type\":\"WebPage\",\"@id\":\"https:\\\/\\\/medicinasinc.com\\\/lt\\\/product\\\/pirkite-magnus-mr-morphine-30mg-internete\\\/\",\"url\":\"https:\\\/\\\/medicinasinc.com\\\/lt\\\/product\\\/pirkite-magnus-mr-morphine-30mg-internete\\\/\",\"name\":\"Pirkite Magnus MR Morphine 30mg \u2013 geriausius pasaulinius vaistus\",\"isPartOf\":{\"@id\":\"https:\\\/\\\/medicinasinc.com\\\/lt\\\/#website\"},\"primaryImageOfPage\":{\"@id\":\"https:\\\/\\\/medicinasinc.com\\\/lt\\\/product\\\/pirkite-magnus-mr-morphine-30mg-internete\\\/#primaryimage\"},\"image\":{\"@id\":\"https:\\\/\\\/medicinasinc.com\\\/lt\\\/product\\\/pirkite-magnus-mr-morphine-30mg-internete\\\/#primaryimage\"},\"thumbnailUrl\":\"https:\\\/\\\/medicinasinc.com\\\/lt\\\/wp-content\\\/uploads\\\/sites\\\/9\\\/2022\\\/02\\\/Buy-Magnus-MR-Morphine-30mg.jpg\",\"datePublished\":\"2022-02-20T22:28:45+00:00\",\"dateModified\":\"2022-03-20T12:21:55+00:00\",\"description\":\"Magnus MR\u00a0(Morphine\u00a0Sulfate)\u00a030 mg\u00a0kapsules\u00a0galite nusipirkti internetu\u00a0be recepto (be RX). Morfinas 30 mg parduodamas JK, Europoje\",\"breadcrumb\":{\"@id\":\"https:\\\/\\\/medicinasinc.com\\\/lt\\\/product\\\/pirkite-magnus-mr-morphine-30mg-internete\\\/#breadcrumb\"},\"inLanguage\":\"en-US\",\"potentialAction\":[{\"@type\":\"ReadAction\",\"target\":[\"https:\\\/\\\/medicinasinc.com\\\/lt\\\/product\\\/pirkite-magnus-mr-morphine-30mg-internete\\\/\"]}]},{\"@type\":\"ImageObject\",\"inLanguage\":\"en-US\",\"@id\":\"https:\\\/\\\/medicinasinc.com\\\/lt\\\/product\\\/pirkite-magnus-mr-morphine-30mg-internete\\\/#primaryimage\",\"url\":\"https:\\\/\\\/medicinasinc.com\\\/lt\\\/wp-content\\\/uploads\\\/sites\\\/9\\\/2022\\\/02\\\/Buy-Magnus-MR-Morphine-30mg.jpg\",\"contentUrl\":\"https:\\\/\\\/medicinasinc.com\\\/lt\\\/wp-content\\\/uploads\\\/sites\\\/9\\\/2022\\\/02\\\/Buy-Magnus-MR-Morphine-30mg.jpg\",\"width\":600,\"height\":600},{\"@type\":\"BreadcrumbList\",\"@id\":\"https:\\\/\\\/medicinasinc.com\\\/lt\\\/product\\\/pirkite-magnus-mr-morphine-30mg-internete\\\/#breadcrumb\",\"itemListElement\":[{\"@type\":\"ListItem\",\"position\":1,\"name\":\"Parduotuv\u0117\",\"item\":\"https:\\\/\\\/medicinasinc.com\\\/lt\\\/parduotuve\\\/\"},{\"@type\":\"ListItem\",\"position\":2,\"name\":\"Pirkite Magnus MR Morphine 30mg internetu\"}]},{\"@type\":\"WebSite\",\"@id\":\"https:\\\/\\\/medicinasinc.com\\\/lt\\\/#website\",\"url\":\"https:\\\/\\\/medicinasinc.com\\\/lt\\\/\",\"name\":\"Medicinas Inc\",\"description\":\"Sveikatos medicinos klinika\",\"potentialAction\":[{\"@type\":\"SearchAction\",\"target\":{\"@type\":\"EntryPoint\",\"urlTemplate\":\"https:\\\/\\\/medicinasinc.com\\\/lt\\\/?s={search_term_string}\"},\"query-input\":{\"@type\":\"PropertyValueSpecification\",\"valueRequired\":true,\"valueName\":\"search_term_string\"}}],\"inLanguage\":\"en-US\"}]}<\/script>\n<!-- \/ Yoast SEO plugin. -->","yoast_head_json":{"title":"Pirkite Magnus MR Morphine 30mg \u2013 geriausius pasaulinius vaistus","description":"Magnus MR\u00a0(Morphine\u00a0Sulfate)\u00a030 mg\u00a0kapsules\u00a0galite nusipirkti internetu\u00a0be recepto (be RX). Morfinas 30 mg parduodamas JK, Europoje","robots":{"index":"index","follow":"follow","max-snippet":"max-snippet:-1","max-image-preview":"max-image-preview:large","max-video-preview":"max-video-preview:-1"},"canonical":"https:\/\/medicinasinc.com\/lt\/product\/pirkite-magnus-mr-morphine-30mg-internete\/","og_locale":"en_US","og_type":"article","og_title":"Pirkite Magnus MR Morphine 30mg \u2013 geriausius pasaulinius vaistus","og_description":"Magnus MR\u00a0(Morphine\u00a0Sulfate)\u00a030 mg\u00a0kapsules\u00a0galite nusipirkti internetu\u00a0be recepto (be RX). Morfinas 30 mg parduodamas JK, Europoje","og_url":"https:\/\/medicinasinc.com\/lt\/product\/pirkite-magnus-mr-morphine-30mg-internete\/","og_site_name":"Medicinas Inc","article_modified_time":"2022-03-20T12:21:55+00:00","og_image":[{"width":600,"height":600,"url":"https:\/\/medicinasinc.com\/lt\/wp-content\/uploads\/sites\/9\/2022\/02\/Buy-Magnus-MR-Morphine-30mg.jpg","type":"image\/jpeg"}],"twitter_card":"summary_large_image","twitter_misc":{"Est. reading time":"7 minutes"},"schema":{"@context":"https:\/\/schema.org","@graph":[{"@type":"WebPage","@id":"https:\/\/medicinasinc.com\/lt\/product\/pirkite-magnus-mr-morphine-30mg-internete\/","url":"https:\/\/medicinasinc.com\/lt\/product\/pirkite-magnus-mr-morphine-30mg-internete\/","name":"Pirkite Magnus MR Morphine 30mg \u2013 geriausius pasaulinius vaistus","isPartOf":{"@id":"https:\/\/medicinasinc.com\/lt\/#website"},"primaryImageOfPage":{"@id":"https:\/\/medicinasinc.com\/lt\/product\/pirkite-magnus-mr-morphine-30mg-internete\/#primaryimage"},"image":{"@id":"https:\/\/medicinasinc.com\/lt\/product\/pirkite-magnus-mr-morphine-30mg-internete\/#primaryimage"},"thumbnailUrl":"https:\/\/medicinasinc.com\/lt\/wp-content\/uploads\/sites\/9\/2022\/02\/Buy-Magnus-MR-Morphine-30mg.jpg","datePublished":"2022-02-20T22:28:45+00:00","dateModified":"2022-03-20T12:21:55+00:00","description":"Magnus MR\u00a0(Morphine\u00a0Sulfate)\u00a030 mg\u00a0kapsules\u00a0galite nusipirkti internetu\u00a0be recepto (be RX). Morfinas 30 mg parduodamas JK, Europoje","breadcrumb":{"@id":"https:\/\/medicinasinc.com\/lt\/product\/pirkite-magnus-mr-morphine-30mg-internete\/#breadcrumb"},"inLanguage":"en-US","potentialAction":[{"@type":"ReadAction","target":["https:\/\/medicinasinc.com\/lt\/product\/pirkite-magnus-mr-morphine-30mg-internete\/"]}]},{"@type":"ImageObject","inLanguage":"en-US","@id":"https:\/\/medicinasinc.com\/lt\/product\/pirkite-magnus-mr-morphine-30mg-internete\/#primaryimage","url":"https:\/\/medicinasinc.com\/lt\/wp-content\/uploads\/sites\/9\/2022\/02\/Buy-Magnus-MR-Morphine-30mg.jpg","contentUrl":"https:\/\/medicinasinc.com\/lt\/wp-content\/uploads\/sites\/9\/2022\/02\/Buy-Magnus-MR-Morphine-30mg.jpg","width":600,"height":600},{"@type":"BreadcrumbList","@id":"https:\/\/medicinasinc.com\/lt\/product\/pirkite-magnus-mr-morphine-30mg-internete\/#breadcrumb","itemListElement":[{"@type":"ListItem","position":1,"name":"Parduotuv\u0117","item":"https:\/\/medicinasinc.com\/lt\/parduotuve\/"},{"@type":"ListItem","position":2,"name":"Pirkite Magnus MR Morphine 30mg internetu"}]},{"@type":"WebSite","@id":"https:\/\/medicinasinc.com\/lt\/#website","url":"https:\/\/medicinasinc.com\/lt\/","name":"Medicinas Inc","description":"Sveikatos medicinos klinika","potentialAction":[{"@type":"SearchAction","target":{"@type":"EntryPoint","urlTemplate":"https:\/\/medicinasinc.com\/lt\/?s={search_term_string}"},"query-input":{"@type":"PropertyValueSpecification","valueRequired":true,"valueName":"search_term_string"}}],"inLanguage":"en-US"}]}},"_links":{"self":[{"href":"https:\/\/medicinasinc.com\/lt\/wp-json\/wp\/v2\/product\/5239","targetHints":{"allow":["GET"]}}],"collection":[{"href":"https:\/\/medicinasinc.com\/lt\/wp-json\/wp\/v2\/product"}],"about":[{"href":"https:\/\/medicinasinc.com\/lt\/wp-json\/wp\/v2\/types\/product"}],"replies":[{"embeddable":true,"href":"https:\/\/medicinasinc.com\/lt\/wp-json\/wp\/v2\/comments?post=5239"}],"wp:featuredmedia":[{"embeddable":true,"href":"https:\/\/medicinasinc.com\/lt\/wp-json\/wp\/v2\/media\/5258"}],"wp:attachment":[{"href":"https:\/\/medicinasinc.com\/lt\/wp-json\/wp\/v2\/media?parent=5239"}],"wp:term":[{"taxonomy":"product_brand","embeddable":true,"href":"https:\/\/medicinasinc.com\/lt\/wp-json\/wp\/v2\/product_brand?post=5239"},{"taxonomy":"product_cat","embeddable":true,"href":"https:\/\/medicinasinc.com\/lt\/wp-json\/wp\/v2\/product_cat?post=5239"},{"taxonomy":"product_tag","embeddable":true,"href":"https:\/\/medicinasinc.com\/lt\/wp-json\/wp\/v2\/product_tag?post=5239"}],"curies":[{"name":"wp","href":"https:\/\/api.w.org\/{rel}","templated":true}]}}