{"id":5238,"date":"2022-02-20T22:26:29","date_gmt":"2022-02-20T22:26:29","guid":{"rendered":"https:\/\/medicinasinc.com\/lt\/?post_type=product&#038;p=5238"},"modified":"2022-03-20T12:22:06","modified_gmt":"2022-03-20T12:22:06","slug":"pirkti-lortab-10-325-mg","status":"publish","type":"product","link":"https:\/\/medicinasinc.com\/lt\/product\/pirkti-lortab-10-325-mg\/","title":{"rendered":"Pirkite Lortab 10\/325 mg"},"content":{"rendered":"<p>Lortab 10\/325 mg tabletes galima \u012fsigyti internetu.<br \/> Lortab \u2013 kas tai?<br \/> Lortab rizika<\/p>\n<p>\u0160is kombinuotas vaistas vartojamas nuo lengvo iki stipraus skausmo mal\u0161inti. J\u012f sudaro opioidinis analgetikas (hidrokodonas), taip pat neopioidinis analgetikas (acetaminofenas). Hidrokodonas pakei\u010dia tai, kaip j\u016bs\u0173 k\u016bnas suvokia ir reaguoja \u012f skausm\u0105, veikdamas smegenis. Acetaminofenas taip pat gali pad\u0117ti suma\u017einti kar\u0161\u010diavim\u0105.<\/p>\n<p>\u0160is produktas nerekomenduojamas jaunesniems nei \u0161e\u0161eri\u0173 met\u0173 vaikams d\u0117l padid\u0117jusios rimto neigiamo poveikio (pvz., pavir\u0161utini\u0161ko \/ l\u0117to kv\u0117pavimo) rizikos.<\/p>\n","protected":false},"excerpt":{"rendered":"<div class=\"woocommerce-product-details__short-description\">\n<p>Pirkite Lortab 10\/325mg tabletes galite \u012fsigyti internetu. nuskausminam\u0173j\u0173 vaist\u0173 pirkimas internetu, vaist\u0173 nuo skausmo pirkimas internetu, stipri\u0173 skausm\u0105 mal\u0161inan\u010di\u0173 vaist\u0173 pirkimas internetu<\/p>\n<p>Lortab 10\/325mg table\u010di\u0173 pardavimas Jungtin\u0117je Karalyst\u0117je ir Europoje. Pirkite skausm\u0105 mal\u0161inan\u010dius vaistus internetu, pirkite vaistus nuo skausmo internetu, be recepto, oksikodon\u0105 internetu, tabletes nuo skausmo, skausm\u0105 mal\u0161inan\u010dius vaistus, ADD\/ADHD tabletes, steroid\u0173 tabletes, tabletes nuo nerimo, tabletes nuo depresijos, svorio netekimo tabletes.<\/p>\n<p>Pirkite lortab. acetaminofeno tablet\u0117s 5 mg 7,5 mg 10 mg su \u012fspaudu m367 teis\u0117tai i\u0161 patikimos internetin\u0117s vaistin\u0117s, kuri si\u016blo pristatym\u0105 per nakt\u012f.<\/p>\n<\/p><\/div>\n","protected":false},"featured_media":5256,"comment_status":"open","ping_status":"closed","template":"","meta":[],"product_brand":[],"product_cat":[1117],"product_tag":[1470,1471,1513,1472,1475,1473,1474,1510,1511,1320,1476,1477,1478,1479,1480,1481,1482,1484,1483,1492,1491,1488,1502,1489,1490,1494,1493,1496,1495,1497,1499,1487,1506,1498,1504,1505,1486,1500,1501,1503,1485,1507,1508,1509,1512],"class_list":{"0":"post-5238","1":"product","2":"type-product","3":"status-publish","4":"has-post-thumbnail","6":"product_cat-pirkite-skausmo-miego-ir-sekso-tabletes","7":"product_tag-buying-lortab-online","8":"product_tag-difference-between-lortab-and-percocet","9":"product_tag-geltonas-lortabas-10","10":"product_tag-generic-lortab","11":"product_tag-hidrokodonas-lortabas","12":"product_tag-how-long-does-lortab-stay-in-your-system","13":"product_tag-how-long-does-lortab-stay-in-your-urine","14":"product_tag-kas-yra-lortab","15":"product_tag-kas-yra-lortabas","16":"product_tag-lortab","17":"product_tag-lortab-10","18":"product_tag-lortab-10-325-gatvs-vert","19":"product_tag-lortabas-10-mg","20":"product_tag-lortab-10-paveikslliai","21":"product_tag-lortab-5","22":"product_tag-lortab-5-mg","23":"product_tag-lortab-5-325","24":"product_tag-lortab-7-5-325","25":"product_tag-lortab-7-5","26":"product_tag-lortab-bendriniai-pavadinimai","27":"product_tag-lortab-bendrinis-pavadinimas","28":"product_tag-lortab-classification","29":"product_tag-lortab-ten","30":"product_tag-lortab-dosage","31":"product_tag-lortab-elixir","32":"product_tag-lortab-ingredientai","33":"product_tag-lortab-ingredientas","34":"product_tag-lortab-on-line","35":"product_tag-lortab-m367","36":"product_tag-lortab-pic","37":"product_tag-lortab-paveikslliai","38":"product_tag-lortab-priedas","39":"product_tag-lortab-atsitraukimas","40":"product_tag-lortab-nuotrauka","41":"product_tag-lortab-vs-oksikodonas","42":"product_tag-lortab-vs-vicodin","43":"product_tag-lortab-priklausomybs","44":"product_tag-lortab-alutinis-poveikis","45":"product_tag-lortab-stiprumas","46":"product_tag-lortab-vs-norco","47":"product_tag-lortab-7-5-mg","48":"product_tag-m366-lortab","49":"product_tag-norco-lortab","50":"product_tag-norco-vs-lortab","51":"product_tag-what-is-lortab","53":"first","54":"instock","55":"shipping-taxable","56":"purchasable","57":"product-type-variable","58":"has-default-attributes"},"yoast_head":"<!-- This site is optimized with the Yoast SEO plugin v27.3 - https:\/\/yoast.com\/product\/yoast-seo-wordpress\/ -->\n<title>Pirkite Lortab 10\/325 mg \u2013 geriausius pasaulinius vaistus<\/title>\n<meta name=\"description\" content=\"Pirkite Lortab 10\/325 mg tabletes JK, Europoje. Pirkite skausm\u0105 mal\u0161inan\u010dius vaistus internetu, pirkite vaistus nuo skausmo internetu, stipri\u0173 skausm\u0105 mal\u0161inan\u010di\u0173 vaist\u0173 s\u0105ra\u0161\u0105, be recepto, oksikodon\u0105 internetu, skausmo tabletes, skausm\u0105 mal\u0161inan\u010dius vaistus, ADD\/ADHD tabletes, steroidines tabletes, tabletes nuo nerimo, tabletes nuo depresijos, svorio netekimo tabletes.\" \/>\n<meta name=\"robots\" content=\"index, follow, max-snippet:-1, max-image-preview:large, max-video-preview:-1\" \/>\n<link rel=\"canonical\" href=\"https:\/\/medicinasinc.com\/lt\/product\/pirkti-lortab-10-325-mg\/\" \/>\n<meta property=\"og:locale\" content=\"en_US\" \/>\n<meta property=\"og:type\" content=\"article\" \/>\n<meta property=\"og:title\" content=\"Pirkite Lortab 10\/325 mg \u2013 geriausius pasaulinius vaistus\" \/>\n<meta property=\"og:description\" content=\"Pirkite Lortab 10\/325 mg tabletes JK, Europoje. Pirkite skausm\u0105 mal\u0161inan\u010dius vaistus internetu, pirkite vaistus nuo skausmo internetu, stipri\u0173 skausm\u0105 mal\u0161inan\u010di\u0173 vaist\u0173 s\u0105ra\u0161\u0105, be recepto, oksikodon\u0105 internetu, skausmo tabletes, skausm\u0105 mal\u0161inan\u010dius vaistus, ADD\/ADHD tabletes, steroidines tabletes, tabletes nuo nerimo, tabletes nuo depresijos, svorio netekimo tabletes.\" \/>\n<meta property=\"og:url\" content=\"https:\/\/medicinasinc.com\/lt\/product\/pirkti-lortab-10-325-mg\/\" \/>\n<meta property=\"og:site_name\" content=\"Medicinas Inc\" \/>\n<meta property=\"article:modified_time\" content=\"2022-03-20T12:22:06+00:00\" \/>\n<meta property=\"og:image\" content=\"https:\/\/medicinasinc.com\/lt\/wp-content\/uploads\/sites\/9\/2022\/02\/buy-lortab-10-325mg-pills-online.jpg\" \/>\n\t<meta property=\"og:image:width\" content=\"600\" \/>\n\t<meta property=\"og:image:height\" content=\"600\" \/>\n\t<meta property=\"og:image:type\" content=\"image\/jpeg\" \/>\n<meta name=\"twitter:card\" content=\"summary_large_image\" \/>\n<meta name=\"twitter:label1\" content=\"Est. reading time\" \/>\n\t<meta name=\"twitter:data1\" content=\"1 minute\" \/>\n<script type=\"application\/ld+json\" class=\"yoast-schema-graph\">{\"@context\":\"https:\\\/\\\/schema.org\",\"@graph\":[{\"@type\":\"WebPage\",\"@id\":\"https:\\\/\\\/medicinasinc.com\\\/lt\\\/product\\\/pirkti-lortab-10-325-mg\\\/\",\"url\":\"https:\\\/\\\/medicinasinc.com\\\/lt\\\/product\\\/pirkti-lortab-10-325-mg\\\/\",\"name\":\"Pirkite Lortab 10\\\/325 mg \u2013 geriausius pasaulinius vaistus\",\"isPartOf\":{\"@id\":\"https:\\\/\\\/medicinasinc.com\\\/lt\\\/#website\"},\"primaryImageOfPage\":{\"@id\":\"https:\\\/\\\/medicinasinc.com\\\/lt\\\/product\\\/pirkti-lortab-10-325-mg\\\/#primaryimage\"},\"image\":{\"@id\":\"https:\\\/\\\/medicinasinc.com\\\/lt\\\/product\\\/pirkti-lortab-10-325-mg\\\/#primaryimage\"},\"thumbnailUrl\":\"https:\\\/\\\/medicinasinc.com\\\/lt\\\/wp-content\\\/uploads\\\/sites\\\/9\\\/2022\\\/02\\\/buy-lortab-10-325mg-pills-online.jpg\",\"datePublished\":\"2022-02-20T22:26:29+00:00\",\"dateModified\":\"2022-03-20T12:22:06+00:00\",\"description\":\"Pirkite Lortab 10\\\/325 mg tabletes JK, Europoje. Pirkite skausm\u0105 mal\u0161inan\u010dius vaistus internetu, pirkite vaistus nuo skausmo internetu, stipri\u0173 skausm\u0105 mal\u0161inan\u010di\u0173 vaist\u0173 s\u0105ra\u0161\u0105, be recepto, oksikodon\u0105 internetu, skausmo tabletes, skausm\u0105 mal\u0161inan\u010dius vaistus, ADD\\\/ADHD tabletes, steroidines tabletes, tabletes nuo nerimo, tabletes nuo depresijos, svorio netekimo tabletes.\",\"breadcrumb\":{\"@id\":\"https:\\\/\\\/medicinasinc.com\\\/lt\\\/product\\\/pirkti-lortab-10-325-mg\\\/#breadcrumb\"},\"inLanguage\":\"en-US\",\"potentialAction\":[{\"@type\":\"ReadAction\",\"target\":[\"https:\\\/\\\/medicinasinc.com\\\/lt\\\/product\\\/pirkti-lortab-10-325-mg\\\/\"]}]},{\"@type\":\"ImageObject\",\"inLanguage\":\"en-US\",\"@id\":\"https:\\\/\\\/medicinasinc.com\\\/lt\\\/product\\\/pirkti-lortab-10-325-mg\\\/#primaryimage\",\"url\":\"https:\\\/\\\/medicinasinc.com\\\/lt\\\/wp-content\\\/uploads\\\/sites\\\/9\\\/2022\\\/02\\\/buy-lortab-10-325mg-pills-online.jpg\",\"contentUrl\":\"https:\\\/\\\/medicinasinc.com\\\/lt\\\/wp-content\\\/uploads\\\/sites\\\/9\\\/2022\\\/02\\\/buy-lortab-10-325mg-pills-online.jpg\",\"width\":600,\"height\":600},{\"@type\":\"BreadcrumbList\",\"@id\":\"https:\\\/\\\/medicinasinc.com\\\/lt\\\/product\\\/pirkti-lortab-10-325-mg\\\/#breadcrumb\",\"itemListElement\":[{\"@type\":\"ListItem\",\"position\":1,\"name\":\"Parduotuv\u0117\",\"item\":\"https:\\\/\\\/medicinasinc.com\\\/lt\\\/parduotuve\\\/\"},{\"@type\":\"ListItem\",\"position\":2,\"name\":\"Pirkite Lortab 10\\\/325 mg\"}]},{\"@type\":\"WebSite\",\"@id\":\"https:\\\/\\\/medicinasinc.com\\\/lt\\\/#website\",\"url\":\"https:\\\/\\\/medicinasinc.com\\\/lt\\\/\",\"name\":\"Medicinas Inc\",\"description\":\"Sveikatos medicinos klinika\",\"potentialAction\":[{\"@type\":\"SearchAction\",\"target\":{\"@type\":\"EntryPoint\",\"urlTemplate\":\"https:\\\/\\\/medicinasinc.com\\\/lt\\\/?s={search_term_string}\"},\"query-input\":{\"@type\":\"PropertyValueSpecification\",\"valueRequired\":true,\"valueName\":\"search_term_string\"}}],\"inLanguage\":\"en-US\"}]}<\/script>\n<!-- \/ Yoast SEO plugin. -->","yoast_head_json":{"title":"Pirkite Lortab 10\/325 mg \u2013 geriausius pasaulinius vaistus","description":"Pirkite Lortab 10\/325 mg tabletes JK, Europoje. Pirkite skausm\u0105 mal\u0161inan\u010dius vaistus internetu, pirkite vaistus nuo skausmo internetu, stipri\u0173 skausm\u0105 mal\u0161inan\u010di\u0173 vaist\u0173 s\u0105ra\u0161\u0105, be recepto, oksikodon\u0105 internetu, skausmo tabletes, skausm\u0105 mal\u0161inan\u010dius vaistus, ADD\/ADHD tabletes, steroidines tabletes, tabletes nuo nerimo, tabletes nuo depresijos, svorio netekimo tabletes.","robots":{"index":"index","follow":"follow","max-snippet":"max-snippet:-1","max-image-preview":"max-image-preview:large","max-video-preview":"max-video-preview:-1"},"canonical":"https:\/\/medicinasinc.com\/lt\/product\/pirkti-lortab-10-325-mg\/","og_locale":"en_US","og_type":"article","og_title":"Pirkite Lortab 10\/325 mg \u2013 geriausius pasaulinius vaistus","og_description":"Pirkite Lortab 10\/325 mg tabletes JK, Europoje. Pirkite skausm\u0105 mal\u0161inan\u010dius vaistus internetu, pirkite vaistus nuo skausmo internetu, stipri\u0173 skausm\u0105 mal\u0161inan\u010di\u0173 vaist\u0173 s\u0105ra\u0161\u0105, be recepto, oksikodon\u0105 internetu, skausmo tabletes, skausm\u0105 mal\u0161inan\u010dius vaistus, ADD\/ADHD tabletes, steroidines tabletes, tabletes nuo nerimo, tabletes nuo depresijos, svorio netekimo tabletes.","og_url":"https:\/\/medicinasinc.com\/lt\/product\/pirkti-lortab-10-325-mg\/","og_site_name":"Medicinas Inc","article_modified_time":"2022-03-20T12:22:06+00:00","og_image":[{"width":600,"height":600,"url":"https:\/\/medicinasinc.com\/lt\/wp-content\/uploads\/sites\/9\/2022\/02\/buy-lortab-10-325mg-pills-online.jpg","type":"image\/jpeg"}],"twitter_card":"summary_large_image","twitter_misc":{"Est. reading time":"1 minute"},"schema":{"@context":"https:\/\/schema.org","@graph":[{"@type":"WebPage","@id":"https:\/\/medicinasinc.com\/lt\/product\/pirkti-lortab-10-325-mg\/","url":"https:\/\/medicinasinc.com\/lt\/product\/pirkti-lortab-10-325-mg\/","name":"Pirkite Lortab 10\/325 mg \u2013 geriausius pasaulinius vaistus","isPartOf":{"@id":"https:\/\/medicinasinc.com\/lt\/#website"},"primaryImageOfPage":{"@id":"https:\/\/medicinasinc.com\/lt\/product\/pirkti-lortab-10-325-mg\/#primaryimage"},"image":{"@id":"https:\/\/medicinasinc.com\/lt\/product\/pirkti-lortab-10-325-mg\/#primaryimage"},"thumbnailUrl":"https:\/\/medicinasinc.com\/lt\/wp-content\/uploads\/sites\/9\/2022\/02\/buy-lortab-10-325mg-pills-online.jpg","datePublished":"2022-02-20T22:26:29+00:00","dateModified":"2022-03-20T12:22:06+00:00","description":"Pirkite Lortab 10\/325 mg tabletes JK, Europoje. Pirkite skausm\u0105 mal\u0161inan\u010dius vaistus internetu, pirkite vaistus nuo skausmo internetu, stipri\u0173 skausm\u0105 mal\u0161inan\u010di\u0173 vaist\u0173 s\u0105ra\u0161\u0105, be recepto, oksikodon\u0105 internetu, skausmo tabletes, skausm\u0105 mal\u0161inan\u010dius vaistus, ADD\/ADHD tabletes, steroidines tabletes, tabletes nuo nerimo, tabletes nuo depresijos, svorio netekimo tabletes.","breadcrumb":{"@id":"https:\/\/medicinasinc.com\/lt\/product\/pirkti-lortab-10-325-mg\/#breadcrumb"},"inLanguage":"en-US","potentialAction":[{"@type":"ReadAction","target":["https:\/\/medicinasinc.com\/lt\/product\/pirkti-lortab-10-325-mg\/"]}]},{"@type":"ImageObject","inLanguage":"en-US","@id":"https:\/\/medicinasinc.com\/lt\/product\/pirkti-lortab-10-325-mg\/#primaryimage","url":"https:\/\/medicinasinc.com\/lt\/wp-content\/uploads\/sites\/9\/2022\/02\/buy-lortab-10-325mg-pills-online.jpg","contentUrl":"https:\/\/medicinasinc.com\/lt\/wp-content\/uploads\/sites\/9\/2022\/02\/buy-lortab-10-325mg-pills-online.jpg","width":600,"height":600},{"@type":"BreadcrumbList","@id":"https:\/\/medicinasinc.com\/lt\/product\/pirkti-lortab-10-325-mg\/#breadcrumb","itemListElement":[{"@type":"ListItem","position":1,"name":"Parduotuv\u0117","item":"https:\/\/medicinasinc.com\/lt\/parduotuve\/"},{"@type":"ListItem","position":2,"name":"Pirkite Lortab 10\/325 mg"}]},{"@type":"WebSite","@id":"https:\/\/medicinasinc.com\/lt\/#website","url":"https:\/\/medicinasinc.com\/lt\/","name":"Medicinas Inc","description":"Sveikatos medicinos klinika","potentialAction":[{"@type":"SearchAction","target":{"@type":"EntryPoint","urlTemplate":"https:\/\/medicinasinc.com\/lt\/?s={search_term_string}"},"query-input":{"@type":"PropertyValueSpecification","valueRequired":true,"valueName":"search_term_string"}}],"inLanguage":"en-US"}]}},"_links":{"self":[{"href":"https:\/\/medicinasinc.com\/lt\/wp-json\/wp\/v2\/product\/5238","targetHints":{"allow":["GET"]}}],"collection":[{"href":"https:\/\/medicinasinc.com\/lt\/wp-json\/wp\/v2\/product"}],"about":[{"href":"https:\/\/medicinasinc.com\/lt\/wp-json\/wp\/v2\/types\/product"}],"replies":[{"embeddable":true,"href":"https:\/\/medicinasinc.com\/lt\/wp-json\/wp\/v2\/comments?post=5238"}],"wp:featuredmedia":[{"embeddable":true,"href":"https:\/\/medicinasinc.com\/lt\/wp-json\/wp\/v2\/media\/5256"}],"wp:attachment":[{"href":"https:\/\/medicinasinc.com\/lt\/wp-json\/wp\/v2\/media?parent=5238"}],"wp:term":[{"taxonomy":"product_brand","embeddable":true,"href":"https:\/\/medicinasinc.com\/lt\/wp-json\/wp\/v2\/product_brand?post=5238"},{"taxonomy":"product_cat","embeddable":true,"href":"https:\/\/medicinasinc.com\/lt\/wp-json\/wp\/v2\/product_cat?post=5238"},{"taxonomy":"product_tag","embeddable":true,"href":"https:\/\/medicinasinc.com\/lt\/wp-json\/wp\/v2\/product_tag?post=5238"}],"curies":[{"name":"wp","href":"https:\/\/api.w.org\/{rel}","templated":true}]}}