{"id":5237,"date":"2022-02-20T22:24:46","date_gmt":"2022-02-20T22:24:46","guid":{"rendered":"https:\/\/medicinasinc.com\/lt\/?post_type=product&#038;p=5237"},"modified":"2022-03-20T12:22:16","modified_gmt":"2022-03-20T12:22:16","slug":"pirkti-lioresal-baklofenas-25mg-tabletes","status":"publish","type":"product","link":"https:\/\/medicinasinc.com\/lt\/product\/pirkti-lioresal-baklofenas-25mg-tabletes\/","title":{"rendered":"Pirkite Lioresal Baclofen 25 mg tabletes"},"content":{"rendered":"<p>Lioresal Baclofen 25 mg tabletes galima \u012fsigyti internetu.<\/p>\n<p>INDIKACIJOS<\/p>\n<p>Lioresal (Baclofen) yra antispazminis ir raumen\u0173 relaksantas.<\/p>\n<p>Baclofenas vartojamas gydymui. raumen\u0173 spazmai, diskomfortas ir sustingimas, susij\u0119s su i\u0161s\u0117tine skleroze.<\/p>\n<p>Baclofenas gali b\u016bti naudojamas esant papildomoms ligoms, kurios n\u0117ra \u012ftrauktos \u012f \u0161\u012f vaist\u0173 vadov\u0105.<\/p>\n<p>INSTRUKCIJA<\/p>\n<p>Vartokite tiksliai. kaip nurod\u0117 gydytojas. Vartokite ne daugiau ar ma\u017eiau nei rekomenduojama arba ilgiau nei rekomenduojama. Laikykit\u0117s nurodym\u0173, nurodyt\u0173 vaisto etiket\u0117je.<\/p>\n<p>J\u016bs\u0173 gydytojas gali retkar\u010diais pakoreguoti doz\u0119, kad gautum\u0117te geriausius \u012fmanomus rezultatus.<br \/> Pasitarkite su gydytoju, jei raumen\u0173 sutrikimai i\u0161lieka ir po dviej\u0173 gydymo savai\u010di\u0173. gydymas \u0161iuo vaistu. Nenutraukite \u0161io vaisto vartojimo prie\u0161 tai nepasitar\u0119 su gydytoju. Nustojus vartoti baklofen\u0105 po ilgo vartojimo, gali atsirasti abstinencijos simptom\u0173, toki\u0173 kaip traukuliai ar haliucinacijos. Jums gali tekti vartoti vaist\u0105 vis re\u010diau, kol visi\u0161kai nutrauksite jo vartojim\u0105.<\/p>\n<p>DOZAVIMAS<\/p>\n<p>Vartokite vaistus tiksliai taip, kaip nurod\u0117 gydytojas.<\/p>\n<p>Suaugusiems pacientams su nugaros smegen\u0173 spazmu: po pirm\u0173j\u0173 24 valand\u0173 paros doz\u0117 suaugusiems pacientams turi b\u016bti palaipsniui didinama 10\u201330 % ir tik kart\u0105 per 24 valandas, kol bus pasiektas norimas gydomasis poveikis.<\/p>\n<p>Suaugusiesiems su smegen\u0173 spazmu: po pirm\u0173j\u0173 24 valand\u0173 paros doz\u0119 reikia palaipsniui didinti 5-15% kas 24 valandas, kol bus pasiektas norimas gydomasis poveikis.<\/p>\n<p>Po pirm\u0173j\u0173 24 valand\u0173 paros doz\u0117 kas 24 valandas reikia palaipsniui didinti 5-15 procent\u0173, kol bus pasiektas norimas gydomasis poveikis. Jei paros doz\u0117s padidinimas nesukelia reik\u0161mingo klinikinio atsako, patikrinkite, ar gerai veikia pompa ir ar kateteris praeina. Atrankos faz\u0117s metu ir doz\u0117s titravimo laikotarpiu i\u0161 karto po implantacijos pacientai turi b\u016bti reguliariai stebimi gerai \u012frengtoje aplinkoje, kurioje dirba darbuotojai. Gaivinimo \u012franga turi b\u016bti lengvai prieinama potencialiai mirtino arba nepriimtino neigiamo poveikio atveju.<\/p>\n<p>SAND\u0116LIAVIMAS<\/p>\n<p>\u0160aldytuvas neb\u016btinas.<\/p>\n<p>Laikyti \u017eemesn\u0117je nei 86\u00b0F ( 30\u00b0C).<\/p>\n<p>Saugokite, kad neu\u017e\u0161alt\u0173.<\/p>\n<p>Venkite kar\u0161to sterilizavimo.<\/p>\n<p>PAPILDOMA INFORMACIJA:<\/p>\n<p>Baclofenas yra aktyvus komponentas.<\/p>\n<p>Lioresal yra analgetikas. Tai \u017eymiai suma\u017eina raumen\u0173 spazm\u0173, kuriuos sukelia neurologin\u0117s ligos, pvz., i\u0161s\u0117tin\u0117 skleroz\u0117, da\u017en\u012f ir intensyvum\u0105.<\/p>\n<p>SVARBI SAUGOS INFORMACIJA<\/p>\n<p>Jei esate alergi\u0161kas baklofenui, jo nenaudokite.<\/p>\n<p>Pasakykite gydytojui, jei turite koki\u0173 nors i\u0161 toliau nurodyt\u0173 papildom\u0173 s\u0105lyg\u0173, kad gal\u0117tum\u0117te saugiai vartoti baklofen\u0105:<\/p>\n<p>inkst\u0173 liga<\/p>\n<p>priepuoli\u0173 liga, pvz., epilepsija; arba<\/p>\n<p>asmeninis ar \u0161eimos insultas ar kraujo kre\u0161uliai.<\/p>\n<p>Baklofeno vartojimas gali padidinti kiau\u0161id\u017ei\u0173 cistos atsiradimo rizik\u0105. Pasitarkite su gydytoju d\u0117l konkre\u010dios rizikos. FDA n\u0117\u0161tumo klasifikacija C. Ne\u017einoma, ar baklofenas yra toksi\u0161kas negimusiam vaikui. Pasakykite gydytojui, jei esate n\u0117\u0161\u010dia arba norite pastoti vartodama \u0161\u012f vaist\u0105. Ne\u017einoma, ar baklofeno patenka \u012f motinos pien\u0105, ar jis kenkia \u017eindomam k\u016bdikiui. Vartojant baklofen\u0105, reikia vengti \u017eindymo. Niekada neduokite \u0161io vaisto jaunesniems nei 12 met\u0173 paaugliams. Senjorai gali b\u016bti jautresni \u0161io vaisto poveikiui.<\/p>\n<p>Svarbiausia informacija<\/p>\n<p>\u0160is vaistas gali paveikti j\u016bs\u0173 m\u0105stym\u0105 ir reakcijas. B\u016bkite atsarg\u016bs vairuodami ar darydami k\u0105 nors kita, kas reikalauja budrumo. Alkoholio vartojimas gali sustiprinti tam tikr\u0105 neigiam\u0105 baklofeno poveik\u012f. Venkite naudoti baklofen\u0105 tais laikais, kai raumen\u0173 tonusas reikalingas tinkamai pusiausvyrai ir mobilumui tam tikros veiklos metu. Tam tikromis aplinkyb\u0117mis d\u0117l \u017eemo raumen\u0173 tonuso gali kilti pavojus j\u016bs\u0173 fiziniam saugumui.<\/p>\n<div class=\"product-next-previous\">\n<div class=\"product-prev\">\n<p><strong>\u0160ALUTINIS POVEIKIS<\/strong><\/p>\n<p>Kreipkit\u0117s skubios medicinos pagalbos, jei turite koki\u0173 nors i\u0161 \u0161i\u0173 alergin\u0117s reakcijos po\u017eymi\u0173: dilg\u0117lin\u0117; sunkus kv\u0117pavimas; veido, l\u016bp\u0173, lie\u017euvio ar gerkl\u0117s patinimas. Nedelsdami kreipkit\u0117s \u012f gydytoj\u0105, jei turite rimt\u0173 \u0161alutini\u0173 poveiki\u0173, toki\u0173 kaip:<\/p>\n<p>traukuliai (traukuliai);<\/p>\n<p>sumi\u0161imas, haliucinacijos; arba<\/p>\n<p>netolygus \u0161irdies plakimas.<\/p>\n<p>Ma\u017eiau rimtas \u0161alutinis poveikis gali b\u016bti:<\/p>\n<p>mieguistumas, galvos svaigimas, silpnumas, nuovargio jausmas;<\/p>\n<p>galvos skausmas ;<\/p>\n<p>miego sutrikimai (nemiga);<\/p>\n<p>pykinimas, viduri\u0173 u\u017ekiet\u0117jimas; arba<\/p>\n<p>\u0161lapinimasis da\u017eniau nei \u012fprastai.<\/p>\n<p>Tai n\u0117ra i\u0161samus \u0161alutini\u0173 poveiki\u0173 s\u0105ra\u0161as ir gali atsirasti kit\u0173.<\/p>\n<p>Kreipkit\u0117s \u012f gydytoj\u0105 d\u0117l medicinin\u0117s konsultacijos d\u0117l \u0161alutinio poveikio. efektai.<\/p>\n<\/p><\/div><\/div>\n<div class=\"product-next-previous\">\n<div class=\"product-prev\"><\/div><\/div>\n","protected":false},"excerpt":{"rendered":"<p>Pirkite Lioresal Baclofen 25 mg tabletes, parduodamas Europoje ir Jungtin\u0117je Karalyst\u0117je internetu. Baklofeno trimat\u0117 formul\u0117 Lioresal tabletes reikia nuryti nepa\u017eeistas su maistu. Pradin\u0117 doz\u0117 yra 5 mg tris kartus per dien\u0105.<\/p>\n<p>Lioresal 25 mg tablet\u0119 (10 Tab) galima \u012fsigyti internetu. BACLOFEN 25MG yra bendrinis pavadinimas. Lioresal\u00a0&#8230; Kiekvienoje nepadengtoje Lioresal 25 mg tablet\u0117je yra 25 mg baklofeno.<\/p>\n<p>Baclofeno vartojimas JK baklofeno tablet\u0117se, kas tai yra&#8230; medicamento lioresal 25 mg baklofeno lioresal 10 mg tablet\u0117<\/p>\n<p>10 mg baklofeno tablet\u0117<\/p>\n","protected":false},"featured_media":5254,"comment_status":"open","ping_status":"closed","template":"","meta":[],"product_brand":[],"product_cat":[1117],"product_tag":[1442,1443,1448,1449,1450,1453,1451,1445,1440,1441,1446,1447,1452,1454,1455,1444,1456,1463,1457,1458,1459,1460,1461,1462,1466,1464,1465,1467,1468,1439,1469],"class_list":{"0":"post-5237","1":"product","2":"type-product","3":"status-publish","4":"has-post-thumbnail","6":"product_cat-pirkite-skausmo-miego-ir-sekso-tabletes","7":"product_tag-baclofen-lioresal-1-to-2-months","8":"product_tag-baclofen-lioresal-10-mg-oral-ta","9":"product_tag-baclofen-lioresal-10-mg","10":"product_tag-baclofen-lioresal-buy-mexico","11":"product_tag-baclofen-lioresal-drug-class","12":"product_tag-baklofenas-lioresal-kodl-a-taip-pavargs","13":"product_tag-baclofen-lioresal-oral-intrathecal","14":"product_tag-baklofeno-lioresalinio-alutinio-poveikio","15":"product_tag-baklofenas-lioresalis","16":"product_tag-baklofenas-lioresalis-20-mg","17":"product_tag-baklofenas-10-mg-generinis-lioresaliui-ar-reikia-valgyti-prie","18":"product_tag-baklofenas-gablofenas-lioresalis","19":"product_tag-baklofenas-lioresal-tizanidinas-zanaflexas","20":"product_tag-baklofenas-prie-c5-a1-lioresal-c4-af","21":"product_tag-baklofenas","22":"product_tag-baklofenas-lioresal-stimuliatorius","23":"product_tag-dantrolene-dantrium","24":"product_tag-lioresal-baklofenaz","25":"product_tag-lioresal-10-mg-baklofenas","26":"product_tag-lioresal-10-mg-doz","27":"product_tag-lioresal-10-mg-alutinis-poveikis","28":"product_tag-lioresal-10-mg-tablei-naudojimas","29":"product_tag-lioresal-25-mg-baklofenas","30":"product_tag-lioresal-25-alutinis-poveikis","31":"product_tag-lioresal-baclofen-prospecto","32":"product_tag-lioresal-baklofenas-10-mg","33":"product_tag-lioresal-baklofenas-25-mg","34":"product_tag-lioresal-doz","35":"product_tag-lioresal-alutinis-poveikis","36":"product_tag-an-neymtas-naudojimas-baklofeno-lioresaliui-yra-gydymui","37":"product_tag-tizanidinas","39":"first","40":"instock","41":"shipping-taxable","42":"purchasable","43":"product-type-variable","44":"has-default-attributes"},"yoast_head":"<!-- This site is optimized with the Yoast SEO plugin v27.3 - https:\/\/yoast.com\/product\/yoast-seo-wordpress\/ -->\n<title>Pirkite Lioresal Baclofen 25 mg tabletes \u2013 geriausius pasaulinius vaistus<\/title>\n<meta name=\"description\" content=\"Pirkite Lioresal Baclofen 25 mg tabletes pardavimui Europoje, JK internetu. Baclofen 3d formula Lioresal tabletes reikia gerti valgio metu. Pradin\u0117 doz\u0117 yra 5 mg 3 kartus per dien\u0105.\" \/>\n<meta name=\"robots\" content=\"index, follow, max-snippet:-1, max-image-preview:large, max-video-preview:-1\" \/>\n<link rel=\"canonical\" href=\"https:\/\/medicinasinc.com\/lt\/product\/pirkti-lioresal-baklofenas-25mg-tabletes\/\" \/>\n<meta property=\"og:locale\" content=\"en_US\" \/>\n<meta property=\"og:type\" content=\"article\" \/>\n<meta property=\"og:title\" content=\"Pirkite Lioresal Baclofen 25 mg tabletes \u2013 geriausius pasaulinius vaistus\" \/>\n<meta property=\"og:description\" content=\"Pirkite Lioresal Baclofen 25 mg tabletes pardavimui Europoje, JK internetu. Baclofen 3d formula Lioresal tabletes reikia gerti valgio metu. Pradin\u0117 doz\u0117 yra 5 mg 3 kartus per dien\u0105.\" \/>\n<meta property=\"og:url\" content=\"https:\/\/medicinasinc.com\/lt\/product\/pirkti-lioresal-baklofenas-25mg-tabletes\/\" \/>\n<meta property=\"og:site_name\" content=\"Medicinas Inc\" \/>\n<meta property=\"article:modified_time\" content=\"2022-03-20T12:22:16+00:00\" \/>\n<meta property=\"og:image\" content=\"https:\/\/medicinasinc.com\/lt\/wp-content\/uploads\/sites\/9\/2022\/02\/Buy-Lioresal-Baclofen-25mg.jpg\" \/>\n\t<meta property=\"og:image:width\" content=\"1280\" \/>\n\t<meta property=\"og:image:height\" content=\"720\" \/>\n\t<meta property=\"og:image:type\" content=\"image\/jpeg\" \/>\n<meta name=\"twitter:card\" content=\"summary_large_image\" \/>\n<meta name=\"twitter:label1\" content=\"Est. reading time\" \/>\n\t<meta name=\"twitter:data1\" content=\"3 minutes\" \/>\n<script type=\"application\/ld+json\" class=\"yoast-schema-graph\">{\"@context\":\"https:\\\/\\\/schema.org\",\"@graph\":[{\"@type\":\"WebPage\",\"@id\":\"https:\\\/\\\/medicinasinc.com\\\/lt\\\/product\\\/pirkti-lioresal-baklofenas-25mg-tabletes\\\/\",\"url\":\"https:\\\/\\\/medicinasinc.com\\\/lt\\\/product\\\/pirkti-lioresal-baklofenas-25mg-tabletes\\\/\",\"name\":\"Pirkite Lioresal Baclofen 25 mg tabletes \u2013 geriausius pasaulinius vaistus\",\"isPartOf\":{\"@id\":\"https:\\\/\\\/medicinasinc.com\\\/lt\\\/#website\"},\"primaryImageOfPage\":{\"@id\":\"https:\\\/\\\/medicinasinc.com\\\/lt\\\/product\\\/pirkti-lioresal-baklofenas-25mg-tabletes\\\/#primaryimage\"},\"image\":{\"@id\":\"https:\\\/\\\/medicinasinc.com\\\/lt\\\/product\\\/pirkti-lioresal-baklofenas-25mg-tabletes\\\/#primaryimage\"},\"thumbnailUrl\":\"https:\\\/\\\/medicinasinc.com\\\/lt\\\/wp-content\\\/uploads\\\/sites\\\/9\\\/2022\\\/02\\\/Buy-Lioresal-Baclofen-25mg.jpg\",\"datePublished\":\"2022-02-20T22:24:46+00:00\",\"dateModified\":\"2022-03-20T12:22:16+00:00\",\"description\":\"Pirkite Lioresal Baclofen 25 mg tabletes pardavimui Europoje, JK internetu. Baclofen 3d formula Lioresal tabletes reikia gerti valgio metu. Pradin\u0117 doz\u0117 yra 5 mg 3 kartus per dien\u0105.\",\"breadcrumb\":{\"@id\":\"https:\\\/\\\/medicinasinc.com\\\/lt\\\/product\\\/pirkti-lioresal-baklofenas-25mg-tabletes\\\/#breadcrumb\"},\"inLanguage\":\"en-US\",\"potentialAction\":[{\"@type\":\"ReadAction\",\"target\":[\"https:\\\/\\\/medicinasinc.com\\\/lt\\\/product\\\/pirkti-lioresal-baklofenas-25mg-tabletes\\\/\"]}]},{\"@type\":\"ImageObject\",\"inLanguage\":\"en-US\",\"@id\":\"https:\\\/\\\/medicinasinc.com\\\/lt\\\/product\\\/pirkti-lioresal-baklofenas-25mg-tabletes\\\/#primaryimage\",\"url\":\"https:\\\/\\\/medicinasinc.com\\\/lt\\\/wp-content\\\/uploads\\\/sites\\\/9\\\/2022\\\/02\\\/Buy-Lioresal-Baclofen-25mg.jpg\",\"contentUrl\":\"https:\\\/\\\/medicinasinc.com\\\/lt\\\/wp-content\\\/uploads\\\/sites\\\/9\\\/2022\\\/02\\\/Buy-Lioresal-Baclofen-25mg.jpg\",\"width\":1280,\"height\":720},{\"@type\":\"BreadcrumbList\",\"@id\":\"https:\\\/\\\/medicinasinc.com\\\/lt\\\/product\\\/pirkti-lioresal-baklofenas-25mg-tabletes\\\/#breadcrumb\",\"itemListElement\":[{\"@type\":\"ListItem\",\"position\":1,\"name\":\"Parduotuv\u0117\",\"item\":\"https:\\\/\\\/medicinasinc.com\\\/lt\\\/parduotuve\\\/\"},{\"@type\":\"ListItem\",\"position\":2,\"name\":\"Pirkite Lioresal Baclofen 25 mg tabletes\"}]},{\"@type\":\"WebSite\",\"@id\":\"https:\\\/\\\/medicinasinc.com\\\/lt\\\/#website\",\"url\":\"https:\\\/\\\/medicinasinc.com\\\/lt\\\/\",\"name\":\"Medicinas Inc\",\"description\":\"Sveikatos medicinos klinika\",\"potentialAction\":[{\"@type\":\"SearchAction\",\"target\":{\"@type\":\"EntryPoint\",\"urlTemplate\":\"https:\\\/\\\/medicinasinc.com\\\/lt\\\/?s={search_term_string}\"},\"query-input\":{\"@type\":\"PropertyValueSpecification\",\"valueRequired\":true,\"valueName\":\"search_term_string\"}}],\"inLanguage\":\"en-US\"}]}<\/script>\n<!-- \/ Yoast SEO plugin. -->","yoast_head_json":{"title":"Pirkite Lioresal Baclofen 25 mg tabletes \u2013 geriausius pasaulinius vaistus","description":"Pirkite Lioresal Baclofen 25 mg tabletes pardavimui Europoje, JK internetu. Baclofen 3d formula Lioresal tabletes reikia gerti valgio metu. Pradin\u0117 doz\u0117 yra 5 mg 3 kartus per dien\u0105.","robots":{"index":"index","follow":"follow","max-snippet":"max-snippet:-1","max-image-preview":"max-image-preview:large","max-video-preview":"max-video-preview:-1"},"canonical":"https:\/\/medicinasinc.com\/lt\/product\/pirkti-lioresal-baklofenas-25mg-tabletes\/","og_locale":"en_US","og_type":"article","og_title":"Pirkite Lioresal Baclofen 25 mg tabletes \u2013 geriausius pasaulinius vaistus","og_description":"Pirkite Lioresal Baclofen 25 mg tabletes pardavimui Europoje, JK internetu. Baclofen 3d formula Lioresal tabletes reikia gerti valgio metu. Pradin\u0117 doz\u0117 yra 5 mg 3 kartus per dien\u0105.","og_url":"https:\/\/medicinasinc.com\/lt\/product\/pirkti-lioresal-baklofenas-25mg-tabletes\/","og_site_name":"Medicinas Inc","article_modified_time":"2022-03-20T12:22:16+00:00","og_image":[{"width":1280,"height":720,"url":"https:\/\/medicinasinc.com\/lt\/wp-content\/uploads\/sites\/9\/2022\/02\/Buy-Lioresal-Baclofen-25mg.jpg","type":"image\/jpeg"}],"twitter_card":"summary_large_image","twitter_misc":{"Est. reading time":"3 minutes"},"schema":{"@context":"https:\/\/schema.org","@graph":[{"@type":"WebPage","@id":"https:\/\/medicinasinc.com\/lt\/product\/pirkti-lioresal-baklofenas-25mg-tabletes\/","url":"https:\/\/medicinasinc.com\/lt\/product\/pirkti-lioresal-baklofenas-25mg-tabletes\/","name":"Pirkite Lioresal Baclofen 25 mg tabletes \u2013 geriausius pasaulinius vaistus","isPartOf":{"@id":"https:\/\/medicinasinc.com\/lt\/#website"},"primaryImageOfPage":{"@id":"https:\/\/medicinasinc.com\/lt\/product\/pirkti-lioresal-baklofenas-25mg-tabletes\/#primaryimage"},"image":{"@id":"https:\/\/medicinasinc.com\/lt\/product\/pirkti-lioresal-baklofenas-25mg-tabletes\/#primaryimage"},"thumbnailUrl":"https:\/\/medicinasinc.com\/lt\/wp-content\/uploads\/sites\/9\/2022\/02\/Buy-Lioresal-Baclofen-25mg.jpg","datePublished":"2022-02-20T22:24:46+00:00","dateModified":"2022-03-20T12:22:16+00:00","description":"Pirkite Lioresal Baclofen 25 mg tabletes pardavimui Europoje, JK internetu. Baclofen 3d formula Lioresal tabletes reikia gerti valgio metu. Pradin\u0117 doz\u0117 yra 5 mg 3 kartus per dien\u0105.","breadcrumb":{"@id":"https:\/\/medicinasinc.com\/lt\/product\/pirkti-lioresal-baklofenas-25mg-tabletes\/#breadcrumb"},"inLanguage":"en-US","potentialAction":[{"@type":"ReadAction","target":["https:\/\/medicinasinc.com\/lt\/product\/pirkti-lioresal-baklofenas-25mg-tabletes\/"]}]},{"@type":"ImageObject","inLanguage":"en-US","@id":"https:\/\/medicinasinc.com\/lt\/product\/pirkti-lioresal-baklofenas-25mg-tabletes\/#primaryimage","url":"https:\/\/medicinasinc.com\/lt\/wp-content\/uploads\/sites\/9\/2022\/02\/Buy-Lioresal-Baclofen-25mg.jpg","contentUrl":"https:\/\/medicinasinc.com\/lt\/wp-content\/uploads\/sites\/9\/2022\/02\/Buy-Lioresal-Baclofen-25mg.jpg","width":1280,"height":720},{"@type":"BreadcrumbList","@id":"https:\/\/medicinasinc.com\/lt\/product\/pirkti-lioresal-baklofenas-25mg-tabletes\/#breadcrumb","itemListElement":[{"@type":"ListItem","position":1,"name":"Parduotuv\u0117","item":"https:\/\/medicinasinc.com\/lt\/parduotuve\/"},{"@type":"ListItem","position":2,"name":"Pirkite Lioresal Baclofen 25 mg tabletes"}]},{"@type":"WebSite","@id":"https:\/\/medicinasinc.com\/lt\/#website","url":"https:\/\/medicinasinc.com\/lt\/","name":"Medicinas Inc","description":"Sveikatos medicinos klinika","potentialAction":[{"@type":"SearchAction","target":{"@type":"EntryPoint","urlTemplate":"https:\/\/medicinasinc.com\/lt\/?s={search_term_string}"},"query-input":{"@type":"PropertyValueSpecification","valueRequired":true,"valueName":"search_term_string"}}],"inLanguage":"en-US"}]}},"_links":{"self":[{"href":"https:\/\/medicinasinc.com\/lt\/wp-json\/wp\/v2\/product\/5237","targetHints":{"allow":["GET"]}}],"collection":[{"href":"https:\/\/medicinasinc.com\/lt\/wp-json\/wp\/v2\/product"}],"about":[{"href":"https:\/\/medicinasinc.com\/lt\/wp-json\/wp\/v2\/types\/product"}],"replies":[{"embeddable":true,"href":"https:\/\/medicinasinc.com\/lt\/wp-json\/wp\/v2\/comments?post=5237"}],"wp:featuredmedia":[{"embeddable":true,"href":"https:\/\/medicinasinc.com\/lt\/wp-json\/wp\/v2\/media\/5254"}],"wp:attachment":[{"href":"https:\/\/medicinasinc.com\/lt\/wp-json\/wp\/v2\/media?parent=5237"}],"wp:term":[{"taxonomy":"product_brand","embeddable":true,"href":"https:\/\/medicinasinc.com\/lt\/wp-json\/wp\/v2\/product_brand?post=5237"},{"taxonomy":"product_cat","embeddable":true,"href":"https:\/\/medicinasinc.com\/lt\/wp-json\/wp\/v2\/product_cat?post=5237"},{"taxonomy":"product_tag","embeddable":true,"href":"https:\/\/medicinasinc.com\/lt\/wp-json\/wp\/v2\/product_tag?post=5237"}],"curies":[{"name":"wp","href":"https:\/\/api.w.org\/{rel}","templated":true}]}}