{"id":5236,"date":"2022-02-20T22:23:28","date_gmt":"2022-02-20T22:23:28","guid":{"rendered":"https:\/\/medicinasinc.com\/lt\/?post_type=product&#038;p=5236"},"modified":"2022-03-20T12:22:27","modified_gmt":"2022-03-20T12:22:27","slug":"pirkite-leksotanili-bromazepama-3mg-tabletes-internetu","status":"publish","type":"product","link":"https:\/\/medicinasinc.com\/lt\/product\/pirkite-leksotanili-bromazepama-3mg-tabletes-internetu\/","title":{"rendered":"Pirkite Lexotanil Bromazepam 3 mg tabletes internetu"},"content":{"rendered":"<p>Lexotanil Bromazepam 3mg tablet\u0117s \u012fsigyti internetu<br \/> Lexotanil Bromazepam 3mg tabletes internetu | leksotanilis bromazepamas<br \/> Kokia bromazepamo leksotanilio 3 mg paskirtis?<br \/> Bromazepamas (prekinis pavadinimas Lexotan\u00ae) yra benzodiazepinas. Jis pirmiausia naudojamas nerimo simptomams gydyti. Be to, jis gali b\u016bti naudojamas panikos ir socialinio nerimo simptomams palengvinti. Jis gaminamas table\u010di\u0173 pavidalu.<\/p>\n<p>Kokia yra tipin\u0117 bromazepamo doz\u0117?<\/p>\n<p>Bromazepamo suaugusiems \u017emon\u0117ms nuo nerimo paprastai skiriama 3\u201318 mg per par\u0105 doz\u0117, paprastai paskirstyta diena. Vyresnio am\u017eiaus \u017emon\u0117ms doz\u0119 reikia suma\u017einti per pus\u0119, ty pus\u0119 suaugusi\u0173j\u0173 doz\u0117s.<\/p>\n<p>Kaip ir kada reikia vartoti Lexotan lexotanil 3 mg?<\/p>\n<p>S\u0117d\u0117dami arba stov\u0117dami, nurykite tabletes u\u017egerkite bent puse stiklin\u0117s vandens. Taip u\u017etikrinama, kad jis pasiekt\u0173 skrand\u012f ir ne\u012fstrigt\u0173 gerkl\u0117je. Bromazepam\u0105 saugu vartoti prie\u0161 valg\u012f, valgio metu arba po jo.<\/p>\n<p>Per kiek laiko bromazepamas prad\u0117s veikti?<br \/> Bromazepamas da\u017enai pradeda veikti ma\u017edaug po valandos. Poveikis gali sustipr\u0117ti per kelias dienas ar savaites.<br \/> Kiek laiko turiu toliau vartoti lexotanil 3 mg?<br \/> Tai skirsis priklausomai nuo to, kokiu tikslu j\u012f vartojate. LEXOTANIL, da\u017enai ra\u0161oma Lexotan<\/p>\n<p>Ar galiu staigiai mesti bromazepamo vartojim\u0105?<\/p>\n<p>Jei bromazepamo vartosite kasdien ilgiau nei ma\u017edaug 4\u20136 savaites, jums gali i\u0161sivystyti priklausomyb\u0117 nuo jo , ta\u010diau tai nekelia r\u016bpes\u010di\u0173, jei vartojate j\u012f nuo epilepsijos. Jei vartojote j\u012f reguliariai, gali b\u016bti protinga doz\u0119 ma\u017einti palaipsniui per kelias dienas ar savaites. Tur\u0117tum\u0117te tai i\u0161samiai aptarti su gydytoju, gydytoju, slaugytoju arba vaistininku. Jei vartosite \u201ekaip reikia\u201c kas kelias dienas, tur\u0117tum\u0117te gal\u0117ti nutraukti vartojim\u0105, kai jums jo nebereik\u0117s. 3 leksotanilis<\/p>\n<p>K\u0105 daryti, jei praleidau LEXOTAN doz\u0119?<br \/> I\u0161gerkite tr\u016bkstam\u0105 doz\u0119, kai tik prisiminsite, nebent iki kitos doz\u0117s liko ma\u017eiau nei 4 valandos.<br \/> Jei prisimenate, kaip tai atlikote, kit\u0105 doz\u0119 i\u0161gerkite kaip \u012fprasta. Nem\u0117ginkite pasivyti vartodami dvi dozes vienu metu, nes tai gali padidinti nepageidaujam\u0105 poveik\u012f.<br \/> Ar galiu vartoti alkohol\u012f vartojant bromazepamo? \u012esigykite BROMAZEPAM LEXOTANIL, dar \u017einomo kaip Lexotan 3 MG.<br \/> Jei vartodami LEXOTANIL geriate alkohol\u012f, galite jausti didesn\u012f mieguistum\u0105. Tai ypa\u010d svarbu, jei vairuosite ar valdysite mechanizmus, tod\u0117l tur\u0117tum\u0117te gauti patarim\u0173.<\/p>\n<p>Kokio tipo nepageidaujamas poveikis gali pasireik\u0161ti vartodamas bromazepamo? \u012esigykite BROMAZEPAMO LEXOTANIL, dar \u017einom\u0105 kaip Lexotan 3 MG.<\/p>\n<p>Daugelis \u017emoni\u0173 patiria: Tik keli \u017emon\u0117s: Tik keli \u017emon\u0117s patiria:<br \/> galvos svaigim\u0105<br \/> mieguistum\u0105<br \/> Kit\u0105 dien\u0105 galite jaustis nestabiliai ant koj\u0173.<br \/> Galvos skausmas<br \/> Sumi\u0161imas<br \/> Nemiga (daikt\u0173 pamir\u0161imas)<br \/> Nesijaudinkite d\u0117l toliau pateikto neigiamo poveikio s\u0105ra\u0161o. Kai kurie asmenys nepatiria jokio neigiamo poveikio, o kiti gali patirti toki\u0173, kurie \u010dia ne\u012ftraukti. Jei manote, kad vartojant LEXOTANIL gali atsirasti \u0161alutinis poveikis, pasitarkite su gydytoju, slaugytoja arba vaistininku.<\/p>\n<p>Ar man saugu vairuoti ar va\u017ein\u0117ti dvira\u010diu vartojant LEXOTANIL?<\/p>\n<p> Bromazepamas gali pabloginti j\u016bs\u0173 geb\u0117jim\u0105 vairuoti ir sukelti nedidel\u012f galvos svaigim\u0105 bei apsvaigim\u0105.<\/p>\n<p>Vairuodami ar valdydami mechanizmus b\u016bkite atsarg\u016bs, kol su\u017einosite, kaip bromazepamas jus veikia. Tur\u0117tum\u0117te b\u016bti atsarg\u016bs, nes d\u0117l to j\u016bs\u0173 reakcijos laikas gali sul\u0117t\u0117ti.<\/p>\n","protected":false},"excerpt":{"rendered":"<p>Lexotanil Bromazepam 3 mg table\u010di\u0173 galima \u012fsigyti internetu. Bromazepamas (Lexotanilis) priklauso benzodiazepin\u0173 grupei, kuriai priklauso antidepresantai, vaistai nuo panikos ir raumen\u0173 relaksantai.<\/p>\n<p>Bromazepamas yra trumpai veikiantis benzodiazepinas, kurio prad\u017eia yra l\u0117ta ir kuris da\u017enai vartojamas&amp;# 8230; Tablet\u0117, 3 mg, geriamoji, Alti-bromazepamo 3 mg tablet\u0117s, geriausi pasaulyje vaistai<\/p>\n<p>Pirkite bromazepam internetu be recepto | \u012esigykite Lexotan 6mg internetu be recepto<\/p>\n<p>Bromazepamas (Lexotanilis) yra benzodiazepinas.<\/p>\n","protected":false},"featured_media":5252,"comment_status":"open","ping_status":"closed","template":"","meta":[],"product_brand":[],"product_cat":[1117],"product_tag":[1421,1419,1420,1428,1422,1423,1432,1433,1434,1435,1436,1437,1430,1431,1427,1426,1425,1424,1438,1429],"class_list":{"0":"post-5236","1":"product","2":"type-product","3":"status-publish","4":"has-post-thumbnail","6":"product_cat-pirkite-skausmo-miego-ir-sekso-tabletes","7":"product_tag-3-mg-klonopino","8":"product_tag-3-mg","9":"product_tag-3mg","10":"product_tag-ar-galite-perdozuoti-lexapro","11":"product_tag-bromazepam","12":"product_tag-bromazepamas-leksotanilis","13":"product_tag-leksomilas","14":"product_tag-leksotanas","15":"product_tag-leksotanas-3-mg","16":"product_tag-leksotanilis","17":"product_tag-leksotanilis-bromazepamas","18":"product_tag-leksotanilis-bromazepamas-3-mg","19":"product_tag-lexapro-bendrinis-pavadinimas","20":"product_tag-lexatin","21":"product_tag-pirk-leksotanilas-bromazepamas-i-kanados","22":"product_tag-pirk-leksotanilis-bromazepamas","23":"product_tag-bromazepamas-leksotanilis-parduodamas","24":"product_tag-parduodamas-bromazepamas-leksotanilis-6-mg","25":"product_tag-skirtukai-tablets-vaistai","26":"product_tag-is-leksapro-a-benzodiazepinai","28":"first","29":"instock","30":"shipping-taxable","31":"purchasable","32":"product-type-variable","33":"has-default-attributes"},"yoast_head":"<!-- This site is optimized with the Yoast SEO plugin v27.3 - https:\/\/yoast.com\/product\/yoast-seo-wordpress\/ -->\n<title>Pirkite Lexotanil Bromazepam 3mg tabletes internetu \u2013 geriausi pasaulyje vaistai<\/title>\n<meta name=\"description\" content=\"Pirkite Lexotanil Bromazepam 3mg tabletes pardavimui internetu JK, Europoje. Bromazepamas (Lexotanilis) yra vaist\u0173, \u017einom\u0173 kaip benzodiazepinai, grup\u0117je, kuri yra antidepresant\u0173, vaist\u0173 nuo panikos ir raumen\u0173 relaksant\u0173 klas\u0117.\" \/>\n<meta name=\"robots\" content=\"index, follow, max-snippet:-1, max-image-preview:large, max-video-preview:-1\" \/>\n<link rel=\"canonical\" href=\"https:\/\/medicinasinc.com\/lt\/product\/pirkite-leksotanili-bromazepama-3mg-tabletes-internetu\/\" \/>\n<meta property=\"og:locale\" content=\"en_US\" \/>\n<meta property=\"og:type\" content=\"article\" \/>\n<meta property=\"og:title\" content=\"Pirkite Lexotanil Bromazepam 3mg tabletes internetu \u2013 geriausi pasaulyje vaistai\" \/>\n<meta property=\"og:description\" content=\"Pirkite Lexotanil Bromazepam 3mg tabletes pardavimui internetu JK, Europoje. Bromazepamas (Lexotanilis) yra vaist\u0173, \u017einom\u0173 kaip benzodiazepinai, grup\u0117je, kuri yra antidepresant\u0173, vaist\u0173 nuo panikos ir raumen\u0173 relaksant\u0173 klas\u0117.\" \/>\n<meta property=\"og:url\" content=\"https:\/\/medicinasinc.com\/lt\/product\/pirkite-leksotanili-bromazepama-3mg-tabletes-internetu\/\" \/>\n<meta property=\"og:site_name\" content=\"Medicinas Inc\" \/>\n<meta property=\"article:modified_time\" content=\"2022-03-20T12:22:27+00:00\" \/>\n<meta property=\"og:image\" content=\"https:\/\/medicinasinc.com\/lt\/wp-content\/uploads\/sites\/9\/2022\/02\/Buy-Lexotan-Bromazepam-3mg.jpg\" \/>\n\t<meta property=\"og:image:width\" content=\"600\" \/>\n\t<meta property=\"og:image:height\" content=\"600\" \/>\n\t<meta property=\"og:image:type\" content=\"image\/jpeg\" \/>\n<meta name=\"twitter:card\" content=\"summary_large_image\" \/>\n<meta name=\"twitter:label1\" content=\"Est. reading time\" \/>\n\t<meta name=\"twitter:data1\" content=\"3 minutes\" \/>\n<script type=\"application\/ld+json\" class=\"yoast-schema-graph\">{\"@context\":\"https:\\\/\\\/schema.org\",\"@graph\":[{\"@type\":\"WebPage\",\"@id\":\"https:\\\/\\\/medicinasinc.com\\\/lt\\\/product\\\/pirkite-leksotanili-bromazepama-3mg-tabletes-internetu\\\/\",\"url\":\"https:\\\/\\\/medicinasinc.com\\\/lt\\\/product\\\/pirkite-leksotanili-bromazepama-3mg-tabletes-internetu\\\/\",\"name\":\"Pirkite Lexotanil Bromazepam 3mg tabletes internetu \u2013 geriausi pasaulyje vaistai\",\"isPartOf\":{\"@id\":\"https:\\\/\\\/medicinasinc.com\\\/lt\\\/#website\"},\"primaryImageOfPage\":{\"@id\":\"https:\\\/\\\/medicinasinc.com\\\/lt\\\/product\\\/pirkite-leksotanili-bromazepama-3mg-tabletes-internetu\\\/#primaryimage\"},\"image\":{\"@id\":\"https:\\\/\\\/medicinasinc.com\\\/lt\\\/product\\\/pirkite-leksotanili-bromazepama-3mg-tabletes-internetu\\\/#primaryimage\"},\"thumbnailUrl\":\"https:\\\/\\\/medicinasinc.com\\\/lt\\\/wp-content\\\/uploads\\\/sites\\\/9\\\/2022\\\/02\\\/Buy-Lexotan-Bromazepam-3mg.jpg\",\"datePublished\":\"2022-02-20T22:23:28+00:00\",\"dateModified\":\"2022-03-20T12:22:27+00:00\",\"description\":\"Pirkite Lexotanil Bromazepam 3mg tabletes pardavimui internetu JK, Europoje. Bromazepamas (Lexotanilis) yra vaist\u0173, \u017einom\u0173 kaip benzodiazepinai, grup\u0117je, kuri yra antidepresant\u0173, vaist\u0173 nuo panikos ir raumen\u0173 relaksant\u0173 klas\u0117.\",\"breadcrumb\":{\"@id\":\"https:\\\/\\\/medicinasinc.com\\\/lt\\\/product\\\/pirkite-leksotanili-bromazepama-3mg-tabletes-internetu\\\/#breadcrumb\"},\"inLanguage\":\"en-US\",\"potentialAction\":[{\"@type\":\"ReadAction\",\"target\":[\"https:\\\/\\\/medicinasinc.com\\\/lt\\\/product\\\/pirkite-leksotanili-bromazepama-3mg-tabletes-internetu\\\/\"]}]},{\"@type\":\"ImageObject\",\"inLanguage\":\"en-US\",\"@id\":\"https:\\\/\\\/medicinasinc.com\\\/lt\\\/product\\\/pirkite-leksotanili-bromazepama-3mg-tabletes-internetu\\\/#primaryimage\",\"url\":\"https:\\\/\\\/medicinasinc.com\\\/lt\\\/wp-content\\\/uploads\\\/sites\\\/9\\\/2022\\\/02\\\/Buy-Lexotan-Bromazepam-3mg.jpg\",\"contentUrl\":\"https:\\\/\\\/medicinasinc.com\\\/lt\\\/wp-content\\\/uploads\\\/sites\\\/9\\\/2022\\\/02\\\/Buy-Lexotan-Bromazepam-3mg.jpg\",\"width\":600,\"height\":600},{\"@type\":\"BreadcrumbList\",\"@id\":\"https:\\\/\\\/medicinasinc.com\\\/lt\\\/product\\\/pirkite-leksotanili-bromazepama-3mg-tabletes-internetu\\\/#breadcrumb\",\"itemListElement\":[{\"@type\":\"ListItem\",\"position\":1,\"name\":\"Parduotuv\u0117\",\"item\":\"https:\\\/\\\/medicinasinc.com\\\/lt\\\/parduotuve\\\/\"},{\"@type\":\"ListItem\",\"position\":2,\"name\":\"Pirkite Lexotanil Bromazepam 3 mg tabletes internetu\"}]},{\"@type\":\"WebSite\",\"@id\":\"https:\\\/\\\/medicinasinc.com\\\/lt\\\/#website\",\"url\":\"https:\\\/\\\/medicinasinc.com\\\/lt\\\/\",\"name\":\"Medicinas Inc\",\"description\":\"Sveikatos medicinos klinika\",\"potentialAction\":[{\"@type\":\"SearchAction\",\"target\":{\"@type\":\"EntryPoint\",\"urlTemplate\":\"https:\\\/\\\/medicinasinc.com\\\/lt\\\/?s={search_term_string}\"},\"query-input\":{\"@type\":\"PropertyValueSpecification\",\"valueRequired\":true,\"valueName\":\"search_term_string\"}}],\"inLanguage\":\"en-US\"}]}<\/script>\n<!-- \/ Yoast SEO plugin. -->","yoast_head_json":{"title":"Pirkite Lexotanil Bromazepam 3mg tabletes internetu \u2013 geriausi pasaulyje vaistai","description":"Pirkite Lexotanil Bromazepam 3mg tabletes pardavimui internetu JK, Europoje. Bromazepamas (Lexotanilis) yra vaist\u0173, \u017einom\u0173 kaip benzodiazepinai, grup\u0117je, kuri yra antidepresant\u0173, vaist\u0173 nuo panikos ir raumen\u0173 relaksant\u0173 klas\u0117.","robots":{"index":"index","follow":"follow","max-snippet":"max-snippet:-1","max-image-preview":"max-image-preview:large","max-video-preview":"max-video-preview:-1"},"canonical":"https:\/\/medicinasinc.com\/lt\/product\/pirkite-leksotanili-bromazepama-3mg-tabletes-internetu\/","og_locale":"en_US","og_type":"article","og_title":"Pirkite Lexotanil Bromazepam 3mg tabletes internetu \u2013 geriausi pasaulyje vaistai","og_description":"Pirkite Lexotanil Bromazepam 3mg tabletes pardavimui internetu JK, Europoje. Bromazepamas (Lexotanilis) yra vaist\u0173, \u017einom\u0173 kaip benzodiazepinai, grup\u0117je, kuri yra antidepresant\u0173, vaist\u0173 nuo panikos ir raumen\u0173 relaksant\u0173 klas\u0117.","og_url":"https:\/\/medicinasinc.com\/lt\/product\/pirkite-leksotanili-bromazepama-3mg-tabletes-internetu\/","og_site_name":"Medicinas Inc","article_modified_time":"2022-03-20T12:22:27+00:00","og_image":[{"width":600,"height":600,"url":"https:\/\/medicinasinc.com\/lt\/wp-content\/uploads\/sites\/9\/2022\/02\/Buy-Lexotan-Bromazepam-3mg.jpg","type":"image\/jpeg"}],"twitter_card":"summary_large_image","twitter_misc":{"Est. reading time":"3 minutes"},"schema":{"@context":"https:\/\/schema.org","@graph":[{"@type":"WebPage","@id":"https:\/\/medicinasinc.com\/lt\/product\/pirkite-leksotanili-bromazepama-3mg-tabletes-internetu\/","url":"https:\/\/medicinasinc.com\/lt\/product\/pirkite-leksotanili-bromazepama-3mg-tabletes-internetu\/","name":"Pirkite Lexotanil Bromazepam 3mg tabletes internetu \u2013 geriausi pasaulyje vaistai","isPartOf":{"@id":"https:\/\/medicinasinc.com\/lt\/#website"},"primaryImageOfPage":{"@id":"https:\/\/medicinasinc.com\/lt\/product\/pirkite-leksotanili-bromazepama-3mg-tabletes-internetu\/#primaryimage"},"image":{"@id":"https:\/\/medicinasinc.com\/lt\/product\/pirkite-leksotanili-bromazepama-3mg-tabletes-internetu\/#primaryimage"},"thumbnailUrl":"https:\/\/medicinasinc.com\/lt\/wp-content\/uploads\/sites\/9\/2022\/02\/Buy-Lexotan-Bromazepam-3mg.jpg","datePublished":"2022-02-20T22:23:28+00:00","dateModified":"2022-03-20T12:22:27+00:00","description":"Pirkite Lexotanil Bromazepam 3mg tabletes pardavimui internetu JK, Europoje. Bromazepamas (Lexotanilis) yra vaist\u0173, \u017einom\u0173 kaip benzodiazepinai, grup\u0117je, kuri yra antidepresant\u0173, vaist\u0173 nuo panikos ir raumen\u0173 relaksant\u0173 klas\u0117.","breadcrumb":{"@id":"https:\/\/medicinasinc.com\/lt\/product\/pirkite-leksotanili-bromazepama-3mg-tabletes-internetu\/#breadcrumb"},"inLanguage":"en-US","potentialAction":[{"@type":"ReadAction","target":["https:\/\/medicinasinc.com\/lt\/product\/pirkite-leksotanili-bromazepama-3mg-tabletes-internetu\/"]}]},{"@type":"ImageObject","inLanguage":"en-US","@id":"https:\/\/medicinasinc.com\/lt\/product\/pirkite-leksotanili-bromazepama-3mg-tabletes-internetu\/#primaryimage","url":"https:\/\/medicinasinc.com\/lt\/wp-content\/uploads\/sites\/9\/2022\/02\/Buy-Lexotan-Bromazepam-3mg.jpg","contentUrl":"https:\/\/medicinasinc.com\/lt\/wp-content\/uploads\/sites\/9\/2022\/02\/Buy-Lexotan-Bromazepam-3mg.jpg","width":600,"height":600},{"@type":"BreadcrumbList","@id":"https:\/\/medicinasinc.com\/lt\/product\/pirkite-leksotanili-bromazepama-3mg-tabletes-internetu\/#breadcrumb","itemListElement":[{"@type":"ListItem","position":1,"name":"Parduotuv\u0117","item":"https:\/\/medicinasinc.com\/lt\/parduotuve\/"},{"@type":"ListItem","position":2,"name":"Pirkite Lexotanil Bromazepam 3 mg tabletes internetu"}]},{"@type":"WebSite","@id":"https:\/\/medicinasinc.com\/lt\/#website","url":"https:\/\/medicinasinc.com\/lt\/","name":"Medicinas Inc","description":"Sveikatos medicinos klinika","potentialAction":[{"@type":"SearchAction","target":{"@type":"EntryPoint","urlTemplate":"https:\/\/medicinasinc.com\/lt\/?s={search_term_string}"},"query-input":{"@type":"PropertyValueSpecification","valueRequired":true,"valueName":"search_term_string"}}],"inLanguage":"en-US"}]}},"_links":{"self":[{"href":"https:\/\/medicinasinc.com\/lt\/wp-json\/wp\/v2\/product\/5236","targetHints":{"allow":["GET"]}}],"collection":[{"href":"https:\/\/medicinasinc.com\/lt\/wp-json\/wp\/v2\/product"}],"about":[{"href":"https:\/\/medicinasinc.com\/lt\/wp-json\/wp\/v2\/types\/product"}],"replies":[{"embeddable":true,"href":"https:\/\/medicinasinc.com\/lt\/wp-json\/wp\/v2\/comments?post=5236"}],"wp:featuredmedia":[{"embeddable":true,"href":"https:\/\/medicinasinc.com\/lt\/wp-json\/wp\/v2\/media\/5252"}],"wp:attachment":[{"href":"https:\/\/medicinasinc.com\/lt\/wp-json\/wp\/v2\/media?parent=5236"}],"wp:term":[{"taxonomy":"product_brand","embeddable":true,"href":"https:\/\/medicinasinc.com\/lt\/wp-json\/wp\/v2\/product_brand?post=5236"},{"taxonomy":"product_cat","embeddable":true,"href":"https:\/\/medicinasinc.com\/lt\/wp-json\/wp\/v2\/product_cat?post=5236"},{"taxonomy":"product_tag","embeddable":true,"href":"https:\/\/medicinasinc.com\/lt\/wp-json\/wp\/v2\/product_tag?post=5236"}],"curies":[{"name":"wp","href":"https:\/\/api.w.org\/{rel}","templated":true}]}}