{"id":5209,"date":"2022-02-20T21:59:55","date_gmt":"2022-02-20T21:59:55","guid":{"rendered":"https:\/\/medicinasinc.com\/lt\/?post_type=product&#038;p=5209"},"modified":"2022-03-20T12:22:35","modified_gmt":"2022-03-20T12:22:35","slug":"pirkti-klonopina-2-mg","status":"publish","type":"product","link":"https:\/\/medicinasinc.com\/lt\/product\/pirkti-klonopina-2-mg\/","title":{"rendered":"Pirkite Klonopin 2 mg"},"content":{"rendered":"<p>Internetu galite \u012fsigyti Klonopin 2 mg table\u010di\u0173 u\u017e ma\u017e\u0105 kain\u0105.<\/p>\n<p>Klonopin yra tikras eliksyras, pad\u0117siantis susidoroti su problemomis. Tai taip pat pad\u0117s jums jaustis geriau.<\/p>\n<p>Klonopinas yra benzodiazepin\u0173 raminamasis ir prie\u0161traukulinis vaistas, kuris gali pad\u0117ti \u017emon\u0117ms atsipalaiduoti ir sustabdyti traukulius. Jis da\u017eniausiai naudojamas nerimo sutrikimams, pvz., panikos sutrikimui, gydyti.<\/p>\n<p>Dabar atid\u017eiau pa\u017evelkite \u012f Klonopin.<\/p>\n<p>Klonopinas yra vienintelis benzodiazepinas, kur\u012f FDA patvirtino panikos sutrikimui gydyti. . Daugelis \u017emoni\u0173 Klonopin vartoja nerimui, susijaudinimui, \u016bminei manijai gydyti (kartu su kitais vaistais) ir greitai sustabdyti traukulius. Naudojimas: vartojamas kaip ilgalaikis prie\u0161traukulinis vaistas, pavyzd\u017eiui, migdomieji vaistai nerv\u0173 skausmui mal\u0161inti.<\/p>\n<p>Pavartojus Klonopin, jie gali b\u016bti ram\u016bs, galb\u016bt pakil\u0119 ir \u0161iek tiek pavarg\u0119. \u0160alutinis poveikis kiekvienam \u017emogui skiriasi ir priklauso nuo to, kiek vartojate. Daugeliu atvej\u0173 Klonopin skiriamas du kartus per par\u0105, ma\u017edaug nuo 0,25 mg iki 2 mg. \u017dmon\u0117s, sergantys epilepsija, gali vartoti iki 20 mg per par\u0105.<\/p>\n<p>Taip veikia Klonopin: jis veikia neurotransmiter\u012f GABA, kuris yra prie\u0161nuodis. Kadangi Klonopinas daro tiek daug dalyk\u0173 vienu metu, jis sul\u0117tina smegenis, nes suma\u017eina nerv\u0173 geb\u0117jim\u0105 si\u0173sti impulsus. D\u0117l ma\u017eesnio aktyvumo \u017emon\u0117s ma\u017eiau nerimauja, taip pat suma\u017e\u0117ja priepuoli\u0173 tikimyb\u0117.<\/p>\n<p>Medicinoje klonopinas vartojamas traukuliams ir panikos priepuoliams gydyti. Jis taip pat gali b\u016bti naudojamas kaip migdomasis vaistas nerimo sutrikimams, panikos sutrikimams ir skausmui gydyti. Benzodiazepino vartojimas pad\u0117s sustabdyti traukulius ir sugr\u0105\u017einti smegen\u0173 veikl\u0105 \u012f normali\u0105. Tai taip pat gali pad\u0117ti nuo skausmo, ypa\u010d d\u0117l neuropatinio skausmo, nes d\u0117l to neuronams sunku si\u0173sti skausmo signalus, tod\u0117l jie tampa ma\u017eiau jautr\u016bs.<\/p>\n<p>Dalykai, apie kuriuos reikia pasikalb\u0117ti su gydytoju prie\u0161 vartojant Klonopin<\/p>\n<p>Tur\u0117tum\u0117te pasakyti gydytojui, jei:<\/p>\n<p>Bent viena i\u0161 \u0161i\u0173 b\u016bkli\u0173:<\/p>\n<p>\u2022 kepen\u0173 veiklos sutrikimai<\/p>\n<p>\u2022 piktnaud\u017eiavimas alkoholiu ar narkotikais, dabartinis arba buv\u0119s;<\/p>\n<p>\u017dmon\u0117s, sergantys astma, bronchitu, emfizema ar kitomis kv\u0117pavimo tak\u0173 ligomis;<\/p>\n<p>\u2022 li\u016bdesys arba mintys apie savi\u017eudyb\u0119.<\/p>\n<p>A. daugelis \u017emoni\u0173, sergan\u010di\u0173 auk\u0161\u010diau nurodytomis ligomis, negali vartoti Klonopin arba jiems reik\u0117s vartoti ma\u017eesn\u0119 vaisto doz\u0119 ir pasitikrinti savo gydytojui.<\/p>\n<p>Jei esate vyresnis nei 60 met\u0173, \u0161alutinis poveikis d\u0117l vaisto yra labai didelis. D\u0117l \u0161ios prie\u017easties Klonopin doz\u0119 reikia keisti atsi\u017evelgiant \u012f j\u016bs\u0173 sveikat\u0105.<\/p>\n<p>Naudojimas:<\/p>\n<p>Klonopin reikia vartoti tik taip, kaip nurod\u0117 gydytojas. Kreipkit\u0117s \u012f savo gydytoj\u0105 arba vaistinink\u0105 patarimo, kaip j\u012f vartoti. I\u0161g\u0117r\u0119 tablet\u0119, turite i\u0161gerti vis\u0105. Nevartokite daugiau, nei nurod\u0117 gydytojas. Prie\u0161 baigdami vartoti vaist\u0105, pasitarkite su gydytoju.<\/p>\n<p>Pa\u017ei\u016br\u0117kite, kas atsitinka, kai i\u0161geriate per daug vaisto.<\/p>\n<p>Perdozavimo atveju kreipkit\u0117s \u012f gydytoj\u0105. toli.<\/p>\n<p>Perdozavimo po\u017eymiai:<\/p>\n<p>mieguistumas, galvos svaigimas, sumi\u0161imas, l\u0117tas \u0161irdies plakimas, \u012f alkohol\u012f pana\u0161\u016bs simptomai ir s\u0105mon\u0117s netekimas yra alkoholizmo po\u017eymiai.<\/p>\n<p>Jei kas nors i\u0161geria per daug vaisto, i\u0161plaunamas skrandis ir gydomas \u0161alutinis poveikis.<\/p>\n<p>Kai vairuojate, valdote mechanizmus ar dirbate kit\u0105 darb\u0105, kuris gali b\u016bti pavojingas, b\u016bkite atsarg\u016bs.<\/p>\n<p> p&gt; <\/p>\n<p>Jei jau\u010diate mieguistum\u0105 ar galvos svaigim\u0105, netur\u0117tum\u0117te daryti toki\u0173 dalyk\u0173.<\/p>\n<p>Alkoholio negalima mai\u0161yti su klonopinu. D\u0117l alkoholio Klonopin gali sukelti rimt\u0173 \u0161alutini\u0173 poveiki\u0173. D\u0117l to taip pat yra didesn\u0117 priepuoli\u0173 tikimyb\u0117.<\/p>\n<p>Kuo yra klonopinas?<\/p>\n<p>alergija: dusulys, l\u016bp\u0173, veido, lie\u017euvio patinimas ar b\u0117rimas. <\/p>\n<p>Taip pat yra tikimyb\u0117, kad atsiras kit\u0173, ne toki\u0173 rimt\u0173 \u0161alutini\u0173 poveiki\u0173.<\/p>\n<p>T\u0119skite vaisto vartojim\u0105 ir pasakykite gydytojui, jei:<\/p>\n<p>mieguistumas ; galvos svaigimas ar nepatog\u016bs judesiai; depresija; galvos svaigimas, pykinimas, viduriavimas ar viduri\u0173 u\u017ekiet\u0117jimas; pasunk\u0117j\u0119s \u0161lapinimasis, ko\u0161marai, galvos skausmai, burnos d\u017ei\u016bvimas, suma\u017e\u0117j\u0119s seksualinis potraukis ir elgesio poky\u010diai yra depresijos po\u017eymiai.<\/p>\n<p>Dozavimas ir kaip tai daroma<\/p>\n<p>Klonopino terapija pradedama ma\u017eomis doz\u0117mis ir palaipsniui jas didinant, kad b\u016bt\u0173 pasiekti geriausi rezultatai. Kadangi kiekvieno \u017emogaus b\u016bkl\u0117 ir organizmo reakcija \u012f vaisto vartojim\u0105 skiriasi, doz\u0117 parenkama pagal jo poreikius. Da\u017eniausia Klonopin doz\u0117 yra 0,5 mg tris kartus per par\u0105. Jei gydomasis poveikis nepasiekiamas, doz\u0119 galima didinti kas tre\u010di\u0105 gydymo dien\u0105, kol bus.<\/p>\n<p>Vartojant dideles vaisto dozes, ypa\u010d ilg\u0105 laik\u0105, gali atsirasti artikuliacijos problemos, diplopija, nistagmas, paradoksalios reakcijos (pvz., staigus susijaudinimas) ir anterogradin\u0117 amnezija. Kelet\u0105 kart\u0173 \u017emogui pasirei\u0161kia padid\u0117jusio jautrumo reakcija, raumen\u0173 silpnumas ar depresija. \u017dmon\u0117ms, sergantiems tam tikromis epilepsijos r\u016b\u0161imis, priepuoli\u0173 gali pasireik\u0161ti da\u017eniau, jei jie bus gydomi ilg\u0105 laik\u0105.<\/p>\n","protected":false},"excerpt":{"rendered":"<p>Pirkite Klonopin 2 mg tabletes JK, Europoje ir likusioje pasaulio dalyje. Klonopinas (klonazepamas) gali pad\u0117ti \u017emon\u0117ms, ken\u010diantiems nuo traukuli\u0173, panikos sutrikimo ir nerimo. Benzodiazepinai yra vaistai, leid\u017eiantys jaustis ramiai.<\/p>\n<p>Clonazepam klonopin 2mg galima \u012fsigyti internetu u\u017e geriausi\u0105 kain\u0105 geriausioje vietoje. \u201eBest Global Meds\u201c yra gerai \u017einoma internetin\u0117 vaistin\u0117, parduodanti tik legalius vaistus. Kai u\u017esisakote internetu, galite sutaupyti pinig\u0173 ir laiko.<\/p>\n<p>JK, Europa: noriu parduoti Klonopin. Europoje yra viet\u0173, kur galite nusipirkti klonazepamo internetu ir nusipirkti klonopino 2 mg table\u010di\u0173.<\/p>\n","protected":false},"featured_media":5228,"comment_status":"open","ping_status":"closed","template":"","meta":[],"product_brand":[],"product_cat":[1117],"product_tag":[1370,1374,1386,1387,1371,1372,1373,1376,1381,1382,1383,1384,1385,1414,1417,1415,1416,1379,1380,1378,1375,1391,1392,1393,1398,1399,1400,1401,1406,1407,1408,1409,1388,1390,1389,1397,1405,1396,1394,1395,1412,1411,1402,1377,1404,1410,1403,1413,1418],"class_list":{"0":"post-5209","1":"product","2":"type-product","3":"status-publish","4":"has-post-thumbnail","6":"product_cat-pirkite-skausmo-miego-ir-sekso-tabletes","7":"product_tag-1-mg-klonopino","8":"product_tag-ar-galite-pasiimti-klonopin-visam-gyvenimui","9":"product_tag-is-klonopin-kontroliuojama-mediaga","10":"product_tag-yra-klonopinas-narkotikas","11":"product_tag-ativan-vs-klonopin","12":"product_tag-blue-klonopin","13":"product_tag-blue-klonopin-2mg","14":"product_tag-generic-klonopin","15":"product_tag-how-long-does-klonopin-stay-in-your-urine","16":"product_tag-how-long-does-klonopin-take-to-work","17":"product_tag-how-many-hours-between-klonopin-doses","18":"product_tag-is-1mg-of-klonopin-a-low-dose","19":"product_tag-is-klonopin-a-benzo","20":"product_tag-kaip-atrodo-klonopinas","21":"product_tag-kam-naudojamas-klonopinas","22":"product_tag-kas-yra-didel-klonopino-doz","23":"product_tag-kas-yra-klonopinas","24":"product_tag-kiek-ilgai-trunka-klonopinas","25":"product_tag-kiek-ilgai-klonopinas-ilieka-js-sistemoje","26":"product_tag-kiek-ilgai-utrunka-klonopinui-sispirti","27":"product_tag-klonazepamos-klonopinas-oranas-c5-bein-c4-97-tablet-c4-97-1-2","28":"product_tag-klonopin-2mg","29":"product_tag-klonopin-addiction","30":"product_tag-klonopin-and-alcohol","31":"product_tag-klonopin-generic","32":"product_tag-klonopin-half-life","33":"product_tag-klonopin-high","34":"product_tag-klonopin-medication","35":"product_tag-klonopin-vs-ativan","36":"product_tag-klonopin-vs-valium","37":"product_tag-klonopin-vs-xanax","38":"product_tag-klonopin-vs-xanax-reddit","39":"product_tag-klonopinas","40":"product_tag-klonopinas-1-mg","41":"product_tag-klonopinas-10-mg","42":"product_tag-klonopinas-miegui","43":"product_tag-klonopino-naudojimas","44":"product_tag-klonopinas-nerimui","45":"product_tag-klonopino-dozavimas","46":"product_tag-klonopino-doz-c4-97s","47":"product_tag-klonopino-abstinencijos-simptomai","48":"product_tag-klonopinas-atsitraukimas","49":"product_tag-klonopino-perdozavimas","50":"product_tag-klonopino-pusins-eliminacijos-laikas","51":"product_tag-klonopino-alutinis-poveikis","52":"product_tag-klonopinas-svorio-netekimas","53":"product_tag-klonopino-tablet","54":"product_tag-alutinis-klonopino-poveikis","55":"product_tag-xanax-vs-klonopin","57":"first","58":"instock","59":"shipping-taxable","60":"purchasable","61":"product-type-variable","62":"has-default-attributes"},"yoast_head":"<!-- This site is optimized with the Yoast SEO plugin v27.3 - https:\/\/yoast.com\/product\/yoast-seo-wordpress\/ -->\n<title>Pirkite Klonopin 2 mg \u2013 Klonopin internetinis i\u0161pardavimas \u2013 geriausi pasauliniai vaistai<\/title>\n<meta name=\"description\" content=\"Pirkite Klonopin 2 mg parduodamas JK, Europos tabletes internetu. Klonopinas (klonazepamas) gydo traukulius, panikos sutrikimus ir nerim\u0105. \u0160is vaistas yra benzodiazepinas.\" \/>\n<meta name=\"robots\" content=\"index, follow, max-snippet:-1, max-image-preview:large, max-video-preview:-1\" \/>\n<link rel=\"canonical\" href=\"https:\/\/medicinasinc.com\/lt\/product\/pirkti-klonopina-2-mg\/\" \/>\n<meta property=\"og:locale\" content=\"en_US\" \/>\n<meta property=\"og:type\" content=\"article\" \/>\n<meta property=\"og:title\" content=\"Pirkite Klonopin 2 mg \u2013 Klonopin internetinis i\u0161pardavimas \u2013 geriausi pasauliniai vaistai\" \/>\n<meta property=\"og:description\" content=\"Pirkite Klonopin 2 mg parduodamas JK, Europos tabletes internetu. Klonopinas (klonazepamas) gydo traukulius, panikos sutrikimus ir nerim\u0105. \u0160is vaistas yra benzodiazepinas.\" \/>\n<meta property=\"og:url\" content=\"https:\/\/medicinasinc.com\/lt\/product\/pirkti-klonopina-2-mg\/\" \/>\n<meta property=\"og:site_name\" content=\"Medicinas Inc\" \/>\n<meta property=\"article:modified_time\" content=\"2022-03-20T12:22:35+00:00\" \/>\n<meta property=\"og:image\" content=\"https:\/\/medicinasinc.com\/lt\/wp-content\/uploads\/sites\/9\/2022\/02\/Buy-Klonopin-2-mg.jpeg\" \/>\n\t<meta property=\"og:image:width\" content=\"236\" \/>\n\t<meta property=\"og:image:height\" content=\"296\" \/>\n\t<meta property=\"og:image:type\" content=\"image\/jpeg\" \/>\n<meta name=\"twitter:card\" content=\"summary_large_image\" \/>\n<meta name=\"twitter:label1\" content=\"Est. reading time\" \/>\n\t<meta name=\"twitter:data1\" content=\"4 minutes\" \/>\n<script type=\"application\/ld+json\" class=\"yoast-schema-graph\">{\"@context\":\"https:\\\/\\\/schema.org\",\"@graph\":[{\"@type\":\"WebPage\",\"@id\":\"https:\\\/\\\/medicinasinc.com\\\/lt\\\/product\\\/pirkti-klonopina-2-mg\\\/\",\"url\":\"https:\\\/\\\/medicinasinc.com\\\/lt\\\/product\\\/pirkti-klonopina-2-mg\\\/\",\"name\":\"Pirkite Klonopin 2 mg \u2013 Klonopin internetinis i\u0161pardavimas \u2013 geriausi pasauliniai vaistai\",\"isPartOf\":{\"@id\":\"https:\\\/\\\/medicinasinc.com\\\/lt\\\/#website\"},\"primaryImageOfPage\":{\"@id\":\"https:\\\/\\\/medicinasinc.com\\\/lt\\\/product\\\/pirkti-klonopina-2-mg\\\/#primaryimage\"},\"image\":{\"@id\":\"https:\\\/\\\/medicinasinc.com\\\/lt\\\/product\\\/pirkti-klonopina-2-mg\\\/#primaryimage\"},\"thumbnailUrl\":\"https:\\\/\\\/medicinasinc.com\\\/lt\\\/wp-content\\\/uploads\\\/sites\\\/9\\\/2022\\\/02\\\/Buy-Klonopin-2-mg.jpeg\",\"datePublished\":\"2022-02-20T21:59:55+00:00\",\"dateModified\":\"2022-03-20T12:22:35+00:00\",\"description\":\"Pirkite Klonopin 2 mg parduodamas JK, Europos tabletes internetu. Klonopinas (klonazepamas) gydo traukulius, panikos sutrikimus ir nerim\u0105. \u0160is vaistas yra benzodiazepinas.\",\"breadcrumb\":{\"@id\":\"https:\\\/\\\/medicinasinc.com\\\/lt\\\/product\\\/pirkti-klonopina-2-mg\\\/#breadcrumb\"},\"inLanguage\":\"en-US\",\"potentialAction\":[{\"@type\":\"ReadAction\",\"target\":[\"https:\\\/\\\/medicinasinc.com\\\/lt\\\/product\\\/pirkti-klonopina-2-mg\\\/\"]}]},{\"@type\":\"ImageObject\",\"inLanguage\":\"en-US\",\"@id\":\"https:\\\/\\\/medicinasinc.com\\\/lt\\\/product\\\/pirkti-klonopina-2-mg\\\/#primaryimage\",\"url\":\"https:\\\/\\\/medicinasinc.com\\\/lt\\\/wp-content\\\/uploads\\\/sites\\\/9\\\/2022\\\/02\\\/Buy-Klonopin-2-mg.jpeg\",\"contentUrl\":\"https:\\\/\\\/medicinasinc.com\\\/lt\\\/wp-content\\\/uploads\\\/sites\\\/9\\\/2022\\\/02\\\/Buy-Klonopin-2-mg.jpeg\",\"width\":236,\"height\":296},{\"@type\":\"BreadcrumbList\",\"@id\":\"https:\\\/\\\/medicinasinc.com\\\/lt\\\/product\\\/pirkti-klonopina-2-mg\\\/#breadcrumb\",\"itemListElement\":[{\"@type\":\"ListItem\",\"position\":1,\"name\":\"Parduotuv\u0117\",\"item\":\"https:\\\/\\\/medicinasinc.com\\\/lt\\\/parduotuve\\\/\"},{\"@type\":\"ListItem\",\"position\":2,\"name\":\"Pirkite Klonopin 2 mg\"}]},{\"@type\":\"WebSite\",\"@id\":\"https:\\\/\\\/medicinasinc.com\\\/lt\\\/#website\",\"url\":\"https:\\\/\\\/medicinasinc.com\\\/lt\\\/\",\"name\":\"Medicinas Inc\",\"description\":\"Sveikatos medicinos klinika\",\"potentialAction\":[{\"@type\":\"SearchAction\",\"target\":{\"@type\":\"EntryPoint\",\"urlTemplate\":\"https:\\\/\\\/medicinasinc.com\\\/lt\\\/?s={search_term_string}\"},\"query-input\":{\"@type\":\"PropertyValueSpecification\",\"valueRequired\":true,\"valueName\":\"search_term_string\"}}],\"inLanguage\":\"en-US\"}]}<\/script>\n<!-- \/ Yoast SEO plugin. -->","yoast_head_json":{"title":"Pirkite Klonopin 2 mg \u2013 Klonopin internetinis i\u0161pardavimas \u2013 geriausi pasauliniai vaistai","description":"Pirkite Klonopin 2 mg parduodamas JK, Europos tabletes internetu. Klonopinas (klonazepamas) gydo traukulius, panikos sutrikimus ir nerim\u0105. \u0160is vaistas yra benzodiazepinas.","robots":{"index":"index","follow":"follow","max-snippet":"max-snippet:-1","max-image-preview":"max-image-preview:large","max-video-preview":"max-video-preview:-1"},"canonical":"https:\/\/medicinasinc.com\/lt\/product\/pirkti-klonopina-2-mg\/","og_locale":"en_US","og_type":"article","og_title":"Pirkite Klonopin 2 mg \u2013 Klonopin internetinis i\u0161pardavimas \u2013 geriausi pasauliniai vaistai","og_description":"Pirkite Klonopin 2 mg parduodamas JK, Europos tabletes internetu. Klonopinas (klonazepamas) gydo traukulius, panikos sutrikimus ir nerim\u0105. \u0160is vaistas yra benzodiazepinas.","og_url":"https:\/\/medicinasinc.com\/lt\/product\/pirkti-klonopina-2-mg\/","og_site_name":"Medicinas Inc","article_modified_time":"2022-03-20T12:22:35+00:00","og_image":[{"width":236,"height":296,"url":"https:\/\/medicinasinc.com\/lt\/wp-content\/uploads\/sites\/9\/2022\/02\/Buy-Klonopin-2-mg.jpeg","type":"image\/jpeg"}],"twitter_card":"summary_large_image","twitter_misc":{"Est. reading time":"4 minutes"},"schema":{"@context":"https:\/\/schema.org","@graph":[{"@type":"WebPage","@id":"https:\/\/medicinasinc.com\/lt\/product\/pirkti-klonopina-2-mg\/","url":"https:\/\/medicinasinc.com\/lt\/product\/pirkti-klonopina-2-mg\/","name":"Pirkite Klonopin 2 mg \u2013 Klonopin internetinis i\u0161pardavimas \u2013 geriausi pasauliniai vaistai","isPartOf":{"@id":"https:\/\/medicinasinc.com\/lt\/#website"},"primaryImageOfPage":{"@id":"https:\/\/medicinasinc.com\/lt\/product\/pirkti-klonopina-2-mg\/#primaryimage"},"image":{"@id":"https:\/\/medicinasinc.com\/lt\/product\/pirkti-klonopina-2-mg\/#primaryimage"},"thumbnailUrl":"https:\/\/medicinasinc.com\/lt\/wp-content\/uploads\/sites\/9\/2022\/02\/Buy-Klonopin-2-mg.jpeg","datePublished":"2022-02-20T21:59:55+00:00","dateModified":"2022-03-20T12:22:35+00:00","description":"Pirkite Klonopin 2 mg parduodamas JK, Europos tabletes internetu. Klonopinas (klonazepamas) gydo traukulius, panikos sutrikimus ir nerim\u0105. \u0160is vaistas yra benzodiazepinas.","breadcrumb":{"@id":"https:\/\/medicinasinc.com\/lt\/product\/pirkti-klonopina-2-mg\/#breadcrumb"},"inLanguage":"en-US","potentialAction":[{"@type":"ReadAction","target":["https:\/\/medicinasinc.com\/lt\/product\/pirkti-klonopina-2-mg\/"]}]},{"@type":"ImageObject","inLanguage":"en-US","@id":"https:\/\/medicinasinc.com\/lt\/product\/pirkti-klonopina-2-mg\/#primaryimage","url":"https:\/\/medicinasinc.com\/lt\/wp-content\/uploads\/sites\/9\/2022\/02\/Buy-Klonopin-2-mg.jpeg","contentUrl":"https:\/\/medicinasinc.com\/lt\/wp-content\/uploads\/sites\/9\/2022\/02\/Buy-Klonopin-2-mg.jpeg","width":236,"height":296},{"@type":"BreadcrumbList","@id":"https:\/\/medicinasinc.com\/lt\/product\/pirkti-klonopina-2-mg\/#breadcrumb","itemListElement":[{"@type":"ListItem","position":1,"name":"Parduotuv\u0117","item":"https:\/\/medicinasinc.com\/lt\/parduotuve\/"},{"@type":"ListItem","position":2,"name":"Pirkite Klonopin 2 mg"}]},{"@type":"WebSite","@id":"https:\/\/medicinasinc.com\/lt\/#website","url":"https:\/\/medicinasinc.com\/lt\/","name":"Medicinas Inc","description":"Sveikatos medicinos klinika","potentialAction":[{"@type":"SearchAction","target":{"@type":"EntryPoint","urlTemplate":"https:\/\/medicinasinc.com\/lt\/?s={search_term_string}"},"query-input":{"@type":"PropertyValueSpecification","valueRequired":true,"valueName":"search_term_string"}}],"inLanguage":"en-US"}]}},"_links":{"self":[{"href":"https:\/\/medicinasinc.com\/lt\/wp-json\/wp\/v2\/product\/5209","targetHints":{"allow":["GET"]}}],"collection":[{"href":"https:\/\/medicinasinc.com\/lt\/wp-json\/wp\/v2\/product"}],"about":[{"href":"https:\/\/medicinasinc.com\/lt\/wp-json\/wp\/v2\/types\/product"}],"replies":[{"embeddable":true,"href":"https:\/\/medicinasinc.com\/lt\/wp-json\/wp\/v2\/comments?post=5209"}],"wp:featuredmedia":[{"embeddable":true,"href":"https:\/\/medicinasinc.com\/lt\/wp-json\/wp\/v2\/media\/5228"}],"wp:attachment":[{"href":"https:\/\/medicinasinc.com\/lt\/wp-json\/wp\/v2\/media?parent=5209"}],"wp:term":[{"taxonomy":"product_brand","embeddable":true,"href":"https:\/\/medicinasinc.com\/lt\/wp-json\/wp\/v2\/product_brand?post=5209"},{"taxonomy":"product_cat","embeddable":true,"href":"https:\/\/medicinasinc.com\/lt\/wp-json\/wp\/v2\/product_cat?post=5209"},{"taxonomy":"product_tag","embeddable":true,"href":"https:\/\/medicinasinc.com\/lt\/wp-json\/wp\/v2\/product_tag?post=5209"}],"curies":[{"name":"wp","href":"https:\/\/api.w.org\/{rel}","templated":true}]}}