{"id":5208,"date":"2022-02-20T21:58:44","date_gmt":"2022-02-20T21:58:44","guid":{"rendered":"https:\/\/medicinasinc.com\/lt\/?post_type=product&#038;p=5208"},"modified":"2022-03-20T12:22:46","modified_gmt":"2022-03-20T12:22:46","slug":"pirkti-imovanas-zopiklonas-7-5-mg","status":"publish","type":"product","link":"https:\/\/medicinasinc.com\/lt\/product\/pirkti-imovanas-zopiklonas-7-5-mg\/","title":{"rendered":"Pirkite Imovane Zopiclone 7,5 mg"},"content":{"rendered":"<p>Imovane Zopiclone table\u010di\u0173 galima \u012fsigyti internetu.<\/p>\n<p>Imovane Zopiclone tabletes galima \u012fsigyti internetu.<\/p>\n<p>Imovane: Zopiklonas priklauso raminam\u0173j\u0173-migdom\u0173j\u0173 vaist\u0173 klasei. Jis skiriamas simptominiam miego problem\u0173 palengvinimui trumpuoju laikotarpiu.<\/p>\n","protected":false},"excerpt":{"rendered":"<div class=\"woocommerce-product-details__short-description\">\n<p>Pirkite zopiclone 7.5mg tabletes internetu, zopiclone 7.5mg uk, zopiclone online, zopiclone eu, zopiclone singapore, zopiclone uk, zopiclone piclon a next7 day. pristatymas<\/p>\n<p>Imovane Zopiclone table\u010di\u0173 galima \u012fsigyti internetu.<\/p>\n<p>Imovane: Zopiklonas yra raminamasis-migdomasis vaistas. Jis vartojamas trumpalaikiams miego sutrikimams gydyti ir kaip simptominis gydymas.<\/p>\n<p>Imovane (Zopiclone) galima \u012fsigyti internetu su galiojan\u010diu Australijos receptu. Bestglobalmeds.com si\u016blo nemokam\u0105 vis\u0173 receptini\u0173 preki\u0173 pristatym\u0105 \u012f Australij\u0105.<\/p>\n<p>Imovane (Zopiclone) yra raminamasis-migdomasis vaistas. Jis vartojamas trumpalaikiams miego sutrikimams gydyti ir kaip simptominis gydymas.<\/p>\n<\/p><\/div>\n","protected":false},"featured_media":5226,"comment_status":"open","ping_status":"closed","template":"","meta":[],"product_brand":[],"product_cat":[1117],"product_tag":[1365,1366,1367,1368,1362,1364,1363,1369],"class_list":{"0":"post-5208","1":"product","2":"type-product","3":"status-publish","4":"has-post-thumbnail","6":"product_cat-pirkite-skausmo-miego-ir-sekso-tabletes","7":"product_tag-buy-zopiclone-eu","8":"product_tag-buy-zopiclone-online","9":"product_tag-buy-zopiclone-singapore","10":"product_tag-buy-zopiclone-uk","11":"product_tag-pirk-zopiklonas-7-5mg-tabletes-kita-diena-pristatymas","12":"product_tag-pirkti-zopiklonas-7-5mg-uk","13":"product_tag-pirkti-zopiklono-7-5mg-tabletes-internetu","14":"product_tag-zopiklonas-amazon","16":"first","17":"instock","18":"shipping-taxable","19":"purchasable","20":"product-type-variable","21":"has-default-attributes"},"yoast_head":"<!-- This site is optimized with the Yoast SEO plugin v27.3 - https:\/\/yoast.com\/product\/yoast-seo-wordpress\/ -->\n<title>Pirkite Imovane Zopiclone 7,5 mg \u2013 geriausius pasaulinius vaistus<\/title>\n<meta name=\"description\" content=\"pirkite zopiclone 7.5mg tabletes internetu, pirkite zopiclone 7.5mg uk, pirkite zopiclone internetu, pirkite zopiclone eu, pirkite zopiclone singapore, pirkite zopiclone uk, zopiclone amazon, pirkite zopiclone 7,5 mg tabletes pristatymas kit\u0105 dien\u0105,\" \/>\n<meta name=\"robots\" content=\"index, follow, max-snippet:-1, max-image-preview:large, max-video-preview:-1\" \/>\n<link rel=\"canonical\" href=\"https:\/\/medicinasinc.com\/lt\/product\/pirkti-imovanas-zopiklonas-7-5-mg\/\" \/>\n<meta property=\"og:locale\" content=\"en_US\" \/>\n<meta property=\"og:type\" content=\"article\" \/>\n<meta property=\"og:title\" content=\"Pirkite Imovane Zopiclone 7,5 mg \u2013 geriausius pasaulinius vaistus\" \/>\n<meta property=\"og:description\" content=\"pirkite zopiclone 7.5mg tabletes internetu, pirkite zopiclone 7.5mg uk, pirkite zopiclone internetu, pirkite zopiclone eu, pirkite zopiclone singapore, pirkite zopiclone uk, zopiclone amazon, pirkite zopiclone 7,5 mg tabletes pristatymas kit\u0105 dien\u0105,\" \/>\n<meta property=\"og:url\" content=\"https:\/\/medicinasinc.com\/lt\/product\/pirkti-imovanas-zopiklonas-7-5-mg\/\" \/>\n<meta property=\"og:site_name\" content=\"Medicinas Inc\" \/>\n<meta property=\"article:modified_time\" content=\"2022-03-20T12:22:46+00:00\" \/>\n<meta property=\"og:image\" content=\"https:\/\/medicinasinc.com\/lt\/wp-content\/uploads\/sites\/9\/2022\/02\/Buy-Imovane-Zopiclone-7.5-mg.jpg\" \/>\n\t<meta property=\"og:image:width\" content=\"570\" \/>\n\t<meta property=\"og:image:height\" content=\"340\" \/>\n\t<meta property=\"og:image:type\" content=\"image\/jpeg\" \/>\n<meta name=\"twitter:card\" content=\"summary_large_image\" \/>\n<meta name=\"twitter:label1\" content=\"Est. reading time\" \/>\n\t<meta name=\"twitter:data1\" content=\"1 minute\" \/>\n<script type=\"application\/ld+json\" class=\"yoast-schema-graph\">{\"@context\":\"https:\\\/\\\/schema.org\",\"@graph\":[{\"@type\":\"WebPage\",\"@id\":\"https:\\\/\\\/medicinasinc.com\\\/lt\\\/product\\\/pirkti-imovanas-zopiklonas-7-5-mg\\\/\",\"url\":\"https:\\\/\\\/medicinasinc.com\\\/lt\\\/product\\\/pirkti-imovanas-zopiklonas-7-5-mg\\\/\",\"name\":\"Pirkite Imovane Zopiclone 7,5 mg \u2013 geriausius pasaulinius vaistus\",\"isPartOf\":{\"@id\":\"https:\\\/\\\/medicinasinc.com\\\/lt\\\/#website\"},\"primaryImageOfPage\":{\"@id\":\"https:\\\/\\\/medicinasinc.com\\\/lt\\\/product\\\/pirkti-imovanas-zopiklonas-7-5-mg\\\/#primaryimage\"},\"image\":{\"@id\":\"https:\\\/\\\/medicinasinc.com\\\/lt\\\/product\\\/pirkti-imovanas-zopiklonas-7-5-mg\\\/#primaryimage\"},\"thumbnailUrl\":\"https:\\\/\\\/medicinasinc.com\\\/lt\\\/wp-content\\\/uploads\\\/sites\\\/9\\\/2022\\\/02\\\/Buy-Imovane-Zopiclone-7.5-mg.jpg\",\"datePublished\":\"2022-02-20T21:58:44+00:00\",\"dateModified\":\"2022-03-20T12:22:46+00:00\",\"description\":\"pirkite zopiclone 7.5mg tabletes internetu, pirkite zopiclone 7.5mg uk, pirkite zopiclone internetu, pirkite zopiclone eu, pirkite zopiclone singapore, pirkite zopiclone uk, zopiclone amazon, pirkite zopiclone 7,5 mg tabletes pristatymas kit\u0105 dien\u0105,\",\"breadcrumb\":{\"@id\":\"https:\\\/\\\/medicinasinc.com\\\/lt\\\/product\\\/pirkti-imovanas-zopiklonas-7-5-mg\\\/#breadcrumb\"},\"inLanguage\":\"en-US\",\"potentialAction\":[{\"@type\":\"ReadAction\",\"target\":[\"https:\\\/\\\/medicinasinc.com\\\/lt\\\/product\\\/pirkti-imovanas-zopiklonas-7-5-mg\\\/\"]}]},{\"@type\":\"ImageObject\",\"inLanguage\":\"en-US\",\"@id\":\"https:\\\/\\\/medicinasinc.com\\\/lt\\\/product\\\/pirkti-imovanas-zopiklonas-7-5-mg\\\/#primaryimage\",\"url\":\"https:\\\/\\\/medicinasinc.com\\\/lt\\\/wp-content\\\/uploads\\\/sites\\\/9\\\/2022\\\/02\\\/Buy-Imovane-Zopiclone-7.5-mg.jpg\",\"contentUrl\":\"https:\\\/\\\/medicinasinc.com\\\/lt\\\/wp-content\\\/uploads\\\/sites\\\/9\\\/2022\\\/02\\\/Buy-Imovane-Zopiclone-7.5-mg.jpg\",\"width\":570,\"height\":340},{\"@type\":\"BreadcrumbList\",\"@id\":\"https:\\\/\\\/medicinasinc.com\\\/lt\\\/product\\\/pirkti-imovanas-zopiklonas-7-5-mg\\\/#breadcrumb\",\"itemListElement\":[{\"@type\":\"ListItem\",\"position\":1,\"name\":\"Parduotuv\u0117\",\"item\":\"https:\\\/\\\/medicinasinc.com\\\/lt\\\/parduotuve\\\/\"},{\"@type\":\"ListItem\",\"position\":2,\"name\":\"Pirkite Imovane Zopiclone 7,5 mg\"}]},{\"@type\":\"WebSite\",\"@id\":\"https:\\\/\\\/medicinasinc.com\\\/lt\\\/#website\",\"url\":\"https:\\\/\\\/medicinasinc.com\\\/lt\\\/\",\"name\":\"Medicinas Inc\",\"description\":\"Sveikatos medicinos klinika\",\"potentialAction\":[{\"@type\":\"SearchAction\",\"target\":{\"@type\":\"EntryPoint\",\"urlTemplate\":\"https:\\\/\\\/medicinasinc.com\\\/lt\\\/?s={search_term_string}\"},\"query-input\":{\"@type\":\"PropertyValueSpecification\",\"valueRequired\":true,\"valueName\":\"search_term_string\"}}],\"inLanguage\":\"en-US\"}]}<\/script>\n<!-- \/ Yoast SEO plugin. -->","yoast_head_json":{"title":"Pirkite Imovane Zopiclone 7,5 mg \u2013 geriausius pasaulinius vaistus","description":"pirkite zopiclone 7.5mg tabletes internetu, pirkite zopiclone 7.5mg uk, pirkite zopiclone internetu, pirkite zopiclone eu, pirkite zopiclone singapore, pirkite zopiclone uk, zopiclone amazon, pirkite zopiclone 7,5 mg tabletes pristatymas kit\u0105 dien\u0105,","robots":{"index":"index","follow":"follow","max-snippet":"max-snippet:-1","max-image-preview":"max-image-preview:large","max-video-preview":"max-video-preview:-1"},"canonical":"https:\/\/medicinasinc.com\/lt\/product\/pirkti-imovanas-zopiklonas-7-5-mg\/","og_locale":"en_US","og_type":"article","og_title":"Pirkite Imovane Zopiclone 7,5 mg \u2013 geriausius pasaulinius vaistus","og_description":"pirkite zopiclone 7.5mg tabletes internetu, pirkite zopiclone 7.5mg uk, pirkite zopiclone internetu, pirkite zopiclone eu, pirkite zopiclone singapore, pirkite zopiclone uk, zopiclone amazon, pirkite zopiclone 7,5 mg tabletes pristatymas kit\u0105 dien\u0105,","og_url":"https:\/\/medicinasinc.com\/lt\/product\/pirkti-imovanas-zopiklonas-7-5-mg\/","og_site_name":"Medicinas Inc","article_modified_time":"2022-03-20T12:22:46+00:00","og_image":[{"width":570,"height":340,"url":"https:\/\/medicinasinc.com\/lt\/wp-content\/uploads\/sites\/9\/2022\/02\/Buy-Imovane-Zopiclone-7.5-mg.jpg","type":"image\/jpeg"}],"twitter_card":"summary_large_image","twitter_misc":{"Est. reading time":"1 minute"},"schema":{"@context":"https:\/\/schema.org","@graph":[{"@type":"WebPage","@id":"https:\/\/medicinasinc.com\/lt\/product\/pirkti-imovanas-zopiklonas-7-5-mg\/","url":"https:\/\/medicinasinc.com\/lt\/product\/pirkti-imovanas-zopiklonas-7-5-mg\/","name":"Pirkite Imovane Zopiclone 7,5 mg \u2013 geriausius pasaulinius vaistus","isPartOf":{"@id":"https:\/\/medicinasinc.com\/lt\/#website"},"primaryImageOfPage":{"@id":"https:\/\/medicinasinc.com\/lt\/product\/pirkti-imovanas-zopiklonas-7-5-mg\/#primaryimage"},"image":{"@id":"https:\/\/medicinasinc.com\/lt\/product\/pirkti-imovanas-zopiklonas-7-5-mg\/#primaryimage"},"thumbnailUrl":"https:\/\/medicinasinc.com\/lt\/wp-content\/uploads\/sites\/9\/2022\/02\/Buy-Imovane-Zopiclone-7.5-mg.jpg","datePublished":"2022-02-20T21:58:44+00:00","dateModified":"2022-03-20T12:22:46+00:00","description":"pirkite zopiclone 7.5mg tabletes internetu, pirkite zopiclone 7.5mg uk, pirkite zopiclone internetu, pirkite zopiclone eu, pirkite zopiclone singapore, pirkite zopiclone uk, zopiclone amazon, pirkite zopiclone 7,5 mg tabletes pristatymas kit\u0105 dien\u0105,","breadcrumb":{"@id":"https:\/\/medicinasinc.com\/lt\/product\/pirkti-imovanas-zopiklonas-7-5-mg\/#breadcrumb"},"inLanguage":"en-US","potentialAction":[{"@type":"ReadAction","target":["https:\/\/medicinasinc.com\/lt\/product\/pirkti-imovanas-zopiklonas-7-5-mg\/"]}]},{"@type":"ImageObject","inLanguage":"en-US","@id":"https:\/\/medicinasinc.com\/lt\/product\/pirkti-imovanas-zopiklonas-7-5-mg\/#primaryimage","url":"https:\/\/medicinasinc.com\/lt\/wp-content\/uploads\/sites\/9\/2022\/02\/Buy-Imovane-Zopiclone-7.5-mg.jpg","contentUrl":"https:\/\/medicinasinc.com\/lt\/wp-content\/uploads\/sites\/9\/2022\/02\/Buy-Imovane-Zopiclone-7.5-mg.jpg","width":570,"height":340},{"@type":"BreadcrumbList","@id":"https:\/\/medicinasinc.com\/lt\/product\/pirkti-imovanas-zopiklonas-7-5-mg\/#breadcrumb","itemListElement":[{"@type":"ListItem","position":1,"name":"Parduotuv\u0117","item":"https:\/\/medicinasinc.com\/lt\/parduotuve\/"},{"@type":"ListItem","position":2,"name":"Pirkite Imovane Zopiclone 7,5 mg"}]},{"@type":"WebSite","@id":"https:\/\/medicinasinc.com\/lt\/#website","url":"https:\/\/medicinasinc.com\/lt\/","name":"Medicinas Inc","description":"Sveikatos medicinos klinika","potentialAction":[{"@type":"SearchAction","target":{"@type":"EntryPoint","urlTemplate":"https:\/\/medicinasinc.com\/lt\/?s={search_term_string}"},"query-input":{"@type":"PropertyValueSpecification","valueRequired":true,"valueName":"search_term_string"}}],"inLanguage":"en-US"}]}},"_links":{"self":[{"href":"https:\/\/medicinasinc.com\/lt\/wp-json\/wp\/v2\/product\/5208","targetHints":{"allow":["GET"]}}],"collection":[{"href":"https:\/\/medicinasinc.com\/lt\/wp-json\/wp\/v2\/product"}],"about":[{"href":"https:\/\/medicinasinc.com\/lt\/wp-json\/wp\/v2\/types\/product"}],"replies":[{"embeddable":true,"href":"https:\/\/medicinasinc.com\/lt\/wp-json\/wp\/v2\/comments?post=5208"}],"wp:featuredmedia":[{"embeddable":true,"href":"https:\/\/medicinasinc.com\/lt\/wp-json\/wp\/v2\/media\/5226"}],"wp:attachment":[{"href":"https:\/\/medicinasinc.com\/lt\/wp-json\/wp\/v2\/media?parent=5208"}],"wp:term":[{"taxonomy":"product_brand","embeddable":true,"href":"https:\/\/medicinasinc.com\/lt\/wp-json\/wp\/v2\/product_brand?post=5208"},{"taxonomy":"product_cat","embeddable":true,"href":"https:\/\/medicinasinc.com\/lt\/wp-json\/wp\/v2\/product_cat?post=5208"},{"taxonomy":"product_tag","embeddable":true,"href":"https:\/\/medicinasinc.com\/lt\/wp-json\/wp\/v2\/product_tag?post=5208"}],"curies":[{"name":"wp","href":"https:\/\/api.w.org\/{rel}","templated":true}]}}