{"id":5207,"date":"2022-02-20T21:57:05","date_gmt":"2022-02-20T21:57:05","guid":{"rendered":"https:\/\/medicinasinc.com\/lt\/?post_type=product&#038;p=5207"},"modified":"2022-03-20T12:22:55","modified_gmt":"2022-03-20T12:22:55","slug":"pirkti-imitrex-sumatriptanas-100-mg","status":"publish","type":"product","link":"https:\/\/medicinasinc.com\/lt\/product\/pirkti-imitrex-sumatriptanas-100-mg\/","title":{"rendered":"Pirkite imitrex Sumatriptan 100 mg"},"content":{"rendered":"<div class=\"product-next-previous\">\n<div class=\"product-prev\">\n<p>Pirkite Imitrex 100mg tabletes internetu Imitrex Informacija (prek\u0117s \u017eenklas ir bendroji)<\/p>\n<p>Bestglobalmeds.com\u00a0\u0161iuo metu parduoda prek\u0117s \u017eenklas Imitrex, paprastai \u017einomas kaip Imigran, gaminamas GSK Turkijoje ir Aspen Australijoje. Be to, mes ve\u017eame GSK prek\u0117s \u017eenkl\u0105 Imitrex i\u0161 Kanados. Sumatriptan\u0105 galima \u012fsigyti i\u0161 Pharma Science Kanadoje, Sun Pharma Indijoje (Suminat) ir Dexcel Pharma bei Accord Pharma Jungtin\u0117je Karalyst\u0117je.<\/p>\n<p>Dozavimas<\/p>\n<p>Imitrex yra \u012fvairi\u0173 r\u016b\u0161i\u0173 dozavimo formul\u0117s ir lygiai. Imitrex ir Sumatriptan tiekiami 50 mg ir 100 mg table\u010di\u0173 dozavimo formomis. Be to, tiekiame generines Imitrex 25 mg tabletes. Be to, prek\u0117s \u017eenklo \u201eImitrex\u201c galima \u012fsigyti kaip 20 mg nosies pur\u0161kalo pakuotes, 6 mg\/0,5 ml injekcinius buteliukus, pradin\u0117s doz\u0117s rinkinius ir statin\u0117s doz\u0117s u\u017etaisus.<\/p>\n<p>Naudojimas<\/p>\n<p>Imitreksas (Sumatriptanas) yra vaistas nuo migrenos galvos skausmo. Imitrex neapsaugo nuo migrenos ir nesuma\u017eina jos da\u017enio. Jis vartojamas tik jau prasid\u0117jusiems migrenos simptomams gydyti. Jis padeda suma\u017einti galvos skausm\u0105, diskomfort\u0105 ir kitus migrenos simptomus, tokius kaip pykinimas, v\u0117mimas ir jautrumas \u0161viesai ar garsui. Sumatriptanas yra triptan\u0173 klas\u0117s vaist\u0173 narys. \u0160is vaistas veikia sutrikdydamas nat\u016braliai susidariusi\u0105 chemin\u0119 med\u017eiag\u0105 (serotonin\u0105), kuri sukelia smegen\u0173 kraujo arterij\u0173 susiaur\u0117jim\u0105. Be to, jis suma\u017eins skausm\u0105, paveikdamas specifinius smegen\u0173 nervus.<\/p>\n<p>Pasekm\u0117s<\/p>\n<p>Nedelsdami kreipkit\u0117s \u012f gydytoj\u0105, jei pasirei\u0161k\u0117 bet kuris i\u0161 toliau i\u0161vardyt\u0173 rimt\u0173 \u0161alutini\u0173 poveiki\u0173: kr\u016btin\u0117s, \u017eandikaulio ar kairiojo. rankos skausmas; kruvinas viduriavimas; alpimas; greitas, nereguliarus, dau\u017eantis \u0161irdies plakimas; psichin\u0117s\/nuotaikos problemos; stiprus skrand\u017eio\/pilvo skausmas; stiprus kr\u016btin\u0117s skausmas; traukuliai; neai\u0161ki kalba; vizualiniai poky\u010diai. Toliau pateikiami keli da\u017eniausiai pasitaikantys nepageidaujami poveikiai: \u2022 galvos svaigimas ir mieguistumas; \u2022 dilg\u010diojimo \/ tirpimo \/ per\u0161t\u0117jimo \/ kar\u0161\u010dio poj\u016b\u010diai; \u2022 Paraudimas.<br \/> \u2022 Padid\u0117j\u0119s kraujosp\u016bdis \u2014 Reguliariai tikrinkite kraujosp\u016bd\u012f, kad u\u017etikrintum\u0117te saugum\u0105;<br \/> \u2022 I\u0161sekimas; \u2022 Silpnumas<\/p>\n<p>Kontraindikacijos ir s\u0105veika<\/p>\n<p>Imitrex negalima gydyti \u012fprasto \u012ftampos galvos skausmui arba tokiam galvos skausmui, d\u0117l kurio netenkama jud\u0117jimo vienoje k\u016bno pus\u0117je, gydyti. Imitrex vartoti negalima, jeigu yra alergija sumatriptanui arba jeigu yra \u0161ios b\u016bkl\u0117s: \u2022 buv\u0119s \u0161irdies priepuolis arba insultas; \u2022 Tam tikri \u0161irdies ritmo sutrikimai; \u2022 kraujotakos sutrikimai, d\u0117l kuri\u0173 organizmas nepakankamai apr\u016bpinamas krauju; \u2022 \u0160irdies problemos; \u2022 Kepen\u0173 ar inkst\u0173 liga; \u2022 Nekontroliuojamas auk\u0161tas kraujosp\u016bdis;<\/p>\n<p>Imitrex negalima vartoti per 24 valandas po bet kokio kito migrenos galvos skausmo gydymo. Informuokite savo gydytoj\u0105 apie visus \u0161iuo metu vartojamus vaistus, \u012fskaitant receptinius, nereceptinius ir augalinius vaistus, \u012fskaitant MAOI, selektyvius serotonino reabsorbcijos inhibitorius ir norepinefrino reabsorbcijos inhibitorius. Sumatriptanas gali sukelti galvos svaigim\u0105 ar mieguistum\u0105. Alkoholis arba marihuana gali padidinti galvos svaigim\u0105 ar mieguistum\u0105. Venkite vairuoti, valdyti mechanizmus ar atlikti bet koki\u0105 kit\u0105 veikl\u0105, kuriai reikia budrumo. Alkoholinius g\u0117rimus vartokite saikingai. Ne\u017einoma, kad Imitrex pakenkt\u0173 negimusiam vaikui. Jei esate n\u0117\u0161\u010dia, kreipkit\u0117s \u012f gydytoj\u0105. Sumatriptanas i\u0161siskiria \u012f motinos pien\u0105 ir gali pakenkti \u017eindomam k\u016bdikiui. Po Imitrex vartojimo 12 valand\u0173 reikia vengti \u017eindymo. Imitrex nerekomenduojama vartoti jaunesniems nei 18 met\u0173 asmenims.<\/p>\n<p>Klausimai ir atsakymai<br \/> Kod\u0117l Kanadoje Imitrex yra pigesnis nei JAV?<\/p>\n<p>Apskritai , vis\u0173 vaist\u0173 kainos, ne tik Imitrex, yra labiau pagr\u012fstos perkant i\u0161 Kanados, nes vyriausyb\u0117 reguliuoja tiek firmini\u0173, tiek generini\u0173 vaist\u0173 kainas. Be to, nuo pat \u012fk\u016brimo 2006 m. m\u016bs\u0173 tikslas buvo tiekti saugius ir nebrangius vaistus JAV \u017emon\u0117ms.<\/p>\n<p>Ar saugu pirkti Imitrex i\u0161 j\u016bs\u0173 vaistin\u0117je?<\/p>\n<p>M\u016bs\u0173 produktai yra gaunami tik i\u0161 \u012frengini\u0173, kuriuos sertifikavo \u0161ali\u0173, i\u0161 kuri\u0173 jie importuojami, vald\u017eios institucijoms. CanadaPharmacyOnline.com taiko grie\u017et\u0105 m\u016bs\u0173 partneri\u0173 atrankos proced\u016br\u0105, siekdama u\u017etikrinti, kad j\u016bs, m\u016bs\u0173 klientas, gautum\u0117te pa\u010dius saugiausius vaistus. Be to, esame sertifikuota Kanados vaistin\u0117, kuri atitinka visus provincijos \u012fstatymus.<\/p>\n<p>Kiek kainuoja generinis Imitrex 100 mg j\u016bs\u0173 vaistin\u0117je?<\/p>\n<p>Bendrinis Imitrex 100 mg galima \u012fsigyti u\u017e kuo ma\u017eiau kaip 28,99 USD u\u017e 12 table\u010di\u0173, o 50 mg doz\u0119 galima \u012fsigyti tik u\u017e 57,99 USD u\u017e 18 table\u010di\u0173.<\/p>\n<p>Kiek kainuoja tablet\u0117?<\/p>\n<p>Imitrex 100 mg yra bendras forma u\u017e 2,27 USD u\u017e tablet\u0119 ir prek\u0117s \u017eenklo forma u\u017e 8,67 USD u\u017e tablet\u0119 m\u016bs\u0173 vaistin\u0117je.<\/p>\n<p>Kiek kainuoja pristatymas?<\/p>\n<p>M\u016bs\u0173 vienodo tarifo pristatymo kaina yra 10,00 USD u\u017e u\u017esakym\u0105. M\u016bs\u0173 vaistin\u0117 yra \u012fsipareigojusi suteikti jums ma\u017eiausias \u012fmanomas auk\u0161tos kokyb\u0117s preki\u0173 kainas.<\/p>\n<p>Kaip pateikti u\u017esakym\u0105 vaistin\u0117je?<\/p>\n<p>U\u017esisakyti Imitrex i\u0161 m\u016bs\u0173 tikrai paprasta. . Galite pateikti u\u017esakym\u0105 internetu arba telefonu su klient\u0173 aptarnavimo tarnyba. Nor\u0117dami gauti papildomos informacijos arba prad\u0117ti u\u017esakymo proces\u0105, apsilankykite puslapyje \u201eKaip u\u017esisakyti\u201c.<\/p>\n<p>Ar \u201eImitrex\u201c kaina yra konkurencinga?<\/p>\n<p>Taip, mes did\u017eiuojam\u0117s gal\u0117dami pateikti \u017eemiausias kainas. Kanados vaistin\u0117se. Retais atvejais galime prilygti konkurent\u0173 kainoms arba jas \u012fveikti. Susisiekite su m\u016bs\u0173 mandagiu klient\u0173 aptarnavimo telefonu 1866 920 3784.<\/p>\n<p>Ar galiu \u012fsigyti Imitrex i\u0161 j\u016bs\u0173 be recepto?<\/p>\n<p>Ne, Imitrex galima \u012fsigyti tik pateikus galiojant\u012f gydytojo recept\u0105. Be galiojan\u010dio recepto \u0161io produkto neparduodame.<\/p>\n<p>Imitrex 50 mg vs. Imitrex 100 mg: koks skirtumas?<\/p>\n<p>Doz\u0117s skirtumas atspindi veikliosios med\u017eiagos (-i\u0173) kiek\u012f ) \u012ftrauktas \u012f vaist\u0105.<\/p>\n<p>Imitrekso veikimo mechanizmas<\/p>\n<\/p><\/div><\/div>\n<div class=\"product-next-previous\">\n<div class=\"product-prev\"><\/div><\/div>\n","protected":false},"excerpt":{"rendered":"<div class=\"woocommerce-product-details__short-description\">\n<p>Imitrex Sumatriptan 100mg tabletes galima \u012fsigyti internetu. IMITREX yra 5-HT1B\/1D serotonino receptori\u0173 agonistas (triptanas), patvirtintas nedelsiant gydyti suaugusi\u0173j\u0173 migren\u0105 su aura arba be jos.<\/p>\n<p>Sumatriptano galima \u012fsigyti internetu m\u016bs\u0173 JK registruotoje internetin\u0117je vaistin\u0117je.<\/p>\n<p> p&gt; <\/p>\n<p>Sumatriptanas yra vaistas nuo migrenos, kuris greitai pradeda veikti. Garantuojama ma\u017eiausia kaina Jungtin\u0117je Karalyst\u0117je.<\/p>\n<p>Sumatriptano migren\u0105 mal\u0161inan\u010di\u0173 table\u010di\u0173 galima saugiai \u012fsigyti internetu JK vaistin\u0117je.<\/p>\n<p>Sumatriptanas yra generin\u0117 Imigran forma, kuri yra pigesn\u0117. <\/p>\n<p>Pirkite Imitrex (Sumatriptan) su nuolaida i\u0161 licencijuotos geriausios pasaulin\u0117s vaist\u0173 vaistin\u0117s&#8230;. 50mg100mg<\/p>\n<p>Pirkite Imitrex internetu \u0161iandien m\u016bs\u0173 Kanados vaistin\u0117je!<\/p>\n<\/p><\/div>\n","protected":false},"featured_media":5224,"comment_status":"open","ping_status":"closed","template":"","meta":[],"product_brand":[],"product_cat":[1117],"product_tag":[1350,1340,1339,1341,1342,1343,1344,1345,1346,1360,1359,1361,1338,1349,1354,1355,1356,1351,1352,1358,1348,1353,1357,1347],"class_list":{"0":"post-5207","1":"product","2":"type-product","3":"status-publish","4":"has-post-thumbnail","6":"product_cat-pirkite-skausmo-miego-ir-sekso-tabletes","7":"product_tag-sumatriptanas-50-mg-nereceptinis","8":"product_tag-do-imitrex-generic-sumatriptanas","9":"product_tag-buy-sumatriptan-online-usa","10":"product_tag-imitrex-nosies-purkalas-sumatriptanas","11":"product_tag-imitreksas-sumatriptanas","12":"product_tag-imitreksas-sumatriptanas-sukcinatas","13":"product_tag-imitrex-vs-sumatriptanas","14":"product_tag-injekcija-sumatriptanas-imitreksas","15":"product_tag-is-sumatriptan-imitrex","16":"product_tag-kada-reikt-vengti-sumatriptano-imitrekso","17":"product_tag-kam-vartojamas-sumatriptanas-100mg","18":"product_tag-kur-pirkti-sumatriptano-be-recepto","19":"product_tag-pacientas-kenia-nuo-migrenos-galvos-skausmo-koks-yra-sumatriptano-imitrekso-poveikis","20":"product_tag-sumatriptan-100-mg-online","21":"product_tag-sumatriptan-imitrex-treximet","22":"product_tag-sumatriptan-over-the-counter-usa","23":"product_tag-sumatriptan-side-effects","24":"product_tag-sumatriptanas-50-mg","25":"product_tag-sumatriptanas-imitreksas","26":"product_tag-sumatriptanas-vs-imitrex","27":"product_tag-sumatriptanas-imitrex-50-mg-tablets-kaina","28":"product_tag-sumatriptanas-imitrex-pleistras","29":"product_tag-sumatriptanas-sukcinatas-imitreksas","30":"product_tag-is-sumatriptanas-tas-pats-kaip-imitrex","32":"first","33":"instock","34":"shipping-taxable","35":"purchasable","36":"product-type-variable","37":"has-default-attributes"},"yoast_head":"<!-- This site is optimized with the Yoast SEO plugin v27.3 - https:\/\/yoast.com\/product\/yoast-seo-wordpress\/ -->\n<title>Pirkite imitrex Sumatriptan 100 mg \u2013 geriausius pasaulinius vaistus<\/title>\n<meta name=\"description\" content=\"Saugiai pirkite imitrex Sumatriptan 100 mg\u00a0migren\u0105 mal\u0161inan\u010di\u0173 table\u010di\u0173 i\u0161 JK internetin\u0117s vaistin\u0117s. Sumatriptan\u00a0yra bendra, pigesn\u0117 Imigran versija.\" \/>\n<meta name=\"robots\" content=\"index, follow, max-snippet:-1, max-image-preview:large, max-video-preview:-1\" \/>\n<link rel=\"canonical\" href=\"https:\/\/medicinasinc.com\/lt\/product\/pirkti-imitrex-sumatriptanas-100-mg\/\" \/>\n<meta property=\"og:locale\" content=\"en_US\" \/>\n<meta property=\"og:type\" content=\"article\" \/>\n<meta property=\"og:title\" content=\"Pirkite imitrex Sumatriptan 100 mg \u2013 geriausius pasaulinius vaistus\" \/>\n<meta property=\"og:description\" content=\"Saugiai pirkite imitrex Sumatriptan 100 mg\u00a0migren\u0105 mal\u0161inan\u010di\u0173 table\u010di\u0173 i\u0161 JK internetin\u0117s vaistin\u0117s. Sumatriptan\u00a0yra bendra, pigesn\u0117 Imigran versija.\" \/>\n<meta property=\"og:url\" content=\"https:\/\/medicinasinc.com\/lt\/product\/pirkti-imitrex-sumatriptanas-100-mg\/\" \/>\n<meta property=\"og:site_name\" content=\"Medicinas Inc\" \/>\n<meta property=\"article:modified_time\" content=\"2022-03-20T12:22:55+00:00\" \/>\n<meta property=\"og:image\" content=\"https:\/\/medicinasinc.com\/lt\/wp-content\/uploads\/sites\/9\/2022\/02\/Buy-imitrex-Sumatriptan-100-mg.jpg\" \/>\n\t<meta property=\"og:image:width\" content=\"846\" \/>\n\t<meta property=\"og:image:height\" content=\"600\" \/>\n\t<meta property=\"og:image:type\" content=\"image\/jpeg\" \/>\n<meta name=\"twitter:card\" content=\"summary_large_image\" \/>\n<meta name=\"twitter:label1\" content=\"Est. reading time\" \/>\n\t<meta name=\"twitter:data1\" content=\"4 minutes\" \/>\n<script type=\"application\/ld+json\" class=\"yoast-schema-graph\">{\"@context\":\"https:\\\/\\\/schema.org\",\"@graph\":[{\"@type\":\"WebPage\",\"@id\":\"https:\\\/\\\/medicinasinc.com\\\/lt\\\/product\\\/pirkti-imitrex-sumatriptanas-100-mg\\\/\",\"url\":\"https:\\\/\\\/medicinasinc.com\\\/lt\\\/product\\\/pirkti-imitrex-sumatriptanas-100-mg\\\/\",\"name\":\"Pirkite imitrex Sumatriptan 100 mg \u2013 geriausius pasaulinius vaistus\",\"isPartOf\":{\"@id\":\"https:\\\/\\\/medicinasinc.com\\\/lt\\\/#website\"},\"primaryImageOfPage\":{\"@id\":\"https:\\\/\\\/medicinasinc.com\\\/lt\\\/product\\\/pirkti-imitrex-sumatriptanas-100-mg\\\/#primaryimage\"},\"image\":{\"@id\":\"https:\\\/\\\/medicinasinc.com\\\/lt\\\/product\\\/pirkti-imitrex-sumatriptanas-100-mg\\\/#primaryimage\"},\"thumbnailUrl\":\"https:\\\/\\\/medicinasinc.com\\\/lt\\\/wp-content\\\/uploads\\\/sites\\\/9\\\/2022\\\/02\\\/Buy-imitrex-Sumatriptan-100-mg.jpg\",\"datePublished\":\"2022-02-20T21:57:05+00:00\",\"dateModified\":\"2022-03-20T12:22:55+00:00\",\"description\":\"Saugiai pirkite imitrex Sumatriptan 100 mg\u00a0migren\u0105 mal\u0161inan\u010di\u0173 table\u010di\u0173 i\u0161 JK internetin\u0117s vaistin\u0117s. Sumatriptan\u00a0yra bendra, pigesn\u0117 Imigran versija.\",\"breadcrumb\":{\"@id\":\"https:\\\/\\\/medicinasinc.com\\\/lt\\\/product\\\/pirkti-imitrex-sumatriptanas-100-mg\\\/#breadcrumb\"},\"inLanguage\":\"en-US\",\"potentialAction\":[{\"@type\":\"ReadAction\",\"target\":[\"https:\\\/\\\/medicinasinc.com\\\/lt\\\/product\\\/pirkti-imitrex-sumatriptanas-100-mg\\\/\"]}]},{\"@type\":\"ImageObject\",\"inLanguage\":\"en-US\",\"@id\":\"https:\\\/\\\/medicinasinc.com\\\/lt\\\/product\\\/pirkti-imitrex-sumatriptanas-100-mg\\\/#primaryimage\",\"url\":\"https:\\\/\\\/medicinasinc.com\\\/lt\\\/wp-content\\\/uploads\\\/sites\\\/9\\\/2022\\\/02\\\/Buy-imitrex-Sumatriptan-100-mg.jpg\",\"contentUrl\":\"https:\\\/\\\/medicinasinc.com\\\/lt\\\/wp-content\\\/uploads\\\/sites\\\/9\\\/2022\\\/02\\\/Buy-imitrex-Sumatriptan-100-mg.jpg\",\"width\":846,\"height\":600},{\"@type\":\"BreadcrumbList\",\"@id\":\"https:\\\/\\\/medicinasinc.com\\\/lt\\\/product\\\/pirkti-imitrex-sumatriptanas-100-mg\\\/#breadcrumb\",\"itemListElement\":[{\"@type\":\"ListItem\",\"position\":1,\"name\":\"Parduotuv\u0117\",\"item\":\"https:\\\/\\\/medicinasinc.com\\\/lt\\\/parduotuve\\\/\"},{\"@type\":\"ListItem\",\"position\":2,\"name\":\"Pirkite imitrex Sumatriptan 100 mg\"}]},{\"@type\":\"WebSite\",\"@id\":\"https:\\\/\\\/medicinasinc.com\\\/lt\\\/#website\",\"url\":\"https:\\\/\\\/medicinasinc.com\\\/lt\\\/\",\"name\":\"Medicinas Inc\",\"description\":\"Sveikatos medicinos klinika\",\"potentialAction\":[{\"@type\":\"SearchAction\",\"target\":{\"@type\":\"EntryPoint\",\"urlTemplate\":\"https:\\\/\\\/medicinasinc.com\\\/lt\\\/?s={search_term_string}\"},\"query-input\":{\"@type\":\"PropertyValueSpecification\",\"valueRequired\":true,\"valueName\":\"search_term_string\"}}],\"inLanguage\":\"en-US\"}]}<\/script>\n<!-- \/ Yoast SEO plugin. -->","yoast_head_json":{"title":"Pirkite imitrex Sumatriptan 100 mg \u2013 geriausius pasaulinius vaistus","description":"Saugiai pirkite imitrex Sumatriptan 100 mg\u00a0migren\u0105 mal\u0161inan\u010di\u0173 table\u010di\u0173 i\u0161 JK internetin\u0117s vaistin\u0117s. Sumatriptan\u00a0yra bendra, pigesn\u0117 Imigran versija.","robots":{"index":"index","follow":"follow","max-snippet":"max-snippet:-1","max-image-preview":"max-image-preview:large","max-video-preview":"max-video-preview:-1"},"canonical":"https:\/\/medicinasinc.com\/lt\/product\/pirkti-imitrex-sumatriptanas-100-mg\/","og_locale":"en_US","og_type":"article","og_title":"Pirkite imitrex Sumatriptan 100 mg \u2013 geriausius pasaulinius vaistus","og_description":"Saugiai pirkite imitrex Sumatriptan 100 mg\u00a0migren\u0105 mal\u0161inan\u010di\u0173 table\u010di\u0173 i\u0161 JK internetin\u0117s vaistin\u0117s. Sumatriptan\u00a0yra bendra, pigesn\u0117 Imigran versija.","og_url":"https:\/\/medicinasinc.com\/lt\/product\/pirkti-imitrex-sumatriptanas-100-mg\/","og_site_name":"Medicinas Inc","article_modified_time":"2022-03-20T12:22:55+00:00","og_image":[{"width":846,"height":600,"url":"https:\/\/medicinasinc.com\/lt\/wp-content\/uploads\/sites\/9\/2022\/02\/Buy-imitrex-Sumatriptan-100-mg.jpg","type":"image\/jpeg"}],"twitter_card":"summary_large_image","twitter_misc":{"Est. reading time":"4 minutes"},"schema":{"@context":"https:\/\/schema.org","@graph":[{"@type":"WebPage","@id":"https:\/\/medicinasinc.com\/lt\/product\/pirkti-imitrex-sumatriptanas-100-mg\/","url":"https:\/\/medicinasinc.com\/lt\/product\/pirkti-imitrex-sumatriptanas-100-mg\/","name":"Pirkite imitrex Sumatriptan 100 mg \u2013 geriausius pasaulinius vaistus","isPartOf":{"@id":"https:\/\/medicinasinc.com\/lt\/#website"},"primaryImageOfPage":{"@id":"https:\/\/medicinasinc.com\/lt\/product\/pirkti-imitrex-sumatriptanas-100-mg\/#primaryimage"},"image":{"@id":"https:\/\/medicinasinc.com\/lt\/product\/pirkti-imitrex-sumatriptanas-100-mg\/#primaryimage"},"thumbnailUrl":"https:\/\/medicinasinc.com\/lt\/wp-content\/uploads\/sites\/9\/2022\/02\/Buy-imitrex-Sumatriptan-100-mg.jpg","datePublished":"2022-02-20T21:57:05+00:00","dateModified":"2022-03-20T12:22:55+00:00","description":"Saugiai pirkite imitrex Sumatriptan 100 mg\u00a0migren\u0105 mal\u0161inan\u010di\u0173 table\u010di\u0173 i\u0161 JK internetin\u0117s vaistin\u0117s. Sumatriptan\u00a0yra bendra, pigesn\u0117 Imigran versija.","breadcrumb":{"@id":"https:\/\/medicinasinc.com\/lt\/product\/pirkti-imitrex-sumatriptanas-100-mg\/#breadcrumb"},"inLanguage":"en-US","potentialAction":[{"@type":"ReadAction","target":["https:\/\/medicinasinc.com\/lt\/product\/pirkti-imitrex-sumatriptanas-100-mg\/"]}]},{"@type":"ImageObject","inLanguage":"en-US","@id":"https:\/\/medicinasinc.com\/lt\/product\/pirkti-imitrex-sumatriptanas-100-mg\/#primaryimage","url":"https:\/\/medicinasinc.com\/lt\/wp-content\/uploads\/sites\/9\/2022\/02\/Buy-imitrex-Sumatriptan-100-mg.jpg","contentUrl":"https:\/\/medicinasinc.com\/lt\/wp-content\/uploads\/sites\/9\/2022\/02\/Buy-imitrex-Sumatriptan-100-mg.jpg","width":846,"height":600},{"@type":"BreadcrumbList","@id":"https:\/\/medicinasinc.com\/lt\/product\/pirkti-imitrex-sumatriptanas-100-mg\/#breadcrumb","itemListElement":[{"@type":"ListItem","position":1,"name":"Parduotuv\u0117","item":"https:\/\/medicinasinc.com\/lt\/parduotuve\/"},{"@type":"ListItem","position":2,"name":"Pirkite imitrex Sumatriptan 100 mg"}]},{"@type":"WebSite","@id":"https:\/\/medicinasinc.com\/lt\/#website","url":"https:\/\/medicinasinc.com\/lt\/","name":"Medicinas Inc","description":"Sveikatos medicinos klinika","potentialAction":[{"@type":"SearchAction","target":{"@type":"EntryPoint","urlTemplate":"https:\/\/medicinasinc.com\/lt\/?s={search_term_string}"},"query-input":{"@type":"PropertyValueSpecification","valueRequired":true,"valueName":"search_term_string"}}],"inLanguage":"en-US"}]}},"_links":{"self":[{"href":"https:\/\/medicinasinc.com\/lt\/wp-json\/wp\/v2\/product\/5207","targetHints":{"allow":["GET"]}}],"collection":[{"href":"https:\/\/medicinasinc.com\/lt\/wp-json\/wp\/v2\/product"}],"about":[{"href":"https:\/\/medicinasinc.com\/lt\/wp-json\/wp\/v2\/types\/product"}],"replies":[{"embeddable":true,"href":"https:\/\/medicinasinc.com\/lt\/wp-json\/wp\/v2\/comments?post=5207"}],"wp:featuredmedia":[{"embeddable":true,"href":"https:\/\/medicinasinc.com\/lt\/wp-json\/wp\/v2\/media\/5224"}],"wp:attachment":[{"href":"https:\/\/medicinasinc.com\/lt\/wp-json\/wp\/v2\/media?parent=5207"}],"wp:term":[{"taxonomy":"product_brand","embeddable":true,"href":"https:\/\/medicinasinc.com\/lt\/wp-json\/wp\/v2\/product_brand?post=5207"},{"taxonomy":"product_cat","embeddable":true,"href":"https:\/\/medicinasinc.com\/lt\/wp-json\/wp\/v2\/product_cat?post=5207"},{"taxonomy":"product_tag","embeddable":true,"href":"https:\/\/medicinasinc.com\/lt\/wp-json\/wp\/v2\/product_tag?post=5207"}],"curies":[{"name":"wp","href":"https:\/\/api.w.org\/{rel}","templated":true}]}}