{"id":5206,"date":"2022-02-20T21:56:11","date_gmt":"2022-02-20T21:56:11","guid":{"rendered":"https:\/\/medicinasinc.com\/lt\/?post_type=product&#038;p=5206"},"modified":"2022-03-20T12:23:05","modified_gmt":"2022-03-20T12:23:05","slug":"pirkti-hinidatas-10-mg","status":"publish","type":"product","link":"https:\/\/medicinasinc.com\/lt\/product\/pirkti-hinidatas-10-mg\/","title":{"rendered":"Pirkite Hynidate 10 mg"},"content":{"rendered":"<p>Hynidate 10mg tabletes galima \u012fsigyti internetu.<\/p>\n<p>M\u016bs\u0173 svetain\u0117je galite \u012fsigyti Hynidate 10mg tabletes internetu. Mes teikiame \u012fvairius depresijos gydymo b\u016bdus, \u012fskaitant Adderall ir kitus vaistus. Pasinaudokite puikiomis didmenin\u0117mis vis\u0173 u\u017esakym\u0173 kainomis. Apsilankykite m\u016bs\u0173 parduotuv\u0117je, kad pamatytum\u0117te daugiau preki\u0173.<\/p>\n","protected":false},"excerpt":{"rendered":"<div class=\"woocommerce-product-details__short-description\">\n<p>Pirkite Hynidate 10 mg tabletes internetu. Galima \u012fsigyti Hynidate internetu be recepto su nuolaida iki 80 %, palyginti su kaina Jungtin\u0117se Valstijose, kur jis parduodamas.<\/p>\n<p>Hynidate 10mg tablet\u0117s parduodamos internetu.<\/p>\n<p>D\u0117mesio stokos ir hiperaktyvumo sutrikimas (ADHD) gydomas vaistu hinidatu (elgesio sutrikimas)<\/p>\n<\/p><\/div>\n","protected":false},"featured_media":5222,"comment_status":"open","ping_status":"closed","template":"","meta":[],"product_brand":[],"product_cat":[1117],"product_tag":[],"class_list":{"0":"post-5206","1":"product","2":"type-product","3":"status-publish","4":"has-post-thumbnail","6":"product_cat-pirkite-skausmo-miego-ir-sekso-tabletes","8":"first","9":"instock","10":"shipping-taxable","11":"purchasable","12":"product-type-variable","13":"has-default-attributes"},"yoast_head":"<!-- This site is optimized with the Yoast SEO plugin v27.3 - https:\/\/yoast.com\/product\/yoast-seo-wordpress\/ -->\n<title>Pirkite Hynidate 10 mg \u2013 geriausius pasaulinius vaistus<\/title>\n<meta name=\"description\" content=\"Pirkite Hynidate 10 mg tabletes internetu. Pirkite Hynidate internetu (metilfenidato hidrochloridas U.S.P.) 10 Mg be recepto u\u017e 80 % ma\u017eesn\u0119 kain\u0105 nei JAV vaistin\u0117se.\" \/>\n<meta name=\"robots\" content=\"index, follow, max-snippet:-1, max-image-preview:large, max-video-preview:-1\" \/>\n<link rel=\"canonical\" href=\"https:\/\/medicinasinc.com\/lt\/product\/pirkti-hinidatas-10-mg\/\" \/>\n<meta property=\"og:locale\" content=\"en_US\" \/>\n<meta property=\"og:type\" content=\"article\" \/>\n<meta property=\"og:title\" content=\"Pirkite Hynidate 10 mg \u2013 geriausius pasaulinius vaistus\" \/>\n<meta property=\"og:description\" content=\"Pirkite Hynidate 10 mg tabletes internetu. Pirkite Hynidate internetu (metilfenidato hidrochloridas U.S.P.) 10 Mg be recepto u\u017e 80 % ma\u017eesn\u0119 kain\u0105 nei JAV vaistin\u0117se.\" \/>\n<meta property=\"og:url\" content=\"https:\/\/medicinasinc.com\/lt\/product\/pirkti-hinidatas-10-mg\/\" \/>\n<meta property=\"og:site_name\" content=\"Medicinas Inc\" \/>\n<meta property=\"article:modified_time\" content=\"2022-03-20T12:23:05+00:00\" \/>\n<meta property=\"og:image\" content=\"https:\/\/medicinasinc.com\/lt\/wp-content\/uploads\/sites\/9\/2022\/02\/Buy-Hynidate-10-mg.jpg\" \/>\n\t<meta property=\"og:image:width\" content=\"750\" \/>\n\t<meta property=\"og:image:height\" content=\"609\" \/>\n\t<meta property=\"og:image:type\" content=\"image\/jpeg\" \/>\n<meta name=\"twitter:card\" content=\"summary_large_image\" \/>\n<meta name=\"twitter:label1\" content=\"Est. reading time\" \/>\n\t<meta name=\"twitter:data1\" content=\"1 minute\" \/>\n<script type=\"application\/ld+json\" class=\"yoast-schema-graph\">{\"@context\":\"https:\\\/\\\/schema.org\",\"@graph\":[{\"@type\":\"WebPage\",\"@id\":\"https:\\\/\\\/medicinasinc.com\\\/lt\\\/product\\\/pirkti-hinidatas-10-mg\\\/\",\"url\":\"https:\\\/\\\/medicinasinc.com\\\/lt\\\/product\\\/pirkti-hinidatas-10-mg\\\/\",\"name\":\"Pirkite Hynidate 10 mg \u2013 geriausius pasaulinius vaistus\",\"isPartOf\":{\"@id\":\"https:\\\/\\\/medicinasinc.com\\\/lt\\\/#website\"},\"primaryImageOfPage\":{\"@id\":\"https:\\\/\\\/medicinasinc.com\\\/lt\\\/product\\\/pirkti-hinidatas-10-mg\\\/#primaryimage\"},\"image\":{\"@id\":\"https:\\\/\\\/medicinasinc.com\\\/lt\\\/product\\\/pirkti-hinidatas-10-mg\\\/#primaryimage\"},\"thumbnailUrl\":\"https:\\\/\\\/medicinasinc.com\\\/lt\\\/wp-content\\\/uploads\\\/sites\\\/9\\\/2022\\\/02\\\/Buy-Hynidate-10-mg.jpg\",\"datePublished\":\"2022-02-20T21:56:11+00:00\",\"dateModified\":\"2022-03-20T12:23:05+00:00\",\"description\":\"Pirkite Hynidate 10 mg tabletes internetu. Pirkite Hynidate internetu (metilfenidato hidrochloridas U.S.P.) 10 Mg be recepto u\u017e 80 % ma\u017eesn\u0119 kain\u0105 nei JAV vaistin\u0117se.\",\"breadcrumb\":{\"@id\":\"https:\\\/\\\/medicinasinc.com\\\/lt\\\/product\\\/pirkti-hinidatas-10-mg\\\/#breadcrumb\"},\"inLanguage\":\"en-US\",\"potentialAction\":[{\"@type\":\"ReadAction\",\"target\":[\"https:\\\/\\\/medicinasinc.com\\\/lt\\\/product\\\/pirkti-hinidatas-10-mg\\\/\"]}]},{\"@type\":\"ImageObject\",\"inLanguage\":\"en-US\",\"@id\":\"https:\\\/\\\/medicinasinc.com\\\/lt\\\/product\\\/pirkti-hinidatas-10-mg\\\/#primaryimage\",\"url\":\"https:\\\/\\\/medicinasinc.com\\\/lt\\\/wp-content\\\/uploads\\\/sites\\\/9\\\/2022\\\/02\\\/Buy-Hynidate-10-mg.jpg\",\"contentUrl\":\"https:\\\/\\\/medicinasinc.com\\\/lt\\\/wp-content\\\/uploads\\\/sites\\\/9\\\/2022\\\/02\\\/Buy-Hynidate-10-mg.jpg\",\"width\":750,\"height\":609},{\"@type\":\"BreadcrumbList\",\"@id\":\"https:\\\/\\\/medicinasinc.com\\\/lt\\\/product\\\/pirkti-hinidatas-10-mg\\\/#breadcrumb\",\"itemListElement\":[{\"@type\":\"ListItem\",\"position\":1,\"name\":\"Parduotuv\u0117\",\"item\":\"https:\\\/\\\/medicinasinc.com\\\/lt\\\/parduotuve\\\/\"},{\"@type\":\"ListItem\",\"position\":2,\"name\":\"Pirkite Hynidate 10 mg\"}]},{\"@type\":\"WebSite\",\"@id\":\"https:\\\/\\\/medicinasinc.com\\\/lt\\\/#website\",\"url\":\"https:\\\/\\\/medicinasinc.com\\\/lt\\\/\",\"name\":\"Medicinas Inc\",\"description\":\"Sveikatos medicinos klinika\",\"potentialAction\":[{\"@type\":\"SearchAction\",\"target\":{\"@type\":\"EntryPoint\",\"urlTemplate\":\"https:\\\/\\\/medicinasinc.com\\\/lt\\\/?s={search_term_string}\"},\"query-input\":{\"@type\":\"PropertyValueSpecification\",\"valueRequired\":true,\"valueName\":\"search_term_string\"}}],\"inLanguage\":\"en-US\"}]}<\/script>\n<!-- \/ Yoast SEO plugin. -->","yoast_head_json":{"title":"Pirkite Hynidate 10 mg \u2013 geriausius pasaulinius vaistus","description":"Pirkite Hynidate 10 mg tabletes internetu. Pirkite Hynidate internetu (metilfenidato hidrochloridas U.S.P.) 10 Mg be recepto u\u017e 80 % ma\u017eesn\u0119 kain\u0105 nei JAV vaistin\u0117se.","robots":{"index":"index","follow":"follow","max-snippet":"max-snippet:-1","max-image-preview":"max-image-preview:large","max-video-preview":"max-video-preview:-1"},"canonical":"https:\/\/medicinasinc.com\/lt\/product\/pirkti-hinidatas-10-mg\/","og_locale":"en_US","og_type":"article","og_title":"Pirkite Hynidate 10 mg \u2013 geriausius pasaulinius vaistus","og_description":"Pirkite Hynidate 10 mg tabletes internetu. Pirkite Hynidate internetu (metilfenidato hidrochloridas U.S.P.) 10 Mg be recepto u\u017e 80 % ma\u017eesn\u0119 kain\u0105 nei JAV vaistin\u0117se.","og_url":"https:\/\/medicinasinc.com\/lt\/product\/pirkti-hinidatas-10-mg\/","og_site_name":"Medicinas Inc","article_modified_time":"2022-03-20T12:23:05+00:00","og_image":[{"width":750,"height":609,"url":"https:\/\/medicinasinc.com\/lt\/wp-content\/uploads\/sites\/9\/2022\/02\/Buy-Hynidate-10-mg.jpg","type":"image\/jpeg"}],"twitter_card":"summary_large_image","twitter_misc":{"Est. reading time":"1 minute"},"schema":{"@context":"https:\/\/schema.org","@graph":[{"@type":"WebPage","@id":"https:\/\/medicinasinc.com\/lt\/product\/pirkti-hinidatas-10-mg\/","url":"https:\/\/medicinasinc.com\/lt\/product\/pirkti-hinidatas-10-mg\/","name":"Pirkite Hynidate 10 mg \u2013 geriausius pasaulinius vaistus","isPartOf":{"@id":"https:\/\/medicinasinc.com\/lt\/#website"},"primaryImageOfPage":{"@id":"https:\/\/medicinasinc.com\/lt\/product\/pirkti-hinidatas-10-mg\/#primaryimage"},"image":{"@id":"https:\/\/medicinasinc.com\/lt\/product\/pirkti-hinidatas-10-mg\/#primaryimage"},"thumbnailUrl":"https:\/\/medicinasinc.com\/lt\/wp-content\/uploads\/sites\/9\/2022\/02\/Buy-Hynidate-10-mg.jpg","datePublished":"2022-02-20T21:56:11+00:00","dateModified":"2022-03-20T12:23:05+00:00","description":"Pirkite Hynidate 10 mg tabletes internetu. Pirkite Hynidate internetu (metilfenidato hidrochloridas U.S.P.) 10 Mg be recepto u\u017e 80 % ma\u017eesn\u0119 kain\u0105 nei JAV vaistin\u0117se.","breadcrumb":{"@id":"https:\/\/medicinasinc.com\/lt\/product\/pirkti-hinidatas-10-mg\/#breadcrumb"},"inLanguage":"en-US","potentialAction":[{"@type":"ReadAction","target":["https:\/\/medicinasinc.com\/lt\/product\/pirkti-hinidatas-10-mg\/"]}]},{"@type":"ImageObject","inLanguage":"en-US","@id":"https:\/\/medicinasinc.com\/lt\/product\/pirkti-hinidatas-10-mg\/#primaryimage","url":"https:\/\/medicinasinc.com\/lt\/wp-content\/uploads\/sites\/9\/2022\/02\/Buy-Hynidate-10-mg.jpg","contentUrl":"https:\/\/medicinasinc.com\/lt\/wp-content\/uploads\/sites\/9\/2022\/02\/Buy-Hynidate-10-mg.jpg","width":750,"height":609},{"@type":"BreadcrumbList","@id":"https:\/\/medicinasinc.com\/lt\/product\/pirkti-hinidatas-10-mg\/#breadcrumb","itemListElement":[{"@type":"ListItem","position":1,"name":"Parduotuv\u0117","item":"https:\/\/medicinasinc.com\/lt\/parduotuve\/"},{"@type":"ListItem","position":2,"name":"Pirkite Hynidate 10 mg"}]},{"@type":"WebSite","@id":"https:\/\/medicinasinc.com\/lt\/#website","url":"https:\/\/medicinasinc.com\/lt\/","name":"Medicinas Inc","description":"Sveikatos medicinos klinika","potentialAction":[{"@type":"SearchAction","target":{"@type":"EntryPoint","urlTemplate":"https:\/\/medicinasinc.com\/lt\/?s={search_term_string}"},"query-input":{"@type":"PropertyValueSpecification","valueRequired":true,"valueName":"search_term_string"}}],"inLanguage":"en-US"}]}},"_links":{"self":[{"href":"https:\/\/medicinasinc.com\/lt\/wp-json\/wp\/v2\/product\/5206","targetHints":{"allow":["GET"]}}],"collection":[{"href":"https:\/\/medicinasinc.com\/lt\/wp-json\/wp\/v2\/product"}],"about":[{"href":"https:\/\/medicinasinc.com\/lt\/wp-json\/wp\/v2\/types\/product"}],"replies":[{"embeddable":true,"href":"https:\/\/medicinasinc.com\/lt\/wp-json\/wp\/v2\/comments?post=5206"}],"wp:featuredmedia":[{"embeddable":true,"href":"https:\/\/medicinasinc.com\/lt\/wp-json\/wp\/v2\/media\/5222"}],"wp:attachment":[{"href":"https:\/\/medicinasinc.com\/lt\/wp-json\/wp\/v2\/media?parent=5206"}],"wp:term":[{"taxonomy":"product_brand","embeddable":true,"href":"https:\/\/medicinasinc.com\/lt\/wp-json\/wp\/v2\/product_brand?post=5206"},{"taxonomy":"product_cat","embeddable":true,"href":"https:\/\/medicinasinc.com\/lt\/wp-json\/wp\/v2\/product_cat?post=5206"},{"taxonomy":"product_tag","embeddable":true,"href":"https:\/\/medicinasinc.com\/lt\/wp-json\/wp\/v2\/product_tag?post=5206"}],"curies":[{"name":"wp","href":"https:\/\/api.w.org\/{rel}","templated":true}]}}