{"id":5184,"date":"2022-02-20T21:36:32","date_gmt":"2022-02-20T21:36:32","guid":{"rendered":"https:\/\/medicinasinc.com\/lt\/?post_type=product&#038;p=5184"},"modified":"2022-03-20T12:23:12","modified_gmt":"2022-03-20T12:23:12","slug":"pirkti-hidrokodonas-10-325mg","status":"publish","type":"product","link":"https:\/\/medicinasinc.com\/lt\/product\/pirkti-hidrokodonas-10-325mg\/","title":{"rendered":"Pirkite Hydrocodone 10\/325 mg"},"content":{"rendered":"<p>Kur \u012fsigyti\u00a0Hydrocodone 10\/325mg?<\/p>\n<p>Kadangi Hydrocodone yra galingas skausm\u0105 mal\u0161inantis vaistas, j\u012f galite \u012fsigyti internetu be recepto. I\u0161 opijaus aguon\u0173 gaunamas kodeinas, kuris naudojamas \u0161io narkotiko gamybai. Kai hidrokodonas gaminamas i\u0161 kodeino, skausm\u0105 mal\u0161inantis poveikis yra stipresnis ir i\u0161lieka ilgiau. D\u0117l to gydytojai da\u017enai skiria hidrokodon\u0105, o ne kodein\u0105 stipriam skausmui mal\u0161inti.<\/p>\n<p>Smegenyse hidrokodonas pakei\u010dia chemin\u0119 pusiausvyr\u0105, blokuodamas skausmo receptori\u0173 veikim\u0105 ir taip atleid\u017eia vartotoj\u0105 nuo skausmo suvokimo. <\/p>\n<p>D\u0117l \u016bminio ir l\u0117tinio l\u016b\u017ei\u0173 skausmo pob\u016bd\u017eio hidrokodonas yra vienas geriausi\u0173 b\u016bd\u0173 j\u012f gydyti. Kai \u017emon\u0117s negali u\u017emigti nakt\u012f d\u0117l skausmo, hidrokodonas gali pad\u0117ti jiems atsipalaiduoti ir kelias valandas \u0161iek tiek pails\u0117ti.<\/p>\n<p>Hidrokodon\u0105 tur\u0117t\u0173 vartoti tik tie, kurie ken\u010dia nuo skausmo. kaul\u0173 l\u016b\u017ei\u0173 pasekm\u0117, remiantis medik\u0173 nuomone. Tie, kuriems yra kitokio pob\u016bd\u017eio skausmai, pvz., spazmai, opos ar dygsniai po operacijos, vis tiek gali j\u012f vartoti. Hidrokodonas yra vienas veiksmingiausi\u0173 skausm\u0105 mal\u0161inan\u010di\u0173 vaist\u0173 bet kurioje i\u0161 \u0161i\u0173 situacij\u0173.<\/p>\n<p>Hidrokodono dozes reikia atid\u017eiai steb\u0117ti. \u0160is vaistas gali tur\u0117ti rimt\u0173 \u0161alutini\u0173 poveiki\u0173, jei jo vartojama netinkamu kiekiu. Priklausomyb\u0117 nuo \u0161io vaisto yra da\u017enas \u0161alutinis poveikis vartojant neteisingas dozes. D\u0117l didelio piktnaud\u017eiavimo ir priklausomyb\u0117s potencialo hidrokodonas tur\u0117t\u0173 b\u016bti vartojamas saikingai ir retai. Tiems, kurie ken\u010dia nuo l\u0117tinio skausmo, hidrokodono tur\u0117t\u0173 vartoti ne daugiau kaip 20 mg per par\u0105. Bet kuri \u0161i\u0105 doz\u0119 vir\u0161ijanti doz\u0117 gali sukelti priklausomyb\u0119 ir galiausiai priklausomyb\u0119.<\/p>\n<p>Atsargumo priemon\u0117s, susijusios su hidrokodonu, apima \u012fsitikinim\u0105, kad visada b\u016bt\u0173 vartojama teisinga doz\u0117. \u0160is vaistas gali sukelti rimt\u0173 neigiam\u0173 pasekmi\u0173, jei vartojamas netinkamais kiekiais. Hidrokodono netur\u0117t\u0173 pirkti astma arba kv\u0117pavimo sutrikim\u0173 turintys \u017emon\u0117s, nes jis skatina pavir\u0161utini\u0161k\u0105 kv\u0117pavim\u0105, o tai jiems gali b\u016bti didel\u0117 problema. Prad\u0117kite nuo ma\u017e\u0173 dozi\u0173, jei perkate hidrokodon\u0105 internetu be recepto, kad su\u017einotum\u0117te, kiek jo reikia j\u016bs\u0173 k\u016bnui.<\/p>\n<p>\u017dinoma, kad hidrokodonas sukelia \u012fvairius nemalonius \u0161alutinius poveikius, \u012fskaitant mieguistum\u0105, galvos svaigim\u0105 ir pykinim\u0105. Kai perkate hidrokodon\u0105 internetu be recepto ir j\u012f vartojate, \u012fsitikinkite, kad valgote gerai subalansuot\u0105 mityb\u0105, kad i\u0161vengtum\u0117te vir\u0161kinimo ir \u017earnyno problem\u0173.<\/p>\n","protected":false},"excerpt":{"rendered":"<div class=\"woocommerce-product-details__short-description\">\n<p>Geriausia vieta \u012fsigyti Hydrocodone 10 325 mg internetu. Legali\u0173 vaist\u0173 galima rasti geros reputacijos internetin\u0117je vaistin\u0117je \u201eBest Global Meds\u201c. Galite sutaupyti laiko ir pinig\u0173 pateikdami u\u017esakym\u0105 internetu.<\/p>\n<p>Kur internetu gauti Hydrocodone 10\/325mg?<\/p>\n<p>N\u0117\u0161\u010dios moterys, prie\u0161 prad\u0117damos vartoti \u0161\u012f vaist\u0105, tur\u0117t\u0173 pasitarti su gydytoju, nes jis yra FDA n\u0117\u0161tumo klas\u0117 B, o tai rei\u0161kia, kad n\u0117ra jokio b\u016bdo nustatyti, kaip tai paveiks negimus\u012f vaik\u0105 ar i\u0161siritusi\u0105 jaunikl\u012f.<\/p>\n<p>Parduodamas: Percocet 10\/325mg &#8211; Pirkite be recepto&#8230;<\/p>\n<p>Rekomenduojamos internetin\u0117s vaistin\u0117s pirkti Vicodin.<\/p>\n<\/p><\/div>\n","protected":false},"featured_media":5203,"comment_status":"open","ping_status":"closed","template":"","meta":[],"product_brand":[],"product_cat":[1117],"product_tag":[1300,1315,1298,1299,1317,1318,1319,1320,1322,1323,1316,1325,1321,1297,1324,1302,1326,1335,1327,1328,1329,1330,1332,1331,1333,1334,1308,1311,1312,1336,1310,1309,1337,1313],"class_list":{"0":"post-5184","1":"product","2":"type-product","3":"status-publish","4":"has-post-thumbnail","6":"product_cat-pirkite-skausmo-miego-ir-sekso-tabletes","7":"product_tag-generic-watson-pills-for-sale-in-usa","8":"product_tag-buy-hydrocodone-online-bitcoins","9":"product_tag-generic-pills-for-sale-in-usa","10":"product_tag-generic-watson","11":"product_tag-hidrokodonas","12":"product_tag-hidrokodono-tablets","13":"product_tag-hidrokodonas-vatsonas","14":"product_tag-lortab","15":"product_tag-order-hydrocodone","16":"product_tag-order-hydrocodone-online","17":"product_tag-pigus-hidrokodonas","18":"product_tag-pirkimas-hidrokodonas","19":"product_tag-internetu-pirk-watson-540-500-mg","20":"product_tag-pirk-watson-internete","21":"product_tag-u-c5-besisakyti-internet-watson-540-500-mg","22":"product_tag-vaistai-be-recepto","23":"product_tag-vatsonas","24":"product_tag-watson-lortab","25":"product_tag-vatsonas-325-mg","26":"product_tag-watson-325-mg","27":"product_tag-watson-540","28":"product_tag-watson-540-500-mg-pirkti-internetu","29":"product_tag-watson-853-hydrocodone-10-325-mg-is-a-white-colored-and-capsule-shape-tablet-designed-for-the-treatment-of-pain","30":"product_tag-watson-853-hidrokodonas-10-325-mg","31":"product_tag-watson-853-hidrokodonas-online","32":"product_tag-watson-853-white-pill","33":"product_tag-vatsono-doz","34":"product_tag-vatsono-hidrokodono-skausmo-praradimo-tablets","35":"product_tag-watson-medication","36":"product_tag-watson-medicine","37":"product_tag-watson-parduodamas-jav","38":"product_tag-watson-parduodamas-uk","39":"product_tag-watson-pills-without-prescription-share","40":"product_tag-watson-skausm-malinanti-tablet","42":"first","43":"instock","44":"shipping-taxable","45":"purchasable","46":"product-type-variable","47":"has-default-attributes"},"yoast_head":"<!-- This site is optimized with the Yoast SEO plugin v27.3 - https:\/\/yoast.com\/product\/yoast-seo-wordpress\/ -->\n<title>Pirkite Hydrocodone 10\/325mg \u2013 geriausius pasaulinius vaistus<\/title>\n<meta name=\"description\" content=\"Pirkite Hydrocodone 10 325mg pardavimui JK, Europoje internetu u\u017e geriausi\u0105 kain\u0105. \u201eBest Global Meds\u201c yra patikima internetin\u0117 vaistin\u0117 su legaliais vaistais. U\u017esisakykite internetu ir saugokite savo laik\u0105 bei pinigus.\" \/>\n<meta name=\"robots\" content=\"index, follow, max-snippet:-1, max-image-preview:large, max-video-preview:-1\" \/>\n<link rel=\"canonical\" href=\"https:\/\/medicinasinc.com\/lt\/product\/pirkti-hidrokodonas-10-325mg\/\" \/>\n<meta property=\"og:locale\" content=\"en_US\" \/>\n<meta property=\"og:type\" content=\"article\" \/>\n<meta property=\"og:title\" content=\"Pirkite Hydrocodone 10\/325mg \u2013 geriausius pasaulinius vaistus\" \/>\n<meta property=\"og:description\" content=\"Pirkite Hydrocodone 10 325mg pardavimui JK, Europoje internetu u\u017e geriausi\u0105 kain\u0105. \u201eBest Global Meds\u201c yra patikima internetin\u0117 vaistin\u0117 su legaliais vaistais. U\u017esisakykite internetu ir saugokite savo laik\u0105 bei pinigus.\" \/>\n<meta property=\"og:url\" content=\"https:\/\/medicinasinc.com\/lt\/product\/pirkti-hidrokodonas-10-325mg\/\" \/>\n<meta property=\"og:site_name\" content=\"Medicinas Inc\" \/>\n<meta property=\"article:modified_time\" content=\"2022-03-20T12:23:12+00:00\" \/>\n<meta property=\"og:image\" content=\"https:\/\/medicinasinc.com\/lt\/wp-content\/uploads\/sites\/9\/2022\/02\/buy-hydrocodone-10-325mg-online.jpg\" \/>\n\t<meta property=\"og:image:width\" content=\"600\" \/>\n\t<meta property=\"og:image:height\" content=\"600\" \/>\n\t<meta property=\"og:image:type\" content=\"image\/jpeg\" \/>\n<meta name=\"twitter:card\" content=\"summary_large_image\" \/>\n<meta name=\"twitter:label1\" content=\"Est. reading time\" \/>\n\t<meta name=\"twitter:data1\" content=\"2 minutes\" \/>\n<script type=\"application\/ld+json\" class=\"yoast-schema-graph\">{\"@context\":\"https:\\\/\\\/schema.org\",\"@graph\":[{\"@type\":\"WebPage\",\"@id\":\"https:\\\/\\\/medicinasinc.com\\\/lt\\\/product\\\/pirkti-hidrokodonas-10-325mg\\\/\",\"url\":\"https:\\\/\\\/medicinasinc.com\\\/lt\\\/product\\\/pirkti-hidrokodonas-10-325mg\\\/\",\"name\":\"Pirkite Hydrocodone 10\\\/325mg \u2013 geriausius pasaulinius vaistus\",\"isPartOf\":{\"@id\":\"https:\\\/\\\/medicinasinc.com\\\/lt\\\/#website\"},\"primaryImageOfPage\":{\"@id\":\"https:\\\/\\\/medicinasinc.com\\\/lt\\\/product\\\/pirkti-hidrokodonas-10-325mg\\\/#primaryimage\"},\"image\":{\"@id\":\"https:\\\/\\\/medicinasinc.com\\\/lt\\\/product\\\/pirkti-hidrokodonas-10-325mg\\\/#primaryimage\"},\"thumbnailUrl\":\"https:\\\/\\\/medicinasinc.com\\\/lt\\\/wp-content\\\/uploads\\\/sites\\\/9\\\/2022\\\/02\\\/buy-hydrocodone-10-325mg-online.jpg\",\"datePublished\":\"2022-02-20T21:36:32+00:00\",\"dateModified\":\"2022-03-20T12:23:12+00:00\",\"description\":\"Pirkite Hydrocodone 10 325mg pardavimui JK, Europoje internetu u\u017e geriausi\u0105 kain\u0105. \u201eBest Global Meds\u201c yra patikima internetin\u0117 vaistin\u0117 su legaliais vaistais. U\u017esisakykite internetu ir saugokite savo laik\u0105 bei pinigus.\",\"breadcrumb\":{\"@id\":\"https:\\\/\\\/medicinasinc.com\\\/lt\\\/product\\\/pirkti-hidrokodonas-10-325mg\\\/#breadcrumb\"},\"inLanguage\":\"en-US\",\"potentialAction\":[{\"@type\":\"ReadAction\",\"target\":[\"https:\\\/\\\/medicinasinc.com\\\/lt\\\/product\\\/pirkti-hidrokodonas-10-325mg\\\/\"]}]},{\"@type\":\"ImageObject\",\"inLanguage\":\"en-US\",\"@id\":\"https:\\\/\\\/medicinasinc.com\\\/lt\\\/product\\\/pirkti-hidrokodonas-10-325mg\\\/#primaryimage\",\"url\":\"https:\\\/\\\/medicinasinc.com\\\/lt\\\/wp-content\\\/uploads\\\/sites\\\/9\\\/2022\\\/02\\\/buy-hydrocodone-10-325mg-online.jpg\",\"contentUrl\":\"https:\\\/\\\/medicinasinc.com\\\/lt\\\/wp-content\\\/uploads\\\/sites\\\/9\\\/2022\\\/02\\\/buy-hydrocodone-10-325mg-online.jpg\",\"width\":600,\"height\":600},{\"@type\":\"BreadcrumbList\",\"@id\":\"https:\\\/\\\/medicinasinc.com\\\/lt\\\/product\\\/pirkti-hidrokodonas-10-325mg\\\/#breadcrumb\",\"itemListElement\":[{\"@type\":\"ListItem\",\"position\":1,\"name\":\"Parduotuv\u0117\",\"item\":\"https:\\\/\\\/medicinasinc.com\\\/lt\\\/parduotuve\\\/\"},{\"@type\":\"ListItem\",\"position\":2,\"name\":\"Pirkite Hydrocodone 10\\\/325 mg\"}]},{\"@type\":\"WebSite\",\"@id\":\"https:\\\/\\\/medicinasinc.com\\\/lt\\\/#website\",\"url\":\"https:\\\/\\\/medicinasinc.com\\\/lt\\\/\",\"name\":\"Medicinas Inc\",\"description\":\"Sveikatos medicinos klinika\",\"potentialAction\":[{\"@type\":\"SearchAction\",\"target\":{\"@type\":\"EntryPoint\",\"urlTemplate\":\"https:\\\/\\\/medicinasinc.com\\\/lt\\\/?s={search_term_string}\"},\"query-input\":{\"@type\":\"PropertyValueSpecification\",\"valueRequired\":true,\"valueName\":\"search_term_string\"}}],\"inLanguage\":\"en-US\"}]}<\/script>\n<!-- \/ Yoast SEO plugin. -->","yoast_head_json":{"title":"Pirkite Hydrocodone 10\/325mg \u2013 geriausius pasaulinius vaistus","description":"Pirkite Hydrocodone 10 325mg pardavimui JK, Europoje internetu u\u017e geriausi\u0105 kain\u0105. \u201eBest Global Meds\u201c yra patikima internetin\u0117 vaistin\u0117 su legaliais vaistais. U\u017esisakykite internetu ir saugokite savo laik\u0105 bei pinigus.","robots":{"index":"index","follow":"follow","max-snippet":"max-snippet:-1","max-image-preview":"max-image-preview:large","max-video-preview":"max-video-preview:-1"},"canonical":"https:\/\/medicinasinc.com\/lt\/product\/pirkti-hidrokodonas-10-325mg\/","og_locale":"en_US","og_type":"article","og_title":"Pirkite Hydrocodone 10\/325mg \u2013 geriausius pasaulinius vaistus","og_description":"Pirkite Hydrocodone 10 325mg pardavimui JK, Europoje internetu u\u017e geriausi\u0105 kain\u0105. \u201eBest Global Meds\u201c yra patikima internetin\u0117 vaistin\u0117 su legaliais vaistais. U\u017esisakykite internetu ir saugokite savo laik\u0105 bei pinigus.","og_url":"https:\/\/medicinasinc.com\/lt\/product\/pirkti-hidrokodonas-10-325mg\/","og_site_name":"Medicinas Inc","article_modified_time":"2022-03-20T12:23:12+00:00","og_image":[{"width":600,"height":600,"url":"https:\/\/medicinasinc.com\/lt\/wp-content\/uploads\/sites\/9\/2022\/02\/buy-hydrocodone-10-325mg-online.jpg","type":"image\/jpeg"}],"twitter_card":"summary_large_image","twitter_misc":{"Est. reading time":"2 minutes"},"schema":{"@context":"https:\/\/schema.org","@graph":[{"@type":"WebPage","@id":"https:\/\/medicinasinc.com\/lt\/product\/pirkti-hidrokodonas-10-325mg\/","url":"https:\/\/medicinasinc.com\/lt\/product\/pirkti-hidrokodonas-10-325mg\/","name":"Pirkite Hydrocodone 10\/325mg \u2013 geriausius pasaulinius vaistus","isPartOf":{"@id":"https:\/\/medicinasinc.com\/lt\/#website"},"primaryImageOfPage":{"@id":"https:\/\/medicinasinc.com\/lt\/product\/pirkti-hidrokodonas-10-325mg\/#primaryimage"},"image":{"@id":"https:\/\/medicinasinc.com\/lt\/product\/pirkti-hidrokodonas-10-325mg\/#primaryimage"},"thumbnailUrl":"https:\/\/medicinasinc.com\/lt\/wp-content\/uploads\/sites\/9\/2022\/02\/buy-hydrocodone-10-325mg-online.jpg","datePublished":"2022-02-20T21:36:32+00:00","dateModified":"2022-03-20T12:23:12+00:00","description":"Pirkite Hydrocodone 10 325mg pardavimui JK, Europoje internetu u\u017e geriausi\u0105 kain\u0105. \u201eBest Global Meds\u201c yra patikima internetin\u0117 vaistin\u0117 su legaliais vaistais. U\u017esisakykite internetu ir saugokite savo laik\u0105 bei pinigus.","breadcrumb":{"@id":"https:\/\/medicinasinc.com\/lt\/product\/pirkti-hidrokodonas-10-325mg\/#breadcrumb"},"inLanguage":"en-US","potentialAction":[{"@type":"ReadAction","target":["https:\/\/medicinasinc.com\/lt\/product\/pirkti-hidrokodonas-10-325mg\/"]}]},{"@type":"ImageObject","inLanguage":"en-US","@id":"https:\/\/medicinasinc.com\/lt\/product\/pirkti-hidrokodonas-10-325mg\/#primaryimage","url":"https:\/\/medicinasinc.com\/lt\/wp-content\/uploads\/sites\/9\/2022\/02\/buy-hydrocodone-10-325mg-online.jpg","contentUrl":"https:\/\/medicinasinc.com\/lt\/wp-content\/uploads\/sites\/9\/2022\/02\/buy-hydrocodone-10-325mg-online.jpg","width":600,"height":600},{"@type":"BreadcrumbList","@id":"https:\/\/medicinasinc.com\/lt\/product\/pirkti-hidrokodonas-10-325mg\/#breadcrumb","itemListElement":[{"@type":"ListItem","position":1,"name":"Parduotuv\u0117","item":"https:\/\/medicinasinc.com\/lt\/parduotuve\/"},{"@type":"ListItem","position":2,"name":"Pirkite Hydrocodone 10\/325 mg"}]},{"@type":"WebSite","@id":"https:\/\/medicinasinc.com\/lt\/#website","url":"https:\/\/medicinasinc.com\/lt\/","name":"Medicinas Inc","description":"Sveikatos medicinos klinika","potentialAction":[{"@type":"SearchAction","target":{"@type":"EntryPoint","urlTemplate":"https:\/\/medicinasinc.com\/lt\/?s={search_term_string}"},"query-input":{"@type":"PropertyValueSpecification","valueRequired":true,"valueName":"search_term_string"}}],"inLanguage":"en-US"}]}},"_links":{"self":[{"href":"https:\/\/medicinasinc.com\/lt\/wp-json\/wp\/v2\/product\/5184","targetHints":{"allow":["GET"]}}],"collection":[{"href":"https:\/\/medicinasinc.com\/lt\/wp-json\/wp\/v2\/product"}],"about":[{"href":"https:\/\/medicinasinc.com\/lt\/wp-json\/wp\/v2\/types\/product"}],"replies":[{"embeddable":true,"href":"https:\/\/medicinasinc.com\/lt\/wp-json\/wp\/v2\/comments?post=5184"}],"wp:featuredmedia":[{"embeddable":true,"href":"https:\/\/medicinasinc.com\/lt\/wp-json\/wp\/v2\/media\/5203"}],"wp:attachment":[{"href":"https:\/\/medicinasinc.com\/lt\/wp-json\/wp\/v2\/media?parent=5184"}],"wp:term":[{"taxonomy":"product_brand","embeddable":true,"href":"https:\/\/medicinasinc.com\/lt\/wp-json\/wp\/v2\/product_brand?post=5184"},{"taxonomy":"product_cat","embeddable":true,"href":"https:\/\/medicinasinc.com\/lt\/wp-json\/wp\/v2\/product_cat?post=5184"},{"taxonomy":"product_tag","embeddable":true,"href":"https:\/\/medicinasinc.com\/lt\/wp-json\/wp\/v2\/product_tag?post=5184"}],"curies":[{"name":"wp","href":"https:\/\/api.w.org\/{rel}","templated":true}]}}