{"id":5183,"date":"2022-02-20T21:35:10","date_gmt":"2022-02-20T21:35:10","guid":{"rendered":"https:\/\/medicinasinc.com\/lt\/?post_type=product&#038;p=5183"},"modified":"2022-03-20T12:23:23","modified_gmt":"2022-03-20T12:23:23","slug":"hidrokodonas-10-500-mg","status":"publish","type":"product","link":"https:\/\/medicinasinc.com\/lt\/product\/hidrokodonas-10-500-mg\/","title":{"rendered":"Hidrokodonas 10\/500 mg"},"content":{"rendered":"<div class=\"product-next-previous\">\n<div class=\"product-prev\">\n<p>\u0160iuo metu Hydrocodone 10\/500 mg tabletes galima \u012fsigyti internetu.<\/p>\n<p>Auk\u0161tos kokyb\u0117s derinys vaistas nuo vidutinio ir stipraus skausmo mal\u0161inimo, Watson 540 (Hydrokodonas) 500 mg yra Watson 540 (Hydrokodonas). Parduodant hidrokodon\u0105 naudojami acetaminofenas ir hidrokodonas. Neopioidinis acetaminofenas ir opioidinis hidrokodonas yra skausm\u0105 mal\u0161inantys vaistai.<\/p>\n<p>Smegenyse \u0161is vaistas kei\u010dia k\u016bno reakcij\u0105 ir skausm\u0105. Vartojant \u0161\u012f vaist\u0105, asmens temperat\u016bra taip pat gali suma\u017e\u0117ti.<\/p>\n<p>D\u0117l didelio neigiamo pavir\u0161utini\u0161ko \/ l\u0117to kv\u0117pavimo poveikio, kuris gali atsirasti perkant hidrokodon\u0105 internetu, jis nerekomenduojamas jaunesniems nei 6 met\u0173 vaikams. met\u0173 am\u017eiaus.<\/p>\n<p>Prie\u0161 prad\u0117dami vartoti vaist\u0105, b\u016btinai perskaitykite paciento informacin\u012f lapel\u012f, kur\u012f jums pateik\u0117 gydytojas.<\/p>\n<p>Pirkti hidrokodon\u0105 galima vartoti per burn\u0105, valgio metu arba nevalgius , priklausomai nuo vartotojo pageidavim\u0173. Jei pykina, prie\u0161 prad\u0117dami vartoti vaist\u0105 pasitarkite su gydytoju arba sveikatos prie\u017ei\u016bros paslaug\u0173 teik\u0117ju.<\/p>\n<p>Kas yra kiekvienoje Watson 540 tablet\u0117je?<\/p>\n<p>Magnio natrio stearatas<br \/> Mikrokristalin\u0117 celiulioz\u0117<br \/> Krospovidonai Kroskarmelioz\u0117 Jis pagamintas i\u0161 natrio stearato<br \/> KrakmolasPovidonas<br \/> Polietileno tereftalato oksidas<br \/> Sud\u0117tyje yra SPALVOS MILTEL\u0116S Nr. 10 D&amp;C Geltona<\/p>\n<p>&nbsp;<\/p>\n<p>Priklausomai nuo bendro paciento atsako ir sveikatos b\u016bkl\u0117s, \u0161io vaisto doz\u0117 gali skirtis. Niekada nebandykite didinti vaisto doz\u0117s ir nustokite j\u012f vartoti tik gydytojui nurod\u017eius.<\/p>\n<p>Staigus vaisto vartojimo nutraukimas gali baigtis jo nutraukimu. Kad i\u0161vengtum\u0117te abstinencijos simptom\u0173, laikykit\u0117s gydytojo nurodym\u0173, kaip palaipsniui ma\u017einti vaist\u0173 doz\u0119.<\/p>\n<p>Hidrokodono pirkimas internetu kartais gali sukelti priklausomyb\u0119. Norint i\u0161vengti priklausomyb\u0117s nuo narkotik\u0173, rekomenduojama nevir\u0161yti nurodytos vaisto doz\u0117s.<\/p>\n<p>Alergija:<\/p>\n<p>Paklauskite savo gydytojo arba sveikatos prie\u017ei\u016bros specialisto, ar galite vartoti \u0161\u012f vaist\u0105, nes esate alergi\u0161kas acetaminofenui ir hidrokodonui. Asmens reakcij\u0105 \u012f \u0161\u012f produkt\u0105 gali neigiamai paveikti jo sud\u0117tyje esan\u010dios veikliosios med\u017eiagos.<\/p>\n<p>Mieguistumas:<\/p>\n<p>Gali atsirasti mieguistumas arba galvos svaigimas kaip \u0161alutinis \u0161io vaisto poveikis. Reik\u0117t\u0173 vengti vairuoti, valdyti mechanizmus ar bet kokios kitos veiklos, kuriai reikia viso d\u0117mesio ar budrumo. Nedalyvaukite bet kurioje i\u0161 \u0161i\u0173 veikl\u0173, kol ne\u012fsitikinsite, kad galite tai padaryti be joki\u0173 sunkum\u0173.<\/p>\n<p>N\u0117\u0161tumas:<\/p>\n<p>N\u0117\u0161\u010dioms moterims patariama nevartoti \u0161io vaisto. Vartokite \u0161\u012f vaist\u0105 tik tuo atveju, jei tai absoliu\u010diai b\u016btina. Pasitarkite su gydytoju arba vaistininku, kad su\u017einotum\u0117te apie \u0161io vaisto vartojimo n\u0117\u0161tumo metu privalumus ir tr\u016bkumus.<\/p>\n<p>\u017dindymo laikotarpis<\/p>\n<p>\u0160io vaisto vartojimas \u017eindymo metu gali tur\u0117ti neigiam\u0105 poveik\u012f k\u016bdikio sveikatai. Jei j\u016bs\u0173 k\u016bdikiui pasirei\u0161kia keist\u0173 simptom\u0173, toki\u0173 kaip pasunk\u0117j\u0119s kv\u0117pavimas ar mieguistumas, taip pat valgymo sutrikimai, reikia skubiai kreiptis \u012f gydytojus.<\/p>\n<p>Vartojant hidrokodon\u0105, gali atsirasti v\u0117mimas, galvos svaigimas, mieguistumas ir viduri\u0173 u\u017ekiet\u0117jimas. Vartojant vaist\u0105 toliau, kai kurie i\u0161 \u0161i\u0173 nepageidaujam\u0173 poveiki\u0173 laikui b\u0117gant gali suma\u017e\u0117ti. Jei kuris nors i\u0161 \u0161i\u0173 simptom\u0173 pasunk\u0117ja, tur\u0117tum\u0117te kreiptis skubios medicinos pagalbos, kad rastum\u0117te sprendim\u0105.<\/p>\n<p>Tur\u0117tum\u0117te vartoti daug skaidul\u0173 ir gerti daug vandens, kad i\u0161vengtum\u0117te viduri\u0173 u\u017ekiet\u0117jimo. Jei reikia, i\u0161gerkite vidurius laisvinan\u010di\u0173 vaist\u0173, kad suma\u017eintum\u0117te viduri\u0173 u\u017ekiet\u0117jimo simptomus. Prie\u0161 prad\u0117dami vartoti vidurius laisvinan\u010dius vaistus, tur\u0117tum\u0117te pasitarti su gydytoju.<\/p>\n<p>Jei norite suma\u017einti apsvaigimo ir galvos svaigimo simptomus, turite l\u0117tai pakilti i\u0161 gulimos ar s\u0117dimos pad\u0117ties.<\/p>\n<\/p><\/div><\/div>\n","protected":false},"excerpt":{"rendered":"<div class=\"woocommerce-product-details__short-description\">\n<p>Pirkite Hydrocodone 10\/500mg tabletes, parduodamas Jungtin\u0117je Karalyst\u0117je, ES ir Europoje, galite \u012fsigyti internetu i\u0161 m\u016bs\u0173 svetain\u0117s. Dihidrokodeinonas (hidrokodonas) yra pusiau pagamintas opioidas, gaunamas i\u0161 kodeino ir tebaino \u2013 dviej\u0173 da\u017eniausiai vartojam\u0173 raminam\u0173j\u0173 vaist\u0173.<\/p>\n<p>Esant vidutinio sunkumo ar stipriam skausmui, Watson 540 (Hidrokodonas) veiklioji med\u017eiaga yra 500 mg hidrokodono. Parduodant hidrokodon\u0105 naudojami acetaminofenas ir hidrokodonas. Hidroksikodonas yra opioidinis skausm\u0105 mal\u0161inantis vaistas, o acetaminofenas n\u0117ra opioidinis.<\/p>\n<\/p><\/div>\n","protected":false},"featured_media":5201,"comment_status":"open","ping_status":"closed","template":"","meta":[],"product_brand":[],"product_cat":[1117],"product_tag":[1300,1298,1299,1301,1297,1302,1304,1303,1305,1306,1307,1308,1311,1312,1310,1309,1313,1314],"class_list":{"0":"post-5183","1":"product","2":"type-product","3":"status-publish","4":"has-post-thumbnail","6":"product_cat-pirkite-skausmo-miego-ir-sekso-tabletes","7":"product_tag-generic-watson-pills-for-sale-in-usa","8":"product_tag-generic-pills-for-sale-in-usa","9":"product_tag-generic-watson","10":"product_tag-parduodamas-hidrokodonas","11":"product_tag-pirk-watson-internete","12":"product_tag-vaistai-be-recepto","13":"product_tag-watson-500-mg","14":"product_tag-vatsonas-500-mg","15":"product_tag-watson-540-hidrokodonas-500-mg","16":"product_tag-watson-540-hidrokodonas-internetu","17":"product_tag-watson-540-vaistas","18":"product_tag-vatsono-doz","19":"product_tag-vatsono-hidrokodono-skausmo-praradimo-tablets","20":"product_tag-watson-medication","21":"product_tag-watson-parduodamas-jav","22":"product_tag-watson-parduodamas-uk","23":"product_tag-watson-skausm-malinanti-tablet","24":"product_tag-watson-tablets-be-recepto","26":"first","27":"instock","28":"shipping-taxable","29":"purchasable","30":"product-type-variable","31":"has-default-attributes"},"yoast_head":"<!-- This site is optimized with the Yoast SEO plugin v27.3 - https:\/\/yoast.com\/product\/yoast-seo-wordpress\/ -->\n<title>Pirkite hidrokodono 10\/500 mg \u2013 geriausius pasaulinius vaistus<\/title>\n<meta name=\"description\" content=\"Pirkite Hydrocodone 10\/500mg tabletes JK, ES, Europoje internetu. Hidrokodonas arba dihidrokodeinonas yra pusiau pagamintas opioidas, gaunamas i\u0161 dviej\u0173 da\u017eniausiai vartojam\u0173 raminam\u0173j\u0173 vaist\u0173 \u2013 kodeino ir tebaino.\" \/>\n<meta name=\"robots\" content=\"index, follow, max-snippet:-1, max-image-preview:large, max-video-preview:-1\" \/>\n<link rel=\"canonical\" href=\"https:\/\/medicinasinc.com\/lt\/product\/hidrokodonas-10-500-mg\/\" \/>\n<meta property=\"og:locale\" content=\"en_US\" \/>\n<meta property=\"og:type\" content=\"article\" \/>\n<meta property=\"og:title\" content=\"Pirkite hidrokodono 10\/500 mg \u2013 geriausius pasaulinius vaistus\" \/>\n<meta property=\"og:description\" content=\"Pirkite Hydrocodone 10\/500mg tabletes JK, ES, Europoje internetu. Hidrokodonas arba dihidrokodeinonas yra pusiau pagamintas opioidas, gaunamas i\u0161 dviej\u0173 da\u017eniausiai vartojam\u0173 raminam\u0173j\u0173 vaist\u0173 \u2013 kodeino ir tebaino.\" \/>\n<meta property=\"og:url\" content=\"https:\/\/medicinasinc.com\/lt\/product\/hidrokodonas-10-500-mg\/\" \/>\n<meta property=\"og:site_name\" content=\"Medicinas Inc\" \/>\n<meta property=\"article:modified_time\" content=\"2022-03-20T12:23:23+00:00\" \/>\n<meta property=\"og:image\" content=\"https:\/\/medicinasinc.com\/lt\/wp-content\/uploads\/sites\/9\/2022\/02\/buy-hydrocodone-10-500mg-pills-online.jpg\" \/>\n\t<meta property=\"og:image:width\" content=\"600\" \/>\n\t<meta property=\"og:image:height\" content=\"600\" \/>\n\t<meta property=\"og:image:type\" content=\"image\/jpeg\" \/>\n<meta name=\"twitter:card\" content=\"summary_large_image\" \/>\n<meta name=\"twitter:label1\" content=\"Est. reading time\" \/>\n\t<meta name=\"twitter:data1\" content=\"3 minutes\" \/>\n<script type=\"application\/ld+json\" class=\"yoast-schema-graph\">{\"@context\":\"https:\\\/\\\/schema.org\",\"@graph\":[{\"@type\":\"WebPage\",\"@id\":\"https:\\\/\\\/medicinasinc.com\\\/lt\\\/product\\\/hidrokodonas-10-500-mg\\\/\",\"url\":\"https:\\\/\\\/medicinasinc.com\\\/lt\\\/product\\\/hidrokodonas-10-500-mg\\\/\",\"name\":\"Pirkite hidrokodono 10\\\/500 mg \u2013 geriausius pasaulinius vaistus\",\"isPartOf\":{\"@id\":\"https:\\\/\\\/medicinasinc.com\\\/lt\\\/#website\"},\"primaryImageOfPage\":{\"@id\":\"https:\\\/\\\/medicinasinc.com\\\/lt\\\/product\\\/hidrokodonas-10-500-mg\\\/#primaryimage\"},\"image\":{\"@id\":\"https:\\\/\\\/medicinasinc.com\\\/lt\\\/product\\\/hidrokodonas-10-500-mg\\\/#primaryimage\"},\"thumbnailUrl\":\"https:\\\/\\\/medicinasinc.com\\\/lt\\\/wp-content\\\/uploads\\\/sites\\\/9\\\/2022\\\/02\\\/buy-hydrocodone-10-500mg-pills-online.jpg\",\"datePublished\":\"2022-02-20T21:35:10+00:00\",\"dateModified\":\"2022-03-20T12:23:23+00:00\",\"description\":\"Pirkite Hydrocodone 10\\\/500mg tabletes JK, ES, Europoje internetu. Hidrokodonas arba dihidrokodeinonas yra pusiau pagamintas opioidas, gaunamas i\u0161 dviej\u0173 da\u017eniausiai vartojam\u0173 raminam\u0173j\u0173 vaist\u0173 \u2013 kodeino ir tebaino.\",\"breadcrumb\":{\"@id\":\"https:\\\/\\\/medicinasinc.com\\\/lt\\\/product\\\/hidrokodonas-10-500-mg\\\/#breadcrumb\"},\"inLanguage\":\"en-US\",\"potentialAction\":[{\"@type\":\"ReadAction\",\"target\":[\"https:\\\/\\\/medicinasinc.com\\\/lt\\\/product\\\/hidrokodonas-10-500-mg\\\/\"]}]},{\"@type\":\"ImageObject\",\"inLanguage\":\"en-US\",\"@id\":\"https:\\\/\\\/medicinasinc.com\\\/lt\\\/product\\\/hidrokodonas-10-500-mg\\\/#primaryimage\",\"url\":\"https:\\\/\\\/medicinasinc.com\\\/lt\\\/wp-content\\\/uploads\\\/sites\\\/9\\\/2022\\\/02\\\/buy-hydrocodone-10-500mg-pills-online.jpg\",\"contentUrl\":\"https:\\\/\\\/medicinasinc.com\\\/lt\\\/wp-content\\\/uploads\\\/sites\\\/9\\\/2022\\\/02\\\/buy-hydrocodone-10-500mg-pills-online.jpg\",\"width\":600,\"height\":600},{\"@type\":\"BreadcrumbList\",\"@id\":\"https:\\\/\\\/medicinasinc.com\\\/lt\\\/product\\\/hidrokodonas-10-500-mg\\\/#breadcrumb\",\"itemListElement\":[{\"@type\":\"ListItem\",\"position\":1,\"name\":\"Parduotuv\u0117\",\"item\":\"https:\\\/\\\/medicinasinc.com\\\/lt\\\/parduotuve\\\/\"},{\"@type\":\"ListItem\",\"position\":2,\"name\":\"Hidrokodonas 10\\\/500 mg\"}]},{\"@type\":\"WebSite\",\"@id\":\"https:\\\/\\\/medicinasinc.com\\\/lt\\\/#website\",\"url\":\"https:\\\/\\\/medicinasinc.com\\\/lt\\\/\",\"name\":\"Medicinas Inc\",\"description\":\"Sveikatos medicinos klinika\",\"potentialAction\":[{\"@type\":\"SearchAction\",\"target\":{\"@type\":\"EntryPoint\",\"urlTemplate\":\"https:\\\/\\\/medicinasinc.com\\\/lt\\\/?s={search_term_string}\"},\"query-input\":{\"@type\":\"PropertyValueSpecification\",\"valueRequired\":true,\"valueName\":\"search_term_string\"}}],\"inLanguage\":\"en-US\"}]}<\/script>\n<!-- \/ Yoast SEO plugin. -->","yoast_head_json":{"title":"Pirkite hidrokodono 10\/500 mg \u2013 geriausius pasaulinius vaistus","description":"Pirkite Hydrocodone 10\/500mg tabletes JK, ES, Europoje internetu. Hidrokodonas arba dihidrokodeinonas yra pusiau pagamintas opioidas, gaunamas i\u0161 dviej\u0173 da\u017eniausiai vartojam\u0173 raminam\u0173j\u0173 vaist\u0173 \u2013 kodeino ir tebaino.","robots":{"index":"index","follow":"follow","max-snippet":"max-snippet:-1","max-image-preview":"max-image-preview:large","max-video-preview":"max-video-preview:-1"},"canonical":"https:\/\/medicinasinc.com\/lt\/product\/hidrokodonas-10-500-mg\/","og_locale":"en_US","og_type":"article","og_title":"Pirkite hidrokodono 10\/500 mg \u2013 geriausius pasaulinius vaistus","og_description":"Pirkite Hydrocodone 10\/500mg tabletes JK, ES, Europoje internetu. Hidrokodonas arba dihidrokodeinonas yra pusiau pagamintas opioidas, gaunamas i\u0161 dviej\u0173 da\u017eniausiai vartojam\u0173 raminam\u0173j\u0173 vaist\u0173 \u2013 kodeino ir tebaino.","og_url":"https:\/\/medicinasinc.com\/lt\/product\/hidrokodonas-10-500-mg\/","og_site_name":"Medicinas Inc","article_modified_time":"2022-03-20T12:23:23+00:00","og_image":[{"width":600,"height":600,"url":"https:\/\/medicinasinc.com\/lt\/wp-content\/uploads\/sites\/9\/2022\/02\/buy-hydrocodone-10-500mg-pills-online.jpg","type":"image\/jpeg"}],"twitter_card":"summary_large_image","twitter_misc":{"Est. reading time":"3 minutes"},"schema":{"@context":"https:\/\/schema.org","@graph":[{"@type":"WebPage","@id":"https:\/\/medicinasinc.com\/lt\/product\/hidrokodonas-10-500-mg\/","url":"https:\/\/medicinasinc.com\/lt\/product\/hidrokodonas-10-500-mg\/","name":"Pirkite hidrokodono 10\/500 mg \u2013 geriausius pasaulinius vaistus","isPartOf":{"@id":"https:\/\/medicinasinc.com\/lt\/#website"},"primaryImageOfPage":{"@id":"https:\/\/medicinasinc.com\/lt\/product\/hidrokodonas-10-500-mg\/#primaryimage"},"image":{"@id":"https:\/\/medicinasinc.com\/lt\/product\/hidrokodonas-10-500-mg\/#primaryimage"},"thumbnailUrl":"https:\/\/medicinasinc.com\/lt\/wp-content\/uploads\/sites\/9\/2022\/02\/buy-hydrocodone-10-500mg-pills-online.jpg","datePublished":"2022-02-20T21:35:10+00:00","dateModified":"2022-03-20T12:23:23+00:00","description":"Pirkite Hydrocodone 10\/500mg tabletes JK, ES, Europoje internetu. Hidrokodonas arba dihidrokodeinonas yra pusiau pagamintas opioidas, gaunamas i\u0161 dviej\u0173 da\u017eniausiai vartojam\u0173 raminam\u0173j\u0173 vaist\u0173 \u2013 kodeino ir tebaino.","breadcrumb":{"@id":"https:\/\/medicinasinc.com\/lt\/product\/hidrokodonas-10-500-mg\/#breadcrumb"},"inLanguage":"en-US","potentialAction":[{"@type":"ReadAction","target":["https:\/\/medicinasinc.com\/lt\/product\/hidrokodonas-10-500-mg\/"]}]},{"@type":"ImageObject","inLanguage":"en-US","@id":"https:\/\/medicinasinc.com\/lt\/product\/hidrokodonas-10-500-mg\/#primaryimage","url":"https:\/\/medicinasinc.com\/lt\/wp-content\/uploads\/sites\/9\/2022\/02\/buy-hydrocodone-10-500mg-pills-online.jpg","contentUrl":"https:\/\/medicinasinc.com\/lt\/wp-content\/uploads\/sites\/9\/2022\/02\/buy-hydrocodone-10-500mg-pills-online.jpg","width":600,"height":600},{"@type":"BreadcrumbList","@id":"https:\/\/medicinasinc.com\/lt\/product\/hidrokodonas-10-500-mg\/#breadcrumb","itemListElement":[{"@type":"ListItem","position":1,"name":"Parduotuv\u0117","item":"https:\/\/medicinasinc.com\/lt\/parduotuve\/"},{"@type":"ListItem","position":2,"name":"Hidrokodonas 10\/500 mg"}]},{"@type":"WebSite","@id":"https:\/\/medicinasinc.com\/lt\/#website","url":"https:\/\/medicinasinc.com\/lt\/","name":"Medicinas Inc","description":"Sveikatos medicinos klinika","potentialAction":[{"@type":"SearchAction","target":{"@type":"EntryPoint","urlTemplate":"https:\/\/medicinasinc.com\/lt\/?s={search_term_string}"},"query-input":{"@type":"PropertyValueSpecification","valueRequired":true,"valueName":"search_term_string"}}],"inLanguage":"en-US"}]}},"_links":{"self":[{"href":"https:\/\/medicinasinc.com\/lt\/wp-json\/wp\/v2\/product\/5183","targetHints":{"allow":["GET"]}}],"collection":[{"href":"https:\/\/medicinasinc.com\/lt\/wp-json\/wp\/v2\/product"}],"about":[{"href":"https:\/\/medicinasinc.com\/lt\/wp-json\/wp\/v2\/types\/product"}],"replies":[{"embeddable":true,"href":"https:\/\/medicinasinc.com\/lt\/wp-json\/wp\/v2\/comments?post=5183"}],"wp:featuredmedia":[{"embeddable":true,"href":"https:\/\/medicinasinc.com\/lt\/wp-json\/wp\/v2\/media\/5201"}],"wp:attachment":[{"href":"https:\/\/medicinasinc.com\/lt\/wp-json\/wp\/v2\/media?parent=5183"}],"wp:term":[{"taxonomy":"product_brand","embeddable":true,"href":"https:\/\/medicinasinc.com\/lt\/wp-json\/wp\/v2\/product_brand?post=5183"},{"taxonomy":"product_cat","embeddable":true,"href":"https:\/\/medicinasinc.com\/lt\/wp-json\/wp\/v2\/product_cat?post=5183"},{"taxonomy":"product_tag","embeddable":true,"href":"https:\/\/medicinasinc.com\/lt\/wp-json\/wp\/v2\/product_tag?post=5183"}],"curies":[{"name":"wp","href":"https:\/\/api.w.org\/{rel}","templated":true}]}}