{"id":5182,"date":"2022-02-20T21:32:53","date_gmt":"2022-02-20T21:32:53","guid":{"rendered":"https:\/\/medicinasinc.com\/lt\/?post_type=product&#038;p=5182"},"modified":"2022-03-20T12:23:32","modified_gmt":"2022-03-20T12:23:32","slug":"pirkti-fentanilio-transdermines-sistemos-pleistra","status":"publish","type":"product","link":"https:\/\/medicinasinc.com\/lt\/product\/pirkti-fentanilio-transdermines-sistemos-pleistra\/","title":{"rendered":"Pirkite fentanilio transdermin\u0117s sistemos pleistr\u0105"},"content":{"rendered":"<div class=\"product-next-previous\">\n<div class=\"product-prev\">\n<p>Galima \u012fsigyti transdermini\u0173 fentanilio pleistr\u0173.<br \/> Kas yra fentanilis?<\/p>\n<p>Opioidai yra vaist\u0173, kuri\u0173 sud\u0117tyje yra fentanilio, klas\u0117. Jei ken\u010diate nuo l\u0117tinio (ilgalaikio) stipraus skausmo ir jau vartojate opioidinius (narkotinius) vaistus, fentanilis gali b\u016bti naudingas.<\/p>\n<p>Kokia Co Fentanilis kaina?<\/p>\n<p> p&gt; <\/p>\n<p>PocketPills si\u016blo Co fentanil\u012f nemokamai. Jei j\u016bs\u0173 draudimas padengia Co Fentanyl i\u0161laidas, galb\u016bt gal\u0117site j\u012f \u012fsigyti u\u017e ma\u017eesn\u0119 kain\u0105. I\u0161davimo ir pristatymo i\u0161laidos tur\u0117t\u0173 b\u016bti \u012ftrauktos \u012f galutin\u0119 Co Fentanyl pirkimo kain\u0105.<\/p>\n<p>Kiek kainuoja Co Fentanyl i\u0161davimo mokestis?<\/p>\n<p>U\u017esakant Co Fentanyl i\u0161 m\u016bs\u0173, taikomas i\u0161davimo mokestis: tik 0 USD. Jei ie\u0161kote pigiausios Co Fentanyl kainos Kanadoje, \u201ePocketpills\u201c jums pad\u0117s.<br \/> Pasinaudokite nemokamo pristatymo Kanadoje pasi\u016blymu.<\/p>\n<p>Vaisto pavadinimas: Co-Fentanyl <\/p>\n<p>Toksi\u0161kumas<\/p>\n<p>\u012evair\u016bs vaistai gali sukelti nepageidaujam\u0173 pasekmi\u0173.<\/p>\n<p>Kai vaistas vartojamas taip, kaip nurodyta, gali pasireik\u0161ti \u0161alutinis poveikis, kurio nesitikima . \u0160alutinis poveikis gali b\u016bti ne\u017eymus arba sunkus, taip pat ilgalaikis arba trumpalaikis.<\/p>\n<p>Ne visi vartojantys Co Fentanyl, patiria toliau nurodyt\u0105 \u0161alutin\u012f poveik\u012f (Fentanilis \u2013 transderminis).<\/p>\n<p>Pasikalb\u0117kite su savo gydytoju, jei nerimaujate d\u0117l Co fentanilio (Fentanilio transderminio) \u0161alutinio poveikio.<\/p>\n<p>Ma\u017eiausiai 1 % Co fentanilio vartotoj\u0173 patyr\u0117 toliau nurodyt\u0105 nepageidaujam\u0105 poveik\u012f (Fentanilis transderminis) . Gali b\u016bti, kad kai kurie i\u0161 \u0161i\u0173 nepageidaujam\u0173 poveiki\u0173 laikui b\u0117gant i\u0161nyks savaime.<\/p>\n<p>Jei pasteb\u0117jote bet kur\u012f i\u0161 \u0161i\u0173 nepageidaujam\u0173 poveiki\u0173 ir jie yra varginantys arba sunk\u016bs, kreipkit\u0117s \u012f gydytoj\u0105. Jei kyla problem\u0173 d\u0117l \u0161alutinio poveikio, kreipkit\u0117s pagalbos \u012f vaistinink\u0105.<\/p>\n<p>sumi\u0161imas<br \/> Viduri\u0173 u\u017ekiet\u0117jimas<br \/> Viduri\u0173 u\u017ekiet\u0117jimas, susikaupimo sutrikimas mieguistumas ir galvos svaigimas vakare<br \/> Nerimas, paraudimas , ir galvos skausmas yra visi burnos d\u017ei\u016bvimo simptomai.<br \/> atminties tr\u016bkumas<br \/> diskomfortas arba nie\u017e\u0117jimas tepimo vietoje<\/p>\n<p>Da\u017eniausiai u\u017eduodami klausimai apie Co Fentanyl<br \/> Nor\u0117dami \u012fsigyti Co. Fentanilis internetu, jums reik\u0117s \u017einoti, kaip tai padaryti.<\/p>\n<p>Jei turite galiojant\u012f gydytojo recept\u0105, Co Fentanyl galite nusipirkti internetu \u201ePocketPills\u201c. Galite prad\u0117ti \u012fkeldami savo recept\u0105, nusipirk\u0119 papildym\u0105 arba pasikalb\u0117dami su vienu i\u0161 m\u016bs\u0173 Kanados gydytoj\u0173, kad gautum\u0117te recept\u0105 internetu, perkeldami visus esamus receptus \u012f m\u016bs\u0173 vaistin\u0119. Co fentanilio receptas: kur man eiti?<\/p>\n<p>Svetain\u0117je pocketpills.com galite pasikalb\u0117ti su Kanados gydytoju internetu. J\u016bs\u0173 vizito metu m\u016bs\u0173 gydytojai gali i\u0161ra\u0161yti jums vaist\u0173 receptus internetu. Gav\u0119 recept\u0105 galite neatsargiai ir originalioje pakuot\u0117je pristatyti \u012f namus be joki\u0173 papildom\u0173 mokes\u010di\u0173.<\/p>\n<p>Kaip greitai galiu tik\u0117tis pakuot\u0117s?<\/p>\n<p>Taip! Kai kuriose vietose galime pasi\u016blyti pristatym\u0105 t\u0105 pa\u010di\u0105 dien\u0105. Be pristatymo kit\u0105 dien\u0105, taip pat teikiame pristatym\u0105 per nakt\u012f.<br \/> Kiek kainuoja \u201eCo Fentanyl\u201c siuntimas \u012f Kanad\u0105?<br \/> \u201eCo Fentanyl\u201c siuntimo \u012f Kanad\u0105 i\u0161laidos yra visi\u0161kai nemokamos. Suma\u017e\u0117j\u0119 i\u0161davimo mokes\u010diai ir nemokamas pristatymas, kur\u012f si\u016blo \u201ePocketpills\u201c, kanadie\u010diams lengviau gauti jiems reikalingus vaistus.<br \/> Ar Co Fentanyl pristatoma \u012f mano namus?<br \/> Jei u\u017esisak\u0117te receptini\u0173 vaist\u0173 i\u0161 m\u016bs\u0173 Kanadoje su galiojan\u010diu recepto, gal\u0117tume atsi\u0173sti Co Fentanyl iki j\u016bs\u0173 dur\u0173. Susisiekite su mumis, jei nesate tikri, ar pristatysime j\u016bs\u0173 regione.<br \/> Kur Kanadoje galiu gauti nemokam\u0105 fentanil\u012f?<br \/> Jei turite sveikatos draudimo plan\u0105, apimant\u012f Co fentanil\u012f, galite j\u012f gauti nemokamai. Kanadoje. Su\u017einokite, ar turite teis\u0119 gauti nemokam\u0105 Co Fentanyl, susisiek\u0119 su savo paslaug\u0173 teik\u0117ju arba su mumis.<br \/> Kur galiu rasti gydytoj\u0105, kad gaut\u0173 Co Fentanyl?<br \/> Taip. Nor\u0117dami su\u017einoti, ar turite teis\u0119 gauti Co Fentanyl recept\u0105, galite suplanuoti internetin\u0119 konsultacij\u0105 su Kanados gydytoju per Best Global Meds.<br \/> Ar galiu be recepto. pirkti Co Fentanyl?<br \/> Nor\u0117dami \u012fsigyti Co Fentanyl i\u0161 m\u016bs\u0173, turite tur\u0117ti galiojant\u012f recept\u0105. Jei jums reikia recepto, susisiekite su mumis. Kai jums patogu, galite susisiekti su vienu i\u0161 m\u016bs\u0173 gydytoj\u0173.<\/p>\n<p>&nbsp;<\/p>\n<p>\u0160is vaistas vartojamas l\u0117tiniam skausmui (pvz., d\u0117l v\u0117\u017eio) gydyti. Opioidiniai (narkotiniai) analgetikai, kuri\u0173 dalis yra fentanilis, yra \u012fprastas skausm\u0105 mal\u0161inan\u010di\u0173 vaist\u0173 tipas. Veikdamas smegenis, jis kei\u010dia tai, kaip j\u016bs\u0173 k\u016bnas suvokia skausm\u0105 ir reaguoja \u012f j\u012f.<\/p>\n<p>Fentanilio pleistras netur\u0117t\u0173 b\u016bti naudojamas silpnam ar trumpalaikiam skausmui gydyti. \u201ekaip\u201c n\u0117ra tinkamas \u0161io vaisto terminas.<\/p>\n<\/p><\/div><\/div>\n","protected":false},"excerpt":{"rendered":"<p>JK fentanilio pleistr\u0105 galima nusipirkti internetu, taip pat fentanilio apskritai, taip pat ten parduodam\u0173 fentanilio pleistr\u0173.<\/p>\n<p>Fentanilio pleistrai naudojami l\u0117tiniam skausmui gydyti&amp;#8230 ;. Rinkdami receptus ar \u012fsigydami papildom\u0173 vaist\u0173, pamin\u0117kite vaistininkui pleistr\u0105, kur\u012f ne\u0161iojate.<\/p>\n","protected":false},"featured_media":5199,"comment_status":"open","ping_status":"closed","template":"","meta":[],"product_brand":[],"product_cat":[1117],"product_tag":[1247,1248,1249,1250,1251,1252,1253,1254,1256,1259,1261,1262,1263,1268,1270,1269,1272,1271,1273,1267,1279,1266,1276,1277,1264,1265,1280,1257,1258,1260,1274,1278,1293,1281,1282,1283,1285,1287,1286,1284,1294,1295,1296,1289,1291,1275,1292,1290,1288,1255],"class_list":{"0":"post-5182","1":"product","2":"type-product","3":"status-publish","4":"has-post-thumbnail","6":"product_cat-pirkite-skausmo-miego-ir-sekso-tabletes","7":"product_tag-100-mg-fentanilo-pleistras","8":"product_tag-100-mg-fentanilo-pleistras-gatvs-kaina","9":"product_tag-12-mikrogram-fentanilio-pleistras","10":"product_tag-25-mcg-fentanilo-pleistro-ekvivalentas","11":"product_tag-50-mg-fentanilio-pleistras","12":"product_tag-75-mg-fentanilio-pleistras","13":"product_tag-best-place-to-put-fentanyl-patch","14":"product_tag-best-way-to-get-high-on-fentanyl-patch","15":"product_tag-fentanilio-gelio-pleistras","16":"product_tag-fentanilio-pleistras-100-mcg","17":"product_tag-fentanilio-pleistras-25-mcg-gatvs-vert","18":"product_tag-fentanilio-pleistras-50-mcg","19":"product_tag-fentanilio-pleistras-75-mcg","20":"product_tag-fentanilio-pleistro-dozavimas","21":"product_tag-fentanilio-pleistras-dozavimo-lentel","22":"product_tag-fentanilis-pleistras-dozavimas-12-mcg","23":"product_tag-fentanilio-pleistro-dozs","24":"product_tag-fentanilio-pleistr-dozs","25":"product_tag-fentanilio-pleistro-dozs-12-mcg","26":"product_tag-fentanilio-pleistro-imetimas","27":"product_tag-fentanilio-pleistr-itraukimas","28":"product_tag-fentanilis-pleistras-kramtymas","29":"product_tag-fentanilis-pleistras-pakuot-dklas","30":"product_tag-fentanilio-pleistro-alutinis-poveikis","31":"product_tag-fentanilio-pleistro-aplikacija","32":"product_tag-fentanilio-pleistr-preks-enklai","33":"product_tag-fentanilis-transderminis-pleistras","34":"product_tag-fentanyl-pain-patch","35":"product_tag-fentanyl-patch","36":"product_tag-fentanyl-patch-100mcg","37":"product_tag-fentanyl-patch-dosing","38":"product_tag-fentanyl-patch-uses","39":"product_tag-gatvs-verts-fentanilo-pleistras","40":"product_tag-how-long-does-a-fentanyl-patch-stay-in-your-system","41":"product_tag-how-long-does-it-take-for-a-fentanyl-patch-to-kick-in","42":"product_tag-how-to-apply-fentanyl-patch","43":"product_tag-how-to-smoke-a-fentanyl-patch","44":"product_tag-kaip-naudoti-fentanilio-pleistras","45":"product_tag-kaip-sumainti-fentanilo-pleistr-be-imimo","46":"product_tag-kaip-suskaidyti-fentanilio-pleistr","47":"product_tag-kas-yra-fentanilo-pleistras","48":"product_tag-kur-dtis-fentanilio-pleistras","49":"product_tag-kur-dti-fentanilo-pleistr","50":"product_tag-mallinckrodt-fentanilo-pleistro-ekstrahavimas","51":"product_tag-audyti-fentanilis-pleistras","52":"product_tag-parduodamas-fentanilio-pleistras","53":"product_tag-rkymas-fentanilis-pleistras","54":"product_tag-sandoz-fentanilio-pleistras","55":"product_tag-suleisti-fentanilio-pleistras","56":"product_tag-valgymas-fentanilis-pleistras","58":"first","59":"instock","60":"shipping-taxable","61":"purchasable","62":"product-type-variable","63":"has-default-attributes"},"yoast_head":"<!-- This site is optimized with the Yoast SEO plugin v27.3 - https:\/\/yoast.com\/product\/yoast-seo-wordpress\/ -->\n<title>Pirkite fentanilio transdermin\u0117s sistemos pleistr\u0105 \u2013 geriausius pasaulinius vaistus<\/title>\n<meta name=\"description\" content=\"Pirkite fentanilio pleistr\u0105 internetu JK, fentanilio pleistr\u0105 internetu JK, fentanilio pleistr\u0173 kaina uk, pirkite fentanilio pleistrus uk, fentanilio pleistr\u0173 kaina JK, fentanilio pleistras parduodamas JK\" \/>\n<meta name=\"robots\" content=\"index, follow, max-snippet:-1, max-image-preview:large, max-video-preview:-1\" \/>\n<link rel=\"canonical\" href=\"https:\/\/medicinasinc.com\/lt\/product\/pirkti-fentanilio-transdermines-sistemos-pleistra\/\" \/>\n<meta property=\"og:locale\" content=\"en_US\" \/>\n<meta property=\"og:type\" content=\"article\" \/>\n<meta property=\"og:title\" content=\"Pirkite fentanilio transdermin\u0117s sistemos pleistr\u0105 \u2013 geriausius pasaulinius vaistus\" \/>\n<meta property=\"og:description\" content=\"Pirkite fentanilio pleistr\u0105 internetu JK, fentanilio pleistr\u0105 internetu JK, fentanilio pleistr\u0173 kaina uk, pirkite fentanilio pleistrus uk, fentanilio pleistr\u0173 kaina JK, fentanilio pleistras parduodamas JK\" \/>\n<meta property=\"og:url\" content=\"https:\/\/medicinasinc.com\/lt\/product\/pirkti-fentanilio-transdermines-sistemos-pleistra\/\" \/>\n<meta property=\"og:site_name\" content=\"Medicinas Inc\" \/>\n<meta property=\"article:modified_time\" content=\"2022-03-20T12:23:32+00:00\" \/>\n<meta property=\"og:image\" content=\"https:\/\/medicinasinc.com\/lt\/wp-content\/uploads\/sites\/9\/2022\/02\/buy-fentanyl-transdermal-system-patch.jpg\" \/>\n\t<meta property=\"og:image:width\" content=\"600\" \/>\n\t<meta property=\"og:image:height\" content=\"600\" \/>\n\t<meta property=\"og:image:type\" content=\"image\/jpeg\" \/>\n<meta name=\"twitter:card\" content=\"summary_large_image\" \/>\n<meta name=\"twitter:label1\" content=\"Est. reading time\" \/>\n\t<meta name=\"twitter:data1\" content=\"4 minutes\" \/>\n<script type=\"application\/ld+json\" class=\"yoast-schema-graph\">{\"@context\":\"https:\\\/\\\/schema.org\",\"@graph\":[{\"@type\":\"WebPage\",\"@id\":\"https:\\\/\\\/medicinasinc.com\\\/lt\\\/product\\\/pirkti-fentanilio-transdermines-sistemos-pleistra\\\/\",\"url\":\"https:\\\/\\\/medicinasinc.com\\\/lt\\\/product\\\/pirkti-fentanilio-transdermines-sistemos-pleistra\\\/\",\"name\":\"Pirkite fentanilio transdermin\u0117s sistemos pleistr\u0105 \u2013 geriausius pasaulinius vaistus\",\"isPartOf\":{\"@id\":\"https:\\\/\\\/medicinasinc.com\\\/lt\\\/#website\"},\"primaryImageOfPage\":{\"@id\":\"https:\\\/\\\/medicinasinc.com\\\/lt\\\/product\\\/pirkti-fentanilio-transdermines-sistemos-pleistra\\\/#primaryimage\"},\"image\":{\"@id\":\"https:\\\/\\\/medicinasinc.com\\\/lt\\\/product\\\/pirkti-fentanilio-transdermines-sistemos-pleistra\\\/#primaryimage\"},\"thumbnailUrl\":\"https:\\\/\\\/medicinasinc.com\\\/lt\\\/wp-content\\\/uploads\\\/sites\\\/9\\\/2022\\\/02\\\/buy-fentanyl-transdermal-system-patch.jpg\",\"datePublished\":\"2022-02-20T21:32:53+00:00\",\"dateModified\":\"2022-03-20T12:23:32+00:00\",\"description\":\"Pirkite fentanilio pleistr\u0105 internetu JK, fentanilio pleistr\u0105 internetu JK, fentanilio pleistr\u0173 kaina uk, pirkite fentanilio pleistrus uk, fentanilio pleistr\u0173 kaina JK, fentanilio pleistras parduodamas JK\",\"breadcrumb\":{\"@id\":\"https:\\\/\\\/medicinasinc.com\\\/lt\\\/product\\\/pirkti-fentanilio-transdermines-sistemos-pleistra\\\/#breadcrumb\"},\"inLanguage\":\"en-US\",\"potentialAction\":[{\"@type\":\"ReadAction\",\"target\":[\"https:\\\/\\\/medicinasinc.com\\\/lt\\\/product\\\/pirkti-fentanilio-transdermines-sistemos-pleistra\\\/\"]}]},{\"@type\":\"ImageObject\",\"inLanguage\":\"en-US\",\"@id\":\"https:\\\/\\\/medicinasinc.com\\\/lt\\\/product\\\/pirkti-fentanilio-transdermines-sistemos-pleistra\\\/#primaryimage\",\"url\":\"https:\\\/\\\/medicinasinc.com\\\/lt\\\/wp-content\\\/uploads\\\/sites\\\/9\\\/2022\\\/02\\\/buy-fentanyl-transdermal-system-patch.jpg\",\"contentUrl\":\"https:\\\/\\\/medicinasinc.com\\\/lt\\\/wp-content\\\/uploads\\\/sites\\\/9\\\/2022\\\/02\\\/buy-fentanyl-transdermal-system-patch.jpg\",\"width\":600,\"height\":600},{\"@type\":\"BreadcrumbList\",\"@id\":\"https:\\\/\\\/medicinasinc.com\\\/lt\\\/product\\\/pirkti-fentanilio-transdermines-sistemos-pleistra\\\/#breadcrumb\",\"itemListElement\":[{\"@type\":\"ListItem\",\"position\":1,\"name\":\"Parduotuv\u0117\",\"item\":\"https:\\\/\\\/medicinasinc.com\\\/lt\\\/parduotuve\\\/\"},{\"@type\":\"ListItem\",\"position\":2,\"name\":\"Pirkite fentanilio transdermin\u0117s sistemos pleistr\u0105\"}]},{\"@type\":\"WebSite\",\"@id\":\"https:\\\/\\\/medicinasinc.com\\\/lt\\\/#website\",\"url\":\"https:\\\/\\\/medicinasinc.com\\\/lt\\\/\",\"name\":\"Medicinas Inc\",\"description\":\"Sveikatos medicinos klinika\",\"potentialAction\":[{\"@type\":\"SearchAction\",\"target\":{\"@type\":\"EntryPoint\",\"urlTemplate\":\"https:\\\/\\\/medicinasinc.com\\\/lt\\\/?s={search_term_string}\"},\"query-input\":{\"@type\":\"PropertyValueSpecification\",\"valueRequired\":true,\"valueName\":\"search_term_string\"}}],\"inLanguage\":\"en-US\"}]}<\/script>\n<!-- \/ Yoast SEO plugin. -->","yoast_head_json":{"title":"Pirkite fentanilio transdermin\u0117s sistemos pleistr\u0105 \u2013 geriausius pasaulinius vaistus","description":"Pirkite fentanilio pleistr\u0105 internetu JK, fentanilio pleistr\u0105 internetu JK, fentanilio pleistr\u0173 kaina uk, pirkite fentanilio pleistrus uk, fentanilio pleistr\u0173 kaina JK, fentanilio pleistras parduodamas JK","robots":{"index":"index","follow":"follow","max-snippet":"max-snippet:-1","max-image-preview":"max-image-preview:large","max-video-preview":"max-video-preview:-1"},"canonical":"https:\/\/medicinasinc.com\/lt\/product\/pirkti-fentanilio-transdermines-sistemos-pleistra\/","og_locale":"en_US","og_type":"article","og_title":"Pirkite fentanilio transdermin\u0117s sistemos pleistr\u0105 \u2013 geriausius pasaulinius vaistus","og_description":"Pirkite fentanilio pleistr\u0105 internetu JK, fentanilio pleistr\u0105 internetu JK, fentanilio pleistr\u0173 kaina uk, pirkite fentanilio pleistrus uk, fentanilio pleistr\u0173 kaina JK, fentanilio pleistras parduodamas JK","og_url":"https:\/\/medicinasinc.com\/lt\/product\/pirkti-fentanilio-transdermines-sistemos-pleistra\/","og_site_name":"Medicinas Inc","article_modified_time":"2022-03-20T12:23:32+00:00","og_image":[{"width":600,"height":600,"url":"https:\/\/medicinasinc.com\/lt\/wp-content\/uploads\/sites\/9\/2022\/02\/buy-fentanyl-transdermal-system-patch.jpg","type":"image\/jpeg"}],"twitter_card":"summary_large_image","twitter_misc":{"Est. reading time":"4 minutes"},"schema":{"@context":"https:\/\/schema.org","@graph":[{"@type":"WebPage","@id":"https:\/\/medicinasinc.com\/lt\/product\/pirkti-fentanilio-transdermines-sistemos-pleistra\/","url":"https:\/\/medicinasinc.com\/lt\/product\/pirkti-fentanilio-transdermines-sistemos-pleistra\/","name":"Pirkite fentanilio transdermin\u0117s sistemos pleistr\u0105 \u2013 geriausius pasaulinius vaistus","isPartOf":{"@id":"https:\/\/medicinasinc.com\/lt\/#website"},"primaryImageOfPage":{"@id":"https:\/\/medicinasinc.com\/lt\/product\/pirkti-fentanilio-transdermines-sistemos-pleistra\/#primaryimage"},"image":{"@id":"https:\/\/medicinasinc.com\/lt\/product\/pirkti-fentanilio-transdermines-sistemos-pleistra\/#primaryimage"},"thumbnailUrl":"https:\/\/medicinasinc.com\/lt\/wp-content\/uploads\/sites\/9\/2022\/02\/buy-fentanyl-transdermal-system-patch.jpg","datePublished":"2022-02-20T21:32:53+00:00","dateModified":"2022-03-20T12:23:32+00:00","description":"Pirkite fentanilio pleistr\u0105 internetu JK, fentanilio pleistr\u0105 internetu JK, fentanilio pleistr\u0173 kaina uk, pirkite fentanilio pleistrus uk, fentanilio pleistr\u0173 kaina JK, fentanilio pleistras parduodamas JK","breadcrumb":{"@id":"https:\/\/medicinasinc.com\/lt\/product\/pirkti-fentanilio-transdermines-sistemos-pleistra\/#breadcrumb"},"inLanguage":"en-US","potentialAction":[{"@type":"ReadAction","target":["https:\/\/medicinasinc.com\/lt\/product\/pirkti-fentanilio-transdermines-sistemos-pleistra\/"]}]},{"@type":"ImageObject","inLanguage":"en-US","@id":"https:\/\/medicinasinc.com\/lt\/product\/pirkti-fentanilio-transdermines-sistemos-pleistra\/#primaryimage","url":"https:\/\/medicinasinc.com\/lt\/wp-content\/uploads\/sites\/9\/2022\/02\/buy-fentanyl-transdermal-system-patch.jpg","contentUrl":"https:\/\/medicinasinc.com\/lt\/wp-content\/uploads\/sites\/9\/2022\/02\/buy-fentanyl-transdermal-system-patch.jpg","width":600,"height":600},{"@type":"BreadcrumbList","@id":"https:\/\/medicinasinc.com\/lt\/product\/pirkti-fentanilio-transdermines-sistemos-pleistra\/#breadcrumb","itemListElement":[{"@type":"ListItem","position":1,"name":"Parduotuv\u0117","item":"https:\/\/medicinasinc.com\/lt\/parduotuve\/"},{"@type":"ListItem","position":2,"name":"Pirkite fentanilio transdermin\u0117s sistemos pleistr\u0105"}]},{"@type":"WebSite","@id":"https:\/\/medicinasinc.com\/lt\/#website","url":"https:\/\/medicinasinc.com\/lt\/","name":"Medicinas Inc","description":"Sveikatos medicinos klinika","potentialAction":[{"@type":"SearchAction","target":{"@type":"EntryPoint","urlTemplate":"https:\/\/medicinasinc.com\/lt\/?s={search_term_string}"},"query-input":{"@type":"PropertyValueSpecification","valueRequired":true,"valueName":"search_term_string"}}],"inLanguage":"en-US"}]}},"_links":{"self":[{"href":"https:\/\/medicinasinc.com\/lt\/wp-json\/wp\/v2\/product\/5182","targetHints":{"allow":["GET"]}}],"collection":[{"href":"https:\/\/medicinasinc.com\/lt\/wp-json\/wp\/v2\/product"}],"about":[{"href":"https:\/\/medicinasinc.com\/lt\/wp-json\/wp\/v2\/types\/product"}],"replies":[{"embeddable":true,"href":"https:\/\/medicinasinc.com\/lt\/wp-json\/wp\/v2\/comments?post=5182"}],"wp:featuredmedia":[{"embeddable":true,"href":"https:\/\/medicinasinc.com\/lt\/wp-json\/wp\/v2\/media\/5199"}],"wp:attachment":[{"href":"https:\/\/medicinasinc.com\/lt\/wp-json\/wp\/v2\/media?parent=5182"}],"wp:term":[{"taxonomy":"product_brand","embeddable":true,"href":"https:\/\/medicinasinc.com\/lt\/wp-json\/wp\/v2\/product_brand?post=5182"},{"taxonomy":"product_cat","embeddable":true,"href":"https:\/\/medicinasinc.com\/lt\/wp-json\/wp\/v2\/product_cat?post=5182"},{"taxonomy":"product_tag","embeddable":true,"href":"https:\/\/medicinasinc.com\/lt\/wp-json\/wp\/v2\/product_tag?post=5182"}],"curies":[{"name":"wp","href":"https:\/\/api.w.org\/{rel}","templated":true}]}}