{"id":5151,"date":"2022-02-20T21:07:35","date_gmt":"2022-02-20T21:07:35","guid":{"rendered":"https:\/\/medicinasinc.com\/lt\/?post_type=product&#038;p=5151"},"modified":"2022-03-20T12:23:41","modified_gmt":"2022-03-20T12:23:41","slug":"pirkti-diazepamas-10-mg","status":"publish","type":"product","link":"https:\/\/medicinasinc.com\/lt\/product\/pirkti-diazepamas-10-mg\/","title":{"rendered":"Pirkite 10 mg Diazepamo"},"content":{"rendered":"<p>Pirkite 10 mg dekstripamo internetu (Diazepamas)<\/p>\n<p>Diazepamo 10 mg pardavimui internetu JK, Europoje geriausia kaina rasite \u010dia. Legali\u0173 vaist\u0173 galima \u012fsigyti bestglobalmeds.com, patikimoje internetin\u0117je vaistin\u0117je. Galite sutaupyti laiko ir pinig\u0173 pateik\u0119 u\u017esakym\u0105 internetu.<\/p>\n<p>Dextripam 10mg tabletes galima \u012fsigyti internetu. Diazepamas yra vaistas, vartojamas nerimui, alkoholio nutraukimo simptomams ar raumen\u0173 m\u0117\u0161lungiui gydyti.<\/p>\n<p>10 mg diazepamo doz\u0119 galima \u012fsigyti JK. Diazepamo (Valium 10 mg) galima \u012fsigyti adresu bestsleepingtablets.com. Turime daug Diazepamo table\u010di\u0173 sand\u0117lyje!<\/p>\n<p>Diazepam\u0105 (Generic Valium) ir kitus&#8230; galima palyginti, galima gauti spausdintus kuponus ir rasti pinig\u0173 taupymo strategij\u0173. Galite pateikti u\u017esakym\u0105 internetu ir pristatyti j\u012f \u012f namus.<\/p>\n<div class=\"product-next-previous\">\n<div class=\"product-prev\"><\/div><\/div>\n","protected":false},"excerpt":{"rendered":"<p>Pirkite Diazepamo 10 mg pardavimui internetu JK, Europoje geriausia kaina \u010dia. Legali\u0173 vaist\u0173 galima \u012fsigyti bestglobalmeds.com, patikimoje internetin\u0117je vaistin\u0117je. Galite sutaupyti laiko ir pinig\u0173 pateik\u0119 u\u017esakym\u0105 internetu.<\/p>\n<p>Dextripam 10mg tabletes galima \u012fsigyti internetu. Diazepamas yra vaistas, vartojamas nerimui, alkoholio nutraukimo simptomams ar raumen\u0173 m\u0117\u0161lungiui gydyti.<\/p>\n<p>10 mg diazepamo doz\u0119 galima \u012fsigyti JK. Diazepamo (Valium 10 mg) galima \u012fsigyti adresu bestsleepingtablets.com. Turime daug Diazepamo table\u010di\u0173 sand\u0117lyje!<\/p>\n<p>Diazepamas (bendrasis Valium) ir kt.&#8230; galima palyginti, galima gauti atspausdintus kuponus, galima rasti pinig\u0173 taupymo strategij\u0173. Galite pateikti u\u017esakym\u0105 internetu ir pristatyti j\u012f iki j\u016bs\u0173 dur\u0173.<\/p>\n","protected":false},"featured_media":5170,"comment_status":"open","ping_status":"closed","template":"","meta":[],"product_brand":[],"product_cat":[1117],"product_tag":[],"class_list":{"0":"post-5151","1":"product","2":"type-product","3":"status-publish","4":"has-post-thumbnail","6":"product_cat-pirkite-skausmo-miego-ir-sekso-tabletes","8":"first","9":"instock","10":"shipping-taxable","11":"purchasable","12":"product-type-variable","13":"has-default-attributes"},"yoast_head":"<!-- This site is optimized with the Yoast SEO plugin v27.3 - https:\/\/yoast.com\/product\/yoast-seo-wordpress\/ -->\n<title>Pirkite Diazepam\u0105 10 mg \u2013 geriausius pasaulinius vaistus<\/title>\n<meta name=\"description\" content=\"Pirkite Diazepam 10 mg parduoti JK, Europoje internetu u\u017e geriausi\u0105 kain\u0105. bestglobalmeds.com yra patikima internetin\u0117 vaistin\u0117 su legaliais vaistais. U\u017esisakykite internetu ir saugokite savo laik\u0105 bei pinigus.\" \/>\n<meta name=\"robots\" content=\"index, follow, max-snippet:-1, max-image-preview:large, max-video-preview:-1\" \/>\n<link rel=\"canonical\" href=\"https:\/\/medicinasinc.com\/lt\/product\/pirkti-diazepamas-10-mg\/\" \/>\n<meta property=\"og:locale\" content=\"en_US\" \/>\n<meta property=\"og:type\" content=\"article\" \/>\n<meta property=\"og:title\" content=\"Pirkite Diazepam\u0105 10 mg \u2013 geriausius pasaulinius vaistus\" \/>\n<meta property=\"og:description\" content=\"Pirkite Diazepam 10 mg parduoti JK, Europoje internetu u\u017e geriausi\u0105 kain\u0105. bestglobalmeds.com yra patikima internetin\u0117 vaistin\u0117 su legaliais vaistais. U\u017esisakykite internetu ir saugokite savo laik\u0105 bei pinigus.\" \/>\n<meta property=\"og:url\" content=\"https:\/\/medicinasinc.com\/lt\/product\/pirkti-diazepamas-10-mg\/\" \/>\n<meta property=\"og:site_name\" content=\"Medicinas Inc\" \/>\n<meta property=\"article:modified_time\" content=\"2022-03-20T12:23:41+00:00\" \/>\n<meta property=\"og:image\" content=\"https:\/\/medicinasinc.com\/lt\/wp-content\/uploads\/sites\/9\/2022\/02\/Buy-Diazepam-10-mg.jpg\" \/>\n\t<meta property=\"og:image:width\" content=\"400\" \/>\n\t<meta property=\"og:image:height\" content=\"400\" \/>\n\t<meta property=\"og:image:type\" content=\"image\/jpeg\" \/>\n<meta name=\"twitter:card\" content=\"summary_large_image\" \/>\n<meta name=\"twitter:label1\" content=\"Est. reading time\" \/>\n\t<meta name=\"twitter:data1\" content=\"1 minute\" \/>\n<script type=\"application\/ld+json\" class=\"yoast-schema-graph\">{\"@context\":\"https:\\\/\\\/schema.org\",\"@graph\":[{\"@type\":\"WebPage\",\"@id\":\"https:\\\/\\\/medicinasinc.com\\\/lt\\\/product\\\/pirkti-diazepamas-10-mg\\\/\",\"url\":\"https:\\\/\\\/medicinasinc.com\\\/lt\\\/product\\\/pirkti-diazepamas-10-mg\\\/\",\"name\":\"Pirkite Diazepam\u0105 10 mg \u2013 geriausius pasaulinius vaistus\",\"isPartOf\":{\"@id\":\"https:\\\/\\\/medicinasinc.com\\\/lt\\\/#website\"},\"primaryImageOfPage\":{\"@id\":\"https:\\\/\\\/medicinasinc.com\\\/lt\\\/product\\\/pirkti-diazepamas-10-mg\\\/#primaryimage\"},\"image\":{\"@id\":\"https:\\\/\\\/medicinasinc.com\\\/lt\\\/product\\\/pirkti-diazepamas-10-mg\\\/#primaryimage\"},\"thumbnailUrl\":\"https:\\\/\\\/medicinasinc.com\\\/lt\\\/wp-content\\\/uploads\\\/sites\\\/9\\\/2022\\\/02\\\/Buy-Diazepam-10-mg.jpg\",\"datePublished\":\"2022-02-20T21:07:35+00:00\",\"dateModified\":\"2022-03-20T12:23:41+00:00\",\"description\":\"Pirkite Diazepam 10 mg parduoti JK, Europoje internetu u\u017e geriausi\u0105 kain\u0105. bestglobalmeds.com yra patikima internetin\u0117 vaistin\u0117 su legaliais vaistais. U\u017esisakykite internetu ir saugokite savo laik\u0105 bei pinigus.\",\"breadcrumb\":{\"@id\":\"https:\\\/\\\/medicinasinc.com\\\/lt\\\/product\\\/pirkti-diazepamas-10-mg\\\/#breadcrumb\"},\"inLanguage\":\"en-US\",\"potentialAction\":[{\"@type\":\"ReadAction\",\"target\":[\"https:\\\/\\\/medicinasinc.com\\\/lt\\\/product\\\/pirkti-diazepamas-10-mg\\\/\"]}]},{\"@type\":\"ImageObject\",\"inLanguage\":\"en-US\",\"@id\":\"https:\\\/\\\/medicinasinc.com\\\/lt\\\/product\\\/pirkti-diazepamas-10-mg\\\/#primaryimage\",\"url\":\"https:\\\/\\\/medicinasinc.com\\\/lt\\\/wp-content\\\/uploads\\\/sites\\\/9\\\/2022\\\/02\\\/Buy-Diazepam-10-mg.jpg\",\"contentUrl\":\"https:\\\/\\\/medicinasinc.com\\\/lt\\\/wp-content\\\/uploads\\\/sites\\\/9\\\/2022\\\/02\\\/Buy-Diazepam-10-mg.jpg\",\"width\":400,\"height\":400},{\"@type\":\"BreadcrumbList\",\"@id\":\"https:\\\/\\\/medicinasinc.com\\\/lt\\\/product\\\/pirkti-diazepamas-10-mg\\\/#breadcrumb\",\"itemListElement\":[{\"@type\":\"ListItem\",\"position\":1,\"name\":\"Parduotuv\u0117\",\"item\":\"https:\\\/\\\/medicinasinc.com\\\/lt\\\/parduotuve\\\/\"},{\"@type\":\"ListItem\",\"position\":2,\"name\":\"Pirkite 10 mg Diazepamo\"}]},{\"@type\":\"WebSite\",\"@id\":\"https:\\\/\\\/medicinasinc.com\\\/lt\\\/#website\",\"url\":\"https:\\\/\\\/medicinasinc.com\\\/lt\\\/\",\"name\":\"Medicinas Inc\",\"description\":\"Sveikatos medicinos klinika\",\"potentialAction\":[{\"@type\":\"SearchAction\",\"target\":{\"@type\":\"EntryPoint\",\"urlTemplate\":\"https:\\\/\\\/medicinasinc.com\\\/lt\\\/?s={search_term_string}\"},\"query-input\":{\"@type\":\"PropertyValueSpecification\",\"valueRequired\":true,\"valueName\":\"search_term_string\"}}],\"inLanguage\":\"en-US\"}]}<\/script>\n<!-- \/ Yoast SEO plugin. -->","yoast_head_json":{"title":"Pirkite Diazepam\u0105 10 mg \u2013 geriausius pasaulinius vaistus","description":"Pirkite Diazepam 10 mg parduoti JK, Europoje internetu u\u017e geriausi\u0105 kain\u0105. bestglobalmeds.com yra patikima internetin\u0117 vaistin\u0117 su legaliais vaistais. U\u017esisakykite internetu ir saugokite savo laik\u0105 bei pinigus.","robots":{"index":"index","follow":"follow","max-snippet":"max-snippet:-1","max-image-preview":"max-image-preview:large","max-video-preview":"max-video-preview:-1"},"canonical":"https:\/\/medicinasinc.com\/lt\/product\/pirkti-diazepamas-10-mg\/","og_locale":"en_US","og_type":"article","og_title":"Pirkite Diazepam\u0105 10 mg \u2013 geriausius pasaulinius vaistus","og_description":"Pirkite Diazepam 10 mg parduoti JK, Europoje internetu u\u017e geriausi\u0105 kain\u0105. bestglobalmeds.com yra patikima internetin\u0117 vaistin\u0117 su legaliais vaistais. U\u017esisakykite internetu ir saugokite savo laik\u0105 bei pinigus.","og_url":"https:\/\/medicinasinc.com\/lt\/product\/pirkti-diazepamas-10-mg\/","og_site_name":"Medicinas Inc","article_modified_time":"2022-03-20T12:23:41+00:00","og_image":[{"width":400,"height":400,"url":"https:\/\/medicinasinc.com\/lt\/wp-content\/uploads\/sites\/9\/2022\/02\/Buy-Diazepam-10-mg.jpg","type":"image\/jpeg"}],"twitter_card":"summary_large_image","twitter_misc":{"Est. reading time":"1 minute"},"schema":{"@context":"https:\/\/schema.org","@graph":[{"@type":"WebPage","@id":"https:\/\/medicinasinc.com\/lt\/product\/pirkti-diazepamas-10-mg\/","url":"https:\/\/medicinasinc.com\/lt\/product\/pirkti-diazepamas-10-mg\/","name":"Pirkite Diazepam\u0105 10 mg \u2013 geriausius pasaulinius vaistus","isPartOf":{"@id":"https:\/\/medicinasinc.com\/lt\/#website"},"primaryImageOfPage":{"@id":"https:\/\/medicinasinc.com\/lt\/product\/pirkti-diazepamas-10-mg\/#primaryimage"},"image":{"@id":"https:\/\/medicinasinc.com\/lt\/product\/pirkti-diazepamas-10-mg\/#primaryimage"},"thumbnailUrl":"https:\/\/medicinasinc.com\/lt\/wp-content\/uploads\/sites\/9\/2022\/02\/Buy-Diazepam-10-mg.jpg","datePublished":"2022-02-20T21:07:35+00:00","dateModified":"2022-03-20T12:23:41+00:00","description":"Pirkite Diazepam 10 mg parduoti JK, Europoje internetu u\u017e geriausi\u0105 kain\u0105. bestglobalmeds.com yra patikima internetin\u0117 vaistin\u0117 su legaliais vaistais. U\u017esisakykite internetu ir saugokite savo laik\u0105 bei pinigus.","breadcrumb":{"@id":"https:\/\/medicinasinc.com\/lt\/product\/pirkti-diazepamas-10-mg\/#breadcrumb"},"inLanguage":"en-US","potentialAction":[{"@type":"ReadAction","target":["https:\/\/medicinasinc.com\/lt\/product\/pirkti-diazepamas-10-mg\/"]}]},{"@type":"ImageObject","inLanguage":"en-US","@id":"https:\/\/medicinasinc.com\/lt\/product\/pirkti-diazepamas-10-mg\/#primaryimage","url":"https:\/\/medicinasinc.com\/lt\/wp-content\/uploads\/sites\/9\/2022\/02\/Buy-Diazepam-10-mg.jpg","contentUrl":"https:\/\/medicinasinc.com\/lt\/wp-content\/uploads\/sites\/9\/2022\/02\/Buy-Diazepam-10-mg.jpg","width":400,"height":400},{"@type":"BreadcrumbList","@id":"https:\/\/medicinasinc.com\/lt\/product\/pirkti-diazepamas-10-mg\/#breadcrumb","itemListElement":[{"@type":"ListItem","position":1,"name":"Parduotuv\u0117","item":"https:\/\/medicinasinc.com\/lt\/parduotuve\/"},{"@type":"ListItem","position":2,"name":"Pirkite 10 mg Diazepamo"}]},{"@type":"WebSite","@id":"https:\/\/medicinasinc.com\/lt\/#website","url":"https:\/\/medicinasinc.com\/lt\/","name":"Medicinas Inc","description":"Sveikatos medicinos klinika","potentialAction":[{"@type":"SearchAction","target":{"@type":"EntryPoint","urlTemplate":"https:\/\/medicinasinc.com\/lt\/?s={search_term_string}"},"query-input":{"@type":"PropertyValueSpecification","valueRequired":true,"valueName":"search_term_string"}}],"inLanguage":"en-US"}]}},"_links":{"self":[{"href":"https:\/\/medicinasinc.com\/lt\/wp-json\/wp\/v2\/product\/5151","targetHints":{"allow":["GET"]}}],"collection":[{"href":"https:\/\/medicinasinc.com\/lt\/wp-json\/wp\/v2\/product"}],"about":[{"href":"https:\/\/medicinasinc.com\/lt\/wp-json\/wp\/v2\/types\/product"}],"replies":[{"embeddable":true,"href":"https:\/\/medicinasinc.com\/lt\/wp-json\/wp\/v2\/comments?post=5151"}],"wp:featuredmedia":[{"embeddable":true,"href":"https:\/\/medicinasinc.com\/lt\/wp-json\/wp\/v2\/media\/5170"}],"wp:attachment":[{"href":"https:\/\/medicinasinc.com\/lt\/wp-json\/wp\/v2\/media?parent=5151"}],"wp:term":[{"taxonomy":"product_brand","embeddable":true,"href":"https:\/\/medicinasinc.com\/lt\/wp-json\/wp\/v2\/product_brand?post=5151"},{"taxonomy":"product_cat","embeddable":true,"href":"https:\/\/medicinasinc.com\/lt\/wp-json\/wp\/v2\/product_cat?post=5151"},{"taxonomy":"product_tag","embeddable":true,"href":"https:\/\/medicinasinc.com\/lt\/wp-json\/wp\/v2\/product_tag?post=5151"}],"curies":[{"name":"wp","href":"https:\/\/api.w.org\/{rel}","templated":true}]}}