{"id":5149,"date":"2022-02-20T21:05:49","date_gmt":"2022-02-20T21:05:49","guid":{"rendered":"https:\/\/medicinasinc.com\/lt\/?post_type=product&#038;p=5149"},"modified":"2022-03-20T12:24:00","modified_gmt":"2022-03-20T12:24:00","slug":"pirkti-kodeino-sulfatas-30-mg","status":"publish","type":"product","link":"https:\/\/medicinasinc.com\/lt\/product\/pirkti-kodeino-sulfatas-30-mg\/","title":{"rendered":"Pirkite kodeino sulfat\u0105 30 mg"},"content":{"rendered":"<p>30 mg kodeino fosfato pirkimas internetu<\/p>\n<p>kodeinas\u00a0(fosfatas)\u00a030 mg\u00a0tablet\u0117s \/ tablet\u0117s:<\/p>\n<p>Kodeinas\u00a0(fosfatas) gydo skausm\u0105 arba kosul\u012f. Kosul\u012f ir skausm\u0105 mal\u0161inantis vaistas yra narkotinis skausm\u0105 mal\u0161inantis vaistas.<\/p>\n<p>Galite nusipirkti 30 mg kodeino fosfato internete ir per nakt\u012f pristatyti j\u012f \u012f namus per FedEx, be recepto, kaip kol b\u016bsite JAV.<\/p>\n<p>30 mg kodeino fosfato galima \u012fsigyti internetu, tod\u0117l visi pirkiniai pristatomi greitai, saugiai ir lengvai. Dabar pats laikas pirkti kodeino fosfat\u0105 internetu.<\/p>\n<p>Kodeino fosfato tablet\u0117s (30 mg). Kodeinas yra galingas analgetikas, kur\u012f galima \u012fsigyti tik pateikus gydytojo recept\u0105. Stiprus opiatas ir narkotikas, kuris gerai veikia. U\u017esisakykite\u00a0..<\/p>\n<p>raminam\u0173j\u0173 vaist\u0173, parduodam\u0173 be recepto \u0160iuo metu rinkoje. Kodeinas yra skausm\u0105 mal\u0161inantis vaistas, kuris gali b\u016bti naudojamas vidutinio sunkumo ar sunkiam diskomfortui gydyti arba jo i\u0161vengti. Jis taip pat gali b\u016bti naudojamas \u012fvairioms ligoms gydyti. Kodein\u0105 galima \u012fsigyti be recepto u\u017e labai priimtin\u0105 kain\u0105 internete.<\/p>\n","protected":false},"excerpt":{"rendered":"<p>Kodeinas\u00a0(fosfatas)\u00a030 mg\u00a0tablet\u0117s \/ tablet\u0117s: kodeinas (fosfatas) naudojamas kosuliui ir skausmui mal\u0161inti. Kosul\u012f ir skausm\u0105 mal\u0161inantis vaistas yra narkotinis skausm\u0105 mal\u0161inantis vaistas.<\/p>\n<p>Kodeino fosfato\u00a030 mg galite nusipirkti internete ir per nakt\u012f pristatyti j\u012f \u012f namus per FedEx, be recepto, nes kol b\u016bsite JAV.<\/p>\n<p>30 mg kodeino fosfato galima \u012fsigyti internetu, o vis\u0173 pirkini\u0173 pristatymas yra greitas, saugus ir atsekamas. Dabar pats laikas pirkti kodeino fosfat\u0105 internetu.<\/p>\n<p>Kodeino fosfato tablet\u0117s (30 mg). Kodeinas yra galingas analgetikas, kur\u012f galima \u012fsigyti tik pagal gydytojo recept\u0105. Stiprus opiatas ir narkotikas, kuris gerai veikia. U\u017esisakykite\u00a0..<\/p>\n<p>raminam\u0173j\u0173 vaist\u0173, parduodam\u0173 be recepto \u0160iuo metu rinkoje. Kodeinas yra skausm\u0105 mal\u0161inantis vaistas, kuris gali b\u016bti naudojamas vidutinio sunkumo ar sunkiam diskomfortui gydyti arba jo i\u0161vengti. Jis taip pat gali b\u016bti naudojamas \u012fvairioms ligoms gydyti. Kodein\u0105 galima \u012fsigyti be recepto u\u017e labai priimtin\u0105 kain\u0105 internete.<\/p>\n","protected":false},"featured_media":5166,"comment_status":"open","ping_status":"closed","template":"","meta":[],"product_brand":[],"product_cat":[1117],"product_tag":[],"class_list":{"0":"post-5149","1":"product","2":"type-product","3":"status-publish","4":"has-post-thumbnail","6":"product_cat-pirkite-skausmo-miego-ir-sekso-tabletes","8":"first","9":"instock","10":"shipping-taxable","11":"purchasable","12":"product-type-variable","13":"has-default-attributes"},"yoast_head":"<!-- This site is optimized with the Yoast SEO plugin v27.3 - https:\/\/yoast.com\/product\/yoast-seo-wordpress\/ -->\n<title>Pirkite 30 mg kodeino sulfato \u2013 geriausius pasaulinius vaistus<\/title>\n<meta name=\"description\" content=\"Pirkite 30 mg kodeino sulfato\u00a0internetu, pristatymas per nakt\u012f, firminiai vaistai, pristatymas per FedEx, DPD Nereikalaujama recept\u0173, pristatymas JAV, JK, Europoje.\" \/>\n<meta name=\"robots\" content=\"index, follow, max-snippet:-1, max-image-preview:large, max-video-preview:-1\" \/>\n<link rel=\"canonical\" href=\"https:\/\/medicinasinc.com\/lt\/product\/pirkti-kodeino-sulfatas-30-mg\/\" \/>\n<meta property=\"og:locale\" content=\"en_US\" \/>\n<meta property=\"og:type\" content=\"article\" \/>\n<meta property=\"og:title\" content=\"Pirkite 30 mg kodeino sulfato \u2013 geriausius pasaulinius vaistus\" \/>\n<meta property=\"og:description\" content=\"Pirkite 30 mg kodeino sulfato\u00a0internetu, pristatymas per nakt\u012f, firminiai vaistai, pristatymas per FedEx, DPD Nereikalaujama recept\u0173, pristatymas JAV, JK, Europoje.\" \/>\n<meta property=\"og:url\" content=\"https:\/\/medicinasinc.com\/lt\/product\/pirkti-kodeino-sulfatas-30-mg\/\" \/>\n<meta property=\"og:site_name\" content=\"Medicinas Inc\" \/>\n<meta property=\"article:modified_time\" content=\"2022-03-20T12:24:00+00:00\" \/>\n<meta property=\"og:image\" content=\"https:\/\/medicinasinc.com\/lt\/wp-content\/uploads\/sites\/9\/2022\/02\/buy-codeine-sulfate-30mg-online.jpg\" \/>\n\t<meta property=\"og:image:width\" content=\"600\" \/>\n\t<meta property=\"og:image:height\" content=\"600\" \/>\n\t<meta property=\"og:image:type\" content=\"image\/jpeg\" \/>\n<meta name=\"twitter:card\" content=\"summary_large_image\" \/>\n<meta name=\"twitter:label1\" content=\"Est. reading time\" \/>\n\t<meta name=\"twitter:data1\" content=\"1 minute\" \/>\n<script type=\"application\/ld+json\" class=\"yoast-schema-graph\">{\"@context\":\"https:\\\/\\\/schema.org\",\"@graph\":[{\"@type\":\"WebPage\",\"@id\":\"https:\\\/\\\/medicinasinc.com\\\/lt\\\/product\\\/pirkti-kodeino-sulfatas-30-mg\\\/\",\"url\":\"https:\\\/\\\/medicinasinc.com\\\/lt\\\/product\\\/pirkti-kodeino-sulfatas-30-mg\\\/\",\"name\":\"Pirkite 30 mg kodeino sulfato \u2013 geriausius pasaulinius vaistus\",\"isPartOf\":{\"@id\":\"https:\\\/\\\/medicinasinc.com\\\/lt\\\/#website\"},\"primaryImageOfPage\":{\"@id\":\"https:\\\/\\\/medicinasinc.com\\\/lt\\\/product\\\/pirkti-kodeino-sulfatas-30-mg\\\/#primaryimage\"},\"image\":{\"@id\":\"https:\\\/\\\/medicinasinc.com\\\/lt\\\/product\\\/pirkti-kodeino-sulfatas-30-mg\\\/#primaryimage\"},\"thumbnailUrl\":\"https:\\\/\\\/medicinasinc.com\\\/lt\\\/wp-content\\\/uploads\\\/sites\\\/9\\\/2022\\\/02\\\/buy-codeine-sulfate-30mg-online.jpg\",\"datePublished\":\"2022-02-20T21:05:49+00:00\",\"dateModified\":\"2022-03-20T12:24:00+00:00\",\"description\":\"Pirkite 30 mg kodeino sulfato\u00a0internetu, pristatymas per nakt\u012f, firminiai vaistai, pristatymas per FedEx, DPD Nereikalaujama recept\u0173, pristatymas JAV, JK, Europoje.\",\"breadcrumb\":{\"@id\":\"https:\\\/\\\/medicinasinc.com\\\/lt\\\/product\\\/pirkti-kodeino-sulfatas-30-mg\\\/#breadcrumb\"},\"inLanguage\":\"en-US\",\"potentialAction\":[{\"@type\":\"ReadAction\",\"target\":[\"https:\\\/\\\/medicinasinc.com\\\/lt\\\/product\\\/pirkti-kodeino-sulfatas-30-mg\\\/\"]}]},{\"@type\":\"ImageObject\",\"inLanguage\":\"en-US\",\"@id\":\"https:\\\/\\\/medicinasinc.com\\\/lt\\\/product\\\/pirkti-kodeino-sulfatas-30-mg\\\/#primaryimage\",\"url\":\"https:\\\/\\\/medicinasinc.com\\\/lt\\\/wp-content\\\/uploads\\\/sites\\\/9\\\/2022\\\/02\\\/buy-codeine-sulfate-30mg-online.jpg\",\"contentUrl\":\"https:\\\/\\\/medicinasinc.com\\\/lt\\\/wp-content\\\/uploads\\\/sites\\\/9\\\/2022\\\/02\\\/buy-codeine-sulfate-30mg-online.jpg\",\"width\":600,\"height\":600},{\"@type\":\"BreadcrumbList\",\"@id\":\"https:\\\/\\\/medicinasinc.com\\\/lt\\\/product\\\/pirkti-kodeino-sulfatas-30-mg\\\/#breadcrumb\",\"itemListElement\":[{\"@type\":\"ListItem\",\"position\":1,\"name\":\"Parduotuv\u0117\",\"item\":\"https:\\\/\\\/medicinasinc.com\\\/lt\\\/parduotuve\\\/\"},{\"@type\":\"ListItem\",\"position\":2,\"name\":\"Pirkite kodeino sulfat\u0105 30 mg\"}]},{\"@type\":\"WebSite\",\"@id\":\"https:\\\/\\\/medicinasinc.com\\\/lt\\\/#website\",\"url\":\"https:\\\/\\\/medicinasinc.com\\\/lt\\\/\",\"name\":\"Medicinas Inc\",\"description\":\"Sveikatos medicinos klinika\",\"potentialAction\":[{\"@type\":\"SearchAction\",\"target\":{\"@type\":\"EntryPoint\",\"urlTemplate\":\"https:\\\/\\\/medicinasinc.com\\\/lt\\\/?s={search_term_string}\"},\"query-input\":{\"@type\":\"PropertyValueSpecification\",\"valueRequired\":true,\"valueName\":\"search_term_string\"}}],\"inLanguage\":\"en-US\"}]}<\/script>\n<!-- \/ Yoast SEO plugin. -->","yoast_head_json":{"title":"Pirkite 30 mg kodeino sulfato \u2013 geriausius pasaulinius vaistus","description":"Pirkite 30 mg kodeino sulfato\u00a0internetu, pristatymas per nakt\u012f, firminiai vaistai, pristatymas per FedEx, DPD Nereikalaujama recept\u0173, pristatymas JAV, JK, Europoje.","robots":{"index":"index","follow":"follow","max-snippet":"max-snippet:-1","max-image-preview":"max-image-preview:large","max-video-preview":"max-video-preview:-1"},"canonical":"https:\/\/medicinasinc.com\/lt\/product\/pirkti-kodeino-sulfatas-30-mg\/","og_locale":"en_US","og_type":"article","og_title":"Pirkite 30 mg kodeino sulfato \u2013 geriausius pasaulinius vaistus","og_description":"Pirkite 30 mg kodeino sulfato\u00a0internetu, pristatymas per nakt\u012f, firminiai vaistai, pristatymas per FedEx, DPD Nereikalaujama recept\u0173, pristatymas JAV, JK, Europoje.","og_url":"https:\/\/medicinasinc.com\/lt\/product\/pirkti-kodeino-sulfatas-30-mg\/","og_site_name":"Medicinas Inc","article_modified_time":"2022-03-20T12:24:00+00:00","og_image":[{"width":600,"height":600,"url":"https:\/\/medicinasinc.com\/lt\/wp-content\/uploads\/sites\/9\/2022\/02\/buy-codeine-sulfate-30mg-online.jpg","type":"image\/jpeg"}],"twitter_card":"summary_large_image","twitter_misc":{"Est. reading time":"1 minute"},"schema":{"@context":"https:\/\/schema.org","@graph":[{"@type":"WebPage","@id":"https:\/\/medicinasinc.com\/lt\/product\/pirkti-kodeino-sulfatas-30-mg\/","url":"https:\/\/medicinasinc.com\/lt\/product\/pirkti-kodeino-sulfatas-30-mg\/","name":"Pirkite 30 mg kodeino sulfato \u2013 geriausius pasaulinius vaistus","isPartOf":{"@id":"https:\/\/medicinasinc.com\/lt\/#website"},"primaryImageOfPage":{"@id":"https:\/\/medicinasinc.com\/lt\/product\/pirkti-kodeino-sulfatas-30-mg\/#primaryimage"},"image":{"@id":"https:\/\/medicinasinc.com\/lt\/product\/pirkti-kodeino-sulfatas-30-mg\/#primaryimage"},"thumbnailUrl":"https:\/\/medicinasinc.com\/lt\/wp-content\/uploads\/sites\/9\/2022\/02\/buy-codeine-sulfate-30mg-online.jpg","datePublished":"2022-02-20T21:05:49+00:00","dateModified":"2022-03-20T12:24:00+00:00","description":"Pirkite 30 mg kodeino sulfato\u00a0internetu, pristatymas per nakt\u012f, firminiai vaistai, pristatymas per FedEx, DPD Nereikalaujama recept\u0173, pristatymas JAV, JK, Europoje.","breadcrumb":{"@id":"https:\/\/medicinasinc.com\/lt\/product\/pirkti-kodeino-sulfatas-30-mg\/#breadcrumb"},"inLanguage":"en-US","potentialAction":[{"@type":"ReadAction","target":["https:\/\/medicinasinc.com\/lt\/product\/pirkti-kodeino-sulfatas-30-mg\/"]}]},{"@type":"ImageObject","inLanguage":"en-US","@id":"https:\/\/medicinasinc.com\/lt\/product\/pirkti-kodeino-sulfatas-30-mg\/#primaryimage","url":"https:\/\/medicinasinc.com\/lt\/wp-content\/uploads\/sites\/9\/2022\/02\/buy-codeine-sulfate-30mg-online.jpg","contentUrl":"https:\/\/medicinasinc.com\/lt\/wp-content\/uploads\/sites\/9\/2022\/02\/buy-codeine-sulfate-30mg-online.jpg","width":600,"height":600},{"@type":"BreadcrumbList","@id":"https:\/\/medicinasinc.com\/lt\/product\/pirkti-kodeino-sulfatas-30-mg\/#breadcrumb","itemListElement":[{"@type":"ListItem","position":1,"name":"Parduotuv\u0117","item":"https:\/\/medicinasinc.com\/lt\/parduotuve\/"},{"@type":"ListItem","position":2,"name":"Pirkite kodeino sulfat\u0105 30 mg"}]},{"@type":"WebSite","@id":"https:\/\/medicinasinc.com\/lt\/#website","url":"https:\/\/medicinasinc.com\/lt\/","name":"Medicinas Inc","description":"Sveikatos medicinos klinika","potentialAction":[{"@type":"SearchAction","target":{"@type":"EntryPoint","urlTemplate":"https:\/\/medicinasinc.com\/lt\/?s={search_term_string}"},"query-input":{"@type":"PropertyValueSpecification","valueRequired":true,"valueName":"search_term_string"}}],"inLanguage":"en-US"}]}},"_links":{"self":[{"href":"https:\/\/medicinasinc.com\/lt\/wp-json\/wp\/v2\/product\/5149","targetHints":{"allow":["GET"]}}],"collection":[{"href":"https:\/\/medicinasinc.com\/lt\/wp-json\/wp\/v2\/product"}],"about":[{"href":"https:\/\/medicinasinc.com\/lt\/wp-json\/wp\/v2\/types\/product"}],"replies":[{"embeddable":true,"href":"https:\/\/medicinasinc.com\/lt\/wp-json\/wp\/v2\/comments?post=5149"}],"wp:featuredmedia":[{"embeddable":true,"href":"https:\/\/medicinasinc.com\/lt\/wp-json\/wp\/v2\/media\/5166"}],"wp:attachment":[{"href":"https:\/\/medicinasinc.com\/lt\/wp-json\/wp\/v2\/media?parent=5149"}],"wp:term":[{"taxonomy":"product_brand","embeddable":true,"href":"https:\/\/medicinasinc.com\/lt\/wp-json\/wp\/v2\/product_brand?post=5149"},{"taxonomy":"product_cat","embeddable":true,"href":"https:\/\/medicinasinc.com\/lt\/wp-json\/wp\/v2\/product_cat?post=5149"},{"taxonomy":"product_tag","embeddable":true,"href":"https:\/\/medicinasinc.com\/lt\/wp-json\/wp\/v2\/product_tag?post=5149"}],"curies":[{"name":"wp","href":"https:\/\/api.w.org\/{rel}","templated":true}]}}