{"id":5148,"date":"2022-02-20T21:04:44","date_gmt":"2022-02-20T21:04:44","guid":{"rendered":"https:\/\/medicinasinc.com\/lt\/?post_type=product&#038;p=5148"},"modified":"2022-03-20T12:24:08","modified_gmt":"2022-03-20T12:24:08","slug":"pirkti-bunex-0-2mg-buprenorfinas","status":"publish","type":"product","link":"https:\/\/medicinasinc.com\/lt\/product\/pirkti-bunex-0-2mg-buprenorfinas\/","title":{"rendered":"Pirkite Bunex 0,2 mg (buprenorfinas)"},"content":{"rendered":"<p>Bunex Buprenorphine tabletes galima \u012fsigyti internetu.<\/p>\n<p>Kur galiu gauti buprenorfino? Kur gal\u0117\u010diau \u012fsigyti buprenorfino be recepto?<\/p>\n<p>Tai pusiau sintetinis skausm\u0105 mal\u0161inantis vaistas, sukurtas i\u0161 nat\u016braliai susidaran\u010di\u0173 opiumo aguon\u0173 chemini\u0173 jungini\u0173. Opijaus aguonos yra chemin\u0117s med\u017eiagos tebaino, naudojamo buprenorfinui gaminti, \u0161altinis. Kadangi buprenorfinas yra pusiau sintetinis, jis yra sintetinis opioidas. Visi vaistai, pagaminti i\u0161 opijaus aguon\u0173, medicinos bendruomen\u0117je vadinami opioidais. Opioidai yra vieni i\u0161 veiksmingiausi\u0173 skausm\u0105 mal\u0161inan\u010di\u0173 vaist\u0173, kuri\u0173 poveikis gerokai vir\u0161ija daugelio kit\u0173 vaist\u0173 poveik\u012f.<\/p>\n<p>Kokia prasme veikia vaistas buprenorfinas? Kur \u012fsigyti buprenorfino<\/p>\n<p>Pasig\u0117r\u0119s \u012f krauj\u0105, buprenorfinas veikia nerv\u0173 sistem\u0105. Tai atsitinka, kai buprenorfinas patenka \u012f smegenis, kur blokuoja skausm\u0105 perduodan\u010dias nerv\u0173 gal\u016bnes. Buprenorfinas nepa\u0161alina pagrindin\u0117s paciento diskomforto prie\u017easties; veikiau suma\u017eina j\u0173 suvokim\u0105 apie tai ir leid\u017eia jiems atsipalaiduoti.<\/p>\n<p>\u017dmon\u0117ms reguliariai skiriamas buprenorfinas. Skausmas d\u0117l raumen\u0173 spazm\u0173 yra da\u017eniausia buprenorfino vartojimo prie\u017eastis. Jei kada nors pajusite spazm\u0105, apsvarstykite galimyb\u0119 \u012fsigyti buprenorfin\u0105, kad su\u017einotum\u0117te, ar jis gali pad\u0117ti susidoroti su diskomfortu.<br \/> Pacientams, kuriems buvo atlikta operacija arba kurie susiduria su l\u016b\u017eiais, paprastai gydytojai skiria buprenorfino. Buprenorfinas padeda \u0161iems asmenims valdyti savo skausmus, kol jie nepagyja nuo diskomforto \u0161altinio.<\/p>\n<p>Kokia prasme veikia vaistas buprenorfinas? Kur \u012fsigyti buprenorfino<\/p>\n<p>Asmens diskomforto lygis ir psichin\u0117 j\u0117ga daro didel\u0119 \u012ftak\u0105 buprenorfino dozei. Paprastai pirmiausia reikia i\u0161bandyti ma\u017e\u0105 8 mg doz\u0119, o jei ji nepadeda, reikia i\u0161bandyti didesn\u0119 16 mg doz\u0119. Buprenorfino doz\u0119 galima padidinti iki 24 mg, net jei 16 mg neveiksminga. Apskritai, jei planuojate pirkti buprenorfin\u0105 internetu be recepto, nevir\u0161ykite \u0161ios rekomenduojamos doz\u0117s.<\/p>\n<p>Kokia prasme veikia vaistas Buprenorfinas? Kur \u012fsigyti buprenorfino<\/p>\n<p>N\u0117\u0161\u010dioms moterims buprenorfinas n\u0117ra tinkamas gydymas, nes jis turi didel\u012f poveik\u012f moter\u0173 reprodukcinei sistemai. Buprenorfino vartojimas gali b\u016bti pavojingas kai kuriems opioidams jautriems \u017emon\u0117ms. D\u0117l buprenorfino vartojimo pavojaus v\u0117\u017eiu sergantiems pacientams, prie\u0161 pirkdami buprenorfin\u0105 internetu, jie tur\u0117t\u0173 pasitarti su gydytoju.<\/p>\n<p>Be mieguistumo, tinginyst\u0117s, galvos svaigimo, galvos skausmo ir pykinimo, buprenorfinas gali sukelti \u012fvairi\u0173 kit\u0173 nepageidaujam\u0173 poveiki\u0173. . Be to, kai kuriems \u017emon\u0117ms gali pakisti lyt\u0117jimo jausmas, tod\u0117l jie tur\u0117t\u0173 kreiptis \u012f gydytoj\u0105.<\/p>\n<p>Buprenorfino poveikis<br \/> Buprenorfino naudojimas<br \/> Nepageidaujamos reakcijos Buprenorfino priklausomyb\u0117s nuo buprenorfino simptomai<\/p>\n","protected":false},"excerpt":{"rendered":"<p>Pirkite Bunex 0,2 mg (buprenorfin\u0105) pardavimui JK, ES internetu i\u0161 Bestglobalmeds.com.com vaistin\u0117s pigiai ir prieinamomis kainomis su saugiu ir greitu pristatymu<\/p>\n<p>Pirkite Bunex 0,2 mg (buprenorfin\u0105) internetu &#8211; Nuo Bestglobalmeds.com.com internetin\u0117 vaistin\u0117 pigiomis ir prieinamomis kainomis su saugiu ir greitu pristatymu. Susisiekite su mumis info@bestglobalmeds.com<\/p>\n<p>Pirkite Bunex 0.2mg (buprenorfin\u0105) internetu<\/p>\n<p>Bunex 0.2 mg (buprenorfino) kainos internete<\/p>\n<p>Bunex 0,2 mg (buprenorfinas) kainos<\/p>\n<p>&nbsp;<\/p>\n<p>Pirkite Bunex 0,2 mg (buprenorfinas)<\/p>\n","protected":false},"featured_media":5164,"comment_status":"open","ping_status":"closed","template":"","meta":[],"product_brand":[],"product_cat":[1117],"product_tag":[1240,1239,1241,1242,1237,1238,1243,1245,1244,1246],"class_list":{"0":"post-5148","1":"product","2":"type-product","3":"status-publish","4":"has-post-thumbnail","6":"product_cat-pirkite-skausmo-miego-ir-sekso-tabletes","7":"product_tag-bunex-buprenorphine-0-2mg-by-safe-pharma","8":"product_tag-bunex-buprenorphine-0-20mg-internetu","9":"product_tag-bunex-buprenorfinas-8-mg","10":"product_tag-bunex-buprenorphine-online","11":"product_tag-bunex-buprenorphine-0-20mg","12":"product_tag-bunex-buprenorphine-0-20mg-and-steroids","13":"product_tag-bunex-buprenorfinas","14":"product_tag-cbt-pharmaceuticals-shop-pain-killers-bunex-buprenorphine-20-mg","15":"product_tag-pirkti-buprenorfinas-buneksas-0-20mg","16":"product_tag-tramapartramadol-hcl-paracetamol-price-3-buy-online-bunexbuprenorphine","18":"first","19":"instock","20":"shipping-taxable","21":"purchasable","22":"product-type-variable","23":"has-default-attributes"},"yoast_head":"<!-- This site is optimized with the Yoast SEO plugin v27.3 - https:\/\/yoast.com\/product\/yoast-seo-wordpress\/ -->\n<title>Pirkite Bunex 0,2mg (buprenorfinas) - Researchem<\/title>\n<meta name=\"description\" content=\"\u012esigykite Bunex 0,2 mg (buprenorfino) JK, ES internetu i\u0161 Bestglobalmeds.com.com vaistin\u0117s pigiomis ir prieinamomis kainomis su saugiu ir greitu pristatymu\" \/>\n<meta name=\"robots\" content=\"index, follow, max-snippet:-1, max-image-preview:large, max-video-preview:-1\" \/>\n<link rel=\"canonical\" href=\"https:\/\/medicinasinc.com\/lt\/product\/pirkti-bunex-0-2mg-buprenorfinas\/\" \/>\n<meta property=\"og:locale\" content=\"en_US\" \/>\n<meta property=\"og:type\" content=\"article\" \/>\n<meta property=\"og:title\" content=\"Pirkite Bunex 0,2mg (buprenorfinas) - Researchem\" \/>\n<meta property=\"og:description\" content=\"\u012esigykite Bunex 0,2 mg (buprenorfino) JK, ES internetu i\u0161 Bestglobalmeds.com.com vaistin\u0117s pigiomis ir prieinamomis kainomis su saugiu ir greitu pristatymu\" \/>\n<meta property=\"og:url\" content=\"https:\/\/medicinasinc.com\/lt\/product\/pirkti-bunex-0-2mg-buprenorfinas\/\" \/>\n<meta property=\"og:site_name\" content=\"Medicinas Inc\" \/>\n<meta property=\"article:modified_time\" content=\"2022-03-20T12:24:08+00:00\" \/>\n<meta property=\"og:image\" content=\"https:\/\/medicinasinc.com\/lt\/wp-content\/uploads\/sites\/9\/2022\/02\/Buy-Bunex-0.2mg.jpg\" \/>\n\t<meta property=\"og:image:width\" content=\"600\" \/>\n\t<meta property=\"og:image:height\" content=\"600\" \/>\n\t<meta property=\"og:image:type\" content=\"image\/jpeg\" \/>\n<meta name=\"twitter:card\" content=\"summary_large_image\" \/>\n<meta name=\"twitter:label1\" content=\"Est. reading time\" \/>\n\t<meta name=\"twitter:data1\" content=\"2 minutes\" \/>\n<script type=\"application\/ld+json\" class=\"yoast-schema-graph\">{\"@context\":\"https:\\\/\\\/schema.org\",\"@graph\":[{\"@type\":\"WebPage\",\"@id\":\"https:\\\/\\\/medicinasinc.com\\\/lt\\\/product\\\/pirkti-bunex-0-2mg-buprenorfinas\\\/\",\"url\":\"https:\\\/\\\/medicinasinc.com\\\/lt\\\/product\\\/pirkti-bunex-0-2mg-buprenorfinas\\\/\",\"name\":\"Pirkite Bunex 0,2mg (buprenorfinas) - Researchem\",\"isPartOf\":{\"@id\":\"https:\\\/\\\/medicinasinc.com\\\/lt\\\/#website\"},\"primaryImageOfPage\":{\"@id\":\"https:\\\/\\\/medicinasinc.com\\\/lt\\\/product\\\/pirkti-bunex-0-2mg-buprenorfinas\\\/#primaryimage\"},\"image\":{\"@id\":\"https:\\\/\\\/medicinasinc.com\\\/lt\\\/product\\\/pirkti-bunex-0-2mg-buprenorfinas\\\/#primaryimage\"},\"thumbnailUrl\":\"https:\\\/\\\/medicinasinc.com\\\/lt\\\/wp-content\\\/uploads\\\/sites\\\/9\\\/2022\\\/02\\\/Buy-Bunex-0.2mg.jpg\",\"datePublished\":\"2022-02-20T21:04:44+00:00\",\"dateModified\":\"2022-03-20T12:24:08+00:00\",\"description\":\"\u012esigykite Bunex 0,2 mg (buprenorfino) JK, ES internetu i\u0161 Bestglobalmeds.com.com vaistin\u0117s pigiomis ir prieinamomis kainomis su saugiu ir greitu pristatymu\",\"breadcrumb\":{\"@id\":\"https:\\\/\\\/medicinasinc.com\\\/lt\\\/product\\\/pirkti-bunex-0-2mg-buprenorfinas\\\/#breadcrumb\"},\"inLanguage\":\"en-US\",\"potentialAction\":[{\"@type\":\"ReadAction\",\"target\":[\"https:\\\/\\\/medicinasinc.com\\\/lt\\\/product\\\/pirkti-bunex-0-2mg-buprenorfinas\\\/\"]}]},{\"@type\":\"ImageObject\",\"inLanguage\":\"en-US\",\"@id\":\"https:\\\/\\\/medicinasinc.com\\\/lt\\\/product\\\/pirkti-bunex-0-2mg-buprenorfinas\\\/#primaryimage\",\"url\":\"https:\\\/\\\/medicinasinc.com\\\/lt\\\/wp-content\\\/uploads\\\/sites\\\/9\\\/2022\\\/02\\\/Buy-Bunex-0.2mg.jpg\",\"contentUrl\":\"https:\\\/\\\/medicinasinc.com\\\/lt\\\/wp-content\\\/uploads\\\/sites\\\/9\\\/2022\\\/02\\\/Buy-Bunex-0.2mg.jpg\",\"width\":600,\"height\":600},{\"@type\":\"BreadcrumbList\",\"@id\":\"https:\\\/\\\/medicinasinc.com\\\/lt\\\/product\\\/pirkti-bunex-0-2mg-buprenorfinas\\\/#breadcrumb\",\"itemListElement\":[{\"@type\":\"ListItem\",\"position\":1,\"name\":\"Parduotuv\u0117\",\"item\":\"https:\\\/\\\/medicinasinc.com\\\/lt\\\/parduotuve\\\/\"},{\"@type\":\"ListItem\",\"position\":2,\"name\":\"Pirkite Bunex 0,2 mg (buprenorfinas)\"}]},{\"@type\":\"WebSite\",\"@id\":\"https:\\\/\\\/medicinasinc.com\\\/lt\\\/#website\",\"url\":\"https:\\\/\\\/medicinasinc.com\\\/lt\\\/\",\"name\":\"Medicinas Inc\",\"description\":\"Sveikatos medicinos klinika\",\"potentialAction\":[{\"@type\":\"SearchAction\",\"target\":{\"@type\":\"EntryPoint\",\"urlTemplate\":\"https:\\\/\\\/medicinasinc.com\\\/lt\\\/?s={search_term_string}\"},\"query-input\":{\"@type\":\"PropertyValueSpecification\",\"valueRequired\":true,\"valueName\":\"search_term_string\"}}],\"inLanguage\":\"en-US\"}]}<\/script>\n<!-- \/ Yoast SEO plugin. -->","yoast_head_json":{"title":"Pirkite Bunex 0,2mg (buprenorfinas) - Researchem","description":"\u012esigykite Bunex 0,2 mg (buprenorfino) JK, ES internetu i\u0161 Bestglobalmeds.com.com vaistin\u0117s pigiomis ir prieinamomis kainomis su saugiu ir greitu pristatymu","robots":{"index":"index","follow":"follow","max-snippet":"max-snippet:-1","max-image-preview":"max-image-preview:large","max-video-preview":"max-video-preview:-1"},"canonical":"https:\/\/medicinasinc.com\/lt\/product\/pirkti-bunex-0-2mg-buprenorfinas\/","og_locale":"en_US","og_type":"article","og_title":"Pirkite Bunex 0,2mg (buprenorfinas) - Researchem","og_description":"\u012esigykite Bunex 0,2 mg (buprenorfino) JK, ES internetu i\u0161 Bestglobalmeds.com.com vaistin\u0117s pigiomis ir prieinamomis kainomis su saugiu ir greitu pristatymu","og_url":"https:\/\/medicinasinc.com\/lt\/product\/pirkti-bunex-0-2mg-buprenorfinas\/","og_site_name":"Medicinas Inc","article_modified_time":"2022-03-20T12:24:08+00:00","og_image":[{"width":600,"height":600,"url":"https:\/\/medicinasinc.com\/lt\/wp-content\/uploads\/sites\/9\/2022\/02\/Buy-Bunex-0.2mg.jpg","type":"image\/jpeg"}],"twitter_card":"summary_large_image","twitter_misc":{"Est. reading time":"2 minutes"},"schema":{"@context":"https:\/\/schema.org","@graph":[{"@type":"WebPage","@id":"https:\/\/medicinasinc.com\/lt\/product\/pirkti-bunex-0-2mg-buprenorfinas\/","url":"https:\/\/medicinasinc.com\/lt\/product\/pirkti-bunex-0-2mg-buprenorfinas\/","name":"Pirkite Bunex 0,2mg (buprenorfinas) - Researchem","isPartOf":{"@id":"https:\/\/medicinasinc.com\/lt\/#website"},"primaryImageOfPage":{"@id":"https:\/\/medicinasinc.com\/lt\/product\/pirkti-bunex-0-2mg-buprenorfinas\/#primaryimage"},"image":{"@id":"https:\/\/medicinasinc.com\/lt\/product\/pirkti-bunex-0-2mg-buprenorfinas\/#primaryimage"},"thumbnailUrl":"https:\/\/medicinasinc.com\/lt\/wp-content\/uploads\/sites\/9\/2022\/02\/Buy-Bunex-0.2mg.jpg","datePublished":"2022-02-20T21:04:44+00:00","dateModified":"2022-03-20T12:24:08+00:00","description":"\u012esigykite Bunex 0,2 mg (buprenorfino) JK, ES internetu i\u0161 Bestglobalmeds.com.com vaistin\u0117s pigiomis ir prieinamomis kainomis su saugiu ir greitu pristatymu","breadcrumb":{"@id":"https:\/\/medicinasinc.com\/lt\/product\/pirkti-bunex-0-2mg-buprenorfinas\/#breadcrumb"},"inLanguage":"en-US","potentialAction":[{"@type":"ReadAction","target":["https:\/\/medicinasinc.com\/lt\/product\/pirkti-bunex-0-2mg-buprenorfinas\/"]}]},{"@type":"ImageObject","inLanguage":"en-US","@id":"https:\/\/medicinasinc.com\/lt\/product\/pirkti-bunex-0-2mg-buprenorfinas\/#primaryimage","url":"https:\/\/medicinasinc.com\/lt\/wp-content\/uploads\/sites\/9\/2022\/02\/Buy-Bunex-0.2mg.jpg","contentUrl":"https:\/\/medicinasinc.com\/lt\/wp-content\/uploads\/sites\/9\/2022\/02\/Buy-Bunex-0.2mg.jpg","width":600,"height":600},{"@type":"BreadcrumbList","@id":"https:\/\/medicinasinc.com\/lt\/product\/pirkti-bunex-0-2mg-buprenorfinas\/#breadcrumb","itemListElement":[{"@type":"ListItem","position":1,"name":"Parduotuv\u0117","item":"https:\/\/medicinasinc.com\/lt\/parduotuve\/"},{"@type":"ListItem","position":2,"name":"Pirkite Bunex 0,2 mg (buprenorfinas)"}]},{"@type":"WebSite","@id":"https:\/\/medicinasinc.com\/lt\/#website","url":"https:\/\/medicinasinc.com\/lt\/","name":"Medicinas Inc","description":"Sveikatos medicinos klinika","potentialAction":[{"@type":"SearchAction","target":{"@type":"EntryPoint","urlTemplate":"https:\/\/medicinasinc.com\/lt\/?s={search_term_string}"},"query-input":{"@type":"PropertyValueSpecification","valueRequired":true,"valueName":"search_term_string"}}],"inLanguage":"en-US"}]}},"_links":{"self":[{"href":"https:\/\/medicinasinc.com\/lt\/wp-json\/wp\/v2\/product\/5148","targetHints":{"allow":["GET"]}}],"collection":[{"href":"https:\/\/medicinasinc.com\/lt\/wp-json\/wp\/v2\/product"}],"about":[{"href":"https:\/\/medicinasinc.com\/lt\/wp-json\/wp\/v2\/types\/product"}],"replies":[{"embeddable":true,"href":"https:\/\/medicinasinc.com\/lt\/wp-json\/wp\/v2\/comments?post=5148"}],"wp:featuredmedia":[{"embeddable":true,"href":"https:\/\/medicinasinc.com\/lt\/wp-json\/wp\/v2\/media\/5164"}],"wp:attachment":[{"href":"https:\/\/medicinasinc.com\/lt\/wp-json\/wp\/v2\/media?parent=5148"}],"wp:term":[{"taxonomy":"product_brand","embeddable":true,"href":"https:\/\/medicinasinc.com\/lt\/wp-json\/wp\/v2\/product_brand?post=5148"},{"taxonomy":"product_cat","embeddable":true,"href":"https:\/\/medicinasinc.com\/lt\/wp-json\/wp\/v2\/product_cat?post=5148"},{"taxonomy":"product_tag","embeddable":true,"href":"https:\/\/medicinasinc.com\/lt\/wp-json\/wp\/v2\/product_tag?post=5148"}],"curies":[{"name":"wp","href":"https:\/\/api.w.org\/{rel}","templated":true}]}}