{"id":5125,"date":"2022-02-20T20:43:45","date_gmt":"2022-02-20T20:43:45","guid":{"rendered":"https:\/\/medicinasinc.com\/lt\/?post_type=product&#038;p=5125"},"modified":"2022-03-20T12:24:18","modified_gmt":"2022-03-20T12:24:18","slug":"pirkti-ativanas-0-5mg-1mg-2mg","status":"publish","type":"product","link":"https:\/\/medicinasinc.com\/lt\/product\/pirkti-ativanas-0-5mg-1mg-2mg\/","title":{"rendered":"Pirkite Ativan 0,5 mg, 1 mg, 2 mg"},"content":{"rendered":"<p>Geriausia vieta \u012fsigyti Ativan yra internete. Kas tiksliai yra Lorazepamas ir kaip jis veikia?<br \/> Nor\u0117dami \u012fsigyti Ativan internetu, spustel\u0117kite \u010dia. Benzodiazepinai, kuri\u0173 narys yra lorazepamas, yra vaist\u0173 klas\u0117. Manoma, kad padidinus tam tikr\u0173 smegen\u0173 neuromediatori\u0173 aktyvum\u0105, lorazepamas yra veiksmingas.<\/p>\n<p>Norint suma\u017einti nerim\u0105 ir traukulius, skiriamas lorazepamas.<\/p>\n<p>Lorazepamo pirkimas internetu arba i\u0161 \u0161altinis u\u017e Jungtini\u0173 Valstij\u0173 yra kupinas pavoj\u0173. Vaistai, kurie parduodami ir platinami kitose nei JAV \u0161alyse, neatitinka FDA saugaus naudojimo reikalavim\u0173 (FDA). Gali b\u016bti, kad \u0161ios tablet\u0117s n\u0117ra i\u0161 teis\u0117tos vaistin\u0117s arba jose yra kenksming\u0173 med\u017eiag\u0173.<\/p>\n<p>Atid\u017eiai perskaitykite tai.<br \/> Jei sergate myasthenia gravis, u\u017edaro kampo glaukoma, sunkiu kv\u0117pavimo nepakankamumu arba Jei esate alergi\u0161kas Valium ar pana\u0161iam vaistui, tur\u0117tum\u0117te vengti vartoti lorazepam\u0105.<\/p>\n<p>N\u0117\u0161\u010dioms moterims vaisto lorazepamo vartoti negalima. Kai \u0161is vaistas skiriamas k\u016bdikiui, jis gali sukelti rimt\u0173 gimdymo sutrikim\u0173 arba gyvybei pavojing\u0173 abstinencijos simptom\u0173.<\/p>\n<p>J\u012f tur\u0117t\u0173 vartoti tik tie, kuriems buvo suteiktas lorazepamas, nes jis gali formuoti \u012fprot\u012f. Piktnaud\u017eiavimas narkotikais gali sukelti priklausomyb\u0119, perdozavim\u0105 arba mirt\u012f, jei vaistais bet kokiu b\u016bdu piktnaud\u017eiaujama. Asmenims, kurie anks\u010diau piktnaud\u017eiavo narkotikais ar yra priklausomi nuo narkotik\u0173, niekada netur\u0117t\u0173 b\u016bti skiriamas \u0161is vaistas. U\u017etikrinkite, kad vaistai b\u016bt\u0173 laikomi saugioje vietoje, kur kiti negali j\u0173 pasiekti.<\/p>\n<p>Jei lorazepam\u0105 vartojate kartu su alkoholiu, opioidais ar kitais vaistais, d\u0117l kuri\u0173 atsiranda mieguistumas arba sul\u0117t\u0117ja kv\u0117pavimas, galite mirti. neigiamas poveikis.<\/p>\n<p>Prie\u0161 vartodami bet kok\u012f vaist\u0105, pasitarkite su savo sveikatos prie\u017ei\u016bros paslaug\u0173 teik\u0117ju.<br \/> d\u0117l \u0161i\u0173 s\u0105lyg\u0173 reikia nedelsiant nutraukti gydym\u0105 lorazepamu<\/p>\n<p>glaukoma su siauru kampu; arba<\/p>\n<p>Jei yra buv\u0119 alergij\u0173 benzodiazepinams (diazepamui, alprazolamui, Ativan, Klonopin, Restoril, Tranxene, Valium, Versed, Xanax ir kt.).<\/p>\n<p>Jei turite bet kuri\u0105 i\u0161 \u0161i\u0173 b\u016bkli\u0173. netur\u0117tum\u0117te vartoti lorazepamo:<\/p>\n<p>LOPL (l\u0117tin\u0117 obstrukcin\u0117 plau\u010di\u0173 liga) arba miego apn\u0117ja (kv\u0117pavimas, kuris sustoja miegant) yra kv\u0117pavimo problem\u0173 pavyzd\u017eiai.<\/p>\n<p>Priklausomyb\u0117 nuo narkotik\u0173 ar alkoholio <\/p>\n<p>li\u016bdesio, prastos nuotaikos ar min\u010di\u0173 apie savi\u017eudyb\u0119 simptomai<\/p>\n<p>inkst\u0173 arba kepen\u0173 liga<\/p>\n<p>nevalingi traukuliai<\/p>\n<p>glaukoma. <\/p>\n<p>Lorazepamo vartojimas n\u0117\u0161tumo metu padidina rizik\u0105, kad vaikas taps priklausomas nuo vaisto. Po gimimo naujagimiui d\u0117l to gali pasireik\u0161ti gyvybei pavojingi abstinencijos simptomai. K\u016bdikiams, gimusiems priklausomiems nuo \u012fpro\u010dius formuojan\u010di\u0173 vaist\u0173, gali prireikti keli\u0173 savai\u010di\u0173 medicinin\u0117s prie\u017ei\u016bros.<\/p>\n<p>Ar lorazepam\u0105 reikia vartoti tam tikru b\u016bdu?<br \/> Lorazepam\u0105 reikia vartoti tiksliai taip, kaip nurodyta. Perskaitykite visas vaist\u0173 rekomendacijas ir instrukcijas recepto etiket\u0117je. Vartodami lorazepam\u0105 visada laikykit\u0117s gydytojo nurodym\u0173. Kuo daugiau vartosite \u0161\u012f vaist\u0105, tuo didesn\u0117 tikimyb\u0117, kad tur\u0117site pasakyti gydytojui.<\/p>\n<p>Lorazepamas gali sukelti priklausomyb\u0119. Netinkamas naudojimas gali sukelti priklausomyb\u0119, perdozavim\u0105 ar net mirt\u012f. Vaist\u0105 i\u0161meskite kitiems nepasiekiamoje vietoje. \u0160io vaisto platinimas ar pardavimas yra nusikaltimas.<\/p>\n<p>Atsargiai matuokite skystus vaistus. \u012esigykite doz\u0117s matavimo prietais\u0105 arba naudokite pateikt\u0105 \u0161virk\u0161t\u0105 (ne virtuvin\u012f \u0161auk\u0161t\u0105).<\/p>\n<p>Jei gydytojas nenurod\u0117 kitaip, nevartokite lorazepamo ilgiau nei keturis m\u0117nesius vienu metu. Jei simptomai nepalengv\u0117ja arba pablog\u0117ja, kreipkit\u0117s \u012f gydytoj\u0105.<\/p>\n<p>Ilgai vartojant \u0161\u012f vaist\u0105, gali prireikti reguliari\u0173 medicinini\u0173 patikrinim\u0173.<\/p>\n<p>Jei staiga nustosite vartodami \u0161\u012f vaist\u0105, rizikuojate patirti nemalon\u0173 \u0161alutin\u012f poveik\u012f. Susitarkite su gydytoju, kad su\u017einotum\u0117te, kaip nustoti vartoti \u0161\u012f vaist\u0105.<\/p>\n<p>Nelaikykite dr\u0117gm\u0117s ar auk\u0161tos temperat\u016bros; laikyti kambario temperat\u016broje.<\/p>\n<p>Lorazepamo skyst\u012f laikykite \u0161aldytuve ilgalaikiam saugojimui. Nelaikyk skys\u010di\u0173, kurie nebuvo panaudoti per 90 dien\u0173.<\/p>\n<p>U\u017era\u0161ykite savo vaistus. Tur\u0117tum\u0117te steb\u0117ti, ar kas nors nepiktnaud\u017eiauja ar nenaudoja.<\/p>\n","protected":false},"excerpt":{"rendered":"<p>Lorazepamo 0,5 mg, 1 mg, 2 mg internetin\u0117s kainos, pirkite ativan 2 mg internetu, pirkite Lorazepamo tabletes internetu.<\/p>\n<p>Tramadol 50 mg didel\u0117 lorazepamo (Ativan) 2 mg tablet\u0117s kaina internetu. Jis taip pat naudojamas gydant nerim\u0105.<\/p>\n<p>Lorazepamo (Ativan) 2 mg tablet\u0117s \/ tablet\u0117s<\/p>\n<p>Nerimas, li\u016bdesys ir nemiga yra da\u017enas nerimo vaist\u0173 Ativan \u0161alutinis poveikis ( Lorazepamas) (miego sutrikimai). Tai savoti\u0161kas benzodiazepinas.<\/p>\n<p>Be recepto galite nusipirkti Lorazepam 2mg table\u010di\u0173 internetu (be RX).<\/p>\n","protected":false},"featured_media":5144,"comment_status":"open","ping_status":"closed","template":"","meta":[],"product_brand":[],"product_cat":[1117],"product_tag":[1225,1226,1195,1196,1198,1197,1199,1203,1200,1201,1202,1204,1205,1206,1207,1208,1210,1211,1212,1213,1220,1223,1214,1215,1216,1217,1218,1219,1221,1222,1209,1224,1234,1236,1227,1228,1229,1230,1231,1232,1233,1235],"class_list":{"0":"post-5125","1":"product","2":"type-product","3":"status-publish","4":"has-post-thumbnail","6":"product_cat-pirkite-skausmo-miego-ir-sekso-tabletes","7":"product_tag-gali-ativan-tabletes-smulkinti","8":"product_tag-gali-ativan-tabletes-be-virkti","9":"product_tag-ativan-1-mg-sublingual-tablets","10":"product_tag-ativan-1-mg-tablets","11":"product_tag-ativan-1mg-tablets-doz","12":"product_tag-ativan-1-tab","13":"product_tag-ativan-1mg-tablets-alutinis-poveikis","14":"product_tag-ativan-2mg-tablet","15":"product_tag-ativan-2-mg-tablets","16":"product_tag-ativan-2-tab","17":"product_tag-ativan-2-5-mg-kaina","18":"product_tag-ativan-2mg-alutinis-poveikis","20":"product_tag-ativan-2mg-tablet-in-hindi","21":"product_tag-ativan-2mg-tablet-online-order-amazon","22":"product_tag-ativan-doz-2mg","23":"product_tag-ativan-tab-0-5-mg","24":"product_tag-ativan-tab-1-mg","25":"product_tag-ativan-tab-1mg-50","26":"product_tag-ativan-tab-1mg-precio","27":"product_tag-ativan-tablets-dozavimas","28":"product_tag-ativan-tablets-naudojimas","29":"product_tag-ativan-tablet","30":"product_tag-ativan-tablet-0-5mg","31":"product_tag-ativan-tablets-1mg","32":"product_tag-ativan-tablets-2-5-mg","33":"product_tag-ativan-tabletes-australija","34":"product_tag-ativan-tabletes-pirkti","35":"product_tag-ativan-tablets-po-lieuviu","36":"product_tag-ativan-tables-uk","37":"product_tag-ativan-vaistin","38":"product_tag-buy-ativan-online","39":"product_tag-kaip-atrodo-ativan-tablets","40":"product_tag-kam-naudojamos-ativan-tablets","41":"product_tag-lorazepam-2-mg-tablet-online-delivery","42":"product_tag-lorazepamas-tablets-ativanas-2mg","43":"product_tag-pfizer-tablet-2-mg","44":"product_tag-tab-ativan-1","45":"product_tag-tab-ativan-1mg-uses-in-hindi","46":"product_tag-tivan-2mg-tablet","47":"product_tag-what-are-ativan-tablets-for","48":"product_tag-what-does-ativan-tablets-look-like","50":"first","51":"instock","52":"shipping-taxable","53":"purchasable","54":"product-type-variable"},"yoast_head":"<!-- This site is optimized with the Yoast SEO plugin v27.3 - https:\/\/yoast.com\/product\/yoast-seo-wordpress\/ -->\n<title>Pirkite Ativan 2mg - Pirkite Ativan 1mg - Pirkite Ativan 0,5mg - Geriausi pasaulyje vaistai<\/title>\n<meta name=\"description\" content=\"Pirkite Lorazepamo tabletes internetu, pirkite Lorazepam\u0105 internetu, pirkite Ativan internetu, Lorazepamo 0,5 mg, 1 mg, 2 mg kainas internetu, pirkite ativan 2mg internetu JK, Europoje\" \/>\n<meta name=\"robots\" content=\"index, follow, max-snippet:-1, max-image-preview:large, max-video-preview:-1\" \/>\n<link rel=\"canonical\" href=\"https:\/\/medicinasinc.com\/lt\/product\/pirkti-ativanas-0-5mg-1mg-2mg\/\" \/>\n<meta property=\"og:locale\" content=\"en_US\" \/>\n<meta property=\"og:type\" content=\"article\" \/>\n<meta property=\"og:title\" content=\"Pirkite Ativan 2mg - Pirkite Ativan 1mg - Pirkite Ativan 0,5mg - Geriausi pasaulyje vaistai\" \/>\n<meta property=\"og:description\" content=\"Pirkite Lorazepamo tabletes internetu, pirkite Lorazepam\u0105 internetu, pirkite Ativan internetu, Lorazepamo 0,5 mg, 1 mg, 2 mg kainas internetu, pirkite ativan 2mg internetu JK, Europoje\" \/>\n<meta property=\"og:url\" content=\"https:\/\/medicinasinc.com\/lt\/product\/pirkti-ativanas-0-5mg-1mg-2mg\/\" \/>\n<meta property=\"og:site_name\" content=\"Medicinas Inc\" \/>\n<meta property=\"article:modified_time\" content=\"2022-03-20T12:24:18+00:00\" \/>\n<meta property=\"og:image\" content=\"https:\/\/medicinasinc.com\/lt\/wp-content\/uploads\/sites\/9\/2022\/02\/Buy-Ativan-Online-1.jpg\" \/>\n\t<meta property=\"og:image:width\" content=\"300\" \/>\n\t<meta property=\"og:image:height\" content=\"300\" \/>\n\t<meta property=\"og:image:type\" content=\"image\/jpeg\" \/>\n<meta name=\"twitter:card\" content=\"summary_large_image\" \/>\n<meta name=\"twitter:label1\" content=\"Est. reading time\" \/>\n\t<meta name=\"twitter:data1\" content=\"3 minutes\" \/>\n<script type=\"application\/ld+json\" class=\"yoast-schema-graph\">{\"@context\":\"https:\\\/\\\/schema.org\",\"@graph\":[{\"@type\":\"WebPage\",\"@id\":\"https:\\\/\\\/medicinasinc.com\\\/lt\\\/product\\\/pirkti-ativanas-0-5mg-1mg-2mg\\\/\",\"url\":\"https:\\\/\\\/medicinasinc.com\\\/lt\\\/product\\\/pirkti-ativanas-0-5mg-1mg-2mg\\\/\",\"name\":\"Pirkite Ativan 2mg - Pirkite Ativan 1mg - Pirkite Ativan 0,5mg - Geriausi pasaulyje vaistai\",\"isPartOf\":{\"@id\":\"https:\\\/\\\/medicinasinc.com\\\/lt\\\/#website\"},\"primaryImageOfPage\":{\"@id\":\"https:\\\/\\\/medicinasinc.com\\\/lt\\\/product\\\/pirkti-ativanas-0-5mg-1mg-2mg\\\/#primaryimage\"},\"image\":{\"@id\":\"https:\\\/\\\/medicinasinc.com\\\/lt\\\/product\\\/pirkti-ativanas-0-5mg-1mg-2mg\\\/#primaryimage\"},\"thumbnailUrl\":\"https:\\\/\\\/medicinasinc.com\\\/lt\\\/wp-content\\\/uploads\\\/sites\\\/9\\\/2022\\\/02\\\/Buy-Ativan-Online-1.jpg\",\"datePublished\":\"2022-02-20T20:43:45+00:00\",\"dateModified\":\"2022-03-20T12:24:18+00:00\",\"description\":\"Pirkite Lorazepamo tabletes internetu, pirkite Lorazepam\u0105 internetu, pirkite Ativan internetu, Lorazepamo 0,5 mg, 1 mg, 2 mg kainas internetu, pirkite ativan 2mg internetu JK, Europoje\",\"breadcrumb\":{\"@id\":\"https:\\\/\\\/medicinasinc.com\\\/lt\\\/product\\\/pirkti-ativanas-0-5mg-1mg-2mg\\\/#breadcrumb\"},\"inLanguage\":\"en-US\",\"potentialAction\":[{\"@type\":\"ReadAction\",\"target\":[\"https:\\\/\\\/medicinasinc.com\\\/lt\\\/product\\\/pirkti-ativanas-0-5mg-1mg-2mg\\\/\"]}]},{\"@type\":\"ImageObject\",\"inLanguage\":\"en-US\",\"@id\":\"https:\\\/\\\/medicinasinc.com\\\/lt\\\/product\\\/pirkti-ativanas-0-5mg-1mg-2mg\\\/#primaryimage\",\"url\":\"https:\\\/\\\/medicinasinc.com\\\/lt\\\/wp-content\\\/uploads\\\/sites\\\/9\\\/2022\\\/02\\\/Buy-Ativan-Online-1.jpg\",\"contentUrl\":\"https:\\\/\\\/medicinasinc.com\\\/lt\\\/wp-content\\\/uploads\\\/sites\\\/9\\\/2022\\\/02\\\/Buy-Ativan-Online-1.jpg\",\"width\":300,\"height\":300},{\"@type\":\"BreadcrumbList\",\"@id\":\"https:\\\/\\\/medicinasinc.com\\\/lt\\\/product\\\/pirkti-ativanas-0-5mg-1mg-2mg\\\/#breadcrumb\",\"itemListElement\":[{\"@type\":\"ListItem\",\"position\":1,\"name\":\"Parduotuv\u0117\",\"item\":\"https:\\\/\\\/medicinasinc.com\\\/lt\\\/parduotuve\\\/\"},{\"@type\":\"ListItem\",\"position\":2,\"name\":\"Pirkite Ativan 0,5 mg, 1 mg, 2 mg\"}]},{\"@type\":\"WebSite\",\"@id\":\"https:\\\/\\\/medicinasinc.com\\\/lt\\\/#website\",\"url\":\"https:\\\/\\\/medicinasinc.com\\\/lt\\\/\",\"name\":\"Medicinas Inc\",\"description\":\"Sveikatos medicinos klinika\",\"potentialAction\":[{\"@type\":\"SearchAction\",\"target\":{\"@type\":\"EntryPoint\",\"urlTemplate\":\"https:\\\/\\\/medicinasinc.com\\\/lt\\\/?s={search_term_string}\"},\"query-input\":{\"@type\":\"PropertyValueSpecification\",\"valueRequired\":true,\"valueName\":\"search_term_string\"}}],\"inLanguage\":\"en-US\"}]}<\/script>\n<!-- \/ Yoast SEO plugin. -->","yoast_head_json":{"title":"Pirkite Ativan 2mg - Pirkite Ativan 1mg - Pirkite Ativan 0,5mg - Geriausi pasaulyje vaistai","description":"Pirkite Lorazepamo tabletes internetu, pirkite Lorazepam\u0105 internetu, pirkite Ativan internetu, Lorazepamo 0,5 mg, 1 mg, 2 mg kainas internetu, pirkite ativan 2mg internetu JK, Europoje","robots":{"index":"index","follow":"follow","max-snippet":"max-snippet:-1","max-image-preview":"max-image-preview:large","max-video-preview":"max-video-preview:-1"},"canonical":"https:\/\/medicinasinc.com\/lt\/product\/pirkti-ativanas-0-5mg-1mg-2mg\/","og_locale":"en_US","og_type":"article","og_title":"Pirkite Ativan 2mg - Pirkite Ativan 1mg - Pirkite Ativan 0,5mg - Geriausi pasaulyje vaistai","og_description":"Pirkite Lorazepamo tabletes internetu, pirkite Lorazepam\u0105 internetu, pirkite Ativan internetu, Lorazepamo 0,5 mg, 1 mg, 2 mg kainas internetu, pirkite ativan 2mg internetu JK, Europoje","og_url":"https:\/\/medicinasinc.com\/lt\/product\/pirkti-ativanas-0-5mg-1mg-2mg\/","og_site_name":"Medicinas Inc","article_modified_time":"2022-03-20T12:24:18+00:00","og_image":[{"width":300,"height":300,"url":"https:\/\/medicinasinc.com\/lt\/wp-content\/uploads\/sites\/9\/2022\/02\/Buy-Ativan-Online-1.jpg","type":"image\/jpeg"}],"twitter_card":"summary_large_image","twitter_misc":{"Est. reading time":"3 minutes"},"schema":{"@context":"https:\/\/schema.org","@graph":[{"@type":"WebPage","@id":"https:\/\/medicinasinc.com\/lt\/product\/pirkti-ativanas-0-5mg-1mg-2mg\/","url":"https:\/\/medicinasinc.com\/lt\/product\/pirkti-ativanas-0-5mg-1mg-2mg\/","name":"Pirkite Ativan 2mg - Pirkite Ativan 1mg - Pirkite Ativan 0,5mg - Geriausi pasaulyje vaistai","isPartOf":{"@id":"https:\/\/medicinasinc.com\/lt\/#website"},"primaryImageOfPage":{"@id":"https:\/\/medicinasinc.com\/lt\/product\/pirkti-ativanas-0-5mg-1mg-2mg\/#primaryimage"},"image":{"@id":"https:\/\/medicinasinc.com\/lt\/product\/pirkti-ativanas-0-5mg-1mg-2mg\/#primaryimage"},"thumbnailUrl":"https:\/\/medicinasinc.com\/lt\/wp-content\/uploads\/sites\/9\/2022\/02\/Buy-Ativan-Online-1.jpg","datePublished":"2022-02-20T20:43:45+00:00","dateModified":"2022-03-20T12:24:18+00:00","description":"Pirkite Lorazepamo tabletes internetu, pirkite Lorazepam\u0105 internetu, pirkite Ativan internetu, Lorazepamo 0,5 mg, 1 mg, 2 mg kainas internetu, pirkite ativan 2mg internetu JK, Europoje","breadcrumb":{"@id":"https:\/\/medicinasinc.com\/lt\/product\/pirkti-ativanas-0-5mg-1mg-2mg\/#breadcrumb"},"inLanguage":"en-US","potentialAction":[{"@type":"ReadAction","target":["https:\/\/medicinasinc.com\/lt\/product\/pirkti-ativanas-0-5mg-1mg-2mg\/"]}]},{"@type":"ImageObject","inLanguage":"en-US","@id":"https:\/\/medicinasinc.com\/lt\/product\/pirkti-ativanas-0-5mg-1mg-2mg\/#primaryimage","url":"https:\/\/medicinasinc.com\/lt\/wp-content\/uploads\/sites\/9\/2022\/02\/Buy-Ativan-Online-1.jpg","contentUrl":"https:\/\/medicinasinc.com\/lt\/wp-content\/uploads\/sites\/9\/2022\/02\/Buy-Ativan-Online-1.jpg","width":300,"height":300},{"@type":"BreadcrumbList","@id":"https:\/\/medicinasinc.com\/lt\/product\/pirkti-ativanas-0-5mg-1mg-2mg\/#breadcrumb","itemListElement":[{"@type":"ListItem","position":1,"name":"Parduotuv\u0117","item":"https:\/\/medicinasinc.com\/lt\/parduotuve\/"},{"@type":"ListItem","position":2,"name":"Pirkite Ativan 0,5 mg, 1 mg, 2 mg"}]},{"@type":"WebSite","@id":"https:\/\/medicinasinc.com\/lt\/#website","url":"https:\/\/medicinasinc.com\/lt\/","name":"Medicinas Inc","description":"Sveikatos medicinos klinika","potentialAction":[{"@type":"SearchAction","target":{"@type":"EntryPoint","urlTemplate":"https:\/\/medicinasinc.com\/lt\/?s={search_term_string}"},"query-input":{"@type":"PropertyValueSpecification","valueRequired":true,"valueName":"search_term_string"}}],"inLanguage":"en-US"}]}},"_links":{"self":[{"href":"https:\/\/medicinasinc.com\/lt\/wp-json\/wp\/v2\/product\/5125","targetHints":{"allow":["GET"]}}],"collection":[{"href":"https:\/\/medicinasinc.com\/lt\/wp-json\/wp\/v2\/product"}],"about":[{"href":"https:\/\/medicinasinc.com\/lt\/wp-json\/wp\/v2\/types\/product"}],"replies":[{"embeddable":true,"href":"https:\/\/medicinasinc.com\/lt\/wp-json\/wp\/v2\/comments?post=5125"}],"wp:featuredmedia":[{"embeddable":true,"href":"https:\/\/medicinasinc.com\/lt\/wp-json\/wp\/v2\/media\/5144"}],"wp:attachment":[{"href":"https:\/\/medicinasinc.com\/lt\/wp-json\/wp\/v2\/media?parent=5125"}],"wp:term":[{"taxonomy":"product_brand","embeddable":true,"href":"https:\/\/medicinasinc.com\/lt\/wp-json\/wp\/v2\/product_brand?post=5125"},{"taxonomy":"product_cat","embeddable":true,"href":"https:\/\/medicinasinc.com\/lt\/wp-json\/wp\/v2\/product_cat?post=5125"},{"taxonomy":"product_tag","embeddable":true,"href":"https:\/\/medicinasinc.com\/lt\/wp-json\/wp\/v2\/product_tag?post=5125"}],"curies":[{"name":"wp","href":"https:\/\/api.w.org\/{rel}","templated":true}]}}