{"id":5124,"date":"2022-02-20T20:42:48","date_gmt":"2022-02-20T20:42:48","guid":{"rendered":"https:\/\/medicinasinc.com\/lt\/?post_type=product&#038;p=5124"},"modified":"2022-03-20T12:24:26","modified_gmt":"2022-03-20T12:24:26","slug":"buy-ambien-10-mg","status":"publish","type":"product","link":"https:\/\/medicinasinc.com\/lt\/product\/buy-ambien-10-mg\/","title":{"rendered":"Pirkite Ambien 10 mg"},"content":{"rendered":"<div class=\"ty-tabs cm-j-tabs clearfix\">\n<p>Pirkite Ambien 10mg internetu<\/p>\n<h2><a href=\"https:\/\/www.bestglobalmeds.com\/category\/blog\/\" target=\"_blank\" rel=\"noopener\">Pirkite \u201eAmbien 10mg\u201c pristatym\u0105 per nakt\u012f<\/a><\/h2>\n<h2>Pirkite \u201eAmbien 10mg\u201c internetu<\/h2>\n<p>Ma\u017eiausia\u00a0<em>Ambien<\/em> kaina JAV &gt;\u00a0(<em>Zolpidem<\/em>\u00a05mg &amp;\u00a0<em>10mg<\/em>) tabletes ir JAV pirmoji legali registruota internetin\u0117 gydytojo paslauga, si\u016blanti j\u0105. Nemokamas sekamas pristatymas JK.Ambien, Zolpidem, ambien\u00a0<em>10mg<\/em>, Zolpidem Tartrate, pirkite migdomuosius internetu, pirkite vaistus nuo nerimo internetu, antidepresantus,\u00a0<em>pirkite ambien<\/em>\u00a0be recepto.<\/p>\n<ul class=\"ty-tabs__list\">\n<li id=\"description\" class=\"ty-tabs__item cm-js active\"><a class=\"ty-tabs__a\">Apra\u0161as<\/a><\/li>\n<li id=\"product_tab_9\" class=\"ty-tabs__item cm-js\"><a class=\"ty-tabs__a\">Informacija apie pacient\u0105<\/a><\/li>\n<\/ul><\/div>\n<div id=\"tabs_content \" class=\"cm-tabs-content ty-tabs__content clearfix\">\n<div id=\"content_description\" class=\"ty-wysiwyg-content content-description active\">\n<div>\n<div class=\"product-description\">\n<h4>Miego su Zolpidem ir Ambien<\/h4>\n<table>\n<thead>\n<tr>\n<th>Zolpidem<\/th>\n<th>Summa<\/th>\n<th>Tipas<\/th>\n<th>Akcija<\/th>\n<p> th&gt; <\/tr>\n<\/thead>\n<tbody>\n<tr>\n<th>Ambien<\/th>\n<th>5 mg<\/th>\n<th>Tablet\u0117s<\/th>\n<th>Pirkite JAV\u2713<\/th>\n<\/tr>\n<tr>\n<td>Zolpidemo tablet\u0117s<\/td>\n<td>5 mg<\/td>\n<td>Tablet\u0117s<\/td>\n<td>Internetu JAV \u2713<\/td>\n<\/tr>\n<tr>\n<td>Ambien tablet\u0117s<\/td>\n<td>10 mg<\/td>\n<td>Medicin e<\/td>\n<td>JAV \u2713<\/td>\n<\/tr>\n<\/tbody>\n<\/table>\n<h4>Atsargumo priemon\u0117s prie\u0161 vartojant Zolpidem<\/h4>\n<p>Yra atsargumo priemoni\u0173, \u012f kurias reikia atsi\u017evelgti prie\u0161 nusprend\u017eiant Imk. Tam tikromis aplinkyb\u0117mis tai gali b\u016bti ne pats tinkamiausias vaisto pasirinkimas. Paklauskite gydytojo, ar galite j\u012f vartoti kaip nemigos gydym\u0105. Jei turite bet kuri\u0105 i\u0161 \u0161i\u0173 aplinkybi\u0173, kreipkit\u0117s medicinin\u0117s pagalbos:<\/p>\n<ul>\n<li>Alkoholizmo ar piktnaud\u017eiavimo narkotikais istorija<\/li>\n<li>N\u0117\u0161\u010dia arba planuojate pastoti.<\/li>\n<li>Ar yra kv\u0117pavimo sutrikimas (bronchitas, astma arba emfizema)<\/li>\n<li>Kepen\u0173 ar inkst\u0173 liga anamnez\u0117je<\/li>\n<li>Serga myasthenia gravis (nerv\u0173 sutrikimas, d\u0117l kurio susilpn\u0117ja raumenys)<\/li>\n<li>Alergijos bet kuriai i\u0161 sudedam\u0173j\u0173 dali\u0173<\/li>\n<li>Ji pasikartoja asmenyb\u0117s sutrikimas arba depresija.<\/li>\n<li>Turi miego apn\u0117j\u0105<\/li>\n<li>Pagyven\u0119 \u017emon\u0117s<\/li>\n<\/ul>\n<p>Labai retai Kai kuriais atvejais Ambien vartojimas gali sukelti nepageidaujam\u0173 reakcij\u0173, \u012fskaitant l\u016bp\u0173, veido, gerkl\u0117s ir lie\u017euvio patinim\u0105 arba pasunk\u0117jus\u012f kv\u0117pavim\u0105. Taip pat patariama jo nevartoti nuolat ilgiau nei 4 savaites, nes tai gali sukelti abstinencijos simptomus, tokius kaip v\u0117mimas, pykinimas, nerimas ir skrand\u017eio spazmai. \u017dinomas kaip trumpalaikis <a href=\"https:\/\/globalhomemed.com\/\">nemigos gydymas<\/a>. Nustojus vartoti, gali kilti miego problem\u0173. Tai vadinama \u201eat\u0161okan\u010dia nemiga\u201c, kuri galiausiai i\u0161nyksta po vienos ar dviej\u0173 dien\u0173. Visada pasitarkite su gydytoju d\u0117l \u0161io migdomojo vaisto vartojimo.<\/p>\n<h2>Pirkite Ambien 10mg internetu<\/h2>\n<\/p><\/div><\/div><\/div><\/div>\n","protected":false},"excerpt":{"rendered":"<p>Pirkite Ambien 10 mg tabletes internetu. Ambien yra naudojamas miego sutrikimams gydyti. Greito i\u0161krovimo tablet\u0117 naudojama pad\u0117ti jums linktel\u0117ti, kai pirm\u0105 kart\u0105 einate ant sofos.<\/p>\n<p>Ambien, Zolpidem, ambien\u00a0<em>10mg<\/em>, Zolpidem Tartrate, pirkite migdomuosius internetu, pirkite anti nerimas internetu, antidepresantai,\u00a0<em>pirkite ambien<\/em>\u00a0be recepto.<\/p>\n","protected":false},"featured_media":5142,"comment_status":"open","ping_status":"closed","template":"","meta":[],"product_brand":[],"product_cat":[1117],"product_tag":[],"class_list":{"0":"post-5124","1":"product","2":"type-product","3":"status-publish","4":"has-post-thumbnail","6":"product_cat-pirkite-skausmo-miego-ir-sekso-tabletes","8":"first","9":"instock","10":"shipping-taxable","11":"purchasable","12":"product-type-variable","13":"has-default-attributes"},"yoast_head":"<!-- This site is optimized with the Yoast SEO plugin v27.3 - https:\/\/yoast.com\/product\/yoast-seo-wordpress\/ -->\n<title>Pirkite Ambien 10 mg \u2013 Ambien 10 mg \u2013 geriausius pasaulinius vaistus<\/title>\n<meta name=\"description\" content=\"Pirkite Ambien 10 mg, Ambien, Zolpidem, ambien\u00a010mg, Zolpidem Tartrate, pirkite migdomuosius internetu, pirkite vaistus nuo nerimo internetu, antidepresantus, pirkite ambien\u00a0be recepto.\" \/>\n<meta name=\"robots\" content=\"index, follow, max-snippet:-1, max-image-preview:large, max-video-preview:-1\" \/>\n<link rel=\"canonical\" href=\"https:\/\/medicinasinc.com\/lt\/product\/buy-ambien-10-mg\/\" \/>\n<meta property=\"og:locale\" content=\"en_US\" \/>\n<meta property=\"og:type\" content=\"article\" \/>\n<meta property=\"og:title\" content=\"Pirkite Ambien 10 mg \u2013 Ambien 10 mg \u2013 geriausius pasaulinius vaistus\" \/>\n<meta property=\"og:description\" content=\"Pirkite Ambien 10 mg, Ambien, Zolpidem, ambien\u00a010mg, Zolpidem Tartrate, pirkite migdomuosius internetu, pirkite vaistus nuo nerimo internetu, antidepresantus, pirkite ambien\u00a0be recepto.\" \/>\n<meta property=\"og:url\" content=\"https:\/\/medicinasinc.com\/lt\/product\/buy-ambien-10-mg\/\" \/>\n<meta property=\"og:site_name\" content=\"Medicinas Inc\" \/>\n<meta property=\"article:modified_time\" content=\"2022-03-20T12:24:26+00:00\" \/>\n<meta property=\"og:image\" content=\"https:\/\/medicinasinc.com\/lt\/wp-content\/uploads\/sites\/9\/2022\/02\/Buy-Ambien-10mg.jpg\" \/>\n\t<meta property=\"og:image:width\" content=\"225\" \/>\n\t<meta property=\"og:image:height\" content=\"225\" \/>\n\t<meta property=\"og:image:type\" content=\"image\/jpeg\" \/>\n<meta name=\"twitter:card\" content=\"summary_large_image\" \/>\n<meta name=\"twitter:label1\" content=\"Est. reading time\" \/>\n\t<meta name=\"twitter:data1\" content=\"2 minutes\" \/>\n<script type=\"application\/ld+json\" class=\"yoast-schema-graph\">{\"@context\":\"https:\\\/\\\/schema.org\",\"@graph\":[{\"@type\":\"WebPage\",\"@id\":\"https:\\\/\\\/medicinasinc.com\\\/lt\\\/product\\\/buy-ambien-10-mg\\\/\",\"url\":\"https:\\\/\\\/medicinasinc.com\\\/lt\\\/product\\\/buy-ambien-10-mg\\\/\",\"name\":\"Pirkite Ambien 10 mg \u2013 Ambien 10 mg \u2013 geriausius pasaulinius vaistus\",\"isPartOf\":{\"@id\":\"https:\\\/\\\/medicinasinc.com\\\/lt\\\/#website\"},\"primaryImageOfPage\":{\"@id\":\"https:\\\/\\\/medicinasinc.com\\\/lt\\\/product\\\/buy-ambien-10-mg\\\/#primaryimage\"},\"image\":{\"@id\":\"https:\\\/\\\/medicinasinc.com\\\/lt\\\/product\\\/buy-ambien-10-mg\\\/#primaryimage\"},\"thumbnailUrl\":\"https:\\\/\\\/medicinasinc.com\\\/lt\\\/wp-content\\\/uploads\\\/sites\\\/9\\\/2022\\\/02\\\/Buy-Ambien-10mg.jpg\",\"datePublished\":\"2022-02-20T20:42:48+00:00\",\"dateModified\":\"2022-03-20T12:24:26+00:00\",\"description\":\"Pirkite Ambien 10 mg, Ambien, Zolpidem, ambien\u00a010mg, Zolpidem Tartrate, pirkite migdomuosius internetu, pirkite vaistus nuo nerimo internetu, antidepresantus, pirkite ambien\u00a0be recepto.\",\"breadcrumb\":{\"@id\":\"https:\\\/\\\/medicinasinc.com\\\/lt\\\/product\\\/buy-ambien-10-mg\\\/#breadcrumb\"},\"inLanguage\":\"en-US\",\"potentialAction\":[{\"@type\":\"ReadAction\",\"target\":[\"https:\\\/\\\/medicinasinc.com\\\/lt\\\/product\\\/buy-ambien-10-mg\\\/\"]}]},{\"@type\":\"ImageObject\",\"inLanguage\":\"en-US\",\"@id\":\"https:\\\/\\\/medicinasinc.com\\\/lt\\\/product\\\/buy-ambien-10-mg\\\/#primaryimage\",\"url\":\"https:\\\/\\\/medicinasinc.com\\\/lt\\\/wp-content\\\/uploads\\\/sites\\\/9\\\/2022\\\/02\\\/Buy-Ambien-10mg.jpg\",\"contentUrl\":\"https:\\\/\\\/medicinasinc.com\\\/lt\\\/wp-content\\\/uploads\\\/sites\\\/9\\\/2022\\\/02\\\/Buy-Ambien-10mg.jpg\",\"width\":225,\"height\":225},{\"@type\":\"BreadcrumbList\",\"@id\":\"https:\\\/\\\/medicinasinc.com\\\/lt\\\/product\\\/buy-ambien-10-mg\\\/#breadcrumb\",\"itemListElement\":[{\"@type\":\"ListItem\",\"position\":1,\"name\":\"Parduotuv\u0117\",\"item\":\"https:\\\/\\\/medicinasinc.com\\\/lt\\\/parduotuve\\\/\"},{\"@type\":\"ListItem\",\"position\":2,\"name\":\"Pirkite Ambien 10 mg\"}]},{\"@type\":\"WebSite\",\"@id\":\"https:\\\/\\\/medicinasinc.com\\\/lt\\\/#website\",\"url\":\"https:\\\/\\\/medicinasinc.com\\\/lt\\\/\",\"name\":\"Medicinas Inc\",\"description\":\"Sveikatos medicinos klinika\",\"potentialAction\":[{\"@type\":\"SearchAction\",\"target\":{\"@type\":\"EntryPoint\",\"urlTemplate\":\"https:\\\/\\\/medicinasinc.com\\\/lt\\\/?s={search_term_string}\"},\"query-input\":{\"@type\":\"PropertyValueSpecification\",\"valueRequired\":true,\"valueName\":\"search_term_string\"}}],\"inLanguage\":\"en-US\"}]}<\/script>\n<!-- \/ Yoast SEO plugin. -->","yoast_head_json":{"title":"Pirkite Ambien 10 mg \u2013 Ambien 10 mg \u2013 geriausius pasaulinius vaistus","description":"Pirkite Ambien 10 mg, Ambien, Zolpidem, ambien\u00a010mg, Zolpidem Tartrate, pirkite migdomuosius internetu, pirkite vaistus nuo nerimo internetu, antidepresantus, pirkite ambien\u00a0be recepto.","robots":{"index":"index","follow":"follow","max-snippet":"max-snippet:-1","max-image-preview":"max-image-preview:large","max-video-preview":"max-video-preview:-1"},"canonical":"https:\/\/medicinasinc.com\/lt\/product\/buy-ambien-10-mg\/","og_locale":"en_US","og_type":"article","og_title":"Pirkite Ambien 10 mg \u2013 Ambien 10 mg \u2013 geriausius pasaulinius vaistus","og_description":"Pirkite Ambien 10 mg, Ambien, Zolpidem, ambien\u00a010mg, Zolpidem Tartrate, pirkite migdomuosius internetu, pirkite vaistus nuo nerimo internetu, antidepresantus, pirkite ambien\u00a0be recepto.","og_url":"https:\/\/medicinasinc.com\/lt\/product\/buy-ambien-10-mg\/","og_site_name":"Medicinas Inc","article_modified_time":"2022-03-20T12:24:26+00:00","og_image":[{"width":225,"height":225,"url":"https:\/\/medicinasinc.com\/lt\/wp-content\/uploads\/sites\/9\/2022\/02\/Buy-Ambien-10mg.jpg","type":"image\/jpeg"}],"twitter_card":"summary_large_image","twitter_misc":{"Est. reading time":"2 minutes"},"schema":{"@context":"https:\/\/schema.org","@graph":[{"@type":"WebPage","@id":"https:\/\/medicinasinc.com\/lt\/product\/buy-ambien-10-mg\/","url":"https:\/\/medicinasinc.com\/lt\/product\/buy-ambien-10-mg\/","name":"Pirkite Ambien 10 mg \u2013 Ambien 10 mg \u2013 geriausius pasaulinius vaistus","isPartOf":{"@id":"https:\/\/medicinasinc.com\/lt\/#website"},"primaryImageOfPage":{"@id":"https:\/\/medicinasinc.com\/lt\/product\/buy-ambien-10-mg\/#primaryimage"},"image":{"@id":"https:\/\/medicinasinc.com\/lt\/product\/buy-ambien-10-mg\/#primaryimage"},"thumbnailUrl":"https:\/\/medicinasinc.com\/lt\/wp-content\/uploads\/sites\/9\/2022\/02\/Buy-Ambien-10mg.jpg","datePublished":"2022-02-20T20:42:48+00:00","dateModified":"2022-03-20T12:24:26+00:00","description":"Pirkite Ambien 10 mg, Ambien, Zolpidem, ambien\u00a010mg, Zolpidem Tartrate, pirkite migdomuosius internetu, pirkite vaistus nuo nerimo internetu, antidepresantus, pirkite ambien\u00a0be recepto.","breadcrumb":{"@id":"https:\/\/medicinasinc.com\/lt\/product\/buy-ambien-10-mg\/#breadcrumb"},"inLanguage":"en-US","potentialAction":[{"@type":"ReadAction","target":["https:\/\/medicinasinc.com\/lt\/product\/buy-ambien-10-mg\/"]}]},{"@type":"ImageObject","inLanguage":"en-US","@id":"https:\/\/medicinasinc.com\/lt\/product\/buy-ambien-10-mg\/#primaryimage","url":"https:\/\/medicinasinc.com\/lt\/wp-content\/uploads\/sites\/9\/2022\/02\/Buy-Ambien-10mg.jpg","contentUrl":"https:\/\/medicinasinc.com\/lt\/wp-content\/uploads\/sites\/9\/2022\/02\/Buy-Ambien-10mg.jpg","width":225,"height":225},{"@type":"BreadcrumbList","@id":"https:\/\/medicinasinc.com\/lt\/product\/buy-ambien-10-mg\/#breadcrumb","itemListElement":[{"@type":"ListItem","position":1,"name":"Parduotuv\u0117","item":"https:\/\/medicinasinc.com\/lt\/parduotuve\/"},{"@type":"ListItem","position":2,"name":"Pirkite Ambien 10 mg"}]},{"@type":"WebSite","@id":"https:\/\/medicinasinc.com\/lt\/#website","url":"https:\/\/medicinasinc.com\/lt\/","name":"Medicinas Inc","description":"Sveikatos medicinos klinika","potentialAction":[{"@type":"SearchAction","target":{"@type":"EntryPoint","urlTemplate":"https:\/\/medicinasinc.com\/lt\/?s={search_term_string}"},"query-input":{"@type":"PropertyValueSpecification","valueRequired":true,"valueName":"search_term_string"}}],"inLanguage":"en-US"}]}},"_links":{"self":[{"href":"https:\/\/medicinasinc.com\/lt\/wp-json\/wp\/v2\/product\/5124","targetHints":{"allow":["GET"]}}],"collection":[{"href":"https:\/\/medicinasinc.com\/lt\/wp-json\/wp\/v2\/product"}],"about":[{"href":"https:\/\/medicinasinc.com\/lt\/wp-json\/wp\/v2\/types\/product"}],"replies":[{"embeddable":true,"href":"https:\/\/medicinasinc.com\/lt\/wp-json\/wp\/v2\/comments?post=5124"}],"wp:featuredmedia":[{"embeddable":true,"href":"https:\/\/medicinasinc.com\/lt\/wp-json\/wp\/v2\/media\/5142"}],"wp:attachment":[{"href":"https:\/\/medicinasinc.com\/lt\/wp-json\/wp\/v2\/media?parent=5124"}],"wp:term":[{"taxonomy":"product_brand","embeddable":true,"href":"https:\/\/medicinasinc.com\/lt\/wp-json\/wp\/v2\/product_brand?post=5124"},{"taxonomy":"product_cat","embeddable":true,"href":"https:\/\/medicinasinc.com\/lt\/wp-json\/wp\/v2\/product_cat?post=5124"},{"taxonomy":"product_tag","embeddable":true,"href":"https:\/\/medicinasinc.com\/lt\/wp-json\/wp\/v2\/product_tag?post=5124"}],"curies":[{"name":"wp","href":"https:\/\/api.w.org\/{rel}","templated":true}]}}