{"id":5123,"date":"2022-02-20T20:39:42","date_gmt":"2022-02-20T20:39:42","guid":{"rendered":"https:\/\/medicinasinc.com\/lt\/?post_type=product&#038;p=5123"},"modified":"2022-03-20T12:24:36","modified_gmt":"2022-03-20T12:24:36","slug":"pirkti-alprox-2mg-xanax","status":"publish","type":"product","link":"https:\/\/medicinasinc.com\/lt\/product\/pirkti-alprox-2mg-xanax\/","title":{"rendered":"Pirkite Alprox 2mg (Xanax)"},"content":{"rendered":"<p>Ie\u0161kote parduodamo XANAX 2mg u\u017e priimtin\u0105 kain\u0105? Pasinaudokite \u017eemomis \u201eBest Global Meds\u201c kainomis ir greitu XANAX 2mg pristatymu iki pat nam\u0173!<\/p>\n<p>Jungtin\u0117je Karalyst\u0117je Alprazolamo galite \u012fsigyti internetu. JK\/ES Alprazolamo (Xanax) 2mg prek\u0117s \u017eenklas&#8230; Nerimo vaistai 2 mg tablet\u0117s yra stipresn\u0117s Jungtin\u0117je Karalyst\u0117je.<\/p>\n<p>Kur galiu \u012fsigyti Xanax internetu? Kur galiu nusipirkti Xanax 2MG internetu? Kur galiu nusipirkti Xanax 1MG internetu?<\/p>\n<p>Su Xanax galimas raminamasis ir raminantis poveikis.<\/p>\n<p>Xanax 2Mg Pirkti internetu JK Sunku morfologi\u0161kai matyti, kaip u\u017esisakyti Xanax Overnight. \u201eWaxier Wilburn\u201c prie\u0161tarauja \u201eXanax\u201c pirkimui internetu \u201eReddit\u201c subtiliau reklamuoja pasi\u016blym\u0105.<\/p>\n<p>Xanax be recepto galima pigiai \u012fsigyti internetu. Kur galiu nusipirkti fentermino urmu u\u017e ma\u017eiausi\u0105 kain\u0105? 2 mg xanax generini\u0173 vaist\u0173 vaizdai<\/p>\n<p>\u0160is vaistas vartojamas panikos ir nerimo sutrikimams, pvz., netik\u0117tai stipriai baimei ir streso sukeltai \u012ftampai, gydyti. Alprazolamas yra 0,5 MG, 1 MG, 2 MG tablet\u0117s. Geriausia prad\u0117ti nuo ma\u017eos doz\u0117s ir pereiti prie didesn\u0117s. Kad i\u0161vengtum\u0117te nutraukimo simptom\u0173, toki\u0173 kaip traukuliai, agresyvus elgesys, nery\u0161kus matymas ir pan., jei staiga nustosite vartoti \u0161\u012f vaist\u0105.<\/p>\n<p>Alprazolam 0,5 MG tablet\u0119 galima vartoti valgio metu arba nevalgius, atsi\u017evelgiant \u012f j\u016bs\u0173 pageidavim\u0105. Nevir\u0161ykite rekomenduojamos doz\u0117s. Jei pasteb\u0117jote bet kok\u012f \u0161alutin\u012f poveik\u012f, nedelsdami kreipkit\u0117s \u012f gydytoj\u0105. Kad i\u0161vengtum\u0117te bet koki\u0173 abstinencijos simptom\u0173, nenutraukite vaisto vartojimo prie\u0161 tai neapsilank\u0119 pas gydytoj\u0105!<\/p>\n<p>Kas yra \u0161iame procese<br \/> Neuron\u0173 membranos hiperpoliarizacija ir stabilumas pasiekiami d\u0117l \u0161io vaisto s\u0105veikos su chloridu. kanalus, o tai apsaugo nuo papildomo l\u0105steli\u0173 su\u017eadinimo.<\/p>\n","protected":false},"excerpt":{"rendered":"<p>Alprox 2mg tabletes galima \u012fsigyti internetu (Xanax). Kas yra Alprox 2mg? Ar galima nusipirkti internetu? Ar Alprox 2mg galima \u012fsigyti be recepto?<\/p>\n<p>\u012esigykite Alprazolam Xanax 2 mg tablet\u0119 JK ir Europoje m\u016bs\u0173 geriausi\u0173 pasaulio vaist\u0173 internetin\u0117je vaistin\u0117je su greitu pristatymu visame pasaulyje! \u010cia rasite geriausias Alprazolam 2 MG table\u010di\u0173 kainas!<\/p>\n<p>Xanax 2 mg tablet\u0117 vartojama panikos sutrikimams ir nerimui gydyti, pvz., netik\u0117tam intensyviam baimei ir streso sukeltai \u012ftampai. Pirkite Xanax 2 mg tablet\u0119. Geriausia prad\u0117ti nuo ma\u017eos doz\u0117s ir pereiti prie didesn\u0117s. Jei staiga nustosite vartoti \u0161\u012f vaist\u0105, gali atsirasti nutraukimo simptom\u0173, \u012fskaitant traukulius, agresyv\u0173 elges\u012f, nery\u0161k\u0173 matym\u0105 ir kt.<\/p>\n","protected":false},"featured_media":5140,"comment_status":"open","ping_status":"closed","template":"","meta":[],"product_brand":[],"product_cat":[703],"product_tag":[1129,1130,1131,1132,1137,1138,1139,1140,1145,1146,1147,1148,1150,1155,1156,1157,1158,1163,1164,1165,1166,1126,1125,1127,1128,1149,1151,1144,1162,1141,1183,1134,1135,1154,1133,1152,1142,1190,1159,1160,1136,1161,1170,1172,1174,1176,1177,1178,1179,1192,1180,1181,1182,1193,1171,1194,1185,1186,1187,1143,1153,1169,1168,1167,1189,1175,1173,1184,1191,1188],"class_list":{"0":"post-5123","1":"product","2":"type-product","3":"status-publish","4":"has-post-thumbnail","6":"product_cat-pirkti-psichodelinius-vaistus","7":"product_tag-alprazolam-1mg-blue","8":"product_tag-alprazolam-2mg-bars","9":"product_tag-alprazolam-and-alcohol","10":"product_tag-alprazolam-blue","11":"product_tag-alprazolam-dose-for-dogs","12":"product_tag-alprazolam-dosis-para-dormir-profundamente","13":"product_tag-alprazolam-efectos-secundarios","14":"product_tag-alprazolam-for-dogs","15":"product_tag-alprazolam-from-mexico","16":"product_tag-alprazolam-intensol","17":"product_tag-alprazolam-interactions","18":"product_tag-alprazolam-muscle-relaxant-dose","19":"product_tag-alprazolam-para-dormir","20":"product_tag-alprazolam-pronounce","21":"product_tag-alprazolam-psychonaut","22":"product_tag-alprazolam-refill-rules","23":"product_tag-alprazolam-reviews","24":"product_tag-alprazolam-vs-lorazepam","25":"product_tag-alprazolam-xanax","26":"product_tag-alprazolam-xr","27":"product_tag-alprazolam-yellow","28":"product_tag-alprazolamas-25-katms","29":"product_tag-alprazolamas-25","30":"product_tag-alprazolamas-0-25-mg","31":"product_tag-alprazolamas-0-5-mg-kaina","32":"product_tag-alprazolamas-internetas","33":"product_tag-alprazolamas-kam-jis-vartojamas","34":"product_tag-alprazolamas-miegui","35":"product_tag-alprazolamas-prie-klonazepam","36":"product_tag-alprazolamas-unims-internetu","37":"product_tag-yra-alprazolamas-kontroliuojama-mediaga","38":"product_tag-alprazolamo-buteliukas","39":"product_tag-alprazolamo-kaina","40":"product_tag-alprazolamas-kaina","41":"product_tag-alprazolamas-mlyna-tablet","42":"product_tag-alprazolamo-milteliai","43":"product_tag-alprazolamo-unims-alutinis-poveikis","44":"product_tag-sandoz-alprazolamas","45":"product_tag-alprazolamo-sintez","46":"product_tag-alprazolamas-lapimo-aptikimo-laikas","47":"product_tag-alprazolamas-unys","48":"product_tag-alprazolamo-vartojimas","49":"product_tag-ar-alprazolamas-gali-pakilti","50":"product_tag-diazepamas-vs-alprazolamas","51":"product_tag-difference-between-lorazepam-and-alprazolam","52":"product_tag-farmapram-alprazolam","53":"product_tag-farmapramas-alprazolamas-2-mg","54":"product_tag-flu-alprazolam","55":"product_tag-flualprazolamas-ir-alprazolamas","56":"product_tag-geriausia-vieta-alprazolamui-pirkti-internetu","57":"product_tag-greenstone-alprazolam","58":"product_tag-how-long-does-alprazolam-last-in-urine-reddit","59":"product_tag-kaip-pirkti-alprazolam-internetu","60":"product_tag-kas-yra-alprazolamas-naudojamas-dalintis","61":"product_tag-klonazepamas-ir-alprazolamas","62":"product_tag-kur-pirkti-alprazolam-internetu","63":"product_tag-lorazepamas-ir-alprazolamas","64":"product_tag-lorazepam-vs-alprazolam-reddit","65":"product_tag-meksikietikas-alprazolamas-2-mg","66":"product_tag-parduodamas-alprazolamas","67":"product_tag-alprazolamo-milteliai-parduodami","68":"product_tag-pirkimas-alprazolamas","69":"product_tag-pirkti-alprazolam-internetu","70":"product_tag-pirk-alprazolamas","71":"product_tag-purchase-alprazolam-online","72":"product_tag-gydytojai-kurie-skiria-alprazolam-alia-mans","73":"product_tag-skirtumas-tarp-alprazolamo-ir-lorazepamo","74":"product_tag-skystis-alprazolamas","75":"product_tag-snort-alprazolamas","76":"product_tag-u-c5-besisakyti-alprazolam-c4-85-internetas","78":"first","79":"instock","80":"shipping-taxable","81":"purchasable","82":"product-type-variable"},"yoast_head":"<!-- This site is optimized with the Yoast SEO plugin v27.3 - https:\/\/yoast.com\/product\/yoast-seo-wordpress\/ -->\n<title>Pirkite Alprox 2mg (Xanax) \u2013 u\u017esisakykite Xanax \u2013 geriausius pasaulinius vaistus<\/title>\n<meta name=\"description\" content=\"Pirkite Alprox 2mg tabletes internetu (Xanax). pirkite Alprox internetu, Alprox internetu, pirkite alprox internetu, perkate xanax, Pirkite Alprazolam Xanax 2 mg tablet\u0119 JK, Europa\" \/>\n<meta name=\"robots\" content=\"index, follow, max-snippet:-1, max-image-preview:large, max-video-preview:-1\" \/>\n<link rel=\"canonical\" href=\"https:\/\/medicinasinc.com\/lt\/product\/pirkti-alprox-2mg-xanax\/\" \/>\n<meta property=\"og:locale\" content=\"en_US\" \/>\n<meta property=\"og:type\" content=\"article\" \/>\n<meta property=\"og:title\" content=\"Pirkite Alprox 2mg (Xanax) \u2013 u\u017esisakykite Xanax \u2013 geriausius pasaulinius vaistus\" \/>\n<meta property=\"og:description\" content=\"Pirkite Alprox 2mg tabletes internetu (Xanax). pirkite Alprox internetu, Alprox internetu, pirkite alprox internetu, perkate xanax, Pirkite Alprazolam Xanax 2 mg tablet\u0119 JK, Europa\" \/>\n<meta property=\"og:url\" content=\"https:\/\/medicinasinc.com\/lt\/product\/pirkti-alprox-2mg-xanax\/\" \/>\n<meta property=\"og:site_name\" content=\"Medicinas Inc\" \/>\n<meta property=\"article:modified_time\" content=\"2022-03-20T12:24:36+00:00\" \/>\n<meta property=\"og:image\" content=\"https:\/\/medicinasinc.com\/lt\/wp-content\/uploads\/sites\/9\/2022\/02\/Buy-Alprox-2mg.jpg\" \/>\n\t<meta property=\"og:image:width\" content=\"600\" \/>\n\t<meta property=\"og:image:height\" content=\"600\" \/>\n\t<meta property=\"og:image:type\" content=\"image\/jpeg\" \/>\n<meta name=\"twitter:card\" content=\"summary_large_image\" \/>\n<meta name=\"twitter:label1\" content=\"Est. reading time\" \/>\n\t<meta name=\"twitter:data1\" content=\"2 minutes\" \/>\n<script type=\"application\/ld+json\" class=\"yoast-schema-graph\">{\"@context\":\"https:\\\/\\\/schema.org\",\"@graph\":[{\"@type\":\"WebPage\",\"@id\":\"https:\\\/\\\/medicinasinc.com\\\/lt\\\/product\\\/pirkti-alprox-2mg-xanax\\\/\",\"url\":\"https:\\\/\\\/medicinasinc.com\\\/lt\\\/product\\\/pirkti-alprox-2mg-xanax\\\/\",\"name\":\"Pirkite Alprox 2mg (Xanax) \u2013 u\u017esisakykite Xanax \u2013 geriausius pasaulinius vaistus\",\"isPartOf\":{\"@id\":\"https:\\\/\\\/medicinasinc.com\\\/lt\\\/#website\"},\"primaryImageOfPage\":{\"@id\":\"https:\\\/\\\/medicinasinc.com\\\/lt\\\/product\\\/pirkti-alprox-2mg-xanax\\\/#primaryimage\"},\"image\":{\"@id\":\"https:\\\/\\\/medicinasinc.com\\\/lt\\\/product\\\/pirkti-alprox-2mg-xanax\\\/#primaryimage\"},\"thumbnailUrl\":\"https:\\\/\\\/medicinasinc.com\\\/lt\\\/wp-content\\\/uploads\\\/sites\\\/9\\\/2022\\\/02\\\/Buy-Alprox-2mg.jpg\",\"datePublished\":\"2022-02-20T20:39:42+00:00\",\"dateModified\":\"2022-03-20T12:24:36+00:00\",\"description\":\"Pirkite Alprox 2mg tabletes internetu (Xanax). pirkite Alprox internetu, Alprox internetu, pirkite alprox internetu, perkate xanax, Pirkite Alprazolam Xanax 2 mg tablet\u0119 JK, Europa\",\"breadcrumb\":{\"@id\":\"https:\\\/\\\/medicinasinc.com\\\/lt\\\/product\\\/pirkti-alprox-2mg-xanax\\\/#breadcrumb\"},\"inLanguage\":\"en-US\",\"potentialAction\":[{\"@type\":\"ReadAction\",\"target\":[\"https:\\\/\\\/medicinasinc.com\\\/lt\\\/product\\\/pirkti-alprox-2mg-xanax\\\/\"]}]},{\"@type\":\"ImageObject\",\"inLanguage\":\"en-US\",\"@id\":\"https:\\\/\\\/medicinasinc.com\\\/lt\\\/product\\\/pirkti-alprox-2mg-xanax\\\/#primaryimage\",\"url\":\"https:\\\/\\\/medicinasinc.com\\\/lt\\\/wp-content\\\/uploads\\\/sites\\\/9\\\/2022\\\/02\\\/Buy-Alprox-2mg.jpg\",\"contentUrl\":\"https:\\\/\\\/medicinasinc.com\\\/lt\\\/wp-content\\\/uploads\\\/sites\\\/9\\\/2022\\\/02\\\/Buy-Alprox-2mg.jpg\",\"width\":600,\"height\":600},{\"@type\":\"BreadcrumbList\",\"@id\":\"https:\\\/\\\/medicinasinc.com\\\/lt\\\/product\\\/pirkti-alprox-2mg-xanax\\\/#breadcrumb\",\"itemListElement\":[{\"@type\":\"ListItem\",\"position\":1,\"name\":\"Parduotuv\u0117\",\"item\":\"https:\\\/\\\/medicinasinc.com\\\/lt\\\/parduotuve\\\/\"},{\"@type\":\"ListItem\",\"position\":2,\"name\":\"Pirkite Alprox 2mg (Xanax)\"}]},{\"@type\":\"WebSite\",\"@id\":\"https:\\\/\\\/medicinasinc.com\\\/lt\\\/#website\",\"url\":\"https:\\\/\\\/medicinasinc.com\\\/lt\\\/\",\"name\":\"Medicinas Inc\",\"description\":\"Sveikatos medicinos klinika\",\"potentialAction\":[{\"@type\":\"SearchAction\",\"target\":{\"@type\":\"EntryPoint\",\"urlTemplate\":\"https:\\\/\\\/medicinasinc.com\\\/lt\\\/?s={search_term_string}\"},\"query-input\":{\"@type\":\"PropertyValueSpecification\",\"valueRequired\":true,\"valueName\":\"search_term_string\"}}],\"inLanguage\":\"en-US\"}]}<\/script>\n<!-- \/ Yoast SEO plugin. -->","yoast_head_json":{"title":"Pirkite Alprox 2mg (Xanax) \u2013 u\u017esisakykite Xanax \u2013 geriausius pasaulinius vaistus","description":"Pirkite Alprox 2mg tabletes internetu (Xanax). pirkite Alprox internetu, Alprox internetu, pirkite alprox internetu, perkate xanax, Pirkite Alprazolam Xanax 2 mg tablet\u0119 JK, Europa","robots":{"index":"index","follow":"follow","max-snippet":"max-snippet:-1","max-image-preview":"max-image-preview:large","max-video-preview":"max-video-preview:-1"},"canonical":"https:\/\/medicinasinc.com\/lt\/product\/pirkti-alprox-2mg-xanax\/","og_locale":"en_US","og_type":"article","og_title":"Pirkite Alprox 2mg (Xanax) \u2013 u\u017esisakykite Xanax \u2013 geriausius pasaulinius vaistus","og_description":"Pirkite Alprox 2mg tabletes internetu (Xanax). pirkite Alprox internetu, Alprox internetu, pirkite alprox internetu, perkate xanax, Pirkite Alprazolam Xanax 2 mg tablet\u0119 JK, Europa","og_url":"https:\/\/medicinasinc.com\/lt\/product\/pirkti-alprox-2mg-xanax\/","og_site_name":"Medicinas Inc","article_modified_time":"2022-03-20T12:24:36+00:00","og_image":[{"width":600,"height":600,"url":"https:\/\/medicinasinc.com\/lt\/wp-content\/uploads\/sites\/9\/2022\/02\/Buy-Alprox-2mg.jpg","type":"image\/jpeg"}],"twitter_card":"summary_large_image","twitter_misc":{"Est. reading time":"2 minutes"},"schema":{"@context":"https:\/\/schema.org","@graph":[{"@type":"WebPage","@id":"https:\/\/medicinasinc.com\/lt\/product\/pirkti-alprox-2mg-xanax\/","url":"https:\/\/medicinasinc.com\/lt\/product\/pirkti-alprox-2mg-xanax\/","name":"Pirkite Alprox 2mg (Xanax) \u2013 u\u017esisakykite Xanax \u2013 geriausius pasaulinius vaistus","isPartOf":{"@id":"https:\/\/medicinasinc.com\/lt\/#website"},"primaryImageOfPage":{"@id":"https:\/\/medicinasinc.com\/lt\/product\/pirkti-alprox-2mg-xanax\/#primaryimage"},"image":{"@id":"https:\/\/medicinasinc.com\/lt\/product\/pirkti-alprox-2mg-xanax\/#primaryimage"},"thumbnailUrl":"https:\/\/medicinasinc.com\/lt\/wp-content\/uploads\/sites\/9\/2022\/02\/Buy-Alprox-2mg.jpg","datePublished":"2022-02-20T20:39:42+00:00","dateModified":"2022-03-20T12:24:36+00:00","description":"Pirkite Alprox 2mg tabletes internetu (Xanax). pirkite Alprox internetu, Alprox internetu, pirkite alprox internetu, perkate xanax, Pirkite Alprazolam Xanax 2 mg tablet\u0119 JK, Europa","breadcrumb":{"@id":"https:\/\/medicinasinc.com\/lt\/product\/pirkti-alprox-2mg-xanax\/#breadcrumb"},"inLanguage":"en-US","potentialAction":[{"@type":"ReadAction","target":["https:\/\/medicinasinc.com\/lt\/product\/pirkti-alprox-2mg-xanax\/"]}]},{"@type":"ImageObject","inLanguage":"en-US","@id":"https:\/\/medicinasinc.com\/lt\/product\/pirkti-alprox-2mg-xanax\/#primaryimage","url":"https:\/\/medicinasinc.com\/lt\/wp-content\/uploads\/sites\/9\/2022\/02\/Buy-Alprox-2mg.jpg","contentUrl":"https:\/\/medicinasinc.com\/lt\/wp-content\/uploads\/sites\/9\/2022\/02\/Buy-Alprox-2mg.jpg","width":600,"height":600},{"@type":"BreadcrumbList","@id":"https:\/\/medicinasinc.com\/lt\/product\/pirkti-alprox-2mg-xanax\/#breadcrumb","itemListElement":[{"@type":"ListItem","position":1,"name":"Parduotuv\u0117","item":"https:\/\/medicinasinc.com\/lt\/parduotuve\/"},{"@type":"ListItem","position":2,"name":"Pirkite Alprox 2mg (Xanax)"}]},{"@type":"WebSite","@id":"https:\/\/medicinasinc.com\/lt\/#website","url":"https:\/\/medicinasinc.com\/lt\/","name":"Medicinas Inc","description":"Sveikatos medicinos klinika","potentialAction":[{"@type":"SearchAction","target":{"@type":"EntryPoint","urlTemplate":"https:\/\/medicinasinc.com\/lt\/?s={search_term_string}"},"query-input":{"@type":"PropertyValueSpecification","valueRequired":true,"valueName":"search_term_string"}}],"inLanguage":"en-US"}]}},"_links":{"self":[{"href":"https:\/\/medicinasinc.com\/lt\/wp-json\/wp\/v2\/product\/5123","targetHints":{"allow":["GET"]}}],"collection":[{"href":"https:\/\/medicinasinc.com\/lt\/wp-json\/wp\/v2\/product"}],"about":[{"href":"https:\/\/medicinasinc.com\/lt\/wp-json\/wp\/v2\/types\/product"}],"replies":[{"embeddable":true,"href":"https:\/\/medicinasinc.com\/lt\/wp-json\/wp\/v2\/comments?post=5123"}],"wp:featuredmedia":[{"embeddable":true,"href":"https:\/\/medicinasinc.com\/lt\/wp-json\/wp\/v2\/media\/5140"}],"wp:attachment":[{"href":"https:\/\/medicinasinc.com\/lt\/wp-json\/wp\/v2\/media?parent=5123"}],"wp:term":[{"taxonomy":"product_brand","embeddable":true,"href":"https:\/\/medicinasinc.com\/lt\/wp-json\/wp\/v2\/product_brand?post=5123"},{"taxonomy":"product_cat","embeddable":true,"href":"https:\/\/medicinasinc.com\/lt\/wp-json\/wp\/v2\/product_cat?post=5123"},{"taxonomy":"product_tag","embeddable":true,"href":"https:\/\/medicinasinc.com\/lt\/wp-json\/wp\/v2\/product_tag?post=5123"}],"curies":[{"name":"wp","href":"https:\/\/api.w.org\/{rel}","templated":true}]}}