{"id":5122,"date":"2022-02-20T20:38:15","date_gmt":"2022-02-20T20:38:15","guid":{"rendered":"https:\/\/medicinasinc.com\/lt\/?post_type=product&#038;p=5122"},"modified":"2022-03-20T12:24:45","modified_gmt":"2022-03-20T12:24:45","slug":"pirkti-adderall-30-mg","status":"publish","type":"product","link":"https:\/\/medicinasinc.com\/lt\/product\/pirkti-adderall-30-mg\/","title":{"rendered":"Pirkite Adderall 30 mg"},"content":{"rendered":"<p>\u012esigykite Adderall 30 mg geriam\u0173j\u0173 table\u010di\u0173 internetu naudodami Bitcoin. Be to, jis vartojamas d\u0117mesio stokos hiperaktyvumo sutrikimui (ADHD) ir narkolepsijai gydyti.<\/p>\n<p>Pirkite Adderall 30 mg internetu su greitu pristatymu i\u0161 m\u016bs\u0173 Global Med internetin\u0117s vaistin\u0117s! Did\u017eiausi\u0105 Adderall 30 mg, kur\u012f galite \u012fsigyti, rasite \u010dia!<\/p>\n<p>Adderall 30 MG yra receptinis vaistas, gaunamas mai\u0161ant ir dekstroamfetamin\u0105. \u0160ie du komponentai veikia kaip pagrindiniai nerv\u0173 sistemos stimuliatoriai. Be to, \u0161ie stimuliatoriai veikia smegen\u0173 chemines med\u017eiagas ir neuronus, kurie reguliuoja impulsus ir hiperaktyvum\u0105. Vaistas pirmiausia naudojamas narkolepsijai ir d\u0117mesio deficito hiperaktyvumo sutrikimui (ADHD) gydyti. Vartojimas leid\u017eiamas tam tikrose \u0161alyse, b\u016btent Kanadoje ir Jungtin\u0117se Amerikos Valstijose.<\/p>\n<p>Rim\u010diausia problema, susijusi su Pirkti Adderall 30Mg internetu, yra \u017eodis, kuris prasideda raide W<\/p>\n<p>Kiekviena dukra arba berniukas gimsta su gana gera atmintimi.<\/p>\n<p>\u012esigykite Adderall 30mg. Recepto nereikia. Siuntimas yra visi\u0161kai saugus ir diskreti\u0161kas. Galimas pristatymas per nakt\u012f. Garantuoti pinigai gr\u0105\u017einti.<\/p>\n<p>Adderall tabletes galite \u012fsigyti be recepto internetu, Adderall atidarius asmenin\u012f kompiuter\u012f ir Ar galiu \u012fsigyti Adderall internetu.<\/p>\n<p>Dozavimo atsargumo priemon\u0117s:<\/p>\n<p> Nors \u017emogui gali prireikti Adderall XR, jis ar ji tur\u0117t\u0173 apsilankyti pas gydytoj\u0105 prie\u0161 su\u0161virk\u0161tus pirm\u0105j\u0105 doz\u0119, jei turi padid\u0117jus\u012f skydliauk\u0117s aktyvum\u0105, vidutinio sunkumo ar sunk\u0173 auk\u0161t\u0105 kraujosp\u016bd\u012f, glaukom\u0105, bet kok\u012f \u0161irdies negalavim\u0105 arba anks\u010diau buvo priklausomas nuo narkotik\u0173 ar alkoholio. Be to, asmenys raginami nepiktnaud\u017eiauti vaist\u0173 dozavimu, nes tai gali sukelti didel\u012f neigiam\u0105 poveik\u012f \u0161ird\u017eiai arba, blogiausiu atveju, mirt\u012f.<\/p>\n<p>Teigiamas rezultatas:<\/p>\n<p>Kaip ir bet kurios med\u017eiagos, jos valgymas turi daug teigiam\u0173 ir blog\u0173 padarini\u0173. Be to, Adderall 30 MG turi. Pasteb\u0117ta, kad jo naudojimas trumpesn\u012f laik\u0105, kaip nurod\u0117 gydytojas, turi teigiam\u0105 poveik\u012f \u017emogaus sveikatai, nes u\u017ekerta keli\u0105 ADHD simptomams. Taip nutinka d\u0117l \u0161i\u0173 prie\u017eas\u010di\u0173:<\/p>\n<p>Jis padidina neurotransmiteri\u0173, toki\u0173 kaip dopamino ir norepinefrino, kiek\u012f m\u016bs\u0173 smegenyse. Be to, \u0161ie specifiniai junginiai smegenyse padeda pagerinti energijos lyg\u012f, budrum\u0105 ir susikaupim\u0105.<br \/> Vaistai gali pagreitinti \u0161irdies susitraukim\u0173 da\u017en\u012f ir palaikyti raumen\u0173 apr\u016bpinim\u0105 krauju.<br \/> Nuolatinis gydytoj\u0173 nurodym\u0173 vartojimas gali pad\u0117ti. padidina energij\u0105 ir energingum\u0105, o tai prilygsta kokaino vartojimui.<br \/> Neigiamas rezultatas:<\/p>\n<p>D\u0117l to, kad Adderall 30 MG yra labai jautrus vaistas, jis vartojamas be gydytojo receptas gali tur\u0117ti neigiamos \u012ftakos j\u016bs\u0173 sveikatai.<\/p>\n<p>Dirglumas<br \/> Svorio ma\u017einimas, kuris yra nesveikas d\u0117l apetito slopinimo<br \/> Nemiga ir sutrik\u0119s miegas<br \/> Sunkios \u0161irdies komplikacijos<\/p>\n<p>&nbsp;<\/p>\n<p>&nbsp;<\/p>\n<p>&nbsp;<\/p>\n<p>Piktnaud\u017eiavimo atveju:<\/p>\n<p>Gydytojai visada patar\u0117 pacient\u0173 vaistus vartoti atsargiai, o jei buvo piktnaud\u017eiaujama Adderall 30 MG, tai padidino energijos lyg\u012f ir stipr\u0173 pagyv\u0117jim\u0105. Be to, per didelis pastarosios med\u017eiagos vartojimas gali sukelti nemaloni\u0173 simptom\u0173, toki\u0173 kaip:<\/p>\n<p>Suma\u017e\u0117j\u0119s d\u0117mesys konkre\u010dioms u\u017eduotims;<br \/> Depresija ir vangumas;<br \/> Nepamir\u0161kite \u0161i\u0173 nuovargio ta\u0161k\u0173:<\/p>\n<p>Be to, prie\u0161 vartojant Adderall 30 MG reikia atsi\u017evelgti \u012f kelet\u0105 dalyk\u0173.<\/p>\n<p>Tyr\u0117jai patar\u0117 \u017emon\u0117ms jo nevartoti, jei jie vartojo MAO inhibitori\u0173, toki\u0173 kaip linezolidas, metileno m\u0117lynojo injekcija, izokarboksazidas ar razagilinas. per pastar\u0105sias 14 dien\u0173, nes tai gali sukelti sunki\u0105 farmakologin\u0119 s\u0105veik\u0105, kuri tikrai yra nesveika.<\/p>\n<p>Be to, asmuo, alergi\u0161kas stimuliuojantiems vaistams, tur\u0117t\u0173 to vengti arba jei jis jau susidoroja su taip:<\/p>\n<p>Bet kokia rimta vainikini\u0173 arterij\u0173 ar \u0161irdies liga.<br \/> Hipertenzija (nuo normalios iki didel\u0117s)<br \/> Nerimas ir stresas \u2013 vis\u0173 laik\u0173 did\u017eiausias.<br \/> Priklausomyb\u0117 nuo narkotik\u0173 ar alkoholio<br \/> K\u0105 daryti, jei kas nors priklauso nuo Adderall XR?<\/p>\n<p>Priklausomyb\u0117 nuo tokios med\u017eiagos gali pasireik\u0161ti dviem b\u016bdais: psichologine ir fizine.<\/p>\n<p>Jei \u017emogus j\u0105 vartoja kasdien ir tai \u012fsitvirtina jo gyvenime, jam i\u0161sivystys psichologin\u0117 priklausomyb\u0117 arba priklausomyb\u0117 nuo jo. Be to, prieigos prie jo apribojimas d\u0117l bet kokios prie\u017easties gali sukelti nerim\u0105, o psichi\u0161kai priklausomi asmenys nuolat patirs stres\u0105 ar galvos skausm\u0105.<\/p>\n<p>Be to, psichi\u0161kai priklausomiems asmenims vartojimas da\u017enai i\u0161auga iki pavojingo lygio ir jie yra priversti toliau gerti net rizikuodami savo gyvybe. Ta\u010diau \u0161iuo atveju galimas gydymas. \u0160\u012f elgesio model\u012f galima pakeisti psichiatriniu gydymu. Pasak specialist\u0173, terapija, vadinama kognityvine elgesio terapija, gali b\u016bti naudinga.<\/p>\n<p>Antra, kai \u017emogus yra \u012fprat\u0119s, kad jo smegenyse yra didesnis dopamino kiekis, suma\u017einus Adderall XR, gali suma\u017e\u0117ti dopamino kiekis. lygius, d\u0117l kuri\u0173 atsiranda:<\/p>\n<p>&nbsp;<\/p>\n<p>Depresija arba i\u0161sekimas<br \/> Nenat\u016bralus miegas arba ne\u012fprastai ilgai nemiegantis.<\/p>\n<p>Tai yra \u010dia b\u016btina pabr\u0117\u017eti, kad fizin\u0117 priklausomyb\u0117 gali sukelti nor\u0105 vartoti daugiau med\u017eiagos, kad b\u016bt\u0173 i\u0161laikytas pasitenkinimas, o tai gali sukelti \u012fvairius neigiamus padarinius ir perdozavim\u0105.<\/p>\n<p>Ta\u010diau vartojant juos tik vadovaujant specialistui arba su did\u017eiausiu apdairumu gali apsaugoti \u017emones nuo neigiam\u0173 pasekmi\u0173.<\/p>\n","protected":false},"excerpt":{"rendered":"<p>\u012esigykite Adderall 30 mg Jungtin\u0117je Karalyst\u0117je ir Europoje i\u0161 m\u016bs\u0173 Best Global Meds internetin\u0117s vaistin\u0117s su greitu tarptautiniu pristatymu! \u010cia rasite geriausi\u0105 Adderall 30 mg, kur\u012f galite \u012fsigyti \u010dia!<\/p>\n<p>\u012esigykite Adderall 30 mg internetu. \u012esigykite Adderall 30 mg internetu i\u0161 vieno did\u017eiausi\u0173 internetini\u0173 prekybinink\u0173 u\u017e geriausi\u0105 kain\u0105. Adderall taip pat \u017einomas kaip amfetaminas ir dekstroamfetaminas ir vartojamas d\u0117mesio deficito hiperaktyvumo sutrikimui (ADHD) (d\u0117mesio stokos hiperaktyvumo sutrikimui) gydyti.<\/p>\n<p>Adderall 30 MG yra receptinis vaistas, gaunamas mai\u0161ant ir dekstroamfetamin\u0105. \u0160ie du komponentai veikia kaip pagrindiniai nerv\u0173 sistemos stimuliatoriai. Be to, \u0161ie stimuliatoriai veikia smegen\u0173 chemines med\u017eiagas ir neuronus, kurie reguliuoja impulsus ir hiperaktyvum\u0105.<\/p>\n","protected":false},"featured_media":5138,"comment_status":"open","ping_status":"closed","template":"","meta":[],"product_brand":[],"product_cat":[1117],"product_tag":[1123,1120,1124,1121,1118,1119,1122],"class_list":{"0":"post-5122","1":"product","2":"type-product","3":"status-publish","4":"has-post-thumbnail","6":"product_cat-pirkite-skausmo-miego-ir-sekso-tabletes","7":"product_tag-geriausia-vieta-pirkti-adderall-30-mg-online","8":"product_tag-kaip-pirkti-adderall-30-mg-online","9":"product_tag-kur-pirkti-adderall-30-mg-online","10":"product_tag-order-adderall-30-mg-online","11":"product_tag-adderall-30-mg-parduodamas","12":"product_tag-pirkti-adderall-30-mg-online","13":"product_tag-purchase-adderall-30-mg-online","15":"first","16":"instock","17":"shipping-taxable","18":"purchasable","19":"product-type-variable","20":"has-default-attributes"},"yoast_head":"<!-- This site is optimized with the Yoast SEO plugin v27.3 - https:\/\/yoast.com\/product\/yoast-seo-wordpress\/ -->\n<title>Pirkite Adderall 30 mg \u2013 Adderall 30 mg \u2013 geriausius pasaulinius vaistus<\/title>\n<meta name=\"description\" content=\"Pirkite Adderall 30 mg tabletes internetu. Pirkite Adderall internetu 30 mg vieno i\u0161 geriausi\u0173 ma\u017emeninink\u0173 internetu u\u017e geriausi\u0105 kain\u0105. Adderall taip pat \u017einomas kaip amfetaminas ir dekstroamfetaminas, vartojami ADHD (d\u0117mesio stokos hiperaktyvumo sutrikimui) gydyti.\" \/>\n<meta name=\"robots\" content=\"index, follow, max-snippet:-1, max-image-preview:large, max-video-preview:-1\" \/>\n<link rel=\"canonical\" href=\"https:\/\/medicinasinc.com\/lt\/product\/pirkti-adderall-30-mg\/\" \/>\n<meta property=\"og:locale\" content=\"en_US\" \/>\n<meta property=\"og:type\" content=\"article\" \/>\n<meta property=\"og:title\" content=\"Pirkite Adderall 30 mg \u2013 Adderall 30 mg \u2013 geriausius pasaulinius vaistus\" \/>\n<meta property=\"og:description\" content=\"Pirkite Adderall 30 mg tabletes internetu. Pirkite Adderall internetu 30 mg vieno i\u0161 geriausi\u0173 ma\u017emeninink\u0173 internetu u\u017e geriausi\u0105 kain\u0105. Adderall taip pat \u017einomas kaip amfetaminas ir dekstroamfetaminas, vartojami ADHD (d\u0117mesio stokos hiperaktyvumo sutrikimui) gydyti.\" \/>\n<meta property=\"og:url\" content=\"https:\/\/medicinasinc.com\/lt\/product\/pirkti-adderall-30-mg\/\" \/>\n<meta property=\"og:site_name\" content=\"Medicinas Inc\" \/>\n<meta property=\"article:modified_time\" content=\"2022-03-20T12:24:45+00:00\" \/>\n<meta property=\"og:image\" content=\"https:\/\/medicinasinc.com\/lt\/wp-content\/uploads\/sites\/9\/2022\/02\/Buy-Adderall-30-MG.jpg\" \/>\n\t<meta property=\"og:image:width\" content=\"392\" \/>\n\t<meta property=\"og:image:height\" content=\"300\" \/>\n\t<meta property=\"og:image:type\" content=\"image\/jpeg\" \/>\n<meta name=\"twitter:card\" content=\"summary_large_image\" \/>\n<meta name=\"twitter:label1\" content=\"Est. reading time\" \/>\n\t<meta name=\"twitter:data1\" content=\"4 minutes\" \/>\n<script type=\"application\/ld+json\" class=\"yoast-schema-graph\">{\"@context\":\"https:\\\/\\\/schema.org\",\"@graph\":[{\"@type\":\"WebPage\",\"@id\":\"https:\\\/\\\/medicinasinc.com\\\/lt\\\/product\\\/pirkti-adderall-30-mg\\\/\",\"url\":\"https:\\\/\\\/medicinasinc.com\\\/lt\\\/product\\\/pirkti-adderall-30-mg\\\/\",\"name\":\"Pirkite Adderall 30 mg \u2013 Adderall 30 mg \u2013 geriausius pasaulinius vaistus\",\"isPartOf\":{\"@id\":\"https:\\\/\\\/medicinasinc.com\\\/lt\\\/#website\"},\"primaryImageOfPage\":{\"@id\":\"https:\\\/\\\/medicinasinc.com\\\/lt\\\/product\\\/pirkti-adderall-30-mg\\\/#primaryimage\"},\"image\":{\"@id\":\"https:\\\/\\\/medicinasinc.com\\\/lt\\\/product\\\/pirkti-adderall-30-mg\\\/#primaryimage\"},\"thumbnailUrl\":\"https:\\\/\\\/medicinasinc.com\\\/lt\\\/wp-content\\\/uploads\\\/sites\\\/9\\\/2022\\\/02\\\/Buy-Adderall-30-MG.jpg\",\"datePublished\":\"2022-02-20T20:38:15+00:00\",\"dateModified\":\"2022-03-20T12:24:45+00:00\",\"description\":\"Pirkite Adderall 30 mg tabletes internetu. Pirkite Adderall internetu 30 mg vieno i\u0161 geriausi\u0173 ma\u017emeninink\u0173 internetu u\u017e geriausi\u0105 kain\u0105. Adderall taip pat \u017einomas kaip amfetaminas ir dekstroamfetaminas, vartojami ADHD (d\u0117mesio stokos hiperaktyvumo sutrikimui) gydyti.\",\"breadcrumb\":{\"@id\":\"https:\\\/\\\/medicinasinc.com\\\/lt\\\/product\\\/pirkti-adderall-30-mg\\\/#breadcrumb\"},\"inLanguage\":\"en-US\",\"potentialAction\":[{\"@type\":\"ReadAction\",\"target\":[\"https:\\\/\\\/medicinasinc.com\\\/lt\\\/product\\\/pirkti-adderall-30-mg\\\/\"]}]},{\"@type\":\"ImageObject\",\"inLanguage\":\"en-US\",\"@id\":\"https:\\\/\\\/medicinasinc.com\\\/lt\\\/product\\\/pirkti-adderall-30-mg\\\/#primaryimage\",\"url\":\"https:\\\/\\\/medicinasinc.com\\\/lt\\\/wp-content\\\/uploads\\\/sites\\\/9\\\/2022\\\/02\\\/Buy-Adderall-30-MG.jpg\",\"contentUrl\":\"https:\\\/\\\/medicinasinc.com\\\/lt\\\/wp-content\\\/uploads\\\/sites\\\/9\\\/2022\\\/02\\\/Buy-Adderall-30-MG.jpg\",\"width\":392,\"height\":300},{\"@type\":\"BreadcrumbList\",\"@id\":\"https:\\\/\\\/medicinasinc.com\\\/lt\\\/product\\\/pirkti-adderall-30-mg\\\/#breadcrumb\",\"itemListElement\":[{\"@type\":\"ListItem\",\"position\":1,\"name\":\"Parduotuv\u0117\",\"item\":\"https:\\\/\\\/medicinasinc.com\\\/lt\\\/parduotuve\\\/\"},{\"@type\":\"ListItem\",\"position\":2,\"name\":\"Pirkite Adderall 30 mg\"}]},{\"@type\":\"WebSite\",\"@id\":\"https:\\\/\\\/medicinasinc.com\\\/lt\\\/#website\",\"url\":\"https:\\\/\\\/medicinasinc.com\\\/lt\\\/\",\"name\":\"Medicinas Inc\",\"description\":\"Sveikatos medicinos klinika\",\"potentialAction\":[{\"@type\":\"SearchAction\",\"target\":{\"@type\":\"EntryPoint\",\"urlTemplate\":\"https:\\\/\\\/medicinasinc.com\\\/lt\\\/?s={search_term_string}\"},\"query-input\":{\"@type\":\"PropertyValueSpecification\",\"valueRequired\":true,\"valueName\":\"search_term_string\"}}],\"inLanguage\":\"en-US\"}]}<\/script>\n<!-- \/ Yoast SEO plugin. -->","yoast_head_json":{"title":"Pirkite Adderall 30 mg \u2013 Adderall 30 mg \u2013 geriausius pasaulinius vaistus","description":"Pirkite Adderall 30 mg tabletes internetu. Pirkite Adderall internetu 30 mg vieno i\u0161 geriausi\u0173 ma\u017emeninink\u0173 internetu u\u017e geriausi\u0105 kain\u0105. Adderall taip pat \u017einomas kaip amfetaminas ir dekstroamfetaminas, vartojami ADHD (d\u0117mesio stokos hiperaktyvumo sutrikimui) gydyti.","robots":{"index":"index","follow":"follow","max-snippet":"max-snippet:-1","max-image-preview":"max-image-preview:large","max-video-preview":"max-video-preview:-1"},"canonical":"https:\/\/medicinasinc.com\/lt\/product\/pirkti-adderall-30-mg\/","og_locale":"en_US","og_type":"article","og_title":"Pirkite Adderall 30 mg \u2013 Adderall 30 mg \u2013 geriausius pasaulinius vaistus","og_description":"Pirkite Adderall 30 mg tabletes internetu. Pirkite Adderall internetu 30 mg vieno i\u0161 geriausi\u0173 ma\u017emeninink\u0173 internetu u\u017e geriausi\u0105 kain\u0105. Adderall taip pat \u017einomas kaip amfetaminas ir dekstroamfetaminas, vartojami ADHD (d\u0117mesio stokos hiperaktyvumo sutrikimui) gydyti.","og_url":"https:\/\/medicinasinc.com\/lt\/product\/pirkti-adderall-30-mg\/","og_site_name":"Medicinas Inc","article_modified_time":"2022-03-20T12:24:45+00:00","og_image":[{"width":392,"height":300,"url":"https:\/\/medicinasinc.com\/lt\/wp-content\/uploads\/sites\/9\/2022\/02\/Buy-Adderall-30-MG.jpg","type":"image\/jpeg"}],"twitter_card":"summary_large_image","twitter_misc":{"Est. reading time":"4 minutes"},"schema":{"@context":"https:\/\/schema.org","@graph":[{"@type":"WebPage","@id":"https:\/\/medicinasinc.com\/lt\/product\/pirkti-adderall-30-mg\/","url":"https:\/\/medicinasinc.com\/lt\/product\/pirkti-adderall-30-mg\/","name":"Pirkite Adderall 30 mg \u2013 Adderall 30 mg \u2013 geriausius pasaulinius vaistus","isPartOf":{"@id":"https:\/\/medicinasinc.com\/lt\/#website"},"primaryImageOfPage":{"@id":"https:\/\/medicinasinc.com\/lt\/product\/pirkti-adderall-30-mg\/#primaryimage"},"image":{"@id":"https:\/\/medicinasinc.com\/lt\/product\/pirkti-adderall-30-mg\/#primaryimage"},"thumbnailUrl":"https:\/\/medicinasinc.com\/lt\/wp-content\/uploads\/sites\/9\/2022\/02\/Buy-Adderall-30-MG.jpg","datePublished":"2022-02-20T20:38:15+00:00","dateModified":"2022-03-20T12:24:45+00:00","description":"Pirkite Adderall 30 mg tabletes internetu. Pirkite Adderall internetu 30 mg vieno i\u0161 geriausi\u0173 ma\u017emeninink\u0173 internetu u\u017e geriausi\u0105 kain\u0105. Adderall taip pat \u017einomas kaip amfetaminas ir dekstroamfetaminas, vartojami ADHD (d\u0117mesio stokos hiperaktyvumo sutrikimui) gydyti.","breadcrumb":{"@id":"https:\/\/medicinasinc.com\/lt\/product\/pirkti-adderall-30-mg\/#breadcrumb"},"inLanguage":"en-US","potentialAction":[{"@type":"ReadAction","target":["https:\/\/medicinasinc.com\/lt\/product\/pirkti-adderall-30-mg\/"]}]},{"@type":"ImageObject","inLanguage":"en-US","@id":"https:\/\/medicinasinc.com\/lt\/product\/pirkti-adderall-30-mg\/#primaryimage","url":"https:\/\/medicinasinc.com\/lt\/wp-content\/uploads\/sites\/9\/2022\/02\/Buy-Adderall-30-MG.jpg","contentUrl":"https:\/\/medicinasinc.com\/lt\/wp-content\/uploads\/sites\/9\/2022\/02\/Buy-Adderall-30-MG.jpg","width":392,"height":300},{"@type":"BreadcrumbList","@id":"https:\/\/medicinasinc.com\/lt\/product\/pirkti-adderall-30-mg\/#breadcrumb","itemListElement":[{"@type":"ListItem","position":1,"name":"Parduotuv\u0117","item":"https:\/\/medicinasinc.com\/lt\/parduotuve\/"},{"@type":"ListItem","position":2,"name":"Pirkite Adderall 30 mg"}]},{"@type":"WebSite","@id":"https:\/\/medicinasinc.com\/lt\/#website","url":"https:\/\/medicinasinc.com\/lt\/","name":"Medicinas Inc","description":"Sveikatos medicinos klinika","potentialAction":[{"@type":"SearchAction","target":{"@type":"EntryPoint","urlTemplate":"https:\/\/medicinasinc.com\/lt\/?s={search_term_string}"},"query-input":{"@type":"PropertyValueSpecification","valueRequired":true,"valueName":"search_term_string"}}],"inLanguage":"en-US"}]}},"_links":{"self":[{"href":"https:\/\/medicinasinc.com\/lt\/wp-json\/wp\/v2\/product\/5122","targetHints":{"allow":["GET"]}}],"collection":[{"href":"https:\/\/medicinasinc.com\/lt\/wp-json\/wp\/v2\/product"}],"about":[{"href":"https:\/\/medicinasinc.com\/lt\/wp-json\/wp\/v2\/types\/product"}],"replies":[{"embeddable":true,"href":"https:\/\/medicinasinc.com\/lt\/wp-json\/wp\/v2\/comments?post=5122"}],"wp:featuredmedia":[{"embeddable":true,"href":"https:\/\/medicinasinc.com\/lt\/wp-json\/wp\/v2\/media\/5138"}],"wp:attachment":[{"href":"https:\/\/medicinasinc.com\/lt\/wp-json\/wp\/v2\/media?parent=5122"}],"wp:term":[{"taxonomy":"product_brand","embeddable":true,"href":"https:\/\/medicinasinc.com\/lt\/wp-json\/wp\/v2\/product_brand?post=5122"},{"taxonomy":"product_cat","embeddable":true,"href":"https:\/\/medicinasinc.com\/lt\/wp-json\/wp\/v2\/product_cat?post=5122"},{"taxonomy":"product_tag","embeddable":true,"href":"https:\/\/medicinasinc.com\/lt\/wp-json\/wp\/v2\/product_tag?post=5122"}],"curies":[{"name":"wp","href":"https:\/\/api.w.org\/{rel}","templated":true}]}}