{"id":5096,"date":"2022-02-20T20:15:06","date_gmt":"2022-02-20T20:15:06","guid":{"rendered":"https:\/\/medicinasinc.com\/lt\/?post_type=product&#038;p=5096"},"modified":"2022-03-20T12:24:53","modified_gmt":"2022-03-20T12:24:53","slug":"greipfrutu-piktzoliu-paderme","status":"publish","type":"product","link":"https:\/\/medicinasinc.com\/lt\/product\/greipfrutu-piktzoliu-paderme\/","title":{"rendered":"Greipfrut\u0173 pikt\u017eoli\u0173 paderm\u0117"},"content":{"rendered":"<p><strong>Auk\u0161tos kokyb\u0117s greipfrut\u0173 marihuanos pirkimas internetu<\/strong><\/p>\n<p>Greipfrutas yra beveik gryna sativa atmaina. Jis buvo sukurtas sukry\u017eminus Pelen\u0119 99 su ne\u017einomu greipfruto skonio sativa. Tai n\u0117ra pramogin\u0117 marihuanos atmaina; jis taip pat si\u016blo daugyb\u0119 medicinini\u0173 savybi\u0173. Po keli\u0173 \u012fkv\u0117pim\u0173 jausit\u0117s ma\u017eiau \u012ftempti, prisl\u0117gti ir jausite skausm\u0105.<\/p>\n<p><strong>Sativa<\/strong>\u00a0\u2013 100 %<\/p>\n<p><strong>THC<\/strong> &gt;: 17\u201320 %<\/p>\n<h3><strong>Svarbi pristatymo informacija<\/strong><\/h3>\n<ul>\n<li><strong>NEMOKAMAS pristatymas u\u017esakant u\u017e 175 USD ar daugiau<\/strong><\/li>\n<li>Esame \u012fsik\u016br\u0119 Kanados vakarin\u0117je pakrant\u0117je.<\/li>\n<li><strong>U\u017esakymai bus pristatyti per ma\u017edaug 3 darbo dienas<\/strong>\u00a0po to, kai Kanados pa\u0161tas gaus siuntin\u012f *darant prielaid\u0105, kad Kanada nev\u0117luoja Pa\u0161tu*<\/li>\n<li>Paketai bus i\u0161si\u0173sti atsi\u017evelgiant \u012f laik\u0105\u00a0<strong>kai bus gautas mok\u0117jimas<\/strong>\u00a0NE tada, kai pateikiamas u\u017esakymas.<\/li>\n<li>U\u017esakymai su mok\u0117jimu gauti nuo 12:00 iki 12:00 val. PST (nuo vidurnak\u010dio iki vidurdienio) bus i\u0161si\u0173stas t\u0105 pa\u010di\u0105 dien\u0105.<\/li>\n<li>U\u017esakymai, kuri\u0173 apmok\u0117jimas gautas po 12 val. PST (vidudienis), bus i\u0161si\u0173sti kit\u0105 dien\u0105.<\/li>\n<\/ul>\n<div class=\" product-next-previous\">\n<div class=\"product-prev\"><\/div><\/div>\n","protected":false},"excerpt":{"rendered":"<div class=\"woocommerce-product-details__short-description\">\n<p>Greipfrutas yra labai galinga sativa marihuanos atmaina, sukurta sukry\u017eminus Pelen\u0119 99 su greipfrutu. Greipfrutas turi atgaivinan\u010di\u0173 savybi\u0173 ir sukelia linksmumo jausm\u0105. \u0160i atmaina pasi\u017eymi tropinio skonio profiliu ir citrusini\u0173 vaisi\u0173 kvapu.<\/p>\n<p>Pirkti greipfrut\u0105 Marihuana Strain yra labai galinga sativa marihuanos atmaina, sukurta sukry\u017eminus Pelen\u0119 99 su greipfrutais. Greipfrut\u0173 marihuanos paderm\u0117 parduodama internetu<\/p>\n<p>Auk\u0161\u010diausios kokyb\u0117s greipfrut\u0173 marihuana, kuri\u0105 galima \u012fsigyti internete.<\/p>\n<p>Greipfrut\u0173 kanap\u0117s yra sativa atmaina. 70 % dominuojantis hibridinis sativa \/ 30 % Indica THC: 20 %\u201325 %, CBN: 1 %<\/p>\n<\/p><\/div>\n","protected":false},"featured_media":5115,"comment_status":"open","ping_status":"closed","template":"","meta":[],"product_brand":[],"product_cat":[778],"product_tag":[1063,1064,1065,1066,1071,1072,1073,1074,1079,1080,1081,1082,1087,1088,1089,1090,1091,1096,1097,1098,1099,1104,1105,1106,1107,1112,1113,1116,1115,1068,1060,1061,1062,1067,1086,1075,1085,1076,1077,1078,1070,1069,1083,1084,1101,1095,1114,1110,1102,1103,1092,1093,1094,1108,1109,1111,1100],"class_list":{"0":"post-5096","1":"product","2":"type-product","3":"status-publish","4":"has-post-thumbnail","6":"product_cat-ol-pardavimui","7":"product_tag-buy-grapefruit-strain-online-in-bulgary","8":"product_tag-buy-grapefruit-strain-online-in-canada","9":"product_tag-buy-grapefruit-strain-online-in-china","10":"product_tag-buy-grapefruit-strain-online-in-croatia","11":"product_tag-buy-grapefruit-strain-online-in-germany","12":"product_tag-buy-grapefruit-strain-online-in-hungary","13":"product_tag-buy-grapefruit-strain-online-in-ireland","14":"product_tag-buy-grapefruit-strain-online-in-italy","15":"product_tag-buy-grapefruit-strain-online-in-pillipines","16":"product_tag-buy-grapefruit-strain-online-in-russia","17":"product_tag-buy-grapefruit-strain-online-in-scotland","18":"product_tag-buy-grapefruit-strain-online-in-spain","19":"product_tag-buy-grapefruit-weed-strain-online","20":"product_tag-buy-weed-online-in-australia","21":"product_tag-buy-weed-online-in-austria","22":"product_tag-buy-weed-online-in-belarus","23":"product_tag-buy-weed-online-in-bulgary","24":"product_tag-buy-weed-online-in-england","25":"product_tag-buy-weed-online-in-finland","26":"product_tag-buy-weed-online-in-france","27":"product_tag-buy-weed-online-in-germany","28":"product_tag-buy-weed-online-in-malta","29":"product_tag-buy-weed-online-in-mexico","30":"product_tag-buy-weed-online-in-new-zealand","31":"product_tag-buy-weed-online-in-pillipines","32":"product_tag-buy-weed-online-in-turkey","33":"product_tag-buy-weed-online-in-usa","34":"product_tag-grapefruit-weed-for-sale-online","35":"product_tag-pigus-greipfrutas-marihuana-parduodama-internete","36":"product_tag-pirkti-greipfrut-tamas-online-anglijoje","37":"product_tag-buy-greipfruit-strain-online-in-australia","38":"product_tag-pirkti-greipfrut-tamas-online-austrijoje","39":"product_tag-pirkti-greipfrut-tamas-on-line-baltarusijoje","40":"product_tag-pirkti-greipfrut-tamas-internetu-danijoje","41":"product_tag-pirkti-greipfrut-c4-85-c5-a1tamas-online-online-uk","42":"product_tag-pirkti-greipfrut-tamas-online-japonijoje","43":"product_tag-pirkti-greipfrut-c4-85-c5-a1tamas-online-usa","44":"product_tag-pirkti-greipfrut-tamas-online-in-maltoje","45":"product_tag-pirkti-greipfrut-tamas-online-meksika","46":"product_tag-pirkti-greipfrut-tamas-online-naujojoje-zelandijoje","47":"product_tag-pirkti-greipfrut-tamas-internetu-pranczijoje","48":"product_tag-pirkti-greipfrut-tamas-internetu-suomijoje","49":"product_tag-pirkti-greipfrut-tamas-internetu-veicarijoje","50":"product_tag-pirkti-greipfrut-tamas-on-line-in-turkey","51":"product_tag-pirkti-piktoles-internetu-airijoje","52":"product_tag-pirkite-piktoles-internetu-danijoje","53":"product_tag-pirkti-pikt-c5-beoli-c5-b3-online-internet-uk","54":"product_tag-pirkti-piktoles-internetu-ispanijoje","55":"product_tag-pirkite-weed-internetu-italijoje","56":"product_tag-pirkti-piktoles-internetu-japonijoje","57":"product_tag-pirkti-piktoles-internetu-kanadoje","58":"product_tag-pirkti-piktoli-internetu-kinijoje","59":"product_tag-pirkite-piktoles-internetu-kroatijoje","60":"product_tag-pirkti-piktoles-internetu-rusijoje","61":"product_tag-pirkti-piktoles-internetu-kotijoje","62":"product_tag-pirkite-weed-internetu-veicarijoje","63":"product_tag-pirkite-weed-internetu-vengrijoje","65":"first","66":"instock","67":"shipping-taxable","68":"purchasable","69":"product-type-variable","70":"has-default-attributes"},"yoast_head":"<!-- This site is optimized with the Yoast SEO plugin v27.3 - https:\/\/yoast.com\/product\/yoast-seo-wordpress\/ -->\n<title>Pirkite greipfrut\u0173 pikt\u017eoli\u0173 \u0161tam\u0105 \u2013 geriausius pasaulinius vaistus<\/title>\n<meta name=\"description\" content=\"Buy Grepefruit Weed Strain yra stipri sativa marihuanos atmaina, pagaminta i\u0161 Pelen\u0117s 99 kry\u017eminimo. Buy Grepefruit Marihuana Strain online\" \/>\n<meta name=\"robots\" content=\"index, follow, max-snippet:-1, max-image-preview:large, max-video-preview:-1\" \/>\n<link rel=\"canonical\" href=\"https:\/\/medicinasinc.com\/lt\/product\/greipfrutu-piktzoliu-paderme\/\" \/>\n<meta property=\"og:locale\" content=\"en_US\" \/>\n<meta property=\"og:type\" content=\"article\" \/>\n<meta property=\"og:title\" content=\"Pirkite greipfrut\u0173 pikt\u017eoli\u0173 \u0161tam\u0105 \u2013 geriausius pasaulinius vaistus\" \/>\n<meta property=\"og:description\" content=\"Buy Grepefruit Weed Strain yra stipri sativa marihuanos atmaina, pagaminta i\u0161 Pelen\u0117s 99 kry\u017eminimo. Buy Grepefruit Marihuana Strain online\" \/>\n<meta property=\"og:url\" content=\"https:\/\/medicinasinc.com\/lt\/product\/greipfrutu-piktzoliu-paderme\/\" \/>\n<meta property=\"og:site_name\" content=\"Medicinas Inc\" \/>\n<meta property=\"article:modified_time\" content=\"2022-03-20T12:24:53+00:00\" \/>\n<meta property=\"og:image\" content=\"https:\/\/medicinasinc.com\/lt\/wp-content\/uploads\/sites\/9\/2022\/02\/Buy-Grapefruit-Weed-Strain.jpg\" \/>\n\t<meta property=\"og:image:width\" content=\"600\" \/>\n\t<meta property=\"og:image:height\" content=\"600\" \/>\n\t<meta property=\"og:image:type\" content=\"image\/jpeg\" \/>\n<meta name=\"twitter:card\" content=\"summary_large_image\" \/>\n<meta name=\"twitter:label1\" content=\"Est. reading time\" \/>\n\t<meta name=\"twitter:data1\" content=\"1 minute\" \/>\n<script type=\"application\/ld+json\" class=\"yoast-schema-graph\">{\"@context\":\"https:\\\/\\\/schema.org\",\"@graph\":[{\"@type\":\"WebPage\",\"@id\":\"https:\\\/\\\/medicinasinc.com\\\/lt\\\/product\\\/greipfrutu-piktzoliu-paderme\\\/\",\"url\":\"https:\\\/\\\/medicinasinc.com\\\/lt\\\/product\\\/greipfrutu-piktzoliu-paderme\\\/\",\"name\":\"Pirkite greipfrut\u0173 pikt\u017eoli\u0173 \u0161tam\u0105 \u2013 geriausius pasaulinius vaistus\",\"isPartOf\":{\"@id\":\"https:\\\/\\\/medicinasinc.com\\\/lt\\\/#website\"},\"primaryImageOfPage\":{\"@id\":\"https:\\\/\\\/medicinasinc.com\\\/lt\\\/product\\\/greipfrutu-piktzoliu-paderme\\\/#primaryimage\"},\"image\":{\"@id\":\"https:\\\/\\\/medicinasinc.com\\\/lt\\\/product\\\/greipfrutu-piktzoliu-paderme\\\/#primaryimage\"},\"thumbnailUrl\":\"https:\\\/\\\/medicinasinc.com\\\/lt\\\/wp-content\\\/uploads\\\/sites\\\/9\\\/2022\\\/02\\\/Buy-Grapefruit-Weed-Strain.jpg\",\"datePublished\":\"2022-02-20T20:15:06+00:00\",\"dateModified\":\"2022-03-20T12:24:53+00:00\",\"description\":\"Buy Grepefruit Weed Strain yra stipri sativa marihuanos atmaina, pagaminta i\u0161 Pelen\u0117s 99 kry\u017eminimo. Buy Grepefruit Marihuana Strain online\",\"breadcrumb\":{\"@id\":\"https:\\\/\\\/medicinasinc.com\\\/lt\\\/product\\\/greipfrutu-piktzoliu-paderme\\\/#breadcrumb\"},\"inLanguage\":\"en-US\",\"potentialAction\":[{\"@type\":\"ReadAction\",\"target\":[\"https:\\\/\\\/medicinasinc.com\\\/lt\\\/product\\\/greipfrutu-piktzoliu-paderme\\\/\"]}]},{\"@type\":\"ImageObject\",\"inLanguage\":\"en-US\",\"@id\":\"https:\\\/\\\/medicinasinc.com\\\/lt\\\/product\\\/greipfrutu-piktzoliu-paderme\\\/#primaryimage\",\"url\":\"https:\\\/\\\/medicinasinc.com\\\/lt\\\/wp-content\\\/uploads\\\/sites\\\/9\\\/2022\\\/02\\\/Buy-Grapefruit-Weed-Strain.jpg\",\"contentUrl\":\"https:\\\/\\\/medicinasinc.com\\\/lt\\\/wp-content\\\/uploads\\\/sites\\\/9\\\/2022\\\/02\\\/Buy-Grapefruit-Weed-Strain.jpg\",\"width\":600,\"height\":600},{\"@type\":\"BreadcrumbList\",\"@id\":\"https:\\\/\\\/medicinasinc.com\\\/lt\\\/product\\\/greipfrutu-piktzoliu-paderme\\\/#breadcrumb\",\"itemListElement\":[{\"@type\":\"ListItem\",\"position\":1,\"name\":\"Parduotuv\u0117\",\"item\":\"https:\\\/\\\/medicinasinc.com\\\/lt\\\/parduotuve\\\/\"},{\"@type\":\"ListItem\",\"position\":2,\"name\":\"Greipfrut\u0173 pikt\u017eoli\u0173 paderm\u0117\"}]},{\"@type\":\"WebSite\",\"@id\":\"https:\\\/\\\/medicinasinc.com\\\/lt\\\/#website\",\"url\":\"https:\\\/\\\/medicinasinc.com\\\/lt\\\/\",\"name\":\"Medicinas Inc\",\"description\":\"Sveikatos medicinos klinika\",\"potentialAction\":[{\"@type\":\"SearchAction\",\"target\":{\"@type\":\"EntryPoint\",\"urlTemplate\":\"https:\\\/\\\/medicinasinc.com\\\/lt\\\/?s={search_term_string}\"},\"query-input\":{\"@type\":\"PropertyValueSpecification\",\"valueRequired\":true,\"valueName\":\"search_term_string\"}}],\"inLanguage\":\"en-US\"}]}<\/script>\n<!-- \/ Yoast SEO plugin. -->","yoast_head_json":{"title":"Pirkite greipfrut\u0173 pikt\u017eoli\u0173 \u0161tam\u0105 \u2013 geriausius pasaulinius vaistus","description":"Buy Grepefruit Weed Strain yra stipri sativa marihuanos atmaina, pagaminta i\u0161 Pelen\u0117s 99 kry\u017eminimo. Buy Grepefruit Marihuana Strain online","robots":{"index":"index","follow":"follow","max-snippet":"max-snippet:-1","max-image-preview":"max-image-preview:large","max-video-preview":"max-video-preview:-1"},"canonical":"https:\/\/medicinasinc.com\/lt\/product\/greipfrutu-piktzoliu-paderme\/","og_locale":"en_US","og_type":"article","og_title":"Pirkite greipfrut\u0173 pikt\u017eoli\u0173 \u0161tam\u0105 \u2013 geriausius pasaulinius vaistus","og_description":"Buy Grepefruit Weed Strain yra stipri sativa marihuanos atmaina, pagaminta i\u0161 Pelen\u0117s 99 kry\u017eminimo. Buy Grepefruit Marihuana Strain online","og_url":"https:\/\/medicinasinc.com\/lt\/product\/greipfrutu-piktzoliu-paderme\/","og_site_name":"Medicinas Inc","article_modified_time":"2022-03-20T12:24:53+00:00","og_image":[{"width":600,"height":600,"url":"https:\/\/medicinasinc.com\/lt\/wp-content\/uploads\/sites\/9\/2022\/02\/Buy-Grapefruit-Weed-Strain.jpg","type":"image\/jpeg"}],"twitter_card":"summary_large_image","twitter_misc":{"Est. reading time":"1 minute"},"schema":{"@context":"https:\/\/schema.org","@graph":[{"@type":"WebPage","@id":"https:\/\/medicinasinc.com\/lt\/product\/greipfrutu-piktzoliu-paderme\/","url":"https:\/\/medicinasinc.com\/lt\/product\/greipfrutu-piktzoliu-paderme\/","name":"Pirkite greipfrut\u0173 pikt\u017eoli\u0173 \u0161tam\u0105 \u2013 geriausius pasaulinius vaistus","isPartOf":{"@id":"https:\/\/medicinasinc.com\/lt\/#website"},"primaryImageOfPage":{"@id":"https:\/\/medicinasinc.com\/lt\/product\/greipfrutu-piktzoliu-paderme\/#primaryimage"},"image":{"@id":"https:\/\/medicinasinc.com\/lt\/product\/greipfrutu-piktzoliu-paderme\/#primaryimage"},"thumbnailUrl":"https:\/\/medicinasinc.com\/lt\/wp-content\/uploads\/sites\/9\/2022\/02\/Buy-Grapefruit-Weed-Strain.jpg","datePublished":"2022-02-20T20:15:06+00:00","dateModified":"2022-03-20T12:24:53+00:00","description":"Buy Grepefruit Weed Strain yra stipri sativa marihuanos atmaina, pagaminta i\u0161 Pelen\u0117s 99 kry\u017eminimo. Buy Grepefruit Marihuana Strain online","breadcrumb":{"@id":"https:\/\/medicinasinc.com\/lt\/product\/greipfrutu-piktzoliu-paderme\/#breadcrumb"},"inLanguage":"en-US","potentialAction":[{"@type":"ReadAction","target":["https:\/\/medicinasinc.com\/lt\/product\/greipfrutu-piktzoliu-paderme\/"]}]},{"@type":"ImageObject","inLanguage":"en-US","@id":"https:\/\/medicinasinc.com\/lt\/product\/greipfrutu-piktzoliu-paderme\/#primaryimage","url":"https:\/\/medicinasinc.com\/lt\/wp-content\/uploads\/sites\/9\/2022\/02\/Buy-Grapefruit-Weed-Strain.jpg","contentUrl":"https:\/\/medicinasinc.com\/lt\/wp-content\/uploads\/sites\/9\/2022\/02\/Buy-Grapefruit-Weed-Strain.jpg","width":600,"height":600},{"@type":"BreadcrumbList","@id":"https:\/\/medicinasinc.com\/lt\/product\/greipfrutu-piktzoliu-paderme\/#breadcrumb","itemListElement":[{"@type":"ListItem","position":1,"name":"Parduotuv\u0117","item":"https:\/\/medicinasinc.com\/lt\/parduotuve\/"},{"@type":"ListItem","position":2,"name":"Greipfrut\u0173 pikt\u017eoli\u0173 paderm\u0117"}]},{"@type":"WebSite","@id":"https:\/\/medicinasinc.com\/lt\/#website","url":"https:\/\/medicinasinc.com\/lt\/","name":"Medicinas Inc","description":"Sveikatos medicinos klinika","potentialAction":[{"@type":"SearchAction","target":{"@type":"EntryPoint","urlTemplate":"https:\/\/medicinasinc.com\/lt\/?s={search_term_string}"},"query-input":{"@type":"PropertyValueSpecification","valueRequired":true,"valueName":"search_term_string"}}],"inLanguage":"en-US"}]}},"_links":{"self":[{"href":"https:\/\/medicinasinc.com\/lt\/wp-json\/wp\/v2\/product\/5096","targetHints":{"allow":["GET"]}}],"collection":[{"href":"https:\/\/medicinasinc.com\/lt\/wp-json\/wp\/v2\/product"}],"about":[{"href":"https:\/\/medicinasinc.com\/lt\/wp-json\/wp\/v2\/types\/product"}],"replies":[{"embeddable":true,"href":"https:\/\/medicinasinc.com\/lt\/wp-json\/wp\/v2\/comments?post=5096"}],"wp:featuredmedia":[{"embeddable":true,"href":"https:\/\/medicinasinc.com\/lt\/wp-json\/wp\/v2\/media\/5115"}],"wp:attachment":[{"href":"https:\/\/medicinasinc.com\/lt\/wp-json\/wp\/v2\/media?parent=5096"}],"wp:term":[{"taxonomy":"product_brand","embeddable":true,"href":"https:\/\/medicinasinc.com\/lt\/wp-json\/wp\/v2\/product_brand?post=5096"},{"taxonomy":"product_cat","embeddable":true,"href":"https:\/\/medicinasinc.com\/lt\/wp-json\/wp\/v2\/product_cat?post=5096"},{"taxonomy":"product_tag","embeddable":true,"href":"https:\/\/medicinasinc.com\/lt\/wp-json\/wp\/v2\/product_tag?post=5096"}],"curies":[{"name":"wp","href":"https:\/\/api.w.org\/{rel}","templated":true}]}}