{"id":5095,"date":"2022-02-20T20:14:14","date_gmt":"2022-02-20T20:14:14","guid":{"rendered":"https:\/\/medicinasinc.com\/lt\/?post_type=product&#038;p=5095"},"modified":"2022-03-20T12:25:02","modified_gmt":"2022-03-20T12:25:02","slug":"tunas-kusas","status":"publish","type":"product","link":"https:\/\/medicinasinc.com\/lt\/product\/tunas-kusas\/","title":{"rendered":"Tunas Ku\u0161as"},"content":{"rendered":"<p><strong>Pupur\u0173 dydis: vidutinis<\/strong><br \/> <strong>Tekt\u016bra: \u0161iek tiek lipni \/ \u0161iek tiek lipni<br \/> Skonis: \u017eemi\u0161kas \/ medienos \/ a\u0161trus<\/strong><\/p>\n<div class=\"product-next-previous\">\n<div class=\"product-prev\">Tuna Kush yra Brit\u0173 Kolumbijos rei\u0161kinys, gr\u012f\u017etantis \u012f \u0160iaur\u0117s Amerikos medicinini\u0173 kanapi\u0173 rinkas. \u0160i veisl\u0117 buvo praminta viena stipriausi\u0173 rinkoje, sukurianti kompakti\u0161kus, storus grynuolius, kurie yra tankiai padengti derva. Nors Tuna Kush n\u0117ra \u017einomas d\u0117l didelio derlingumo, tai, kas i\u0161auga i\u0161 \u0161i\u0173 plonesni\u0173 stiebeli\u0173, bus stiprus ir kvapnus. Tai rei\u0161kia, kad jei \u0161i paderm\u0117 patenka \u012f j\u016bs\u0173 augim\u0105, galb\u016bt nor\u0117site patobulinti anglies filtrus, nes \u0161is pumpuras dvokia! Tik\u0117kit\u0117s a\u0161traus skunkso, degal\u0173 ir subtilaus saldumo derinio.<\/div><\/div>\n","protected":false},"excerpt":{"rendered":"<p>Buy Tuna Kush yra viena i\u0161 stipriausi\u0173 parduodam\u0173 Indica kanapi\u0173 atmain\u0173. Vienas tonas sukels gil\u0173 susi\u017eav\u0117jimo ir atsipalaidavimo jausm\u0105.<\/p>\n<p>Bluefin Tuna Kush yra Indijoje dominuojanti hibridin\u0117 atmaina, kuri sujungia geriausius Blueberry ir BC \u017einomus Tuna Kush.<\/p>\n","protected":false},"featured_media":5113,"comment_status":"open","ping_status":"closed","template":"","meta":[],"product_brand":[],"product_cat":[778],"product_tag":[],"class_list":{"0":"post-5095","1":"product","2":"type-product","3":"status-publish","4":"has-post-thumbnail","6":"product_cat-ol-pardavimui","8":"first","9":"instock","10":"shipping-taxable","11":"purchasable","12":"product-type-variable","13":"has-default-attributes"},"yoast_head":"<!-- This site is optimized with the Yoast SEO plugin v27.3 - https:\/\/yoast.com\/product\/yoast-seo-wordpress\/ -->\n<title>Pirkite Tuna Kush \u2013 Tuna Kush \u2013 geriausius pasaulinius vaistus<\/title>\n<meta name=\"description\" content=\"Pirkti Tuna Kush\u00a0pikt\u017eoles parduodamos yra viena i\u0161 stipriausi\u0173 Indica kanapi\u0173 atmain\u0173. Vienu tonu pateksite \u012f gili\u0105 euforijos ir atsipalaidavimo b\u016bsen\u0105.\" \/>\n<meta name=\"robots\" content=\"index, follow, max-snippet:-1, max-image-preview:large, max-video-preview:-1\" \/>\n<link rel=\"canonical\" href=\"https:\/\/medicinasinc.com\/lt\/product\/tunas-kusas\/\" \/>\n<meta property=\"og:locale\" content=\"en_US\" \/>\n<meta property=\"og:type\" content=\"article\" \/>\n<meta property=\"og:title\" content=\"Pirkite Tuna Kush \u2013 Tuna Kush \u2013 geriausius pasaulinius vaistus\" \/>\n<meta property=\"og:description\" content=\"Pirkti Tuna Kush\u00a0pikt\u017eoles parduodamos yra viena i\u0161 stipriausi\u0173 Indica kanapi\u0173 atmain\u0173. Vienu tonu pateksite \u012f gili\u0105 euforijos ir atsipalaidavimo b\u016bsen\u0105.\" \/>\n<meta property=\"og:url\" content=\"https:\/\/medicinasinc.com\/lt\/product\/tunas-kusas\/\" \/>\n<meta property=\"og:site_name\" content=\"Medicinas Inc\" \/>\n<meta property=\"article:modified_time\" content=\"2022-03-20T12:25:02+00:00\" \/>\n<meta property=\"og:image\" content=\"https:\/\/medicinasinc.com\/lt\/wp-content\/uploads\/sites\/9\/2022\/02\/Buy-Tuna-Kush.jpg\" \/>\n\t<meta property=\"og:image:width\" content=\"1024\" \/>\n\t<meta property=\"og:image:height\" content=\"768\" \/>\n\t<meta property=\"og:image:type\" content=\"image\/jpeg\" \/>\n<meta name=\"twitter:card\" content=\"summary_large_image\" \/>\n<meta name=\"twitter:label1\" content=\"Est. reading time\" \/>\n\t<meta name=\"twitter:data1\" content=\"1 minute\" \/>\n<script type=\"application\/ld+json\" class=\"yoast-schema-graph\">{\"@context\":\"https:\\\/\\\/schema.org\",\"@graph\":[{\"@type\":\"WebPage\",\"@id\":\"https:\\\/\\\/medicinasinc.com\\\/lt\\\/product\\\/tunas-kusas\\\/\",\"url\":\"https:\\\/\\\/medicinasinc.com\\\/lt\\\/product\\\/tunas-kusas\\\/\",\"name\":\"Pirkite Tuna Kush \u2013 Tuna Kush \u2013 geriausius pasaulinius vaistus\",\"isPartOf\":{\"@id\":\"https:\\\/\\\/medicinasinc.com\\\/lt\\\/#website\"},\"primaryImageOfPage\":{\"@id\":\"https:\\\/\\\/medicinasinc.com\\\/lt\\\/product\\\/tunas-kusas\\\/#primaryimage\"},\"image\":{\"@id\":\"https:\\\/\\\/medicinasinc.com\\\/lt\\\/product\\\/tunas-kusas\\\/#primaryimage\"},\"thumbnailUrl\":\"https:\\\/\\\/medicinasinc.com\\\/lt\\\/wp-content\\\/uploads\\\/sites\\\/9\\\/2022\\\/02\\\/Buy-Tuna-Kush.jpg\",\"datePublished\":\"2022-02-20T20:14:14+00:00\",\"dateModified\":\"2022-03-20T12:25:02+00:00\",\"description\":\"Pirkti Tuna Kush\u00a0pikt\u017eoles parduodamos yra viena i\u0161 stipriausi\u0173 Indica kanapi\u0173 atmain\u0173. Vienu tonu pateksite \u012f gili\u0105 euforijos ir atsipalaidavimo b\u016bsen\u0105.\",\"breadcrumb\":{\"@id\":\"https:\\\/\\\/medicinasinc.com\\\/lt\\\/product\\\/tunas-kusas\\\/#breadcrumb\"},\"inLanguage\":\"en-US\",\"potentialAction\":[{\"@type\":\"ReadAction\",\"target\":[\"https:\\\/\\\/medicinasinc.com\\\/lt\\\/product\\\/tunas-kusas\\\/\"]}]},{\"@type\":\"ImageObject\",\"inLanguage\":\"en-US\",\"@id\":\"https:\\\/\\\/medicinasinc.com\\\/lt\\\/product\\\/tunas-kusas\\\/#primaryimage\",\"url\":\"https:\\\/\\\/medicinasinc.com\\\/lt\\\/wp-content\\\/uploads\\\/sites\\\/9\\\/2022\\\/02\\\/Buy-Tuna-Kush.jpg\",\"contentUrl\":\"https:\\\/\\\/medicinasinc.com\\\/lt\\\/wp-content\\\/uploads\\\/sites\\\/9\\\/2022\\\/02\\\/Buy-Tuna-Kush.jpg\",\"width\":1024,\"height\":768},{\"@type\":\"BreadcrumbList\",\"@id\":\"https:\\\/\\\/medicinasinc.com\\\/lt\\\/product\\\/tunas-kusas\\\/#breadcrumb\",\"itemListElement\":[{\"@type\":\"ListItem\",\"position\":1,\"name\":\"Parduotuv\u0117\",\"item\":\"https:\\\/\\\/medicinasinc.com\\\/lt\\\/parduotuve\\\/\"},{\"@type\":\"ListItem\",\"position\":2,\"name\":\"Tunas Ku\u0161as\"}]},{\"@type\":\"WebSite\",\"@id\":\"https:\\\/\\\/medicinasinc.com\\\/lt\\\/#website\",\"url\":\"https:\\\/\\\/medicinasinc.com\\\/lt\\\/\",\"name\":\"Medicinas Inc\",\"description\":\"Sveikatos medicinos klinika\",\"potentialAction\":[{\"@type\":\"SearchAction\",\"target\":{\"@type\":\"EntryPoint\",\"urlTemplate\":\"https:\\\/\\\/medicinasinc.com\\\/lt\\\/?s={search_term_string}\"},\"query-input\":{\"@type\":\"PropertyValueSpecification\",\"valueRequired\":true,\"valueName\":\"search_term_string\"}}],\"inLanguage\":\"en-US\"}]}<\/script>\n<!-- \/ Yoast SEO plugin. -->","yoast_head_json":{"title":"Pirkite Tuna Kush \u2013 Tuna Kush \u2013 geriausius pasaulinius vaistus","description":"Pirkti Tuna Kush\u00a0pikt\u017eoles parduodamos yra viena i\u0161 stipriausi\u0173 Indica kanapi\u0173 atmain\u0173. Vienu tonu pateksite \u012f gili\u0105 euforijos ir atsipalaidavimo b\u016bsen\u0105.","robots":{"index":"index","follow":"follow","max-snippet":"max-snippet:-1","max-image-preview":"max-image-preview:large","max-video-preview":"max-video-preview:-1"},"canonical":"https:\/\/medicinasinc.com\/lt\/product\/tunas-kusas\/","og_locale":"en_US","og_type":"article","og_title":"Pirkite Tuna Kush \u2013 Tuna Kush \u2013 geriausius pasaulinius vaistus","og_description":"Pirkti Tuna Kush\u00a0pikt\u017eoles parduodamos yra viena i\u0161 stipriausi\u0173 Indica kanapi\u0173 atmain\u0173. Vienu tonu pateksite \u012f gili\u0105 euforijos ir atsipalaidavimo b\u016bsen\u0105.","og_url":"https:\/\/medicinasinc.com\/lt\/product\/tunas-kusas\/","og_site_name":"Medicinas Inc","article_modified_time":"2022-03-20T12:25:02+00:00","og_image":[{"width":1024,"height":768,"url":"https:\/\/medicinasinc.com\/lt\/wp-content\/uploads\/sites\/9\/2022\/02\/Buy-Tuna-Kush.jpg","type":"image\/jpeg"}],"twitter_card":"summary_large_image","twitter_misc":{"Est. reading time":"1 minute"},"schema":{"@context":"https:\/\/schema.org","@graph":[{"@type":"WebPage","@id":"https:\/\/medicinasinc.com\/lt\/product\/tunas-kusas\/","url":"https:\/\/medicinasinc.com\/lt\/product\/tunas-kusas\/","name":"Pirkite Tuna Kush \u2013 Tuna Kush \u2013 geriausius pasaulinius vaistus","isPartOf":{"@id":"https:\/\/medicinasinc.com\/lt\/#website"},"primaryImageOfPage":{"@id":"https:\/\/medicinasinc.com\/lt\/product\/tunas-kusas\/#primaryimage"},"image":{"@id":"https:\/\/medicinasinc.com\/lt\/product\/tunas-kusas\/#primaryimage"},"thumbnailUrl":"https:\/\/medicinasinc.com\/lt\/wp-content\/uploads\/sites\/9\/2022\/02\/Buy-Tuna-Kush.jpg","datePublished":"2022-02-20T20:14:14+00:00","dateModified":"2022-03-20T12:25:02+00:00","description":"Pirkti Tuna Kush\u00a0pikt\u017eoles parduodamos yra viena i\u0161 stipriausi\u0173 Indica kanapi\u0173 atmain\u0173. Vienu tonu pateksite \u012f gili\u0105 euforijos ir atsipalaidavimo b\u016bsen\u0105.","breadcrumb":{"@id":"https:\/\/medicinasinc.com\/lt\/product\/tunas-kusas\/#breadcrumb"},"inLanguage":"en-US","potentialAction":[{"@type":"ReadAction","target":["https:\/\/medicinasinc.com\/lt\/product\/tunas-kusas\/"]}]},{"@type":"ImageObject","inLanguage":"en-US","@id":"https:\/\/medicinasinc.com\/lt\/product\/tunas-kusas\/#primaryimage","url":"https:\/\/medicinasinc.com\/lt\/wp-content\/uploads\/sites\/9\/2022\/02\/Buy-Tuna-Kush.jpg","contentUrl":"https:\/\/medicinasinc.com\/lt\/wp-content\/uploads\/sites\/9\/2022\/02\/Buy-Tuna-Kush.jpg","width":1024,"height":768},{"@type":"BreadcrumbList","@id":"https:\/\/medicinasinc.com\/lt\/product\/tunas-kusas\/#breadcrumb","itemListElement":[{"@type":"ListItem","position":1,"name":"Parduotuv\u0117","item":"https:\/\/medicinasinc.com\/lt\/parduotuve\/"},{"@type":"ListItem","position":2,"name":"Tunas Ku\u0161as"}]},{"@type":"WebSite","@id":"https:\/\/medicinasinc.com\/lt\/#website","url":"https:\/\/medicinasinc.com\/lt\/","name":"Medicinas Inc","description":"Sveikatos medicinos klinika","potentialAction":[{"@type":"SearchAction","target":{"@type":"EntryPoint","urlTemplate":"https:\/\/medicinasinc.com\/lt\/?s={search_term_string}"},"query-input":{"@type":"PropertyValueSpecification","valueRequired":true,"valueName":"search_term_string"}}],"inLanguage":"en-US"}]}},"_links":{"self":[{"href":"https:\/\/medicinasinc.com\/lt\/wp-json\/wp\/v2\/product\/5095","targetHints":{"allow":["GET"]}}],"collection":[{"href":"https:\/\/medicinasinc.com\/lt\/wp-json\/wp\/v2\/product"}],"about":[{"href":"https:\/\/medicinasinc.com\/lt\/wp-json\/wp\/v2\/types\/product"}],"replies":[{"embeddable":true,"href":"https:\/\/medicinasinc.com\/lt\/wp-json\/wp\/v2\/comments?post=5095"}],"wp:featuredmedia":[{"embeddable":true,"href":"https:\/\/medicinasinc.com\/lt\/wp-json\/wp\/v2\/media\/5113"}],"wp:attachment":[{"href":"https:\/\/medicinasinc.com\/lt\/wp-json\/wp\/v2\/media?parent=5095"}],"wp:term":[{"taxonomy":"product_brand","embeddable":true,"href":"https:\/\/medicinasinc.com\/lt\/wp-json\/wp\/v2\/product_brand?post=5095"},{"taxonomy":"product_cat","embeddable":true,"href":"https:\/\/medicinasinc.com\/lt\/wp-json\/wp\/v2\/product_cat?post=5095"},{"taxonomy":"product_tag","embeddable":true,"href":"https:\/\/medicinasinc.com\/lt\/wp-json\/wp\/v2\/product_tag?post=5095"}],"curies":[{"name":"wp","href":"https:\/\/api.w.org\/{rel}","templated":true}]}}