{"id":5094,"date":"2022-02-20T20:12:57","date_gmt":"2022-02-20T20:12:57","guid":{"rendered":"https:\/\/medicinasinc.com\/lt\/?post_type=product&#038;p=5094"},"modified":"2022-03-20T12:25:13","modified_gmt":"2022-03-20T12:25:13","slug":"pirk-rozinis-kush","status":"publish","type":"product","link":"https:\/\/medicinasinc.com\/lt\/product\/pirk-rozinis-kush\/","title":{"rendered":"Pirkite Pink Kush"},"content":{"rendered":"<p><strong>Pink Kush pirkimas internetu<\/strong><\/p>\n<p>Pink Kush, kaip ir jo brolis OG Kush, yra labai geid\u017eiamas hibridas, kuriame dominuoja indica, turintis stipr\u0173 poveik\u012f organizmui. Ro\u017einiai plaukeliai i\u0161nyra i\u0161 ry\u0161kiai \u017eali\u0173 pumpur\u0173, kurie vos matomi po cukr\u0173 primenan\u010diu trichomu sluoksniu, suteikdami sald\u0173 vanil\u0117s ir saldaini\u0173 kvap\u0105. Manoma, kad \u0161ios paderm\u0117s veiksmingumas yra did\u017eiulis, ir buvo nustatyta, kad net ma\u017eos doz\u0117s suma\u017eina skausm\u0105, nemig\u0105 ir apetito praradim\u0105. Pink Kush \u017eyd\u0117jimas u\u017etrunka 10\u201311 savai\u010di\u0173, ta\u010diau d\u0117l did\u017eiulio auk\u0161\u010diausios lentynos pumpur\u0173 derliaus verta laukti.<\/p>\n<div class=\"product-next-previous\">\n<div class=\"product-prev\"><\/div><\/div>\n","protected":false},"excerpt":{"rendered":"<p>\u012esigykite Pink Kush kanapi\u0173 ir kit\u0173 AAA+ pikt\u017eoli\u0173 atmain\u0173 i\u0161 m\u0117gstamiausios Europos internetin\u0117s ambulatorijos. Pateikite u\u017esakym\u0105 \u0161iandien ir pasinaudokite nemokamu vis\u0173 u\u017esakym\u0173, vir\u0161ijan\u010di\u0173 150 USD, pristatymu!<\/p>\n<p>Pink Kush, kaip ir jo brolis OG Kush, yra labai paklausus hibridas, kuriame dominuoja indica, turintis stipr\u0173 poveik\u012f k\u016bnui.<\/p>\n<div>\n<p class=\"percentage\"><span class=\"heading\">THC:\u00a0<\/span>25 %<\/p>\n<\/p><\/div>\n<div class=\"panel-heading\">Gali palengvinti <i class=\"fa fa-info-circle\"><\/i><\/div>\n<div class=\"panel-body well tags-list\">Apetito praradimas,\u00a0l\u0117tinis skausmas,\u00a0depresija,\u00a0nemiga,\u00a0pykinimas<\/i> div&gt; <\/p>\n<ul>\n<li>AAAAA yra geriausia i\u0161 geriausi\u0173!<\/li>\n<li>Susisiekite su mumis d\u0117l didmenini\u0173 u\u017esakym\u0173.<\/li>\n<li>Pristatymas visame pasaulyje.<\/li>\n<\/ul>\n","protected":false},"featured_media":5111,"comment_status":"open","ping_status":"closed","template":"","meta":[],"product_brand":[],"product_cat":[778],"product_tag":[1050,1051,1052,1059,1053,1054,1055,1056,1057,1049,634,1058],"class_list":{"0":"post-5094","1":"product","2":"type-product","3":"status-publish","4":"has-post-thumbnail","6":"product_cat-ol-pardavimui","7":"product_tag-buy-medical-marijuana-online-uk","8":"product_tag-buy-nembutal","9":"product_tag-hibridini-piktoli-tam","10":"product_tag-ol-parduodama-italijoje","11":"product_tag-marihuanos-paderms-internete","12":"product_tag-internetinis-marihuanos-pardavimas","13":"product_tag-internetinis-medicininis-marihuanos-pardavimas","14":"product_tag-oksikontinas-80-mg","15":"product_tag-pain-tablets-for-sale","16":"product_tag-pirkti-kanapi-c5-b3-internete-uk","17":"product_tag-pirkti-marihuan-internetu-uk","18":"product_tag-pramogin-marihuana-ambulator","20":"first","21":"instock","22":"shipping-taxable","23":"purchasable","24":"product-type-variable","25":"has-default-attributes"},"yoast_head":"<!-- This site is optimized with the Yoast SEO plugin v27.3 - https:\/\/yoast.com\/product\/yoast-seo-wordpress\/ -->\n<title>Pirkite Pink Kush internetu \u2013 geriausius pasaulinius vaistus<\/title>\n<meta name=\"description\" content=\"Pirkite Pink Kush pikt\u017eoli\u0173 \u0161tam\u0105 ir daugiau AAA+ pikt\u017eoli\u0173 i\u0161 Europos m\u0117gstamiausi\u0173 internetini\u0173 ambulatorij\u0173. U\u017esisakykite \u0161iandien ir m\u0117gaukit\u0117s nemokamu vis\u0173 u\u017esakym\u0173, vir\u0161ijan\u010di\u0173 150 USD, pristatymu!\" \/>\n<meta name=\"robots\" content=\"index, follow, max-snippet:-1, max-image-preview:large, max-video-preview:-1\" \/>\n<link rel=\"canonical\" href=\"https:\/\/medicinasinc.com\/lt\/product\/pirk-rozinis-kush\/\" \/>\n<meta property=\"og:locale\" content=\"en_US\" \/>\n<meta property=\"og:type\" content=\"article\" \/>\n<meta property=\"og:title\" content=\"Pirkite Pink Kush internetu \u2013 geriausius pasaulinius vaistus\" \/>\n<meta property=\"og:description\" content=\"Pirkite Pink Kush pikt\u017eoli\u0173 \u0161tam\u0105 ir daugiau AAA+ pikt\u017eoli\u0173 i\u0161 Europos m\u0117gstamiausi\u0173 internetini\u0173 ambulatorij\u0173. U\u017esisakykite \u0161iandien ir m\u0117gaukit\u0117s nemokamu vis\u0173 u\u017esakym\u0173, vir\u0161ijan\u010di\u0173 150 USD, pristatymu!\" \/>\n<meta property=\"og:url\" content=\"https:\/\/medicinasinc.com\/lt\/product\/pirk-rozinis-kush\/\" \/>\n<meta property=\"og:site_name\" content=\"Medicinas Inc\" \/>\n<meta property=\"article:modified_time\" content=\"2022-03-20T12:25:13+00:00\" \/>\n<meta property=\"og:image\" content=\"https:\/\/medicinasinc.com\/lt\/wp-content\/uploads\/sites\/9\/2022\/02\/Buy-Pink-Kush.jpg\" \/>\n\t<meta property=\"og:image:width\" content=\"450\" \/>\n\t<meta property=\"og:image:height\" content=\"450\" \/>\n\t<meta property=\"og:image:type\" content=\"image\/jpeg\" \/>\n<meta name=\"twitter:card\" content=\"summary_large_image\" \/>\n<meta name=\"twitter:label1\" content=\"Est. reading time\" \/>\n\t<meta name=\"twitter:data1\" content=\"1 minute\" \/>\n<script type=\"application\/ld+json\" class=\"yoast-schema-graph\">{\"@context\":\"https:\\\/\\\/schema.org\",\"@graph\":[{\"@type\":\"WebPage\",\"@id\":\"https:\\\/\\\/medicinasinc.com\\\/lt\\\/product\\\/pirk-rozinis-kush\\\/\",\"url\":\"https:\\\/\\\/medicinasinc.com\\\/lt\\\/product\\\/pirk-rozinis-kush\\\/\",\"name\":\"Pirkite Pink Kush internetu \u2013 geriausius pasaulinius vaistus\",\"isPartOf\":{\"@id\":\"https:\\\/\\\/medicinasinc.com\\\/lt\\\/#website\"},\"primaryImageOfPage\":{\"@id\":\"https:\\\/\\\/medicinasinc.com\\\/lt\\\/product\\\/pirk-rozinis-kush\\\/#primaryimage\"},\"image\":{\"@id\":\"https:\\\/\\\/medicinasinc.com\\\/lt\\\/product\\\/pirk-rozinis-kush\\\/#primaryimage\"},\"thumbnailUrl\":\"https:\\\/\\\/medicinasinc.com\\\/lt\\\/wp-content\\\/uploads\\\/sites\\\/9\\\/2022\\\/02\\\/Buy-Pink-Kush.jpg\",\"datePublished\":\"2022-02-20T20:12:57+00:00\",\"dateModified\":\"2022-03-20T12:25:13+00:00\",\"description\":\"Pirkite Pink Kush pikt\u017eoli\u0173 \u0161tam\u0105 ir daugiau AAA+ pikt\u017eoli\u0173 i\u0161 Europos m\u0117gstamiausi\u0173 internetini\u0173 ambulatorij\u0173. U\u017esisakykite \u0161iandien ir m\u0117gaukit\u0117s nemokamu vis\u0173 u\u017esakym\u0173, vir\u0161ijan\u010di\u0173 150 USD, pristatymu!\",\"breadcrumb\":{\"@id\":\"https:\\\/\\\/medicinasinc.com\\\/lt\\\/product\\\/pirk-rozinis-kush\\\/#breadcrumb\"},\"inLanguage\":\"en-US\",\"potentialAction\":[{\"@type\":\"ReadAction\",\"target\":[\"https:\\\/\\\/medicinasinc.com\\\/lt\\\/product\\\/pirk-rozinis-kush\\\/\"]}]},{\"@type\":\"ImageObject\",\"inLanguage\":\"en-US\",\"@id\":\"https:\\\/\\\/medicinasinc.com\\\/lt\\\/product\\\/pirk-rozinis-kush\\\/#primaryimage\",\"url\":\"https:\\\/\\\/medicinasinc.com\\\/lt\\\/wp-content\\\/uploads\\\/sites\\\/9\\\/2022\\\/02\\\/Buy-Pink-Kush.jpg\",\"contentUrl\":\"https:\\\/\\\/medicinasinc.com\\\/lt\\\/wp-content\\\/uploads\\\/sites\\\/9\\\/2022\\\/02\\\/Buy-Pink-Kush.jpg\",\"width\":450,\"height\":450},{\"@type\":\"BreadcrumbList\",\"@id\":\"https:\\\/\\\/medicinasinc.com\\\/lt\\\/product\\\/pirk-rozinis-kush\\\/#breadcrumb\",\"itemListElement\":[{\"@type\":\"ListItem\",\"position\":1,\"name\":\"Parduotuv\u0117\",\"item\":\"https:\\\/\\\/medicinasinc.com\\\/lt\\\/parduotuve\\\/\"},{\"@type\":\"ListItem\",\"position\":2,\"name\":\"Pirkite Pink Kush\"}]},{\"@type\":\"WebSite\",\"@id\":\"https:\\\/\\\/medicinasinc.com\\\/lt\\\/#website\",\"url\":\"https:\\\/\\\/medicinasinc.com\\\/lt\\\/\",\"name\":\"Medicinas Inc\",\"description\":\"Sveikatos medicinos klinika\",\"potentialAction\":[{\"@type\":\"SearchAction\",\"target\":{\"@type\":\"EntryPoint\",\"urlTemplate\":\"https:\\\/\\\/medicinasinc.com\\\/lt\\\/?s={search_term_string}\"},\"query-input\":{\"@type\":\"PropertyValueSpecification\",\"valueRequired\":true,\"valueName\":\"search_term_string\"}}],\"inLanguage\":\"en-US\"}]}<\/script>\n<!-- \/ Yoast SEO plugin. -->","yoast_head_json":{"title":"Pirkite Pink Kush internetu \u2013 geriausius pasaulinius vaistus","description":"Pirkite Pink Kush pikt\u017eoli\u0173 \u0161tam\u0105 ir daugiau AAA+ pikt\u017eoli\u0173 i\u0161 Europos m\u0117gstamiausi\u0173 internetini\u0173 ambulatorij\u0173. U\u017esisakykite \u0161iandien ir m\u0117gaukit\u0117s nemokamu vis\u0173 u\u017esakym\u0173, vir\u0161ijan\u010di\u0173 150 USD, pristatymu!","robots":{"index":"index","follow":"follow","max-snippet":"max-snippet:-1","max-image-preview":"max-image-preview:large","max-video-preview":"max-video-preview:-1"},"canonical":"https:\/\/medicinasinc.com\/lt\/product\/pirk-rozinis-kush\/","og_locale":"en_US","og_type":"article","og_title":"Pirkite Pink Kush internetu \u2013 geriausius pasaulinius vaistus","og_description":"Pirkite Pink Kush pikt\u017eoli\u0173 \u0161tam\u0105 ir daugiau AAA+ pikt\u017eoli\u0173 i\u0161 Europos m\u0117gstamiausi\u0173 internetini\u0173 ambulatorij\u0173. U\u017esisakykite \u0161iandien ir m\u0117gaukit\u0117s nemokamu vis\u0173 u\u017esakym\u0173, vir\u0161ijan\u010di\u0173 150 USD, pristatymu!","og_url":"https:\/\/medicinasinc.com\/lt\/product\/pirk-rozinis-kush\/","og_site_name":"Medicinas Inc","article_modified_time":"2022-03-20T12:25:13+00:00","og_image":[{"width":450,"height":450,"url":"https:\/\/medicinasinc.com\/lt\/wp-content\/uploads\/sites\/9\/2022\/02\/Buy-Pink-Kush.jpg","type":"image\/jpeg"}],"twitter_card":"summary_large_image","twitter_misc":{"Est. reading time":"1 minute"},"schema":{"@context":"https:\/\/schema.org","@graph":[{"@type":"WebPage","@id":"https:\/\/medicinasinc.com\/lt\/product\/pirk-rozinis-kush\/","url":"https:\/\/medicinasinc.com\/lt\/product\/pirk-rozinis-kush\/","name":"Pirkite Pink Kush internetu \u2013 geriausius pasaulinius vaistus","isPartOf":{"@id":"https:\/\/medicinasinc.com\/lt\/#website"},"primaryImageOfPage":{"@id":"https:\/\/medicinasinc.com\/lt\/product\/pirk-rozinis-kush\/#primaryimage"},"image":{"@id":"https:\/\/medicinasinc.com\/lt\/product\/pirk-rozinis-kush\/#primaryimage"},"thumbnailUrl":"https:\/\/medicinasinc.com\/lt\/wp-content\/uploads\/sites\/9\/2022\/02\/Buy-Pink-Kush.jpg","datePublished":"2022-02-20T20:12:57+00:00","dateModified":"2022-03-20T12:25:13+00:00","description":"Pirkite Pink Kush pikt\u017eoli\u0173 \u0161tam\u0105 ir daugiau AAA+ pikt\u017eoli\u0173 i\u0161 Europos m\u0117gstamiausi\u0173 internetini\u0173 ambulatorij\u0173. U\u017esisakykite \u0161iandien ir m\u0117gaukit\u0117s nemokamu vis\u0173 u\u017esakym\u0173, vir\u0161ijan\u010di\u0173 150 USD, pristatymu!","breadcrumb":{"@id":"https:\/\/medicinasinc.com\/lt\/product\/pirk-rozinis-kush\/#breadcrumb"},"inLanguage":"en-US","potentialAction":[{"@type":"ReadAction","target":["https:\/\/medicinasinc.com\/lt\/product\/pirk-rozinis-kush\/"]}]},{"@type":"ImageObject","inLanguage":"en-US","@id":"https:\/\/medicinasinc.com\/lt\/product\/pirk-rozinis-kush\/#primaryimage","url":"https:\/\/medicinasinc.com\/lt\/wp-content\/uploads\/sites\/9\/2022\/02\/Buy-Pink-Kush.jpg","contentUrl":"https:\/\/medicinasinc.com\/lt\/wp-content\/uploads\/sites\/9\/2022\/02\/Buy-Pink-Kush.jpg","width":450,"height":450},{"@type":"BreadcrumbList","@id":"https:\/\/medicinasinc.com\/lt\/product\/pirk-rozinis-kush\/#breadcrumb","itemListElement":[{"@type":"ListItem","position":1,"name":"Parduotuv\u0117","item":"https:\/\/medicinasinc.com\/lt\/parduotuve\/"},{"@type":"ListItem","position":2,"name":"Pirkite Pink Kush"}]},{"@type":"WebSite","@id":"https:\/\/medicinasinc.com\/lt\/#website","url":"https:\/\/medicinasinc.com\/lt\/","name":"Medicinas Inc","description":"Sveikatos medicinos klinika","potentialAction":[{"@type":"SearchAction","target":{"@type":"EntryPoint","urlTemplate":"https:\/\/medicinasinc.com\/lt\/?s={search_term_string}"},"query-input":{"@type":"PropertyValueSpecification","valueRequired":true,"valueName":"search_term_string"}}],"inLanguage":"en-US"}]}},"_links":{"self":[{"href":"https:\/\/medicinasinc.com\/lt\/wp-json\/wp\/v2\/product\/5094","targetHints":{"allow":["GET"]}}],"collection":[{"href":"https:\/\/medicinasinc.com\/lt\/wp-json\/wp\/v2\/product"}],"about":[{"href":"https:\/\/medicinasinc.com\/lt\/wp-json\/wp\/v2\/types\/product"}],"replies":[{"embeddable":true,"href":"https:\/\/medicinasinc.com\/lt\/wp-json\/wp\/v2\/comments?post=5094"}],"wp:featuredmedia":[{"embeddable":true,"href":"https:\/\/medicinasinc.com\/lt\/wp-json\/wp\/v2\/media\/5111"}],"wp:attachment":[{"href":"https:\/\/medicinasinc.com\/lt\/wp-json\/wp\/v2\/media?parent=5094"}],"wp:term":[{"taxonomy":"product_brand","embeddable":true,"href":"https:\/\/medicinasinc.com\/lt\/wp-json\/wp\/v2\/product_brand?post=5094"},{"taxonomy":"product_cat","embeddable":true,"href":"https:\/\/medicinasinc.com\/lt\/wp-json\/wp\/v2\/product_cat?post=5094"},{"taxonomy":"product_tag","embeddable":true,"href":"https:\/\/medicinasinc.com\/lt\/wp-json\/wp\/v2\/product_tag?post=5094"}],"curies":[{"name":"wp","href":"https:\/\/api.w.org\/{rel}","templated":true}]}}