{"id":5093,"date":"2022-02-20T20:12:04","date_gmt":"2022-02-20T20:12:04","guid":{"rendered":"https:\/\/medicinasinc.com\/lt\/?post_type=product&#038;p=5093"},"modified":"2022-03-20T12:25:21","modified_gmt":"2022-03-20T12:25:21","slug":"pirkti-vysniu-gorilu-kliju","status":"publish","type":"product","link":"https:\/\/medicinasinc.com\/lt\/product\/pirkti-vysniu-gorilu-kliju\/","title":{"rendered":"Pirkite \u201eCherry Gorilla\u201c klijus"},"content":{"rendered":"<p><strong>\u012esigykite vy\u0161ni\u0173 gorilos marihuanos internetu.<\/strong><\/p>\n<p>Cherry Gorilla Marihuana galite \u012fsigyti internetu. \u012esigykite Cherry Gorilla kanapi\u0173 \u0161tam\u0105. Hibridas, kurio sud\u0117tyje yra 50 % Sativa ir 50 % Indica THC: 17\u201318 %<\/p>\n<p>Poveikis<br \/> k\u016bnui stiprus, smegenis, laimingas, atpalaiduojantis, pakyl\u0117jantis<br \/> gali palengvinti<br \/> depresij\u0105, Nuovargis, nemiga, pykinimas, stresas<br \/> skoniai<br \/> vy\u0161ni\u0173, kavos, dyzelino, saldaus<\/p>\n","protected":false},"excerpt":{"rendered":"<div class=\"woocommerce-product-details__short-description\">\n<p>\u012esigykite dar \u017einom\u0105 kaip Cherry Gorilla Glue Marihuana juodojoje rinkoje u\u017e geriausi\u0105 kain\u0105. Visi m\u016bs\u0173 produktai yra sukurti naudojant visi\u0161kai nat\u016bralius komponentus, kuriuose n\u0117ra THC. Pateikite u\u017esakym\u0105 internetu \u0161iandien!<\/p>\n<p>Cherry Gorilla Marihuana galite \u012fsigyti internetu. 100 % garantuotas pristatymas ir sekimas, taip pat didelis valgom\u0173j\u0173, koncentrat\u0173, sativa, indica ir hibrid\u0173 pasirinkimas.<\/p>\n<p>Vy\u0161ni\u0173 gorila, kartais vadinama &amp;#8220 ;Cherry Gorilla Glue,&#8221; yra reta, tolygiai subalansuota hibridin\u0117 atmaina (50 indica\/50 sativa), gaunama kry\u017eminant.<\/p>\n<\/p><\/div>\n","protected":false},"featured_media":5109,"comment_status":"open","ping_status":"closed","template":"","meta":[],"product_brand":[],"product_cat":[778],"product_tag":[1041,1042,1043,1048,1046,1047,1044,1045],"class_list":{"0":"post-5093","1":"product","2":"type-product","3":"status-publish","4":"has-post-thumbnail","6":"product_cat-ol-pardavimui","7":"product_tag-cherry-glue-strain-leafly","8":"product_tag-cherry-gorilla-f2","9":"product_tag-cherry-gorilla-seeds","10":"product_tag-gorila-vynia-vaisius","11":"product_tag-cherry-gorilla-strain-reddit","12":"product_tag-vy-c5-a1ni-c5-b3-goril-c5-b3-padermi-c5-b3-ap-c5-bevalga","13":"product_tag-vyni-goril-paderms-poveikis","14":"product_tag-vy-c5-a1nia-gorila-c5-a1tamas-lapas","16":"first","17":"instock","18":"shipping-taxable","19":"purchasable","20":"product-type-variable","21":"has-default-attributes"},"yoast_head":"<!-- This site is optimized with the Yoast SEO plugin v27.3 - https:\/\/yoast.com\/product\/yoast-seo-wordpress\/ -->\n<title>Pirkite \u201eCherry Gorilla Glue\u201c \u2013 dar \u017einom\u0105 kaip \u201eCherry Gorilla Glue\u201c \u2013 geriausius pasaulinius vaistus<\/title>\n<meta name=\"description\" content=\"Pirkite dar \u017einom\u0105 kaip Cherry Gorilla Glue Marihuana internetu u\u017e geriausi\u0105 rinkos kain\u0105. Visi m\u016bs\u0173 produktai yra pagaminti i\u0161 gryn\u0173 nat\u016brali\u0173 ingredient\u0173 be THC. U\u017esisakykite internetu dabar!\" \/>\n<meta name=\"robots\" content=\"index, follow, max-snippet:-1, max-image-preview:large, max-video-preview:-1\" \/>\n<link rel=\"canonical\" href=\"https:\/\/medicinasinc.com\/lt\/product\/pirkti-vysniu-gorilu-kliju\/\" \/>\n<meta property=\"og:locale\" content=\"en_US\" \/>\n<meta property=\"og:type\" content=\"article\" \/>\n<meta property=\"og:title\" content=\"Pirkite \u201eCherry Gorilla Glue\u201c \u2013 dar \u017einom\u0105 kaip \u201eCherry Gorilla Glue\u201c \u2013 geriausius pasaulinius vaistus\" \/>\n<meta property=\"og:description\" content=\"Pirkite dar \u017einom\u0105 kaip Cherry Gorilla Glue Marihuana internetu u\u017e geriausi\u0105 rinkos kain\u0105. Visi m\u016bs\u0173 produktai yra pagaminti i\u0161 gryn\u0173 nat\u016brali\u0173 ingredient\u0173 be THC. U\u017esisakykite internetu dabar!\" \/>\n<meta property=\"og:url\" content=\"https:\/\/medicinasinc.com\/lt\/product\/pirkti-vysniu-gorilu-kliju\/\" \/>\n<meta property=\"og:site_name\" content=\"Medicinas Inc\" \/>\n<meta property=\"article:modified_time\" content=\"2022-03-20T12:25:21+00:00\" \/>\n<meta property=\"og:image\" content=\"https:\/\/medicinasinc.com\/lt\/wp-content\/uploads\/sites\/9\/2022\/02\/Buy-Cherry-Gorilla-Marijuana.jpg\" \/>\n\t<meta property=\"og:image:width\" content=\"1080\" \/>\n\t<meta property=\"og:image:height\" content=\"1080\" \/>\n\t<meta property=\"og:image:type\" content=\"image\/jpeg\" \/>\n<meta name=\"twitter:card\" content=\"summary_large_image\" \/>\n<meta name=\"twitter:label1\" content=\"Est. reading time\" \/>\n\t<meta name=\"twitter:data1\" content=\"1 minute\" \/>\n<script type=\"application\/ld+json\" class=\"yoast-schema-graph\">{\"@context\":\"https:\\\/\\\/schema.org\",\"@graph\":[{\"@type\":\"WebPage\",\"@id\":\"https:\\\/\\\/medicinasinc.com\\\/lt\\\/product\\\/pirkti-vysniu-gorilu-kliju\\\/\",\"url\":\"https:\\\/\\\/medicinasinc.com\\\/lt\\\/product\\\/pirkti-vysniu-gorilu-kliju\\\/\",\"name\":\"Pirkite \u201eCherry Gorilla Glue\u201c \u2013 dar \u017einom\u0105 kaip \u201eCherry Gorilla Glue\u201c \u2013 geriausius pasaulinius vaistus\",\"isPartOf\":{\"@id\":\"https:\\\/\\\/medicinasinc.com\\\/lt\\\/#website\"},\"primaryImageOfPage\":{\"@id\":\"https:\\\/\\\/medicinasinc.com\\\/lt\\\/product\\\/pirkti-vysniu-gorilu-kliju\\\/#primaryimage\"},\"image\":{\"@id\":\"https:\\\/\\\/medicinasinc.com\\\/lt\\\/product\\\/pirkti-vysniu-gorilu-kliju\\\/#primaryimage\"},\"thumbnailUrl\":\"https:\\\/\\\/medicinasinc.com\\\/lt\\\/wp-content\\\/uploads\\\/sites\\\/9\\\/2022\\\/02\\\/Buy-Cherry-Gorilla-Marijuana.jpg\",\"datePublished\":\"2022-02-20T20:12:04+00:00\",\"dateModified\":\"2022-03-20T12:25:21+00:00\",\"description\":\"Pirkite dar \u017einom\u0105 kaip Cherry Gorilla Glue Marihuana internetu u\u017e geriausi\u0105 rinkos kain\u0105. Visi m\u016bs\u0173 produktai yra pagaminti i\u0161 gryn\u0173 nat\u016brali\u0173 ingredient\u0173 be THC. U\u017esisakykite internetu dabar!\",\"breadcrumb\":{\"@id\":\"https:\\\/\\\/medicinasinc.com\\\/lt\\\/product\\\/pirkti-vysniu-gorilu-kliju\\\/#breadcrumb\"},\"inLanguage\":\"en-US\",\"potentialAction\":[{\"@type\":\"ReadAction\",\"target\":[\"https:\\\/\\\/medicinasinc.com\\\/lt\\\/product\\\/pirkti-vysniu-gorilu-kliju\\\/\"]}]},{\"@type\":\"ImageObject\",\"inLanguage\":\"en-US\",\"@id\":\"https:\\\/\\\/medicinasinc.com\\\/lt\\\/product\\\/pirkti-vysniu-gorilu-kliju\\\/#primaryimage\",\"url\":\"https:\\\/\\\/medicinasinc.com\\\/lt\\\/wp-content\\\/uploads\\\/sites\\\/9\\\/2022\\\/02\\\/Buy-Cherry-Gorilla-Marijuana.jpg\",\"contentUrl\":\"https:\\\/\\\/medicinasinc.com\\\/lt\\\/wp-content\\\/uploads\\\/sites\\\/9\\\/2022\\\/02\\\/Buy-Cherry-Gorilla-Marijuana.jpg\",\"width\":1080,\"height\":1080},{\"@type\":\"BreadcrumbList\",\"@id\":\"https:\\\/\\\/medicinasinc.com\\\/lt\\\/product\\\/pirkti-vysniu-gorilu-kliju\\\/#breadcrumb\",\"itemListElement\":[{\"@type\":\"ListItem\",\"position\":1,\"name\":\"Parduotuv\u0117\",\"item\":\"https:\\\/\\\/medicinasinc.com\\\/lt\\\/parduotuve\\\/\"},{\"@type\":\"ListItem\",\"position\":2,\"name\":\"Pirkite \u201eCherry Gorilla\u201c klijus\"}]},{\"@type\":\"WebSite\",\"@id\":\"https:\\\/\\\/medicinasinc.com\\\/lt\\\/#website\",\"url\":\"https:\\\/\\\/medicinasinc.com\\\/lt\\\/\",\"name\":\"Medicinas Inc\",\"description\":\"Sveikatos medicinos klinika\",\"potentialAction\":[{\"@type\":\"SearchAction\",\"target\":{\"@type\":\"EntryPoint\",\"urlTemplate\":\"https:\\\/\\\/medicinasinc.com\\\/lt\\\/?s={search_term_string}\"},\"query-input\":{\"@type\":\"PropertyValueSpecification\",\"valueRequired\":true,\"valueName\":\"search_term_string\"}}],\"inLanguage\":\"en-US\"}]}<\/script>\n<!-- \/ Yoast SEO plugin. -->","yoast_head_json":{"title":"Pirkite \u201eCherry Gorilla Glue\u201c \u2013 dar \u017einom\u0105 kaip \u201eCherry Gorilla Glue\u201c \u2013 geriausius pasaulinius vaistus","description":"Pirkite dar \u017einom\u0105 kaip Cherry Gorilla Glue Marihuana internetu u\u017e geriausi\u0105 rinkos kain\u0105. Visi m\u016bs\u0173 produktai yra pagaminti i\u0161 gryn\u0173 nat\u016brali\u0173 ingredient\u0173 be THC. U\u017esisakykite internetu dabar!","robots":{"index":"index","follow":"follow","max-snippet":"max-snippet:-1","max-image-preview":"max-image-preview:large","max-video-preview":"max-video-preview:-1"},"canonical":"https:\/\/medicinasinc.com\/lt\/product\/pirkti-vysniu-gorilu-kliju\/","og_locale":"en_US","og_type":"article","og_title":"Pirkite \u201eCherry Gorilla Glue\u201c \u2013 dar \u017einom\u0105 kaip \u201eCherry Gorilla Glue\u201c \u2013 geriausius pasaulinius vaistus","og_description":"Pirkite dar \u017einom\u0105 kaip Cherry Gorilla Glue Marihuana internetu u\u017e geriausi\u0105 rinkos kain\u0105. Visi m\u016bs\u0173 produktai yra pagaminti i\u0161 gryn\u0173 nat\u016brali\u0173 ingredient\u0173 be THC. U\u017esisakykite internetu dabar!","og_url":"https:\/\/medicinasinc.com\/lt\/product\/pirkti-vysniu-gorilu-kliju\/","og_site_name":"Medicinas Inc","article_modified_time":"2022-03-20T12:25:21+00:00","og_image":[{"width":1080,"height":1080,"url":"https:\/\/medicinasinc.com\/lt\/wp-content\/uploads\/sites\/9\/2022\/02\/Buy-Cherry-Gorilla-Marijuana.jpg","type":"image\/jpeg"}],"twitter_card":"summary_large_image","twitter_misc":{"Est. reading time":"1 minute"},"schema":{"@context":"https:\/\/schema.org","@graph":[{"@type":"WebPage","@id":"https:\/\/medicinasinc.com\/lt\/product\/pirkti-vysniu-gorilu-kliju\/","url":"https:\/\/medicinasinc.com\/lt\/product\/pirkti-vysniu-gorilu-kliju\/","name":"Pirkite \u201eCherry Gorilla Glue\u201c \u2013 dar \u017einom\u0105 kaip \u201eCherry Gorilla Glue\u201c \u2013 geriausius pasaulinius vaistus","isPartOf":{"@id":"https:\/\/medicinasinc.com\/lt\/#website"},"primaryImageOfPage":{"@id":"https:\/\/medicinasinc.com\/lt\/product\/pirkti-vysniu-gorilu-kliju\/#primaryimage"},"image":{"@id":"https:\/\/medicinasinc.com\/lt\/product\/pirkti-vysniu-gorilu-kliju\/#primaryimage"},"thumbnailUrl":"https:\/\/medicinasinc.com\/lt\/wp-content\/uploads\/sites\/9\/2022\/02\/Buy-Cherry-Gorilla-Marijuana.jpg","datePublished":"2022-02-20T20:12:04+00:00","dateModified":"2022-03-20T12:25:21+00:00","description":"Pirkite dar \u017einom\u0105 kaip Cherry Gorilla Glue Marihuana internetu u\u017e geriausi\u0105 rinkos kain\u0105. Visi m\u016bs\u0173 produktai yra pagaminti i\u0161 gryn\u0173 nat\u016brali\u0173 ingredient\u0173 be THC. U\u017esisakykite internetu dabar!","breadcrumb":{"@id":"https:\/\/medicinasinc.com\/lt\/product\/pirkti-vysniu-gorilu-kliju\/#breadcrumb"},"inLanguage":"en-US","potentialAction":[{"@type":"ReadAction","target":["https:\/\/medicinasinc.com\/lt\/product\/pirkti-vysniu-gorilu-kliju\/"]}]},{"@type":"ImageObject","inLanguage":"en-US","@id":"https:\/\/medicinasinc.com\/lt\/product\/pirkti-vysniu-gorilu-kliju\/#primaryimage","url":"https:\/\/medicinasinc.com\/lt\/wp-content\/uploads\/sites\/9\/2022\/02\/Buy-Cherry-Gorilla-Marijuana.jpg","contentUrl":"https:\/\/medicinasinc.com\/lt\/wp-content\/uploads\/sites\/9\/2022\/02\/Buy-Cherry-Gorilla-Marijuana.jpg","width":1080,"height":1080},{"@type":"BreadcrumbList","@id":"https:\/\/medicinasinc.com\/lt\/product\/pirkti-vysniu-gorilu-kliju\/#breadcrumb","itemListElement":[{"@type":"ListItem","position":1,"name":"Parduotuv\u0117","item":"https:\/\/medicinasinc.com\/lt\/parduotuve\/"},{"@type":"ListItem","position":2,"name":"Pirkite \u201eCherry Gorilla\u201c klijus"}]},{"@type":"WebSite","@id":"https:\/\/medicinasinc.com\/lt\/#website","url":"https:\/\/medicinasinc.com\/lt\/","name":"Medicinas Inc","description":"Sveikatos medicinos klinika","potentialAction":[{"@type":"SearchAction","target":{"@type":"EntryPoint","urlTemplate":"https:\/\/medicinasinc.com\/lt\/?s={search_term_string}"},"query-input":{"@type":"PropertyValueSpecification","valueRequired":true,"valueName":"search_term_string"}}],"inLanguage":"en-US"}]}},"_links":{"self":[{"href":"https:\/\/medicinasinc.com\/lt\/wp-json\/wp\/v2\/product\/5093","targetHints":{"allow":["GET"]}}],"collection":[{"href":"https:\/\/medicinasinc.com\/lt\/wp-json\/wp\/v2\/product"}],"about":[{"href":"https:\/\/medicinasinc.com\/lt\/wp-json\/wp\/v2\/types\/product"}],"replies":[{"embeddable":true,"href":"https:\/\/medicinasinc.com\/lt\/wp-json\/wp\/v2\/comments?post=5093"}],"wp:featuredmedia":[{"embeddable":true,"href":"https:\/\/medicinasinc.com\/lt\/wp-json\/wp\/v2\/media\/5109"}],"wp:attachment":[{"href":"https:\/\/medicinasinc.com\/lt\/wp-json\/wp\/v2\/media?parent=5093"}],"wp:term":[{"taxonomy":"product_brand","embeddable":true,"href":"https:\/\/medicinasinc.com\/lt\/wp-json\/wp\/v2\/product_brand?post=5093"},{"taxonomy":"product_cat","embeddable":true,"href":"https:\/\/medicinasinc.com\/lt\/wp-json\/wp\/v2\/product_cat?post=5093"},{"taxonomy":"product_tag","embeddable":true,"href":"https:\/\/medicinasinc.com\/lt\/wp-json\/wp\/v2\/product_tag?post=5093"}],"curies":[{"name":"wp","href":"https:\/\/api.w.org\/{rel}","templated":true}]}}