{"id":5070,"date":"2022-02-20T19:52:54","date_gmt":"2022-02-20T19:52:54","guid":{"rendered":"https:\/\/medicinasinc.com\/lt\/?post_type=product&#038;p=5070"},"modified":"2022-03-20T12:25:29","modified_gmt":"2022-03-20T12:25:29","slug":"pirk-super-sour-skunk","status":"publish","type":"product","link":"https:\/\/medicinasinc.com\/lt\/product\/pirk-super-sour-skunk\/","title":{"rendered":"Pirkite Super Sour Skunk"},"content":{"rendered":"<h1 class=\"product_title entry-title\">\u012esigykite internetu \u201eSuper Sour Skunk\u201c marihuanos \u201eSuper Sour Diesel Autoflower\u201c paderm\u0117s specifikacijos<\/h1>\n<p>Tipas: dominuojantis \u201eSativa\u201c<br \/> Genetika T\u0117vai: \u201eSour Diesel X Super Silver Haze\u201c<br \/> \u017dyd\u0117jimo laikotarpis: 9\u201311 savai\u010di\u0173<br \/> Klimatas: saul\u0117tas \/ Vidur\u017eemio j\u016bros regionas<br \/> Derlingumas: 315 g\/kv. m patalpose \/ 370 g\/augalui lauke<br \/> Skoniai: a\u0161trus, r\u016bg\u0161tus, dyzelinis, a\u0161trus, \u017eemi\u0161kas <br \/> THC lygis: 18\u201324 %<br \/> CBD lygis: 1 %<br \/> \u016agis: auk\u0161tas<br \/> Derliaus nu\u0117mimo laikotarpis: Spalio pabaiga<br \/> Auginimo sunkumas: Vidutinis<\/p>\n<div class=\"product-next-previous\">\n<div class=\"product-prev\"><\/div><\/div>\n","protected":false},"excerpt":{"rendered":"<p>Super Sour Skunk Marihuana parduodama Jungtin\u0117je Karalyst\u0117je ir Europoje u\u017e geriausi\u0105 kain\u0105. Si\u016blome saugi\u0105 tarptautin\u0119 siunt\u0105.<\/p>\n<p>Pirkite \u201eSuper Sour Skunk\u201c savo vietov\u0117je. Pateikite u\u017esakym\u0105 internetu. Atsi\u0117mimas arba pristatymas t\u0105 pa\u010di\u0105 dien\u0105.<\/p>\n<p>\u012esigykite ambulatorin\u0117s pakuot\u0117s naujov\u0117s Super Sour Skunk Cali Tuna skardos etiketes. Turime 1000 vnt. sand\u0117lyje ir esame pasireng\u0119 i\u0161si\u0173sti. Be to, galimi pasirinktiniai Cali dizainai.<\/p>\n<p>.<\/p>\n","protected":false},"featured_media":5089,"comment_status":"open","ping_status":"closed","template":"","meta":[],"product_brand":[],"product_cat":[778],"product_tag":[1040,1033,1036,1037,1034,1038,1035,1039],"class_list":{"0":"post-5070","1":"product","2":"type-product","3":"status-publish","4":"has-post-thumbnail","6":"product_cat-ol-pardavimui","7":"product_tag-super-sour-skunk-tamas","8":"product_tag-sour-skunk-auto","9":"product_tag-sour-skunk-strain-allbud","10":"product_tag-sour-skunk-strain-indica-or-sativa","11":"product_tag-sour-skunk-cbd","12":"product_tag-rgtus-skunkas-tamas-lapas","13":"product_tag-rgtus-skunkas-ir-paderm","14":"product_tag-super-skunkas","16":"first","17":"instock","18":"shipping-taxable","19":"purchasable","20":"product-type-variable","21":"has-default-attributes"},"yoast_head":"<!-- This site is optimized with the Yoast SEO plugin v27.3 - https:\/\/yoast.com\/product\/yoast-seo-wordpress\/ -->\n<title>Pirkite \u201eSuper Sour Skunk\u201c marihuan\u0105 internetu \u2013 geriausi pasaulyje vaistai<\/title>\n<meta name=\"description\" content=\"Pirkite Super Sour Skunk Marihuana pardavimui JK, Europoje internetu u\u017e geriausi\u0105 kain\u0105. Garantuojame saug\u0173 pristatym\u0105 visame pasaulyje\" \/>\n<meta name=\"robots\" content=\"index, follow, max-snippet:-1, max-image-preview:large, max-video-preview:-1\" \/>\n<link rel=\"canonical\" href=\"https:\/\/medicinasinc.com\/lt\/product\/pirk-super-sour-skunk\/\" \/>\n<meta property=\"og:locale\" content=\"en_US\" \/>\n<meta property=\"og:type\" content=\"article\" \/>\n<meta property=\"og:title\" content=\"Pirkite \u201eSuper Sour Skunk\u201c marihuan\u0105 internetu \u2013 geriausi pasaulyje vaistai\" \/>\n<meta property=\"og:description\" content=\"Pirkite Super Sour Skunk Marihuana pardavimui JK, Europoje internetu u\u017e geriausi\u0105 kain\u0105. Garantuojame saug\u0173 pristatym\u0105 visame pasaulyje\" \/>\n<meta property=\"og:url\" content=\"https:\/\/medicinasinc.com\/lt\/product\/pirk-super-sour-skunk\/\" \/>\n<meta property=\"og:site_name\" content=\"Medicinas Inc\" \/>\n<meta property=\"article:modified_time\" content=\"2022-03-20T12:25:29+00:00\" \/>\n<meta property=\"og:image\" content=\"https:\/\/medicinasinc.com\/lt\/wp-content\/uploads\/sites\/9\/2022\/02\/Buy-Super-Sour-Skunk.jpg\" \/>\n\t<meta property=\"og:image:width\" content=\"667\" \/>\n\t<meta property=\"og:image:height\" content=\"1000\" \/>\n\t<meta property=\"og:image:type\" content=\"image\/jpeg\" \/>\n<meta name=\"twitter:card\" content=\"summary_large_image\" \/>\n<meta name=\"twitter:label1\" content=\"Est. reading time\" \/>\n\t<meta name=\"twitter:data1\" content=\"1 minute\" \/>\n<script type=\"application\/ld+json\" class=\"yoast-schema-graph\">{\"@context\":\"https:\\\/\\\/schema.org\",\"@graph\":[{\"@type\":\"WebPage\",\"@id\":\"https:\\\/\\\/medicinasinc.com\\\/lt\\\/product\\\/pirk-super-sour-skunk\\\/\",\"url\":\"https:\\\/\\\/medicinasinc.com\\\/lt\\\/product\\\/pirk-super-sour-skunk\\\/\",\"name\":\"Pirkite \u201eSuper Sour Skunk\u201c marihuan\u0105 internetu \u2013 geriausi pasaulyje vaistai\",\"isPartOf\":{\"@id\":\"https:\\\/\\\/medicinasinc.com\\\/lt\\\/#website\"},\"primaryImageOfPage\":{\"@id\":\"https:\\\/\\\/medicinasinc.com\\\/lt\\\/product\\\/pirk-super-sour-skunk\\\/#primaryimage\"},\"image\":{\"@id\":\"https:\\\/\\\/medicinasinc.com\\\/lt\\\/product\\\/pirk-super-sour-skunk\\\/#primaryimage\"},\"thumbnailUrl\":\"https:\\\/\\\/medicinasinc.com\\\/lt\\\/wp-content\\\/uploads\\\/sites\\\/9\\\/2022\\\/02\\\/Buy-Super-Sour-Skunk.jpg\",\"datePublished\":\"2022-02-20T19:52:54+00:00\",\"dateModified\":\"2022-03-20T12:25:29+00:00\",\"description\":\"Pirkite Super Sour Skunk Marihuana pardavimui JK, Europoje internetu u\u017e geriausi\u0105 kain\u0105. Garantuojame saug\u0173 pristatym\u0105 visame pasaulyje\",\"breadcrumb\":{\"@id\":\"https:\\\/\\\/medicinasinc.com\\\/lt\\\/product\\\/pirk-super-sour-skunk\\\/#breadcrumb\"},\"inLanguage\":\"en-US\",\"potentialAction\":[{\"@type\":\"ReadAction\",\"target\":[\"https:\\\/\\\/medicinasinc.com\\\/lt\\\/product\\\/pirk-super-sour-skunk\\\/\"]}]},{\"@type\":\"ImageObject\",\"inLanguage\":\"en-US\",\"@id\":\"https:\\\/\\\/medicinasinc.com\\\/lt\\\/product\\\/pirk-super-sour-skunk\\\/#primaryimage\",\"url\":\"https:\\\/\\\/medicinasinc.com\\\/lt\\\/wp-content\\\/uploads\\\/sites\\\/9\\\/2022\\\/02\\\/Buy-Super-Sour-Skunk.jpg\",\"contentUrl\":\"https:\\\/\\\/medicinasinc.com\\\/lt\\\/wp-content\\\/uploads\\\/sites\\\/9\\\/2022\\\/02\\\/Buy-Super-Sour-Skunk.jpg\",\"width\":667,\"height\":1000},{\"@type\":\"BreadcrumbList\",\"@id\":\"https:\\\/\\\/medicinasinc.com\\\/lt\\\/product\\\/pirk-super-sour-skunk\\\/#breadcrumb\",\"itemListElement\":[{\"@type\":\"ListItem\",\"position\":1,\"name\":\"Parduotuv\u0117\",\"item\":\"https:\\\/\\\/medicinasinc.com\\\/lt\\\/parduotuve\\\/\"},{\"@type\":\"ListItem\",\"position\":2,\"name\":\"Pirkite Super Sour Skunk\"}]},{\"@type\":\"WebSite\",\"@id\":\"https:\\\/\\\/medicinasinc.com\\\/lt\\\/#website\",\"url\":\"https:\\\/\\\/medicinasinc.com\\\/lt\\\/\",\"name\":\"Medicinas Inc\",\"description\":\"Sveikatos medicinos klinika\",\"potentialAction\":[{\"@type\":\"SearchAction\",\"target\":{\"@type\":\"EntryPoint\",\"urlTemplate\":\"https:\\\/\\\/medicinasinc.com\\\/lt\\\/?s={search_term_string}\"},\"query-input\":{\"@type\":\"PropertyValueSpecification\",\"valueRequired\":true,\"valueName\":\"search_term_string\"}}],\"inLanguage\":\"en-US\"}]}<\/script>\n<!-- \/ Yoast SEO plugin. -->","yoast_head_json":{"title":"Pirkite \u201eSuper Sour Skunk\u201c marihuan\u0105 internetu \u2013 geriausi pasaulyje vaistai","description":"Pirkite Super Sour Skunk Marihuana pardavimui JK, Europoje internetu u\u017e geriausi\u0105 kain\u0105. Garantuojame saug\u0173 pristatym\u0105 visame pasaulyje","robots":{"index":"index","follow":"follow","max-snippet":"max-snippet:-1","max-image-preview":"max-image-preview:large","max-video-preview":"max-video-preview:-1"},"canonical":"https:\/\/medicinasinc.com\/lt\/product\/pirk-super-sour-skunk\/","og_locale":"en_US","og_type":"article","og_title":"Pirkite \u201eSuper Sour Skunk\u201c marihuan\u0105 internetu \u2013 geriausi pasaulyje vaistai","og_description":"Pirkite Super Sour Skunk Marihuana pardavimui JK, Europoje internetu u\u017e geriausi\u0105 kain\u0105. Garantuojame saug\u0173 pristatym\u0105 visame pasaulyje","og_url":"https:\/\/medicinasinc.com\/lt\/product\/pirk-super-sour-skunk\/","og_site_name":"Medicinas Inc","article_modified_time":"2022-03-20T12:25:29+00:00","og_image":[{"width":667,"height":1000,"url":"https:\/\/medicinasinc.com\/lt\/wp-content\/uploads\/sites\/9\/2022\/02\/Buy-Super-Sour-Skunk.jpg","type":"image\/jpeg"}],"twitter_card":"summary_large_image","twitter_misc":{"Est. reading time":"1 minute"},"schema":{"@context":"https:\/\/schema.org","@graph":[{"@type":"WebPage","@id":"https:\/\/medicinasinc.com\/lt\/product\/pirk-super-sour-skunk\/","url":"https:\/\/medicinasinc.com\/lt\/product\/pirk-super-sour-skunk\/","name":"Pirkite \u201eSuper Sour Skunk\u201c marihuan\u0105 internetu \u2013 geriausi pasaulyje vaistai","isPartOf":{"@id":"https:\/\/medicinasinc.com\/lt\/#website"},"primaryImageOfPage":{"@id":"https:\/\/medicinasinc.com\/lt\/product\/pirk-super-sour-skunk\/#primaryimage"},"image":{"@id":"https:\/\/medicinasinc.com\/lt\/product\/pirk-super-sour-skunk\/#primaryimage"},"thumbnailUrl":"https:\/\/medicinasinc.com\/lt\/wp-content\/uploads\/sites\/9\/2022\/02\/Buy-Super-Sour-Skunk.jpg","datePublished":"2022-02-20T19:52:54+00:00","dateModified":"2022-03-20T12:25:29+00:00","description":"Pirkite Super Sour Skunk Marihuana pardavimui JK, Europoje internetu u\u017e geriausi\u0105 kain\u0105. Garantuojame saug\u0173 pristatym\u0105 visame pasaulyje","breadcrumb":{"@id":"https:\/\/medicinasinc.com\/lt\/product\/pirk-super-sour-skunk\/#breadcrumb"},"inLanguage":"en-US","potentialAction":[{"@type":"ReadAction","target":["https:\/\/medicinasinc.com\/lt\/product\/pirk-super-sour-skunk\/"]}]},{"@type":"ImageObject","inLanguage":"en-US","@id":"https:\/\/medicinasinc.com\/lt\/product\/pirk-super-sour-skunk\/#primaryimage","url":"https:\/\/medicinasinc.com\/lt\/wp-content\/uploads\/sites\/9\/2022\/02\/Buy-Super-Sour-Skunk.jpg","contentUrl":"https:\/\/medicinasinc.com\/lt\/wp-content\/uploads\/sites\/9\/2022\/02\/Buy-Super-Sour-Skunk.jpg","width":667,"height":1000},{"@type":"BreadcrumbList","@id":"https:\/\/medicinasinc.com\/lt\/product\/pirk-super-sour-skunk\/#breadcrumb","itemListElement":[{"@type":"ListItem","position":1,"name":"Parduotuv\u0117","item":"https:\/\/medicinasinc.com\/lt\/parduotuve\/"},{"@type":"ListItem","position":2,"name":"Pirkite Super Sour Skunk"}]},{"@type":"WebSite","@id":"https:\/\/medicinasinc.com\/lt\/#website","url":"https:\/\/medicinasinc.com\/lt\/","name":"Medicinas Inc","description":"Sveikatos medicinos klinika","potentialAction":[{"@type":"SearchAction","target":{"@type":"EntryPoint","urlTemplate":"https:\/\/medicinasinc.com\/lt\/?s={search_term_string}"},"query-input":{"@type":"PropertyValueSpecification","valueRequired":true,"valueName":"search_term_string"}}],"inLanguage":"en-US"}]}},"_links":{"self":[{"href":"https:\/\/medicinasinc.com\/lt\/wp-json\/wp\/v2\/product\/5070","targetHints":{"allow":["GET"]}}],"collection":[{"href":"https:\/\/medicinasinc.com\/lt\/wp-json\/wp\/v2\/product"}],"about":[{"href":"https:\/\/medicinasinc.com\/lt\/wp-json\/wp\/v2\/types\/product"}],"replies":[{"embeddable":true,"href":"https:\/\/medicinasinc.com\/lt\/wp-json\/wp\/v2\/comments?post=5070"}],"wp:featuredmedia":[{"embeddable":true,"href":"https:\/\/medicinasinc.com\/lt\/wp-json\/wp\/v2\/media\/5089"}],"wp:attachment":[{"href":"https:\/\/medicinasinc.com\/lt\/wp-json\/wp\/v2\/media?parent=5070"}],"wp:term":[{"taxonomy":"product_brand","embeddable":true,"href":"https:\/\/medicinasinc.com\/lt\/wp-json\/wp\/v2\/product_brand?post=5070"},{"taxonomy":"product_cat","embeddable":true,"href":"https:\/\/medicinasinc.com\/lt\/wp-json\/wp\/v2\/product_cat?post=5070"},{"taxonomy":"product_tag","embeddable":true,"href":"https:\/\/medicinasinc.com\/lt\/wp-json\/wp\/v2\/product_tag?post=5070"}],"curies":[{"name":"wp","href":"https:\/\/api.w.org\/{rel}","templated":true}]}}