{"id":5068,"date":"2022-02-20T19:50:54","date_gmt":"2022-02-20T19:50:54","guid":{"rendered":"https:\/\/medicinasinc.com\/lt\/?post_type=product&#038;p=5068"},"modified":"2022-03-20T12:25:48","modified_gmt":"2022-03-20T12:25:48","slug":"pirk-super-citrina-rukas","status":"publish","type":"product","link":"https:\/\/medicinasinc.com\/lt\/product\/pirk-super-citrina-rukas\/","title":{"rendered":"Pirkite Super Lemon Haze"},"content":{"rendered":"<p>Super Lamon Haze pirkimas internetu<\/p>\n<p>\u0160is skanus citrin\u0173 \u0161tamas yra geras derlius, tinkantis bet kuriai veteran\u0173 grupei. Super Lemon Haze yra viena i\u0161 populiariausi\u0173 atmain\u0173, ypa\u010d tarp Indijos entuziast\u0173, ir s\u0117kmingai pavertusi jas sativa. Be jokios abejon\u0117s, Super Lemon Haze yra unikalus. \u0160is kanapi\u0173 taur\u0117s laim\u0117tojas yra \u201eLemon Skunk\u201c ir \u201eSuper Silver Haze\u201c mi\u0161r\u016bnas, tod\u0117l tai yra kilminga atmaina ir viena geriausi\u0173 \u0161iandien prieinam\u0173 sativ\u0173. Super Lamon Haze galite \u012fsigyti internetu ir rasti parduodam\u0105 internetu. \u0160is sativa dominuojantis hibridas tikrai pateisina savo pavadinim\u0105 ir turi galing\u0105 limono aromat\u0105, kuris kvepia ne\u012ftik\u0117tinai. Super Lemon Haze prasideda l\u0117tai, bet stabiliai ir kyla iki nepaprasto euforijos lygio, d\u0117l kurio norisi i\u0161 susijaudinimo nu\u0161okti nuo k\u0117d\u0117s. \u0160i paderm\u0117 taip pat yra populiari medicinin\u0117 versija, nes ji gali b\u016bti naudojama \u012fvairiems negalavimams gydyti.<\/p>\n<p>Poveikis<\/p>\n<p>Visi \u0161ie super-sativa efektai yra pagr\u012fsti energija. Ta\u010diau pagrindinis bruo\u017eas yra tai, kad tai yra nuostabus kasdienis bandymas, nes jis gali b\u016bti veiksmingas ir kartais naujovi\u0161kas. Super Lemon Haze gali pakankamai nuraminti, kad jaustum\u0117t\u0117s maloniai. Super Lemon Haze yra idealus laimingas kompanionas. Jei j\u016bs\u0173 laukia ilga diena ir reikia kruop\u0161\u010diai atlikti darbus, \u0161i sativa yra tinkamas b\u016bdas.<br \/> Tur\u0117site kilogram\u0105 \u0161io puikaus pumpuro, kad tilps visi sal\u0117je esantys \u017emon\u0117s, ir dar vien\u0105. kad tave patraukt\u0173. Super Lemon Haze neturi jokios \u012ftakos pradedan\u010dioms \u012fmon\u0117ms. Jo poveikis gali sukelti malon\u0173 smegen\u0173 pakilim\u0105, kuris leid\u017eia ai\u0161kiau m\u0105styti ir prisiminti informacij\u0105, kuri\u0105 kitu atveju gal\u0117tum\u0117te pamir\u0161ti. Be to, manoma, kad d\u0117l \u0161io spaudimo pasijusite \u0161iek tiek nerimtas, o tai idealiai tinka romanti\u0161kai nak\u010diai. Kvapas: kvapnus pumpuras tur\u0117t\u0173 sukelti citrusini\u0173 vaisi\u0173 \u012fvaizd\u012f. Super Lemon Haze yra citrini\u0161kai saldaus skonio su prieskoni\u0173 dvelksmu ir itin r\u016bg\u0161taus aromato. Saldus citrin\u0173 skonis subalansuotas \u017eemi\u0161kumu ir prieskoniais, sukurian\u010diais nuostabi\u0105 patirt\u012f. Super Lemon Haze turi itin malon\u0173 kvap\u0105. \u0160i sativa turi malon\u0173, gaiv\u0173 aromat\u0105, o ant lie\u017euvio tur\u0117t\u0173 i\u0161likti citrininis \u017eemumas. Atrodo, tarsi \u012fkveptum\u0117te saldain\u012f, turint\u012f ry\u0161k\u0173 \u017eoleli\u0173 atspalv\u012f.<\/p>\n<p>Medicininiai privalumai<\/p>\n<p>Super Lemon Haze si\u016bloma nuo \u012fvairi\u0173 negalavim\u0173 ir simptom\u0173. L\u0117tinis nuovargis yra lengvai \u012fveikiamas naudojant \u0161i\u0105 stipri\u0105 \u012ftamp\u0105, nes ji gali sukurti stabili\u0105 ir pakili\u0105 dvasios b\u016bsen\u0105, kuri skatina jus net daryti dalykus. Be to, \u0161i paderm\u0117 gerai kovoja su stresu ir li\u016bdesiu. Super Lemon Haze gali gydyti \u012fvairias b\u0117das, susijusias su didelio streso gyvenimo b\u016bdu, ir gali lengvai atsikratyti nedideli\u0173 skausm\u0173, toki\u0173 kaip migrena, galvos, s\u0105nari\u0173 ir raumen\u0173 spazmai. Super Lemon Haze yra universalus, patikimas skausm\u0105 mal\u0161inantis vaistas, kuris atpalaiduoja ir dilg\u010dioja k\u016bn\u0105, u\u017emaskuodamas visas kitas fizines problemas, kurios gali kilti. Pakyl\u0117jantis skonis ir aromatas prisideda prie jo patrauklumo, tod\u0117l jis malonus net \u017emon\u0117ms, kurie vargu ar vartoja kanap\u0119 savo ligai gydyti.<\/p>\n","protected":false},"excerpt":{"rendered":"<div class=\"woocommerce-product-details__short-description\">\n<p>Pirkite Super Lemon Haze marihuanos atmain\u0105 Jungtin\u0117je Karalyst\u0117je ir Europoje. Tai stiprus citrusinis ir saldus Sativa dominuojantis hibridas. \u0160i g\u0117l\u0117 atsirado sukry\u017eminus citrinin\u012f skunk\u0105 ir sidabrin\u012f migl\u0105.<\/p>\n<p>Super Lemon Haze marihuanos \u0161tamo pirkimas internetu.<\/p>\n<p>Super Lemon Haze yra Sativa dominuojantis hibridas &#8211; 80% Sativa \/ 20% Indica. Indica THC kiekis yra 25%, CBD kiekis yra 1%, o CBN kiekis yra 2%.<\/p>\n<\/p><\/div>\n","protected":false},"featured_media":5085,"comment_status":"open","ping_status":"closed","template":"","meta":[],"product_brand":[],"product_cat":[778],"product_tag":[1020,486,1021,1022,1023,487,1024,1019],"class_list":{"0":"post-5068","1":"product","2":"type-product","3":"status-publish","4":"has-post-thumbnail","6":"product_cat-ol-pardavimui","7":"product_tag-lemon-haze-seeds-for-sale","8":"product_tag-super-citrinos-miglos-kaina","9":"product_tag-super-citrin-migla-autoflower","10":"product_tag-super-citrin-migla-autoflower-seeds","11":"product_tag-super-citrin-miglos-efektas","12":"product_tag-super-citrin-miglos-sklos","13":"product_tag-super-citrinos-haze-seeds-usa","14":"product_tag-yra-super-citrina-rkas-psichedelinis","16":"first","17":"instock","18":"shipping-taxable","19":"purchasable","20":"product-type-variable","21":"has-default-attributes"},"yoast_head":"<!-- This site is optimized with the Yoast SEO plugin v27.3 - https:\/\/yoast.com\/product\/yoast-seo-wordpress\/ -->\n<title>Pirkite Super Lemon Haze \u2013 geriausius geriausius pasaulinius vaistus<\/title>\n<meta name=\"description\" content=\"Pirkite Super Lemon Haze marihuanos \u0161tam\u0105 JK, Europoje a\u0161tr\u0173 citrusini\u0173 vaisi\u0173 ir sald\u0173 Sativa dominuojant\u012f hibrid\u0105. \u0160i g\u0117l\u0117 yra citrininio skunko ir amp; sidabro migla.\" \/>\n<meta name=\"robots\" content=\"index, follow, max-snippet:-1, max-image-preview:large, max-video-preview:-1\" \/>\n<link rel=\"canonical\" href=\"https:\/\/medicinasinc.com\/lt\/product\/pirk-super-citrina-rukas\/\" \/>\n<meta property=\"og:locale\" content=\"en_US\" \/>\n<meta property=\"og:type\" content=\"article\" \/>\n<meta property=\"og:title\" content=\"Pirkite Super Lemon Haze \u2013 geriausius geriausius pasaulinius vaistus\" \/>\n<meta property=\"og:description\" content=\"Pirkite Super Lemon Haze marihuanos \u0161tam\u0105 JK, Europoje a\u0161tr\u0173 citrusini\u0173 vaisi\u0173 ir sald\u0173 Sativa dominuojant\u012f hibrid\u0105. \u0160i g\u0117l\u0117 yra citrininio skunko ir amp; sidabro migla.\" \/>\n<meta property=\"og:url\" content=\"https:\/\/medicinasinc.com\/lt\/product\/pirk-super-citrina-rukas\/\" \/>\n<meta property=\"og:site_name\" content=\"Medicinas Inc\" \/>\n<meta property=\"article:modified_time\" content=\"2022-03-20T12:25:48+00:00\" \/>\n<meta property=\"og:image\" content=\"https:\/\/medicinasinc.com\/lt\/wp-content\/uploads\/sites\/9\/2022\/02\/Buy-Super-Lemon-Haze.jpg\" \/>\n\t<meta property=\"og:image:width\" content=\"1080\" \/>\n\t<meta property=\"og:image:height\" content=\"1080\" \/>\n\t<meta property=\"og:image:type\" content=\"image\/jpeg\" \/>\n<meta name=\"twitter:card\" content=\"summary_large_image\" \/>\n<meta name=\"twitter:label1\" content=\"Est. reading time\" \/>\n\t<meta name=\"twitter:data1\" content=\"3 minutes\" \/>\n<script type=\"application\/ld+json\" class=\"yoast-schema-graph\">{\"@context\":\"https:\\\/\\\/schema.org\",\"@graph\":[{\"@type\":\"WebPage\",\"@id\":\"https:\\\/\\\/medicinasinc.com\\\/lt\\\/product\\\/pirk-super-citrina-rukas\\\/\",\"url\":\"https:\\\/\\\/medicinasinc.com\\\/lt\\\/product\\\/pirk-super-citrina-rukas\\\/\",\"name\":\"Pirkite Super Lemon Haze \u2013 geriausius geriausius pasaulinius vaistus\",\"isPartOf\":{\"@id\":\"https:\\\/\\\/medicinasinc.com\\\/lt\\\/#website\"},\"primaryImageOfPage\":{\"@id\":\"https:\\\/\\\/medicinasinc.com\\\/lt\\\/product\\\/pirk-super-citrina-rukas\\\/#primaryimage\"},\"image\":{\"@id\":\"https:\\\/\\\/medicinasinc.com\\\/lt\\\/product\\\/pirk-super-citrina-rukas\\\/#primaryimage\"},\"thumbnailUrl\":\"https:\\\/\\\/medicinasinc.com\\\/lt\\\/wp-content\\\/uploads\\\/sites\\\/9\\\/2022\\\/02\\\/Buy-Super-Lemon-Haze.jpg\",\"datePublished\":\"2022-02-20T19:50:54+00:00\",\"dateModified\":\"2022-03-20T12:25:48+00:00\",\"description\":\"Pirkite Super Lemon Haze marihuanos \u0161tam\u0105 JK, Europoje a\u0161tr\u0173 citrusini\u0173 vaisi\u0173 ir sald\u0173 Sativa dominuojant\u012f hibrid\u0105. \u0160i g\u0117l\u0117 yra citrininio skunko ir amp; sidabro migla.\",\"breadcrumb\":{\"@id\":\"https:\\\/\\\/medicinasinc.com\\\/lt\\\/product\\\/pirk-super-citrina-rukas\\\/#breadcrumb\"},\"inLanguage\":\"en-US\",\"potentialAction\":[{\"@type\":\"ReadAction\",\"target\":[\"https:\\\/\\\/medicinasinc.com\\\/lt\\\/product\\\/pirk-super-citrina-rukas\\\/\"]}]},{\"@type\":\"ImageObject\",\"inLanguage\":\"en-US\",\"@id\":\"https:\\\/\\\/medicinasinc.com\\\/lt\\\/product\\\/pirk-super-citrina-rukas\\\/#primaryimage\",\"url\":\"https:\\\/\\\/medicinasinc.com\\\/lt\\\/wp-content\\\/uploads\\\/sites\\\/9\\\/2022\\\/02\\\/Buy-Super-Lemon-Haze.jpg\",\"contentUrl\":\"https:\\\/\\\/medicinasinc.com\\\/lt\\\/wp-content\\\/uploads\\\/sites\\\/9\\\/2022\\\/02\\\/Buy-Super-Lemon-Haze.jpg\",\"width\":1080,\"height\":1080},{\"@type\":\"BreadcrumbList\",\"@id\":\"https:\\\/\\\/medicinasinc.com\\\/lt\\\/product\\\/pirk-super-citrina-rukas\\\/#breadcrumb\",\"itemListElement\":[{\"@type\":\"ListItem\",\"position\":1,\"name\":\"Parduotuv\u0117\",\"item\":\"https:\\\/\\\/medicinasinc.com\\\/lt\\\/parduotuve\\\/\"},{\"@type\":\"ListItem\",\"position\":2,\"name\":\"Pirkite Super Lemon Haze\"}]},{\"@type\":\"WebSite\",\"@id\":\"https:\\\/\\\/medicinasinc.com\\\/lt\\\/#website\",\"url\":\"https:\\\/\\\/medicinasinc.com\\\/lt\\\/\",\"name\":\"Medicinas Inc\",\"description\":\"Sveikatos medicinos klinika\",\"potentialAction\":[{\"@type\":\"SearchAction\",\"target\":{\"@type\":\"EntryPoint\",\"urlTemplate\":\"https:\\\/\\\/medicinasinc.com\\\/lt\\\/?s={search_term_string}\"},\"query-input\":{\"@type\":\"PropertyValueSpecification\",\"valueRequired\":true,\"valueName\":\"search_term_string\"}}],\"inLanguage\":\"en-US\"}]}<\/script>\n<!-- \/ Yoast SEO plugin. -->","yoast_head_json":{"title":"Pirkite Super Lemon Haze \u2013 geriausius geriausius pasaulinius vaistus","description":"Pirkite Super Lemon Haze marihuanos \u0161tam\u0105 JK, Europoje a\u0161tr\u0173 citrusini\u0173 vaisi\u0173 ir sald\u0173 Sativa dominuojant\u012f hibrid\u0105. \u0160i g\u0117l\u0117 yra citrininio skunko ir amp; sidabro migla.","robots":{"index":"index","follow":"follow","max-snippet":"max-snippet:-1","max-image-preview":"max-image-preview:large","max-video-preview":"max-video-preview:-1"},"canonical":"https:\/\/medicinasinc.com\/lt\/product\/pirk-super-citrina-rukas\/","og_locale":"en_US","og_type":"article","og_title":"Pirkite Super Lemon Haze \u2013 geriausius geriausius pasaulinius vaistus","og_description":"Pirkite Super Lemon Haze marihuanos \u0161tam\u0105 JK, Europoje a\u0161tr\u0173 citrusini\u0173 vaisi\u0173 ir sald\u0173 Sativa dominuojant\u012f hibrid\u0105. \u0160i g\u0117l\u0117 yra citrininio skunko ir amp; sidabro migla.","og_url":"https:\/\/medicinasinc.com\/lt\/product\/pirk-super-citrina-rukas\/","og_site_name":"Medicinas Inc","article_modified_time":"2022-03-20T12:25:48+00:00","og_image":[{"width":1080,"height":1080,"url":"https:\/\/medicinasinc.com\/lt\/wp-content\/uploads\/sites\/9\/2022\/02\/Buy-Super-Lemon-Haze.jpg","type":"image\/jpeg"}],"twitter_card":"summary_large_image","twitter_misc":{"Est. reading time":"3 minutes"},"schema":{"@context":"https:\/\/schema.org","@graph":[{"@type":"WebPage","@id":"https:\/\/medicinasinc.com\/lt\/product\/pirk-super-citrina-rukas\/","url":"https:\/\/medicinasinc.com\/lt\/product\/pirk-super-citrina-rukas\/","name":"Pirkite Super Lemon Haze \u2013 geriausius geriausius pasaulinius vaistus","isPartOf":{"@id":"https:\/\/medicinasinc.com\/lt\/#website"},"primaryImageOfPage":{"@id":"https:\/\/medicinasinc.com\/lt\/product\/pirk-super-citrina-rukas\/#primaryimage"},"image":{"@id":"https:\/\/medicinasinc.com\/lt\/product\/pirk-super-citrina-rukas\/#primaryimage"},"thumbnailUrl":"https:\/\/medicinasinc.com\/lt\/wp-content\/uploads\/sites\/9\/2022\/02\/Buy-Super-Lemon-Haze.jpg","datePublished":"2022-02-20T19:50:54+00:00","dateModified":"2022-03-20T12:25:48+00:00","description":"Pirkite Super Lemon Haze marihuanos \u0161tam\u0105 JK, Europoje a\u0161tr\u0173 citrusini\u0173 vaisi\u0173 ir sald\u0173 Sativa dominuojant\u012f hibrid\u0105. \u0160i g\u0117l\u0117 yra citrininio skunko ir amp; sidabro migla.","breadcrumb":{"@id":"https:\/\/medicinasinc.com\/lt\/product\/pirk-super-citrina-rukas\/#breadcrumb"},"inLanguage":"en-US","potentialAction":[{"@type":"ReadAction","target":["https:\/\/medicinasinc.com\/lt\/product\/pirk-super-citrina-rukas\/"]}]},{"@type":"ImageObject","inLanguage":"en-US","@id":"https:\/\/medicinasinc.com\/lt\/product\/pirk-super-citrina-rukas\/#primaryimage","url":"https:\/\/medicinasinc.com\/lt\/wp-content\/uploads\/sites\/9\/2022\/02\/Buy-Super-Lemon-Haze.jpg","contentUrl":"https:\/\/medicinasinc.com\/lt\/wp-content\/uploads\/sites\/9\/2022\/02\/Buy-Super-Lemon-Haze.jpg","width":1080,"height":1080},{"@type":"BreadcrumbList","@id":"https:\/\/medicinasinc.com\/lt\/product\/pirk-super-citrina-rukas\/#breadcrumb","itemListElement":[{"@type":"ListItem","position":1,"name":"Parduotuv\u0117","item":"https:\/\/medicinasinc.com\/lt\/parduotuve\/"},{"@type":"ListItem","position":2,"name":"Pirkite Super Lemon Haze"}]},{"@type":"WebSite","@id":"https:\/\/medicinasinc.com\/lt\/#website","url":"https:\/\/medicinasinc.com\/lt\/","name":"Medicinas Inc","description":"Sveikatos medicinos klinika","potentialAction":[{"@type":"SearchAction","target":{"@type":"EntryPoint","urlTemplate":"https:\/\/medicinasinc.com\/lt\/?s={search_term_string}"},"query-input":{"@type":"PropertyValueSpecification","valueRequired":true,"valueName":"search_term_string"}}],"inLanguage":"en-US"}]}},"_links":{"self":[{"href":"https:\/\/medicinasinc.com\/lt\/wp-json\/wp\/v2\/product\/5068","targetHints":{"allow":["GET"]}}],"collection":[{"href":"https:\/\/medicinasinc.com\/lt\/wp-json\/wp\/v2\/product"}],"about":[{"href":"https:\/\/medicinasinc.com\/lt\/wp-json\/wp\/v2\/types\/product"}],"replies":[{"embeddable":true,"href":"https:\/\/medicinasinc.com\/lt\/wp-json\/wp\/v2\/comments?post=5068"}],"wp:featuredmedia":[{"embeddable":true,"href":"https:\/\/medicinasinc.com\/lt\/wp-json\/wp\/v2\/media\/5085"}],"wp:attachment":[{"href":"https:\/\/medicinasinc.com\/lt\/wp-json\/wp\/v2\/media?parent=5068"}],"wp:term":[{"taxonomy":"product_brand","embeddable":true,"href":"https:\/\/medicinasinc.com\/lt\/wp-json\/wp\/v2\/product_brand?post=5068"},{"taxonomy":"product_cat","embeddable":true,"href":"https:\/\/medicinasinc.com\/lt\/wp-json\/wp\/v2\/product_cat?post=5068"},{"taxonomy":"product_tag","embeddable":true,"href":"https:\/\/medicinasinc.com\/lt\/wp-json\/wp\/v2\/product_tag?post=5068"}],"curies":[{"name":"wp","href":"https:\/\/api.w.org\/{rel}","templated":true}]}}