{"id":5066,"date":"2022-02-20T19:49:25","date_gmt":"2022-02-20T19:49:25","guid":{"rendered":"https:\/\/medicinasinc.com\/lt\/?post_type=product&#038;p=5066"},"modified":"2022-03-20T12:25:56","modified_gmt":"2022-03-20T12:25:56","slug":"pirk-snoops-svajok-marihuana","status":"publish","type":"product","link":"https:\/\/medicinasinc.com\/lt\/product\/pirk-snoops-svajok-marihuana\/","title":{"rendered":"Pirkite Snoop&#8217;s Dream marihuan\u0105"},"content":{"rendered":"<p><strong>Snoops Dream marihuanos \u0161tam\u0105 galima \u012fsigyti internetu.<\/strong><\/p>\n<p>Snoops Dream marihuanos \u0161tam\u0105 galima \u012fsigyti internetu.<\/p>\n<p>Poveikis<br \/> K\u016brybingas, suteikiantis energijos. , euforija, kikenimas, laimingas, atpalaiduojantis, pakyl\u0117jantis<br \/> gali palengvinti<br \/> bipolin\u012f sutrikim\u0105, l\u0117tin\u012f skausm\u0105, depresij\u0105, nuovarg\u012f, galvos skausm\u0105, nemig\u0105, PMS, PTSD, stres\u0105<br \/> skoniai<br \/> Uog\u0173, M\u0117lyn\u0117s, sviestas, pu\u0161is, cukrus, saldus, vanil\u0117<\/p>\n","protected":false},"excerpt":{"rendered":"<p>Pirkite Snoops Dream marihuanos \u0161tam\u0105 galite \u012fsigyti internetu. Snoop&#8217;s Dream yra marihuanos atmaina, kuri\u0105 suk\u016br\u0117 Snoop Dogg. Hibridinis &#8211; 50 % Sativa, 50 % Indica THC: 26 %<\/p>\n<p>Snoop&#8217;s Dream yra kanapi\u0173 atmaina, pavadinta hiphopo atlik\u0117jo Snoop Dog vardu. Jis parod\u0117 didel\u012f susidom\u0117jim\u0105 marihuanos sektoriumi.<\/p>\n<p>Snoop&#8217;s Dream yra marihuanos atmaina, kuri\u0105 suk\u016br\u0117 Snoop Dogg. Hibridinis &#8211; 50 % Sativa, 50 % Indica THC kiekis: 26 %. Si\u016blome galimyb\u0119 internetu \u012fsigyti medicinin\u0117s marihuanos, va\u0161ko ir skilimo bei pikt\u017eoli\u0173.<\/p>\n","protected":false},"featured_media":5083,"comment_status":"open","ping_status":"closed","template":"","meta":[],"product_brand":[],"product_cat":[778],"product_tag":[1013,1014,1015,1011,1016,1017,1018,1012],"class_list":{"0":"post-5066","1":"product","2":"type-product","3":"status-publish","4":"has-post-thumbnail","6":"product_cat-ol-pardavimui","7":"product_tag-auga-snausti-svajon","8":"product_tag-leafs-by-snoop-strains","9":"product_tag-meistras-kush-kaina","10":"product_tag-mlyna-svajoni-kaina","11":"product_tag-snoop-dawg-strain-redbud-roots","12":"product_tag-snoop-paderms","13":"product_tag-snoops-dream-wikileaf","14":"product_tag-svajoni-uo-tamas","16":"first","17":"instock","18":"shipping-taxable","19":"purchasable","20":"product-type-variable","21":"has-default-attributes"},"yoast_head":"<!-- This site is optimized with the Yoast SEO plugin v27.3 - https:\/\/yoast.com\/product\/yoast-seo-wordpress\/ -->\n<title>Pirkite \u201eSnoops Dream\u201c marihuan\u0105 \u2013 geriausius pasaulinius vaistus<\/title>\n<meta name=\"description\" content=\"M\u0117lynosios svajon\u0117s kirtimas su Master Kush, dvi ry\u0161kios, galingos veisl\u0117s, kaip sakoma... Tai geriausia platforma pirkti Snoop&#039;s Dream marihuan\u0105 parduoti.\" \/>\n<meta name=\"robots\" content=\"index, follow, max-snippet:-1, max-image-preview:large, max-video-preview:-1\" \/>\n<link rel=\"canonical\" href=\"https:\/\/medicinasinc.com\/lt\/product\/pirk-snoops-svajok-marihuana\/\" \/>\n<meta property=\"og:locale\" content=\"en_US\" \/>\n<meta property=\"og:type\" content=\"article\" \/>\n<meta property=\"og:title\" content=\"Pirkite \u201eSnoops Dream\u201c marihuan\u0105 \u2013 geriausius pasaulinius vaistus\" \/>\n<meta property=\"og:description\" content=\"M\u0117lynosios svajon\u0117s kirtimas su Master Kush, dvi ry\u0161kios, galingos veisl\u0117s, kaip sakoma... Tai geriausia platforma pirkti Snoop&#039;s Dream marihuan\u0105 parduoti.\" \/>\n<meta property=\"og:url\" content=\"https:\/\/medicinasinc.com\/lt\/product\/pirk-snoops-svajok-marihuana\/\" \/>\n<meta property=\"og:site_name\" content=\"Medicinas Inc\" \/>\n<meta property=\"article:modified_time\" content=\"2022-03-20T12:25:56+00:00\" \/>\n<meta property=\"og:image\" content=\"https:\/\/medicinasinc.com\/lt\/wp-content\/uploads\/sites\/9\/2022\/02\/Buy-Snoops-Dream-Marijuana.jpg\" \/>\n\t<meta property=\"og:image:width\" content=\"2000\" \/>\n\t<meta property=\"og:image:height\" content=\"1333\" \/>\n\t<meta property=\"og:image:type\" content=\"image\/jpeg\" \/>\n<meta name=\"twitter:card\" content=\"summary_large_image\" \/>\n<meta name=\"twitter:label1\" content=\"Est. reading time\" \/>\n\t<meta name=\"twitter:data1\" content=\"1 minute\" \/>\n<script type=\"application\/ld+json\" class=\"yoast-schema-graph\">{\"@context\":\"https:\\\/\\\/schema.org\",\"@graph\":[{\"@type\":\"WebPage\",\"@id\":\"https:\\\/\\\/medicinasinc.com\\\/lt\\\/product\\\/pirk-snoops-svajok-marihuana\\\/\",\"url\":\"https:\\\/\\\/medicinasinc.com\\\/lt\\\/product\\\/pirk-snoops-svajok-marihuana\\\/\",\"name\":\"Pirkite \u201eSnoops Dream\u201c marihuan\u0105 \u2013 geriausius pasaulinius vaistus\",\"isPartOf\":{\"@id\":\"https:\\\/\\\/medicinasinc.com\\\/lt\\\/#website\"},\"primaryImageOfPage\":{\"@id\":\"https:\\\/\\\/medicinasinc.com\\\/lt\\\/product\\\/pirk-snoops-svajok-marihuana\\\/#primaryimage\"},\"image\":{\"@id\":\"https:\\\/\\\/medicinasinc.com\\\/lt\\\/product\\\/pirk-snoops-svajok-marihuana\\\/#primaryimage\"},\"thumbnailUrl\":\"https:\\\/\\\/medicinasinc.com\\\/lt\\\/wp-content\\\/uploads\\\/sites\\\/9\\\/2022\\\/02\\\/Buy-Snoops-Dream-Marijuana.jpg\",\"datePublished\":\"2022-02-20T19:49:25+00:00\",\"dateModified\":\"2022-03-20T12:25:56+00:00\",\"description\":\"M\u0117lynosios svajon\u0117s kirtimas su Master Kush, dvi ry\u0161kios, galingos veisl\u0117s, kaip sakoma... Tai geriausia platforma pirkti Snoop's Dream marihuan\u0105 parduoti.\",\"breadcrumb\":{\"@id\":\"https:\\\/\\\/medicinasinc.com\\\/lt\\\/product\\\/pirk-snoops-svajok-marihuana\\\/#breadcrumb\"},\"inLanguage\":\"en-US\",\"potentialAction\":[{\"@type\":\"ReadAction\",\"target\":[\"https:\\\/\\\/medicinasinc.com\\\/lt\\\/product\\\/pirk-snoops-svajok-marihuana\\\/\"]}]},{\"@type\":\"ImageObject\",\"inLanguage\":\"en-US\",\"@id\":\"https:\\\/\\\/medicinasinc.com\\\/lt\\\/product\\\/pirk-snoops-svajok-marihuana\\\/#primaryimage\",\"url\":\"https:\\\/\\\/medicinasinc.com\\\/lt\\\/wp-content\\\/uploads\\\/sites\\\/9\\\/2022\\\/02\\\/Buy-Snoops-Dream-Marijuana.jpg\",\"contentUrl\":\"https:\\\/\\\/medicinasinc.com\\\/lt\\\/wp-content\\\/uploads\\\/sites\\\/9\\\/2022\\\/02\\\/Buy-Snoops-Dream-Marijuana.jpg\",\"width\":2000,\"height\":1333},{\"@type\":\"BreadcrumbList\",\"@id\":\"https:\\\/\\\/medicinasinc.com\\\/lt\\\/product\\\/pirk-snoops-svajok-marihuana\\\/#breadcrumb\",\"itemListElement\":[{\"@type\":\"ListItem\",\"position\":1,\"name\":\"Parduotuv\u0117\",\"item\":\"https:\\\/\\\/medicinasinc.com\\\/lt\\\/parduotuve\\\/\"},{\"@type\":\"ListItem\",\"position\":2,\"name\":\"Pirkite Snoop&#8217;s Dream marihuan\u0105\"}]},{\"@type\":\"WebSite\",\"@id\":\"https:\\\/\\\/medicinasinc.com\\\/lt\\\/#website\",\"url\":\"https:\\\/\\\/medicinasinc.com\\\/lt\\\/\",\"name\":\"Medicinas Inc\",\"description\":\"Sveikatos medicinos klinika\",\"potentialAction\":[{\"@type\":\"SearchAction\",\"target\":{\"@type\":\"EntryPoint\",\"urlTemplate\":\"https:\\\/\\\/medicinasinc.com\\\/lt\\\/?s={search_term_string}\"},\"query-input\":{\"@type\":\"PropertyValueSpecification\",\"valueRequired\":true,\"valueName\":\"search_term_string\"}}],\"inLanguage\":\"en-US\"}]}<\/script>\n<!-- \/ Yoast SEO plugin. -->","yoast_head_json":{"title":"Pirkite \u201eSnoops Dream\u201c marihuan\u0105 \u2013 geriausius pasaulinius vaistus","description":"M\u0117lynosios svajon\u0117s kirtimas su Master Kush, dvi ry\u0161kios, galingos veisl\u0117s, kaip sakoma... Tai geriausia platforma pirkti Snoop's Dream marihuan\u0105 parduoti.","robots":{"index":"index","follow":"follow","max-snippet":"max-snippet:-1","max-image-preview":"max-image-preview:large","max-video-preview":"max-video-preview:-1"},"canonical":"https:\/\/medicinasinc.com\/lt\/product\/pirk-snoops-svajok-marihuana\/","og_locale":"en_US","og_type":"article","og_title":"Pirkite \u201eSnoops Dream\u201c marihuan\u0105 \u2013 geriausius pasaulinius vaistus","og_description":"M\u0117lynosios svajon\u0117s kirtimas su Master Kush, dvi ry\u0161kios, galingos veisl\u0117s, kaip sakoma... Tai geriausia platforma pirkti Snoop's Dream marihuan\u0105 parduoti.","og_url":"https:\/\/medicinasinc.com\/lt\/product\/pirk-snoops-svajok-marihuana\/","og_site_name":"Medicinas Inc","article_modified_time":"2022-03-20T12:25:56+00:00","og_image":[{"width":2000,"height":1333,"url":"https:\/\/medicinasinc.com\/lt\/wp-content\/uploads\/sites\/9\/2022\/02\/Buy-Snoops-Dream-Marijuana.jpg","type":"image\/jpeg"}],"twitter_card":"summary_large_image","twitter_misc":{"Est. reading time":"1 minute"},"schema":{"@context":"https:\/\/schema.org","@graph":[{"@type":"WebPage","@id":"https:\/\/medicinasinc.com\/lt\/product\/pirk-snoops-svajok-marihuana\/","url":"https:\/\/medicinasinc.com\/lt\/product\/pirk-snoops-svajok-marihuana\/","name":"Pirkite \u201eSnoops Dream\u201c marihuan\u0105 \u2013 geriausius pasaulinius vaistus","isPartOf":{"@id":"https:\/\/medicinasinc.com\/lt\/#website"},"primaryImageOfPage":{"@id":"https:\/\/medicinasinc.com\/lt\/product\/pirk-snoops-svajok-marihuana\/#primaryimage"},"image":{"@id":"https:\/\/medicinasinc.com\/lt\/product\/pirk-snoops-svajok-marihuana\/#primaryimage"},"thumbnailUrl":"https:\/\/medicinasinc.com\/lt\/wp-content\/uploads\/sites\/9\/2022\/02\/Buy-Snoops-Dream-Marijuana.jpg","datePublished":"2022-02-20T19:49:25+00:00","dateModified":"2022-03-20T12:25:56+00:00","description":"M\u0117lynosios svajon\u0117s kirtimas su Master Kush, dvi ry\u0161kios, galingos veisl\u0117s, kaip sakoma... Tai geriausia platforma pirkti Snoop's Dream marihuan\u0105 parduoti.","breadcrumb":{"@id":"https:\/\/medicinasinc.com\/lt\/product\/pirk-snoops-svajok-marihuana\/#breadcrumb"},"inLanguage":"en-US","potentialAction":[{"@type":"ReadAction","target":["https:\/\/medicinasinc.com\/lt\/product\/pirk-snoops-svajok-marihuana\/"]}]},{"@type":"ImageObject","inLanguage":"en-US","@id":"https:\/\/medicinasinc.com\/lt\/product\/pirk-snoops-svajok-marihuana\/#primaryimage","url":"https:\/\/medicinasinc.com\/lt\/wp-content\/uploads\/sites\/9\/2022\/02\/Buy-Snoops-Dream-Marijuana.jpg","contentUrl":"https:\/\/medicinasinc.com\/lt\/wp-content\/uploads\/sites\/9\/2022\/02\/Buy-Snoops-Dream-Marijuana.jpg","width":2000,"height":1333},{"@type":"BreadcrumbList","@id":"https:\/\/medicinasinc.com\/lt\/product\/pirk-snoops-svajok-marihuana\/#breadcrumb","itemListElement":[{"@type":"ListItem","position":1,"name":"Parduotuv\u0117","item":"https:\/\/medicinasinc.com\/lt\/parduotuve\/"},{"@type":"ListItem","position":2,"name":"Pirkite Snoop&#8217;s Dream marihuan\u0105"}]},{"@type":"WebSite","@id":"https:\/\/medicinasinc.com\/lt\/#website","url":"https:\/\/medicinasinc.com\/lt\/","name":"Medicinas Inc","description":"Sveikatos medicinos klinika","potentialAction":[{"@type":"SearchAction","target":{"@type":"EntryPoint","urlTemplate":"https:\/\/medicinasinc.com\/lt\/?s={search_term_string}"},"query-input":{"@type":"PropertyValueSpecification","valueRequired":true,"valueName":"search_term_string"}}],"inLanguage":"en-US"}]}},"_links":{"self":[{"href":"https:\/\/medicinasinc.com\/lt\/wp-json\/wp\/v2\/product\/5066","targetHints":{"allow":["GET"]}}],"collection":[{"href":"https:\/\/medicinasinc.com\/lt\/wp-json\/wp\/v2\/product"}],"about":[{"href":"https:\/\/medicinasinc.com\/lt\/wp-json\/wp\/v2\/types\/product"}],"replies":[{"embeddable":true,"href":"https:\/\/medicinasinc.com\/lt\/wp-json\/wp\/v2\/comments?post=5066"}],"wp:featuredmedia":[{"embeddable":true,"href":"https:\/\/medicinasinc.com\/lt\/wp-json\/wp\/v2\/media\/5083"}],"wp:attachment":[{"href":"https:\/\/medicinasinc.com\/lt\/wp-json\/wp\/v2\/media?parent=5066"}],"wp:term":[{"taxonomy":"product_brand","embeddable":true,"href":"https:\/\/medicinasinc.com\/lt\/wp-json\/wp\/v2\/product_brand?post=5066"},{"taxonomy":"product_cat","embeddable":true,"href":"https:\/\/medicinasinc.com\/lt\/wp-json\/wp\/v2\/product_cat?post=5066"},{"taxonomy":"product_tag","embeddable":true,"href":"https:\/\/medicinasinc.com\/lt\/wp-json\/wp\/v2\/product_tag?post=5066"}],"curies":[{"name":"wp","href":"https:\/\/api.w.org\/{rel}","templated":true}]}}