{"id":5047,"date":"2022-02-20T19:35:13","date_gmt":"2022-02-20T19:35:13","guid":{"rendered":"https:\/\/medicinasinc.com\/lt\/?post_type=product&#038;p=5047"},"modified":"2022-03-20T12:26:05","modified_gmt":"2022-03-20T12:26:05","slug":"pirk-purpurinis-drakonas-marihuana-aaaaa","status":"publish","type":"product","link":"https:\/\/medicinasinc.com\/lt\/product\/pirk-purpurinis-drakonas-marihuana-aaaaa\/","title":{"rendered":"Pirkite Purple Dragon Marihuana (AAAAA)"},"content":{"rendered":"<p>Purple Dragon kanap\u0117s (AAAAA) \u2013 30 % Sativa \/ 60 % Indica<\/p>\n<p>Purple Dragon yra Indijoje dominuojanti hibridin\u0117 atmaina, sukurta sukry\u017eminus stipri\u0105 Purple Urkle su Blue Dragon. Purple Dragon suteikia subalansuot\u0105 auk\u0161t\u012f, kuris ramina ir atpalaiduoja prot\u0105 ir k\u016bn\u0105. \u0160i atmaina sukuria gana ne\u012fprast\u0105 aromat\u0105, derindama muskusin\u012f \u0161alavij\u0173 su i\u0161skirtiniu g\u0117li\u0173 skoniu, kuris i\u0161lieka gomuryje. \u012ekv\u0117pus \u0161ios \u012ftampos, protas tampa energingas, o stipri euforija greitai i\u0161sklaido nerim\u0105 ir depresij\u0105. Purple Dragon pirmiausia suteikia vartotojams jaudinant\u012f ir skatinant\u012f protin\u012f ai\u0161kum\u0105; ta\u010diau \u0161ie privalumai palaipsniui i\u0161nyksta, tod\u0117l naudotojai gali valand\u0173 valandas mal\u0161inti skausm\u0105 ir raminti. Bendri k\u016bno skausmai i\u0161nyks, nes vartotojo k\u016bnas palaipsniui atsipalaiduoja tiek fizi\u0161kai, tiek proti\u0161kai. Purple Dragon yra naudingas b\u016bdas gydyti \u012fvairias ligas, \u012fskaitant nerim\u0105, depresij\u0105, nuotaikos sutrikimus, fizin\u012f i\u0161sekim\u0105, migren\u0105 \/ galvos skausm\u0105, l\u0117tin\u012f skausm\u0105 ir apetito praradim\u0105.<\/p>\n<div class=\"product-next-previous\">\n<div class=\"product-prev\"><\/div><\/div>\n","protected":false},"excerpt":{"rendered":"<p>Purpurinis drakonas Crassula (Crassula multicava) yra stulbinantis ir spalvingas sukulentas, turintis didel\u012f&#8230; \u012esigykite tris ar daugiau preki\u0173 ir gaukite jas u\u017e 10,80 USD.<\/p>\n<ul>\n<li>AAAAA yra geriausia i\u0161 geriausi\u0173!<\/li>\n<li>D\u0117l didmenini\u0173 u\u017esakym\u0173 susisiekite su mumis.<\/li>\n<li>Visame pasaulyje siuntimas.<\/li>\n<\/ul>\n","protected":false},"featured_media":5067,"comment_status":"open","ping_status":"closed","template":"","meta":[],"product_brand":[],"product_cat":[778],"product_tag":[1010,1007,1009,1008,1006],"class_list":{"0":"post-5047","1":"product","2":"type-product","3":"status-publish","4":"has-post-thumbnail","6":"product_cat-ol-pardavimui","7":"product_tag-purple-dragon-stuffed-animal-big","8":"product_tag-purpurinis-alias-drakonas-animacinis-filmas","9":"product_tag-purpurins-drakono-irkls-svetain","10":"product_tag-purpurins-drakono-irkls-apvalgos","11":"product_tag-c5-beali-c5-b3-ir-violetini-c5-b3-drakon-c5-b3-vardai","13":"first","14":"instock","15":"shipping-taxable","16":"purchasable","17":"product-type-variable","18":"has-default-attributes"},"yoast_head":"<!-- This site is optimized with the Yoast SEO plugin v27.3 - https:\/\/yoast.com\/product\/yoast-seo-wordpress\/ -->\n<title>Pirkite Purple Dragon (AAAAA) \u2013 geriausius pasaulinius vaistus<\/title>\n<meta name=\"description\" content=\"Pirkite Purple Dragon marihuanos \u0161tam\u0105. Eterinis ir siurrealistinis purpurinis drakonas yra ne\u017eemi\u0161k\u0173 kristal\u0173 glob\u0117jas. Skaitmeni\u0161kai pie\u0161\u0117 Tobias Vyseri.\" \/>\n<meta name=\"robots\" content=\"index, follow, max-snippet:-1, max-image-preview:large, max-video-preview:-1\" \/>\n<link rel=\"canonical\" href=\"https:\/\/medicinasinc.com\/lt\/product\/pirk-purpurinis-drakonas-marihuana-aaaaa\/\" \/>\n<meta property=\"og:locale\" content=\"en_US\" \/>\n<meta property=\"og:type\" content=\"article\" \/>\n<meta property=\"og:title\" content=\"Pirkite Purple Dragon (AAAAA) \u2013 geriausius pasaulinius vaistus\" \/>\n<meta property=\"og:description\" content=\"Pirkite Purple Dragon marihuanos \u0161tam\u0105. Eterinis ir siurrealistinis purpurinis drakonas yra ne\u017eemi\u0161k\u0173 kristal\u0173 glob\u0117jas. Skaitmeni\u0161kai pie\u0161\u0117 Tobias Vyseri.\" \/>\n<meta property=\"og:url\" content=\"https:\/\/medicinasinc.com\/lt\/product\/pirk-purpurinis-drakonas-marihuana-aaaaa\/\" \/>\n<meta property=\"og:site_name\" content=\"Medicinas Inc\" \/>\n<meta property=\"article:modified_time\" content=\"2022-03-20T12:26:05+00:00\" \/>\n<meta property=\"og:image\" content=\"https:\/\/medicinasinc.com\/lt\/wp-content\/uploads\/sites\/9\/2022\/02\/Buy-Purple-Dragon.jpg\" \/>\n\t<meta property=\"og:image:width\" content=\"541\" \/>\n\t<meta property=\"og:image:height\" content=\"459\" \/>\n\t<meta property=\"og:image:type\" content=\"image\/jpeg\" \/>\n<meta name=\"twitter:card\" content=\"summary_large_image\" \/>\n<meta name=\"twitter:label1\" content=\"Est. reading time\" \/>\n\t<meta name=\"twitter:data1\" content=\"1 minute\" \/>\n<script type=\"application\/ld+json\" class=\"yoast-schema-graph\">{\"@context\":\"https:\\\/\\\/schema.org\",\"@graph\":[{\"@type\":\"WebPage\",\"@id\":\"https:\\\/\\\/medicinasinc.com\\\/lt\\\/product\\\/pirk-purpurinis-drakonas-marihuana-aaaaa\\\/\",\"url\":\"https:\\\/\\\/medicinasinc.com\\\/lt\\\/product\\\/pirk-purpurinis-drakonas-marihuana-aaaaa\\\/\",\"name\":\"Pirkite Purple Dragon (AAAAA) \u2013 geriausius pasaulinius vaistus\",\"isPartOf\":{\"@id\":\"https:\\\/\\\/medicinasinc.com\\\/lt\\\/#website\"},\"primaryImageOfPage\":{\"@id\":\"https:\\\/\\\/medicinasinc.com\\\/lt\\\/product\\\/pirk-purpurinis-drakonas-marihuana-aaaaa\\\/#primaryimage\"},\"image\":{\"@id\":\"https:\\\/\\\/medicinasinc.com\\\/lt\\\/product\\\/pirk-purpurinis-drakonas-marihuana-aaaaa\\\/#primaryimage\"},\"thumbnailUrl\":\"https:\\\/\\\/medicinasinc.com\\\/lt\\\/wp-content\\\/uploads\\\/sites\\\/9\\\/2022\\\/02\\\/Buy-Purple-Dragon.jpg\",\"datePublished\":\"2022-02-20T19:35:13+00:00\",\"dateModified\":\"2022-03-20T12:26:05+00:00\",\"description\":\"Pirkite Purple Dragon marihuanos \u0161tam\u0105. Eterinis ir siurrealistinis purpurinis drakonas yra ne\u017eemi\u0161k\u0173 kristal\u0173 glob\u0117jas. Skaitmeni\u0161kai pie\u0161\u0117 Tobias Vyseri.\",\"breadcrumb\":{\"@id\":\"https:\\\/\\\/medicinasinc.com\\\/lt\\\/product\\\/pirk-purpurinis-drakonas-marihuana-aaaaa\\\/#breadcrumb\"},\"inLanguage\":\"en-US\",\"potentialAction\":[{\"@type\":\"ReadAction\",\"target\":[\"https:\\\/\\\/medicinasinc.com\\\/lt\\\/product\\\/pirk-purpurinis-drakonas-marihuana-aaaaa\\\/\"]}]},{\"@type\":\"ImageObject\",\"inLanguage\":\"en-US\",\"@id\":\"https:\\\/\\\/medicinasinc.com\\\/lt\\\/product\\\/pirk-purpurinis-drakonas-marihuana-aaaaa\\\/#primaryimage\",\"url\":\"https:\\\/\\\/medicinasinc.com\\\/lt\\\/wp-content\\\/uploads\\\/sites\\\/9\\\/2022\\\/02\\\/Buy-Purple-Dragon.jpg\",\"contentUrl\":\"https:\\\/\\\/medicinasinc.com\\\/lt\\\/wp-content\\\/uploads\\\/sites\\\/9\\\/2022\\\/02\\\/Buy-Purple-Dragon.jpg\",\"width\":541,\"height\":459},{\"@type\":\"BreadcrumbList\",\"@id\":\"https:\\\/\\\/medicinasinc.com\\\/lt\\\/product\\\/pirk-purpurinis-drakonas-marihuana-aaaaa\\\/#breadcrumb\",\"itemListElement\":[{\"@type\":\"ListItem\",\"position\":1,\"name\":\"Parduotuv\u0117\",\"item\":\"https:\\\/\\\/medicinasinc.com\\\/lt\\\/parduotuve\\\/\"},{\"@type\":\"ListItem\",\"position\":2,\"name\":\"Pirkite Purple Dragon Marihuana (AAAAA)\"}]},{\"@type\":\"WebSite\",\"@id\":\"https:\\\/\\\/medicinasinc.com\\\/lt\\\/#website\",\"url\":\"https:\\\/\\\/medicinasinc.com\\\/lt\\\/\",\"name\":\"Medicinas Inc\",\"description\":\"Sveikatos medicinos klinika\",\"potentialAction\":[{\"@type\":\"SearchAction\",\"target\":{\"@type\":\"EntryPoint\",\"urlTemplate\":\"https:\\\/\\\/medicinasinc.com\\\/lt\\\/?s={search_term_string}\"},\"query-input\":{\"@type\":\"PropertyValueSpecification\",\"valueRequired\":true,\"valueName\":\"search_term_string\"}}],\"inLanguage\":\"en-US\"}]}<\/script>\n<!-- \/ Yoast SEO plugin. -->","yoast_head_json":{"title":"Pirkite Purple Dragon (AAAAA) \u2013 geriausius pasaulinius vaistus","description":"Pirkite Purple Dragon marihuanos \u0161tam\u0105. Eterinis ir siurrealistinis purpurinis drakonas yra ne\u017eemi\u0161k\u0173 kristal\u0173 glob\u0117jas. Skaitmeni\u0161kai pie\u0161\u0117 Tobias Vyseri.","robots":{"index":"index","follow":"follow","max-snippet":"max-snippet:-1","max-image-preview":"max-image-preview:large","max-video-preview":"max-video-preview:-1"},"canonical":"https:\/\/medicinasinc.com\/lt\/product\/pirk-purpurinis-drakonas-marihuana-aaaaa\/","og_locale":"en_US","og_type":"article","og_title":"Pirkite Purple Dragon (AAAAA) \u2013 geriausius pasaulinius vaistus","og_description":"Pirkite Purple Dragon marihuanos \u0161tam\u0105. Eterinis ir siurrealistinis purpurinis drakonas yra ne\u017eemi\u0161k\u0173 kristal\u0173 glob\u0117jas. Skaitmeni\u0161kai pie\u0161\u0117 Tobias Vyseri.","og_url":"https:\/\/medicinasinc.com\/lt\/product\/pirk-purpurinis-drakonas-marihuana-aaaaa\/","og_site_name":"Medicinas Inc","article_modified_time":"2022-03-20T12:26:05+00:00","og_image":[{"width":541,"height":459,"url":"https:\/\/medicinasinc.com\/lt\/wp-content\/uploads\/sites\/9\/2022\/02\/Buy-Purple-Dragon.jpg","type":"image\/jpeg"}],"twitter_card":"summary_large_image","twitter_misc":{"Est. reading time":"1 minute"},"schema":{"@context":"https:\/\/schema.org","@graph":[{"@type":"WebPage","@id":"https:\/\/medicinasinc.com\/lt\/product\/pirk-purpurinis-drakonas-marihuana-aaaaa\/","url":"https:\/\/medicinasinc.com\/lt\/product\/pirk-purpurinis-drakonas-marihuana-aaaaa\/","name":"Pirkite Purple Dragon (AAAAA) \u2013 geriausius pasaulinius vaistus","isPartOf":{"@id":"https:\/\/medicinasinc.com\/lt\/#website"},"primaryImageOfPage":{"@id":"https:\/\/medicinasinc.com\/lt\/product\/pirk-purpurinis-drakonas-marihuana-aaaaa\/#primaryimage"},"image":{"@id":"https:\/\/medicinasinc.com\/lt\/product\/pirk-purpurinis-drakonas-marihuana-aaaaa\/#primaryimage"},"thumbnailUrl":"https:\/\/medicinasinc.com\/lt\/wp-content\/uploads\/sites\/9\/2022\/02\/Buy-Purple-Dragon.jpg","datePublished":"2022-02-20T19:35:13+00:00","dateModified":"2022-03-20T12:26:05+00:00","description":"Pirkite Purple Dragon marihuanos \u0161tam\u0105. Eterinis ir siurrealistinis purpurinis drakonas yra ne\u017eemi\u0161k\u0173 kristal\u0173 glob\u0117jas. Skaitmeni\u0161kai pie\u0161\u0117 Tobias Vyseri.","breadcrumb":{"@id":"https:\/\/medicinasinc.com\/lt\/product\/pirk-purpurinis-drakonas-marihuana-aaaaa\/#breadcrumb"},"inLanguage":"en-US","potentialAction":[{"@type":"ReadAction","target":["https:\/\/medicinasinc.com\/lt\/product\/pirk-purpurinis-drakonas-marihuana-aaaaa\/"]}]},{"@type":"ImageObject","inLanguage":"en-US","@id":"https:\/\/medicinasinc.com\/lt\/product\/pirk-purpurinis-drakonas-marihuana-aaaaa\/#primaryimage","url":"https:\/\/medicinasinc.com\/lt\/wp-content\/uploads\/sites\/9\/2022\/02\/Buy-Purple-Dragon.jpg","contentUrl":"https:\/\/medicinasinc.com\/lt\/wp-content\/uploads\/sites\/9\/2022\/02\/Buy-Purple-Dragon.jpg","width":541,"height":459},{"@type":"BreadcrumbList","@id":"https:\/\/medicinasinc.com\/lt\/product\/pirk-purpurinis-drakonas-marihuana-aaaaa\/#breadcrumb","itemListElement":[{"@type":"ListItem","position":1,"name":"Parduotuv\u0117","item":"https:\/\/medicinasinc.com\/lt\/parduotuve\/"},{"@type":"ListItem","position":2,"name":"Pirkite Purple Dragon Marihuana (AAAAA)"}]},{"@type":"WebSite","@id":"https:\/\/medicinasinc.com\/lt\/#website","url":"https:\/\/medicinasinc.com\/lt\/","name":"Medicinas Inc","description":"Sveikatos medicinos klinika","potentialAction":[{"@type":"SearchAction","target":{"@type":"EntryPoint","urlTemplate":"https:\/\/medicinasinc.com\/lt\/?s={search_term_string}"},"query-input":{"@type":"PropertyValueSpecification","valueRequired":true,"valueName":"search_term_string"}}],"inLanguage":"en-US"}]}},"_links":{"self":[{"href":"https:\/\/medicinasinc.com\/lt\/wp-json\/wp\/v2\/product\/5047","targetHints":{"allow":["GET"]}}],"collection":[{"href":"https:\/\/medicinasinc.com\/lt\/wp-json\/wp\/v2\/product"}],"about":[{"href":"https:\/\/medicinasinc.com\/lt\/wp-json\/wp\/v2\/types\/product"}],"replies":[{"embeddable":true,"href":"https:\/\/medicinasinc.com\/lt\/wp-json\/wp\/v2\/comments?post=5047"}],"wp:featuredmedia":[{"embeddable":true,"href":"https:\/\/medicinasinc.com\/lt\/wp-json\/wp\/v2\/media\/5067"}],"wp:attachment":[{"href":"https:\/\/medicinasinc.com\/lt\/wp-json\/wp\/v2\/media?parent=5047"}],"wp:term":[{"taxonomy":"product_brand","embeddable":true,"href":"https:\/\/medicinasinc.com\/lt\/wp-json\/wp\/v2\/product_brand?post=5047"},{"taxonomy":"product_cat","embeddable":true,"href":"https:\/\/medicinasinc.com\/lt\/wp-json\/wp\/v2\/product_cat?post=5047"},{"taxonomy":"product_tag","embeddable":true,"href":"https:\/\/medicinasinc.com\/lt\/wp-json\/wp\/v2\/product_tag?post=5047"}],"curies":[{"name":"wp","href":"https:\/\/api.w.org\/{rel}","templated":true}]}}