{"id":5046,"date":"2022-02-20T19:34:10","date_gmt":"2022-02-20T19:34:10","guid":{"rendered":"https:\/\/medicinasinc.com\/lt\/?post_type=product&#038;p=5046"},"modified":"2022-03-20T12:26:16","modified_gmt":"2022-03-20T12:26:16","slug":"pirk-sokoladas-fondue-stamas","status":"publish","type":"product","link":"https:\/\/medicinasinc.com\/lt\/product\/pirk-sokoladas-fondue-stamas\/","title":{"rendered":"Pirkite \u0161okoladin\u012f fondue paderm\u0119"},"content":{"rendered":"<p>Informacija apie \u0161okolado fondiu paderm\u0119<\/p>\n<p>\u0160okoladinis fondiu yra Sativa dominuojantis kry\u017eius, sukurtas DNA Genetics, kuris sujungia Chocolope kelian\u010dias galias su raminan\u010diu poveikiu ir unikaliais Exodus s\u016brio skoniais.<\/p>\n<p>\u0160okoladinio fondue poveikis nuramina k\u016bn\u0105 ir nuramina prot\u0105, u\u017eli\u016bliuodamas malonios s\u0105mon\u0117s b\u016bsenoje. \u0160i kanapi\u0173 atmaina puikiai tinka dien\u0105 ir nakt\u012f d\u0117l savo \u012fvairaus kvapo ir saldaus skonio.<\/p>\n<p>\u0160okolado fondu paderm\u0117s gydomosios savyb\u0117s<\/p>\n<p>Yra daugyb\u0117 prie\u017eas\u010di\u0173, kod\u0117l verta naudoti kanapi\u0173 atmainas. Toliau pateikiamos \u0161e\u0161ios pagrindin\u0117s prie\u017eastys, kod\u0117l verta juos \u012fdarbinti. Nat\u016bralu, kad kuo didesn\u0117 potencija, tuo stipresn\u0117!<\/p>\n<p>1 \u2013 Mal\u0161ina l\u0117tin\u012f skausm\u0105<\/p>\n<p>Kanap\u0117se yra chemin\u0117 sud\u0117tis, kuri padeda suma\u017einti skausm\u0105. Paprastai kanapi\u0173 spalva taip pat rodo j\u0173 stiprum\u0105. Daugelis \u017emoni\u0173 atrado, kad tai tiesa.<\/p>\n<p>2 \u2013 Padid\u0117j\u0119s plau\u010di\u0173 paj\u0117gumas<\/p>\n<p>Ar \u017einote? Kanapi\u0173 r\u016bkymas yra daug prana\u0161esnis u\u017e r\u016bkym\u0105. Be to, tai pad\u0117s padidinti plau\u010di\u0173 talp\u0105.<\/p>\n<p>3 \u2013 Nutukimas<\/p>\n<p>Did\u017eioji dauguma marihuanos vartotoj\u0173 n\u0117ra nutuk\u0119. Taip yra tod\u0117l, kad reguliarus \u0161ios marihuanos g\u0117l\u0117s naudojimas pad\u0117s kontroliuoti suvartojam\u0173 kalorij\u0173 kiek\u012f.<\/p>\n<p>4 \u2013 Diabeto prevencija<\/p>\n<p>Kai diagnozuotas diabetas, j\u012f tur\u0117site vis\u0105 likus\u012f laikotarp\u012f. gyvenim\u0105. Galite tiesiog reguliuoti cukraus kiek\u012f kraujyje, kad jis toliau nedid\u0117t\u0173.<\/p>\n<p>Kanap\u0117s gali pad\u0117ti stabilizuoti cukraus kiek\u012f kraujyje ir suma\u017einti kraujosp\u016bd\u012f!<\/p>\n<p>5 \u2013 Padeda depresija sergantiems asmenims<\/p>\n<p>Kanap\u0117s gali pad\u0117ti stabilizuoti cukraus kiek\u012f kraujyje ir suma\u017einti kraujosp\u016bd\u012f!<\/p>\n<p>5. p&gt; <\/p>\n<p>Kai kurie \u017emon\u0117s serga depresija to ne\u017einodami. Kanap\u0117s gali pad\u0117ti nuraminti nuotaik\u0105 sergant depresija.<\/p>\n<p>Kur \u012fsigyti fondiu \u0161okolado Kanadoje<\/p>\n<p>Nors Kanadoje yra ir kit\u0173 ambulatorij\u0173, kuriose galite \u012fsigyti \u0161okoladinio fondiu Pikt\u017eoli\u0173 atmainos, m\u016bs\u0173 ambulatorijos pa\u0161tu Marihuana si\u016blo auk\u0161\u010diausios kokyb\u0117s prekes.<\/p>\n<p>Garantuojame, kad gausite auk\u0161tos kokyb\u0117s produktus arba gr\u0105\u017einsime pinigus!<\/p>\n<p>Papildomai , u\u017esakymai, vir\u0161ijantys 100 USD, pristatomi nemokamai!<\/p>\n","protected":false},"excerpt":{"rendered":"<div class=\"woocommerce-product-details__short-description\">\n<p>Pirkite kokybi\u0161k\u0105 \u0161okoladin\u012f fondiu paderm\u0119 internetu. Chocolate Fondue paderm\u0117 yra sativa dominuojantis hibridas \u2013 80 % Sativa \/ 20 % Indica THC: 17 %<\/p>\n<\/p><\/div>\n","protected":false},"featured_media":5065,"comment_status":"open","ping_status":"closed","template":"","meta":[],"product_brand":[],"product_cat":[778],"product_tag":[1005,1004],"class_list":{"0":"post-5046","1":"product","2":"type-product","3":"status-publish","4":"has-post-thumbnail","6":"product_cat-ol-pardavimui","7":"product_tag-chocolate-fudge-strain","8":"product_tag-sris-fondue-tamas","10":"first","11":"instock","12":"shipping-taxable","13":"purchasable","14":"product-type-variable","15":"has-default-attributes"},"yoast_head":"<!-- This site is optimized with the Yoast SEO plugin v27.3 - https:\/\/yoast.com\/product\/yoast-seo-wordpress\/ -->\n<title>Pirkite kokybi\u0161k\u0105 \u0161okoladin\u012f fondue paderm\u0119 internetu \u2013 geriausius pasaulinius vaistus<\/title>\n<meta name=\"description\" content=\"Pirkite kokybi\u0161k\u0105 \u0161okoladin\u012f fondue paderm\u0119 internetu. Chocolate Fondue paderm\u0117 yra sativa dominuojantis hibridas \u2013 80% Sativa \/ 20% Indica THC: 17%\" \/>\n<meta name=\"robots\" content=\"index, follow, max-snippet:-1, max-image-preview:large, max-video-preview:-1\" \/>\n<link rel=\"canonical\" href=\"https:\/\/medicinasinc.com\/lt\/product\/pirk-sokoladas-fondue-stamas\/\" \/>\n<meta property=\"og:locale\" content=\"en_US\" \/>\n<meta property=\"og:type\" content=\"article\" \/>\n<meta property=\"og:title\" content=\"Pirkite kokybi\u0161k\u0105 \u0161okoladin\u012f fondue paderm\u0119 internetu \u2013 geriausius pasaulinius vaistus\" \/>\n<meta property=\"og:description\" content=\"Pirkite kokybi\u0161k\u0105 \u0161okoladin\u012f fondue paderm\u0119 internetu. Chocolate Fondue paderm\u0117 yra sativa dominuojantis hibridas \u2013 80% Sativa \/ 20% Indica THC: 17%\" \/>\n<meta property=\"og:url\" content=\"https:\/\/medicinasinc.com\/lt\/product\/pirk-sokoladas-fondue-stamas\/\" \/>\n<meta property=\"og:site_name\" content=\"Medicinas Inc\" \/>\n<meta property=\"article:modified_time\" content=\"2022-03-20T12:26:16+00:00\" \/>\n<meta property=\"og:image\" content=\"https:\/\/medicinasinc.com\/lt\/wp-content\/uploads\/sites\/9\/2022\/02\/Buy-Quality-Chocolate-Fondue.jpg\" \/>\n\t<meta property=\"og:image:width\" content=\"667\" \/>\n\t<meta property=\"og:image:height\" content=\"1000\" \/>\n\t<meta property=\"og:image:type\" content=\"image\/jpeg\" \/>\n<meta name=\"twitter:card\" content=\"summary_large_image\" \/>\n<meta name=\"twitter:label1\" content=\"Est. reading time\" \/>\n\t<meta name=\"twitter:data1\" content=\"2 minutes\" \/>\n<script type=\"application\/ld+json\" class=\"yoast-schema-graph\">{\"@context\":\"https:\\\/\\\/schema.org\",\"@graph\":[{\"@type\":\"WebPage\",\"@id\":\"https:\\\/\\\/medicinasinc.com\\\/lt\\\/product\\\/pirk-sokoladas-fondue-stamas\\\/\",\"url\":\"https:\\\/\\\/medicinasinc.com\\\/lt\\\/product\\\/pirk-sokoladas-fondue-stamas\\\/\",\"name\":\"Pirkite kokybi\u0161k\u0105 \u0161okoladin\u012f fondue paderm\u0119 internetu \u2013 geriausius pasaulinius vaistus\",\"isPartOf\":{\"@id\":\"https:\\\/\\\/medicinasinc.com\\\/lt\\\/#website\"},\"primaryImageOfPage\":{\"@id\":\"https:\\\/\\\/medicinasinc.com\\\/lt\\\/product\\\/pirk-sokoladas-fondue-stamas\\\/#primaryimage\"},\"image\":{\"@id\":\"https:\\\/\\\/medicinasinc.com\\\/lt\\\/product\\\/pirk-sokoladas-fondue-stamas\\\/#primaryimage\"},\"thumbnailUrl\":\"https:\\\/\\\/medicinasinc.com\\\/lt\\\/wp-content\\\/uploads\\\/sites\\\/9\\\/2022\\\/02\\\/Buy-Quality-Chocolate-Fondue.jpg\",\"datePublished\":\"2022-02-20T19:34:10+00:00\",\"dateModified\":\"2022-03-20T12:26:16+00:00\",\"description\":\"Pirkite kokybi\u0161k\u0105 \u0161okoladin\u012f fondue paderm\u0119 internetu. Chocolate Fondue paderm\u0117 yra sativa dominuojantis hibridas \u2013 80% Sativa \\\/ 20% Indica THC: 17%\",\"breadcrumb\":{\"@id\":\"https:\\\/\\\/medicinasinc.com\\\/lt\\\/product\\\/pirk-sokoladas-fondue-stamas\\\/#breadcrumb\"},\"inLanguage\":\"en-US\",\"potentialAction\":[{\"@type\":\"ReadAction\",\"target\":[\"https:\\\/\\\/medicinasinc.com\\\/lt\\\/product\\\/pirk-sokoladas-fondue-stamas\\\/\"]}]},{\"@type\":\"ImageObject\",\"inLanguage\":\"en-US\",\"@id\":\"https:\\\/\\\/medicinasinc.com\\\/lt\\\/product\\\/pirk-sokoladas-fondue-stamas\\\/#primaryimage\",\"url\":\"https:\\\/\\\/medicinasinc.com\\\/lt\\\/wp-content\\\/uploads\\\/sites\\\/9\\\/2022\\\/02\\\/Buy-Quality-Chocolate-Fondue.jpg\",\"contentUrl\":\"https:\\\/\\\/medicinasinc.com\\\/lt\\\/wp-content\\\/uploads\\\/sites\\\/9\\\/2022\\\/02\\\/Buy-Quality-Chocolate-Fondue.jpg\",\"width\":667,\"height\":1000},{\"@type\":\"BreadcrumbList\",\"@id\":\"https:\\\/\\\/medicinasinc.com\\\/lt\\\/product\\\/pirk-sokoladas-fondue-stamas\\\/#breadcrumb\",\"itemListElement\":[{\"@type\":\"ListItem\",\"position\":1,\"name\":\"Parduotuv\u0117\",\"item\":\"https:\\\/\\\/medicinasinc.com\\\/lt\\\/parduotuve\\\/\"},{\"@type\":\"ListItem\",\"position\":2,\"name\":\"Pirkite \u0161okoladin\u012f fondue paderm\u0119\"}]},{\"@type\":\"WebSite\",\"@id\":\"https:\\\/\\\/medicinasinc.com\\\/lt\\\/#website\",\"url\":\"https:\\\/\\\/medicinasinc.com\\\/lt\\\/\",\"name\":\"Medicinas Inc\",\"description\":\"Sveikatos medicinos klinika\",\"potentialAction\":[{\"@type\":\"SearchAction\",\"target\":{\"@type\":\"EntryPoint\",\"urlTemplate\":\"https:\\\/\\\/medicinasinc.com\\\/lt\\\/?s={search_term_string}\"},\"query-input\":{\"@type\":\"PropertyValueSpecification\",\"valueRequired\":true,\"valueName\":\"search_term_string\"}}],\"inLanguage\":\"en-US\"}]}<\/script>\n<!-- \/ Yoast SEO plugin. -->","yoast_head_json":{"title":"Pirkite kokybi\u0161k\u0105 \u0161okoladin\u012f fondue paderm\u0119 internetu \u2013 geriausius pasaulinius vaistus","description":"Pirkite kokybi\u0161k\u0105 \u0161okoladin\u012f fondue paderm\u0119 internetu. Chocolate Fondue paderm\u0117 yra sativa dominuojantis hibridas \u2013 80% Sativa \/ 20% Indica THC: 17%","robots":{"index":"index","follow":"follow","max-snippet":"max-snippet:-1","max-image-preview":"max-image-preview:large","max-video-preview":"max-video-preview:-1"},"canonical":"https:\/\/medicinasinc.com\/lt\/product\/pirk-sokoladas-fondue-stamas\/","og_locale":"en_US","og_type":"article","og_title":"Pirkite kokybi\u0161k\u0105 \u0161okoladin\u012f fondue paderm\u0119 internetu \u2013 geriausius pasaulinius vaistus","og_description":"Pirkite kokybi\u0161k\u0105 \u0161okoladin\u012f fondue paderm\u0119 internetu. Chocolate Fondue paderm\u0117 yra sativa dominuojantis hibridas \u2013 80% Sativa \/ 20% Indica THC: 17%","og_url":"https:\/\/medicinasinc.com\/lt\/product\/pirk-sokoladas-fondue-stamas\/","og_site_name":"Medicinas Inc","article_modified_time":"2022-03-20T12:26:16+00:00","og_image":[{"width":667,"height":1000,"url":"https:\/\/medicinasinc.com\/lt\/wp-content\/uploads\/sites\/9\/2022\/02\/Buy-Quality-Chocolate-Fondue.jpg","type":"image\/jpeg"}],"twitter_card":"summary_large_image","twitter_misc":{"Est. reading time":"2 minutes"},"schema":{"@context":"https:\/\/schema.org","@graph":[{"@type":"WebPage","@id":"https:\/\/medicinasinc.com\/lt\/product\/pirk-sokoladas-fondue-stamas\/","url":"https:\/\/medicinasinc.com\/lt\/product\/pirk-sokoladas-fondue-stamas\/","name":"Pirkite kokybi\u0161k\u0105 \u0161okoladin\u012f fondue paderm\u0119 internetu \u2013 geriausius pasaulinius vaistus","isPartOf":{"@id":"https:\/\/medicinasinc.com\/lt\/#website"},"primaryImageOfPage":{"@id":"https:\/\/medicinasinc.com\/lt\/product\/pirk-sokoladas-fondue-stamas\/#primaryimage"},"image":{"@id":"https:\/\/medicinasinc.com\/lt\/product\/pirk-sokoladas-fondue-stamas\/#primaryimage"},"thumbnailUrl":"https:\/\/medicinasinc.com\/lt\/wp-content\/uploads\/sites\/9\/2022\/02\/Buy-Quality-Chocolate-Fondue.jpg","datePublished":"2022-02-20T19:34:10+00:00","dateModified":"2022-03-20T12:26:16+00:00","description":"Pirkite kokybi\u0161k\u0105 \u0161okoladin\u012f fondue paderm\u0119 internetu. Chocolate Fondue paderm\u0117 yra sativa dominuojantis hibridas \u2013 80% Sativa \/ 20% Indica THC: 17%","breadcrumb":{"@id":"https:\/\/medicinasinc.com\/lt\/product\/pirk-sokoladas-fondue-stamas\/#breadcrumb"},"inLanguage":"en-US","potentialAction":[{"@type":"ReadAction","target":["https:\/\/medicinasinc.com\/lt\/product\/pirk-sokoladas-fondue-stamas\/"]}]},{"@type":"ImageObject","inLanguage":"en-US","@id":"https:\/\/medicinasinc.com\/lt\/product\/pirk-sokoladas-fondue-stamas\/#primaryimage","url":"https:\/\/medicinasinc.com\/lt\/wp-content\/uploads\/sites\/9\/2022\/02\/Buy-Quality-Chocolate-Fondue.jpg","contentUrl":"https:\/\/medicinasinc.com\/lt\/wp-content\/uploads\/sites\/9\/2022\/02\/Buy-Quality-Chocolate-Fondue.jpg","width":667,"height":1000},{"@type":"BreadcrumbList","@id":"https:\/\/medicinasinc.com\/lt\/product\/pirk-sokoladas-fondue-stamas\/#breadcrumb","itemListElement":[{"@type":"ListItem","position":1,"name":"Parduotuv\u0117","item":"https:\/\/medicinasinc.com\/lt\/parduotuve\/"},{"@type":"ListItem","position":2,"name":"Pirkite \u0161okoladin\u012f fondue paderm\u0119"}]},{"@type":"WebSite","@id":"https:\/\/medicinasinc.com\/lt\/#website","url":"https:\/\/medicinasinc.com\/lt\/","name":"Medicinas Inc","description":"Sveikatos medicinos klinika","potentialAction":[{"@type":"SearchAction","target":{"@type":"EntryPoint","urlTemplate":"https:\/\/medicinasinc.com\/lt\/?s={search_term_string}"},"query-input":{"@type":"PropertyValueSpecification","valueRequired":true,"valueName":"search_term_string"}}],"inLanguage":"en-US"}]}},"_links":{"self":[{"href":"https:\/\/medicinasinc.com\/lt\/wp-json\/wp\/v2\/product\/5046","targetHints":{"allow":["GET"]}}],"collection":[{"href":"https:\/\/medicinasinc.com\/lt\/wp-json\/wp\/v2\/product"}],"about":[{"href":"https:\/\/medicinasinc.com\/lt\/wp-json\/wp\/v2\/types\/product"}],"replies":[{"embeddable":true,"href":"https:\/\/medicinasinc.com\/lt\/wp-json\/wp\/v2\/comments?post=5046"}],"wp:featuredmedia":[{"embeddable":true,"href":"https:\/\/medicinasinc.com\/lt\/wp-json\/wp\/v2\/media\/5065"}],"wp:attachment":[{"href":"https:\/\/medicinasinc.com\/lt\/wp-json\/wp\/v2\/media?parent=5046"}],"wp:term":[{"taxonomy":"product_brand","embeddable":true,"href":"https:\/\/medicinasinc.com\/lt\/wp-json\/wp\/v2\/product_brand?post=5046"},{"taxonomy":"product_cat","embeddable":true,"href":"https:\/\/medicinasinc.com\/lt\/wp-json\/wp\/v2\/product_cat?post=5046"},{"taxonomy":"product_tag","embeddable":true,"href":"https:\/\/medicinasinc.com\/lt\/wp-json\/wp\/v2\/product_tag?post=5046"}],"curies":[{"name":"wp","href":"https:\/\/api.w.org\/{rel}","templated":true}]}}