{"id":5045,"date":"2022-02-20T19:32:59","date_gmt":"2022-02-20T19:32:59","guid":{"rendered":"https:\/\/medicinasinc.com\/lt\/?post_type=product&#038;p=5045"},"modified":"2022-03-20T12:26:28","modified_gmt":"2022-03-20T12:26:28","slug":"pirk-uolinis-kalnas-melyne","status":"publish","type":"product","link":"https:\/\/medicinasinc.com\/lt\/product\/pirk-uolinis-kalnas-melyne\/","title":{"rendered":"Pirkite Rocky Mountain Blueberry"},"content":{"rendered":"<h1><a href=\"https:\/\/www.bestglobalmeds.com\/product\/marijuana\/rocky-mountain\/\">Pirkite Uolini\u0173 kaln\u0173 m\u0117lyni\u0173<\/a> \u0161tam\u0105<\/h1>\n<p>Rokio kaln\u0173 m\u0117lyn\u0117s dominuoja Indijoje Hibridas \u2013 70 % Indica \/ 30 % Sativa THC: 15 % \u2013 18 %<\/p>\n<p>Poveikis<br \/> Susijaudin\u0119s, k\u016brybingas, suteikiantis energijos, laimingas, motyvuojantis, atpalaiduojantis<br \/> Gali palengvinti<br \/> depresij\u0105 , nuovargis, glaukoma, galvos skausmai, stresas<br \/> skoniai<br \/> uog\u0173, saldaini\u0173, vaisi\u0173, saldus<br \/> aromatai<br \/> uog\u0173, m\u0117lyni\u0173, \u017eemi\u0161kas, \u017eoleli\u0173, saldus<\/p>\n<p>Uolienos Mountain Blueberry yra Indijoje dominuojanti hibridin\u0117 atmaina, i\u0161vesta i\u0161 nuostabiai skani\u0173 Shishkaberry ir Blueberry atmain\u0173. \u0160i atmaina gerai \u017einoma d\u0117l savo viliojan\u010dio skonio \u2013 pana\u0161us \u012f sultingas, k\u0105 tik nuskintas m\u0117lynes ar sultingus m\u0117lyni\u0173 skonio saldainius! Aromatas yra vienodai malonus, su \u017eemi\u0161k\u0173 m\u0117lyni\u0173, \u0161vie\u017ei\u0173 pu\u0161\u0173 ir citrinos natomis. \u201eRocky Mountain Blueberry High\u201c yra saldus, kaip ir skonis, su stimuliuojan\u010diu ir gaivinan\u010diu poveikiu, kuris idealiai tinka ruo\u0161iantis nuotykiams lauke. B\u016bdami lauke jausit\u0117s patogiai, ta\u010diau pasiruo\u0161\u0119 leistis \u012f \u017eyg\u012f, plaukioti, b\u0117gioti ar bet kam kitam, kas jums kyla. \u0160i nuotaika kartais gali b\u016bti \u0161iek tiek dilg\u010diojanti, tod\u0117l jau\u010diat\u0117s \u0161iek tiek nerimastingi ir \u0161iek tiek susijaudin\u0119. Prane\u0161ama, kad Rocky Mountain Blueberry idealiai tinka gydyti tokius negalavimus kaip i\u0161sekimas, depresija, galvos skausmas ar migrena, glaukoma ar padid\u0117j\u0119s akisp\u016bdis d\u0117l \u0161i\u0173 padarini\u0173 ir reik\u0161mingo 15\u201318 procent\u0173 vidutinio THC kiekio. \u0160iam pumpurui b\u016bdingi tamsiai alyvuogi\u0173 \u017eali rie\u0161utai su m\u0117lynais atspalviais ir ry\u0161ki\u0173 levand\u0173 spalvos trichom\u0173 danga.<\/p>\n","protected":false},"excerpt":{"rendered":"<div class=\"woocommerce-product-details__short-description\">\n<p>Uolini\u0173 kaln\u0173 m\u0117lyni\u0173 paderm\u0117s pirkimas internetu. Rocky Mountain Blueberry yra dominuojantis Indijos hibridas &#8211; 70% Indica \/ 30% Sativa. THC kiekis sativa: 15%\u201318%<\/p>\n<p>Rocky Mountain Blueberry yra Indijoje dominuojanti hibridin\u0117 atmaina, i\u0161vesta i\u0161 nepaprastai skani\u0173 Shishkaberry X Blueberry t\u0117v\u0173.<\/p>\n<\/p><\/div>\n","protected":false},"featured_media":5063,"comment_status":"open","ping_status":"closed","template":"","meta":[],"product_brand":[],"product_cat":[778],"product_tag":[999,998,996,997,1001,1002,1003,1000],"class_list":{"0":"post-5045","1":"product","2":"type-product","3":"status-publish","4":"has-post-thumbnail","6":"product_cat-ol-pardavimui","7":"product_tag-kalnas-ir","8":"product_tag-kalnas-uogas-ku-tamas","9":"product_tag-blueberry-strain-allbud","10":"product_tag-mikado-tamo-lapinis","11":"product_tag-rocky-mountain-high-strain","12":"product_tag-shazam-strain-leafly","13":"product_tag-swiss-berry-strain","14":"product_tag-uoltas-kalnas-ugnis-tampa","16":"first","17":"instock","18":"shipping-taxable","19":"purchasable","20":"product-type-variable","21":"has-default-attributes"},"yoast_head":"<!-- This site is optimized with the Yoast SEO plugin v27.3 - https:\/\/yoast.com\/product\/yoast-seo-wordpress\/ -->\n<title>Pirkite Rocky Mountain m\u0117lyni\u0173 \u0161tam\u0105 \u2013 geriausius pasaulinius vaistus<\/title>\n<meta name=\"description\" content=\"Pirkite Rocky Mountain Blueberry \u0161tam\u0105 Rocky Mountain Blueberry yra Indica dominuojantis hibridas - 70% Indica \/ 30% Sativa THC: 15% - 18% Poveikis su\u017eadintas, k\u016brybi\u0161kas.\" \/>\n<meta name=\"robots\" content=\"index, follow, max-snippet:-1, max-image-preview:large, max-video-preview:-1\" \/>\n<link rel=\"canonical\" href=\"https:\/\/medicinasinc.com\/lt\/product\/pirk-uolinis-kalnas-melyne\/\" \/>\n<meta property=\"og:locale\" content=\"en_US\" \/>\n<meta property=\"og:type\" content=\"article\" \/>\n<meta property=\"og:title\" content=\"Pirkite Rocky Mountain m\u0117lyni\u0173 \u0161tam\u0105 \u2013 geriausius pasaulinius vaistus\" \/>\n<meta property=\"og:description\" content=\"Pirkite Rocky Mountain Blueberry \u0161tam\u0105 Rocky Mountain Blueberry yra Indica dominuojantis hibridas - 70% Indica \/ 30% Sativa THC: 15% - 18% Poveikis su\u017eadintas, k\u016brybi\u0161kas.\" \/>\n<meta property=\"og:url\" content=\"https:\/\/medicinasinc.com\/lt\/product\/pirk-uolinis-kalnas-melyne\/\" \/>\n<meta property=\"og:site_name\" content=\"Medicinas Inc\" \/>\n<meta property=\"article:modified_time\" content=\"2022-03-20T12:26:28+00:00\" \/>\n<meta property=\"og:image\" content=\"https:\/\/medicinasinc.com\/lt\/wp-content\/uploads\/sites\/9\/2022\/02\/Buy-Rocky-Mountain-Blueberry.jpg\" \/>\n\t<meta property=\"og:image:width\" content=\"1200\" \/>\n\t<meta property=\"og:image:height\" content=\"630\" \/>\n\t<meta property=\"og:image:type\" content=\"image\/jpeg\" \/>\n<meta name=\"twitter:card\" content=\"summary_large_image\" \/>\n<meta name=\"twitter:label1\" content=\"Est. reading time\" \/>\n\t<meta name=\"twitter:data1\" content=\"1 minute\" \/>\n<script type=\"application\/ld+json\" class=\"yoast-schema-graph\">{\"@context\":\"https:\\\/\\\/schema.org\",\"@graph\":[{\"@type\":\"WebPage\",\"@id\":\"https:\\\/\\\/medicinasinc.com\\\/lt\\\/product\\\/pirk-uolinis-kalnas-melyne\\\/\",\"url\":\"https:\\\/\\\/medicinasinc.com\\\/lt\\\/product\\\/pirk-uolinis-kalnas-melyne\\\/\",\"name\":\"Pirkite Rocky Mountain m\u0117lyni\u0173 \u0161tam\u0105 \u2013 geriausius pasaulinius vaistus\",\"isPartOf\":{\"@id\":\"https:\\\/\\\/medicinasinc.com\\\/lt\\\/#website\"},\"primaryImageOfPage\":{\"@id\":\"https:\\\/\\\/medicinasinc.com\\\/lt\\\/product\\\/pirk-uolinis-kalnas-melyne\\\/#primaryimage\"},\"image\":{\"@id\":\"https:\\\/\\\/medicinasinc.com\\\/lt\\\/product\\\/pirk-uolinis-kalnas-melyne\\\/#primaryimage\"},\"thumbnailUrl\":\"https:\\\/\\\/medicinasinc.com\\\/lt\\\/wp-content\\\/uploads\\\/sites\\\/9\\\/2022\\\/02\\\/Buy-Rocky-Mountain-Blueberry.jpg\",\"datePublished\":\"2022-02-20T19:32:59+00:00\",\"dateModified\":\"2022-03-20T12:26:28+00:00\",\"description\":\"Pirkite Rocky Mountain Blueberry \u0161tam\u0105 Rocky Mountain Blueberry yra Indica dominuojantis hibridas - 70% Indica \\\/ 30% Sativa THC: 15% - 18% Poveikis su\u017eadintas, k\u016brybi\u0161kas.\",\"breadcrumb\":{\"@id\":\"https:\\\/\\\/medicinasinc.com\\\/lt\\\/product\\\/pirk-uolinis-kalnas-melyne\\\/#breadcrumb\"},\"inLanguage\":\"en-US\",\"potentialAction\":[{\"@type\":\"ReadAction\",\"target\":[\"https:\\\/\\\/medicinasinc.com\\\/lt\\\/product\\\/pirk-uolinis-kalnas-melyne\\\/\"]}]},{\"@type\":\"ImageObject\",\"inLanguage\":\"en-US\",\"@id\":\"https:\\\/\\\/medicinasinc.com\\\/lt\\\/product\\\/pirk-uolinis-kalnas-melyne\\\/#primaryimage\",\"url\":\"https:\\\/\\\/medicinasinc.com\\\/lt\\\/wp-content\\\/uploads\\\/sites\\\/9\\\/2022\\\/02\\\/Buy-Rocky-Mountain-Blueberry.jpg\",\"contentUrl\":\"https:\\\/\\\/medicinasinc.com\\\/lt\\\/wp-content\\\/uploads\\\/sites\\\/9\\\/2022\\\/02\\\/Buy-Rocky-Mountain-Blueberry.jpg\",\"width\":1200,\"height\":630},{\"@type\":\"BreadcrumbList\",\"@id\":\"https:\\\/\\\/medicinasinc.com\\\/lt\\\/product\\\/pirk-uolinis-kalnas-melyne\\\/#breadcrumb\",\"itemListElement\":[{\"@type\":\"ListItem\",\"position\":1,\"name\":\"Parduotuv\u0117\",\"item\":\"https:\\\/\\\/medicinasinc.com\\\/lt\\\/parduotuve\\\/\"},{\"@type\":\"ListItem\",\"position\":2,\"name\":\"Pirkite Rocky Mountain Blueberry\"}]},{\"@type\":\"WebSite\",\"@id\":\"https:\\\/\\\/medicinasinc.com\\\/lt\\\/#website\",\"url\":\"https:\\\/\\\/medicinasinc.com\\\/lt\\\/\",\"name\":\"Medicinas Inc\",\"description\":\"Sveikatos medicinos klinika\",\"potentialAction\":[{\"@type\":\"SearchAction\",\"target\":{\"@type\":\"EntryPoint\",\"urlTemplate\":\"https:\\\/\\\/medicinasinc.com\\\/lt\\\/?s={search_term_string}\"},\"query-input\":{\"@type\":\"PropertyValueSpecification\",\"valueRequired\":true,\"valueName\":\"search_term_string\"}}],\"inLanguage\":\"en-US\"}]}<\/script>\n<!-- \/ Yoast SEO plugin. -->","yoast_head_json":{"title":"Pirkite Rocky Mountain m\u0117lyni\u0173 \u0161tam\u0105 \u2013 geriausius pasaulinius vaistus","description":"Pirkite Rocky Mountain Blueberry \u0161tam\u0105 Rocky Mountain Blueberry yra Indica dominuojantis hibridas - 70% Indica \/ 30% Sativa THC: 15% - 18% Poveikis su\u017eadintas, k\u016brybi\u0161kas.","robots":{"index":"index","follow":"follow","max-snippet":"max-snippet:-1","max-image-preview":"max-image-preview:large","max-video-preview":"max-video-preview:-1"},"canonical":"https:\/\/medicinasinc.com\/lt\/product\/pirk-uolinis-kalnas-melyne\/","og_locale":"en_US","og_type":"article","og_title":"Pirkite Rocky Mountain m\u0117lyni\u0173 \u0161tam\u0105 \u2013 geriausius pasaulinius vaistus","og_description":"Pirkite Rocky Mountain Blueberry \u0161tam\u0105 Rocky Mountain Blueberry yra Indica dominuojantis hibridas - 70% Indica \/ 30% Sativa THC: 15% - 18% Poveikis su\u017eadintas, k\u016brybi\u0161kas.","og_url":"https:\/\/medicinasinc.com\/lt\/product\/pirk-uolinis-kalnas-melyne\/","og_site_name":"Medicinas Inc","article_modified_time":"2022-03-20T12:26:28+00:00","og_image":[{"width":1200,"height":630,"url":"https:\/\/medicinasinc.com\/lt\/wp-content\/uploads\/sites\/9\/2022\/02\/Buy-Rocky-Mountain-Blueberry.jpg","type":"image\/jpeg"}],"twitter_card":"summary_large_image","twitter_misc":{"Est. reading time":"1 minute"},"schema":{"@context":"https:\/\/schema.org","@graph":[{"@type":"WebPage","@id":"https:\/\/medicinasinc.com\/lt\/product\/pirk-uolinis-kalnas-melyne\/","url":"https:\/\/medicinasinc.com\/lt\/product\/pirk-uolinis-kalnas-melyne\/","name":"Pirkite Rocky Mountain m\u0117lyni\u0173 \u0161tam\u0105 \u2013 geriausius pasaulinius vaistus","isPartOf":{"@id":"https:\/\/medicinasinc.com\/lt\/#website"},"primaryImageOfPage":{"@id":"https:\/\/medicinasinc.com\/lt\/product\/pirk-uolinis-kalnas-melyne\/#primaryimage"},"image":{"@id":"https:\/\/medicinasinc.com\/lt\/product\/pirk-uolinis-kalnas-melyne\/#primaryimage"},"thumbnailUrl":"https:\/\/medicinasinc.com\/lt\/wp-content\/uploads\/sites\/9\/2022\/02\/Buy-Rocky-Mountain-Blueberry.jpg","datePublished":"2022-02-20T19:32:59+00:00","dateModified":"2022-03-20T12:26:28+00:00","description":"Pirkite Rocky Mountain Blueberry \u0161tam\u0105 Rocky Mountain Blueberry yra Indica dominuojantis hibridas - 70% Indica \/ 30% Sativa THC: 15% - 18% Poveikis su\u017eadintas, k\u016brybi\u0161kas.","breadcrumb":{"@id":"https:\/\/medicinasinc.com\/lt\/product\/pirk-uolinis-kalnas-melyne\/#breadcrumb"},"inLanguage":"en-US","potentialAction":[{"@type":"ReadAction","target":["https:\/\/medicinasinc.com\/lt\/product\/pirk-uolinis-kalnas-melyne\/"]}]},{"@type":"ImageObject","inLanguage":"en-US","@id":"https:\/\/medicinasinc.com\/lt\/product\/pirk-uolinis-kalnas-melyne\/#primaryimage","url":"https:\/\/medicinasinc.com\/lt\/wp-content\/uploads\/sites\/9\/2022\/02\/Buy-Rocky-Mountain-Blueberry.jpg","contentUrl":"https:\/\/medicinasinc.com\/lt\/wp-content\/uploads\/sites\/9\/2022\/02\/Buy-Rocky-Mountain-Blueberry.jpg","width":1200,"height":630},{"@type":"BreadcrumbList","@id":"https:\/\/medicinasinc.com\/lt\/product\/pirk-uolinis-kalnas-melyne\/#breadcrumb","itemListElement":[{"@type":"ListItem","position":1,"name":"Parduotuv\u0117","item":"https:\/\/medicinasinc.com\/lt\/parduotuve\/"},{"@type":"ListItem","position":2,"name":"Pirkite Rocky Mountain Blueberry"}]},{"@type":"WebSite","@id":"https:\/\/medicinasinc.com\/lt\/#website","url":"https:\/\/medicinasinc.com\/lt\/","name":"Medicinas Inc","description":"Sveikatos medicinos klinika","potentialAction":[{"@type":"SearchAction","target":{"@type":"EntryPoint","urlTemplate":"https:\/\/medicinasinc.com\/lt\/?s={search_term_string}"},"query-input":{"@type":"PropertyValueSpecification","valueRequired":true,"valueName":"search_term_string"}}],"inLanguage":"en-US"}]}},"_links":{"self":[{"href":"https:\/\/medicinasinc.com\/lt\/wp-json\/wp\/v2\/product\/5045","targetHints":{"allow":["GET"]}}],"collection":[{"href":"https:\/\/medicinasinc.com\/lt\/wp-json\/wp\/v2\/product"}],"about":[{"href":"https:\/\/medicinasinc.com\/lt\/wp-json\/wp\/v2\/types\/product"}],"replies":[{"embeddable":true,"href":"https:\/\/medicinasinc.com\/lt\/wp-json\/wp\/v2\/comments?post=5045"}],"wp:featuredmedia":[{"embeddable":true,"href":"https:\/\/medicinasinc.com\/lt\/wp-json\/wp\/v2\/media\/5063"}],"wp:attachment":[{"href":"https:\/\/medicinasinc.com\/lt\/wp-json\/wp\/v2\/media?parent=5045"}],"wp:term":[{"taxonomy":"product_brand","embeddable":true,"href":"https:\/\/medicinasinc.com\/lt\/wp-json\/wp\/v2\/product_brand?post=5045"},{"taxonomy":"product_cat","embeddable":true,"href":"https:\/\/medicinasinc.com\/lt\/wp-json\/wp\/v2\/product_cat?post=5045"},{"taxonomy":"product_tag","embeddable":true,"href":"https:\/\/medicinasinc.com\/lt\/wp-json\/wp\/v2\/product_tag?post=5045"}],"curies":[{"name":"wp","href":"https:\/\/api.w.org\/{rel}","templated":true}]}}