{"id":5044,"date":"2022-02-20T19:31:39","date_gmt":"2022-02-20T19:31:39","guid":{"rendered":"https:\/\/medicinasinc.com\/lt\/?post_type=product&#038;p=5044"},"modified":"2022-03-20T12:26:39","modified_gmt":"2022-03-20T12:26:39","slug":"pirkti-violetine-nulauzti-marihuana","status":"publish","type":"product","link":"https:\/\/medicinasinc.com\/lt\/product\/pirkti-violetine-nulauzti-marihuana\/","title":{"rendered":"Pirkite \u201ePurple Wreck\u201c marihuan\u0105"},"content":{"rendered":"<div class=\"et_pb_column et_pb_column_3_8 et_pb_column_inner et_pb_column_inner_4 \"> &lt;div class=&quot;et_pb_module et_pb_text et_pb_text_6 et_pb_bg_layout_6 et_pb_bg_layout_light&quot; yra  anurple&gt;  anurple&gt; anurple&gt; anurple&gt;<\/i>reple&gt;<\/i>p<\/b>rep<\/p>\n<p>Pbvpv_text_&gt; Indika dominuojanti hibridin\u0117 atmaina, kuri gali su\u017eav\u0117ti net labiausiai patyrus\u012f kanapi\u0173 vartotoj\u0105. Purple Wreck yra itin populiarios sativa Trainwreck ir spalvingos, aromatingos Purple Urkle mi\u0161inys. J\u012f suk\u016br\u0117 DNA Genetics, gars\u016bs Chocolope ir LA Confidential veis\u0117jai. Purple Wreck yra puikus pasirinkimas vartoti dienos pabaigoje d\u0117l stipraus, raminan\u010dio k\u016bno ir ry\u0161kaus skonio. Kanapi\u0173 tyrim\u0173 \u012fmon\u0117 \u201eAnalytical 360\u201c nustat\u0117, kad \u0161ios paderm\u0117s m\u0117giniuose THC kiekis svyravo nuo 10 % iki stulbinan\u010dio 31 %.<\/p>\n<p>Purple Wreck i\u0161siskiria did\u017eiuliu, tobulos formos \u017eyd\u0117jimu. \u0160ie pumpurai atrodo kaip miniati\u016brin\u0117s Kal\u0117d\u0173 eglut\u0117s, siaur\u0117jantys nuo plataus pagrindo iki smailiojo galo. J\u0173 strukt\u016bra atrodo kaip indica ir sativa kry\u017eius \u2013 nors viduje kompakti\u0161ki ir tank\u016bs, lapai spiraliai krypsta \u012f i\u0161or\u0119, o i\u0161or\u0117je yra purios tekst\u016bros. Tikroji paderm\u0117s \u017evaig\u017ed\u0117 yra \u0161ie lapai, kurie vartotojus apakina margu alyvuogi\u0173 \u017ealios, violetin\u0117s ir violetin\u0117s spalvos deriniu. \u0160iuos purpurinius atspalvius sukelia \u0161altesnis nei vidutinis oras, aktyvuojantys antocianin\u0173 pigmentus paderm\u0117s DNR. Galiausiai lipnios baltos spalvos trichomos padengia vis\u0105 \u0161i\u0173 did\u017eiuli\u0173 grynuoli\u0173 pavir\u0161i\u0173 ir suteikia rasot\u0105, \u0161erk\u0161n\u0105 i\u0161vaizd\u0105.<\/p>\n<p>Kanapi\u0173 hibridai yra indica ir sativa padermi\u0173 kry\u017eminimas. Nors pokalbiuose apie kanapi\u0173 atmainas daugiausia d\u0117mesio skiriama skirtumams tarp sativa ir indica, tai tik vienas nuotraukos aspektas. I\u0161 ties\u0173, dauguma dabar turim\u0173 marihuanos veisli\u0173 n\u0117ra grynos sativa. Paprastai jie bus hibridai, dominuojantys indikacijoje arba sativa, arba 50\/50 j\u0173 derinys. Purple Wreck pirkimas internetu<\/p>\n<p>Purple Wreck Pirkimas internetu<\/p>\n<\/p><\/div><\/div><\/div>\n<div class=\"product-next-previous\">\n<div class=\"product- ankstesnis\"><\/div><\/div>\n","protected":false},"excerpt":{"rendered":"<p>Purpurin\u0117 nuolau\u017ea &#8211; Pirkite Purple Wreck internetu &#8211; \u201ePurple Wreck\u201c yra hibridas, kuriame dominuoja indica, galintis su\u017eav\u0117ti net ir labiausiai patyrus\u012f kanapi\u0173 vartotoj\u0105.<\/p>\n<p>Purple Wreck marihuanos \u0161tam\u0105 galima \u012fsigyti internetu.<\/p>\n<p>Purple Wreck Marihuana yra Indikos r\u016b\u0161is. marihuanos atmaina. Dominuojantis hibridas &#8211; 60 % Indica \/ 40 % Sativa THC kiekis sativa: 18\u201325 %<\/p>\n<p>1 uncijos. minimalus u\u017esakymas<\/p>\n<p>&nbsp;<\/p>\n","protected":false},"featured_media":5061,"comment_status":"open","ping_status":"closed","template":"","meta":[],"product_brand":[],"product_cat":[778],"product_tag":[988,992,993,994,990,991,989,995],"class_list":{"0":"post-5044","1":"product","2":"type-product","3":"status-publish","4":"has-post-thumbnail","6":"product_cat-ol-pardavimui","7":"product_tag-purple-trainwreck-price","8":"product_tag-purple-wreck-sativa-or-indica","9":"product_tag-purple-wreck-strain-allbud","10":"product_tag-purple-wreck-strain-reserva-privada","11":"product_tag-purpurin-trainwreck-strain-review","12":"product_tag-purpurinis-nuolauas-lapas","13":"product_tag-purpurin-traukinio-avarijos-tempimo-efektai","14":"product_tag-traukinio-avarijos-tempimo-kaina","16":"first","17":"instock","18":"shipping-taxable","19":"purchasable","20":"product-type-simple"},"yoast_head":"<!-- This site is optimized with the Yoast SEO plugin v27.3 - https:\/\/yoast.com\/product\/yoast-seo-wordpress\/ -->\n<title>Pirkite \u201ePurple Wreck\u201c marihuan\u0105 \u2013 geriausius pasaulinius vaistus<\/title>\n<meta name=\"description\" content=\"Pirkite \u201ePurple Wreck\u201c marihuan\u0105 internetu \u2013 \u201ePurple Wreck\u201c yra hibridas, dominuojantis Indijoje, galintis padaryti \u012fsp\u016bd\u012f net patyrusiems kanapi\u0173 vartotojams.\" \/>\n<meta name=\"robots\" content=\"index, follow, max-snippet:-1, max-image-preview:large, max-video-preview:-1\" \/>\n<link rel=\"canonical\" href=\"https:\/\/medicinasinc.com\/lt\/product\/pirkti-violetine-nulauzti-marihuana\/\" \/>\n<meta property=\"og:locale\" content=\"en_US\" \/>\n<meta property=\"og:type\" content=\"article\" \/>\n<meta property=\"og:title\" content=\"Pirkite \u201ePurple Wreck\u201c marihuan\u0105 \u2013 geriausius pasaulinius vaistus\" \/>\n<meta property=\"og:description\" content=\"Pirkite \u201ePurple Wreck\u201c marihuan\u0105 internetu \u2013 \u201ePurple Wreck\u201c yra hibridas, dominuojantis Indijoje, galintis padaryti \u012fsp\u016bd\u012f net patyrusiems kanapi\u0173 vartotojams.\" \/>\n<meta property=\"og:url\" content=\"https:\/\/medicinasinc.com\/lt\/product\/pirkti-violetine-nulauzti-marihuana\/\" \/>\n<meta property=\"og:site_name\" content=\"Medicinas Inc\" \/>\n<meta property=\"article:modified_time\" content=\"2022-03-20T12:26:39+00:00\" \/>\n<meta property=\"og:image\" content=\"https:\/\/medicinasinc.com\/lt\/wp-content\/uploads\/sites\/9\/2022\/02\/Buy-Purple-Wreck-Marijuana-1.jpg\" \/>\n\t<meta property=\"og:image:width\" content=\"1245\" \/>\n\t<meta property=\"og:image:height\" content=\"1024\" \/>\n\t<meta property=\"og:image:type\" content=\"image\/jpeg\" \/>\n<meta name=\"twitter:card\" content=\"summary_large_image\" \/>\n<meta name=\"twitter:label1\" content=\"Est. reading time\" \/>\n\t<meta name=\"twitter:data1\" content=\"2 minutes\" \/>\n<script type=\"application\/ld+json\" class=\"yoast-schema-graph\">{\"@context\":\"https:\\\/\\\/schema.org\",\"@graph\":[{\"@type\":\"WebPage\",\"@id\":\"https:\\\/\\\/medicinasinc.com\\\/lt\\\/product\\\/pirkti-violetine-nulauzti-marihuana\\\/\",\"url\":\"https:\\\/\\\/medicinasinc.com\\\/lt\\\/product\\\/pirkti-violetine-nulauzti-marihuana\\\/\",\"name\":\"Pirkite \u201ePurple Wreck\u201c marihuan\u0105 \u2013 geriausius pasaulinius vaistus\",\"isPartOf\":{\"@id\":\"https:\\\/\\\/medicinasinc.com\\\/lt\\\/#website\"},\"primaryImageOfPage\":{\"@id\":\"https:\\\/\\\/medicinasinc.com\\\/lt\\\/product\\\/pirkti-violetine-nulauzti-marihuana\\\/#primaryimage\"},\"image\":{\"@id\":\"https:\\\/\\\/medicinasinc.com\\\/lt\\\/product\\\/pirkti-violetine-nulauzti-marihuana\\\/#primaryimage\"},\"thumbnailUrl\":\"https:\\\/\\\/medicinasinc.com\\\/lt\\\/wp-content\\\/uploads\\\/sites\\\/9\\\/2022\\\/02\\\/Buy-Purple-Wreck-Marijuana-1.jpg\",\"datePublished\":\"2022-02-20T19:31:39+00:00\",\"dateModified\":\"2022-03-20T12:26:39+00:00\",\"description\":\"Pirkite \u201ePurple Wreck\u201c marihuan\u0105 internetu \u2013 \u201ePurple Wreck\u201c yra hibridas, dominuojantis Indijoje, galintis padaryti \u012fsp\u016bd\u012f net patyrusiems kanapi\u0173 vartotojams.\",\"breadcrumb\":{\"@id\":\"https:\\\/\\\/medicinasinc.com\\\/lt\\\/product\\\/pirkti-violetine-nulauzti-marihuana\\\/#breadcrumb\"},\"inLanguage\":\"en-US\",\"potentialAction\":[{\"@type\":\"ReadAction\",\"target\":[\"https:\\\/\\\/medicinasinc.com\\\/lt\\\/product\\\/pirkti-violetine-nulauzti-marihuana\\\/\"]}]},{\"@type\":\"ImageObject\",\"inLanguage\":\"en-US\",\"@id\":\"https:\\\/\\\/medicinasinc.com\\\/lt\\\/product\\\/pirkti-violetine-nulauzti-marihuana\\\/#primaryimage\",\"url\":\"https:\\\/\\\/medicinasinc.com\\\/lt\\\/wp-content\\\/uploads\\\/sites\\\/9\\\/2022\\\/02\\\/Buy-Purple-Wreck-Marijuana-1.jpg\",\"contentUrl\":\"https:\\\/\\\/medicinasinc.com\\\/lt\\\/wp-content\\\/uploads\\\/sites\\\/9\\\/2022\\\/02\\\/Buy-Purple-Wreck-Marijuana-1.jpg\",\"width\":1245,\"height\":1024},{\"@type\":\"BreadcrumbList\",\"@id\":\"https:\\\/\\\/medicinasinc.com\\\/lt\\\/product\\\/pirkti-violetine-nulauzti-marihuana\\\/#breadcrumb\",\"itemListElement\":[{\"@type\":\"ListItem\",\"position\":1,\"name\":\"Parduotuv\u0117\",\"item\":\"https:\\\/\\\/medicinasinc.com\\\/lt\\\/parduotuve\\\/\"},{\"@type\":\"ListItem\",\"position\":2,\"name\":\"Pirkite \u201ePurple Wreck\u201c marihuan\u0105\"}]},{\"@type\":\"WebSite\",\"@id\":\"https:\\\/\\\/medicinasinc.com\\\/lt\\\/#website\",\"url\":\"https:\\\/\\\/medicinasinc.com\\\/lt\\\/\",\"name\":\"Medicinas Inc\",\"description\":\"Sveikatos medicinos klinika\",\"potentialAction\":[{\"@type\":\"SearchAction\",\"target\":{\"@type\":\"EntryPoint\",\"urlTemplate\":\"https:\\\/\\\/medicinasinc.com\\\/lt\\\/?s={search_term_string}\"},\"query-input\":{\"@type\":\"PropertyValueSpecification\",\"valueRequired\":true,\"valueName\":\"search_term_string\"}}],\"inLanguage\":\"en-US\"}]}<\/script>\n<!-- \/ Yoast SEO plugin. -->","yoast_head_json":{"title":"Pirkite \u201ePurple Wreck\u201c marihuan\u0105 \u2013 geriausius pasaulinius vaistus","description":"Pirkite \u201ePurple Wreck\u201c marihuan\u0105 internetu \u2013 \u201ePurple Wreck\u201c yra hibridas, dominuojantis Indijoje, galintis padaryti \u012fsp\u016bd\u012f net patyrusiems kanapi\u0173 vartotojams.","robots":{"index":"index","follow":"follow","max-snippet":"max-snippet:-1","max-image-preview":"max-image-preview:large","max-video-preview":"max-video-preview:-1"},"canonical":"https:\/\/medicinasinc.com\/lt\/product\/pirkti-violetine-nulauzti-marihuana\/","og_locale":"en_US","og_type":"article","og_title":"Pirkite \u201ePurple Wreck\u201c marihuan\u0105 \u2013 geriausius pasaulinius vaistus","og_description":"Pirkite \u201ePurple Wreck\u201c marihuan\u0105 internetu \u2013 \u201ePurple Wreck\u201c yra hibridas, dominuojantis Indijoje, galintis padaryti \u012fsp\u016bd\u012f net patyrusiems kanapi\u0173 vartotojams.","og_url":"https:\/\/medicinasinc.com\/lt\/product\/pirkti-violetine-nulauzti-marihuana\/","og_site_name":"Medicinas Inc","article_modified_time":"2022-03-20T12:26:39+00:00","og_image":[{"width":1245,"height":1024,"url":"https:\/\/medicinasinc.com\/lt\/wp-content\/uploads\/sites\/9\/2022\/02\/Buy-Purple-Wreck-Marijuana-1.jpg","type":"image\/jpeg"}],"twitter_card":"summary_large_image","twitter_misc":{"Est. reading time":"2 minutes"},"schema":{"@context":"https:\/\/schema.org","@graph":[{"@type":"WebPage","@id":"https:\/\/medicinasinc.com\/lt\/product\/pirkti-violetine-nulauzti-marihuana\/","url":"https:\/\/medicinasinc.com\/lt\/product\/pirkti-violetine-nulauzti-marihuana\/","name":"Pirkite \u201ePurple Wreck\u201c marihuan\u0105 \u2013 geriausius pasaulinius vaistus","isPartOf":{"@id":"https:\/\/medicinasinc.com\/lt\/#website"},"primaryImageOfPage":{"@id":"https:\/\/medicinasinc.com\/lt\/product\/pirkti-violetine-nulauzti-marihuana\/#primaryimage"},"image":{"@id":"https:\/\/medicinasinc.com\/lt\/product\/pirkti-violetine-nulauzti-marihuana\/#primaryimage"},"thumbnailUrl":"https:\/\/medicinasinc.com\/lt\/wp-content\/uploads\/sites\/9\/2022\/02\/Buy-Purple-Wreck-Marijuana-1.jpg","datePublished":"2022-02-20T19:31:39+00:00","dateModified":"2022-03-20T12:26:39+00:00","description":"Pirkite \u201ePurple Wreck\u201c marihuan\u0105 internetu \u2013 \u201ePurple Wreck\u201c yra hibridas, dominuojantis Indijoje, galintis padaryti \u012fsp\u016bd\u012f net patyrusiems kanapi\u0173 vartotojams.","breadcrumb":{"@id":"https:\/\/medicinasinc.com\/lt\/product\/pirkti-violetine-nulauzti-marihuana\/#breadcrumb"},"inLanguage":"en-US","potentialAction":[{"@type":"ReadAction","target":["https:\/\/medicinasinc.com\/lt\/product\/pirkti-violetine-nulauzti-marihuana\/"]}]},{"@type":"ImageObject","inLanguage":"en-US","@id":"https:\/\/medicinasinc.com\/lt\/product\/pirkti-violetine-nulauzti-marihuana\/#primaryimage","url":"https:\/\/medicinasinc.com\/lt\/wp-content\/uploads\/sites\/9\/2022\/02\/Buy-Purple-Wreck-Marijuana-1.jpg","contentUrl":"https:\/\/medicinasinc.com\/lt\/wp-content\/uploads\/sites\/9\/2022\/02\/Buy-Purple-Wreck-Marijuana-1.jpg","width":1245,"height":1024},{"@type":"BreadcrumbList","@id":"https:\/\/medicinasinc.com\/lt\/product\/pirkti-violetine-nulauzti-marihuana\/#breadcrumb","itemListElement":[{"@type":"ListItem","position":1,"name":"Parduotuv\u0117","item":"https:\/\/medicinasinc.com\/lt\/parduotuve\/"},{"@type":"ListItem","position":2,"name":"Pirkite \u201ePurple Wreck\u201c marihuan\u0105"}]},{"@type":"WebSite","@id":"https:\/\/medicinasinc.com\/lt\/#website","url":"https:\/\/medicinasinc.com\/lt\/","name":"Medicinas Inc","description":"Sveikatos medicinos klinika","potentialAction":[{"@type":"SearchAction","target":{"@type":"EntryPoint","urlTemplate":"https:\/\/medicinasinc.com\/lt\/?s={search_term_string}"},"query-input":{"@type":"PropertyValueSpecification","valueRequired":true,"valueName":"search_term_string"}}],"inLanguage":"en-US"}]}},"_links":{"self":[{"href":"https:\/\/medicinasinc.com\/lt\/wp-json\/wp\/v2\/product\/5044","targetHints":{"allow":["GET"]}}],"collection":[{"href":"https:\/\/medicinasinc.com\/lt\/wp-json\/wp\/v2\/product"}],"about":[{"href":"https:\/\/medicinasinc.com\/lt\/wp-json\/wp\/v2\/types\/product"}],"replies":[{"embeddable":true,"href":"https:\/\/medicinasinc.com\/lt\/wp-json\/wp\/v2\/comments?post=5044"}],"wp:featuredmedia":[{"embeddable":true,"href":"https:\/\/medicinasinc.com\/lt\/wp-json\/wp\/v2\/media\/5061"}],"wp:attachment":[{"href":"https:\/\/medicinasinc.com\/lt\/wp-json\/wp\/v2\/media?parent=5044"}],"wp:term":[{"taxonomy":"product_brand","embeddable":true,"href":"https:\/\/medicinasinc.com\/lt\/wp-json\/wp\/v2\/product_brand?post=5044"},{"taxonomy":"product_cat","embeddable":true,"href":"https:\/\/medicinasinc.com\/lt\/wp-json\/wp\/v2\/product_cat?post=5044"},{"taxonomy":"product_tag","embeddable":true,"href":"https:\/\/medicinasinc.com\/lt\/wp-json\/wp\/v2\/product_tag?post=5044"}],"curies":[{"name":"wp","href":"https:\/\/api.w.org\/{rel}","templated":true}]}}