{"id":5037,"date":"2022-02-20T19:24:52","date_gmt":"2022-02-20T19:24:52","guid":{"rendered":"https:\/\/medicinasinc.com\/lt\/?post_type=product&#038;p=5037"},"modified":"2022-03-20T12:26:48","modified_gmt":"2022-03-20T12:26:48","slug":"pirkti-nirvana-specialus-kanapiu","status":"publish","type":"product","link":"https:\/\/medicinasinc.com\/lt\/product\/pirkti-nirvana-specialus-kanapiu\/","title":{"rendered":"Pirkite \u201eNirvana Special Cannabis\u201c."},"content":{"rendered":"<p>Nirvana Special yra unikali sativa dominuojanti hibridin\u0117 atmaina (75 % sativa \/ 25 % indica), pagaminta sumai\u0161ant ikonines Jock Horror ir Oaxacan Sativa padermes. \u0160is ramus pumpuras laim\u0117jo 2008 m. \u201eHighLife\u201c taur\u0119 Amsterdame ir atsi\u0117m\u0117 aukso medal\u012f kaip \u201eBest Bio\u201c apskritai. Nenuostabu, kad \u201eNirvana Special\u201c yra tokia populiari paderm\u0117, kuri pasi\u017eymi stipriu funkciniu, ta\u010diau k\u016brybi\u0161ku dideliu ir stulbinan\u010diu vidutiniu 26\u201327 procent\u0173 THC kiekiu! \u201eNirvana Special\u201c auk\u0161tumas prasideda nuo pakilios energijos pli\u016bpsnio, kuris leid\u017eia jaustis linksmiems ir motyvuotiems. Jausit\u0117s \u017eval\u016bs ir itin k\u016brybingi, tod\u0117l puikiai tinka bet kokiems protiniams darbams atlikti ar tiesiog i\u0161eiti \u012f lauk\u0105. D\u0117l \u0161io poveikio kartu su dideliu THC kiekiu \u201eNirvana Special\u201c idealiai tinka l\u0117tiniam nuovargiui, depresijai, l\u0117tiniam stresui, nemiga ir apetito praradimui gydyti. \u0160is pumpuras yra saldaus ir vaisinio skunks\u010dio skonio, kurio i\u0161kv\u0117pimas yra gana r\u016bg\u0161tus. Aromatas \u0161iek tiek skunkus ir aromatingas, su stipriu r\u016bg\u0161\u010diu vaisiniu atspalviu. \u201eNirvana Special\u201c pumpurai yra pur\u016bs, sprag\u0117si\u0173 formos m\u0117t\u0173 \u017eali rie\u0161ut\u0117liai, padengti \u0161viesiai sm\u0117lio kri\u0161toliniais trichomais.<\/p>\n<p>Sativa Dominant Hybrid \u2013 75 % Sativa \/ 25 % Indica<\/p>\n<p>THC: 26\u201327 % <\/p>\n<p>Paprastas naudojimas: depresija, nuovargis, nemiga, apetito praradimas, stresas<\/p>\n<p>Poveikis: k\u016brybi\u0161kas, suteikiantis energijos, laimingas, motyvuojantis, pakyl\u0117jantis<\/p>\n","protected":false},"excerpt":{"rendered":"<p>Nirvana Special Cannabis Strain USA. Tai reta dominuojanti hibridin\u0117 (75 % sativa \/ 25 % indica) atmaina.<em>Pirk Nirvana Special Cannabis<\/em>\u00a0\u0161tam\u0105.<\/p>\n","protected":false},"featured_media":5054,"comment_status":"open","ping_status":"closed","template":"","meta":[],"product_brand":[],"product_cat":[778],"product_tag":[],"class_list":{"0":"post-5037","1":"product","2":"type-product","3":"status-publish","4":"has-post-thumbnail","6":"product_cat-ol-pardavimui","8":"first","9":"instock","10":"shipping-taxable","11":"purchasable","12":"product-type-variable","13":"has-default-attributes"},"yoast_head":"<!-- This site is optimized with the Yoast SEO plugin v27.3 - https:\/\/yoast.com\/product\/yoast-seo-wordpress\/ -->\n<title>Pirkite \u201eNirvana Special Cannabis\u201c \u2013 geriausius geriausius vaistus pasaulyje<\/title>\n<meta name=\"description\" content=\"Nirvana Special Cannabis Strain USA. Tai retas dominuojantis hibridas (75% sativa\/25% indica) \u0161tamas. Pirkite Nirvana Special Cannabis Strain.\" \/>\n<meta name=\"robots\" content=\"index, follow, max-snippet:-1, max-image-preview:large, max-video-preview:-1\" \/>\n<link rel=\"canonical\" href=\"https:\/\/medicinasinc.com\/lt\/product\/pirkti-nirvana-specialus-kanapiu\/\" \/>\n<meta property=\"og:locale\" content=\"en_US\" \/>\n<meta property=\"og:type\" content=\"article\" \/>\n<meta property=\"og:title\" content=\"Pirkite \u201eNirvana Special Cannabis\u201c \u2013 geriausius geriausius vaistus pasaulyje\" \/>\n<meta property=\"og:description\" content=\"Nirvana Special Cannabis Strain USA. Tai retas dominuojantis hibridas (75% sativa\/25% indica) \u0161tamas. Pirkite Nirvana Special Cannabis Strain.\" \/>\n<meta property=\"og:url\" content=\"https:\/\/medicinasinc.com\/lt\/product\/pirkti-nirvana-specialus-kanapiu\/\" \/>\n<meta property=\"og:site_name\" content=\"Medicinas Inc\" \/>\n<meta property=\"article:modified_time\" content=\"2022-03-20T12:26:48+00:00\" \/>\n<meta property=\"og:image\" content=\"https:\/\/medicinasinc.com\/lt\/wp-content\/uploads\/sites\/9\/2022\/02\/Buy-Nirvana-Special-Cannabis.jpg\" \/>\n\t<meta property=\"og:image:width\" content=\"1920\" \/>\n\t<meta property=\"og:image:height\" content=\"1920\" \/>\n\t<meta property=\"og:image:type\" content=\"image\/jpeg\" \/>\n<meta name=\"twitter:card\" content=\"summary_large_image\" \/>\n<meta name=\"twitter:label1\" content=\"Est. reading time\" \/>\n\t<meta name=\"twitter:data1\" content=\"1 minute\" \/>\n<script type=\"application\/ld+json\" class=\"yoast-schema-graph\">{\"@context\":\"https:\\\/\\\/schema.org\",\"@graph\":[{\"@type\":\"WebPage\",\"@id\":\"https:\\\/\\\/medicinasinc.com\\\/lt\\\/product\\\/pirkti-nirvana-specialus-kanapiu\\\/\",\"url\":\"https:\\\/\\\/medicinasinc.com\\\/lt\\\/product\\\/pirkti-nirvana-specialus-kanapiu\\\/\",\"name\":\"Pirkite \u201eNirvana Special Cannabis\u201c \u2013 geriausius geriausius vaistus pasaulyje\",\"isPartOf\":{\"@id\":\"https:\\\/\\\/medicinasinc.com\\\/lt\\\/#website\"},\"primaryImageOfPage\":{\"@id\":\"https:\\\/\\\/medicinasinc.com\\\/lt\\\/product\\\/pirkti-nirvana-specialus-kanapiu\\\/#primaryimage\"},\"image\":{\"@id\":\"https:\\\/\\\/medicinasinc.com\\\/lt\\\/product\\\/pirkti-nirvana-specialus-kanapiu\\\/#primaryimage\"},\"thumbnailUrl\":\"https:\\\/\\\/medicinasinc.com\\\/lt\\\/wp-content\\\/uploads\\\/sites\\\/9\\\/2022\\\/02\\\/Buy-Nirvana-Special-Cannabis.jpg\",\"datePublished\":\"2022-02-20T19:24:52+00:00\",\"dateModified\":\"2022-03-20T12:26:48+00:00\",\"description\":\"Nirvana Special Cannabis Strain USA. Tai retas dominuojantis hibridas (75% sativa\\\/25% indica) \u0161tamas. Pirkite Nirvana Special Cannabis Strain.\",\"breadcrumb\":{\"@id\":\"https:\\\/\\\/medicinasinc.com\\\/lt\\\/product\\\/pirkti-nirvana-specialus-kanapiu\\\/#breadcrumb\"},\"inLanguage\":\"en-US\",\"potentialAction\":[{\"@type\":\"ReadAction\",\"target\":[\"https:\\\/\\\/medicinasinc.com\\\/lt\\\/product\\\/pirkti-nirvana-specialus-kanapiu\\\/\"]}]},{\"@type\":\"ImageObject\",\"inLanguage\":\"en-US\",\"@id\":\"https:\\\/\\\/medicinasinc.com\\\/lt\\\/product\\\/pirkti-nirvana-specialus-kanapiu\\\/#primaryimage\",\"url\":\"https:\\\/\\\/medicinasinc.com\\\/lt\\\/wp-content\\\/uploads\\\/sites\\\/9\\\/2022\\\/02\\\/Buy-Nirvana-Special-Cannabis.jpg\",\"contentUrl\":\"https:\\\/\\\/medicinasinc.com\\\/lt\\\/wp-content\\\/uploads\\\/sites\\\/9\\\/2022\\\/02\\\/Buy-Nirvana-Special-Cannabis.jpg\",\"width\":1920,\"height\":1920},{\"@type\":\"BreadcrumbList\",\"@id\":\"https:\\\/\\\/medicinasinc.com\\\/lt\\\/product\\\/pirkti-nirvana-specialus-kanapiu\\\/#breadcrumb\",\"itemListElement\":[{\"@type\":\"ListItem\",\"position\":1,\"name\":\"Parduotuv\u0117\",\"item\":\"https:\\\/\\\/medicinasinc.com\\\/lt\\\/parduotuve\\\/\"},{\"@type\":\"ListItem\",\"position\":2,\"name\":\"Pirkite \u201eNirvana Special Cannabis\u201c.\"}]},{\"@type\":\"WebSite\",\"@id\":\"https:\\\/\\\/medicinasinc.com\\\/lt\\\/#website\",\"url\":\"https:\\\/\\\/medicinasinc.com\\\/lt\\\/\",\"name\":\"Medicinas Inc\",\"description\":\"Sveikatos medicinos klinika\",\"potentialAction\":[{\"@type\":\"SearchAction\",\"target\":{\"@type\":\"EntryPoint\",\"urlTemplate\":\"https:\\\/\\\/medicinasinc.com\\\/lt\\\/?s={search_term_string}\"},\"query-input\":{\"@type\":\"PropertyValueSpecification\",\"valueRequired\":true,\"valueName\":\"search_term_string\"}}],\"inLanguage\":\"en-US\"}]}<\/script>\n<!-- \/ Yoast SEO plugin. -->","yoast_head_json":{"title":"Pirkite \u201eNirvana Special Cannabis\u201c \u2013 geriausius geriausius vaistus pasaulyje","description":"Nirvana Special Cannabis Strain USA. Tai retas dominuojantis hibridas (75% sativa\/25% indica) \u0161tamas. Pirkite Nirvana Special Cannabis Strain.","robots":{"index":"index","follow":"follow","max-snippet":"max-snippet:-1","max-image-preview":"max-image-preview:large","max-video-preview":"max-video-preview:-1"},"canonical":"https:\/\/medicinasinc.com\/lt\/product\/pirkti-nirvana-specialus-kanapiu\/","og_locale":"en_US","og_type":"article","og_title":"Pirkite \u201eNirvana Special Cannabis\u201c \u2013 geriausius geriausius vaistus pasaulyje","og_description":"Nirvana Special Cannabis Strain USA. Tai retas dominuojantis hibridas (75% sativa\/25% indica) \u0161tamas. Pirkite Nirvana Special Cannabis Strain.","og_url":"https:\/\/medicinasinc.com\/lt\/product\/pirkti-nirvana-specialus-kanapiu\/","og_site_name":"Medicinas Inc","article_modified_time":"2022-03-20T12:26:48+00:00","og_image":[{"width":1920,"height":1920,"url":"https:\/\/medicinasinc.com\/lt\/wp-content\/uploads\/sites\/9\/2022\/02\/Buy-Nirvana-Special-Cannabis.jpg","type":"image\/jpeg"}],"twitter_card":"summary_large_image","twitter_misc":{"Est. reading time":"1 minute"},"schema":{"@context":"https:\/\/schema.org","@graph":[{"@type":"WebPage","@id":"https:\/\/medicinasinc.com\/lt\/product\/pirkti-nirvana-specialus-kanapiu\/","url":"https:\/\/medicinasinc.com\/lt\/product\/pirkti-nirvana-specialus-kanapiu\/","name":"Pirkite \u201eNirvana Special Cannabis\u201c \u2013 geriausius geriausius vaistus pasaulyje","isPartOf":{"@id":"https:\/\/medicinasinc.com\/lt\/#website"},"primaryImageOfPage":{"@id":"https:\/\/medicinasinc.com\/lt\/product\/pirkti-nirvana-specialus-kanapiu\/#primaryimage"},"image":{"@id":"https:\/\/medicinasinc.com\/lt\/product\/pirkti-nirvana-specialus-kanapiu\/#primaryimage"},"thumbnailUrl":"https:\/\/medicinasinc.com\/lt\/wp-content\/uploads\/sites\/9\/2022\/02\/Buy-Nirvana-Special-Cannabis.jpg","datePublished":"2022-02-20T19:24:52+00:00","dateModified":"2022-03-20T12:26:48+00:00","description":"Nirvana Special Cannabis Strain USA. Tai retas dominuojantis hibridas (75% sativa\/25% indica) \u0161tamas. Pirkite Nirvana Special Cannabis Strain.","breadcrumb":{"@id":"https:\/\/medicinasinc.com\/lt\/product\/pirkti-nirvana-specialus-kanapiu\/#breadcrumb"},"inLanguage":"en-US","potentialAction":[{"@type":"ReadAction","target":["https:\/\/medicinasinc.com\/lt\/product\/pirkti-nirvana-specialus-kanapiu\/"]}]},{"@type":"ImageObject","inLanguage":"en-US","@id":"https:\/\/medicinasinc.com\/lt\/product\/pirkti-nirvana-specialus-kanapiu\/#primaryimage","url":"https:\/\/medicinasinc.com\/lt\/wp-content\/uploads\/sites\/9\/2022\/02\/Buy-Nirvana-Special-Cannabis.jpg","contentUrl":"https:\/\/medicinasinc.com\/lt\/wp-content\/uploads\/sites\/9\/2022\/02\/Buy-Nirvana-Special-Cannabis.jpg","width":1920,"height":1920},{"@type":"BreadcrumbList","@id":"https:\/\/medicinasinc.com\/lt\/product\/pirkti-nirvana-specialus-kanapiu\/#breadcrumb","itemListElement":[{"@type":"ListItem","position":1,"name":"Parduotuv\u0117","item":"https:\/\/medicinasinc.com\/lt\/parduotuve\/"},{"@type":"ListItem","position":2,"name":"Pirkite \u201eNirvana Special Cannabis\u201c."}]},{"@type":"WebSite","@id":"https:\/\/medicinasinc.com\/lt\/#website","url":"https:\/\/medicinasinc.com\/lt\/","name":"Medicinas Inc","description":"Sveikatos medicinos klinika","potentialAction":[{"@type":"SearchAction","target":{"@type":"EntryPoint","urlTemplate":"https:\/\/medicinasinc.com\/lt\/?s={search_term_string}"},"query-input":{"@type":"PropertyValueSpecification","valueRequired":true,"valueName":"search_term_string"}}],"inLanguage":"en-US"}]}},"_links":{"self":[{"href":"https:\/\/medicinasinc.com\/lt\/wp-json\/wp\/v2\/product\/5037","targetHints":{"allow":["GET"]}}],"collection":[{"href":"https:\/\/medicinasinc.com\/lt\/wp-json\/wp\/v2\/product"}],"about":[{"href":"https:\/\/medicinasinc.com\/lt\/wp-json\/wp\/v2\/types\/product"}],"replies":[{"embeddable":true,"href":"https:\/\/medicinasinc.com\/lt\/wp-json\/wp\/v2\/comments?post=5037"}],"wp:featuredmedia":[{"embeddable":true,"href":"https:\/\/medicinasinc.com\/lt\/wp-json\/wp\/v2\/media\/5054"}],"wp:attachment":[{"href":"https:\/\/medicinasinc.com\/lt\/wp-json\/wp\/v2\/media?parent=5037"}],"wp:term":[{"taxonomy":"product_brand","embeddable":true,"href":"https:\/\/medicinasinc.com\/lt\/wp-json\/wp\/v2\/product_brand?post=5037"},{"taxonomy":"product_cat","embeddable":true,"href":"https:\/\/medicinasinc.com\/lt\/wp-json\/wp\/v2\/product_cat?post=5037"},{"taxonomy":"product_tag","embeddable":true,"href":"https:\/\/medicinasinc.com\/lt\/wp-json\/wp\/v2\/product_tag?post=5037"}],"curies":[{"name":"wp","href":"https:\/\/api.w.org\/{rel}","templated":true}]}}