{"id":5020,"date":"2022-02-20T19:11:16","date_gmt":"2022-02-20T19:11:16","guid":{"rendered":"https:\/\/medicinasinc.com\/lt\/?post_type=product&#038;p=5020"},"modified":"2022-03-20T12:26:57","modified_gmt":"2022-03-20T12:26:57","slug":"pirk-drakonu-motina-marihuana","status":"publish","type":"product","link":"https:\/\/medicinasinc.com\/lt\/product\/pirk-drakonu-motina-marihuana\/","title":{"rendered":"Pirkite drakon\u0173 motinos marihuan\u0105"},"content":{"rendered":"<p>Marihuana Mother of Dragons Purchase<\/p>\n<p>Mother of Dragons yra labai reta tolygiai subalansuota hibridin\u0117 (50 proc. Indica\/50 proc. Sativa) atmaina, kurios kilm\u0117 ne\u017einoma d\u0117l selekcininko paslapties ir bendro \u017eini\u0173 apie j\u0105 tr\u016bkumo. i\u0161tak\u0173. Pavadinta garsiojo Daeneryso Targaryeno i\u0161 \u201eSost\u0173 \u017eaidimo\u201c vardu, \u0161i reta atmaina pasi\u017eymi ugningu skoniu, kuris sukels j\u016bs\u0173 skonio receptorius. Aromatas yra danguje sukurtas degtukas, turintis sunk\u0173 ir a\u0161tr\u0173 skunky skunky atspalv\u012f ir labai pikanti\u0161k\u0105 \u017eol\u0117s poveik\u012f, i\u0161siskiriant\u012f deginant rie\u0161utams. Vos po keli\u0173 sm\u016bgi\u0173 \u201eDrakon\u0173 motina\u201c jus pakyl\u0117s, o mintys kils i\u0161tisas valandas. Jis prasideda nuo smegen\u0173 poveikio, kuris perkelia j\u016bs\u0173 prot\u0105 \u012f tobulos ekstaz\u0117s b\u016bsen\u0105, o j\u016bs\u0173 dvasi\u0105 \u2013 \u012f gryno pasitenkinimo b\u016bsen\u0105. Kol j\u016bs\u0173 protas ir dvasia skraidys vir\u0161 dangaus, j\u016bs\u0173 k\u016bnas pajus lengv\u0105 atsipalaidavimo lyg\u012f, d\u0117l kurio gali atsirasti mieguistumas. Buvo \u017einoma, kad \u0161i nuotaika kai kuriems \u017emon\u0117ms sukelia nerim\u0105, tod\u0117l venkite jos, jei esate link\u0119 \u012f tai. Drakon\u0173 motina yra ideali alternatyva \u017emon\u0117ms, ken\u010diantiems nuo l\u0117tinio streso, li\u016bdesio, nuotaik\u0173 svyravim\u0173 ir l\u0117tini\u0173 skausm\u0173 d\u0117l \u0161i\u0173 padarini\u0173 ir didelio 23-28 procent\u0173 vidutinio THC kiekio. \u0160is pumpuras sudarytas i\u0161 vynuogi\u0173 formos mi\u0161ko \u017eali\u0173 rie\u0161ut\u0173, padengt\u0173 plaukuotais gintaro plaukeliais ir akinan\u010di\u0173 gintaro kristal\u0173 trichomomis.<\/p>\n<p>\u012esigykite \u201eMother of Dragons\u201c marihuan\u0105 dabar i\u0161 \u201eTegridy Farms\u201c internetinio kanapi\u0173 dispanserio<\/p>\n","protected":false},"excerpt":{"rendered":"<div class=\"woocommerce-product-details__short-description\">\n<p>Pigiai pirkite Mother of Dragons marihuan\u0105 internetu. Drakon\u0173 motina marihuana yra hibridin\u0117 \u2013 50 % Sativa \/ 50 % Indica THC: 23 % \u2013 28 %<\/p>\n<div class=\"woocommerce-product-details__short-description\">\n<p><strong>Burmo dydis<\/strong> &gt;: ma\u017eas \u2013 vidutinis<br \/> <strong>\u012etempimo tipas<\/strong>: 40 % Indica 60 % Sativa<br \/> <strong>Tekst\u016bra<\/strong>: normali \u2013 lipnus<br \/> <strong>Skonis<br \/> \/strong&gt;: \u017doleli\u0173 | Saldus<br \/> <strong>Naudojimas medicinoje<\/strong>: nerimas | L\u0117tinis skausmas | Depresija | Stresas<br \/> <strong>THC kiekis<\/strong>: 26 % did\u017eiausias testas\u00a0<strong>CBD<\/strong>: &gt;1 %<\/p>\n<\/p><\/div>\n<p class=\"stock out-of- atsargos\"> <\/div>\n","protected":false},"featured_media":5038,"comment_status":"open","ping_status":"closed","template":"","meta":[],"product_brand":[],"product_cat":[778],"product_tag":[975,976,977,960,615,964,455,967,968,969,461,971,973,978,985,986,987,480,980,981,965,982,979,984,970,961,966,974,962,972,963,983],"class_list":{"0":"post-5020","1":"product","2":"type-product","3":"status-publish","4":"has-post-thumbnail","6":"product_cat-ol-pardavimui","7":"product_tag-ar-galite-nusipirkti","8":"product_tag-ar-galite-nusipirkti-marihuanos-internetu","9":"product_tag-ar-galite-nusipirkti-marihuanos-skl-internetu","10":"product_tag-best-place-to-buy-marijuana-seeds-online","11":"product_tag-buy-cannabis-oil-online","12":"product_tag-buy-lean-codeine-online","13":"product_tag-buy-marijuana-online","14":"product_tag-buy-marijuana-seeds-online","15":"product_tag-buy-marijuana-seeds-online-canada","16":"product_tag-buy-marijuana-seeds-online-usa","17":"product_tag-buy-medical-marijuana-online","18":"product_tag-buy-online-actavis-cough-syrup","19":"product_tag-buy-safe-medical-marijuana-online","20":"product_tag-kaip-pirkti-marihuan-internetu","21":"product_tag-kur-galiu-pirkti-marihuanos-internetu","22":"product_tag-kur-galiu-pirkti-marihuanos-skl-internete","23":"product_tag-kur-pirkti-cbd-alyvos-netoli-mans","24":"product_tag-kur-pirkti-marihuan-internetu","25":"product_tag-marihuana-pirkti-kanapi-internetu","26":"product_tag-medicinos-marihuana-internete","27":"product_tag-pirkti-marihuan","28":"product_tag-online-legally","29":"product_tag-marihuanos-aliejus-skirtas-pardavimui","30":"product_tag-prometazino-kodeino-sirupas-parduodamas","31":"product_tag-pirkti-nirvanas-c4-85-specialus-c5-b3-marihuana-c4-85-c5-a1tam-c4-85-internetas","32":"product_tag-pirkite-actavis-sirupas","33":"product_tag-pirkite-marihuan-internetu-kanada","34":"product_tag-pirkti-sintetin-marihuan-internetu","35":"product_tag-perka-kosulio-sirupas-su-kodeinu","36":"product_tag-pirkti-tikr-marihuan-internetu","37":"product_tag-pirkti-nelegali-marihuan-internetu","38":"product_tag-usisakykite-kodeino-sirup-nuo-kosulio-internetu","40":"first","41":"instock","42":"shipping-taxable","43":"purchasable","44":"product-type-variable","45":"has-default-attributes"},"yoast_head":"<!-- This site is optimized with the Yoast SEO plugin v27.3 - https:\/\/yoast.com\/product\/yoast-seo-wordpress\/ -->\n<title>Pirkite \u201eMother of Dragons\u201c marihuan\u0105 \u2013 geriausius pasaulinius vaistus<\/title>\n<meta name=\"description\" content=\"Pirkite drakon\u0173 motinos marihuan\u0105 pigiai internetu. Drakon\u0173 motina marihuana yra hibridin\u0117 - 50% Sativa \/ 50% Indica THC: 23% - 28%\" \/>\n<meta name=\"robots\" content=\"index, follow, max-snippet:-1, max-image-preview:large, max-video-preview:-1\" \/>\n<link rel=\"canonical\" href=\"https:\/\/medicinasinc.com\/lt\/product\/pirk-drakonu-motina-marihuana\/\" \/>\n<meta property=\"og:locale\" content=\"en_US\" \/>\n<meta property=\"og:type\" content=\"article\" \/>\n<meta property=\"og:title\" content=\"Pirkite \u201eMother of Dragons\u201c marihuan\u0105 \u2013 geriausius pasaulinius vaistus\" \/>\n<meta property=\"og:description\" content=\"Pirkite drakon\u0173 motinos marihuan\u0105 pigiai internetu. Drakon\u0173 motina marihuana yra hibridin\u0117 - 50% Sativa \/ 50% Indica THC: 23% - 28%\" \/>\n<meta property=\"og:url\" content=\"https:\/\/medicinasinc.com\/lt\/product\/pirk-drakonu-motina-marihuana\/\" \/>\n<meta property=\"og:site_name\" content=\"Medicinas Inc\" \/>\n<meta property=\"article:modified_time\" content=\"2022-03-20T12:26:57+00:00\" \/>\n<meta property=\"og:image\" content=\"https:\/\/medicinasinc.com\/lt\/wp-content\/uploads\/sites\/9\/2022\/02\/Buy-Mother-of-Dragons-Marijuana.jpg\" \/>\n\t<meta property=\"og:image:width\" content=\"1000\" \/>\n\t<meta property=\"og:image:height\" content=\"1000\" \/>\n\t<meta property=\"og:image:type\" content=\"image\/jpeg\" \/>\n<meta name=\"twitter:card\" content=\"summary_large_image\" \/>\n<meta name=\"twitter:label1\" content=\"Est. reading time\" \/>\n\t<meta name=\"twitter:data1\" content=\"2 minutes\" \/>\n<script type=\"application\/ld+json\" class=\"yoast-schema-graph\">{\"@context\":\"https:\\\/\\\/schema.org\",\"@graph\":[{\"@type\":\"WebPage\",\"@id\":\"https:\\\/\\\/medicinasinc.com\\\/lt\\\/product\\\/pirk-drakonu-motina-marihuana\\\/\",\"url\":\"https:\\\/\\\/medicinasinc.com\\\/lt\\\/product\\\/pirk-drakonu-motina-marihuana\\\/\",\"name\":\"Pirkite \u201eMother of Dragons\u201c marihuan\u0105 \u2013 geriausius pasaulinius vaistus\",\"isPartOf\":{\"@id\":\"https:\\\/\\\/medicinasinc.com\\\/lt\\\/#website\"},\"primaryImageOfPage\":{\"@id\":\"https:\\\/\\\/medicinasinc.com\\\/lt\\\/product\\\/pirk-drakonu-motina-marihuana\\\/#primaryimage\"},\"image\":{\"@id\":\"https:\\\/\\\/medicinasinc.com\\\/lt\\\/product\\\/pirk-drakonu-motina-marihuana\\\/#primaryimage\"},\"thumbnailUrl\":\"https:\\\/\\\/medicinasinc.com\\\/lt\\\/wp-content\\\/uploads\\\/sites\\\/9\\\/2022\\\/02\\\/Buy-Mother-of-Dragons-Marijuana.jpg\",\"datePublished\":\"2022-02-20T19:11:16+00:00\",\"dateModified\":\"2022-03-20T12:26:57+00:00\",\"description\":\"Pirkite drakon\u0173 motinos marihuan\u0105 pigiai internetu. Drakon\u0173 motina marihuana yra hibridin\u0117 - 50% Sativa \\\/ 50% Indica THC: 23% - 28%\",\"breadcrumb\":{\"@id\":\"https:\\\/\\\/medicinasinc.com\\\/lt\\\/product\\\/pirk-drakonu-motina-marihuana\\\/#breadcrumb\"},\"inLanguage\":\"en-US\",\"potentialAction\":[{\"@type\":\"ReadAction\",\"target\":[\"https:\\\/\\\/medicinasinc.com\\\/lt\\\/product\\\/pirk-drakonu-motina-marihuana\\\/\"]}]},{\"@type\":\"ImageObject\",\"inLanguage\":\"en-US\",\"@id\":\"https:\\\/\\\/medicinasinc.com\\\/lt\\\/product\\\/pirk-drakonu-motina-marihuana\\\/#primaryimage\",\"url\":\"https:\\\/\\\/medicinasinc.com\\\/lt\\\/wp-content\\\/uploads\\\/sites\\\/9\\\/2022\\\/02\\\/Buy-Mother-of-Dragons-Marijuana.jpg\",\"contentUrl\":\"https:\\\/\\\/medicinasinc.com\\\/lt\\\/wp-content\\\/uploads\\\/sites\\\/9\\\/2022\\\/02\\\/Buy-Mother-of-Dragons-Marijuana.jpg\",\"width\":1000,\"height\":1000},{\"@type\":\"BreadcrumbList\",\"@id\":\"https:\\\/\\\/medicinasinc.com\\\/lt\\\/product\\\/pirk-drakonu-motina-marihuana\\\/#breadcrumb\",\"itemListElement\":[{\"@type\":\"ListItem\",\"position\":1,\"name\":\"Parduotuv\u0117\",\"item\":\"https:\\\/\\\/medicinasinc.com\\\/lt\\\/parduotuve\\\/\"},{\"@type\":\"ListItem\",\"position\":2,\"name\":\"Pirkite drakon\u0173 motinos marihuan\u0105\"}]},{\"@type\":\"WebSite\",\"@id\":\"https:\\\/\\\/medicinasinc.com\\\/lt\\\/#website\",\"url\":\"https:\\\/\\\/medicinasinc.com\\\/lt\\\/\",\"name\":\"Medicinas Inc\",\"description\":\"Sveikatos medicinos klinika\",\"potentialAction\":[{\"@type\":\"SearchAction\",\"target\":{\"@type\":\"EntryPoint\",\"urlTemplate\":\"https:\\\/\\\/medicinasinc.com\\\/lt\\\/?s={search_term_string}\"},\"query-input\":{\"@type\":\"PropertyValueSpecification\",\"valueRequired\":true,\"valueName\":\"search_term_string\"}}],\"inLanguage\":\"en-US\"}]}<\/script>\n<!-- \/ Yoast SEO plugin. -->","yoast_head_json":{"title":"Pirkite \u201eMother of Dragons\u201c marihuan\u0105 \u2013 geriausius pasaulinius vaistus","description":"Pirkite drakon\u0173 motinos marihuan\u0105 pigiai internetu. Drakon\u0173 motina marihuana yra hibridin\u0117 - 50% Sativa \/ 50% Indica THC: 23% - 28%","robots":{"index":"index","follow":"follow","max-snippet":"max-snippet:-1","max-image-preview":"max-image-preview:large","max-video-preview":"max-video-preview:-1"},"canonical":"https:\/\/medicinasinc.com\/lt\/product\/pirk-drakonu-motina-marihuana\/","og_locale":"en_US","og_type":"article","og_title":"Pirkite \u201eMother of Dragons\u201c marihuan\u0105 \u2013 geriausius pasaulinius vaistus","og_description":"Pirkite drakon\u0173 motinos marihuan\u0105 pigiai internetu. Drakon\u0173 motina marihuana yra hibridin\u0117 - 50% Sativa \/ 50% Indica THC: 23% - 28%","og_url":"https:\/\/medicinasinc.com\/lt\/product\/pirk-drakonu-motina-marihuana\/","og_site_name":"Medicinas Inc","article_modified_time":"2022-03-20T12:26:57+00:00","og_image":[{"width":1000,"height":1000,"url":"https:\/\/medicinasinc.com\/lt\/wp-content\/uploads\/sites\/9\/2022\/02\/Buy-Mother-of-Dragons-Marijuana.jpg","type":"image\/jpeg"}],"twitter_card":"summary_large_image","twitter_misc":{"Est. reading time":"2 minutes"},"schema":{"@context":"https:\/\/schema.org","@graph":[{"@type":"WebPage","@id":"https:\/\/medicinasinc.com\/lt\/product\/pirk-drakonu-motina-marihuana\/","url":"https:\/\/medicinasinc.com\/lt\/product\/pirk-drakonu-motina-marihuana\/","name":"Pirkite \u201eMother of Dragons\u201c marihuan\u0105 \u2013 geriausius pasaulinius vaistus","isPartOf":{"@id":"https:\/\/medicinasinc.com\/lt\/#website"},"primaryImageOfPage":{"@id":"https:\/\/medicinasinc.com\/lt\/product\/pirk-drakonu-motina-marihuana\/#primaryimage"},"image":{"@id":"https:\/\/medicinasinc.com\/lt\/product\/pirk-drakonu-motina-marihuana\/#primaryimage"},"thumbnailUrl":"https:\/\/medicinasinc.com\/lt\/wp-content\/uploads\/sites\/9\/2022\/02\/Buy-Mother-of-Dragons-Marijuana.jpg","datePublished":"2022-02-20T19:11:16+00:00","dateModified":"2022-03-20T12:26:57+00:00","description":"Pirkite drakon\u0173 motinos marihuan\u0105 pigiai internetu. Drakon\u0173 motina marihuana yra hibridin\u0117 - 50% Sativa \/ 50% Indica THC: 23% - 28%","breadcrumb":{"@id":"https:\/\/medicinasinc.com\/lt\/product\/pirk-drakonu-motina-marihuana\/#breadcrumb"},"inLanguage":"en-US","potentialAction":[{"@type":"ReadAction","target":["https:\/\/medicinasinc.com\/lt\/product\/pirk-drakonu-motina-marihuana\/"]}]},{"@type":"ImageObject","inLanguage":"en-US","@id":"https:\/\/medicinasinc.com\/lt\/product\/pirk-drakonu-motina-marihuana\/#primaryimage","url":"https:\/\/medicinasinc.com\/lt\/wp-content\/uploads\/sites\/9\/2022\/02\/Buy-Mother-of-Dragons-Marijuana.jpg","contentUrl":"https:\/\/medicinasinc.com\/lt\/wp-content\/uploads\/sites\/9\/2022\/02\/Buy-Mother-of-Dragons-Marijuana.jpg","width":1000,"height":1000},{"@type":"BreadcrumbList","@id":"https:\/\/medicinasinc.com\/lt\/product\/pirk-drakonu-motina-marihuana\/#breadcrumb","itemListElement":[{"@type":"ListItem","position":1,"name":"Parduotuv\u0117","item":"https:\/\/medicinasinc.com\/lt\/parduotuve\/"},{"@type":"ListItem","position":2,"name":"Pirkite drakon\u0173 motinos marihuan\u0105"}]},{"@type":"WebSite","@id":"https:\/\/medicinasinc.com\/lt\/#website","url":"https:\/\/medicinasinc.com\/lt\/","name":"Medicinas Inc","description":"Sveikatos medicinos klinika","potentialAction":[{"@type":"SearchAction","target":{"@type":"EntryPoint","urlTemplate":"https:\/\/medicinasinc.com\/lt\/?s={search_term_string}"},"query-input":{"@type":"PropertyValueSpecification","valueRequired":true,"valueName":"search_term_string"}}],"inLanguage":"en-US"}]}},"_links":{"self":[{"href":"https:\/\/medicinasinc.com\/lt\/wp-json\/wp\/v2\/product\/5020","targetHints":{"allow":["GET"]}}],"collection":[{"href":"https:\/\/medicinasinc.com\/lt\/wp-json\/wp\/v2\/product"}],"about":[{"href":"https:\/\/medicinasinc.com\/lt\/wp-json\/wp\/v2\/types\/product"}],"replies":[{"embeddable":true,"href":"https:\/\/medicinasinc.com\/lt\/wp-json\/wp\/v2\/comments?post=5020"}],"wp:featuredmedia":[{"embeddable":true,"href":"https:\/\/medicinasinc.com\/lt\/wp-json\/wp\/v2\/media\/5038"}],"wp:attachment":[{"href":"https:\/\/medicinasinc.com\/lt\/wp-json\/wp\/v2\/media?parent=5020"}],"wp:term":[{"taxonomy":"product_brand","embeddable":true,"href":"https:\/\/medicinasinc.com\/lt\/wp-json\/wp\/v2\/product_brand?post=5020"},{"taxonomy":"product_cat","embeddable":true,"href":"https:\/\/medicinasinc.com\/lt\/wp-json\/wp\/v2\/product_cat?post=5020"},{"taxonomy":"product_tag","embeddable":true,"href":"https:\/\/medicinasinc.com\/lt\/wp-json\/wp\/v2\/product_tag?post=5020"}],"curies":[{"name":"wp","href":"https:\/\/api.w.org\/{rel}","templated":true}]}}