{"id":5019,"date":"2022-02-20T19:10:26","date_gmt":"2022-02-20T19:10:26","guid":{"rendered":"https:\/\/medicinasinc.com\/lt\/?post_type=product&#038;p=5019"},"modified":"2022-03-20T12:27:10","modified_gmt":"2022-03-20T12:27:10","slug":"amnezija-rukas","status":"publish","type":"product","link":"https:\/\/medicinasinc.com\/lt\/product\/amnezija-rukas\/","title":{"rendered":"Amnezija migla"},"content":{"rendered":"<p>Amnesia Haze Strain Purchase Online<\/p>\n<p>Amnesia Haze Strain Online yra Sativa dominuojantis hibridas, sukurtas sukry\u017eminus Haze su keliomis skirtingomis \u017eem\u0117s rasi\u0173 atmainomis, \u012fskaitant taj\u0173, havaj\u0173 ir afgan\u0173. Sativa ir indica santykis yra ma\u017edaug 80:20. THC yra gana auk\u0161tas, kai kuri\u0173 test\u0173 metu vir\u0161ija 22%, ta\u010diau CBD yra \u017eymiai silpnesnis ir yra \u0161iek tiek ma\u017eesnis nei 1%. Auk\u0161tas yra eufori\u0161kas ir k\u016brybingas, su psichoaktyvia nuotaika ir kikenimu. Amnesia Haze yra vaisinio, mi\u0161raus skonio ir saldaus, \u017eemi\u0161ko aromato su ugning\u0173j\u0173 pipir\u0173 p\u0117dsakais. Guoliai yra \u0161viesiai \u017ealios spalvos su tamsesniais rudais si\u016blais ir trichomu padengtu pavir\u0161iumi. Tai puiki alternatyva nerimui ir depresijai, taip pat nuovargiui, ADHD simptomams, migrenos galvos skausmams, nuotaikos svyravimams ir fiziniam skausmui mal\u0161inti.<\/p>\n<p>Pirkite internetu i\u0161 Best Global Meds u\u017e nebrangi\u0105 kain\u0105!<\/p>\n<p>Mes, \u201eBest Global Meds\u201c, si\u016blome amnezijos miglotus marihuanos \u017eiedus u\u017e priimtin\u0105 kain\u0105. Amnesia haze yra Sativa dominuojantis hibridas, pagamintas i\u0161 dviej\u0173 pagrindini\u0173 kanapi\u0173 atmain\u0173 \u2013 Sativa ir Indica. Jis naudojamas \u012fvairioms terapin\u0117ms ir pramogin\u0117ms reikm\u0117ms. Amnesia Haze yra puiki alternatyva susikoncentruoti \u012f darb\u0105 atokioje vietoje. Su \u017eemi\u0161komis citrin\u0173 ir citrusini\u0173 natomis Amnesia Haze yra ideali atmaina norint prad\u0117ti dien\u0105 su \u0161ypsena.<\/p>\n<div class=\"product-next-previous\">\n<div class=\"product-prev\"><\/div><\/div>\n","protected":false},"excerpt":{"rendered":"<p>Amnesia Haze internetu parduodama Jungtin\u0117je Karalyst\u0117je ir Europoje. Amnesia Haze yra m\u0117gstamiausia Europoje. \u0160is labai psichodelinis \u201eSativa\u201c geriausiai tinka patyrusiems vartotojams.<\/p>\n<p>Amnesia Haze tikriausiai yra populiariausia pasaulyje paderm\u0117.<\/p>\n<p>Amnesia Haze yra labai svaigi ir psichodelin\u0117 hibridin\u0117 atmaina. <\/p>\n","protected":false},"featured_media":5036,"comment_status":"open","ping_status":"closed","template":"","meta":[],"product_brand":[],"product_cat":[778],"product_tag":[956,957,959,958],"class_list":{"0":"post-5019","1":"product","2":"type-product","3":"status-publish","4":"has-post-thumbnail","6":"product_cat-ol-pardavimui","7":"product_tag-amnesia","8":"product_tag-buy-amnesia-haze-online","9":"product_tag-kur-pirkti-amnezija-haze-strain-internete","10":"product_tag-marihuana","12":"first","13":"instock","14":"shipping-taxable","15":"purchasable","16":"product-type-variable","17":"has-default-attributes"},"yoast_head":"<!-- This site is optimized with the Yoast SEO plugin v27.3 - https:\/\/yoast.com\/product\/yoast-seo-wordpress\/ -->\n<title>Amnesia Haze \u2013 Amnesia Haze pikt\u017eoli\u0173 paderm\u0117s \u2013 geriausi pasaulyje geriausi vaistai<\/title>\n<meta name=\"description\" content=\"Pirkti Amnesia Haze Parduodama JK, Europoje internetu, Amnesia Haze yra Europos m\u0117gstamiausia. \u0160i intensyviai psichodelin\u0117 atmaina yra Sativa, kuri\u0105 geriausia palikti patyrusiems vartotojams.\" \/>\n<meta name=\"robots\" content=\"index, follow, max-snippet:-1, max-image-preview:large, max-video-preview:-1\" \/>\n<link rel=\"canonical\" href=\"https:\/\/medicinasinc.com\/lt\/product\/amnezija-rukas\/\" \/>\n<meta property=\"og:locale\" content=\"en_US\" \/>\n<meta property=\"og:type\" content=\"article\" \/>\n<meta property=\"og:title\" content=\"Amnesia Haze \u2013 Amnesia Haze pikt\u017eoli\u0173 paderm\u0117s \u2013 geriausi pasaulyje geriausi vaistai\" \/>\n<meta property=\"og:description\" content=\"Pirkti Amnesia Haze Parduodama JK, Europoje internetu, Amnesia Haze yra Europos m\u0117gstamiausia. \u0160i intensyviai psichodelin\u0117 atmaina yra Sativa, kuri\u0105 geriausia palikti patyrusiems vartotojams.\" \/>\n<meta property=\"og:url\" content=\"https:\/\/medicinasinc.com\/lt\/product\/amnezija-rukas\/\" \/>\n<meta property=\"og:site_name\" content=\"Medicinas Inc\" \/>\n<meta property=\"article:modified_time\" content=\"2022-03-20T12:27:10+00:00\" \/>\n<meta property=\"og:image\" content=\"https:\/\/medicinasinc.com\/lt\/wp-content\/uploads\/sites\/9\/2022\/02\/Buy-Amnesia-Haze.jpg\" \/>\n\t<meta property=\"og:image:width\" content=\"1159\" \/>\n\t<meta property=\"og:image:height\" content=\"1043\" \/>\n\t<meta property=\"og:image:type\" content=\"image\/jpeg\" \/>\n<meta name=\"twitter:card\" content=\"summary_large_image\" \/>\n<meta name=\"twitter:label1\" content=\"Est. reading time\" \/>\n\t<meta name=\"twitter:data1\" content=\"1 minute\" \/>\n<script type=\"application\/ld+json\" class=\"yoast-schema-graph\">{\"@context\":\"https:\\\/\\\/schema.org\",\"@graph\":[{\"@type\":\"WebPage\",\"@id\":\"https:\\\/\\\/medicinasinc.com\\\/lt\\\/product\\\/amnezija-rukas\\\/\",\"url\":\"https:\\\/\\\/medicinasinc.com\\\/lt\\\/product\\\/amnezija-rukas\\\/\",\"name\":\"Amnesia Haze \u2013 Amnesia Haze pikt\u017eoli\u0173 paderm\u0117s \u2013 geriausi pasaulyje geriausi vaistai\",\"isPartOf\":{\"@id\":\"https:\\\/\\\/medicinasinc.com\\\/lt\\\/#website\"},\"primaryImageOfPage\":{\"@id\":\"https:\\\/\\\/medicinasinc.com\\\/lt\\\/product\\\/amnezija-rukas\\\/#primaryimage\"},\"image\":{\"@id\":\"https:\\\/\\\/medicinasinc.com\\\/lt\\\/product\\\/amnezija-rukas\\\/#primaryimage\"},\"thumbnailUrl\":\"https:\\\/\\\/medicinasinc.com\\\/lt\\\/wp-content\\\/uploads\\\/sites\\\/9\\\/2022\\\/02\\\/Buy-Amnesia-Haze.jpg\",\"datePublished\":\"2022-02-20T19:10:26+00:00\",\"dateModified\":\"2022-03-20T12:27:10+00:00\",\"description\":\"Pirkti Amnesia Haze Parduodama JK, Europoje internetu, Amnesia Haze yra Europos m\u0117gstamiausia. \u0160i intensyviai psichodelin\u0117 atmaina yra Sativa, kuri\u0105 geriausia palikti patyrusiems vartotojams.\",\"breadcrumb\":{\"@id\":\"https:\\\/\\\/medicinasinc.com\\\/lt\\\/product\\\/amnezija-rukas\\\/#breadcrumb\"},\"inLanguage\":\"en-US\",\"potentialAction\":[{\"@type\":\"ReadAction\",\"target\":[\"https:\\\/\\\/medicinasinc.com\\\/lt\\\/product\\\/amnezija-rukas\\\/\"]}]},{\"@type\":\"ImageObject\",\"inLanguage\":\"en-US\",\"@id\":\"https:\\\/\\\/medicinasinc.com\\\/lt\\\/product\\\/amnezija-rukas\\\/#primaryimage\",\"url\":\"https:\\\/\\\/medicinasinc.com\\\/lt\\\/wp-content\\\/uploads\\\/sites\\\/9\\\/2022\\\/02\\\/Buy-Amnesia-Haze.jpg\",\"contentUrl\":\"https:\\\/\\\/medicinasinc.com\\\/lt\\\/wp-content\\\/uploads\\\/sites\\\/9\\\/2022\\\/02\\\/Buy-Amnesia-Haze.jpg\",\"width\":1159,\"height\":1043},{\"@type\":\"BreadcrumbList\",\"@id\":\"https:\\\/\\\/medicinasinc.com\\\/lt\\\/product\\\/amnezija-rukas\\\/#breadcrumb\",\"itemListElement\":[{\"@type\":\"ListItem\",\"position\":1,\"name\":\"Parduotuv\u0117\",\"item\":\"https:\\\/\\\/medicinasinc.com\\\/lt\\\/parduotuve\\\/\"},{\"@type\":\"ListItem\",\"position\":2,\"name\":\"Amnezija migla\"}]},{\"@type\":\"WebSite\",\"@id\":\"https:\\\/\\\/medicinasinc.com\\\/lt\\\/#website\",\"url\":\"https:\\\/\\\/medicinasinc.com\\\/lt\\\/\",\"name\":\"Medicinas Inc\",\"description\":\"Sveikatos medicinos klinika\",\"potentialAction\":[{\"@type\":\"SearchAction\",\"target\":{\"@type\":\"EntryPoint\",\"urlTemplate\":\"https:\\\/\\\/medicinasinc.com\\\/lt\\\/?s={search_term_string}\"},\"query-input\":{\"@type\":\"PropertyValueSpecification\",\"valueRequired\":true,\"valueName\":\"search_term_string\"}}],\"inLanguage\":\"en-US\"}]}<\/script>\n<!-- \/ Yoast SEO plugin. -->","yoast_head_json":{"title":"Amnesia Haze \u2013 Amnesia Haze pikt\u017eoli\u0173 paderm\u0117s \u2013 geriausi pasaulyje geriausi vaistai","description":"Pirkti Amnesia Haze Parduodama JK, Europoje internetu, Amnesia Haze yra Europos m\u0117gstamiausia. \u0160i intensyviai psichodelin\u0117 atmaina yra Sativa, kuri\u0105 geriausia palikti patyrusiems vartotojams.","robots":{"index":"index","follow":"follow","max-snippet":"max-snippet:-1","max-image-preview":"max-image-preview:large","max-video-preview":"max-video-preview:-1"},"canonical":"https:\/\/medicinasinc.com\/lt\/product\/amnezija-rukas\/","og_locale":"en_US","og_type":"article","og_title":"Amnesia Haze \u2013 Amnesia Haze pikt\u017eoli\u0173 paderm\u0117s \u2013 geriausi pasaulyje geriausi vaistai","og_description":"Pirkti Amnesia Haze Parduodama JK, Europoje internetu, Amnesia Haze yra Europos m\u0117gstamiausia. \u0160i intensyviai psichodelin\u0117 atmaina yra Sativa, kuri\u0105 geriausia palikti patyrusiems vartotojams.","og_url":"https:\/\/medicinasinc.com\/lt\/product\/amnezija-rukas\/","og_site_name":"Medicinas Inc","article_modified_time":"2022-03-20T12:27:10+00:00","og_image":[{"width":1159,"height":1043,"url":"https:\/\/medicinasinc.com\/lt\/wp-content\/uploads\/sites\/9\/2022\/02\/Buy-Amnesia-Haze.jpg","type":"image\/jpeg"}],"twitter_card":"summary_large_image","twitter_misc":{"Est. reading time":"1 minute"},"schema":{"@context":"https:\/\/schema.org","@graph":[{"@type":"WebPage","@id":"https:\/\/medicinasinc.com\/lt\/product\/amnezija-rukas\/","url":"https:\/\/medicinasinc.com\/lt\/product\/amnezija-rukas\/","name":"Amnesia Haze \u2013 Amnesia Haze pikt\u017eoli\u0173 paderm\u0117s \u2013 geriausi pasaulyje geriausi vaistai","isPartOf":{"@id":"https:\/\/medicinasinc.com\/lt\/#website"},"primaryImageOfPage":{"@id":"https:\/\/medicinasinc.com\/lt\/product\/amnezija-rukas\/#primaryimage"},"image":{"@id":"https:\/\/medicinasinc.com\/lt\/product\/amnezija-rukas\/#primaryimage"},"thumbnailUrl":"https:\/\/medicinasinc.com\/lt\/wp-content\/uploads\/sites\/9\/2022\/02\/Buy-Amnesia-Haze.jpg","datePublished":"2022-02-20T19:10:26+00:00","dateModified":"2022-03-20T12:27:10+00:00","description":"Pirkti Amnesia Haze Parduodama JK, Europoje internetu, Amnesia Haze yra Europos m\u0117gstamiausia. \u0160i intensyviai psichodelin\u0117 atmaina yra Sativa, kuri\u0105 geriausia palikti patyrusiems vartotojams.","breadcrumb":{"@id":"https:\/\/medicinasinc.com\/lt\/product\/amnezija-rukas\/#breadcrumb"},"inLanguage":"en-US","potentialAction":[{"@type":"ReadAction","target":["https:\/\/medicinasinc.com\/lt\/product\/amnezija-rukas\/"]}]},{"@type":"ImageObject","inLanguage":"en-US","@id":"https:\/\/medicinasinc.com\/lt\/product\/amnezija-rukas\/#primaryimage","url":"https:\/\/medicinasinc.com\/lt\/wp-content\/uploads\/sites\/9\/2022\/02\/Buy-Amnesia-Haze.jpg","contentUrl":"https:\/\/medicinasinc.com\/lt\/wp-content\/uploads\/sites\/9\/2022\/02\/Buy-Amnesia-Haze.jpg","width":1159,"height":1043},{"@type":"BreadcrumbList","@id":"https:\/\/medicinasinc.com\/lt\/product\/amnezija-rukas\/#breadcrumb","itemListElement":[{"@type":"ListItem","position":1,"name":"Parduotuv\u0117","item":"https:\/\/medicinasinc.com\/lt\/parduotuve\/"},{"@type":"ListItem","position":2,"name":"Amnezija migla"}]},{"@type":"WebSite","@id":"https:\/\/medicinasinc.com\/lt\/#website","url":"https:\/\/medicinasinc.com\/lt\/","name":"Medicinas Inc","description":"Sveikatos medicinos klinika","potentialAction":[{"@type":"SearchAction","target":{"@type":"EntryPoint","urlTemplate":"https:\/\/medicinasinc.com\/lt\/?s={search_term_string}"},"query-input":{"@type":"PropertyValueSpecification","valueRequired":true,"valueName":"search_term_string"}}],"inLanguage":"en-US"}]}},"_links":{"self":[{"href":"https:\/\/medicinasinc.com\/lt\/wp-json\/wp\/v2\/product\/5019","targetHints":{"allow":["GET"]}}],"collection":[{"href":"https:\/\/medicinasinc.com\/lt\/wp-json\/wp\/v2\/product"}],"about":[{"href":"https:\/\/medicinasinc.com\/lt\/wp-json\/wp\/v2\/types\/product"}],"replies":[{"embeddable":true,"href":"https:\/\/medicinasinc.com\/lt\/wp-json\/wp\/v2\/comments?post=5019"}],"wp:featuredmedia":[{"embeddable":true,"href":"https:\/\/medicinasinc.com\/lt\/wp-json\/wp\/v2\/media\/5036"}],"wp:attachment":[{"href":"https:\/\/medicinasinc.com\/lt\/wp-json\/wp\/v2\/media?parent=5019"}],"wp:term":[{"taxonomy":"product_brand","embeddable":true,"href":"https:\/\/medicinasinc.com\/lt\/wp-json\/wp\/v2\/product_brand?post=5019"},{"taxonomy":"product_cat","embeddable":true,"href":"https:\/\/medicinasinc.com\/lt\/wp-json\/wp\/v2\/product_cat?post=5019"},{"taxonomy":"product_tag","embeddable":true,"href":"https:\/\/medicinasinc.com\/lt\/wp-json\/wp\/v2\/product_tag?post=5019"}],"curies":[{"name":"wp","href":"https:\/\/api.w.org\/{rel}","templated":true}]}}