{"id":5018,"date":"2022-02-20T19:09:20","date_gmt":"2022-02-20T19:09:20","guid":{"rendered":"https:\/\/medicinasinc.com\/lt\/?post_type=product&#038;p=5018"},"modified":"2022-03-20T12:27:18","modified_gmt":"2022-03-20T12:27:18","slug":"pirk-ananasas-express-marihuana","status":"publish","type":"product","link":"https:\/\/medicinasinc.com\/lt\/product\/pirk-ananasas-express-marihuana\/","title":{"rendered":"Pirkite Pineapple Express marihuan\u0105"},"content":{"rendered":"<h1>Pirkite Pineapple Express marihuanos \u0161tam\u0105 internetu.<\/h1>\n<p>Pirkite Pineapple Express Marihuana Strain internetu.<\/p>\n<p>Poveikis<br \/> Energingas, euforija, d\u0117mesys<br \/> Gali palengvinti<br \/> L\u0117tinis skausmas, depresija, nuovargis, apetito praradimas, migrena, pykinimas, ko\u0161marai<br \/> skoniai<br \/> Citrus\u0173, pu\u0161\u0173, ananas\u0173, sald\u016bs, tropiniai<br \/> Aromatai<br \/> \u017dem\u0117s, pu\u0161ies, ananas\u0173, Saldus<\/p>\n<p>Ta\u010diau turite tur\u0117ti omenyje, kad \u012ftampa n\u0117ra tokia didel\u0117, kaip filme pavaizduota. Ta\u010diau \u201ePineapple Express\u201c suteikia lengv\u0105 ir malon\u0173 k\u016bn\u0105 stingdant\u012f efekt\u0105, kurio reikia laukti.<\/p>\n<p>Paderm\u0117 yra tiksliai pasvert\u0173 grynuoli\u0173, primenan\u010di\u0173 polistirolo kukur\u016bz\u0173 sprag\u0117sius, pavidal\u0105. Jis neturi saldaus skonio, ta\u010diau turi keist\u0105 aromat\u0105 d\u0117l citrusini\u0173 atspalvi\u0173. Skonis gana unikalus, \u012fkvepiant jau\u010diamas ananas\u0173 dvelksmas. Pineapple Express pirmenyb\u0117 teikiama \u012fvairioms sveikatos b\u016bkl\u0117ms, \u012fskaitant nerim\u0105 ir stres\u0105, gydyti. Ta\u010diau ji \u017eymiai s\u0117kmingiau vienu metu gydo l\u0117tin\u0117s depresijos simptomus. Jei jau\u010diate lengvus skausmus, at\u0117jote \u012f reikiam\u0105 viet\u0105. Po \u012fkv\u0117pimo pasteb\u0117site, kad Pineapple Express yra ramus ir gaivinantis.<\/p>\n","protected":false},"excerpt":{"rendered":"<div class=\"woocommerce-product-details__short-description\">\n<p>Pirkite Pineapple Express marihuanos \u0161tam\u0105 internetu. Pirkite Pineapple Express marihuanos \u0161tam\u0105. A sativa Dominant Hybrid \u2013 60 % Sativa \/ 40 % Indica THC: 25 %, CBN: 1 %<\/p>\n<\/p><\/div>\n","protected":false},"featured_media":5034,"comment_status":"open","ping_status":"closed","template":"","meta":[],"product_brand":[],"product_cat":[778],"product_tag":[953,954,955,948,949,952,950,951],"class_list":{"0":"post-5018","1":"product","2":"type-product","3":"status-publish","4":"has-post-thumbnail","6":"product_cat-ol-pardavimui","7":"product_tag-ananaso-express-strain-review","8":"product_tag-ananasas-express-strain-sativa-or-indica","9":"product_tag-ananas-express-vape-kaset","10":"product_tag-ananas-ekspresas-afganistanas","11":"product_tag-ananas-ekspreso-sklos","12":"product_tag-ananaso-express-strain-info","13":"product_tag-pineapple-express-strain-allbud","14":"product_tag-pineapple-express-strain-effects","16":"first","17":"instock","18":"shipping-taxable","19":"purchasable","20":"product-type-variable","21":"has-default-attributes"},"yoast_head":"<!-- This site is optimized with the Yoast SEO plugin v27.3 - https:\/\/yoast.com\/product\/yoast-seo-wordpress\/ -->\n<title>Pirkite Pineapple Express marihuan\u0105 \u2013 geriausius pasaulinius vaistus<\/title>\n<meta name=\"description\" content=\"Pirkite Pineapple Express marihuanos \u0161tam\u0105 internetu. Pirkite Pineapple Express marihuanos \u0161tam\u0105. A sativa Dominant Hybrid \u2013 60 % Sativa \/ 40 % Indica THC: 25 %, CBN: 1 %\" \/>\n<meta name=\"robots\" content=\"index, follow, max-snippet:-1, max-image-preview:large, max-video-preview:-1\" \/>\n<link rel=\"canonical\" href=\"https:\/\/medicinasinc.com\/lt\/product\/pirk-ananasas-express-marihuana\/\" \/>\n<meta property=\"og:locale\" content=\"en_US\" \/>\n<meta property=\"og:type\" content=\"article\" \/>\n<meta property=\"og:title\" content=\"Pirkite Pineapple Express marihuan\u0105 \u2013 geriausius pasaulinius vaistus\" \/>\n<meta property=\"og:description\" content=\"Pirkite Pineapple Express marihuanos \u0161tam\u0105 internetu. Pirkite Pineapple Express marihuanos \u0161tam\u0105. A sativa Dominant Hybrid \u2013 60 % Sativa \/ 40 % Indica THC: 25 %, CBN: 1 %\" \/>\n<meta property=\"og:url\" content=\"https:\/\/medicinasinc.com\/lt\/product\/pirk-ananasas-express-marihuana\/\" \/>\n<meta property=\"og:site_name\" content=\"Medicinas Inc\" \/>\n<meta property=\"article:modified_time\" content=\"2022-03-20T12:27:18+00:00\" \/>\n<meta property=\"og:image\" content=\"https:\/\/medicinasinc.com\/lt\/wp-content\/uploads\/sites\/9\/2022\/02\/Buy-Pineapple-Express-Marijuana.jpeg\" \/>\n\t<meta property=\"og:image:width\" content=\"600\" \/>\n\t<meta property=\"og:image:height\" content=\"600\" \/>\n\t<meta property=\"og:image:type\" content=\"image\/jpeg\" \/>\n<meta name=\"twitter:card\" content=\"summary_large_image\" \/>\n<meta name=\"twitter:label1\" content=\"Est. reading time\" \/>\n\t<meta name=\"twitter:data1\" content=\"1 minute\" \/>\n<script type=\"application\/ld+json\" class=\"yoast-schema-graph\">{\"@context\":\"https:\\\/\\\/schema.org\",\"@graph\":[{\"@type\":\"WebPage\",\"@id\":\"https:\\\/\\\/medicinasinc.com\\\/lt\\\/product\\\/pirk-ananasas-express-marihuana\\\/\",\"url\":\"https:\\\/\\\/medicinasinc.com\\\/lt\\\/product\\\/pirk-ananasas-express-marihuana\\\/\",\"name\":\"Pirkite Pineapple Express marihuan\u0105 \u2013 geriausius pasaulinius vaistus\",\"isPartOf\":{\"@id\":\"https:\\\/\\\/medicinasinc.com\\\/lt\\\/#website\"},\"primaryImageOfPage\":{\"@id\":\"https:\\\/\\\/medicinasinc.com\\\/lt\\\/product\\\/pirk-ananasas-express-marihuana\\\/#primaryimage\"},\"image\":{\"@id\":\"https:\\\/\\\/medicinasinc.com\\\/lt\\\/product\\\/pirk-ananasas-express-marihuana\\\/#primaryimage\"},\"thumbnailUrl\":\"https:\\\/\\\/medicinasinc.com\\\/lt\\\/wp-content\\\/uploads\\\/sites\\\/9\\\/2022\\\/02\\\/Buy-Pineapple-Express-Marijuana.jpeg\",\"datePublished\":\"2022-02-20T19:09:20+00:00\",\"dateModified\":\"2022-03-20T12:27:18+00:00\",\"description\":\"Pirkite Pineapple Express marihuanos \u0161tam\u0105 internetu. Pirkite Pineapple Express marihuanos \u0161tam\u0105. A sativa Dominant Hybrid \u2013 60 % Sativa \\\/ 40 % Indica THC: 25 %, CBN: 1 %\",\"breadcrumb\":{\"@id\":\"https:\\\/\\\/medicinasinc.com\\\/lt\\\/product\\\/pirk-ananasas-express-marihuana\\\/#breadcrumb\"},\"inLanguage\":\"en-US\",\"potentialAction\":[{\"@type\":\"ReadAction\",\"target\":[\"https:\\\/\\\/medicinasinc.com\\\/lt\\\/product\\\/pirk-ananasas-express-marihuana\\\/\"]}]},{\"@type\":\"ImageObject\",\"inLanguage\":\"en-US\",\"@id\":\"https:\\\/\\\/medicinasinc.com\\\/lt\\\/product\\\/pirk-ananasas-express-marihuana\\\/#primaryimage\",\"url\":\"https:\\\/\\\/medicinasinc.com\\\/lt\\\/wp-content\\\/uploads\\\/sites\\\/9\\\/2022\\\/02\\\/Buy-Pineapple-Express-Marijuana.jpeg\",\"contentUrl\":\"https:\\\/\\\/medicinasinc.com\\\/lt\\\/wp-content\\\/uploads\\\/sites\\\/9\\\/2022\\\/02\\\/Buy-Pineapple-Express-Marijuana.jpeg\",\"width\":600,\"height\":600},{\"@type\":\"BreadcrumbList\",\"@id\":\"https:\\\/\\\/medicinasinc.com\\\/lt\\\/product\\\/pirk-ananasas-express-marihuana\\\/#breadcrumb\",\"itemListElement\":[{\"@type\":\"ListItem\",\"position\":1,\"name\":\"Parduotuv\u0117\",\"item\":\"https:\\\/\\\/medicinasinc.com\\\/lt\\\/parduotuve\\\/\"},{\"@type\":\"ListItem\",\"position\":2,\"name\":\"Pirkite Pineapple Express marihuan\u0105\"}]},{\"@type\":\"WebSite\",\"@id\":\"https:\\\/\\\/medicinasinc.com\\\/lt\\\/#website\",\"url\":\"https:\\\/\\\/medicinasinc.com\\\/lt\\\/\",\"name\":\"Medicinas Inc\",\"description\":\"Sveikatos medicinos klinika\",\"potentialAction\":[{\"@type\":\"SearchAction\",\"target\":{\"@type\":\"EntryPoint\",\"urlTemplate\":\"https:\\\/\\\/medicinasinc.com\\\/lt\\\/?s={search_term_string}\"},\"query-input\":{\"@type\":\"PropertyValueSpecification\",\"valueRequired\":true,\"valueName\":\"search_term_string\"}}],\"inLanguage\":\"en-US\"}]}<\/script>\n<!-- \/ Yoast SEO plugin. -->","yoast_head_json":{"title":"Pirkite Pineapple Express marihuan\u0105 \u2013 geriausius pasaulinius vaistus","description":"Pirkite Pineapple Express marihuanos \u0161tam\u0105 internetu. Pirkite Pineapple Express marihuanos \u0161tam\u0105. A sativa Dominant Hybrid \u2013 60 % Sativa \/ 40 % Indica THC: 25 %, CBN: 1 %","robots":{"index":"index","follow":"follow","max-snippet":"max-snippet:-1","max-image-preview":"max-image-preview:large","max-video-preview":"max-video-preview:-1"},"canonical":"https:\/\/medicinasinc.com\/lt\/product\/pirk-ananasas-express-marihuana\/","og_locale":"en_US","og_type":"article","og_title":"Pirkite Pineapple Express marihuan\u0105 \u2013 geriausius pasaulinius vaistus","og_description":"Pirkite Pineapple Express marihuanos \u0161tam\u0105 internetu. Pirkite Pineapple Express marihuanos \u0161tam\u0105. A sativa Dominant Hybrid \u2013 60 % Sativa \/ 40 % Indica THC: 25 %, CBN: 1 %","og_url":"https:\/\/medicinasinc.com\/lt\/product\/pirk-ananasas-express-marihuana\/","og_site_name":"Medicinas Inc","article_modified_time":"2022-03-20T12:27:18+00:00","og_image":[{"width":600,"height":600,"url":"https:\/\/medicinasinc.com\/lt\/wp-content\/uploads\/sites\/9\/2022\/02\/Buy-Pineapple-Express-Marijuana.jpeg","type":"image\/jpeg"}],"twitter_card":"summary_large_image","twitter_misc":{"Est. reading time":"1 minute"},"schema":{"@context":"https:\/\/schema.org","@graph":[{"@type":"WebPage","@id":"https:\/\/medicinasinc.com\/lt\/product\/pirk-ananasas-express-marihuana\/","url":"https:\/\/medicinasinc.com\/lt\/product\/pirk-ananasas-express-marihuana\/","name":"Pirkite Pineapple Express marihuan\u0105 \u2013 geriausius pasaulinius vaistus","isPartOf":{"@id":"https:\/\/medicinasinc.com\/lt\/#website"},"primaryImageOfPage":{"@id":"https:\/\/medicinasinc.com\/lt\/product\/pirk-ananasas-express-marihuana\/#primaryimage"},"image":{"@id":"https:\/\/medicinasinc.com\/lt\/product\/pirk-ananasas-express-marihuana\/#primaryimage"},"thumbnailUrl":"https:\/\/medicinasinc.com\/lt\/wp-content\/uploads\/sites\/9\/2022\/02\/Buy-Pineapple-Express-Marijuana.jpeg","datePublished":"2022-02-20T19:09:20+00:00","dateModified":"2022-03-20T12:27:18+00:00","description":"Pirkite Pineapple Express marihuanos \u0161tam\u0105 internetu. Pirkite Pineapple Express marihuanos \u0161tam\u0105. A sativa Dominant Hybrid \u2013 60 % Sativa \/ 40 % Indica THC: 25 %, CBN: 1 %","breadcrumb":{"@id":"https:\/\/medicinasinc.com\/lt\/product\/pirk-ananasas-express-marihuana\/#breadcrumb"},"inLanguage":"en-US","potentialAction":[{"@type":"ReadAction","target":["https:\/\/medicinasinc.com\/lt\/product\/pirk-ananasas-express-marihuana\/"]}]},{"@type":"ImageObject","inLanguage":"en-US","@id":"https:\/\/medicinasinc.com\/lt\/product\/pirk-ananasas-express-marihuana\/#primaryimage","url":"https:\/\/medicinasinc.com\/lt\/wp-content\/uploads\/sites\/9\/2022\/02\/Buy-Pineapple-Express-Marijuana.jpeg","contentUrl":"https:\/\/medicinasinc.com\/lt\/wp-content\/uploads\/sites\/9\/2022\/02\/Buy-Pineapple-Express-Marijuana.jpeg","width":600,"height":600},{"@type":"BreadcrumbList","@id":"https:\/\/medicinasinc.com\/lt\/product\/pirk-ananasas-express-marihuana\/#breadcrumb","itemListElement":[{"@type":"ListItem","position":1,"name":"Parduotuv\u0117","item":"https:\/\/medicinasinc.com\/lt\/parduotuve\/"},{"@type":"ListItem","position":2,"name":"Pirkite Pineapple Express marihuan\u0105"}]},{"@type":"WebSite","@id":"https:\/\/medicinasinc.com\/lt\/#website","url":"https:\/\/medicinasinc.com\/lt\/","name":"Medicinas Inc","description":"Sveikatos medicinos klinika","potentialAction":[{"@type":"SearchAction","target":{"@type":"EntryPoint","urlTemplate":"https:\/\/medicinasinc.com\/lt\/?s={search_term_string}"},"query-input":{"@type":"PropertyValueSpecification","valueRequired":true,"valueName":"search_term_string"}}],"inLanguage":"en-US"}]}},"_links":{"self":[{"href":"https:\/\/medicinasinc.com\/lt\/wp-json\/wp\/v2\/product\/5018","targetHints":{"allow":["GET"]}}],"collection":[{"href":"https:\/\/medicinasinc.com\/lt\/wp-json\/wp\/v2\/product"}],"about":[{"href":"https:\/\/medicinasinc.com\/lt\/wp-json\/wp\/v2\/types\/product"}],"replies":[{"embeddable":true,"href":"https:\/\/medicinasinc.com\/lt\/wp-json\/wp\/v2\/comments?post=5018"}],"wp:featuredmedia":[{"embeddable":true,"href":"https:\/\/medicinasinc.com\/lt\/wp-json\/wp\/v2\/media\/5034"}],"wp:attachment":[{"href":"https:\/\/medicinasinc.com\/lt\/wp-json\/wp\/v2\/media?parent=5018"}],"wp:term":[{"taxonomy":"product_brand","embeddable":true,"href":"https:\/\/medicinasinc.com\/lt\/wp-json\/wp\/v2\/product_brand?post=5018"},{"taxonomy":"product_cat","embeddable":true,"href":"https:\/\/medicinasinc.com\/lt\/wp-json\/wp\/v2\/product_cat?post=5018"},{"taxonomy":"product_tag","embeddable":true,"href":"https:\/\/medicinasinc.com\/lt\/wp-json\/wp\/v2\/product_tag?post=5018"}],"curies":[{"name":"wp","href":"https:\/\/api.w.org\/{rel}","templated":true}]}}