{"id":4996,"date":"2022-02-20T18:53:00","date_gmt":"2022-02-20T18:53:00","guid":{"rendered":"https:\/\/medicinasinc.com\/lt\/?post_type=product&#038;p=4996"},"modified":"2022-03-20T12:27:47","modified_gmt":"2022-03-20T12:27:47","slug":"pirk-citrina-skunkas","status":"publish","type":"product","link":"https:\/\/medicinasinc.com\/lt\/product\/pirk-citrina-skunkas\/","title":{"rendered":"Pirkite Lemon Skunk"},"content":{"rendered":"<p>Lemon Skunk galima \u012fsigyti Chronic Post internetin\u0117je marihuanos ambulatorijoje.<\/p>\n<p>ChronicPost Lemon Skunk yra daugyb\u0119 apdovanojim\u0173 peln\u0119s Sativa hibridas, turintis citrinos skon\u012f ir iki 22 % THC. 2009 m. jis buvo \u012ftrauktas \u012f \u201eHigh Times\u201c de\u0161imties geriausi\u0173 padermi\u0173 reiting\u0105.<\/p>\n<p>Vidurkis \u201eLemon Skunk\u201c THC kiekis svyruoja nuo 14 iki 15% ir buvo i\u0161tirtas net 22% THC. \u017dinoma, kad jos auk\u0161tas stimuliuoja smegen\u0173 veikl\u0105, tod\u0117l atsiranda didesnis k\u016brybi\u0161kumas ir apgaubia vartotoj\u0105 d\u017eiaugsmingu ir energijos suteikian\u010diu \u0161urmuliu. Daugelis ap\u017evalginink\u0173 apib\u016bdino savo \u201eLemon Skunk\u201c kaip savistab\u0105, skatinan\u010di\u0105 mintis ir gerinan\u010di\u0105 i\u0161radingum\u0105. Po vienos ar dviej\u0173 valand\u0173 paderm\u0117s indica komponentai pradeda veikti, tod\u0117l vartotojas \u0161iek tiek pavargsta, nes smegen\u0173 poveikis i\u0161nyksta.<\/p>\n<p>Citrin\u0173 skunksas yra \u0161iek tiek auk\u0161tas ir produktyvus augalas, kuris yra b\u016btent tai, k\u0105 pavadinimas \u2013 stipriai citrusinio atspalvio Skunk variantas, turintis stipr\u0173 ir raminant\u012f poveik\u012f. Jai b\u016bdingi \u017ealsvi \u017eali pumpurai ir ry\u0161kios oran\u017ein\u0117s Skunk piestel\u0117s, tod\u0117l gaunamos \u0161altos, tankios, ieties formos kolos.<\/p>\n","protected":false},"excerpt":{"rendered":"<div class=\"woocommerce-product-details__short-description\">\n<p>Lemon Skunk sud\u0117tyje yra nedidelis kiekis THC ir labai ma\u017eai CBD. Su\u017einokite daugiau apie DNA Genetics Lemon Skunk ir \u012fsigykite Tokyo Smoke \u0161iandien.<\/p>\n<p>Lemon Skunk Weed parduodamas internetu. Lemon Kush yra \u201eMaster Kush\u201c ir \u201eLemon Joy\u201c mi\u0161inys, duodantis ma\u017e\u0105 ar vidutin\u012f derli\u0173. Rekomenduojamas \u017dIV\/AIDS, glaukoma, Parkinsono liga, nerimas ir l\u0117tin\u012f skausm\u0105 ken\u010diantiems pacientams<\/p>\n<p><strong>pumpur\u0173 dydis:\u00a0<\/strong>ma\u017eas<br \/> <strong>tekst\u016bra:\u00a0<\/p>\n<p> stiprus&gt;sausas<br \/> <strong>skoniai:\u00a0<\/strong>citrin\u0173 \/ citrusini\u0173 vaisi\u0173 \/ \u0161vie\u017ei\u0173<br \/> <strong>\u012fprastas naudojimas:<\/strong>\u00a0skausmas \/ apetitas \/ depresija<br \/> <strong><a href=\"https:\/\/www.bestglobalmeds.com\/product\/marijuana\/lemon-skunk\/\">THC<\/a>:<\/strong>\u00a022\u00a0%\u00a0 \u00a0<strong><a href=\"https:\/\/www.bestglobalmeds. com\/product\/marijuana\/lemon-skunk\/\">CBD<\/a>: &lt;<\/strong>1 %<\/p>\n<\/p><\/div>\n","protected":false},"featured_media":5013,"comment_status":"open","ping_status":"closed","template":"","meta":[],"product_brand":[],"product_cat":[778],"product_tag":[932,937,935,938,939,934,936,933],"class_list":{"0":"post-4996","1":"product","2":"type-product","3":"status-publish","4":"has-post-thumbnail","6":"product_cat-ol-pardavimui","7":"product_tag-best-lemon-skunk-seeds","8":"product_tag-citrina-skunk-indica-arba-sativa","9":"product_tag-citrina-skunk-cbd","10":"product_tag-citrina-skunkas-kaina","11":"product_tag-citrinos-skunko-skonio","12":"product_tag-citrinos-skunk-kaset","13":"product_tag-citrina-skunk-iltnamio-sklos-apvalga","14":"product_tag-citrina-skunkas-auto","16":"first","17":"instock","18":"shipping-taxable","19":"purchasable","20":"product-type-variable","21":"has-default-attributes"},"yoast_head":"<!-- This site is optimized with the Yoast SEO plugin v27.3 - https:\/\/yoast.com\/product\/yoast-seo-wordpress\/ -->\n<title>Pirkite citrin\u0173 skunk\u0105 \u2013 geriausius pasaulinius vaistus<\/title>\n<meta name=\"description\" content=\"Pirkite Lemon Skunk Weed internetu. Lemon Kush yra kry\u017eminis \u201eMaster Kush\u201c ir \u201eLemon Joy\u201c derlius, pasi\u017eymintis ma\u017eu ir vidutiniu derliumi. Rekomenduojama pacientams, sergantiems \u017dIV\/AIDS, glaukoma, Parkinsono liga, nerimu, l\u0117tiniu skausmu...\" \/>\n<meta name=\"robots\" content=\"index, follow, max-snippet:-1, max-image-preview:large, max-video-preview:-1\" \/>\n<link rel=\"canonical\" href=\"https:\/\/medicinasinc.com\/lt\/product\/pirk-citrina-skunkas\/\" \/>\n<meta property=\"og:locale\" content=\"en_US\" \/>\n<meta property=\"og:type\" content=\"article\" \/>\n<meta property=\"og:title\" content=\"Pirkite citrin\u0173 skunk\u0105 \u2013 geriausius pasaulinius vaistus\" \/>\n<meta property=\"og:description\" content=\"Pirkite Lemon Skunk Weed internetu. Lemon Kush yra kry\u017eminis \u201eMaster Kush\u201c ir \u201eLemon Joy\u201c derlius, pasi\u017eymintis ma\u017eu ir vidutiniu derliumi. Rekomenduojama pacientams, sergantiems \u017dIV\/AIDS, glaukoma, Parkinsono liga, nerimu, l\u0117tiniu skausmu...\" \/>\n<meta property=\"og:url\" content=\"https:\/\/medicinasinc.com\/lt\/product\/pirk-citrina-skunkas\/\" \/>\n<meta property=\"og:site_name\" content=\"Medicinas Inc\" \/>\n<meta property=\"article:modified_time\" content=\"2022-03-20T12:27:47+00:00\" \/>\n<meta property=\"og:image\" content=\"https:\/\/medicinasinc.com\/lt\/wp-content\/uploads\/sites\/9\/2022\/02\/Buy-Lemon-Skunk.jpg\" \/>\n\t<meta property=\"og:image:width\" content=\"2403\" \/>\n\t<meta property=\"og:image:height\" content=\"2403\" \/>\n\t<meta property=\"og:image:type\" content=\"image\/jpeg\" \/>\n<meta name=\"twitter:card\" content=\"summary_large_image\" \/>\n<meta name=\"twitter:label1\" content=\"Est. reading time\" \/>\n\t<meta name=\"twitter:data1\" content=\"1 minute\" \/>\n<script type=\"application\/ld+json\" class=\"yoast-schema-graph\">{\"@context\":\"https:\\\/\\\/schema.org\",\"@graph\":[{\"@type\":\"WebPage\",\"@id\":\"https:\\\/\\\/medicinasinc.com\\\/lt\\\/product\\\/pirk-citrina-skunkas\\\/\",\"url\":\"https:\\\/\\\/medicinasinc.com\\\/lt\\\/product\\\/pirk-citrina-skunkas\\\/\",\"name\":\"Pirkite citrin\u0173 skunk\u0105 \u2013 geriausius pasaulinius vaistus\",\"isPartOf\":{\"@id\":\"https:\\\/\\\/medicinasinc.com\\\/lt\\\/#website\"},\"primaryImageOfPage\":{\"@id\":\"https:\\\/\\\/medicinasinc.com\\\/lt\\\/product\\\/pirk-citrina-skunkas\\\/#primaryimage\"},\"image\":{\"@id\":\"https:\\\/\\\/medicinasinc.com\\\/lt\\\/product\\\/pirk-citrina-skunkas\\\/#primaryimage\"},\"thumbnailUrl\":\"https:\\\/\\\/medicinasinc.com\\\/lt\\\/wp-content\\\/uploads\\\/sites\\\/9\\\/2022\\\/02\\\/Buy-Lemon-Skunk.jpg\",\"datePublished\":\"2022-02-20T18:53:00+00:00\",\"dateModified\":\"2022-03-20T12:27:47+00:00\",\"description\":\"Pirkite Lemon Skunk Weed internetu. Lemon Kush yra kry\u017eminis \u201eMaster Kush\u201c ir \u201eLemon Joy\u201c derlius, pasi\u017eymintis ma\u017eu ir vidutiniu derliumi. Rekomenduojama pacientams, sergantiems \u017dIV\\\/AIDS, glaukoma, Parkinsono liga, nerimu, l\u0117tiniu skausmu...\",\"breadcrumb\":{\"@id\":\"https:\\\/\\\/medicinasinc.com\\\/lt\\\/product\\\/pirk-citrina-skunkas\\\/#breadcrumb\"},\"inLanguage\":\"en-US\",\"potentialAction\":[{\"@type\":\"ReadAction\",\"target\":[\"https:\\\/\\\/medicinasinc.com\\\/lt\\\/product\\\/pirk-citrina-skunkas\\\/\"]}]},{\"@type\":\"ImageObject\",\"inLanguage\":\"en-US\",\"@id\":\"https:\\\/\\\/medicinasinc.com\\\/lt\\\/product\\\/pirk-citrina-skunkas\\\/#primaryimage\",\"url\":\"https:\\\/\\\/medicinasinc.com\\\/lt\\\/wp-content\\\/uploads\\\/sites\\\/9\\\/2022\\\/02\\\/Buy-Lemon-Skunk.jpg\",\"contentUrl\":\"https:\\\/\\\/medicinasinc.com\\\/lt\\\/wp-content\\\/uploads\\\/sites\\\/9\\\/2022\\\/02\\\/Buy-Lemon-Skunk.jpg\",\"width\":2403,\"height\":2403},{\"@type\":\"BreadcrumbList\",\"@id\":\"https:\\\/\\\/medicinasinc.com\\\/lt\\\/product\\\/pirk-citrina-skunkas\\\/#breadcrumb\",\"itemListElement\":[{\"@type\":\"ListItem\",\"position\":1,\"name\":\"Parduotuv\u0117\",\"item\":\"https:\\\/\\\/medicinasinc.com\\\/lt\\\/parduotuve\\\/\"},{\"@type\":\"ListItem\",\"position\":2,\"name\":\"Pirkite Lemon Skunk\"}]},{\"@type\":\"WebSite\",\"@id\":\"https:\\\/\\\/medicinasinc.com\\\/lt\\\/#website\",\"url\":\"https:\\\/\\\/medicinasinc.com\\\/lt\\\/\",\"name\":\"Medicinas Inc\",\"description\":\"Sveikatos medicinos klinika\",\"potentialAction\":[{\"@type\":\"SearchAction\",\"target\":{\"@type\":\"EntryPoint\",\"urlTemplate\":\"https:\\\/\\\/medicinasinc.com\\\/lt\\\/?s={search_term_string}\"},\"query-input\":{\"@type\":\"PropertyValueSpecification\",\"valueRequired\":true,\"valueName\":\"search_term_string\"}}],\"inLanguage\":\"en-US\"}]}<\/script>\n<!-- \/ Yoast SEO plugin. -->","yoast_head_json":{"title":"Pirkite citrin\u0173 skunk\u0105 \u2013 geriausius pasaulinius vaistus","description":"Pirkite Lemon Skunk Weed internetu. Lemon Kush yra kry\u017eminis \u201eMaster Kush\u201c ir \u201eLemon Joy\u201c derlius, pasi\u017eymintis ma\u017eu ir vidutiniu derliumi. Rekomenduojama pacientams, sergantiems \u017dIV\/AIDS, glaukoma, Parkinsono liga, nerimu, l\u0117tiniu skausmu...","robots":{"index":"index","follow":"follow","max-snippet":"max-snippet:-1","max-image-preview":"max-image-preview:large","max-video-preview":"max-video-preview:-1"},"canonical":"https:\/\/medicinasinc.com\/lt\/product\/pirk-citrina-skunkas\/","og_locale":"en_US","og_type":"article","og_title":"Pirkite citrin\u0173 skunk\u0105 \u2013 geriausius pasaulinius vaistus","og_description":"Pirkite Lemon Skunk Weed internetu. Lemon Kush yra kry\u017eminis \u201eMaster Kush\u201c ir \u201eLemon Joy\u201c derlius, pasi\u017eymintis ma\u017eu ir vidutiniu derliumi. Rekomenduojama pacientams, sergantiems \u017dIV\/AIDS, glaukoma, Parkinsono liga, nerimu, l\u0117tiniu skausmu...","og_url":"https:\/\/medicinasinc.com\/lt\/product\/pirk-citrina-skunkas\/","og_site_name":"Medicinas Inc","article_modified_time":"2022-03-20T12:27:47+00:00","og_image":[{"width":2403,"height":2403,"url":"https:\/\/medicinasinc.com\/lt\/wp-content\/uploads\/sites\/9\/2022\/02\/Buy-Lemon-Skunk.jpg","type":"image\/jpeg"}],"twitter_card":"summary_large_image","twitter_misc":{"Est. reading time":"1 minute"},"schema":{"@context":"https:\/\/schema.org","@graph":[{"@type":"WebPage","@id":"https:\/\/medicinasinc.com\/lt\/product\/pirk-citrina-skunkas\/","url":"https:\/\/medicinasinc.com\/lt\/product\/pirk-citrina-skunkas\/","name":"Pirkite citrin\u0173 skunk\u0105 \u2013 geriausius pasaulinius vaistus","isPartOf":{"@id":"https:\/\/medicinasinc.com\/lt\/#website"},"primaryImageOfPage":{"@id":"https:\/\/medicinasinc.com\/lt\/product\/pirk-citrina-skunkas\/#primaryimage"},"image":{"@id":"https:\/\/medicinasinc.com\/lt\/product\/pirk-citrina-skunkas\/#primaryimage"},"thumbnailUrl":"https:\/\/medicinasinc.com\/lt\/wp-content\/uploads\/sites\/9\/2022\/02\/Buy-Lemon-Skunk.jpg","datePublished":"2022-02-20T18:53:00+00:00","dateModified":"2022-03-20T12:27:47+00:00","description":"Pirkite Lemon Skunk Weed internetu. Lemon Kush yra kry\u017eminis \u201eMaster Kush\u201c ir \u201eLemon Joy\u201c derlius, pasi\u017eymintis ma\u017eu ir vidutiniu derliumi. Rekomenduojama pacientams, sergantiems \u017dIV\/AIDS, glaukoma, Parkinsono liga, nerimu, l\u0117tiniu skausmu...","breadcrumb":{"@id":"https:\/\/medicinasinc.com\/lt\/product\/pirk-citrina-skunkas\/#breadcrumb"},"inLanguage":"en-US","potentialAction":[{"@type":"ReadAction","target":["https:\/\/medicinasinc.com\/lt\/product\/pirk-citrina-skunkas\/"]}]},{"@type":"ImageObject","inLanguage":"en-US","@id":"https:\/\/medicinasinc.com\/lt\/product\/pirk-citrina-skunkas\/#primaryimage","url":"https:\/\/medicinasinc.com\/lt\/wp-content\/uploads\/sites\/9\/2022\/02\/Buy-Lemon-Skunk.jpg","contentUrl":"https:\/\/medicinasinc.com\/lt\/wp-content\/uploads\/sites\/9\/2022\/02\/Buy-Lemon-Skunk.jpg","width":2403,"height":2403},{"@type":"BreadcrumbList","@id":"https:\/\/medicinasinc.com\/lt\/product\/pirk-citrina-skunkas\/#breadcrumb","itemListElement":[{"@type":"ListItem","position":1,"name":"Parduotuv\u0117","item":"https:\/\/medicinasinc.com\/lt\/parduotuve\/"},{"@type":"ListItem","position":2,"name":"Pirkite Lemon Skunk"}]},{"@type":"WebSite","@id":"https:\/\/medicinasinc.com\/lt\/#website","url":"https:\/\/medicinasinc.com\/lt\/","name":"Medicinas Inc","description":"Sveikatos medicinos klinika","potentialAction":[{"@type":"SearchAction","target":{"@type":"EntryPoint","urlTemplate":"https:\/\/medicinasinc.com\/lt\/?s={search_term_string}"},"query-input":{"@type":"PropertyValueSpecification","valueRequired":true,"valueName":"search_term_string"}}],"inLanguage":"en-US"}]}},"_links":{"self":[{"href":"https:\/\/medicinasinc.com\/lt\/wp-json\/wp\/v2\/product\/4996","targetHints":{"allow":["GET"]}}],"collection":[{"href":"https:\/\/medicinasinc.com\/lt\/wp-json\/wp\/v2\/product"}],"about":[{"href":"https:\/\/medicinasinc.com\/lt\/wp-json\/wp\/v2\/types\/product"}],"replies":[{"embeddable":true,"href":"https:\/\/medicinasinc.com\/lt\/wp-json\/wp\/v2\/comments?post=4996"}],"wp:featuredmedia":[{"embeddable":true,"href":"https:\/\/medicinasinc.com\/lt\/wp-json\/wp\/v2\/media\/5013"}],"wp:attachment":[{"href":"https:\/\/medicinasinc.com\/lt\/wp-json\/wp\/v2\/media?parent=4996"}],"wp:term":[{"taxonomy":"product_brand","embeddable":true,"href":"https:\/\/medicinasinc.com\/lt\/wp-json\/wp\/v2\/product_brand?post=4996"},{"taxonomy":"product_cat","embeddable":true,"href":"https:\/\/medicinasinc.com\/lt\/wp-json\/wp\/v2\/product_cat?post=4996"},{"taxonomy":"product_tag","embeddable":true,"href":"https:\/\/medicinasinc.com\/lt\/wp-json\/wp\/v2\/product_tag?post=4996"}],"curies":[{"name":"wp","href":"https:\/\/api.w.org\/{rel}","templated":true}]}}