{"id":4971,"date":"2022-02-20T18:31:57","date_gmt":"2022-02-20T18:31:57","guid":{"rendered":"https:\/\/medicinasinc.com\/lt\/?post_type=product&#038;p=4971"},"modified":"2022-03-20T12:28:07","modified_gmt":"2022-03-20T12:28:07","slug":"pirkti-khalifa-kush","status":"publish","type":"product","link":"https:\/\/medicinasinc.com\/lt\/product\/pirkti-khalifa-kush\/","title":{"rendered":"Pirkite Khalifa Kush"},"content":{"rendered":"<p>Khalifa Kush marihuanos pirkimas internetu.<\/p>\n<p>Khalifa Kush marihuanos pirkimas internetu.<\/p>\n<p>Smegenis skatinantys, k\u016brybingi, eufori\u0161ki ir atpalaiduojantys efektai<br \/> Gali pad\u0117ti palengvinti Artritas, l\u0117tinis skausmas, depresija, nuovargis, galvos skausmai, apetito praradimas, migrena, pykinimas, PTSD ir streso skoniai<br \/> citrin\u0173, citrusini\u0173 vaisi\u0173, pu\u0161\u0173 ir saldumyn\u0173<\/p>\n","protected":false},"excerpt":{"rendered":"<p>Khalifa Kush pirkimas internetu Khalifa Kush pardavimas internetu Populiariausios medicinos Khalifa kanap\u0117s, parduodamos mano kaimynyst\u0117je. \u012esigykite medicinin\u0117s marihuanos internetu internetu.<\/p>\n<p>K\u0105 tur\u0117tum\u0117te \u017einoti prie\u0161 perkant Wiz Khalifa OG? Wiz Khalifa OG, da\u017enai \u017einomas kaip Khalifa Kush, yra hibridin\u0117 kanapi\u0173 atmaina. Pirkite\u00a0internetu!<\/p>\n<p>Khalifa Kush skonis ir aromatas yra citrusini\u0173 vaisi\u0173 ir pu\u0161\u0173. Naudojant medicini\u0161kai, khalifa kush gali b\u016bti veiksmingas nuo nuovargio, \u012ftampos, nerimo ir depresijos, o didelis CBD kiekis puikiai tinka rimtesniems sutrikimams gydyti. Khalifa Kush THC koncentracija svyruoja nuo 15% iki 29%.<\/p>\n<p>OG Hybrid Genetics Citrina x \u017demi\u0161kas x Pu\u0161\u0173 Ku\u0161as Laim\u0117 \u00d7 Euforija x Atsipalaidavimas x K\u016brybi\u0161kumas x Pakyl\u0117jimas<\/p>\n<p>Khalifa pirkimas internetu Kush marihuana.<\/p>\n<p>Dominuojantis hibridas &#8211; 80 % Indica \/ 20 % Sativa THC: 24\u201326 %<\/p>\n","protected":false},"featured_media":4985,"comment_status":"open","ping_status":"closed","template":"","meta":[],"product_brand":[],"product_cat":[778],"product_tag":[],"class_list":{"0":"post-4971","1":"product","2":"type-product","3":"status-publish","4":"has-post-thumbnail","6":"product_cat-ol-pardavimui","8":"first","9":"instock","10":"shipping-taxable","11":"purchasable","12":"product-type-variable","13":"has-default-attributes"},"yoast_head":"<!-- This site is optimized with the Yoast SEO plugin v27.3 - https:\/\/yoast.com\/product\/yoast-seo-wordpress\/ -->\n<title>Pirkite Khalifa Kush marihuan\u0105 internetu \u2013 geriausi pasaulyje vaistai<\/title>\n<meta name=\"description\" content=\"Pirkite Khalifa Kush internetu Khalifa Kush pardavimui internetu Populiariausios medicinos Khalifa kanap\u0117s, parduodamos \u0161alia man\u0119s. Pirkite medicinines kanapes internetu Pirkite medicinin\u0119 marihuan\u0105 internetu.\" \/>\n<meta name=\"robots\" content=\"index, follow, max-snippet:-1, max-image-preview:large, max-video-preview:-1\" \/>\n<link rel=\"canonical\" href=\"https:\/\/medicinasinc.com\/lt\/product\/pirkti-khalifa-kush\/\" \/>\n<meta property=\"og:locale\" content=\"en_US\" \/>\n<meta property=\"og:type\" content=\"article\" \/>\n<meta property=\"og:title\" content=\"Pirkite Khalifa Kush marihuan\u0105 internetu \u2013 geriausi pasaulyje vaistai\" \/>\n<meta property=\"og:description\" content=\"Pirkite Khalifa Kush internetu Khalifa Kush pardavimui internetu Populiariausios medicinos Khalifa kanap\u0117s, parduodamos \u0161alia man\u0119s. Pirkite medicinines kanapes internetu Pirkite medicinin\u0119 marihuan\u0105 internetu.\" \/>\n<meta property=\"og:url\" content=\"https:\/\/medicinasinc.com\/lt\/product\/pirkti-khalifa-kush\/\" \/>\n<meta property=\"og:site_name\" content=\"Medicinas Inc\" \/>\n<meta property=\"article:modified_time\" content=\"2022-03-20T12:28:07+00:00\" \/>\n<meta property=\"og:image\" content=\"https:\/\/medicinasinc.com\/lt\/wp-content\/uploads\/sites\/9\/2022\/02\/Buy-Khalifa-Kush.jpeg\" \/>\n\t<meta property=\"og:image:width\" content=\"1141\" \/>\n\t<meta property=\"og:image:height\" content=\"1064\" \/>\n\t<meta property=\"og:image:type\" content=\"image\/jpeg\" \/>\n<meta name=\"twitter:card\" content=\"summary_large_image\" \/>\n<meta name=\"twitter:label1\" content=\"Est. reading time\" \/>\n\t<meta name=\"twitter:data1\" content=\"1 minute\" \/>\n<script type=\"application\/ld+json\" class=\"yoast-schema-graph\">{\"@context\":\"https:\\\/\\\/schema.org\",\"@graph\":[{\"@type\":\"WebPage\",\"@id\":\"https:\\\/\\\/medicinasinc.com\\\/lt\\\/product\\\/pirkti-khalifa-kush\\\/\",\"url\":\"https:\\\/\\\/medicinasinc.com\\\/lt\\\/product\\\/pirkti-khalifa-kush\\\/\",\"name\":\"Pirkite Khalifa Kush marihuan\u0105 internetu \u2013 geriausi pasaulyje vaistai\",\"isPartOf\":{\"@id\":\"https:\\\/\\\/medicinasinc.com\\\/lt\\\/#website\"},\"primaryImageOfPage\":{\"@id\":\"https:\\\/\\\/medicinasinc.com\\\/lt\\\/product\\\/pirkti-khalifa-kush\\\/#primaryimage\"},\"image\":{\"@id\":\"https:\\\/\\\/medicinasinc.com\\\/lt\\\/product\\\/pirkti-khalifa-kush\\\/#primaryimage\"},\"thumbnailUrl\":\"https:\\\/\\\/medicinasinc.com\\\/lt\\\/wp-content\\\/uploads\\\/sites\\\/9\\\/2022\\\/02\\\/Buy-Khalifa-Kush.jpeg\",\"datePublished\":\"2022-02-20T18:31:57+00:00\",\"dateModified\":\"2022-03-20T12:28:07+00:00\",\"description\":\"Pirkite Khalifa Kush internetu Khalifa Kush pardavimui internetu Populiariausios medicinos Khalifa kanap\u0117s, parduodamos \u0161alia man\u0119s. Pirkite medicinines kanapes internetu Pirkite medicinin\u0119 marihuan\u0105 internetu.\",\"breadcrumb\":{\"@id\":\"https:\\\/\\\/medicinasinc.com\\\/lt\\\/product\\\/pirkti-khalifa-kush\\\/#breadcrumb\"},\"inLanguage\":\"en-US\",\"potentialAction\":[{\"@type\":\"ReadAction\",\"target\":[\"https:\\\/\\\/medicinasinc.com\\\/lt\\\/product\\\/pirkti-khalifa-kush\\\/\"]}]},{\"@type\":\"ImageObject\",\"inLanguage\":\"en-US\",\"@id\":\"https:\\\/\\\/medicinasinc.com\\\/lt\\\/product\\\/pirkti-khalifa-kush\\\/#primaryimage\",\"url\":\"https:\\\/\\\/medicinasinc.com\\\/lt\\\/wp-content\\\/uploads\\\/sites\\\/9\\\/2022\\\/02\\\/Buy-Khalifa-Kush.jpeg\",\"contentUrl\":\"https:\\\/\\\/medicinasinc.com\\\/lt\\\/wp-content\\\/uploads\\\/sites\\\/9\\\/2022\\\/02\\\/Buy-Khalifa-Kush.jpeg\",\"width\":1141,\"height\":1064},{\"@type\":\"BreadcrumbList\",\"@id\":\"https:\\\/\\\/medicinasinc.com\\\/lt\\\/product\\\/pirkti-khalifa-kush\\\/#breadcrumb\",\"itemListElement\":[{\"@type\":\"ListItem\",\"position\":1,\"name\":\"Parduotuv\u0117\",\"item\":\"https:\\\/\\\/medicinasinc.com\\\/lt\\\/parduotuve\\\/\"},{\"@type\":\"ListItem\",\"position\":2,\"name\":\"Pirkite Khalifa Kush\"}]},{\"@type\":\"WebSite\",\"@id\":\"https:\\\/\\\/medicinasinc.com\\\/lt\\\/#website\",\"url\":\"https:\\\/\\\/medicinasinc.com\\\/lt\\\/\",\"name\":\"Medicinas Inc\",\"description\":\"Sveikatos medicinos klinika\",\"potentialAction\":[{\"@type\":\"SearchAction\",\"target\":{\"@type\":\"EntryPoint\",\"urlTemplate\":\"https:\\\/\\\/medicinasinc.com\\\/lt\\\/?s={search_term_string}\"},\"query-input\":{\"@type\":\"PropertyValueSpecification\",\"valueRequired\":true,\"valueName\":\"search_term_string\"}}],\"inLanguage\":\"en-US\"}]}<\/script>\n<!-- \/ Yoast SEO plugin. -->","yoast_head_json":{"title":"Pirkite Khalifa Kush marihuan\u0105 internetu \u2013 geriausi pasaulyje vaistai","description":"Pirkite Khalifa Kush internetu Khalifa Kush pardavimui internetu Populiariausios medicinos Khalifa kanap\u0117s, parduodamos \u0161alia man\u0119s. Pirkite medicinines kanapes internetu Pirkite medicinin\u0119 marihuan\u0105 internetu.","robots":{"index":"index","follow":"follow","max-snippet":"max-snippet:-1","max-image-preview":"max-image-preview:large","max-video-preview":"max-video-preview:-1"},"canonical":"https:\/\/medicinasinc.com\/lt\/product\/pirkti-khalifa-kush\/","og_locale":"en_US","og_type":"article","og_title":"Pirkite Khalifa Kush marihuan\u0105 internetu \u2013 geriausi pasaulyje vaistai","og_description":"Pirkite Khalifa Kush internetu Khalifa Kush pardavimui internetu Populiariausios medicinos Khalifa kanap\u0117s, parduodamos \u0161alia man\u0119s. Pirkite medicinines kanapes internetu Pirkite medicinin\u0119 marihuan\u0105 internetu.","og_url":"https:\/\/medicinasinc.com\/lt\/product\/pirkti-khalifa-kush\/","og_site_name":"Medicinas Inc","article_modified_time":"2022-03-20T12:28:07+00:00","og_image":[{"width":1141,"height":1064,"url":"https:\/\/medicinasinc.com\/lt\/wp-content\/uploads\/sites\/9\/2022\/02\/Buy-Khalifa-Kush.jpeg","type":"image\/jpeg"}],"twitter_card":"summary_large_image","twitter_misc":{"Est. reading time":"1 minute"},"schema":{"@context":"https:\/\/schema.org","@graph":[{"@type":"WebPage","@id":"https:\/\/medicinasinc.com\/lt\/product\/pirkti-khalifa-kush\/","url":"https:\/\/medicinasinc.com\/lt\/product\/pirkti-khalifa-kush\/","name":"Pirkite Khalifa Kush marihuan\u0105 internetu \u2013 geriausi pasaulyje vaistai","isPartOf":{"@id":"https:\/\/medicinasinc.com\/lt\/#website"},"primaryImageOfPage":{"@id":"https:\/\/medicinasinc.com\/lt\/product\/pirkti-khalifa-kush\/#primaryimage"},"image":{"@id":"https:\/\/medicinasinc.com\/lt\/product\/pirkti-khalifa-kush\/#primaryimage"},"thumbnailUrl":"https:\/\/medicinasinc.com\/lt\/wp-content\/uploads\/sites\/9\/2022\/02\/Buy-Khalifa-Kush.jpeg","datePublished":"2022-02-20T18:31:57+00:00","dateModified":"2022-03-20T12:28:07+00:00","description":"Pirkite Khalifa Kush internetu Khalifa Kush pardavimui internetu Populiariausios medicinos Khalifa kanap\u0117s, parduodamos \u0161alia man\u0119s. Pirkite medicinines kanapes internetu Pirkite medicinin\u0119 marihuan\u0105 internetu.","breadcrumb":{"@id":"https:\/\/medicinasinc.com\/lt\/product\/pirkti-khalifa-kush\/#breadcrumb"},"inLanguage":"en-US","potentialAction":[{"@type":"ReadAction","target":["https:\/\/medicinasinc.com\/lt\/product\/pirkti-khalifa-kush\/"]}]},{"@type":"ImageObject","inLanguage":"en-US","@id":"https:\/\/medicinasinc.com\/lt\/product\/pirkti-khalifa-kush\/#primaryimage","url":"https:\/\/medicinasinc.com\/lt\/wp-content\/uploads\/sites\/9\/2022\/02\/Buy-Khalifa-Kush.jpeg","contentUrl":"https:\/\/medicinasinc.com\/lt\/wp-content\/uploads\/sites\/9\/2022\/02\/Buy-Khalifa-Kush.jpeg","width":1141,"height":1064},{"@type":"BreadcrumbList","@id":"https:\/\/medicinasinc.com\/lt\/product\/pirkti-khalifa-kush\/#breadcrumb","itemListElement":[{"@type":"ListItem","position":1,"name":"Parduotuv\u0117","item":"https:\/\/medicinasinc.com\/lt\/parduotuve\/"},{"@type":"ListItem","position":2,"name":"Pirkite Khalifa Kush"}]},{"@type":"WebSite","@id":"https:\/\/medicinasinc.com\/lt\/#website","url":"https:\/\/medicinasinc.com\/lt\/","name":"Medicinas Inc","description":"Sveikatos medicinos klinika","potentialAction":[{"@type":"SearchAction","target":{"@type":"EntryPoint","urlTemplate":"https:\/\/medicinasinc.com\/lt\/?s={search_term_string}"},"query-input":{"@type":"PropertyValueSpecification","valueRequired":true,"valueName":"search_term_string"}}],"inLanguage":"en-US"}]}},"_links":{"self":[{"href":"https:\/\/medicinasinc.com\/lt\/wp-json\/wp\/v2\/product\/4971","targetHints":{"allow":["GET"]}}],"collection":[{"href":"https:\/\/medicinasinc.com\/lt\/wp-json\/wp\/v2\/product"}],"about":[{"href":"https:\/\/medicinasinc.com\/lt\/wp-json\/wp\/v2\/types\/product"}],"replies":[{"embeddable":true,"href":"https:\/\/medicinasinc.com\/lt\/wp-json\/wp\/v2\/comments?post=4971"}],"wp:featuredmedia":[{"embeddable":true,"href":"https:\/\/medicinasinc.com\/lt\/wp-json\/wp\/v2\/media\/4985"}],"wp:attachment":[{"href":"https:\/\/medicinasinc.com\/lt\/wp-json\/wp\/v2\/media?parent=4971"}],"wp:term":[{"taxonomy":"product_brand","embeddable":true,"href":"https:\/\/medicinasinc.com\/lt\/wp-json\/wp\/v2\/product_brand?post=4971"},{"taxonomy":"product_cat","embeddable":true,"href":"https:\/\/medicinasinc.com\/lt\/wp-json\/wp\/v2\/product_cat?post=4971"},{"taxonomy":"product_tag","embeddable":true,"href":"https:\/\/medicinasinc.com\/lt\/wp-json\/wp\/v2\/product_tag?post=4971"}],"curies":[{"name":"wp","href":"https:\/\/api.w.org\/{rel}","templated":true}]}}