{"id":4970,"date":"2022-02-20T18:30:09","date_gmt":"2022-02-20T18:30:09","guid":{"rendered":"https:\/\/medicinasinc.com\/lt\/?post_type=product&#038;p=4970"},"modified":"2022-03-20T12:28:17","modified_gmt":"2022-03-20T12:28:17","slug":"pirk-jezus-ir-zole","status":"publish","type":"product","link":"https:\/\/medicinasinc.com\/lt\/product\/pirk-jezus-ir-zole\/","title":{"rendered":"Pirkite Jesus OG Weed"},"content":{"rendered":"<p>Jesus OG marihuanos \u0161tam\u0105 galima \u012fsigyti internetu. Jesus OG yra \u201eSativa Dominant Hybrid\u201c \u2013 80 procent\u0173 \u201eSativa\u201c. Sativa \/ 20 % Indica THC: 21 % &#8211; 25 %<\/p>\n<p>Energij\u0105 suteikiantis, eufori\u0161kas, susikaup\u0119s, laimingas ir pakyl\u0117jantis poveikis gali palengvinti ADD\/ADHD, bipolin\u012f sutrikim\u0105, l\u0117tin\u012f skausm\u0105, depresij\u0105, nuovarg\u012f, galvos skausm\u0105, migren\u0105, Pykinimas, PTSD ir streso skoniai<br \/> Citrin\u0173, pu\u0161\u0173 spygli\u0173, sald\u016bs ir a\u0161tr\u016bs<br \/> Aromatai<br \/> Citrininiai, a\u0161tr\u016bs ir sald\u016bs<\/p>\n","protected":false},"excerpt":{"rendered":"<p>Pirkite Jesus OG Marihuana Strain internetu. Jesus og marihuanos atmaina yra Sativa Dominant Hybrid &#8211; 80 % Sativa \/ 20 % Indica THC: 21 % \u2013 25 %<\/p>\n","protected":false},"featured_media":4983,"comment_status":"open","ping_status":"closed","template":"","meta":[],"product_brand":[],"product_cat":[778],"product_tag":[911,912,908,909,910,885,887,888,890,891,893,894,455,896,897,898,902,903,904,905,906,907,913,914,614,886,917,918,916,919,915,626,892,477,470,889,895,459,473,900,901,899,921,920,922,923],"class_list":{"0":"post-4970","1":"product","2":"type-product","3":"status-publish","4":"has-post-thumbnail","6":"product_cat-ol-pardavimui","7":"product_tag-ambulatorija-near-mans-atidara-vlai","8":"product_tag-ambulatorija-near-me-rekreacin","9":"product_tag-ambulatorijos-netoli-mans-dabar-atidarytos","10":"product_tag-ambulatorijos-kurioms-alia-mans-nereikia-medicinins-kortels","11":"product_tag-ambulatorijos-kad-laivas-ivalstybinis","12":"product_tag-best-marijuana-strains","13":"product_tag-bipolar-disorder","14":"product_tag-blue-dream-marihuana-tamas","15":"product_tag-buy-ahoe-hydro-og-indica","16":"product_tag-buy-gelato-marijuana-online","17":"product_tag-buy-jesus-og-marijuana-strain-online","18":"product_tag-buy-khalifa-kush-marijuana","19":"product_tag-buy-marijuana-online","20":"product_tag-buy-medical-cannabis-oil-online","21":"product_tag-buy-my-weed-online-review","22":"product_tag-buy-presidential-kush-strain","23":"product_tag-buy-weed-online-buy-marijuana-online","24":"product_tag-buy-weed-onlne-uk","25":"product_tag-charlottes-web-cannabis-strain","26":"product_tag-chronic-pain","27":"product_tag-dawg-cookies-indica-tamas","28":"product_tag-depresija","29":"product_tag-ambulatorijos-piktoli-paderms","30":"product_tag-edibles-online-no-medical-card","31":"product_tag-geriausias-internetinis-dispanseris","32":"product_tag-geriausias-internetinis-dispanseris-kanada","33":"product_tag-jesus-og-seeds","34":"product_tag-jesus-og-strain","35":"product_tag-jesus-og-feminized-seeds","36":"product_tag-lemon-og-autoflower","37":"product_tag-nuovargis","38":"product_tag-pirk-legal-weed-internetu","39":"product_tag-pirkti-nelegali-piktol-internetu","40":"product_tag-pirkimas-picksols-internetu","41":"product_tag-pirkti-oles-internetu","42":"product_tag-pirk-tzas-udikas-ir-marihuana","43":"product_tag-pirkite-marihuan-internetu-be-medicinins-kortels","44":"product_tag-pirkite-marihuan-internetu-jav","45":"product_tag-pirk-piktol-internetu-europe","46":"product_tag-pirkti-rekreacinis-pikt-c5-beol-c4-97s-internetas","47":"product_tag-pirk-skunk-online-uk","48":"product_tag-pirkti-tikr-ol-internetu","49":"product_tag-platinos-ir-ku-sklos","50":"product_tag-pacific-seed-bank-autoflower","51":"product_tag-tga-subcool-jesus-og","52":"product_tag-yoda-og-veisjas","54":"first","55":"instock","56":"shipping-taxable","57":"purchasable","58":"product-type-variable","59":"has-default-attributes"},"yoast_head":"<!-- This site is optimized with the Yoast SEO plugin v27.3 - https:\/\/yoast.com\/product\/yoast-seo-wordpress\/ -->\n<title>Pirkite Jesus OG Weed marihuanos \u0161tam\u0105 \u2013 geriausius pasaulinius vaistus<\/title>\n<meta name=\"description\" content=\"Pirkite Jesus OG marihuanos \u0161tam\u0105 internetu. Jesus og marihuanos atmaina yra Sativa Dominant Hybrid - 80% Sativa \/ 20% Indica THC: 21% - 25%\" \/>\n<meta name=\"robots\" content=\"index, follow, max-snippet:-1, max-image-preview:large, max-video-preview:-1\" \/>\n<link rel=\"canonical\" href=\"https:\/\/medicinasinc.com\/lt\/product\/pirk-jezus-ir-zole\/\" \/>\n<meta property=\"og:locale\" content=\"en_US\" \/>\n<meta property=\"og:type\" content=\"article\" \/>\n<meta property=\"og:title\" content=\"Pirkite Jesus OG Weed marihuanos \u0161tam\u0105 \u2013 geriausius pasaulinius vaistus\" \/>\n<meta property=\"og:description\" content=\"Pirkite Jesus OG marihuanos \u0161tam\u0105 internetu. Jesus og marihuanos atmaina yra Sativa Dominant Hybrid - 80% Sativa \/ 20% Indica THC: 21% - 25%\" \/>\n<meta property=\"og:url\" content=\"https:\/\/medicinasinc.com\/lt\/product\/pirk-jezus-ir-zole\/\" \/>\n<meta property=\"og:site_name\" content=\"Medicinas Inc\" \/>\n<meta property=\"article:modified_time\" content=\"2022-03-20T12:28:17+00:00\" \/>\n<meta property=\"og:image\" content=\"https:\/\/medicinasinc.com\/lt\/wp-content\/uploads\/sites\/9\/2022\/02\/buy-Jesus-OG.png\" \/>\n\t<meta property=\"og:image:width\" content=\"600\" \/>\n\t<meta property=\"og:image:height\" content=\"600\" \/>\n\t<meta property=\"og:image:type\" content=\"image\/png\" \/>\n<meta name=\"twitter:card\" content=\"summary_large_image\" \/>\n<meta name=\"twitter:label1\" content=\"Est. reading time\" \/>\n\t<meta name=\"twitter:data1\" content=\"1 minute\" \/>\n<script type=\"application\/ld+json\" class=\"yoast-schema-graph\">{\"@context\":\"https:\\\/\\\/schema.org\",\"@graph\":[{\"@type\":\"WebPage\",\"@id\":\"https:\\\/\\\/medicinasinc.com\\\/lt\\\/product\\\/pirk-jezus-ir-zole\\\/\",\"url\":\"https:\\\/\\\/medicinasinc.com\\\/lt\\\/product\\\/pirk-jezus-ir-zole\\\/\",\"name\":\"Pirkite Jesus OG Weed marihuanos \u0161tam\u0105 \u2013 geriausius pasaulinius vaistus\",\"isPartOf\":{\"@id\":\"https:\\\/\\\/medicinasinc.com\\\/lt\\\/#website\"},\"primaryImageOfPage\":{\"@id\":\"https:\\\/\\\/medicinasinc.com\\\/lt\\\/product\\\/pirk-jezus-ir-zole\\\/#primaryimage\"},\"image\":{\"@id\":\"https:\\\/\\\/medicinasinc.com\\\/lt\\\/product\\\/pirk-jezus-ir-zole\\\/#primaryimage\"},\"thumbnailUrl\":\"https:\\\/\\\/medicinasinc.com\\\/lt\\\/wp-content\\\/uploads\\\/sites\\\/9\\\/2022\\\/02\\\/buy-Jesus-OG.png\",\"datePublished\":\"2022-02-20T18:30:09+00:00\",\"dateModified\":\"2022-03-20T12:28:17+00:00\",\"description\":\"Pirkite Jesus OG marihuanos \u0161tam\u0105 internetu. Jesus og marihuanos atmaina yra Sativa Dominant Hybrid - 80% Sativa \\\/ 20% Indica THC: 21% - 25%\",\"breadcrumb\":{\"@id\":\"https:\\\/\\\/medicinasinc.com\\\/lt\\\/product\\\/pirk-jezus-ir-zole\\\/#breadcrumb\"},\"inLanguage\":\"en-US\",\"potentialAction\":[{\"@type\":\"ReadAction\",\"target\":[\"https:\\\/\\\/medicinasinc.com\\\/lt\\\/product\\\/pirk-jezus-ir-zole\\\/\"]}]},{\"@type\":\"ImageObject\",\"inLanguage\":\"en-US\",\"@id\":\"https:\\\/\\\/medicinasinc.com\\\/lt\\\/product\\\/pirk-jezus-ir-zole\\\/#primaryimage\",\"url\":\"https:\\\/\\\/medicinasinc.com\\\/lt\\\/wp-content\\\/uploads\\\/sites\\\/9\\\/2022\\\/02\\\/buy-Jesus-OG.png\",\"contentUrl\":\"https:\\\/\\\/medicinasinc.com\\\/lt\\\/wp-content\\\/uploads\\\/sites\\\/9\\\/2022\\\/02\\\/buy-Jesus-OG.png\",\"width\":600,\"height\":600},{\"@type\":\"BreadcrumbList\",\"@id\":\"https:\\\/\\\/medicinasinc.com\\\/lt\\\/product\\\/pirk-jezus-ir-zole\\\/#breadcrumb\",\"itemListElement\":[{\"@type\":\"ListItem\",\"position\":1,\"name\":\"Parduotuv\u0117\",\"item\":\"https:\\\/\\\/medicinasinc.com\\\/lt\\\/parduotuve\\\/\"},{\"@type\":\"ListItem\",\"position\":2,\"name\":\"Pirkite Jesus OG Weed\"}]},{\"@type\":\"WebSite\",\"@id\":\"https:\\\/\\\/medicinasinc.com\\\/lt\\\/#website\",\"url\":\"https:\\\/\\\/medicinasinc.com\\\/lt\\\/\",\"name\":\"Medicinas Inc\",\"description\":\"Sveikatos medicinos klinika\",\"potentialAction\":[{\"@type\":\"SearchAction\",\"target\":{\"@type\":\"EntryPoint\",\"urlTemplate\":\"https:\\\/\\\/medicinasinc.com\\\/lt\\\/?s={search_term_string}\"},\"query-input\":{\"@type\":\"PropertyValueSpecification\",\"valueRequired\":true,\"valueName\":\"search_term_string\"}}],\"inLanguage\":\"en-US\"}]}<\/script>\n<!-- \/ Yoast SEO plugin. -->","yoast_head_json":{"title":"Pirkite Jesus OG Weed marihuanos \u0161tam\u0105 \u2013 geriausius pasaulinius vaistus","description":"Pirkite Jesus OG marihuanos \u0161tam\u0105 internetu. Jesus og marihuanos atmaina yra Sativa Dominant Hybrid - 80% Sativa \/ 20% Indica THC: 21% - 25%","robots":{"index":"index","follow":"follow","max-snippet":"max-snippet:-1","max-image-preview":"max-image-preview:large","max-video-preview":"max-video-preview:-1"},"canonical":"https:\/\/medicinasinc.com\/lt\/product\/pirk-jezus-ir-zole\/","og_locale":"en_US","og_type":"article","og_title":"Pirkite Jesus OG Weed marihuanos \u0161tam\u0105 \u2013 geriausius pasaulinius vaistus","og_description":"Pirkite Jesus OG marihuanos \u0161tam\u0105 internetu. Jesus og marihuanos atmaina yra Sativa Dominant Hybrid - 80% Sativa \/ 20% Indica THC: 21% - 25%","og_url":"https:\/\/medicinasinc.com\/lt\/product\/pirk-jezus-ir-zole\/","og_site_name":"Medicinas Inc","article_modified_time":"2022-03-20T12:28:17+00:00","og_image":[{"width":600,"height":600,"url":"https:\/\/medicinasinc.com\/lt\/wp-content\/uploads\/sites\/9\/2022\/02\/buy-Jesus-OG.png","type":"image\/png"}],"twitter_card":"summary_large_image","twitter_misc":{"Est. reading time":"1 minute"},"schema":{"@context":"https:\/\/schema.org","@graph":[{"@type":"WebPage","@id":"https:\/\/medicinasinc.com\/lt\/product\/pirk-jezus-ir-zole\/","url":"https:\/\/medicinasinc.com\/lt\/product\/pirk-jezus-ir-zole\/","name":"Pirkite Jesus OG Weed marihuanos \u0161tam\u0105 \u2013 geriausius pasaulinius vaistus","isPartOf":{"@id":"https:\/\/medicinasinc.com\/lt\/#website"},"primaryImageOfPage":{"@id":"https:\/\/medicinasinc.com\/lt\/product\/pirk-jezus-ir-zole\/#primaryimage"},"image":{"@id":"https:\/\/medicinasinc.com\/lt\/product\/pirk-jezus-ir-zole\/#primaryimage"},"thumbnailUrl":"https:\/\/medicinasinc.com\/lt\/wp-content\/uploads\/sites\/9\/2022\/02\/buy-Jesus-OG.png","datePublished":"2022-02-20T18:30:09+00:00","dateModified":"2022-03-20T12:28:17+00:00","description":"Pirkite Jesus OG marihuanos \u0161tam\u0105 internetu. Jesus og marihuanos atmaina yra Sativa Dominant Hybrid - 80% Sativa \/ 20% Indica THC: 21% - 25%","breadcrumb":{"@id":"https:\/\/medicinasinc.com\/lt\/product\/pirk-jezus-ir-zole\/#breadcrumb"},"inLanguage":"en-US","potentialAction":[{"@type":"ReadAction","target":["https:\/\/medicinasinc.com\/lt\/product\/pirk-jezus-ir-zole\/"]}]},{"@type":"ImageObject","inLanguage":"en-US","@id":"https:\/\/medicinasinc.com\/lt\/product\/pirk-jezus-ir-zole\/#primaryimage","url":"https:\/\/medicinasinc.com\/lt\/wp-content\/uploads\/sites\/9\/2022\/02\/buy-Jesus-OG.png","contentUrl":"https:\/\/medicinasinc.com\/lt\/wp-content\/uploads\/sites\/9\/2022\/02\/buy-Jesus-OG.png","width":600,"height":600},{"@type":"BreadcrumbList","@id":"https:\/\/medicinasinc.com\/lt\/product\/pirk-jezus-ir-zole\/#breadcrumb","itemListElement":[{"@type":"ListItem","position":1,"name":"Parduotuv\u0117","item":"https:\/\/medicinasinc.com\/lt\/parduotuve\/"},{"@type":"ListItem","position":2,"name":"Pirkite Jesus OG Weed"}]},{"@type":"WebSite","@id":"https:\/\/medicinasinc.com\/lt\/#website","url":"https:\/\/medicinasinc.com\/lt\/","name":"Medicinas Inc","description":"Sveikatos medicinos klinika","potentialAction":[{"@type":"SearchAction","target":{"@type":"EntryPoint","urlTemplate":"https:\/\/medicinasinc.com\/lt\/?s={search_term_string}"},"query-input":{"@type":"PropertyValueSpecification","valueRequired":true,"valueName":"search_term_string"}}],"inLanguage":"en-US"}]}},"_links":{"self":[{"href":"https:\/\/medicinasinc.com\/lt\/wp-json\/wp\/v2\/product\/4970","targetHints":{"allow":["GET"]}}],"collection":[{"href":"https:\/\/medicinasinc.com\/lt\/wp-json\/wp\/v2\/product"}],"about":[{"href":"https:\/\/medicinasinc.com\/lt\/wp-json\/wp\/v2\/types\/product"}],"replies":[{"embeddable":true,"href":"https:\/\/medicinasinc.com\/lt\/wp-json\/wp\/v2\/comments?post=4970"}],"wp:featuredmedia":[{"embeddable":true,"href":"https:\/\/medicinasinc.com\/lt\/wp-json\/wp\/v2\/media\/4983"}],"wp:attachment":[{"href":"https:\/\/medicinasinc.com\/lt\/wp-json\/wp\/v2\/media?parent=4970"}],"wp:term":[{"taxonomy":"product_brand","embeddable":true,"href":"https:\/\/medicinasinc.com\/lt\/wp-json\/wp\/v2\/product_brand?post=4970"},{"taxonomy":"product_cat","embeddable":true,"href":"https:\/\/medicinasinc.com\/lt\/wp-json\/wp\/v2\/product_cat?post=4970"},{"taxonomy":"product_tag","embeddable":true,"href":"https:\/\/medicinasinc.com\/lt\/wp-json\/wp\/v2\/product_tag?post=4970"}],"curies":[{"name":"wp","href":"https:\/\/api.w.org\/{rel}","templated":true}]}}