{"id":4968,"date":"2022-02-20T18:28:25","date_gmt":"2022-02-20T18:28:25","guid":{"rendered":"https:\/\/medicinasinc.com\/lt\/?post_type=product&#038;p=4968"},"modified":"2022-03-20T12:28:30","modified_gmt":"2022-03-20T12:28:30","slug":"pirk-begaline-euforija-marihuana","status":"publish","type":"product","link":"https:\/\/medicinasinc.com\/lt\/product\/pirk-begaline-euforija-marihuana\/","title":{"rendered":"Pirkite Infinite Euphoria marihuan\u0105"},"content":{"rendered":"<p>Pirkite Marihuan\u0105 Infinite Euphoria internetu.<\/p>\n<p>Pirkite Marihuan\u0105 Infinite Euphoria internetu.<\/p>\n<p>Energij\u0105 suteikiantis, eufori\u0161kas, laimingas, ilgalaikis, pakyl\u0117jantis poveikis gali suma\u017einti nerim\u0105, depresij\u0105, nuovarg\u012f, nuotaikos svyravimus, ir streso skoniai<br \/> Citrusiniai vaisiai, pu\u0161\u0173 spygliai, skoningi ir sald\u016bs<\/p>\n","protected":false},"excerpt":{"rendered":"<p>Pirkite Infinite Euphoria Marihuana internetu. Pirkite Infinite Euphoria Marihuana Hybrid &#8211; 50 % Sativa\/50 % Indica THC: 23 % &#8211; 29 %<\/p>\n","protected":false},"featured_media":4981,"comment_status":"open","ping_status":"closed","template":"","meta":[],"product_brand":[],"product_cat":[778],"product_tag":[852,853,854,855,856,857,455,860,866,865,878,879,876,877,863,867,868,869,871,872,873,874,864,880,870,858,882,883,859,861,862,875,881,884],"class_list":{"0":"post-4968","1":"product","2":"type-product","3":"status-publish","4":"has-post-thumbnail","6":"product_cat-ol-pardavimui","7":"product_tag-100-sativa-tam","8":"product_tag-ak47-marihuana-grade-aa-sativa","9":"product_tag-australia-weed-pardavimui-internete","10":"product_tag-best-sativa-strains-2020","11":"product_tag-best-sativa-strains-cartridge","12":"product_tag-best-sativa-strains-for-energy-2020","13":"product_tag-buy-marijuana-online","14":"product_tag-buy-weed-online-legit","15":"product_tag-derlingiausios-sativa-paderms","16":"product_tag-egzotikos-atmainos-2020-m","17":"product_tag-usa-kanapi-aliejus","18":"product_tag-usa-marihuana-parduodama-internetu","19":"product_tag-uk-ol-parduodama-internete","20":"product_tag-uk-weed-for-sell-internetu","21":"product_tag-kanapi-aliejus-kanapi-cbd-aliejus","22":"product_tag-khalifa-kush-a-grade-hibrid","23":"product_tag-legal-weed-for-sale-online","24":"product_tag-marihuana-parduodama-kalifornijoje","25":"product_tag-marijuana-marijuana-for-sale","26":"product_tag-medicinin-marihuana-parduodama-internete","27":"product_tag-nyc-weed-parduodama-internetu","28":"product_tag-outdoor-sativa-strains","29":"product_tag-denverio-piktols-pardavimas-jav","30":"product_tag-usa-weed-parduodamas","31":"product_tag-parduodama-marihuana-kolorado-valstijoje","32":"product_tag-pirkti-ol-internetu-pigiai","33":"product_tag-ol-pardavimui-internetu","34":"product_tag-weed-for-sale-on-line-kanadoje","35":"product_tag-pirkti-piktoli-internetu-koloradas","36":"product_tag-pirkti-weed-online-nyc","37":"product_tag-pirk-weed-online-reddit","38":"product_tag-retosios-sativa-paderms","39":"product_tag-ol-parduodu-netoli-mans","40":"product_tag-ol-internete-weed-internete-parduodama","42":"first","43":"instock","44":"shipping-taxable","45":"purchasable","46":"product-type-variable","47":"has-default-attributes"},"yoast_head":"<!-- This site is optimized with the Yoast SEO plugin v27.3 - https:\/\/yoast.com\/product\/yoast-seo-wordpress\/ -->\n<title>Pirkite begalin\u0119 euforij\u0105 marihuan\u0105 \u2013 geriausius pasaulinius vaistus<\/title>\n<meta name=\"description\" content=\"Pirkite \u201eInfinite Euphoria Marihuana\u201c pardavimui internetu. Pirkite Infinite Euphoria Marihuana Hybrid \u2013 50 % Sativa \/ 50 % Indica THC: 23 % \u2013 29 %\" \/>\n<meta name=\"robots\" content=\"index, follow, max-snippet:-1, max-image-preview:large, max-video-preview:-1\" \/>\n<link rel=\"canonical\" href=\"https:\/\/medicinasinc.com\/lt\/product\/pirk-begaline-euforija-marihuana\/\" \/>\n<meta property=\"og:locale\" content=\"en_US\" \/>\n<meta property=\"og:type\" content=\"article\" \/>\n<meta property=\"og:title\" content=\"Pirkite begalin\u0119 euforij\u0105 marihuan\u0105 \u2013 geriausius pasaulinius vaistus\" \/>\n<meta property=\"og:description\" content=\"Pirkite \u201eInfinite Euphoria Marihuana\u201c pardavimui internetu. Pirkite Infinite Euphoria Marihuana Hybrid \u2013 50 % Sativa \/ 50 % Indica THC: 23 % \u2013 29 %\" \/>\n<meta property=\"og:url\" content=\"https:\/\/medicinasinc.com\/lt\/product\/pirk-begaline-euforija-marihuana\/\" \/>\n<meta property=\"og:site_name\" content=\"Medicinas Inc\" \/>\n<meta property=\"article:modified_time\" content=\"2022-03-20T12:28:30+00:00\" \/>\n<meta property=\"og:image\" content=\"https:\/\/medicinasinc.com\/lt\/wp-content\/uploads\/sites\/9\/2022\/02\/Buy-Infinite-Euphoria-Marijuana.jpg\" \/>\n\t<meta property=\"og:image:width\" content=\"225\" \/>\n\t<meta property=\"og:image:height\" content=\"225\" \/>\n\t<meta property=\"og:image:type\" content=\"image\/jpeg\" \/>\n<meta name=\"twitter:card\" content=\"summary_large_image\" \/>\n<meta name=\"twitter:label1\" content=\"Est. reading time\" \/>\n\t<meta name=\"twitter:data1\" content=\"1 minute\" \/>\n<script type=\"application\/ld+json\" class=\"yoast-schema-graph\">{\"@context\":\"https:\\\/\\\/schema.org\",\"@graph\":[{\"@type\":\"WebPage\",\"@id\":\"https:\\\/\\\/medicinasinc.com\\\/lt\\\/product\\\/pirk-begaline-euforija-marihuana\\\/\",\"url\":\"https:\\\/\\\/medicinasinc.com\\\/lt\\\/product\\\/pirk-begaline-euforija-marihuana\\\/\",\"name\":\"Pirkite begalin\u0119 euforij\u0105 marihuan\u0105 \u2013 geriausius pasaulinius vaistus\",\"isPartOf\":{\"@id\":\"https:\\\/\\\/medicinasinc.com\\\/lt\\\/#website\"},\"primaryImageOfPage\":{\"@id\":\"https:\\\/\\\/medicinasinc.com\\\/lt\\\/product\\\/pirk-begaline-euforija-marihuana\\\/#primaryimage\"},\"image\":{\"@id\":\"https:\\\/\\\/medicinasinc.com\\\/lt\\\/product\\\/pirk-begaline-euforija-marihuana\\\/#primaryimage\"},\"thumbnailUrl\":\"https:\\\/\\\/medicinasinc.com\\\/lt\\\/wp-content\\\/uploads\\\/sites\\\/9\\\/2022\\\/02\\\/Buy-Infinite-Euphoria-Marijuana.jpg\",\"datePublished\":\"2022-02-20T18:28:25+00:00\",\"dateModified\":\"2022-03-20T12:28:30+00:00\",\"description\":\"Pirkite \u201eInfinite Euphoria Marihuana\u201c pardavimui internetu. Pirkite Infinite Euphoria Marihuana Hybrid \u2013 50 % Sativa \\\/ 50 % Indica THC: 23 % \u2013 29 %\",\"breadcrumb\":{\"@id\":\"https:\\\/\\\/medicinasinc.com\\\/lt\\\/product\\\/pirk-begaline-euforija-marihuana\\\/#breadcrumb\"},\"inLanguage\":\"en-US\",\"potentialAction\":[{\"@type\":\"ReadAction\",\"target\":[\"https:\\\/\\\/medicinasinc.com\\\/lt\\\/product\\\/pirk-begaline-euforija-marihuana\\\/\"]}]},{\"@type\":\"ImageObject\",\"inLanguage\":\"en-US\",\"@id\":\"https:\\\/\\\/medicinasinc.com\\\/lt\\\/product\\\/pirk-begaline-euforija-marihuana\\\/#primaryimage\",\"url\":\"https:\\\/\\\/medicinasinc.com\\\/lt\\\/wp-content\\\/uploads\\\/sites\\\/9\\\/2022\\\/02\\\/Buy-Infinite-Euphoria-Marijuana.jpg\",\"contentUrl\":\"https:\\\/\\\/medicinasinc.com\\\/lt\\\/wp-content\\\/uploads\\\/sites\\\/9\\\/2022\\\/02\\\/Buy-Infinite-Euphoria-Marijuana.jpg\",\"width\":225,\"height\":225},{\"@type\":\"BreadcrumbList\",\"@id\":\"https:\\\/\\\/medicinasinc.com\\\/lt\\\/product\\\/pirk-begaline-euforija-marihuana\\\/#breadcrumb\",\"itemListElement\":[{\"@type\":\"ListItem\",\"position\":1,\"name\":\"Parduotuv\u0117\",\"item\":\"https:\\\/\\\/medicinasinc.com\\\/lt\\\/parduotuve\\\/\"},{\"@type\":\"ListItem\",\"position\":2,\"name\":\"Pirkite Infinite Euphoria marihuan\u0105\"}]},{\"@type\":\"WebSite\",\"@id\":\"https:\\\/\\\/medicinasinc.com\\\/lt\\\/#website\",\"url\":\"https:\\\/\\\/medicinasinc.com\\\/lt\\\/\",\"name\":\"Medicinas Inc\",\"description\":\"Sveikatos medicinos klinika\",\"potentialAction\":[{\"@type\":\"SearchAction\",\"target\":{\"@type\":\"EntryPoint\",\"urlTemplate\":\"https:\\\/\\\/medicinasinc.com\\\/lt\\\/?s={search_term_string}\"},\"query-input\":{\"@type\":\"PropertyValueSpecification\",\"valueRequired\":true,\"valueName\":\"search_term_string\"}}],\"inLanguage\":\"en-US\"}]}<\/script>\n<!-- \/ Yoast SEO plugin. -->","yoast_head_json":{"title":"Pirkite begalin\u0119 euforij\u0105 marihuan\u0105 \u2013 geriausius pasaulinius vaistus","description":"Pirkite \u201eInfinite Euphoria Marihuana\u201c pardavimui internetu. Pirkite Infinite Euphoria Marihuana Hybrid \u2013 50 % Sativa \/ 50 % Indica THC: 23 % \u2013 29 %","robots":{"index":"index","follow":"follow","max-snippet":"max-snippet:-1","max-image-preview":"max-image-preview:large","max-video-preview":"max-video-preview:-1"},"canonical":"https:\/\/medicinasinc.com\/lt\/product\/pirk-begaline-euforija-marihuana\/","og_locale":"en_US","og_type":"article","og_title":"Pirkite begalin\u0119 euforij\u0105 marihuan\u0105 \u2013 geriausius pasaulinius vaistus","og_description":"Pirkite \u201eInfinite Euphoria Marihuana\u201c pardavimui internetu. Pirkite Infinite Euphoria Marihuana Hybrid \u2013 50 % Sativa \/ 50 % Indica THC: 23 % \u2013 29 %","og_url":"https:\/\/medicinasinc.com\/lt\/product\/pirk-begaline-euforija-marihuana\/","og_site_name":"Medicinas Inc","article_modified_time":"2022-03-20T12:28:30+00:00","og_image":[{"width":225,"height":225,"url":"https:\/\/medicinasinc.com\/lt\/wp-content\/uploads\/sites\/9\/2022\/02\/Buy-Infinite-Euphoria-Marijuana.jpg","type":"image\/jpeg"}],"twitter_card":"summary_large_image","twitter_misc":{"Est. reading time":"1 minute"},"schema":{"@context":"https:\/\/schema.org","@graph":[{"@type":"WebPage","@id":"https:\/\/medicinasinc.com\/lt\/product\/pirk-begaline-euforija-marihuana\/","url":"https:\/\/medicinasinc.com\/lt\/product\/pirk-begaline-euforija-marihuana\/","name":"Pirkite begalin\u0119 euforij\u0105 marihuan\u0105 \u2013 geriausius pasaulinius vaistus","isPartOf":{"@id":"https:\/\/medicinasinc.com\/lt\/#website"},"primaryImageOfPage":{"@id":"https:\/\/medicinasinc.com\/lt\/product\/pirk-begaline-euforija-marihuana\/#primaryimage"},"image":{"@id":"https:\/\/medicinasinc.com\/lt\/product\/pirk-begaline-euforija-marihuana\/#primaryimage"},"thumbnailUrl":"https:\/\/medicinasinc.com\/lt\/wp-content\/uploads\/sites\/9\/2022\/02\/Buy-Infinite-Euphoria-Marijuana.jpg","datePublished":"2022-02-20T18:28:25+00:00","dateModified":"2022-03-20T12:28:30+00:00","description":"Pirkite \u201eInfinite Euphoria Marihuana\u201c pardavimui internetu. Pirkite Infinite Euphoria Marihuana Hybrid \u2013 50 % Sativa \/ 50 % Indica THC: 23 % \u2013 29 %","breadcrumb":{"@id":"https:\/\/medicinasinc.com\/lt\/product\/pirk-begaline-euforija-marihuana\/#breadcrumb"},"inLanguage":"en-US","potentialAction":[{"@type":"ReadAction","target":["https:\/\/medicinasinc.com\/lt\/product\/pirk-begaline-euforija-marihuana\/"]}]},{"@type":"ImageObject","inLanguage":"en-US","@id":"https:\/\/medicinasinc.com\/lt\/product\/pirk-begaline-euforija-marihuana\/#primaryimage","url":"https:\/\/medicinasinc.com\/lt\/wp-content\/uploads\/sites\/9\/2022\/02\/Buy-Infinite-Euphoria-Marijuana.jpg","contentUrl":"https:\/\/medicinasinc.com\/lt\/wp-content\/uploads\/sites\/9\/2022\/02\/Buy-Infinite-Euphoria-Marijuana.jpg","width":225,"height":225},{"@type":"BreadcrumbList","@id":"https:\/\/medicinasinc.com\/lt\/product\/pirk-begaline-euforija-marihuana\/#breadcrumb","itemListElement":[{"@type":"ListItem","position":1,"name":"Parduotuv\u0117","item":"https:\/\/medicinasinc.com\/lt\/parduotuve\/"},{"@type":"ListItem","position":2,"name":"Pirkite Infinite Euphoria marihuan\u0105"}]},{"@type":"WebSite","@id":"https:\/\/medicinasinc.com\/lt\/#website","url":"https:\/\/medicinasinc.com\/lt\/","name":"Medicinas Inc","description":"Sveikatos medicinos klinika","potentialAction":[{"@type":"SearchAction","target":{"@type":"EntryPoint","urlTemplate":"https:\/\/medicinasinc.com\/lt\/?s={search_term_string}"},"query-input":{"@type":"PropertyValueSpecification","valueRequired":true,"valueName":"search_term_string"}}],"inLanguage":"en-US"}]}},"_links":{"self":[{"href":"https:\/\/medicinasinc.com\/lt\/wp-json\/wp\/v2\/product\/4968","targetHints":{"allow":["GET"]}}],"collection":[{"href":"https:\/\/medicinasinc.com\/lt\/wp-json\/wp\/v2\/product"}],"about":[{"href":"https:\/\/medicinasinc.com\/lt\/wp-json\/wp\/v2\/types\/product"}],"replies":[{"embeddable":true,"href":"https:\/\/medicinasinc.com\/lt\/wp-json\/wp\/v2\/comments?post=4968"}],"wp:featuredmedia":[{"embeddable":true,"href":"https:\/\/medicinasinc.com\/lt\/wp-json\/wp\/v2\/media\/4981"}],"wp:attachment":[{"href":"https:\/\/medicinasinc.com\/lt\/wp-json\/wp\/v2\/media?parent=4968"}],"wp:term":[{"taxonomy":"product_brand","embeddable":true,"href":"https:\/\/medicinasinc.com\/lt\/wp-json\/wp\/v2\/product_brand?post=4968"},{"taxonomy":"product_cat","embeddable":true,"href":"https:\/\/medicinasinc.com\/lt\/wp-json\/wp\/v2\/product_cat?post=4968"},{"taxonomy":"product_tag","embeddable":true,"href":"https:\/\/medicinasinc.com\/lt\/wp-json\/wp\/v2\/product_tag?post=4968"}],"curies":[{"name":"wp","href":"https:\/\/api.w.org\/{rel}","templated":true}]}}