{"id":4953,"date":"2022-02-20T18:14:51","date_gmt":"2022-02-20T18:14:51","guid":{"rendered":"https:\/\/medicinasinc.com\/lt\/?post_type=product&#038;p=4953"},"modified":"2022-03-20T12:28:53","modified_gmt":"2022-03-20T12:28:53","slug":"pirkti-senelis-violetine-paderme","status":"publish","type":"product","link":"https:\/\/medicinasinc.com\/lt\/product\/pirkti-senelis-violetine-paderme\/","title":{"rendered":"Pirkite Granddaddy Purple Strain"},"content":{"rendered":"<p>Pirkite \u201eGranddaddy Purple Marihuana\u201c internetu.<\/p>\n<p>Pirkite \u201eGranddaddy Purple Marihuana\u201c internetu.<\/p>\n<p>Granddaddy Purple Marihuana yra hibridas \u2013 \u201eGranddaddy Purple Marihuana\u201c yra hibridas \u2013 50 % Sativa \/ 50 % Indica THC: 20%\u201327%, CBD: 1%<\/p>\n<p>Smegenys, euforija, laimingi, alkani, atpalaiduojantis poveikis<br \/> Gali pad\u0117ti suma\u017einti artrit\u0105, l\u0117tin\u012f skausm\u0105, depresij\u0105, nemig\u0105, Apetito praradimas, migrena, raumen\u0173 spazmai, PTSD ir streso kvapai<br \/> Vaisi\u0173, vynuogi\u0173, pu\u0161\u0173 ir saldumyn\u0173<\/p>\n","protected":false},"excerpt":{"rendered":"<p>K\u0105 tur\u0117tum\u0117te \u017einoti prie\u0161 perkant Granddaddy Purple? Be to, \u0161i atmaina, dar \u017einoma kaip BVP, yra gerai \u017einomas Indica purpurin\u0117s urkl\u0117s ir did\u017eiojo pumpuro kry\u017eius.<\/p>\n<p>\u012esigykite Granddaddy Purple Marihuana internetu.<\/p>\n<p>Geriausia Kanados u\u017esakymas pa\u0161tu WEED ! Ar jus domina medicinin\u0117s marihuanos \u012fsigijimas internetu Kanadoje?<\/p>\n<p>&nbsp;<\/p>\n<p>&nbsp;<\/p>\n","protected":false},"featured_media":4967,"comment_status":"open","ping_status":"closed","template":"","meta":[],"product_brand":[],"product_cat":[778],"product_tag":[836,838,837,841,835,840,839,842],"class_list":{"0":"post-4953","1":"product","2":"type-product","3":"status-publish","4":"has-post-thumbnail","6":"product_cat-ol-pardavimui","7":"product_tag-grand-daddy-purp-prices","8":"product_tag-senelis-ttis-purpurinis-indica-arba-sativa","9":"product_tag-senelis-violetinis-aliejus","10":"product_tag-purple-kush","11":"product_tag-senelis-ttis-purp-krepelis","12":"product_tag-senelio-violetins-paderms-nuotraukos","13":"product_tag-senelis-violetin-netoli-mans","14":"product_tag-violetin-c4-97-urkle","16":"first","17":"instock","18":"shipping-taxable","19":"purchasable","20":"product-type-simple"},"yoast_head":"<!-- This site is optimized with the Yoast SEO plugin v27.3 - https:\/\/yoast.com\/product\/yoast-seo-wordpress\/ -->\n<title>Pirkite \u201eGranddaddy Purple Strain\u201c \u2013 geriausius pasaulinius vaistus<\/title>\n<meta name=\"description\" content=\"K\u0105 \u017einoti prie\u0161 perkant Granddaddy Purple paderm\u0119? Be to, \u0161i atmaina, vadinama BVP, yra garsusis Indica kry\u017eius tarp Purple Urkle ir Big Bud.\" \/>\n<meta name=\"robots\" content=\"index, follow, max-snippet:-1, max-image-preview:large, max-video-preview:-1\" \/>\n<link rel=\"canonical\" href=\"https:\/\/medicinasinc.com\/lt\/product\/pirkti-senelis-violetine-paderme\/\" \/>\n<meta property=\"og:locale\" content=\"en_US\" \/>\n<meta property=\"og:type\" content=\"article\" \/>\n<meta property=\"og:title\" content=\"Pirkite \u201eGranddaddy Purple Strain\u201c \u2013 geriausius pasaulinius vaistus\" \/>\n<meta property=\"og:description\" content=\"K\u0105 \u017einoti prie\u0161 perkant Granddaddy Purple paderm\u0119? Be to, \u0161i atmaina, vadinama BVP, yra garsusis Indica kry\u017eius tarp Purple Urkle ir Big Bud.\" \/>\n<meta property=\"og:url\" content=\"https:\/\/medicinasinc.com\/lt\/product\/pirkti-senelis-violetine-paderme\/\" \/>\n<meta property=\"og:site_name\" content=\"Medicinas Inc\" \/>\n<meta property=\"article:modified_time\" content=\"2022-03-20T12:28:53+00:00\" \/>\n<meta property=\"og:image\" content=\"https:\/\/medicinasinc.com\/lt\/wp-content\/uploads\/sites\/9\/2022\/02\/Buy-Granddaddy-Purple-Strain.jpg\" \/>\n\t<meta property=\"og:image:width\" content=\"1822\" \/>\n\t<meta property=\"og:image:height\" content=\"2429\" \/>\n\t<meta property=\"og:image:type\" content=\"image\/jpeg\" \/>\n<meta name=\"twitter:card\" content=\"summary_large_image\" \/>\n<meta name=\"twitter:label1\" content=\"Est. reading time\" \/>\n\t<meta name=\"twitter:data1\" content=\"1 minute\" \/>\n<script type=\"application\/ld+json\" class=\"yoast-schema-graph\">{\"@context\":\"https:\\\/\\\/schema.org\",\"@graph\":[{\"@type\":\"WebPage\",\"@id\":\"https:\\\/\\\/medicinasinc.com\\\/lt\\\/product\\\/pirkti-senelis-violetine-paderme\\\/\",\"url\":\"https:\\\/\\\/medicinasinc.com\\\/lt\\\/product\\\/pirkti-senelis-violetine-paderme\\\/\",\"name\":\"Pirkite \u201eGranddaddy Purple Strain\u201c \u2013 geriausius pasaulinius vaistus\",\"isPartOf\":{\"@id\":\"https:\\\/\\\/medicinasinc.com\\\/lt\\\/#website\"},\"primaryImageOfPage\":{\"@id\":\"https:\\\/\\\/medicinasinc.com\\\/lt\\\/product\\\/pirkti-senelis-violetine-paderme\\\/#primaryimage\"},\"image\":{\"@id\":\"https:\\\/\\\/medicinasinc.com\\\/lt\\\/product\\\/pirkti-senelis-violetine-paderme\\\/#primaryimage\"},\"thumbnailUrl\":\"https:\\\/\\\/medicinasinc.com\\\/lt\\\/wp-content\\\/uploads\\\/sites\\\/9\\\/2022\\\/02\\\/Buy-Granddaddy-Purple-Strain.jpg\",\"datePublished\":\"2022-02-20T18:14:51+00:00\",\"dateModified\":\"2022-03-20T12:28:53+00:00\",\"description\":\"K\u0105 \u017einoti prie\u0161 perkant Granddaddy Purple paderm\u0119? Be to, \u0161i atmaina, vadinama BVP, yra garsusis Indica kry\u017eius tarp Purple Urkle ir Big Bud.\",\"breadcrumb\":{\"@id\":\"https:\\\/\\\/medicinasinc.com\\\/lt\\\/product\\\/pirkti-senelis-violetine-paderme\\\/#breadcrumb\"},\"inLanguage\":\"en-US\",\"potentialAction\":[{\"@type\":\"ReadAction\",\"target\":[\"https:\\\/\\\/medicinasinc.com\\\/lt\\\/product\\\/pirkti-senelis-violetine-paderme\\\/\"]}]},{\"@type\":\"ImageObject\",\"inLanguage\":\"en-US\",\"@id\":\"https:\\\/\\\/medicinasinc.com\\\/lt\\\/product\\\/pirkti-senelis-violetine-paderme\\\/#primaryimage\",\"url\":\"https:\\\/\\\/medicinasinc.com\\\/lt\\\/wp-content\\\/uploads\\\/sites\\\/9\\\/2022\\\/02\\\/Buy-Granddaddy-Purple-Strain.jpg\",\"contentUrl\":\"https:\\\/\\\/medicinasinc.com\\\/lt\\\/wp-content\\\/uploads\\\/sites\\\/9\\\/2022\\\/02\\\/Buy-Granddaddy-Purple-Strain.jpg\",\"width\":1822,\"height\":2429},{\"@type\":\"BreadcrumbList\",\"@id\":\"https:\\\/\\\/medicinasinc.com\\\/lt\\\/product\\\/pirkti-senelis-violetine-paderme\\\/#breadcrumb\",\"itemListElement\":[{\"@type\":\"ListItem\",\"position\":1,\"name\":\"Parduotuv\u0117\",\"item\":\"https:\\\/\\\/medicinasinc.com\\\/lt\\\/parduotuve\\\/\"},{\"@type\":\"ListItem\",\"position\":2,\"name\":\"Pirkite Granddaddy Purple Strain\"}]},{\"@type\":\"WebSite\",\"@id\":\"https:\\\/\\\/medicinasinc.com\\\/lt\\\/#website\",\"url\":\"https:\\\/\\\/medicinasinc.com\\\/lt\\\/\",\"name\":\"Medicinas Inc\",\"description\":\"Sveikatos medicinos klinika\",\"potentialAction\":[{\"@type\":\"SearchAction\",\"target\":{\"@type\":\"EntryPoint\",\"urlTemplate\":\"https:\\\/\\\/medicinasinc.com\\\/lt\\\/?s={search_term_string}\"},\"query-input\":{\"@type\":\"PropertyValueSpecification\",\"valueRequired\":true,\"valueName\":\"search_term_string\"}}],\"inLanguage\":\"en-US\"}]}<\/script>\n<!-- \/ Yoast SEO plugin. -->","yoast_head_json":{"title":"Pirkite \u201eGranddaddy Purple Strain\u201c \u2013 geriausius pasaulinius vaistus","description":"K\u0105 \u017einoti prie\u0161 perkant Granddaddy Purple paderm\u0119? Be to, \u0161i atmaina, vadinama BVP, yra garsusis Indica kry\u017eius tarp Purple Urkle ir Big Bud.","robots":{"index":"index","follow":"follow","max-snippet":"max-snippet:-1","max-image-preview":"max-image-preview:large","max-video-preview":"max-video-preview:-1"},"canonical":"https:\/\/medicinasinc.com\/lt\/product\/pirkti-senelis-violetine-paderme\/","og_locale":"en_US","og_type":"article","og_title":"Pirkite \u201eGranddaddy Purple Strain\u201c \u2013 geriausius pasaulinius vaistus","og_description":"K\u0105 \u017einoti prie\u0161 perkant Granddaddy Purple paderm\u0119? Be to, \u0161i atmaina, vadinama BVP, yra garsusis Indica kry\u017eius tarp Purple Urkle ir Big Bud.","og_url":"https:\/\/medicinasinc.com\/lt\/product\/pirkti-senelis-violetine-paderme\/","og_site_name":"Medicinas Inc","article_modified_time":"2022-03-20T12:28:53+00:00","og_image":[{"width":1822,"height":2429,"url":"https:\/\/medicinasinc.com\/lt\/wp-content\/uploads\/sites\/9\/2022\/02\/Buy-Granddaddy-Purple-Strain.jpg","type":"image\/jpeg"}],"twitter_card":"summary_large_image","twitter_misc":{"Est. reading time":"1 minute"},"schema":{"@context":"https:\/\/schema.org","@graph":[{"@type":"WebPage","@id":"https:\/\/medicinasinc.com\/lt\/product\/pirkti-senelis-violetine-paderme\/","url":"https:\/\/medicinasinc.com\/lt\/product\/pirkti-senelis-violetine-paderme\/","name":"Pirkite \u201eGranddaddy Purple Strain\u201c \u2013 geriausius pasaulinius vaistus","isPartOf":{"@id":"https:\/\/medicinasinc.com\/lt\/#website"},"primaryImageOfPage":{"@id":"https:\/\/medicinasinc.com\/lt\/product\/pirkti-senelis-violetine-paderme\/#primaryimage"},"image":{"@id":"https:\/\/medicinasinc.com\/lt\/product\/pirkti-senelis-violetine-paderme\/#primaryimage"},"thumbnailUrl":"https:\/\/medicinasinc.com\/lt\/wp-content\/uploads\/sites\/9\/2022\/02\/Buy-Granddaddy-Purple-Strain.jpg","datePublished":"2022-02-20T18:14:51+00:00","dateModified":"2022-03-20T12:28:53+00:00","description":"K\u0105 \u017einoti prie\u0161 perkant Granddaddy Purple paderm\u0119? Be to, \u0161i atmaina, vadinama BVP, yra garsusis Indica kry\u017eius tarp Purple Urkle ir Big Bud.","breadcrumb":{"@id":"https:\/\/medicinasinc.com\/lt\/product\/pirkti-senelis-violetine-paderme\/#breadcrumb"},"inLanguage":"en-US","potentialAction":[{"@type":"ReadAction","target":["https:\/\/medicinasinc.com\/lt\/product\/pirkti-senelis-violetine-paderme\/"]}]},{"@type":"ImageObject","inLanguage":"en-US","@id":"https:\/\/medicinasinc.com\/lt\/product\/pirkti-senelis-violetine-paderme\/#primaryimage","url":"https:\/\/medicinasinc.com\/lt\/wp-content\/uploads\/sites\/9\/2022\/02\/Buy-Granddaddy-Purple-Strain.jpg","contentUrl":"https:\/\/medicinasinc.com\/lt\/wp-content\/uploads\/sites\/9\/2022\/02\/Buy-Granddaddy-Purple-Strain.jpg","width":1822,"height":2429},{"@type":"BreadcrumbList","@id":"https:\/\/medicinasinc.com\/lt\/product\/pirkti-senelis-violetine-paderme\/#breadcrumb","itemListElement":[{"@type":"ListItem","position":1,"name":"Parduotuv\u0117","item":"https:\/\/medicinasinc.com\/lt\/parduotuve\/"},{"@type":"ListItem","position":2,"name":"Pirkite Granddaddy Purple Strain"}]},{"@type":"WebSite","@id":"https:\/\/medicinasinc.com\/lt\/#website","url":"https:\/\/medicinasinc.com\/lt\/","name":"Medicinas Inc","description":"Sveikatos medicinos klinika","potentialAction":[{"@type":"SearchAction","target":{"@type":"EntryPoint","urlTemplate":"https:\/\/medicinasinc.com\/lt\/?s={search_term_string}"},"query-input":{"@type":"PropertyValueSpecification","valueRequired":true,"valueName":"search_term_string"}}],"inLanguage":"en-US"}]}},"_links":{"self":[{"href":"https:\/\/medicinasinc.com\/lt\/wp-json\/wp\/v2\/product\/4953","targetHints":{"allow":["GET"]}}],"collection":[{"href":"https:\/\/medicinasinc.com\/lt\/wp-json\/wp\/v2\/product"}],"about":[{"href":"https:\/\/medicinasinc.com\/lt\/wp-json\/wp\/v2\/types\/product"}],"replies":[{"embeddable":true,"href":"https:\/\/medicinasinc.com\/lt\/wp-json\/wp\/v2\/comments?post=4953"}],"wp:featuredmedia":[{"embeddable":true,"href":"https:\/\/medicinasinc.com\/lt\/wp-json\/wp\/v2\/media\/4967"}],"wp:attachment":[{"href":"https:\/\/medicinasinc.com\/lt\/wp-json\/wp\/v2\/media?parent=4953"}],"wp:term":[{"taxonomy":"product_brand","embeddable":true,"href":"https:\/\/medicinasinc.com\/lt\/wp-json\/wp\/v2\/product_brand?post=4953"},{"taxonomy":"product_cat","embeddable":true,"href":"https:\/\/medicinasinc.com\/lt\/wp-json\/wp\/v2\/product_cat?post=4953"},{"taxonomy":"product_tag","embeddable":true,"href":"https:\/\/medicinasinc.com\/lt\/wp-json\/wp\/v2\/product_tag?post=4953"}],"curies":[{"name":"wp","href":"https:\/\/api.w.org\/{rel}","templated":true}]}}