{"id":4946,"date":"2022-02-20T18:08:57","date_gmt":"2022-02-20T18:08:57","guid":{"rendered":"https:\/\/medicinasinc.com\/lt\/?post_type=product&#038;p=4946"},"modified":"2022-03-20T12:29:05","modified_gmt":"2022-03-20T12:29:05","slug":"pirk-gorila-sausainis-marihuana","status":"publish","type":"product","link":"https:\/\/medicinasinc.com\/lt\/product\/pirk-gorila-sausainis-marihuana\/","title":{"rendered":"Pirkite \u201eGorilla Biscuit\u201c marihuan\u0105"},"content":{"rendered":"<h1><\/h1>\n<p>Gorilla Biscuit Marihuanos paderm\u0117s pirkimas internetu.<\/p>\n<p>Gorilla Biscuit Marihuanos paderm\u0117s pirkimas internetu.<\/p>\n<p>Marihuana i\u0161 gorilla sausaini\u0173 yra Indica. Dominuojantis hibridas \u2013 60 % Indica \/ 40 % Sativa THC kiekis sativa: 15 %\u201320 %<\/p>\n<p>Jaudulys, euforija, alkis, atsipalaidavimas ir mieguistumas<br \/> Gali pad\u0117ti gydyti anoreksij\u0105, m\u0117\u0161lung\u012f , Depresijos, nemigos ir streso skoniai<br \/> Kavos, citrinos ir pu\u0161\u0173 aromatai<br \/> \u017demi\u0161kas, a\u0161trus ir a\u0161trus<\/p>\n<p>Gorilla Biscuit, sukurtas Seeds of Compassion, yra Indijoje dominuojantis gabalas, gautas i\u0161 Sensi Star&#8217;s Terpentine ir Stardawg IX fenotip\u0173 sand\u016bros. \u0160is ne\u012fprastas ir gana senosios mokyklos mi\u0161inys pavadintas metakvalono, da\u017enai vadinamo quaaludes, vardu, raminan\u010diai ir egzoti\u0161kai organizm\u0105 veikian\u010dio vaisto. Jo valdymas t\u0119siasi pana\u0161iai raminan\u010diai, palikdamas priedus sunkius ir laisvus. \u201eGorilla Biscuit\u201c turi stipr\u0173 terpeno profil\u012f, stipr\u0173 pu\u0161\u0173 ir kavos pupeli\u0173 aromat\u0105.<\/p>\n<p>Gorilla Biscuits Paderm\u0117: Tikra \u201eStoner\u201c atmaina, \u201eGorilla OG\u201c auk\u0161tas vystymasis palaipsniui vystosi ir susidaro iki susi\u017eav\u0117jimo b\u016bsenos, kuri trunka ilgai. ilgesn\u012f laik\u0105. Kai jos daiktai visi\u0161kai u\u017evaldys j\u016bs\u0173 mintis ir k\u016bn\u0105, j\u016bs\u0173 m\u0105stymas gali b\u016bti ne toks ai\u0161kus, koks buvo prie\u0161 kelias valandas. Labiausiai matomas j\u016bs\u0173 patirties aspektas bus tvirtas meil\u0117s s\u0117dyn\u0117s u\u017erakto \u012fsp\u016bdis, d\u0117l kurio bus sunku patenkinti bet kokius niek\u0161i\u0161kus gurk\u0161nius. M\u016bs\u0173 pasi\u016blymas yra pa\u017eengti \u012f priek\u012f po laiko, naudojant \u0161luot\u0105, \u012fklot\u0105 ir didel\u012f kiek\u012f maisto, esan\u010dio rankoje. \u0160is ne\u012fprastas ir gana senosios mokyklos mi\u0161inys pavadintas metakvalono, da\u017enai vadinamo quaaludes, vardu, raminan\u010diai ir egzoti\u0161kai organizm\u0105 veikian\u010dio vaisto. Jo valdymas t\u0119siasi pana\u0161iai raminan\u010diai, palikdamas priedus sunkius ir laisvus. \u201eGorilla Biscuit\u201c turi tvirt\u0105 terpeno profil\u012f, stipr\u0173 pu\u0161\u0173 ir kavos burbono aromat\u0105.<\/p>\n","protected":false},"excerpt":{"rendered":"<p>Pirkite \u201eGorilla Biscuit Marihuana Strain\u201c internetu. Tur\u0117dami daugiau nei 15 met\u0173 patirt\u012f medicinin\u0117s marihuanos sektoriuje, esame Kanados lyder\u0117 kanapi\u0173 u\u017esakym\u0173 pa\u0161tu srityje.<\/p>\n","protected":false},"featured_media":4960,"comment_status":"open","ping_status":"closed","template":"","meta":[],"product_brand":[],"product_cat":[778],"product_tag":[827,828,829,834,830,831,832,833],"class_list":{"0":"post-4946","1":"product","2":"type-product","3":"status-publish","4":"has-post-thumbnail","6":"product_cat-ol-pardavimui","7":"product_tag-biscuit-strain","8":"product_tag-bizkitz-strain","9":"product_tag-california-orange-strain","10":"product_tag-cukrus-sausainiai-tamas","11":"product_tag-ecto-cooler-strain","12":"product_tag-gorila-sausainiai-narkotikas","13":"product_tag-gorila-sausainiai-merch","14":"product_tag-grape-cooler-strain","16":"first","17":"instock","18":"shipping-taxable","19":"purchasable","20":"product-type-variable","21":"has-default-attributes"},"yoast_head":"<!-- This site is optimized with the Yoast SEO plugin v27.3 - https:\/\/yoast.com\/product\/yoast-seo-wordpress\/ -->\n<title>Pirkite \u201eGorilla Biscuit\u201c marihuan\u0105 \u2013 geriausius pasaulinius vaistus<\/title>\n<meta name=\"description\" content=\"Pirkite \u201eGorilla Biscuit Marihuana Strain\u201c pardavimui internetu. Kanados kanapi\u0173 u\u017esakymo pa\u0161tu lyderis, turintis daugiau nei 15 met\u0173 patirt\u012f medicinin\u0117s marihuanos pramon\u0117je.\" \/>\n<meta name=\"robots\" content=\"index, follow, max-snippet:-1, max-image-preview:large, max-video-preview:-1\" \/>\n<link rel=\"canonical\" href=\"https:\/\/medicinasinc.com\/lt\/product\/pirk-gorila-sausainis-marihuana\/\" \/>\n<meta property=\"og:locale\" content=\"en_US\" \/>\n<meta property=\"og:type\" content=\"article\" \/>\n<meta property=\"og:title\" content=\"Pirkite \u201eGorilla Biscuit\u201c marihuan\u0105 \u2013 geriausius pasaulinius vaistus\" \/>\n<meta property=\"og:description\" content=\"Pirkite \u201eGorilla Biscuit Marihuana Strain\u201c pardavimui internetu. Kanados kanapi\u0173 u\u017esakymo pa\u0161tu lyderis, turintis daugiau nei 15 met\u0173 patirt\u012f medicinin\u0117s marihuanos pramon\u0117je.\" \/>\n<meta property=\"og:url\" content=\"https:\/\/medicinasinc.com\/lt\/product\/pirk-gorila-sausainis-marihuana\/\" \/>\n<meta property=\"og:site_name\" content=\"Medicinas Inc\" \/>\n<meta property=\"article:modified_time\" content=\"2022-03-20T12:29:05+00:00\" \/>\n<meta property=\"og:image\" content=\"https:\/\/medicinasinc.com\/lt\/wp-content\/uploads\/sites\/9\/2022\/02\/Buy-Gorilla-Biscuit-Marijuana.jpg\" \/>\n\t<meta property=\"og:image:width\" content=\"420\" \/>\n\t<meta property=\"og:image:height\" content=\"630\" \/>\n\t<meta property=\"og:image:type\" content=\"image\/jpeg\" \/>\n<meta name=\"twitter:card\" content=\"summary_large_image\" \/>\n<meta name=\"twitter:label1\" content=\"Est. reading time\" \/>\n\t<meta name=\"twitter:data1\" content=\"2 minutes\" \/>\n<script type=\"application\/ld+json\" class=\"yoast-schema-graph\">{\"@context\":\"https:\\\/\\\/schema.org\",\"@graph\":[{\"@type\":\"WebPage\",\"@id\":\"https:\\\/\\\/medicinasinc.com\\\/lt\\\/product\\\/pirk-gorila-sausainis-marihuana\\\/\",\"url\":\"https:\\\/\\\/medicinasinc.com\\\/lt\\\/product\\\/pirk-gorila-sausainis-marihuana\\\/\",\"name\":\"Pirkite \u201eGorilla Biscuit\u201c marihuan\u0105 \u2013 geriausius pasaulinius vaistus\",\"isPartOf\":{\"@id\":\"https:\\\/\\\/medicinasinc.com\\\/lt\\\/#website\"},\"primaryImageOfPage\":{\"@id\":\"https:\\\/\\\/medicinasinc.com\\\/lt\\\/product\\\/pirk-gorila-sausainis-marihuana\\\/#primaryimage\"},\"image\":{\"@id\":\"https:\\\/\\\/medicinasinc.com\\\/lt\\\/product\\\/pirk-gorila-sausainis-marihuana\\\/#primaryimage\"},\"thumbnailUrl\":\"https:\\\/\\\/medicinasinc.com\\\/lt\\\/wp-content\\\/uploads\\\/sites\\\/9\\\/2022\\\/02\\\/Buy-Gorilla-Biscuit-Marijuana.jpg\",\"datePublished\":\"2022-02-20T18:08:57+00:00\",\"dateModified\":\"2022-03-20T12:29:05+00:00\",\"description\":\"Pirkite \u201eGorilla Biscuit Marihuana Strain\u201c pardavimui internetu. Kanados kanapi\u0173 u\u017esakymo pa\u0161tu lyderis, turintis daugiau nei 15 met\u0173 patirt\u012f medicinin\u0117s marihuanos pramon\u0117je.\",\"breadcrumb\":{\"@id\":\"https:\\\/\\\/medicinasinc.com\\\/lt\\\/product\\\/pirk-gorila-sausainis-marihuana\\\/#breadcrumb\"},\"inLanguage\":\"en-US\",\"potentialAction\":[{\"@type\":\"ReadAction\",\"target\":[\"https:\\\/\\\/medicinasinc.com\\\/lt\\\/product\\\/pirk-gorila-sausainis-marihuana\\\/\"]}]},{\"@type\":\"ImageObject\",\"inLanguage\":\"en-US\",\"@id\":\"https:\\\/\\\/medicinasinc.com\\\/lt\\\/product\\\/pirk-gorila-sausainis-marihuana\\\/#primaryimage\",\"url\":\"https:\\\/\\\/medicinasinc.com\\\/lt\\\/wp-content\\\/uploads\\\/sites\\\/9\\\/2022\\\/02\\\/Buy-Gorilla-Biscuit-Marijuana.jpg\",\"contentUrl\":\"https:\\\/\\\/medicinasinc.com\\\/lt\\\/wp-content\\\/uploads\\\/sites\\\/9\\\/2022\\\/02\\\/Buy-Gorilla-Biscuit-Marijuana.jpg\",\"width\":420,\"height\":630},{\"@type\":\"BreadcrumbList\",\"@id\":\"https:\\\/\\\/medicinasinc.com\\\/lt\\\/product\\\/pirk-gorila-sausainis-marihuana\\\/#breadcrumb\",\"itemListElement\":[{\"@type\":\"ListItem\",\"position\":1,\"name\":\"Parduotuv\u0117\",\"item\":\"https:\\\/\\\/medicinasinc.com\\\/lt\\\/parduotuve\\\/\"},{\"@type\":\"ListItem\",\"position\":2,\"name\":\"Pirkite \u201eGorilla Biscuit\u201c marihuan\u0105\"}]},{\"@type\":\"WebSite\",\"@id\":\"https:\\\/\\\/medicinasinc.com\\\/lt\\\/#website\",\"url\":\"https:\\\/\\\/medicinasinc.com\\\/lt\\\/\",\"name\":\"Medicinas Inc\",\"description\":\"Sveikatos medicinos klinika\",\"potentialAction\":[{\"@type\":\"SearchAction\",\"target\":{\"@type\":\"EntryPoint\",\"urlTemplate\":\"https:\\\/\\\/medicinasinc.com\\\/lt\\\/?s={search_term_string}\"},\"query-input\":{\"@type\":\"PropertyValueSpecification\",\"valueRequired\":true,\"valueName\":\"search_term_string\"}}],\"inLanguage\":\"en-US\"}]}<\/script>\n<!-- \/ Yoast SEO plugin. -->","yoast_head_json":{"title":"Pirkite \u201eGorilla Biscuit\u201c marihuan\u0105 \u2013 geriausius pasaulinius vaistus","description":"Pirkite \u201eGorilla Biscuit Marihuana Strain\u201c pardavimui internetu. Kanados kanapi\u0173 u\u017esakymo pa\u0161tu lyderis, turintis daugiau nei 15 met\u0173 patirt\u012f medicinin\u0117s marihuanos pramon\u0117je.","robots":{"index":"index","follow":"follow","max-snippet":"max-snippet:-1","max-image-preview":"max-image-preview:large","max-video-preview":"max-video-preview:-1"},"canonical":"https:\/\/medicinasinc.com\/lt\/product\/pirk-gorila-sausainis-marihuana\/","og_locale":"en_US","og_type":"article","og_title":"Pirkite \u201eGorilla Biscuit\u201c marihuan\u0105 \u2013 geriausius pasaulinius vaistus","og_description":"Pirkite \u201eGorilla Biscuit Marihuana Strain\u201c pardavimui internetu. Kanados kanapi\u0173 u\u017esakymo pa\u0161tu lyderis, turintis daugiau nei 15 met\u0173 patirt\u012f medicinin\u0117s marihuanos pramon\u0117je.","og_url":"https:\/\/medicinasinc.com\/lt\/product\/pirk-gorila-sausainis-marihuana\/","og_site_name":"Medicinas Inc","article_modified_time":"2022-03-20T12:29:05+00:00","og_image":[{"width":420,"height":630,"url":"https:\/\/medicinasinc.com\/lt\/wp-content\/uploads\/sites\/9\/2022\/02\/Buy-Gorilla-Biscuit-Marijuana.jpg","type":"image\/jpeg"}],"twitter_card":"summary_large_image","twitter_misc":{"Est. reading time":"2 minutes"},"schema":{"@context":"https:\/\/schema.org","@graph":[{"@type":"WebPage","@id":"https:\/\/medicinasinc.com\/lt\/product\/pirk-gorila-sausainis-marihuana\/","url":"https:\/\/medicinasinc.com\/lt\/product\/pirk-gorila-sausainis-marihuana\/","name":"Pirkite \u201eGorilla Biscuit\u201c marihuan\u0105 \u2013 geriausius pasaulinius vaistus","isPartOf":{"@id":"https:\/\/medicinasinc.com\/lt\/#website"},"primaryImageOfPage":{"@id":"https:\/\/medicinasinc.com\/lt\/product\/pirk-gorila-sausainis-marihuana\/#primaryimage"},"image":{"@id":"https:\/\/medicinasinc.com\/lt\/product\/pirk-gorila-sausainis-marihuana\/#primaryimage"},"thumbnailUrl":"https:\/\/medicinasinc.com\/lt\/wp-content\/uploads\/sites\/9\/2022\/02\/Buy-Gorilla-Biscuit-Marijuana.jpg","datePublished":"2022-02-20T18:08:57+00:00","dateModified":"2022-03-20T12:29:05+00:00","description":"Pirkite \u201eGorilla Biscuit Marihuana Strain\u201c pardavimui internetu. Kanados kanapi\u0173 u\u017esakymo pa\u0161tu lyderis, turintis daugiau nei 15 met\u0173 patirt\u012f medicinin\u0117s marihuanos pramon\u0117je.","breadcrumb":{"@id":"https:\/\/medicinasinc.com\/lt\/product\/pirk-gorila-sausainis-marihuana\/#breadcrumb"},"inLanguage":"en-US","potentialAction":[{"@type":"ReadAction","target":["https:\/\/medicinasinc.com\/lt\/product\/pirk-gorila-sausainis-marihuana\/"]}]},{"@type":"ImageObject","inLanguage":"en-US","@id":"https:\/\/medicinasinc.com\/lt\/product\/pirk-gorila-sausainis-marihuana\/#primaryimage","url":"https:\/\/medicinasinc.com\/lt\/wp-content\/uploads\/sites\/9\/2022\/02\/Buy-Gorilla-Biscuit-Marijuana.jpg","contentUrl":"https:\/\/medicinasinc.com\/lt\/wp-content\/uploads\/sites\/9\/2022\/02\/Buy-Gorilla-Biscuit-Marijuana.jpg","width":420,"height":630},{"@type":"BreadcrumbList","@id":"https:\/\/medicinasinc.com\/lt\/product\/pirk-gorila-sausainis-marihuana\/#breadcrumb","itemListElement":[{"@type":"ListItem","position":1,"name":"Parduotuv\u0117","item":"https:\/\/medicinasinc.com\/lt\/parduotuve\/"},{"@type":"ListItem","position":2,"name":"Pirkite \u201eGorilla Biscuit\u201c marihuan\u0105"}]},{"@type":"WebSite","@id":"https:\/\/medicinasinc.com\/lt\/#website","url":"https:\/\/medicinasinc.com\/lt\/","name":"Medicinas Inc","description":"Sveikatos medicinos klinika","potentialAction":[{"@type":"SearchAction","target":{"@type":"EntryPoint","urlTemplate":"https:\/\/medicinasinc.com\/lt\/?s={search_term_string}"},"query-input":{"@type":"PropertyValueSpecification","valueRequired":true,"valueName":"search_term_string"}}],"inLanguage":"en-US"}]}},"_links":{"self":[{"href":"https:\/\/medicinasinc.com\/lt\/wp-json\/wp\/v2\/product\/4946","targetHints":{"allow":["GET"]}}],"collection":[{"href":"https:\/\/medicinasinc.com\/lt\/wp-json\/wp\/v2\/product"}],"about":[{"href":"https:\/\/medicinasinc.com\/lt\/wp-json\/wp\/v2\/types\/product"}],"replies":[{"embeddable":true,"href":"https:\/\/medicinasinc.com\/lt\/wp-json\/wp\/v2\/comments?post=4946"}],"wp:featuredmedia":[{"embeddable":true,"href":"https:\/\/medicinasinc.com\/lt\/wp-json\/wp\/v2\/media\/4960"}],"wp:attachment":[{"href":"https:\/\/medicinasinc.com\/lt\/wp-json\/wp\/v2\/media?parent=4946"}],"wp:term":[{"taxonomy":"product_brand","embeddable":true,"href":"https:\/\/medicinasinc.com\/lt\/wp-json\/wp\/v2\/product_brand?post=4946"},{"taxonomy":"product_cat","embeddable":true,"href":"https:\/\/medicinasinc.com\/lt\/wp-json\/wp\/v2\/product_cat?post=4946"},{"taxonomy":"product_tag","embeddable":true,"href":"https:\/\/medicinasinc.com\/lt\/wp-json\/wp\/v2\/product_tag?post=4946"}],"curies":[{"name":"wp","href":"https:\/\/api.w.org\/{rel}","templated":true}]}}