{"id":4940,"date":"2022-02-20T18:04:10","date_gmt":"2022-02-20T18:04:10","guid":{"rendered":"https:\/\/medicinasinc.com\/lt\/?post_type=product&#038;p=4940"},"modified":"2022-03-20T12:29:18","modified_gmt":"2022-03-20T12:29:18","slug":"pirk-durban-nuodai-marihuana","status":"publish","type":"product","link":"https:\/\/medicinasinc.com\/lt\/product\/pirk-durban-nuodai-marihuana\/","title":{"rendered":"Pirkite Durban Poison Marihuana"},"content":{"rendered":"<p>Durbano nuod\u0173 marihuanos paderm\u0117s pirkimas internetu<\/p>\n<p>\u0160i labai stipri paderm\u0117 stipriai nukent\u0117s smegenyse. Durban Poison yra gryna sativa atmaina, kuri yra mylimas Piet\u0173 Afrikos sativa atmainos palikuonis. A\u0161tuntajame de\u0161imtmetyje amerikietis kanapi\u0173 aktyvistas Edas Rosenthalas nustat\u0117 pradin\u0119 atmain\u0105 ir pristat\u0117 j\u0105 JAV. Jis ilg\u0105 laik\u0105 buvo m\u0117gstamas tarp akmen\u0117li\u0173 ir marihuanos pacient\u0173 \u0161iame mieste. Durban Poison THC kiekis siekia iki 24%, tod\u0117l tai yra viena stipriausi\u0173 padermi\u0173. \u0160i paderm\u0117 suteikia galing\u0105, maloni\u0105 galv\u0105 auk\u0161tai, idealiai tinkan\u010di\u0105 k\u016brybin\u0117ms pastangoms ir dienos veiklai. Kartu su burnos d\u017ei\u016bvimu, galimas neigiamas poveikis yra paranoja. Durban Poison yra galingas depresijos ir nerimo, taip pat l\u0117tinio skausmo ir pykinimo gydymas. \u0160i paderm\u0117 tinka koncentratams gaminti, nes ant pumpuro gausu dideli\u0173 trichom\u0173. Vyraujantis Durban Poison kvapas ir skonis yra \u017eemi\u0161kas ir saldus, su silpnu pu\u0161\u0173 aromatu. Pumpurai apval\u016bs ir stori, padengti gausiais trichomalais. \u0160i paderm\u0117 idealiai tinka fizinio aktyvumo, nam\u0173 ruo\u0161os ir kitos dienos \u0161viesios veiklos laikotarpiams.<\/p>\n","protected":false},"excerpt":{"rendered":"<div class=\"woocommerce-product-details__short-description\">\n<p>Durbano nuod\u0173 THC kiekis yra iki 24 %, tod\u0117l jis yra vienas i\u0161 pasaulio&#8230; kad \u0161iose parduotuv\u0117se parduodamos kai kurios i\u0161 \u0161i\u0173 unikali\u0173 padermi\u0173.<\/p>\n<p>Durban Poison paderm\u0117 sulauk\u0117 patrauklumo visame pasaulyje d\u0117l savo malonaus aromato ir energijos suteikian\u010dio bei pakelian\u010dio poveikio. Apsilankykite pas mus.<\/p>\n<p>Durban Poison Marihuana Strain galima \u012fsigyti internetu. Durbano nuodai yra Afrikos sativa landras\u0173 kanapi\u0173 atmaina. Puikiai tinka pacientams, ie\u0161kantiems tvirtos smegen\u0173 \u012ftampos, kuri pad\u0117t\u0173 kovoti su stresu ir nuovargiu.<\/p>\n<\/p><\/div>\n","protected":false},"featured_media":4954,"comment_status":"open","ping_status":"closed","template":"","meta":[],"product_brand":[],"product_cat":[778],"product_tag":[820,822,823,825,821,824,819,826],"class_list":{"0":"post-4940","1":"product","2":"type-product","3":"status-publish","4":"has-post-thumbnail","6":"product_cat-ol-pardavimui","7":"product_tag-durban-poison-autoflower","8":"product_tag-durban-poison-grow","9":"product_tag-durban-poison-history","10":"product_tag-durban-poison-veg-time","11":"product_tag-durban-poison-cross","12":"product_tag-durbanas-nuod-sklos-piet-afrika","13":"product_tag-best-durban-poison-seeds","14":"product_tag-yra-durbanas-tas-pats-kas-durban-nuodas","16":"first","17":"instock","18":"shipping-taxable","19":"purchasable","20":"product-type-variable","21":"has-default-attributes"},"yoast_head":"<!-- This site is optimized with the Yoast SEO plugin v27.3 - https:\/\/yoast.com\/product\/yoast-seo-wordpress\/ -->\n<title>Pirkite Durban Poison Marihuana \u2013 geriausius pasaulinius vaistus<\/title>\n<meta name=\"description\" content=\"Pirkite \u201eDurban Poison\u201c paderm\u0119\u00a0pardavimui internetu. Ji i\u0161populiar\u0117jo visame pasaulyje d\u0117l savo saldaus kvapo ir energingo, nuotaik\u0105 kelian\u010dio poveikio. Apsilankykite pas mus.\" \/>\n<meta name=\"robots\" content=\"index, follow, max-snippet:-1, max-image-preview:large, max-video-preview:-1\" \/>\n<link rel=\"canonical\" href=\"https:\/\/medicinasinc.com\/lt\/product\/pirk-durban-nuodai-marihuana\/\" \/>\n<meta property=\"og:locale\" content=\"en_US\" \/>\n<meta property=\"og:type\" content=\"article\" \/>\n<meta property=\"og:title\" content=\"Pirkite Durban Poison Marihuana \u2013 geriausius pasaulinius vaistus\" \/>\n<meta property=\"og:description\" content=\"Pirkite \u201eDurban Poison\u201c paderm\u0119\u00a0pardavimui internetu. Ji i\u0161populiar\u0117jo visame pasaulyje d\u0117l savo saldaus kvapo ir energingo, nuotaik\u0105 kelian\u010dio poveikio. Apsilankykite pas mus.\" \/>\n<meta property=\"og:url\" content=\"https:\/\/medicinasinc.com\/lt\/product\/pirk-durban-nuodai-marihuana\/\" \/>\n<meta property=\"og:site_name\" content=\"Medicinas Inc\" \/>\n<meta property=\"article:modified_time\" content=\"2022-03-20T12:29:18+00:00\" \/>\n<meta property=\"og:image\" content=\"https:\/\/medicinasinc.com\/lt\/wp-content\/uploads\/sites\/9\/2022\/02\/Buy-Durban-Poison-Marijuana.jpg\" \/>\n\t<meta property=\"og:image:width\" content=\"225\" \/>\n\t<meta property=\"og:image:height\" content=\"225\" \/>\n\t<meta property=\"og:image:type\" content=\"image\/jpeg\" \/>\n<meta name=\"twitter:card\" content=\"summary_large_image\" \/>\n<meta name=\"twitter:label1\" content=\"Est. reading time\" \/>\n\t<meta name=\"twitter:data1\" content=\"1 minute\" \/>\n<script type=\"application\/ld+json\" class=\"yoast-schema-graph\">{\"@context\":\"https:\\\/\\\/schema.org\",\"@graph\":[{\"@type\":\"WebPage\",\"@id\":\"https:\\\/\\\/medicinasinc.com\\\/lt\\\/product\\\/pirk-durban-nuodai-marihuana\\\/\",\"url\":\"https:\\\/\\\/medicinasinc.com\\\/lt\\\/product\\\/pirk-durban-nuodai-marihuana\\\/\",\"name\":\"Pirkite Durban Poison Marihuana \u2013 geriausius pasaulinius vaistus\",\"isPartOf\":{\"@id\":\"https:\\\/\\\/medicinasinc.com\\\/lt\\\/#website\"},\"primaryImageOfPage\":{\"@id\":\"https:\\\/\\\/medicinasinc.com\\\/lt\\\/product\\\/pirk-durban-nuodai-marihuana\\\/#primaryimage\"},\"image\":{\"@id\":\"https:\\\/\\\/medicinasinc.com\\\/lt\\\/product\\\/pirk-durban-nuodai-marihuana\\\/#primaryimage\"},\"thumbnailUrl\":\"https:\\\/\\\/medicinasinc.com\\\/lt\\\/wp-content\\\/uploads\\\/sites\\\/9\\\/2022\\\/02\\\/Buy-Durban-Poison-Marijuana.jpg\",\"datePublished\":\"2022-02-20T18:04:10+00:00\",\"dateModified\":\"2022-03-20T12:29:18+00:00\",\"description\":\"Pirkite \u201eDurban Poison\u201c paderm\u0119\u00a0pardavimui internetu. Ji i\u0161populiar\u0117jo visame pasaulyje d\u0117l savo saldaus kvapo ir energingo, nuotaik\u0105 kelian\u010dio poveikio. Apsilankykite pas mus.\",\"breadcrumb\":{\"@id\":\"https:\\\/\\\/medicinasinc.com\\\/lt\\\/product\\\/pirk-durban-nuodai-marihuana\\\/#breadcrumb\"},\"inLanguage\":\"en-US\",\"potentialAction\":[{\"@type\":\"ReadAction\",\"target\":[\"https:\\\/\\\/medicinasinc.com\\\/lt\\\/product\\\/pirk-durban-nuodai-marihuana\\\/\"]}]},{\"@type\":\"ImageObject\",\"inLanguage\":\"en-US\",\"@id\":\"https:\\\/\\\/medicinasinc.com\\\/lt\\\/product\\\/pirk-durban-nuodai-marihuana\\\/#primaryimage\",\"url\":\"https:\\\/\\\/medicinasinc.com\\\/lt\\\/wp-content\\\/uploads\\\/sites\\\/9\\\/2022\\\/02\\\/Buy-Durban-Poison-Marijuana.jpg\",\"contentUrl\":\"https:\\\/\\\/medicinasinc.com\\\/lt\\\/wp-content\\\/uploads\\\/sites\\\/9\\\/2022\\\/02\\\/Buy-Durban-Poison-Marijuana.jpg\",\"width\":225,\"height\":225},{\"@type\":\"BreadcrumbList\",\"@id\":\"https:\\\/\\\/medicinasinc.com\\\/lt\\\/product\\\/pirk-durban-nuodai-marihuana\\\/#breadcrumb\",\"itemListElement\":[{\"@type\":\"ListItem\",\"position\":1,\"name\":\"Parduotuv\u0117\",\"item\":\"https:\\\/\\\/medicinasinc.com\\\/lt\\\/parduotuve\\\/\"},{\"@type\":\"ListItem\",\"position\":2,\"name\":\"Pirkite Durban Poison Marihuana\"}]},{\"@type\":\"WebSite\",\"@id\":\"https:\\\/\\\/medicinasinc.com\\\/lt\\\/#website\",\"url\":\"https:\\\/\\\/medicinasinc.com\\\/lt\\\/\",\"name\":\"Medicinas Inc\",\"description\":\"Sveikatos medicinos klinika\",\"potentialAction\":[{\"@type\":\"SearchAction\",\"target\":{\"@type\":\"EntryPoint\",\"urlTemplate\":\"https:\\\/\\\/medicinasinc.com\\\/lt\\\/?s={search_term_string}\"},\"query-input\":{\"@type\":\"PropertyValueSpecification\",\"valueRequired\":true,\"valueName\":\"search_term_string\"}}],\"inLanguage\":\"en-US\"}]}<\/script>\n<!-- \/ Yoast SEO plugin. -->","yoast_head_json":{"title":"Pirkite Durban Poison Marihuana \u2013 geriausius pasaulinius vaistus","description":"Pirkite \u201eDurban Poison\u201c paderm\u0119\u00a0pardavimui internetu. Ji i\u0161populiar\u0117jo visame pasaulyje d\u0117l savo saldaus kvapo ir energingo, nuotaik\u0105 kelian\u010dio poveikio. Apsilankykite pas mus.","robots":{"index":"index","follow":"follow","max-snippet":"max-snippet:-1","max-image-preview":"max-image-preview:large","max-video-preview":"max-video-preview:-1"},"canonical":"https:\/\/medicinasinc.com\/lt\/product\/pirk-durban-nuodai-marihuana\/","og_locale":"en_US","og_type":"article","og_title":"Pirkite Durban Poison Marihuana \u2013 geriausius pasaulinius vaistus","og_description":"Pirkite \u201eDurban Poison\u201c paderm\u0119\u00a0pardavimui internetu. Ji i\u0161populiar\u0117jo visame pasaulyje d\u0117l savo saldaus kvapo ir energingo, nuotaik\u0105 kelian\u010dio poveikio. Apsilankykite pas mus.","og_url":"https:\/\/medicinasinc.com\/lt\/product\/pirk-durban-nuodai-marihuana\/","og_site_name":"Medicinas Inc","article_modified_time":"2022-03-20T12:29:18+00:00","og_image":[{"width":225,"height":225,"url":"https:\/\/medicinasinc.com\/lt\/wp-content\/uploads\/sites\/9\/2022\/02\/Buy-Durban-Poison-Marijuana.jpg","type":"image\/jpeg"}],"twitter_card":"summary_large_image","twitter_misc":{"Est. reading time":"1 minute"},"schema":{"@context":"https:\/\/schema.org","@graph":[{"@type":"WebPage","@id":"https:\/\/medicinasinc.com\/lt\/product\/pirk-durban-nuodai-marihuana\/","url":"https:\/\/medicinasinc.com\/lt\/product\/pirk-durban-nuodai-marihuana\/","name":"Pirkite Durban Poison Marihuana \u2013 geriausius pasaulinius vaistus","isPartOf":{"@id":"https:\/\/medicinasinc.com\/lt\/#website"},"primaryImageOfPage":{"@id":"https:\/\/medicinasinc.com\/lt\/product\/pirk-durban-nuodai-marihuana\/#primaryimage"},"image":{"@id":"https:\/\/medicinasinc.com\/lt\/product\/pirk-durban-nuodai-marihuana\/#primaryimage"},"thumbnailUrl":"https:\/\/medicinasinc.com\/lt\/wp-content\/uploads\/sites\/9\/2022\/02\/Buy-Durban-Poison-Marijuana.jpg","datePublished":"2022-02-20T18:04:10+00:00","dateModified":"2022-03-20T12:29:18+00:00","description":"Pirkite \u201eDurban Poison\u201c paderm\u0119\u00a0pardavimui internetu. Ji i\u0161populiar\u0117jo visame pasaulyje d\u0117l savo saldaus kvapo ir energingo, nuotaik\u0105 kelian\u010dio poveikio. Apsilankykite pas mus.","breadcrumb":{"@id":"https:\/\/medicinasinc.com\/lt\/product\/pirk-durban-nuodai-marihuana\/#breadcrumb"},"inLanguage":"en-US","potentialAction":[{"@type":"ReadAction","target":["https:\/\/medicinasinc.com\/lt\/product\/pirk-durban-nuodai-marihuana\/"]}]},{"@type":"ImageObject","inLanguage":"en-US","@id":"https:\/\/medicinasinc.com\/lt\/product\/pirk-durban-nuodai-marihuana\/#primaryimage","url":"https:\/\/medicinasinc.com\/lt\/wp-content\/uploads\/sites\/9\/2022\/02\/Buy-Durban-Poison-Marijuana.jpg","contentUrl":"https:\/\/medicinasinc.com\/lt\/wp-content\/uploads\/sites\/9\/2022\/02\/Buy-Durban-Poison-Marijuana.jpg","width":225,"height":225},{"@type":"BreadcrumbList","@id":"https:\/\/medicinasinc.com\/lt\/product\/pirk-durban-nuodai-marihuana\/#breadcrumb","itemListElement":[{"@type":"ListItem","position":1,"name":"Parduotuv\u0117","item":"https:\/\/medicinasinc.com\/lt\/parduotuve\/"},{"@type":"ListItem","position":2,"name":"Pirkite Durban Poison Marihuana"}]},{"@type":"WebSite","@id":"https:\/\/medicinasinc.com\/lt\/#website","url":"https:\/\/medicinasinc.com\/lt\/","name":"Medicinas Inc","description":"Sveikatos medicinos klinika","potentialAction":[{"@type":"SearchAction","target":{"@type":"EntryPoint","urlTemplate":"https:\/\/medicinasinc.com\/lt\/?s={search_term_string}"},"query-input":{"@type":"PropertyValueSpecification","valueRequired":true,"valueName":"search_term_string"}}],"inLanguage":"en-US"}]}},"_links":{"self":[{"href":"https:\/\/medicinasinc.com\/lt\/wp-json\/wp\/v2\/product\/4940","targetHints":{"allow":["GET"]}}],"collection":[{"href":"https:\/\/medicinasinc.com\/lt\/wp-json\/wp\/v2\/product"}],"about":[{"href":"https:\/\/medicinasinc.com\/lt\/wp-json\/wp\/v2\/types\/product"}],"replies":[{"embeddable":true,"href":"https:\/\/medicinasinc.com\/lt\/wp-json\/wp\/v2\/comments?post=4940"}],"wp:featuredmedia":[{"embeddable":true,"href":"https:\/\/medicinasinc.com\/lt\/wp-json\/wp\/v2\/media\/4954"}],"wp:attachment":[{"href":"https:\/\/medicinasinc.com\/lt\/wp-json\/wp\/v2\/media?parent=4940"}],"wp:term":[{"taxonomy":"product_brand","embeddable":true,"href":"https:\/\/medicinasinc.com\/lt\/wp-json\/wp\/v2\/product_brand?post=4940"},{"taxonomy":"product_cat","embeddable":true,"href":"https:\/\/medicinasinc.com\/lt\/wp-json\/wp\/v2\/product_cat?post=4940"},{"taxonomy":"product_tag","embeddable":true,"href":"https:\/\/medicinasinc.com\/lt\/wp-json\/wp\/v2\/product_tag?post=4940"}],"curies":[{"name":"wp","href":"https:\/\/api.w.org\/{rel}","templated":true}]}}